{"id":1922,"date":"2025-01-26T17:55:26","date_gmt":"2025-01-26T14:55:26","guid":{"rendered":"https:\/\/ticaret.edu.tr\/gorsel-iletisim-tasarimi\/?page_id=1922"},"modified":"2025-10-17T10:50:43","modified_gmt":"2025-10-17T07:50:43","slug":"basvuru-kosullari","status":"publish","type":"page","link":"http:\/\/ticaret.edu.tr\/gorsel-iletisim-tasarimi\/basvuru-kosullari\/","title":{"rendered":"Ba\u015fvuru Ko\u015fullar\u0131"},"content":{"rendered":"<h3>Sinema Ba\u015fvuru Ko\u015fullar\u0131<\/h3>\n<ul>\n<li>Y\u00fcksek Lisans Program\u0131 i\u00e7in adaylar ilgili ALES* Puan t\u00fcr\u00fcnden en az 55<\/li>\n<li>\u0130ngilizce Y\u00fcksek Lisans Programlar\u0131 i\u00e7in \u00d6SYM taraf\u0131ndan yap\u0131lan YDS\/Y\u00d6KD\u0130L** s\u0131nav\u0131ndan en az 70 puan veya \u00dcniversiteler aras\u0131 Kurulca e\u015fde\u011ferlili\u011fi kabul edilen uluslararas\u0131 yabanc\u0131 dil s\u0131navlar\u0131n\u0131n birinden bu puana e\u015fde\u011fer bir puan alm\u0131\u015f olmak gerekmektedir. Dil belgesine sahip olmayan adaylara \u00fcniversitede yabanc\u0131 dil s\u0131nav\u0131 yap\u0131lmaktad\u0131r<\/li>\n<li>Program baz\u0131nda farkl\u0131 ko\u015fullar istenebilmektedir. Detaylar i\u00e7in l\u00fctfen ilgili enstit\u00fc ile ileti\u015fime ge\u00e7iniz<\/li>\n<li>\u0130\u015fletme \u0130ngilizce, \u0130ktisat \u0130ngilizce ve \u0130ngilizce Afrika \u00c7al\u0131\u015fmalar\u0131 programlar\u0131na (Uluslararas\u0131 \u0130li\u015fkiler Y\u00fcksek Lisans Program\u0131 i\u00e7in \u00d6SYM taraf\u0131ndan yap\u0131lan Yabanc\u0131 Dil S\u0131nav\u0131ndan en az 55) \u00f6\u011frenci kabul\u00fcnde \u00d6SYM taraf\u0131ndan yap\u0131lan Yabanc\u0131 Dil S\u0131nav\u0131ndan en az 70 puan ya da \u00d6SYM Y\u00f6netim Kurulu taraf\u0131ndan e\u015fde\u011ferli\u011fi kabul edilen uluslararas\u0131 \u0130ngilizce yabanc\u0131 dil s\u0131nav\u0131ndan e\u015fde\u011fer puan alma \u015fart\u0131 aranmas\u0131na; bu \u015fart\u0131 sa\u011flayamayan adaylar\u0131n \u00dcniversitemiz \u201cYabanc\u0131 Dil Yeterlik (Proficiency) S\u0131nav\u0131\u2019ndan ba\u015far\u0131l\u0131 olma \u015fart\u0131 aranmaktad\u0131r.<\/li>\n<\/ul>\n<p>* Sosyal Bilimler Enstit\u00fcs\u00fc Y\u00fcksek Lisans Programlar\u0131nda herhangi bir ALES t\u00fcr\u00fcnden en az 55 puand\u0131r.<\/p>\n<p>** D\u0131\u015f Ticaret Enstit\u00fcs\u00fc \u0130ngilizce Y\u00fcksek Lisans Programlar\u0131nda YDS\/Y\u00d6KD\u0130L ve e\u015fde\u011fer s\u0131nav puan\u0131 en az 70 puand\u0131r.<\/p>\n<p>*** Finans Enstit\u00fcs\u00fc \u0130ngilizce Y\u00fcksek Lisans Programlar\u0131nda YDS\/Y\u00d6KD\u0130L ve e\u015fde\u011fer s\u0131nav puan\u0131 en az 70 puand\u0131r.<\/p>\n","protected":false},"excerpt":{"rendered":"<p>Sinema Ba\u015fvuru Ko\u015fullar\u0131 Y\u00fcksek Lisans Program\u0131 i\u00e7in adaylar ilgili ALES* Puan t\u00fcr\u00fcnden en az 55 \u0130ngilizce Y\u00fcksek Lisans Programlar\u0131 i\u00e7in \u00d6SYM taraf\u0131ndan yap\u0131lan YDS\/Y\u00d6KD\u0130L** s\u0131nav\u0131ndan en az 70 puan veya \u00dcniversiteler aras\u0131 Kurulca e\u015fde\u011ferlili\u011fi kabul edilen uluslararas\u0131 yabanc\u0131 dil s\u0131navlar\u0131n\u0131n birinden bu puana e\u015fde\u011fer bir puan alm\u0131\u015f olmak gerekmektedir. Dil belgesine sahip olmayan adaylara \u00fcniversitede [&hellip;]<\/p>\n","protected":false},"author":43,"featured_media":0,"parent":0,"menu_order":0,"comment_status":"closed","ping_status":"closed","template":"genel_sayfa.php","meta":{"footnotes":""},"yoast_head":"<!-- This site is optimized with the Yoast SEO Premium plugin v22.1 (Yoast SEO v22.1) - https:\/\/yoast.com\/wordpress\/plugins\/seo\/ -->\n<title>Ba\u015fvuru Ko\u015fullar\u0131 - G\u00f6rsel \u0130leti\u015fim Tasar\u0131m\u0131<\/title>\n<meta name=\"robots\" content=\"index, follow, max-snippet:-1, max-image-preview:large, max-video-preview:-1\" \/>\n<link rel=\"canonical\" href=\"http:\/\/ticaret.edu.tr\/gorsel-iletisim-tasarimi\/basvuru-kosullari\/\" \/>\n<meta property=\"og:locale\" content=\"tr_TR\" \/>\n<meta property=\"og:type\" content=\"article\" \/>\n<meta property=\"og:title\" content=\"Ba\u015fvuru Ko\u015fullar\u0131\" \/>\n<meta property=\"og:description\" content=\"Sinema Ba\u015fvuru Ko\u015fullar\u0131 Y\u00fcksek Lisans Program\u0131 i\u00e7in adaylar ilgili ALES* Puan t\u00fcr\u00fcnden en az 55 \u0130ngilizce Y\u00fcksek Lisans Programlar\u0131 i\u00e7in \u00d6SYM taraf\u0131ndan yap\u0131lan YDS\/Y\u00d6KD\u0130L** s\u0131nav\u0131ndan en az 70 puan veya \u00dcniversiteler aras\u0131 Kurulca e\u015fde\u011ferlili\u011fi kabul edilen uluslararas\u0131 yabanc\u0131 dil s\u0131navlar\u0131n\u0131n birinden bu puana e\u015fde\u011fer bir puan alm\u0131\u015f olmak gerekmektedir. Dil belgesine sahip olmayan adaylara \u00fcniversitede [&hellip;]\" \/>\n<meta property=\"og:url\" content=\"http:\/\/ticaret.edu.tr\/gorsel-iletisim-tasarimi\/basvuru-kosullari\/\" \/>\n<meta property=\"og:site_name\" content=\"G\u00f6rsel \u0130leti\u015fim Tasar\u0131m\u0131\" \/>\n<meta property=\"article:publisher\" content=\"https:\/\/www.facebook.com\/ticaretedutr\" \/>\n<meta property=\"article:modified_time\" content=\"2025-10-17T07:50:43+00:00\" \/>\n<meta property=\"og:image\" content=\"http:\/\/ticaret.edu.tr\/gorsel-iletisim-tasarimi\/wp-content\/uploads\/sites\/12\/2021\/11\/web_logo-01.jpg\" \/>\n\t<meta property=\"og:image:width\" content=\"1250\" \/>\n\t<meta property=\"og:image:height\" content=\"833\" \/>\n\t<meta property=\"og:image:type\" content=\"image\/jpeg\" \/>\n<meta name=\"twitter:card\" content=\"summary_large_image\" \/>\n<meta name=\"twitter:site\" content=\"@ticaretedutr\" \/>\n<script type=\"application\/ld+json\" class=\"yoast-schema-graph\">{\"@context\":\"https:\/\/schema.org\",\"@graph\":[{\"@type\":\"WebPage\",\"@id\":\"http:\/\/ticaret.edu.tr\/gorsel-iletisim-tasarimi\/basvuru-kosullari\/\",\"url\":\"http:\/\/ticaret.edu.tr\/gorsel-iletisim-tasarimi\/basvuru-kosullari\/\",\"name\":\"Ba\u015fvuru Ko\u015fullar\u0131 - G\u00f6rsel \u0130leti\u015fim Tasar\u0131m\u0131\",\"isPartOf\":{\"@id\":\"http:\/\/ticaret.edu.tr\/gorsel-iletisim-tasarimi\/en\/#website\"},\"datePublished\":\"2025-01-26T14:55:26+00:00\",\"dateModified\":\"2025-10-17T07:50:43+00:00\",\"breadcrumb\":{\"@id\":\"http:\/\/ticaret.edu.tr\/gorsel-iletisim-tasarimi\/basvuru-kosullari\/#breadcrumb\"},\"inLanguage\":\"tr\",\"potentialAction\":[{\"@type\":\"ReadAction\",\"target\":[\"http:\/\/ticaret.edu.tr\/gorsel-iletisim-tasarimi\/basvuru-kosullari\/\"]}]},{\"@type\":\"BreadcrumbList\",\"@id\":\"http:\/\/ticaret.edu.tr\/gorsel-iletisim-tasarimi\/basvuru-kosullari\/#breadcrumb\",\"itemListElement\":[{\"@type\":\"ListItem\",\"position\":1,\"name\":\"Ana sayfa\",\"item\":\"https:\/\/ticaret.edu.tr\/gorsel-iletisim-tasarimi\/\"},{\"@type\":\"ListItem\",\"position\":2,\"name\":\"Ba\u015fvuru Ko\u015fullar\u0131\"}]},{\"@type\":\"WebSite\",\"@id\":\"http:\/\/ticaret.edu.tr\/gorsel-iletisim-tasarimi\/en\/#website\",\"url\":\"http:\/\/ticaret.edu.tr\/gorsel-iletisim-tasarimi\/en\/\",\"name\":\"G\u00f6rsel \u0130leti\u015fim Tasar\u0131m\u0131\",\"description\":\"\",\"potentialAction\":[{\"@type\":\"SearchAction\",\"target\":{\"@type\":\"EntryPoint\",\"urlTemplate\":\"http:\/\/ticaret.edu.tr\/gorsel-iletisim-tasarimi\/en\/?s={search_term_string}\"},\"query-input\":\"required name=search_term_string\"}],\"inLanguage\":\"tr\"}]}<\/script>\n<!-- \/ Yoast SEO Premium plugin. -->","yoast_head_json":{"title":"Ba\u015fvuru Ko\u015fullar\u0131 - G\u00f6rsel \u0130leti\u015fim Tasar\u0131m\u0131","robots":{"index":"index","follow":"follow","max-snippet":"max-snippet:-1","max-image-preview":"max-image-preview:large","max-video-preview":"max-video-preview:-1"},"canonical":"http:\/\/ticaret.edu.tr\/gorsel-iletisim-tasarimi\/basvuru-kosullari\/","og_locale":"tr_TR","og_type":"article","og_title":"Ba\u015fvuru Ko\u015fullar\u0131","og_description":"Sinema Ba\u015fvuru Ko\u015fullar\u0131 Y\u00fcksek Lisans Program\u0131 i\u00e7in adaylar ilgili ALES* Puan t\u00fcr\u00fcnden en az 55 \u0130ngilizce Y\u00fcksek Lisans Programlar\u0131 i\u00e7in \u00d6SYM taraf\u0131ndan yap\u0131lan YDS\/Y\u00d6KD\u0130L** s\u0131nav\u0131ndan en az 70 puan veya \u00dcniversiteler aras\u0131 Kurulca e\u015fde\u011ferlili\u011fi kabul edilen uluslararas\u0131 yabanc\u0131 dil s\u0131navlar\u0131n\u0131n birinden bu puana e\u015fde\u011fer bir puan alm\u0131\u015f olmak gerekmektedir. Dil belgesine sahip olmayan adaylara \u00fcniversitede [&hellip;]","og_url":"http:\/\/ticaret.edu.tr\/gorsel-iletisim-tasarimi\/basvuru-kosullari\/","og_site_name":"G\u00f6rsel \u0130leti\u015fim Tasar\u0131m\u0131","article_publisher":"https:\/\/www.facebook.com\/ticaretedutr","article_modified_time":"2025-10-17T07:50:43+00:00","og_image":[{"width":1250,"height":833,"url":"http:\/\/ticaret.edu.tr\/gorsel-iletisim-tasarimi\/wp-content\/uploads\/sites\/12\/2021\/11\/web_logo-01.jpg","type":"image\/jpeg"}],"twitter_card":"summary_large_image","twitter_site":"@ticaretedutr","schema":{"@context":"https:\/\/schema.org","@graph":[{"@type":"WebPage","@id":"http:\/\/ticaret.edu.tr\/gorsel-iletisim-tasarimi\/basvuru-kosullari\/","url":"http:\/\/ticaret.edu.tr\/gorsel-iletisim-tasarimi\/basvuru-kosullari\/","name":"Ba\u015fvuru Ko\u015fullar\u0131 - G\u00f6rsel \u0130leti\u015fim Tasar\u0131m\u0131","isPartOf":{"@id":"http:\/\/ticaret.edu.tr\/gorsel-iletisim-tasarimi\/en\/#website"},"datePublished":"2025-01-26T14:55:26+00:00","dateModified":"2025-10-17T07:50:43+00:00","breadcrumb":{"@id":"http:\/\/ticaret.edu.tr\/gorsel-iletisim-tasarimi\/basvuru-kosullari\/#breadcrumb"},"inLanguage":"tr","potentialAction":[{"@type":"ReadAction","target":["http:\/\/ticaret.edu.tr\/gorsel-iletisim-tasarimi\/basvuru-kosullari\/"]}]},{"@type":"BreadcrumbList","@id":"http:\/\/ticaret.edu.tr\/gorsel-iletisim-tasarimi\/basvuru-kosullari\/#breadcrumb","itemListElement":[{"@type":"ListItem","position":1,"name":"Ana sayfa","item":"https:\/\/ticaret.edu.tr\/gorsel-iletisim-tasarimi\/"},{"@type":"ListItem","position":2,"name":"Ba\u015fvuru Ko\u015fullar\u0131"}]},{"@type":"WebSite","@id":"http:\/\/ticaret.edu.tr\/gorsel-iletisim-tasarimi\/en\/#website","url":"http:\/\/ticaret.edu.tr\/gorsel-iletisim-tasarimi\/en\/","name":"G\u00f6rsel \u0130leti\u015fim Tasar\u0131m\u0131","description":"","potentialAction":[{"@type":"SearchAction","target":{"@type":"EntryPoint","urlTemplate":"http:\/\/ticaret.edu.tr\/gorsel-iletisim-tasarimi\/en\/?s={search_term_string}"},"query-input":"required name=search_term_string"}],"inLanguage":"tr"}]}},"lang":"tr","translations":{"en":1924,"tr":1922},"pll_sync_post":[],"_links":{"self":[{"href":"http:\/\/ticaret.edu.tr\/gorsel-iletisim-tasarimi\/wp-json\/wp\/v2\/pages\/1922"}],"collection":[{"href":"http:\/\/ticaret.edu.tr\/gorsel-iletisim-tasarimi\/wp-json\/wp\/v2\/pages"}],"about":[{"href":"http:\/\/ticaret.edu.tr\/gorsel-iletisim-tasarimi\/wp-json\/wp\/v2\/types\/page"}],"author":[{"embeddable":true,"href":"http:\/\/ticaret.edu.tr\/gorsel-iletisim-tasarimi\/wp-json\/wp\/v2\/users\/43"}],"replies":[{"embeddable":true,"href":"http:\/\/ticaret.edu.tr\/gorsel-iletisim-tasarimi\/wp-json\/wp\/v2\/comments?post=1922"}],"version-history":[{"count":2,"href":"http:\/\/ticaret.edu.tr\/gorsel-iletisim-tasarimi\/wp-json\/wp\/v2\/pages\/1922\/revisions"}],"predecessor-version":[{"id":2365,"href":"http:\/\/ticaret.edu.tr\/gorsel-iletisim-tasarimi\/wp-json\/wp\/v2\/pages\/1922\/revisions\/2365"}],"wp:attachment":[{"href":"http:\/\/ticaret.edu.tr\/gorsel-iletisim-tasarimi\/wp-json\/wp\/v2\/media?parent=1922"}],"curies":[{"name":"wp","href":"https:\/\/api.w.org\/{rel}","templated":true}]}}