{"id":1986,"date":"2025-01-26T18:11:11","date_gmt":"2025-01-26T15:11:11","guid":{"rendered":"https:\/\/ticaret.edu.tr\/gorsel-iletisim-tasarimi\/?page_id=1986"},"modified":"2025-12-20T22:18:48","modified_gmt":"2025-12-20T19:18:48","slug":"bolum-kalite-komisyonu","status":"publish","type":"page","link":"http:\/\/ticaret.edu.tr\/gorsel-iletisim-tasarimi\/bolum-kalite-komisyonu\/","title":{"rendered":"B\u00f6l\u00fcm Kalite Komisyonu"},"content":{"rendered":"<table width=\"595\">\n<tbody>\n<tr>\n<td colspan=\"2\" width=\"595\"><strong>\u0130leti\u015fim Fak\u00fcltesi <\/strong><strong>Kalite Komisyonu<\/strong><\/td>\n<\/tr>\n<tr>\n<td width=\"269\">Dekan<\/td>\n<td width=\"326\">Prof. Dr. R\u0131dvan \u015eENT\u00dcRK<\/td>\n<\/tr>\n<tr>\n<td width=\"269\">Dekan Yrd.<\/td>\n<td width=\"326\">Do\u00e7. Dr. G\u00f6zde SUNAL<\/td>\n<\/tr>\n<tr>\n<td width=\"269\">Medya ve \u0130leti\u015fim<\/td>\n<td width=\"326\">Dr. \u00d6\u011fr. \u00dcyesi Sena AYDIN<\/td>\n<\/tr>\n<tr>\n<td width=\"269\">G\u00f6rsel \u0130leti\u015fim Tasar\u0131m\u0131<\/td>\n<td width=\"326\">Dr. \u00d6\u011fr. \u00dcyesi Erdem G\u00d6KTEPE<\/td>\n<\/tr>\n<tr>\n<td width=\"269\">Halkla \u0130li\u015fkiler ve Reklamc\u0131l\u0131k<\/td>\n<td width=\"326\">Prof. Dr. Hilal \u00d6zden \u00d6zdemir \u00c7AKIR<\/td>\n<\/tr>\n<tr>\n<td width=\"269\">Fak\u00fclte Sekreteri<\/td>\n<td width=\"326\">Abd\u00fclhalim DEM\u0130R<\/td>\n<\/tr>\n<tr>\n<td width=\"269\">\u00d6\u011frenci<\/td>\n<td width=\"326\">Nursena G\u00dcNG\u00d6R<\/td>\n<\/tr>\n<tr>\n<td colspan=\"2\" width=\"595\"><strong>Birim Kalite El\u00e7ileri<\/strong><\/td>\n<\/tr>\n<tr>\n<td width=\"269\">\u0130leti\u015fim Fak\u00fcltesi<\/td>\n<td width=\"326\">Dr. \u00d6\u011fr. \u00dcyesi Erdem G\u00d6KTEPE<\/td>\n<\/tr>\n<tr>\n<td width=\"269\">Medya ve \u0130leti\u015fim<\/td>\n<td width=\"326\">Do\u00e7. Dr. Kenan DUMAN<\/td>\n<\/tr>\n<tr>\n<td width=\"269\">G\u00f6rsel \u0130leti\u015fim Tasar\u0131m\u0131<\/td>\n<td width=\"326\">Dr. \u00d6\u011fr. \u00dcyesi Erdem G\u00d6KTEPE<\/td>\n<\/tr>\n<tr>\n<td width=\"269\">Halkla \u0130li\u015fkiler ve Reklamc\u0131l\u0131k<\/td>\n<td width=\"326\">Dr. \u00d6\u011fr. \u00dcyesi. Gurur \u00d6yk\u00fcm G\u00dcVEN<\/td>\n<\/tr>\n<\/tbody>\n<\/table>\n","protected":false},"excerpt":{"rendered":"<p>\u0130leti\u015fim Fak\u00fcltesi Kalite Komisyonu Dekan Prof. Dr. R\u0131dvan \u015eENT\u00dcRK Dekan Yrd. Do\u00e7. Dr. G\u00f6zde SUNAL Medya ve \u0130leti\u015fim Dr. \u00d6\u011fr. \u00dcyesi Sena AYDIN G\u00f6rsel \u0130leti\u015fim Tasar\u0131m\u0131 Dr. \u00d6\u011fr. \u00dcyesi Erdem G\u00d6KTEPE Halkla \u0130li\u015fkiler ve Reklamc\u0131l\u0131k Prof. Dr. Hilal \u00d6zden \u00d6zdemir \u00c7AKIR Fak\u00fclte Sekreteri Abd\u00fclhalim DEM\u0130R \u00d6\u011frenci Nursena G\u00dcNG\u00d6R Birim Kalite El\u00e7ileri \u0130leti\u015fim Fak\u00fcltesi Dr. \u00d6\u011fr. [&hellip;]<\/p>\n","protected":false},"author":43,"featured_media":0,"parent":0,"menu_order":0,"comment_status":"closed","ping_status":"closed","template":"genel_sayfa.php","meta":{"footnotes":""},"yoast_head":"<!-- This site is optimized with the Yoast SEO Premium plugin v22.1 (Yoast SEO v22.1) - https:\/\/yoast.com\/wordpress\/plugins\/seo\/ -->\n<title>B\u00f6l\u00fcm Kalite Komisyonu - G\u00f6rsel \u0130leti\u015fim Tasar\u0131m\u0131<\/title>\n<meta name=\"robots\" content=\"index, follow, max-snippet:-1, max-image-preview:large, max-video-preview:-1\" \/>\n<link rel=\"canonical\" href=\"http:\/\/ticaret.edu.tr\/gorsel-iletisim-tasarimi\/bolum-kalite-komisyonu\/\" \/>\n<meta property=\"og:locale\" content=\"tr_TR\" \/>\n<meta property=\"og:type\" content=\"article\" \/>\n<meta property=\"og:title\" content=\"B\u00f6l\u00fcm Kalite Komisyonu\" \/>\n<meta property=\"og:description\" content=\"\u0130leti\u015fim Fak\u00fcltesi Kalite Komisyonu Dekan Prof. Dr. R\u0131dvan \u015eENT\u00dcRK Dekan Yrd. Do\u00e7. Dr. G\u00f6zde SUNAL Medya ve \u0130leti\u015fim Dr. \u00d6\u011fr. \u00dcyesi Sena AYDIN G\u00f6rsel \u0130leti\u015fim Tasar\u0131m\u0131 Dr. \u00d6\u011fr. \u00dcyesi Erdem G\u00d6KTEPE Halkla \u0130li\u015fkiler ve Reklamc\u0131l\u0131k Prof. Dr. Hilal \u00d6zden \u00d6zdemir \u00c7AKIR Fak\u00fclte Sekreteri Abd\u00fclhalim DEM\u0130R \u00d6\u011frenci Nursena G\u00dcNG\u00d6R Birim Kalite El\u00e7ileri \u0130leti\u015fim Fak\u00fcltesi Dr. \u00d6\u011fr. [&hellip;]\" \/>\n<meta property=\"og:url\" content=\"http:\/\/ticaret.edu.tr\/gorsel-iletisim-tasarimi\/bolum-kalite-komisyonu\/\" \/>\n<meta property=\"og:site_name\" content=\"G\u00f6rsel \u0130leti\u015fim Tasar\u0131m\u0131\" \/>\n<meta property=\"article:publisher\" content=\"https:\/\/www.facebook.com\/ticaretedutr\" \/>\n<meta property=\"article:modified_time\" content=\"2025-12-20T19:18:48+00:00\" \/>\n<meta property=\"og:image\" content=\"http:\/\/ticaret.edu.tr\/gorsel-iletisim-tasarimi\/wp-content\/uploads\/sites\/12\/2021\/11\/web_logo-01.jpg\" \/>\n\t<meta property=\"og:image:width\" content=\"1250\" \/>\n\t<meta property=\"og:image:height\" content=\"833\" \/>\n\t<meta property=\"og:image:type\" content=\"image\/jpeg\" \/>\n<meta name=\"twitter:card\" content=\"summary_large_image\" \/>\n<meta name=\"twitter:site\" content=\"@ticaretedutr\" \/>\n<meta name=\"twitter:label1\" content=\"Tahmini okuma s\u00fcresi\" \/>\n\t<meta name=\"twitter:data1\" content=\"1 dakika\" \/>\n<script type=\"application\/ld+json\" class=\"yoast-schema-graph\">{\"@context\":\"https:\/\/schema.org\",\"@graph\":[{\"@type\":\"WebPage\",\"@id\":\"http:\/\/ticaret.edu.tr\/gorsel-iletisim-tasarimi\/bolum-kalite-komisyonu\/\",\"url\":\"http:\/\/ticaret.edu.tr\/gorsel-iletisim-tasarimi\/bolum-kalite-komisyonu\/\",\"name\":\"B\u00f6l\u00fcm Kalite Komisyonu - G\u00f6rsel \u0130leti\u015fim Tasar\u0131m\u0131\",\"isPartOf\":{\"@id\":\"http:\/\/ticaret.edu.tr\/gorsel-iletisim-tasarimi\/en\/#website\"},\"datePublished\":\"2025-01-26T15:11:11+00:00\",\"dateModified\":\"2025-12-20T19:18:48+00:00\",\"breadcrumb\":{\"@id\":\"http:\/\/ticaret.edu.tr\/gorsel-iletisim-tasarimi\/bolum-kalite-komisyonu\/#breadcrumb\"},\"inLanguage\":\"tr\",\"potentialAction\":[{\"@type\":\"ReadAction\",\"target\":[\"http:\/\/ticaret.edu.tr\/gorsel-iletisim-tasarimi\/bolum-kalite-komisyonu\/\"]}]},{\"@type\":\"BreadcrumbList\",\"@id\":\"http:\/\/ticaret.edu.tr\/gorsel-iletisim-tasarimi\/bolum-kalite-komisyonu\/#breadcrumb\",\"itemListElement\":[{\"@type\":\"ListItem\",\"position\":1,\"name\":\"Ana sayfa\",\"item\":\"https:\/\/ticaret.edu.tr\/gorsel-iletisim-tasarimi\/\"},{\"@type\":\"ListItem\",\"position\":2,\"name\":\"B\u00f6l\u00fcm Kalite Komisyonu\"}]},{\"@type\":\"WebSite\",\"@id\":\"http:\/\/ticaret.edu.tr\/gorsel-iletisim-tasarimi\/en\/#website\",\"url\":\"http:\/\/ticaret.edu.tr\/gorsel-iletisim-tasarimi\/en\/\",\"name\":\"G\u00f6rsel \u0130leti\u015fim Tasar\u0131m\u0131\",\"description\":\"\",\"potentialAction\":[{\"@type\":\"SearchAction\",\"target\":{\"@type\":\"EntryPoint\",\"urlTemplate\":\"http:\/\/ticaret.edu.tr\/gorsel-iletisim-tasarimi\/en\/?s={search_term_string}\"},\"query-input\":\"required name=search_term_string\"}],\"inLanguage\":\"tr\"}]}<\/script>\n<!-- \/ Yoast SEO Premium plugin. -->","yoast_head_json":{"title":"B\u00f6l\u00fcm Kalite Komisyonu - G\u00f6rsel \u0130leti\u015fim Tasar\u0131m\u0131","robots":{"index":"index","follow":"follow","max-snippet":"max-snippet:-1","max-image-preview":"max-image-preview:large","max-video-preview":"max-video-preview:-1"},"canonical":"http:\/\/ticaret.edu.tr\/gorsel-iletisim-tasarimi\/bolum-kalite-komisyonu\/","og_locale":"tr_TR","og_type":"article","og_title":"B\u00f6l\u00fcm Kalite Komisyonu","og_description":"\u0130leti\u015fim Fak\u00fcltesi Kalite Komisyonu Dekan Prof. Dr. R\u0131dvan \u015eENT\u00dcRK Dekan Yrd. Do\u00e7. Dr. G\u00f6zde SUNAL Medya ve \u0130leti\u015fim Dr. \u00d6\u011fr. \u00dcyesi Sena AYDIN G\u00f6rsel \u0130leti\u015fim Tasar\u0131m\u0131 Dr. \u00d6\u011fr. \u00dcyesi Erdem G\u00d6KTEPE Halkla \u0130li\u015fkiler ve Reklamc\u0131l\u0131k Prof. Dr. Hilal \u00d6zden \u00d6zdemir \u00c7AKIR Fak\u00fclte Sekreteri Abd\u00fclhalim DEM\u0130R \u00d6\u011frenci Nursena G\u00dcNG\u00d6R Birim Kalite El\u00e7ileri \u0130leti\u015fim Fak\u00fcltesi Dr. \u00d6\u011fr. [&hellip;]","og_url":"http:\/\/ticaret.edu.tr\/gorsel-iletisim-tasarimi\/bolum-kalite-komisyonu\/","og_site_name":"G\u00f6rsel \u0130leti\u015fim Tasar\u0131m\u0131","article_publisher":"https:\/\/www.facebook.com\/ticaretedutr","article_modified_time":"2025-12-20T19:18:48+00:00","og_image":[{"width":1250,"height":833,"url":"http:\/\/ticaret.edu.tr\/gorsel-iletisim-tasarimi\/wp-content\/uploads\/sites\/12\/2021\/11\/web_logo-01.jpg","type":"image\/jpeg"}],"twitter_card":"summary_large_image","twitter_site":"@ticaretedutr","twitter_misc":{"Tahmini okuma s\u00fcresi":"1 dakika"},"schema":{"@context":"https:\/\/schema.org","@graph":[{"@type":"WebPage","@id":"http:\/\/ticaret.edu.tr\/gorsel-iletisim-tasarimi\/bolum-kalite-komisyonu\/","url":"http:\/\/ticaret.edu.tr\/gorsel-iletisim-tasarimi\/bolum-kalite-komisyonu\/","name":"B\u00f6l\u00fcm Kalite Komisyonu - G\u00f6rsel \u0130leti\u015fim Tasar\u0131m\u0131","isPartOf":{"@id":"http:\/\/ticaret.edu.tr\/gorsel-iletisim-tasarimi\/en\/#website"},"datePublished":"2025-01-26T15:11:11+00:00","dateModified":"2025-12-20T19:18:48+00:00","breadcrumb":{"@id":"http:\/\/ticaret.edu.tr\/gorsel-iletisim-tasarimi\/bolum-kalite-komisyonu\/#breadcrumb"},"inLanguage":"tr","potentialAction":[{"@type":"ReadAction","target":["http:\/\/ticaret.edu.tr\/gorsel-iletisim-tasarimi\/bolum-kalite-komisyonu\/"]}]},{"@type":"BreadcrumbList","@id":"http:\/\/ticaret.edu.tr\/gorsel-iletisim-tasarimi\/bolum-kalite-komisyonu\/#breadcrumb","itemListElement":[{"@type":"ListItem","position":1,"name":"Ana sayfa","item":"https:\/\/ticaret.edu.tr\/gorsel-iletisim-tasarimi\/"},{"@type":"ListItem","position":2,"name":"B\u00f6l\u00fcm Kalite Komisyonu"}]},{"@type":"WebSite","@id":"http:\/\/ticaret.edu.tr\/gorsel-iletisim-tasarimi\/en\/#website","url":"http:\/\/ticaret.edu.tr\/gorsel-iletisim-tasarimi\/en\/","name":"G\u00f6rsel \u0130leti\u015fim Tasar\u0131m\u0131","description":"","potentialAction":[{"@type":"SearchAction","target":{"@type":"EntryPoint","urlTemplate":"http:\/\/ticaret.edu.tr\/gorsel-iletisim-tasarimi\/en\/?s={search_term_string}"},"query-input":"required name=search_term_string"}],"inLanguage":"tr"}]}},"lang":"tr","translations":{"en":1988,"tr":1986},"pll_sync_post":[],"_links":{"self":[{"href":"http:\/\/ticaret.edu.tr\/gorsel-iletisim-tasarimi\/wp-json\/wp\/v2\/pages\/1986"}],"collection":[{"href":"http:\/\/ticaret.edu.tr\/gorsel-iletisim-tasarimi\/wp-json\/wp\/v2\/pages"}],"about":[{"href":"http:\/\/ticaret.edu.tr\/gorsel-iletisim-tasarimi\/wp-json\/wp\/v2\/types\/page"}],"author":[{"embeddable":true,"href":"http:\/\/ticaret.edu.tr\/gorsel-iletisim-tasarimi\/wp-json\/wp\/v2\/users\/43"}],"replies":[{"embeddable":true,"href":"http:\/\/ticaret.edu.tr\/gorsel-iletisim-tasarimi\/wp-json\/wp\/v2\/comments?post=1986"}],"version-history":[{"count":4,"href":"http:\/\/ticaret.edu.tr\/gorsel-iletisim-tasarimi\/wp-json\/wp\/v2\/pages\/1986\/revisions"}],"predecessor-version":[{"id":2399,"href":"http:\/\/ticaret.edu.tr\/gorsel-iletisim-tasarimi\/wp-json\/wp\/v2\/pages\/1986\/revisions\/2399"}],"wp:attachment":[{"href":"http:\/\/ticaret.edu.tr\/gorsel-iletisim-tasarimi\/wp-json\/wp\/v2\/media?parent=1986"}],"curies":[{"name":"wp","href":"https:\/\/api.w.org\/{rel}","templated":true}]}}