{"id":284,"date":"2021-04-26T13:33:14","date_gmt":"2021-04-26T10:33:14","guid":{"rendered":"http:\/\/ticaret.edu.tr\/gorsel\/?page_id=284"},"modified":"2026-02-05T17:19:57","modified_gmt":"2026-02-05T14:19:57","slug":"lisans-ders-icerikleri","status":"publish","type":"page","link":"http:\/\/ticaret.edu.tr\/gorsel-iletisim-tasarimi\/lisans-ders-icerikleri\/","title":{"rendered":"Ders \u0130\u00e7erikleri"},"content":{"rendered":"<p><a href=\"https:\/\/ticaret.edu.tr\/gorsel-iletisim-tasarimi\/lisans-ders-icerikleri\/2025-2026-gorsel-iletisim-tasarimi-bolumu-ogretim-yili-ders-icerikleri-2\/\" rel=\"attachment wp-att-2416\">2025-2026 GO\u0308RSEL I\u0307LETI\u0307S\u0327I\u0307M TASARIMI BO\u0308LU\u0308MU\u0308 O\u0308G\u0306RETI\u0307M YILI DERS I\u0307C\u0327ERI\u0307KLERI\u0307<\/a><\/p>\n<p><a href=\"http:\/\/ticaret.edu.tr\/gorsel-iletisim-tasarimi\/lisans-ders-icerikleri\/2024-2025-gorsel-iletisim-tasarimi-bolumu-ogretim-yili-ders-icerikleri-2\/\" rel=\"attachment wp-att-2350\">2024-2025 G\u00d6RSEL \u0130LET\u0130\u015e\u0130M TASARIMI B\u00d6L\u00dcM\u00dc \u00d6\u011eRET\u0130M YILI DERS \u0130\u00c7ER\u0130KLER\u0130<\/a><\/p>\n<p><a href=\"http:\/\/ticaret.edu.tr\/gorsel-iletisim-tasarimi\/wp-content\/uploads\/sites\/12\/2024\/07\/2023-2024-OGRETIM-YILI-GORSEL-ILETISIM-TASARIMI-BOLUMU-DERS-ICERIKLERI.pdf\">2023-2024 \u00d6\u011eRET\u0130M YILI G\u00d6RSEL \u0130LET\u0130\u015e\u0130M TASARIMI B\u00d6L\u00dcM\u00dc DERS \u0130\u00c7ER\u0130KLER\u0130<\/a><\/p>\n<p><a href=\"http:\/\/ticaret.edu.tr\/gorsel-iletisim-tasarimi\/wp-content\/uploads\/sites\/12\/2023\/03\/2022-2023-GORSEL-ILETISIM-TASARIMI-OGRETIM-YILI-DERS-ICERIKLERI.pdf\">2022-2023 E\u011fitim \u00d6\u011fretim Y\u0131l\u0131 Ders \u0130\u00e7erikleri<\/a><\/p>\n<p><a href=\"http:\/\/ticaret.edu.tr\/gorsel-iletisim-tasarimi\/wp-content\/uploads\/sites\/12\/2022\/03\/Ders-I\u0307c\u0327erikleri-Tu\u0308rkc\u0327e-2021-22-TR-1.pdf\">2021-2022 Eg\u0306itim O\u0308g\u0306retim Y\u0131l\u0131 Ders I\u0307c\u0327erikleri : Tu\u0308rkc\u0327e<\/a><\/p>\n<p><a href=\"http:\/\/ticaret.edu.tr\/gorsel\/wp-content\/uploads\/sites\/12\/2021\/06\/2020-2021-Eg\u0306itim-O\u0308g\u0306retim-Y\u0131l\u0131-Ders-I\u0307c\u0327erikleri-Tu\u0308rkc\u0327e.pdf\">2020-2021 Eg\u0306itim O\u0308g\u0306retim Y\u0131l\u0131 Ders I\u0307c\u0327erikleri : Tu\u0308rkc\u0327e<\/a><\/p>\n<p><a href=\"http:\/\/ticaret.edu.tr\/gorsel\/wp-content\/uploads\/sites\/12\/2021\/06\/2020-2021-Eg\u0306itim-O\u0308g\u0306retim-Y\u0131l\u0131-Ders-I\u0307c\u0327erikleri-I\u0307ngilizce.pdf\">2020-2021 Eg\u0306itim O\u0308g\u0306retim Y\u0131l\u0131 Ders I\u0307c\u0327erikleri : I\u0307ngilizce<\/a><\/p>\n<p><a class=\"formLinki\" href=\"\/uploads\/dosyalar\/2019\/201989161317101.pdf\">2019-2020 E\u011fitim \u00d6\u011fretim Y\u0131l\u0131 Ders \u0130\u00e7erikleri<\/a><\/p>\n<p><a class=\"formLinki\" href=\"\/uploads\/dosyalar\/2019\/201981594020110.pdf\">2018-2019 E\u011fitim \u00d6\u011fretim Y\u0131l\u0131 Ders \u0130\u00e7erikleri<\/a><\/p>\n<p><a class=\"formLinki\" href=\"\/uploads\/dosyalar\/2019\/201981594456111.pdf\">2017-2018 E\u011fitim \u00d6\u011fretim Y\u0131l\u0131 Ders \u0130\u00e7erikleri<\/a><\/p>\n<p><a class=\"formLinki\" href=\"\/uploads\/dosyalar\/2019\/20198159462112.pdf\">2016-2017 E\u011fitim \u00d6\u011fretim Y\u0131l\u0131 Ders \u0130\u00e7erikleri<\/a><\/p>\n<p><a class=\"formLinki\" href=\"\/uploads\/dosyalar\/2019\/20198159472113.pdf\">2015-2016 E\u011fitim \u00d6\u011fretim Y\u0131l\u0131 Ders \u0130\u00e7erikleri<\/a><\/p>\n<p><a class=\"formLinki\" href=\"\/uploads\/dosyalar\/2019\/20198159487114.pdf\">2014-2015 E\u011fitim \u00d6\u011fretim Y\u0131l\u0131 Ders \u0130\u00e7erikleri<\/a><\/p>\n<p><a class=\"formLinki\" href=\"\/uploads\/dosyalar\/2019\/201981594921115.pdf\">2013-2014 E\u011fitim \u00d6\u011fretim Y\u0131l\u0131 Ders \u0130\u00e7erikleri<\/a><\/p>\n<p><a class=\"formLinki\" href=\"\/uploads\/dosyalar\/2019\/201981595151116.pdf\">2012-2013 E\u011fitim \u00d6\u011fretim Y\u0131l\u0131 Ders \u0130\u00e7erikleri<\/a><\/p>\n<p><a class=\"formLinki\" href=\"\/uploads\/dosyalar\/2019\/201981595231117.pdf\">2011-2012 E\u011fitim \u00d6\u011fretim Y\u0131l\u0131 Ders \u0130\u00e7erikleri<\/a><\/p>\n<p><a class=\"formLinki\" href=\"\/uploads\/dosyalar\/2019\/201981595327118.pdf\">2010-2011 E\u011fitim \u00d6\u011fretim Y\u0131l\u0131 Ders \u0130\u00e7erikleri<\/a><\/p>\n<p><a class=\"formLinki\" href=\"\/uploads\/dosyalar\/2019\/201981595433119.pdf\">2009-2010 E\u011fitim \u00d6\u011fretim Y\u0131l\u0131 Ders \u0130\u00e7erikleri<\/a><\/p>\n<p><a class=\"formLinki\" href=\"\/uploads\/dosyalar\/2019\/201981595539120.pdf\">2008-2009 E\u011fitim \u00d6\u011fretim Y\u0131l\u0131 Ders \u0130\u00e7erikleri<\/a><\/p>\n<p><a class=\"formLinki\" href=\"\/uploads\/dosyalar\/2019\/201981595617121.pdf\">2007-2008 E\u011fitim \u00d6\u011fretim Y\u0131l\u0131 Ders \u0130\u00e7erikleri<\/a><\/p>\n<p><a class=\"formLinki\" href=\"\/uploads\/dosyalar\/2019\/201981595712122.pdf\">2006-2007 E\u011fitim \u00d6\u011fretim Y\u0131l\u0131 Ders \u0130\u00e7erikleri<\/a><\/p>\n<p><a class=\"formLinki\" href=\"\/uploads\/dosyalar\/2019\/201981595750123.pdf\">2005-2006 E\u011fitim \u00d6\u011fretim Y\u0131l\u0131 Ders \u0130\u00e7erikleri<\/a><\/p>\n<p><a class=\"formLinki\" href=\"\/uploads\/dosyalar\/2019\/201981595841124.pdf\">2004-2005 E\u011fitim \u00d6\u011fretim Y\u0131l\u0131 Ders \u0130\u00e7erikleri<\/a><\/p>\n<p><a class=\"formLinki\" href=\"\/uploads\/dosyalar\/2019\/201981595923125.pdf\">2003-2004 E\u011fitim \u00d6\u011fretim Y\u0131l\u0131 Ders \u0130\u00e7erikleri<\/a><\/p>\n","protected":false},"excerpt":{"rendered":"<p>2025-2026 GO\u0308RSEL I\u0307LETI\u0307S\u0327I\u0307M TASARIMI BO\u0308LU\u0308MU\u0308 O\u0308G\u0306RETI\u0307M YILI DERS I\u0307C\u0327ERI\u0307KLERI\u0307 2024-2025 G\u00d6RSEL \u0130LET\u0130\u015e\u0130M TASARIMI B\u00d6L\u00dcM\u00dc \u00d6\u011eRET\u0130M YILI DERS \u0130\u00c7ER\u0130KLER\u0130 2023-2024 \u00d6\u011eRET\u0130M YILI G\u00d6RSEL \u0130LET\u0130\u015e\u0130M TASARIMI B\u00d6L\u00dcM\u00dc DERS \u0130\u00c7ER\u0130KLER\u0130 2022-2023 E\u011fitim \u00d6\u011fretim Y\u0131l\u0131 Ders \u0130\u00e7erikleri 2021-2022 Eg\u0306itim O\u0308g\u0306retim Y\u0131l\u0131 Ders I\u0307c\u0327erikleri : Tu\u0308rkc\u0327e 2020-2021 Eg\u0306itim O\u0308g\u0306retim Y\u0131l\u0131 Ders I\u0307c\u0327erikleri : Tu\u0308rkc\u0327e 2020-2021 Eg\u0306itim O\u0308g\u0306retim Y\u0131l\u0131 Ders I\u0307c\u0327erikleri [&hellip;]<\/p>\n","protected":false},"author":149,"featured_media":0,"parent":0,"menu_order":0,"comment_status":"closed","ping_status":"closed","template":"genel_sayfa.php","meta":{"footnotes":""},"yoast_head":"<!-- This site is optimized with the Yoast SEO Premium plugin v22.1 (Yoast SEO v22.1) - https:\/\/yoast.com\/wordpress\/plugins\/seo\/ -->\n<title>Ders \u0130\u00e7erikleri - G\u00f6rsel \u0130leti\u015fim Tasar\u0131m\u0131<\/title>\n<meta name=\"robots\" content=\"index, follow, max-snippet:-1, max-image-preview:large, max-video-preview:-1\" \/>\n<link rel=\"canonical\" href=\"http:\/\/ticaret.edu.tr\/gorsel-iletisim-tasarimi\/lisans-ders-icerikleri\/\" \/>\n<meta property=\"og:locale\" content=\"tr_TR\" \/>\n<meta property=\"og:type\" content=\"article\" \/>\n<meta property=\"og:title\" content=\"Ders \u0130\u00e7erikleri\" \/>\n<meta property=\"og:description\" content=\"2025-2026 GO\u0308RSEL I\u0307LETI\u0307S\u0327I\u0307M TASARIMI BO\u0308LU\u0308MU\u0308 O\u0308G\u0306RETI\u0307M YILI DERS I\u0307C\u0327ERI\u0307KLERI\u0307 2024-2025 G\u00d6RSEL \u0130LET\u0130\u015e\u0130M TASARIMI B\u00d6L\u00dcM\u00dc \u00d6\u011eRET\u0130M YILI DERS \u0130\u00c7ER\u0130KLER\u0130 2023-2024 \u00d6\u011eRET\u0130M YILI G\u00d6RSEL \u0130LET\u0130\u015e\u0130M TASARIMI B\u00d6L\u00dcM\u00dc DERS \u0130\u00c7ER\u0130KLER\u0130 2022-2023 E\u011fitim \u00d6\u011fretim Y\u0131l\u0131 Ders \u0130\u00e7erikleri 2021-2022 Eg\u0306itim O\u0308g\u0306retim Y\u0131l\u0131 Ders I\u0307c\u0327erikleri : Tu\u0308rkc\u0327e 2020-2021 Eg\u0306itim O\u0308g\u0306retim Y\u0131l\u0131 Ders I\u0307c\u0327erikleri : Tu\u0308rkc\u0327e 2020-2021 Eg\u0306itim O\u0308g\u0306retim Y\u0131l\u0131 Ders I\u0307c\u0327erikleri [&hellip;]\" \/>\n<meta property=\"og:url\" content=\"http:\/\/ticaret.edu.tr\/gorsel-iletisim-tasarimi\/lisans-ders-icerikleri\/\" \/>\n<meta property=\"og:site_name\" content=\"G\u00f6rsel \u0130leti\u015fim Tasar\u0131m\u0131\" \/>\n<meta property=\"article:publisher\" content=\"https:\/\/www.facebook.com\/ticaretedutr\" \/>\n<meta property=\"article:modified_time\" content=\"2026-02-05T14:19:57+00:00\" \/>\n<meta property=\"og:image\" content=\"http:\/\/ticaret.edu.tr\/gorsel-iletisim-tasarimi\/wp-content\/uploads\/sites\/12\/2021\/11\/web_logo-01.jpg\" \/>\n\t<meta property=\"og:image:width\" content=\"1250\" \/>\n\t<meta property=\"og:image:height\" content=\"833\" \/>\n\t<meta property=\"og:image:type\" content=\"image\/jpeg\" \/>\n<meta name=\"twitter:card\" content=\"summary_large_image\" \/>\n<meta name=\"twitter:site\" content=\"@ticaretedutr\" \/>\n<meta name=\"twitter:label1\" content=\"Tahmini okuma s\u00fcresi\" \/>\n\t<meta name=\"twitter:data1\" content=\"1 dakika\" \/>\n<script type=\"application\/ld+json\" class=\"yoast-schema-graph\">{\"@context\":\"https:\/\/schema.org\",\"@graph\":[{\"@type\":\"WebPage\",\"@id\":\"http:\/\/ticaret.edu.tr\/gorsel-iletisim-tasarimi\/lisans-ders-icerikleri\/\",\"url\":\"http:\/\/ticaret.edu.tr\/gorsel-iletisim-tasarimi\/lisans-ders-icerikleri\/\",\"name\":\"Ders \u0130\u00e7erikleri - G\u00f6rsel \u0130leti\u015fim Tasar\u0131m\u0131\",\"isPartOf\":{\"@id\":\"http:\/\/ticaret.edu.tr\/gorsel-iletisim-tasarimi\/en\/#website\"},\"datePublished\":\"2021-04-26T10:33:14+00:00\",\"dateModified\":\"2026-02-05T14:19:57+00:00\",\"breadcrumb\":{\"@id\":\"http:\/\/ticaret.edu.tr\/gorsel-iletisim-tasarimi\/lisans-ders-icerikleri\/#breadcrumb\"},\"inLanguage\":\"tr\",\"potentialAction\":[{\"@type\":\"ReadAction\",\"target\":[\"http:\/\/ticaret.edu.tr\/gorsel-iletisim-tasarimi\/lisans-ders-icerikleri\/\"]}]},{\"@type\":\"BreadcrumbList\",\"@id\":\"http:\/\/ticaret.edu.tr\/gorsel-iletisim-tasarimi\/lisans-ders-icerikleri\/#breadcrumb\",\"itemListElement\":[{\"@type\":\"ListItem\",\"position\":1,\"name\":\"Ana sayfa\",\"item\":\"https:\/\/ticaret.edu.tr\/gorsel-iletisim-tasarimi\/\"},{\"@type\":\"ListItem\",\"position\":2,\"name\":\"Ders \u0130\u00e7erikleri\"}]},{\"@type\":\"WebSite\",\"@id\":\"http:\/\/ticaret.edu.tr\/gorsel-iletisim-tasarimi\/en\/#website\",\"url\":\"http:\/\/ticaret.edu.tr\/gorsel-iletisim-tasarimi\/en\/\",\"name\":\"G\u00f6rsel \u0130leti\u015fim Tasar\u0131m\u0131\",\"description\":\"\",\"potentialAction\":[{\"@type\":\"SearchAction\",\"target\":{\"@type\":\"EntryPoint\",\"urlTemplate\":\"http:\/\/ticaret.edu.tr\/gorsel-iletisim-tasarimi\/en\/?s={search_term_string}\"},\"query-input\":\"required name=search_term_string\"}],\"inLanguage\":\"tr\"}]}<\/script>\n<!-- \/ Yoast SEO Premium plugin. -->","yoast_head_json":{"title":"Ders \u0130\u00e7erikleri - G\u00f6rsel \u0130leti\u015fim Tasar\u0131m\u0131","robots":{"index":"index","follow":"follow","max-snippet":"max-snippet:-1","max-image-preview":"max-image-preview:large","max-video-preview":"max-video-preview:-1"},"canonical":"http:\/\/ticaret.edu.tr\/gorsel-iletisim-tasarimi\/lisans-ders-icerikleri\/","og_locale":"tr_TR","og_type":"article","og_title":"Ders \u0130\u00e7erikleri","og_description":"2025-2026 GO\u0308RSEL I\u0307LETI\u0307S\u0327I\u0307M TASARIMI BO\u0308LU\u0308MU\u0308 O\u0308G\u0306RETI\u0307M YILI DERS I\u0307C\u0327ERI\u0307KLERI\u0307 2024-2025 G\u00d6RSEL \u0130LET\u0130\u015e\u0130M TASARIMI B\u00d6L\u00dcM\u00dc \u00d6\u011eRET\u0130M YILI DERS \u0130\u00c7ER\u0130KLER\u0130 2023-2024 \u00d6\u011eRET\u0130M YILI G\u00d6RSEL \u0130LET\u0130\u015e\u0130M TASARIMI B\u00d6L\u00dcM\u00dc DERS \u0130\u00c7ER\u0130KLER\u0130 2022-2023 E\u011fitim \u00d6\u011fretim Y\u0131l\u0131 Ders \u0130\u00e7erikleri 2021-2022 Eg\u0306itim O\u0308g\u0306retim Y\u0131l\u0131 Ders I\u0307c\u0327erikleri : Tu\u0308rkc\u0327e 2020-2021 Eg\u0306itim O\u0308g\u0306retim Y\u0131l\u0131 Ders I\u0307c\u0327erikleri : Tu\u0308rkc\u0327e 2020-2021 Eg\u0306itim O\u0308g\u0306retim Y\u0131l\u0131 Ders I\u0307c\u0327erikleri [&hellip;]","og_url":"http:\/\/ticaret.edu.tr\/gorsel-iletisim-tasarimi\/lisans-ders-icerikleri\/","og_site_name":"G\u00f6rsel \u0130leti\u015fim Tasar\u0131m\u0131","article_publisher":"https:\/\/www.facebook.com\/ticaretedutr","article_modified_time":"2026-02-05T14:19:57+00:00","og_image":[{"width":1250,"height":833,"url":"http:\/\/ticaret.edu.tr\/gorsel-iletisim-tasarimi\/wp-content\/uploads\/sites\/12\/2021\/11\/web_logo-01.jpg","type":"image\/jpeg"}],"twitter_card":"summary_large_image","twitter_site":"@ticaretedutr","twitter_misc":{"Tahmini okuma s\u00fcresi":"1 dakika"},"schema":{"@context":"https:\/\/schema.org","@graph":[{"@type":"WebPage","@id":"http:\/\/ticaret.edu.tr\/gorsel-iletisim-tasarimi\/lisans-ders-icerikleri\/","url":"http:\/\/ticaret.edu.tr\/gorsel-iletisim-tasarimi\/lisans-ders-icerikleri\/","name":"Ders \u0130\u00e7erikleri - G\u00f6rsel \u0130leti\u015fim Tasar\u0131m\u0131","isPartOf":{"@id":"http:\/\/ticaret.edu.tr\/gorsel-iletisim-tasarimi\/en\/#website"},"datePublished":"2021-04-26T10:33:14+00:00","dateModified":"2026-02-05T14:19:57+00:00","breadcrumb":{"@id":"http:\/\/ticaret.edu.tr\/gorsel-iletisim-tasarimi\/lisans-ders-icerikleri\/#breadcrumb"},"inLanguage":"tr","potentialAction":[{"@type":"ReadAction","target":["http:\/\/ticaret.edu.tr\/gorsel-iletisim-tasarimi\/lisans-ders-icerikleri\/"]}]},{"@type":"BreadcrumbList","@id":"http:\/\/ticaret.edu.tr\/gorsel-iletisim-tasarimi\/lisans-ders-icerikleri\/#breadcrumb","itemListElement":[{"@type":"ListItem","position":1,"name":"Ana sayfa","item":"https:\/\/ticaret.edu.tr\/gorsel-iletisim-tasarimi\/"},{"@type":"ListItem","position":2,"name":"Ders \u0130\u00e7erikleri"}]},{"@type":"WebSite","@id":"http:\/\/ticaret.edu.tr\/gorsel-iletisim-tasarimi\/en\/#website","url":"http:\/\/ticaret.edu.tr\/gorsel-iletisim-tasarimi\/en\/","name":"G\u00f6rsel \u0130leti\u015fim Tasar\u0131m\u0131","description":"","potentialAction":[{"@type":"SearchAction","target":{"@type":"EntryPoint","urlTemplate":"http:\/\/ticaret.edu.tr\/gorsel-iletisim-tasarimi\/en\/?s={search_term_string}"},"query-input":"required name=search_term_string"}],"inLanguage":"tr"}]}},"lang":"tr","translations":{"en":612,"tr":284},"pll_sync_post":[],"_links":{"self":[{"href":"http:\/\/ticaret.edu.tr\/gorsel-iletisim-tasarimi\/wp-json\/wp\/v2\/pages\/284"}],"collection":[{"href":"http:\/\/ticaret.edu.tr\/gorsel-iletisim-tasarimi\/wp-json\/wp\/v2\/pages"}],"about":[{"href":"http:\/\/ticaret.edu.tr\/gorsel-iletisim-tasarimi\/wp-json\/wp\/v2\/types\/page"}],"author":[{"embeddable":true,"href":"http:\/\/ticaret.edu.tr\/gorsel-iletisim-tasarimi\/wp-json\/wp\/v2\/users\/149"}],"replies":[{"embeddable":true,"href":"http:\/\/ticaret.edu.tr\/gorsel-iletisim-tasarimi\/wp-json\/wp\/v2\/comments?post=284"}],"version-history":[{"count":16,"href":"http:\/\/ticaret.edu.tr\/gorsel-iletisim-tasarimi\/wp-json\/wp\/v2\/pages\/284\/revisions"}],"predecessor-version":[{"id":2417,"href":"http:\/\/ticaret.edu.tr\/gorsel-iletisim-tasarimi\/wp-json\/wp\/v2\/pages\/284\/revisions\/2417"}],"wp:attachment":[{"href":"http:\/\/ticaret.edu.tr\/gorsel-iletisim-tasarimi\/wp-json\/wp\/v2\/media?parent=284"}],"curies":[{"name":"wp","href":"https:\/\/api.w.org\/{rel}","templated":true}]}}