{"id":393,"date":"2021-08-13T13:17:54","date_gmt":"2021-08-13T10:17:54","guid":{"rendered":"http:\/\/ticaret.edu.tr\/gorsel\/?page_id=393"},"modified":"2025-02-07T14:30:33","modified_gmt":"2025-02-07T11:30:33","slug":"homepage","status":"publish","type":"page","link":"http:\/\/ticaret.edu.tr\/gorsel-iletisim-tasarimi\/en\/","title":{"rendered":"Homepage"},"content":{"rendered":"<p><img loading=\"lazy\" decoding=\"async\" class=\"wp-image-472 aligncenter\" src=\"http:\/\/ticaret.edu.tr\/gorsel\/wp-content\/uploads\/sites\/12\/2021\/09\/Prof.Dr_.-Ridvan-S\u0327entu\u0308rk-2-min-600x400-1-300x200.jpg\" alt=\"\" width=\"748\" height=\"525\" \/><\/p>\n<p>The Visual Communication Design Program at Istanbul Commercial University Faculty of Communication is a comprehensive and versatile program that is appeals to different disciplines and constantly transforms in the light of current technologies. The department aims to train creative communicators who can blend theory and practice and produce practical solutions in the light of these developments. In the department, the design of moving images is given special importance, and practice-based lessons are offered within this framework. Considering the importance of moving images today, the fact that the department is a place that follows today\u2019s developments and touches life with the spirit of innovation is very evident.<\/p>\n<p>The department has at its disposal 3 computer laboratories, 2 photography studios, 1 film\/tv studio and one film and animation workshop.. With these facilities, practice-based courses covering half of our curriculum are carried out.<\/p>\n<p><strong>Prof. Dr. R\u0131dvan \u015eent\u00fcrk<\/strong><\/p>\n<p><strong>Head of Department<\/strong><\/p>\n","protected":false},"excerpt":{"rendered":"<p>The Visual Communication Design Program at Istanbul Commercial University Faculty of Communication is a comprehensive and versatile program that is appeals to different disciplines and constantly transforms in the light of current technologies. The department aims to train creative communicators who can blend theory and practice and produce practical solutions in the light of these [&hellip;]<\/p>\n","protected":false},"author":149,"featured_media":0,"parent":0,"menu_order":0,"comment_status":"closed","ping_status":"closed","template":"pages\/homepage.php","meta":{"footnotes":""},"yoast_head":"<!-- This site is optimized with the Yoast SEO Premium plugin v22.1 (Yoast SEO v22.1) - https:\/\/yoast.com\/wordpress\/plugins\/seo\/ -->\n<title>Homepage - G\u00f6rsel \u0130leti\u015fim Tasar\u0131m\u0131<\/title>\n<meta name=\"robots\" content=\"index, follow, max-snippet:-1, max-image-preview:large, max-video-preview:-1\" \/>\n<link rel=\"canonical\" href=\"https:\/\/ticaret.edu.tr\/gorsel-iletisim-tasarimi\/en\/\" \/>\n<meta property=\"og:locale\" content=\"tr_TR\" \/>\n<meta property=\"og:type\" content=\"article\" \/>\n<meta property=\"og:title\" content=\"Homepage\" \/>\n<meta property=\"og:description\" content=\"The Visual Communication Design Program at Istanbul Commercial University Faculty of Communication is a comprehensive and versatile program that is appeals to different disciplines and constantly transforms in the light of current technologies. The department aims to train creative communicators who can blend theory and practice and produce practical solutions in the light of these [&hellip;]\" \/>\n<meta property=\"og:url\" content=\"https:\/\/ticaret.edu.tr\/gorsel-iletisim-tasarimi\/en\/\" \/>\n<meta property=\"og:site_name\" content=\"G\u00f6rsel \u0130leti\u015fim Tasar\u0131m\u0131\" \/>\n<meta property=\"article:publisher\" content=\"https:\/\/www.facebook.com\/ticaretedutr\" \/>\n<meta property=\"article:modified_time\" content=\"2025-02-07T11:30:33+00:00\" \/>\n<meta property=\"og:image\" content=\"http:\/\/ticaret.edu.tr\/gorsel-iletisim-tasarimi\/wp-content\/uploads\/sites\/12\/2021\/11\/web_logo-01.jpg\" \/>\n\t<meta property=\"og:image:width\" content=\"1250\" \/>\n\t<meta property=\"og:image:height\" content=\"833\" \/>\n\t<meta property=\"og:image:type\" content=\"image\/jpeg\" \/>\n<meta name=\"twitter:card\" content=\"summary_large_image\" \/>\n<meta name=\"twitter:site\" content=\"@ticaretedutr\" \/>\n<meta name=\"twitter:label1\" content=\"Tahmini okuma s\u00fcresi\" \/>\n\t<meta name=\"twitter:data1\" content=\"1 dakika\" \/>\n<script type=\"application\/ld+json\" class=\"yoast-schema-graph\">{\"@context\":\"https:\/\/schema.org\",\"@graph\":[{\"@type\":\"WebPage\",\"@id\":\"https:\/\/ticaret.edu.tr\/gorsel-iletisim-tasarimi\/en\/\",\"url\":\"https:\/\/ticaret.edu.tr\/gorsel-iletisim-tasarimi\/en\/\",\"name\":\"Homepage - G\u00f6rsel \u0130leti\u015fim Tasar\u0131m\u0131\",\"isPartOf\":{\"@id\":\"https:\/\/ticaret.edu.tr\/gorsel-iletisim-tasarimi\/#website\"},\"datePublished\":\"2021-08-13T10:17:54+00:00\",\"dateModified\":\"2025-02-07T11:30:33+00:00\",\"breadcrumb\":{\"@id\":\"https:\/\/ticaret.edu.tr\/gorsel-iletisim-tasarimi\/en\/#breadcrumb\"},\"inLanguage\":\"tr\",\"potentialAction\":[{\"@type\":\"ReadAction\",\"target\":[\"https:\/\/ticaret.edu.tr\/gorsel-iletisim-tasarimi\/en\/\"]}]},{\"@type\":\"BreadcrumbList\",\"@id\":\"https:\/\/ticaret.edu.tr\/gorsel-iletisim-tasarimi\/en\/#breadcrumb\",\"itemListElement\":[{\"@type\":\"ListItem\",\"position\":1,\"name\":\"Ana sayfa\",\"item\":\"https:\/\/ticaret.edu.tr\/gorsel-iletisim-tasarimi\/\"},{\"@type\":\"ListItem\",\"position\":2,\"name\":\"Homepage\"}]},{\"@type\":\"WebSite\",\"@id\":\"https:\/\/ticaret.edu.tr\/gorsel-iletisim-tasarimi\/#website\",\"url\":\"https:\/\/ticaret.edu.tr\/gorsel-iletisim-tasarimi\/\",\"name\":\"G\u00f6rsel \u0130leti\u015fim Tasar\u0131m\u0131\",\"description\":\"\",\"potentialAction\":[{\"@type\":\"SearchAction\",\"target\":{\"@type\":\"EntryPoint\",\"urlTemplate\":\"https:\/\/ticaret.edu.tr\/gorsel-iletisim-tasarimi\/?s={search_term_string}\"},\"query-input\":\"required name=search_term_string\"}],\"inLanguage\":\"tr\"}]}<\/script>\n<!-- \/ Yoast SEO Premium plugin. -->","yoast_head_json":{"title":"Homepage - G\u00f6rsel \u0130leti\u015fim Tasar\u0131m\u0131","robots":{"index":"index","follow":"follow","max-snippet":"max-snippet:-1","max-image-preview":"max-image-preview:large","max-video-preview":"max-video-preview:-1"},"canonical":"https:\/\/ticaret.edu.tr\/gorsel-iletisim-tasarimi\/en\/","og_locale":"tr_TR","og_type":"article","og_title":"Homepage","og_description":"The Visual Communication Design Program at Istanbul Commercial University Faculty of Communication is a comprehensive and versatile program that is appeals to different disciplines and constantly transforms in the light of current technologies. The department aims to train creative communicators who can blend theory and practice and produce practical solutions in the light of these [&hellip;]","og_url":"https:\/\/ticaret.edu.tr\/gorsel-iletisim-tasarimi\/en\/","og_site_name":"G\u00f6rsel \u0130leti\u015fim Tasar\u0131m\u0131","article_publisher":"https:\/\/www.facebook.com\/ticaretedutr","article_modified_time":"2025-02-07T11:30:33+00:00","og_image":[{"width":1250,"height":833,"url":"http:\/\/ticaret.edu.tr\/gorsel-iletisim-tasarimi\/wp-content\/uploads\/sites\/12\/2021\/11\/web_logo-01.jpg","type":"image\/jpeg"}],"twitter_card":"summary_large_image","twitter_site":"@ticaretedutr","twitter_misc":{"Tahmini okuma s\u00fcresi":"1 dakika"},"schema":{"@context":"https:\/\/schema.org","@graph":[{"@type":"WebPage","@id":"https:\/\/ticaret.edu.tr\/gorsel-iletisim-tasarimi\/en\/","url":"https:\/\/ticaret.edu.tr\/gorsel-iletisim-tasarimi\/en\/","name":"Homepage - G\u00f6rsel \u0130leti\u015fim Tasar\u0131m\u0131","isPartOf":{"@id":"https:\/\/ticaret.edu.tr\/gorsel-iletisim-tasarimi\/#website"},"datePublished":"2021-08-13T10:17:54+00:00","dateModified":"2025-02-07T11:30:33+00:00","breadcrumb":{"@id":"https:\/\/ticaret.edu.tr\/gorsel-iletisim-tasarimi\/en\/#breadcrumb"},"inLanguage":"tr","potentialAction":[{"@type":"ReadAction","target":["https:\/\/ticaret.edu.tr\/gorsel-iletisim-tasarimi\/en\/"]}]},{"@type":"BreadcrumbList","@id":"https:\/\/ticaret.edu.tr\/gorsel-iletisim-tasarimi\/en\/#breadcrumb","itemListElement":[{"@type":"ListItem","position":1,"name":"Ana sayfa","item":"https:\/\/ticaret.edu.tr\/gorsel-iletisim-tasarimi\/"},{"@type":"ListItem","position":2,"name":"Homepage"}]},{"@type":"WebSite","@id":"https:\/\/ticaret.edu.tr\/gorsel-iletisim-tasarimi\/#website","url":"https:\/\/ticaret.edu.tr\/gorsel-iletisim-tasarimi\/","name":"G\u00f6rsel \u0130leti\u015fim Tasar\u0131m\u0131","description":"","potentialAction":[{"@type":"SearchAction","target":{"@type":"EntryPoint","urlTemplate":"https:\/\/ticaret.edu.tr\/gorsel-iletisim-tasarimi\/?s={search_term_string}"},"query-input":"required name=search_term_string"}],"inLanguage":"tr"}]}},"lang":"en","translations":{"en":393,"tr":11},"pll_sync_post":[],"_links":{"self":[{"href":"http:\/\/ticaret.edu.tr\/gorsel-iletisim-tasarimi\/wp-json\/wp\/v2\/pages\/393"}],"collection":[{"href":"http:\/\/ticaret.edu.tr\/gorsel-iletisim-tasarimi\/wp-json\/wp\/v2\/pages"}],"about":[{"href":"http:\/\/ticaret.edu.tr\/gorsel-iletisim-tasarimi\/wp-json\/wp\/v2\/types\/page"}],"author":[{"embeddable":true,"href":"http:\/\/ticaret.edu.tr\/gorsel-iletisim-tasarimi\/wp-json\/wp\/v2\/users\/149"}],"replies":[{"embeddable":true,"href":"http:\/\/ticaret.edu.tr\/gorsel-iletisim-tasarimi\/wp-json\/wp\/v2\/comments?post=393"}],"version-history":[{"count":7,"href":"http:\/\/ticaret.edu.tr\/gorsel-iletisim-tasarimi\/wp-json\/wp\/v2\/pages\/393\/revisions"}],"predecessor-version":[{"id":2117,"href":"http:\/\/ticaret.edu.tr\/gorsel-iletisim-tasarimi\/wp-json\/wp\/v2\/pages\/393\/revisions\/2117"}],"wp:attachment":[{"href":"http:\/\/ticaret.edu.tr\/gorsel-iletisim-tasarimi\/wp-json\/wp\/v2\/media?parent=393"}],"curies":[{"name":"wp","href":"https:\/\/api.w.org\/{rel}","templated":true}]}}