{"id":6,"date":"2020-05-03T11:51:21","date_gmt":"2020-05-03T08:51:21","guid":{"rendered":"http:\/\/ticaret.edu.tr\/gorsel\/?page_id=6"},"modified":"2025-12-23T11:16:23","modified_gmt":"2025-12-23T08:16:23","slug":"mufredat","status":"publish","type":"page","link":"http:\/\/ticaret.edu.tr\/gorsel-iletisim-tasarimi\/mufredat\/","title":{"rendered":"M\u00fcfredat"},"content":{"rendered":"<p><a href=\"https:\/\/ticaret.edu.tr\/gorsel-iletisim-tasarimi\/mufredat\/2025-2026-akademik-yili-gorsel-iletisim-tasarimi-bolumu-mufredati-2\/\" rel=\"attachment wp-att-2402\">2025-2026 Akademik Y\u0131l\u0131 Go\u0308rsel I\u0307letis\u0327im Tasar\u0131m\u0131 Bo\u0308lu\u0308mu\u0308 Mu\u0308fredat\u0131<\/a><\/p>\n<p><a href=\"http:\/\/ticaret.edu.tr\/gorsel-iletisim-tasarimi\/mufredat\/gorsel-iletisim-tasarimi-2024-2025-akademik-yil-mufredati\/\" rel=\"attachment wp-att-1705\">G\u00f6rsel \u0130leti\u015fim Tasar\u0131m\u0131 2024-2025 Akademik Y\u0131l M\u00fcfredat\u0131<\/a><\/p>\n<p><a href=\"http:\/\/ticaret.edu.tr\/gorsel-iletisim-tasarimi\/wp-content\/uploads\/sites\/12\/2023\/09\/Gorsel-Iletisim-Tasarimi-Bolumu-2023-2024-Akademik-Yili-Mufredat.pdf\">Go\u0308rsel I\u0307letis\u0327im Tasar\u0131m\u0131 Bo\u0308lu\u0308mu\u0308 2023-2024 Akademik Y\u0131l\u0131 Mu\u0308fredat<\/a><\/p>\n<p><a href=\"http:\/\/ticaret.edu.tr\/gorsel-iletisim-tasarimi\/wp-content\/uploads\/sites\/12\/2023\/02\/Gorsel-Iletisim-Tasarimi-Bolumu-2022-2023-Akademik-Yili-Mufredat.pdf\">G\u00f6rsel \u0130leti\u015fim Tasar\u0131m\u0131 B\u00f6l\u00fcm\u00fc 2022-2023 Akademik Y\u0131l\u0131 M\u00fcfredat<\/a><\/p>\n<p><a href=\"http:\/\/ticaret.edu.tr\/gorsel-iletisim-tasarimi\/wp-content\/uploads\/sites\/12\/2022\/08\/2022-2023-Egitim-ve-Ogretim-Yili-Mufredati.pdf\">2022-2023 E\u011fitim ve \u00d6\u011fretim Y\u0131l\u0131 M\u00fcfredat\u0131<\/a><\/p>\n<p><a href=\"http:\/\/ticaret.edu.tr\/gorsel-iletisim-tasarimi\/wp-content\/uploads\/sites\/12\/2022\/01\/GO\u0308RSEL-I\u0307LETI\u0307S\u0327I\u0307M-TASARIMI-LI\u0307SANS-PROGRAMI-2021-2022-O\u0308G\u0306RETI\u0307M-YILI-MU\u0308FREDATI.pdf\">2021-2022 Eg\u0306itim O\u0308g\u0306retim Y\u0131l\u0131 Mu\u0308fredat\u0131<\/a><\/p>\n<p><img decoding=\"async\" src=\"https:\/\/eski.ticaret.edu.tr\/Styles\/resimler\/pdfLogo_icsayfa.png\" \/><a href=\"http:\/\/ticaret.edu.tr\/gorsel\/wp-content\/uploads\/sites\/12\/2021\/06\/2020-2021-Eg\u0306itim-O\u0308g\u0306retim-Y\u0131l\u0131-Mu\u0308fredat\u0131.pdf\">2020-2021 Eg\u0306itim O\u0308g\u0306retim Y\u0131l\u0131 Mu\u0308fredat\u0131<\/a><\/p>\n<p><img decoding=\"async\" src=\"https:\/\/eski.ticaret.edu.tr\/Styles\/resimler\/pdfLogo_icsayfa.png\" \/><a class=\"formLinki\" href=\"https:\/\/www.ticaret.edu.tr\/uploads\/dosyalar\/2019\/201989161511102.pdf\">2019-2020 E\u011fitim \u00d6\u011fretim Y\u0131l\u0131 M\u00fcfredat\u0131<\/a><\/p>\n<p><img decoding=\"async\" src=\"https:\/\/eski.ticaret.edu.tr\/Styles\/resimler\/pdfLogo_icsayfa.png\" \/><a class=\"formLinki\" href=\"https:\/\/www.ticaret.edu.tr\/uploads\/dosyalar\/2019\/2019815101215100.pdf\">2018-2019 E\u011fitim \u00d6\u011fretim Y\u0131l\u0131 M\u00fcfredat\u0131<\/a><\/p>\n<p><img decoding=\"async\" src=\"https:\/\/eski.ticaret.edu.tr\/Styles\/resimler\/pdfLogo_icsayfa.png\" \/><a class=\"formLinki\" href=\"https:\/\/www.ticaret.edu.tr\/uploads\/dosyalar\/2019\/201981510132101.pdf\">2017-2018 E\u011fitim \u00d6\u011fretim Y\u0131l\u0131 M\u00fcfredat\u0131<\/a><\/p>\n<p><img decoding=\"async\" src=\"https:\/\/eski.ticaret.edu.tr\/Styles\/resimler\/pdfLogo_icsayfa.png\" \/><a class=\"formLinki\" href=\"https:\/\/www.ticaret.edu.tr\/uploads\/dosyalar\/2019\/2019815101336102.pdf\">2016-2017 E\u011fitim \u00d6\u011fretim Y\u0131l\u0131 M\u00fcfredat\u0131<\/a><\/p>\n<p><img decoding=\"async\" src=\"https:\/\/eski.ticaret.edu.tr\/Styles\/resimler\/pdfLogo_icsayfa.png\" \/><a class=\"formLinki\" href=\"https:\/\/www.ticaret.edu.tr\/uploads\/dosyalar\/2019\/2019815101414103.pdf\">2015-2016 E\u011fitim \u00d6\u011fretim Y\u0131l\u0131 M\u00fcfredat\u0131<\/a><\/p>\n<p><img decoding=\"async\" src=\"https:\/\/eski.ticaret.edu.tr\/Styles\/resimler\/pdfLogo_icsayfa.png\" \/><a class=\"formLinki\" href=\"https:\/\/www.ticaret.edu.tr\/uploads\/dosyalar\/2019\/2019815101450104.pdf\">2014-2015 E\u011fitim \u00d6\u011fretim Y\u0131l\u0131 M\u00fcfredat\u0131<\/a><\/p>\n<p><img decoding=\"async\" src=\"https:\/\/eski.ticaret.edu.tr\/Styles\/resimler\/pdfLogo_icsayfa.png\" \/><a class=\"formLinki\" href=\"https:\/\/www.ticaret.edu.tr\/uploads\/dosyalar\/2019\/2019815101527105.pdf\">2013-2014 E\u011fitim \u00d6\u011fretim Y\u0131l\u0131 M\u00fcfredat\u0131<\/a><\/p>\n<p><img decoding=\"async\" src=\"https:\/\/eski.ticaret.edu.tr\/Styles\/resimler\/pdfLogo_icsayfa.png\" \/><a class=\"formLinki\" href=\"https:\/\/www.ticaret.edu.tr\/uploads\/dosyalar\/2019\/2019815101623106.pdf\">2012-2013 E\u011fitim \u00d6\u011fretim Y\u0131l\u0131 M\u00fcfredat\u0131<\/a><\/p>\n<p><img decoding=\"async\" src=\"https:\/\/eski.ticaret.edu.tr\/Styles\/resimler\/pdfLogo_icsayfa.png\" \/><a class=\"formLinki\" href=\"https:\/\/www.ticaret.edu.tr\/uploads\/dosyalar\/2019\/2019815101713107.pdf\">2011-2012 E\u011fitim \u00d6\u011fretim Y\u0131l\u0131 M\u00fcfredat\u0131<\/a><\/p>\n<p><img decoding=\"async\" src=\"https:\/\/eski.ticaret.edu.tr\/Styles\/resimler\/pdfLogo_icsayfa.png\" \/><a class=\"formLinki\" href=\"https:\/\/www.ticaret.edu.tr\/uploads\/dosyalar\/2019\/201981510180108.pdf\">2010-2011 E\u011fitim \u00d6\u011fretim Y\u0131l\u0131 M\u00fcfredat\u0131<\/a><\/p>\n<p><img decoding=\"async\" src=\"https:\/\/eski.ticaret.edu.tr\/Styles\/resimler\/pdfLogo_icsayfa.png\" \/><a class=\"formLinki\" href=\"https:\/\/www.ticaret.edu.tr\/uploads\/dosyalar\/2019\/2019815101848109.pdf\">2009-2010 E\u011fitim \u00d6\u011fretim Y\u0131l\u0131 M\u00fcfredat\u0131<\/a><\/p>\n<p><img decoding=\"async\" src=\"https:\/\/eski.ticaret.edu.tr\/Styles\/resimler\/pdfLogo_icsayfa.png\" \/><a class=\"formLinki\" href=\"https:\/\/www.ticaret.edu.tr\/uploads\/dosyalar\/2019\/201981510202110.pdf\">2008-2009 E\u011fitim \u00d6\u011fretim Y\u0131l\u0131 M\u00fcfredat\u0131<\/a><\/p>\n<p><img decoding=\"async\" src=\"https:\/\/eski.ticaret.edu.tr\/Styles\/resimler\/pdfLogo_icsayfa.png\" \/><a class=\"formLinki\" href=\"https:\/\/www.ticaret.edu.tr\/uploads\/dosyalar\/2019\/2019815102059111.pdf\">2007-2008 E\u011fitim \u00d6\u011fretim Y\u0131l\u0131 M\u00fcfredat\u0131<\/a><\/p>\n<p><img decoding=\"async\" src=\"https:\/\/eski.ticaret.edu.tr\/Styles\/resimler\/pdfLogo_icsayfa.png\" \/><a class=\"formLinki\" href=\"https:\/\/www.ticaret.edu.tr\/uploads\/dosyalar\/2019\/2019815102147112.pdf\">2006-2007 E\u011fitim \u00d6\u011fretim Y\u0131l\u0131 M\u00fcfredat\u0131<\/a><\/p>\n<p><img decoding=\"async\" src=\"https:\/\/eski.ticaret.edu.tr\/Styles\/resimler\/pdfLogo_icsayfa.png\" \/><a class=\"formLinki\" href=\"https:\/\/www.ticaret.edu.tr\/uploads\/dosyalar\/2019\/2019815102233113.pdf\">2005-2006 E\u011fitim \u00d6\u011fretim Y\u0131l\u0131 M\u00fcfredat\u0131<\/a><\/p>\n<p><img decoding=\"async\" src=\"https:\/\/eski.ticaret.edu.tr\/Styles\/resimler\/pdfLogo_icsayfa.png\" \/><a class=\"formLinki\" href=\"https:\/\/www.ticaret.edu.tr\/uploads\/dosyalar\/2019\/2019815102556114.pdf\">2004-2005 E\u011fitim \u00d6\u011fretim Y\u0131l\u0131 M\u00fcfredat\u0131<\/a><\/p>\n<p><img decoding=\"async\" src=\"https:\/\/eski.ticaret.edu.tr\/Styles\/resimler\/pdfLogo_icsayfa.png\" \/><a class=\"formLinki\" href=\"https:\/\/www.ticaret.edu.tr\/uploads\/dosyalar\/2019\/2019815102641115.pdf\">2003-2004 E\u011fitim \u00d6\u011fretim Y\u0131l\u0131 M\u00fcfredat\u0131<\/a><\/p>\n<p>&nbsp;<\/p>\n","protected":false},"excerpt":{"rendered":"<p>2025-2026 Akademik Y\u0131l\u0131 Go\u0308rsel I\u0307letis\u0327im Tasar\u0131m\u0131 Bo\u0308lu\u0308mu\u0308 Mu\u0308fredat\u0131 G\u00f6rsel \u0130leti\u015fim Tasar\u0131m\u0131 2024-2025 Akademik Y\u0131l M\u00fcfredat\u0131 Go\u0308rsel I\u0307letis\u0327im Tasar\u0131m\u0131 Bo\u0308lu\u0308mu\u0308 2023-2024 Akademik Y\u0131l\u0131 Mu\u0308fredat G\u00f6rsel \u0130leti\u015fim Tasar\u0131m\u0131 B\u00f6l\u00fcm\u00fc 2022-2023 Akademik Y\u0131l\u0131 M\u00fcfredat 2022-2023 E\u011fitim ve \u00d6\u011fretim Y\u0131l\u0131 M\u00fcfredat\u0131 2021-2022 Eg\u0306itim O\u0308g\u0306retim Y\u0131l\u0131 Mu\u0308fredat\u0131 2020-2021 Eg\u0306itim O\u0308g\u0306retim Y\u0131l\u0131 Mu\u0308fredat\u0131 2019-2020 E\u011fitim \u00d6\u011fretim Y\u0131l\u0131 M\u00fcfredat\u0131 2018-2019 E\u011fitim \u00d6\u011fretim [&hellip;]<\/p>\n","protected":false},"author":1,"featured_media":0,"parent":0,"menu_order":0,"comment_status":"closed","ping_status":"closed","template":"genel_sayfa.php","meta":{"footnotes":""},"yoast_head":"<!-- This site is optimized with the Yoast SEO Premium plugin v22.1 (Yoast SEO v22.1) - https:\/\/yoast.com\/wordpress\/plugins\/seo\/ -->\n<title>M\u00fcfredat - G\u00f6rsel \u0130leti\u015fim Tasar\u0131m\u0131<\/title>\n<meta name=\"robots\" content=\"index, follow, max-snippet:-1, max-image-preview:large, max-video-preview:-1\" \/>\n<link rel=\"canonical\" href=\"http:\/\/ticaret.edu.tr\/gorsel-iletisim-tasarimi\/mufredat\/\" \/>\n<meta property=\"og:locale\" content=\"tr_TR\" \/>\n<meta property=\"og:type\" content=\"article\" \/>\n<meta property=\"og:title\" content=\"M\u00fcfredat\" \/>\n<meta property=\"og:description\" content=\"2025-2026 Akademik Y\u0131l\u0131 Go\u0308rsel I\u0307letis\u0327im Tasar\u0131m\u0131 Bo\u0308lu\u0308mu\u0308 Mu\u0308fredat\u0131 G\u00f6rsel \u0130leti\u015fim Tasar\u0131m\u0131 2024-2025 Akademik Y\u0131l M\u00fcfredat\u0131 Go\u0308rsel I\u0307letis\u0327im Tasar\u0131m\u0131 Bo\u0308lu\u0308mu\u0308 2023-2024 Akademik Y\u0131l\u0131 Mu\u0308fredat G\u00f6rsel \u0130leti\u015fim Tasar\u0131m\u0131 B\u00f6l\u00fcm\u00fc 2022-2023 Akademik Y\u0131l\u0131 M\u00fcfredat 2022-2023 E\u011fitim ve \u00d6\u011fretim Y\u0131l\u0131 M\u00fcfredat\u0131 2021-2022 Eg\u0306itim O\u0308g\u0306retim Y\u0131l\u0131 Mu\u0308fredat\u0131 2020-2021 Eg\u0306itim O\u0308g\u0306retim Y\u0131l\u0131 Mu\u0308fredat\u0131 2019-2020 E\u011fitim \u00d6\u011fretim Y\u0131l\u0131 M\u00fcfredat\u0131 2018-2019 E\u011fitim \u00d6\u011fretim [&hellip;]\" \/>\n<meta property=\"og:url\" content=\"http:\/\/ticaret.edu.tr\/gorsel-iletisim-tasarimi\/mufredat\/\" \/>\n<meta property=\"og:site_name\" content=\"G\u00f6rsel \u0130leti\u015fim Tasar\u0131m\u0131\" \/>\n<meta property=\"article:publisher\" content=\"https:\/\/www.facebook.com\/ticaretedutr\" \/>\n<meta property=\"article:modified_time\" content=\"2025-12-23T08:16:23+00:00\" \/>\n<meta property=\"og:image\" content=\"https:\/\/eski.ticaret.edu.tr\/Styles\/resimler\/pdfLogo_icsayfa.png\" \/>\n<meta name=\"twitter:card\" content=\"summary_large_image\" \/>\n<meta name=\"twitter:site\" content=\"@ticaretedutr\" \/>\n<meta name=\"twitter:label1\" content=\"Tahmini okuma s\u00fcresi\" \/>\n\t<meta name=\"twitter:data1\" content=\"5 dakika\" \/>\n<script type=\"application\/ld+json\" class=\"yoast-schema-graph\">{\"@context\":\"https:\/\/schema.org\",\"@graph\":[{\"@type\":\"WebPage\",\"@id\":\"http:\/\/ticaret.edu.tr\/gorsel-iletisim-tasarimi\/mufredat\/\",\"url\":\"http:\/\/ticaret.edu.tr\/gorsel-iletisim-tasarimi\/mufredat\/\",\"name\":\"M\u00fcfredat - G\u00f6rsel \u0130leti\u015fim Tasar\u0131m\u0131\",\"isPartOf\":{\"@id\":\"http:\/\/ticaret.edu.tr\/gorsel-iletisim-tasarimi\/en\/#website\"},\"datePublished\":\"2020-05-03T08:51:21+00:00\",\"dateModified\":\"2025-12-23T08:16:23+00:00\",\"breadcrumb\":{\"@id\":\"http:\/\/ticaret.edu.tr\/gorsel-iletisim-tasarimi\/mufredat\/#breadcrumb\"},\"inLanguage\":\"tr\",\"potentialAction\":[{\"@type\":\"ReadAction\",\"target\":[\"http:\/\/ticaret.edu.tr\/gorsel-iletisim-tasarimi\/mufredat\/\"]}]},{\"@type\":\"BreadcrumbList\",\"@id\":\"http:\/\/ticaret.edu.tr\/gorsel-iletisim-tasarimi\/mufredat\/#breadcrumb\",\"itemListElement\":[{\"@type\":\"ListItem\",\"position\":1,\"name\":\"Ana sayfa\",\"item\":\"https:\/\/ticaret.edu.tr\/gorsel-iletisim-tasarimi\/\"},{\"@type\":\"ListItem\",\"position\":2,\"name\":\"M\u00fcfredat\"}]},{\"@type\":\"WebSite\",\"@id\":\"http:\/\/ticaret.edu.tr\/gorsel-iletisim-tasarimi\/en\/#website\",\"url\":\"http:\/\/ticaret.edu.tr\/gorsel-iletisim-tasarimi\/en\/\",\"name\":\"G\u00f6rsel \u0130leti\u015fim Tasar\u0131m\u0131\",\"description\":\"\",\"potentialAction\":[{\"@type\":\"SearchAction\",\"target\":{\"@type\":\"EntryPoint\",\"urlTemplate\":\"http:\/\/ticaret.edu.tr\/gorsel-iletisim-tasarimi\/en\/?s={search_term_string}\"},\"query-input\":\"required name=search_term_string\"}],\"inLanguage\":\"tr\"}]}<\/script>\n<!-- \/ Yoast SEO Premium plugin. -->","yoast_head_json":{"title":"M\u00fcfredat - G\u00f6rsel \u0130leti\u015fim Tasar\u0131m\u0131","robots":{"index":"index","follow":"follow","max-snippet":"max-snippet:-1","max-image-preview":"max-image-preview:large","max-video-preview":"max-video-preview:-1"},"canonical":"http:\/\/ticaret.edu.tr\/gorsel-iletisim-tasarimi\/mufredat\/","og_locale":"tr_TR","og_type":"article","og_title":"M\u00fcfredat","og_description":"2025-2026 Akademik Y\u0131l\u0131 Go\u0308rsel I\u0307letis\u0327im Tasar\u0131m\u0131 Bo\u0308lu\u0308mu\u0308 Mu\u0308fredat\u0131 G\u00f6rsel \u0130leti\u015fim Tasar\u0131m\u0131 2024-2025 Akademik Y\u0131l M\u00fcfredat\u0131 Go\u0308rsel I\u0307letis\u0327im Tasar\u0131m\u0131 Bo\u0308lu\u0308mu\u0308 2023-2024 Akademik Y\u0131l\u0131 Mu\u0308fredat G\u00f6rsel \u0130leti\u015fim Tasar\u0131m\u0131 B\u00f6l\u00fcm\u00fc 2022-2023 Akademik Y\u0131l\u0131 M\u00fcfredat 2022-2023 E\u011fitim ve \u00d6\u011fretim Y\u0131l\u0131 M\u00fcfredat\u0131 2021-2022 Eg\u0306itim O\u0308g\u0306retim Y\u0131l\u0131 Mu\u0308fredat\u0131 2020-2021 Eg\u0306itim O\u0308g\u0306retim Y\u0131l\u0131 Mu\u0308fredat\u0131 2019-2020 E\u011fitim \u00d6\u011fretim Y\u0131l\u0131 M\u00fcfredat\u0131 2018-2019 E\u011fitim \u00d6\u011fretim [&hellip;]","og_url":"http:\/\/ticaret.edu.tr\/gorsel-iletisim-tasarimi\/mufredat\/","og_site_name":"G\u00f6rsel \u0130leti\u015fim Tasar\u0131m\u0131","article_publisher":"https:\/\/www.facebook.com\/ticaretedutr","article_modified_time":"2025-12-23T08:16:23+00:00","og_image":[{"url":"https:\/\/eski.ticaret.edu.tr\/Styles\/resimler\/pdfLogo_icsayfa.png"}],"twitter_card":"summary_large_image","twitter_site":"@ticaretedutr","twitter_misc":{"Tahmini okuma s\u00fcresi":"5 dakika"},"schema":{"@context":"https:\/\/schema.org","@graph":[{"@type":"WebPage","@id":"http:\/\/ticaret.edu.tr\/gorsel-iletisim-tasarimi\/mufredat\/","url":"http:\/\/ticaret.edu.tr\/gorsel-iletisim-tasarimi\/mufredat\/","name":"M\u00fcfredat - G\u00f6rsel \u0130leti\u015fim Tasar\u0131m\u0131","isPartOf":{"@id":"http:\/\/ticaret.edu.tr\/gorsel-iletisim-tasarimi\/en\/#website"},"datePublished":"2020-05-03T08:51:21+00:00","dateModified":"2025-12-23T08:16:23+00:00","breadcrumb":{"@id":"http:\/\/ticaret.edu.tr\/gorsel-iletisim-tasarimi\/mufredat\/#breadcrumb"},"inLanguage":"tr","potentialAction":[{"@type":"ReadAction","target":["http:\/\/ticaret.edu.tr\/gorsel-iletisim-tasarimi\/mufredat\/"]}]},{"@type":"BreadcrumbList","@id":"http:\/\/ticaret.edu.tr\/gorsel-iletisim-tasarimi\/mufredat\/#breadcrumb","itemListElement":[{"@type":"ListItem","position":1,"name":"Ana sayfa","item":"https:\/\/ticaret.edu.tr\/gorsel-iletisim-tasarimi\/"},{"@type":"ListItem","position":2,"name":"M\u00fcfredat"}]},{"@type":"WebSite","@id":"http:\/\/ticaret.edu.tr\/gorsel-iletisim-tasarimi\/en\/#website","url":"http:\/\/ticaret.edu.tr\/gorsel-iletisim-tasarimi\/en\/","name":"G\u00f6rsel \u0130leti\u015fim Tasar\u0131m\u0131","description":"","potentialAction":[{"@type":"SearchAction","target":{"@type":"EntryPoint","urlTemplate":"http:\/\/ticaret.edu.tr\/gorsel-iletisim-tasarimi\/en\/?s={search_term_string}"},"query-input":"required name=search_term_string"}],"inLanguage":"tr"}]}},"lang":"tr","translations":{"en":614,"tr":6},"pll_sync_post":[],"_links":{"self":[{"href":"http:\/\/ticaret.edu.tr\/gorsel-iletisim-tasarimi\/wp-json\/wp\/v2\/pages\/6"}],"collection":[{"href":"http:\/\/ticaret.edu.tr\/gorsel-iletisim-tasarimi\/wp-json\/wp\/v2\/pages"}],"about":[{"href":"http:\/\/ticaret.edu.tr\/gorsel-iletisim-tasarimi\/wp-json\/wp\/v2\/types\/page"}],"author":[{"embeddable":true,"href":"http:\/\/ticaret.edu.tr\/gorsel-iletisim-tasarimi\/wp-json\/wp\/v2\/users\/1"}],"replies":[{"embeddable":true,"href":"http:\/\/ticaret.edu.tr\/gorsel-iletisim-tasarimi\/wp-json\/wp\/v2\/comments?post=6"}],"version-history":[{"count":18,"href":"http:\/\/ticaret.edu.tr\/gorsel-iletisim-tasarimi\/wp-json\/wp\/v2\/pages\/6\/revisions"}],"predecessor-version":[{"id":2404,"href":"http:\/\/ticaret.edu.tr\/gorsel-iletisim-tasarimi\/wp-json\/wp\/v2\/pages\/6\/revisions\/2404"}],"wp:attachment":[{"href":"http:\/\/ticaret.edu.tr\/gorsel-iletisim-tasarimi\/wp-json\/wp\/v2\/media?parent=6"}],"curies":[{"name":"wp","href":"https:\/\/api.w.org\/{rel}","templated":true}]}}