{"id":614,"date":"2022-01-04T15:52:41","date_gmt":"2022-01-04T12:52:41","guid":{"rendered":"https:\/\/ticaret.edu.tr\/gorsel-iletisim-tasarimi\/?page_id=614"},"modified":"2026-02-05T17:21:50","modified_gmt":"2026-02-05T14:21:50","slug":"curriculum","status":"publish","type":"page","link":"http:\/\/ticaret.edu.tr\/gorsel-iletisim-tasarimi\/en\/curriculum\/","title":{"rendered":"CURRICULUM"},"content":{"rendered":"<p><a href=\"https:\/\/ticaret.edu.tr\/gorsel-iletisim-tasarimi\/en\/curriculum\/2025-2026-vcd-curriculum\/\" rel=\"attachment wp-att-2418\">2025-2026 VCD Curriculum<\/a><\/p>\n<p><a href=\"http:\/\/ticaret.edu.tr\/gorsel-iletisim-tasarimi\/wp-content\/uploads\/sites\/12\/2024\/05\/2023-2024-VCD-Curriculum.pdf\">2023-2024 VCD Curriculum<\/a><\/p>\n<p><a href=\"http:\/\/ticaret.edu.tr\/gorsel-iletisim-tasarimi\/wp-content\/uploads\/sites\/12\/2022\/08\/2022-2023-VCD-Curriculum.pdf\">2022-2023 VCD Curriculum<\/a><\/p>\n<p><a href=\"http:\/\/ticaret.edu.tr\/gorsel-iletisim-tasarimi\/wp-content\/uploads\/sites\/12\/2022\/01\/2021-2022-VCD-Curriculum.xlsx\">2021-2022 VCD Curriculum<\/a><\/p>\n<p><a href=\"http:\/\/ticaret.edu.tr\/gorsel-iletisim-tasarimi\/wp-content\/uploads\/sites\/12\/2024\/05\/2020-2021-VCD-Curriculum.pdf\">2020-2021 VCD Curriculum<\/a><\/p>\n<p><a href=\"http:\/\/ticaret.edu.tr\/gorsel-iletisim-tasarimi\/wp-content\/uploads\/sites\/12\/2024\/05\/2019-2020-VCD-Curriculum.pdf\">2019-2020 VCD Curriculum<\/a><\/p>\n<p><a href=\"http:\/\/ticaret.edu.tr\/gorsel-iletisim-tasarimi\/wp-content\/uploads\/sites\/12\/2024\/05\/2018-2019-VCD-Curriculum.pdf\">2018-2019 VCD Curriculum<\/a><\/p>\n<p><a href=\"http:\/\/ticaret.edu.tr\/gorsel-iletisim-tasarimi\/wp-content\/uploads\/sites\/12\/2024\/05\/2017-2018-VCD-Curriculum.pdf\">2017-2018 VCD Curriculum<\/a><\/p>\n<p><a href=\"http:\/\/ticaret.edu.tr\/gorsel-iletisim-tasarimi\/wp-content\/uploads\/sites\/12\/2024\/05\/2016-2017-VCD-Curriculum.pdf\">2016-2017 VCD Curriculum<\/a><\/p>\n<p><a href=\"http:\/\/ticaret.edu.tr\/gorsel-iletisim-tasarimi\/wp-content\/uploads\/sites\/12\/2024\/05\/2015-2016-VCD-Curriculum.pdf\">2015-2016 VCD Curriculum<\/a><\/p>\n<p><a href=\"http:\/\/ticaret.edu.tr\/gorsel-iletisim-tasarimi\/wp-content\/uploads\/sites\/12\/2024\/05\/2014-2015-VCD-Curriculum.pdf\">2014-2015 VCD Curriculum<\/a><\/p>\n<p><a href=\"http:\/\/ticaret.edu.tr\/gorsel-iletisim-tasarimi\/wp-content\/uploads\/sites\/12\/2024\/05\/2013-2014-VCD-Curriculum.pdf\">2013-2014 VCD Curriculum<\/a><\/p>\n<p><a href=\"http:\/\/ticaret.edu.tr\/gorsel-iletisim-tasarimi\/wp-content\/uploads\/sites\/12\/2024\/05\/2012-2011-VCD-Curriculum.pdf\">2012-2011 VCD Curriculum<\/a><\/p>\n<p><a href=\"http:\/\/ticaret.edu.tr\/gorsel-iletisim-tasarimi\/wp-content\/uploads\/sites\/12\/2024\/05\/2010-2011-VCD-Curriculum.pdf\">2010-2011 VCD Curriculum<\/a><\/p>\n<p><a href=\"http:\/\/ticaret.edu.tr\/gorsel-iletisim-tasarimi\/wp-content\/uploads\/sites\/12\/2024\/05\/2009-2010-VCD-Curriculum.pdf\">2009-2010 VCD Curriculum<\/a><\/p>\n<p><a href=\"http:\/\/ticaret.edu.tr\/gorsel-iletisim-tasarimi\/wp-content\/uploads\/sites\/12\/2024\/05\/2008-2009-VCD-Curriculum.pdf\">2008-2009 VCD Curriculum<\/a><\/p>\n<p><a href=\"http:\/\/ticaret.edu.tr\/gorsel-iletisim-tasarimi\/wp-content\/uploads\/sites\/12\/2024\/05\/2007-2008-VCD-Curriculum.pdf\">2007-2008 VCD Curriculum<\/a><\/p>\n<p><a href=\"http:\/\/ticaret.edu.tr\/gorsel-iletisim-tasarimi\/wp-content\/uploads\/sites\/12\/2024\/05\/2006-2007-VCD-Curriculum.pdf\">2006-2007 VCD Curriculum<\/a><\/p>\n<p><a href=\"http:\/\/ticaret.edu.tr\/gorsel-iletisim-tasarimi\/wp-content\/uploads\/sites\/12\/2024\/05\/2004-2005-VCD-Curriculum.pdf\">2004-2005 VCD Curriculum<\/a><\/p>\n<p><a href=\"http:\/\/ticaret.edu.tr\/gorsel-iletisim-tasarimi\/wp-content\/uploads\/sites\/12\/2024\/05\/2003-2004-VCD-Curriculum.pdf\">2003-2004 VCD Curriculum<\/a><\/p>\n<p>&nbsp;<\/p>\n","protected":false},"excerpt":{"rendered":"<p>2025-2026 VCD Curriculum 2023-2024 VCD Curriculum 2022-2023 VCD Curriculum 2021-2022 VCD Curriculum 2020-2021 VCD Curriculum 2019-2020 VCD Curriculum 2018-2019 VCD Curriculum 2017-2018 VCD Curriculum 2016-2017 VCD Curriculum 2015-2016 VCD Curriculum 2014-2015 VCD Curriculum 2013-2014 VCD Curriculum 2012-2011 VCD Curriculum 2010-2011 VCD Curriculum 2009-2010 VCD Curriculum 2008-2009 VCD Curriculum 2007-2008 VCD Curriculum 2006-2007 VCD Curriculum 2004-2005 [&hellip;]<\/p>\n","protected":false},"author":149,"featured_media":0,"parent":0,"menu_order":0,"comment_status":"closed","ping_status":"closed","template":"genel_sayfa.php","meta":{"footnotes":""},"yoast_head":"<!-- This site is optimized with the Yoast SEO Premium plugin v22.1 (Yoast SEO v22.1) - https:\/\/yoast.com\/wordpress\/plugins\/seo\/ -->\n<title>CURRICULUM - G\u00f6rsel \u0130leti\u015fim Tasar\u0131m\u0131<\/title>\n<meta name=\"robots\" content=\"index, follow, max-snippet:-1, max-image-preview:large, max-video-preview:-1\" \/>\n<link rel=\"canonical\" href=\"https:\/\/ticaret.edu.tr\/gorsel-iletisim-tasarimi\/en\/curriculum\/\" \/>\n<meta property=\"og:locale\" content=\"tr_TR\" \/>\n<meta property=\"og:type\" content=\"article\" \/>\n<meta property=\"og:title\" content=\"CURRICULUM\" \/>\n<meta property=\"og:description\" content=\"2025-2026 VCD Curriculum 2023-2024 VCD Curriculum 2022-2023 VCD Curriculum 2021-2022 VCD Curriculum 2020-2021 VCD Curriculum 2019-2020 VCD Curriculum 2018-2019 VCD Curriculum 2017-2018 VCD Curriculum 2016-2017 VCD Curriculum 2015-2016 VCD Curriculum 2014-2015 VCD Curriculum 2013-2014 VCD Curriculum 2012-2011 VCD Curriculum 2010-2011 VCD Curriculum 2009-2010 VCD Curriculum 2008-2009 VCD Curriculum 2007-2008 VCD Curriculum 2006-2007 VCD Curriculum 2004-2005 [&hellip;]\" \/>\n<meta property=\"og:url\" content=\"https:\/\/ticaret.edu.tr\/gorsel-iletisim-tasarimi\/en\/curriculum\/\" \/>\n<meta property=\"og:site_name\" content=\"G\u00f6rsel \u0130leti\u015fim Tasar\u0131m\u0131\" \/>\n<meta property=\"article:publisher\" content=\"https:\/\/www.facebook.com\/ticaretedutr\" \/>\n<meta property=\"article:modified_time\" content=\"2026-02-05T14:21:50+00:00\" \/>\n<meta property=\"og:image\" content=\"http:\/\/ticaret.edu.tr\/gorsel-iletisim-tasarimi\/wp-content\/uploads\/sites\/12\/2021\/11\/web_logo-01.jpg\" \/>\n\t<meta property=\"og:image:width\" content=\"1250\" \/>\n\t<meta property=\"og:image:height\" content=\"833\" \/>\n\t<meta property=\"og:image:type\" content=\"image\/jpeg\" \/>\n<meta name=\"twitter:card\" content=\"summary_large_image\" \/>\n<meta name=\"twitter:site\" content=\"@ticaretedutr\" \/>\n<meta name=\"twitter:label1\" content=\"Tahmini okuma s\u00fcresi\" \/>\n\t<meta name=\"twitter:data1\" content=\"1 dakika\" \/>\n<script type=\"application\/ld+json\" class=\"yoast-schema-graph\">{\"@context\":\"https:\/\/schema.org\",\"@graph\":[{\"@type\":\"WebPage\",\"@id\":\"https:\/\/ticaret.edu.tr\/gorsel-iletisim-tasarimi\/en\/curriculum\/\",\"url\":\"https:\/\/ticaret.edu.tr\/gorsel-iletisim-tasarimi\/en\/curriculum\/\",\"name\":\"CURRICULUM - G\u00f6rsel \u0130leti\u015fim Tasar\u0131m\u0131\",\"isPartOf\":{\"@id\":\"https:\/\/ticaret.edu.tr\/gorsel-iletisim-tasarimi\/#website\"},\"datePublished\":\"2022-01-04T12:52:41+00:00\",\"dateModified\":\"2026-02-05T14:21:50+00:00\",\"breadcrumb\":{\"@id\":\"https:\/\/ticaret.edu.tr\/gorsel-iletisim-tasarimi\/en\/curriculum\/#breadcrumb\"},\"inLanguage\":\"tr\",\"potentialAction\":[{\"@type\":\"ReadAction\",\"target\":[\"https:\/\/ticaret.edu.tr\/gorsel-iletisim-tasarimi\/en\/curriculum\/\"]}]},{\"@type\":\"BreadcrumbList\",\"@id\":\"https:\/\/ticaret.edu.tr\/gorsel-iletisim-tasarimi\/en\/curriculum\/#breadcrumb\",\"itemListElement\":[{\"@type\":\"ListItem\",\"position\":1,\"name\":\"Ana sayfa\",\"item\":\"https:\/\/ticaret.edu.tr\/gorsel-iletisim-tasarimi\/\"},{\"@type\":\"ListItem\",\"position\":2,\"name\":\"CURRICULUM\"}]},{\"@type\":\"WebSite\",\"@id\":\"https:\/\/ticaret.edu.tr\/gorsel-iletisim-tasarimi\/#website\",\"url\":\"https:\/\/ticaret.edu.tr\/gorsel-iletisim-tasarimi\/\",\"name\":\"G\u00f6rsel \u0130leti\u015fim Tasar\u0131m\u0131\",\"description\":\"\",\"potentialAction\":[{\"@type\":\"SearchAction\",\"target\":{\"@type\":\"EntryPoint\",\"urlTemplate\":\"https:\/\/ticaret.edu.tr\/gorsel-iletisim-tasarimi\/?s={search_term_string}\"},\"query-input\":\"required name=search_term_string\"}],\"inLanguage\":\"tr\"}]}<\/script>\n<!-- \/ Yoast SEO Premium plugin. -->","yoast_head_json":{"title":"CURRICULUM - G\u00f6rsel \u0130leti\u015fim Tasar\u0131m\u0131","robots":{"index":"index","follow":"follow","max-snippet":"max-snippet:-1","max-image-preview":"max-image-preview:large","max-video-preview":"max-video-preview:-1"},"canonical":"https:\/\/ticaret.edu.tr\/gorsel-iletisim-tasarimi\/en\/curriculum\/","og_locale":"tr_TR","og_type":"article","og_title":"CURRICULUM","og_description":"2025-2026 VCD Curriculum 2023-2024 VCD Curriculum 2022-2023 VCD Curriculum 2021-2022 VCD Curriculum 2020-2021 VCD Curriculum 2019-2020 VCD Curriculum 2018-2019 VCD Curriculum 2017-2018 VCD Curriculum 2016-2017 VCD Curriculum 2015-2016 VCD Curriculum 2014-2015 VCD Curriculum 2013-2014 VCD Curriculum 2012-2011 VCD Curriculum 2010-2011 VCD Curriculum 2009-2010 VCD Curriculum 2008-2009 VCD Curriculum 2007-2008 VCD Curriculum 2006-2007 VCD Curriculum 2004-2005 [&hellip;]","og_url":"https:\/\/ticaret.edu.tr\/gorsel-iletisim-tasarimi\/en\/curriculum\/","og_site_name":"G\u00f6rsel \u0130leti\u015fim Tasar\u0131m\u0131","article_publisher":"https:\/\/www.facebook.com\/ticaretedutr","article_modified_time":"2026-02-05T14:21:50+00:00","og_image":[{"width":1250,"height":833,"url":"http:\/\/ticaret.edu.tr\/gorsel-iletisim-tasarimi\/wp-content\/uploads\/sites\/12\/2021\/11\/web_logo-01.jpg","type":"image\/jpeg"}],"twitter_card":"summary_large_image","twitter_site":"@ticaretedutr","twitter_misc":{"Tahmini okuma s\u00fcresi":"1 dakika"},"schema":{"@context":"https:\/\/schema.org","@graph":[{"@type":"WebPage","@id":"https:\/\/ticaret.edu.tr\/gorsel-iletisim-tasarimi\/en\/curriculum\/","url":"https:\/\/ticaret.edu.tr\/gorsel-iletisim-tasarimi\/en\/curriculum\/","name":"CURRICULUM - G\u00f6rsel \u0130leti\u015fim Tasar\u0131m\u0131","isPartOf":{"@id":"https:\/\/ticaret.edu.tr\/gorsel-iletisim-tasarimi\/#website"},"datePublished":"2022-01-04T12:52:41+00:00","dateModified":"2026-02-05T14:21:50+00:00","breadcrumb":{"@id":"https:\/\/ticaret.edu.tr\/gorsel-iletisim-tasarimi\/en\/curriculum\/#breadcrumb"},"inLanguage":"tr","potentialAction":[{"@type":"ReadAction","target":["https:\/\/ticaret.edu.tr\/gorsel-iletisim-tasarimi\/en\/curriculum\/"]}]},{"@type":"BreadcrumbList","@id":"https:\/\/ticaret.edu.tr\/gorsel-iletisim-tasarimi\/en\/curriculum\/#breadcrumb","itemListElement":[{"@type":"ListItem","position":1,"name":"Ana sayfa","item":"https:\/\/ticaret.edu.tr\/gorsel-iletisim-tasarimi\/"},{"@type":"ListItem","position":2,"name":"CURRICULUM"}]},{"@type":"WebSite","@id":"https:\/\/ticaret.edu.tr\/gorsel-iletisim-tasarimi\/#website","url":"https:\/\/ticaret.edu.tr\/gorsel-iletisim-tasarimi\/","name":"G\u00f6rsel \u0130leti\u015fim Tasar\u0131m\u0131","description":"","potentialAction":[{"@type":"SearchAction","target":{"@type":"EntryPoint","urlTemplate":"https:\/\/ticaret.edu.tr\/gorsel-iletisim-tasarimi\/?s={search_term_string}"},"query-input":"required name=search_term_string"}],"inLanguage":"tr"}]}},"lang":"en","translations":{"en":614,"tr":6},"pll_sync_post":[],"_links":{"self":[{"href":"http:\/\/ticaret.edu.tr\/gorsel-iletisim-tasarimi\/wp-json\/wp\/v2\/pages\/614"}],"collection":[{"href":"http:\/\/ticaret.edu.tr\/gorsel-iletisim-tasarimi\/wp-json\/wp\/v2\/pages"}],"about":[{"href":"http:\/\/ticaret.edu.tr\/gorsel-iletisim-tasarimi\/wp-json\/wp\/v2\/types\/page"}],"author":[{"embeddable":true,"href":"http:\/\/ticaret.edu.tr\/gorsel-iletisim-tasarimi\/wp-json\/wp\/v2\/users\/149"}],"replies":[{"embeddable":true,"href":"http:\/\/ticaret.edu.tr\/gorsel-iletisim-tasarimi\/wp-json\/wp\/v2\/comments?post=614"}],"version-history":[{"count":6,"href":"http:\/\/ticaret.edu.tr\/gorsel-iletisim-tasarimi\/wp-json\/wp\/v2\/pages\/614\/revisions"}],"predecessor-version":[{"id":2419,"href":"http:\/\/ticaret.edu.tr\/gorsel-iletisim-tasarimi\/wp-json\/wp\/v2\/pages\/614\/revisions\/2419"}],"wp:attachment":[{"href":"http:\/\/ticaret.edu.tr\/gorsel-iletisim-tasarimi\/wp-json\/wp\/v2\/media?parent=614"}],"curies":[{"name":"wp","href":"https:\/\/api.w.org\/{rel}","templated":true}]}}