{"id":9,"date":"2020-05-03T11:52:47","date_gmt":"2020-05-03T08:52:47","guid":{"rendered":"http:\/\/ticaret.edu.tr\/gorsel\/?page_id=9"},"modified":"2025-02-11T15:42:04","modified_gmt":"2025-02-11T12:42:04","slug":"akademik-kadro","status":"publish","type":"page","link":"http:\/\/ticaret.edu.tr\/gorsel-iletisim-tasarimi\/akademik-kadro\/","title":{"rendered":"Akademik Kadro"},"content":{"rendered":"<style media=\"screen\">\r\n  \/* .akademikkadro_list { list-style: none; padding: 0; margin: 0;}\r\n  .akademikkadro_list li { float:left; width: 50%; margin-bottom: 8px; border-bottom: 1px solid rgba(0,0,0, 0.2); transition: all 0.3s ease-in-out; background-color: #fff;}\r\n  .akademikkadro_list li:first-child { width: 100%; }\r\n  .akademikkadro_list li:first-child .akademik_left { height: 220px;}\r\n  .akademikkadro_list li:hover { background-color: rgba(0,0,0, 0.05); cursor: pointer; }\r\n  .akademik_left { float:left; width: 35%; height: 150px; padding: 10px; border-bottom: 4px solid #0d1554; }\r\n  .akademik_cover { width: 100%; background-size: cover; background-position: center center; height: 100%; border: 1px solid #0d1554;  }\r\n  .akademik_content { float:left; width: 65%; padding: 15px 0px; font-size: 13px; }\r\n  .akademik_content h4 { font-size: 14px; font-weight: 600; }\r\n  .kenar { padding-left: 0; padding-right: 0; } *\/\r\n  @media (max-width: 460px) {\r\n    .akademikkadro_list li { width: 100%!important; }\r\n    .akademikkadro_list li:first-child .akademik_left { height: 120px!important; width: 27%!important;}\r\n    .dropdown-menu .dropdown-menu .dropdown-menu { left: 0px!important; }\r\n    .akademik_content { width: 73%!important; }\r\n\r\n  }\r\n  .akademikkadro_list { list-style: none; padding: 0; margin: 0;}\r\n  .akademikkadro_list li { float:left; width: 50%; margin-bottom: 8px; border-bottom: 1px solid rgba(0,0,0, 0.2); transition: all 0.3s ease-in-out; background-color: #fff;}\r\n  .akademikkadro_list li:first-child { width: 100%; }\r\n  .akademikkadro_list li:first-child .akademik_left { height: 140px; width: 15%;}\r\n  .akademikkadro_list li:hover { background-color: rgba(0,0,0, 0.05); cursor: pointer; }\r\n  .akademik_left { float:left; width: 24%; height: 120px; padding: 10px; border-bottom: 4px solid #0d1554; }\r\n  .akademik_cover { width: 100%; background-size: cover; background-position: top center; height: 100%; border: 2px solid #0d1554; border-radius: 8px; }\r\n  .akademik_content { float:left; width: 76%; padding: 15px 0px; font-size: 13px; position: relative; }\r\n  .akademik_content h4 { font-size: 14px; font-weight: 600; }\r\n  .akademik-line { position: relative; \/*z-index: 9999999;*\/ }\r\n  .akademik_content:after { position: absolute; right: 20px; font-size: 50px; font-family: \"Font Awesome 5 Free\"; content:\"\\f2c2\"; top: 20%; color:#fff; z-index: 1; }\r\n  .kenar { padding-left: 0; padding-right: 0; }\r\n<\/style>\r\n\r\n      <ul class=\"akademikkadro_list\">\r\n                            <li class=\"akademiklist_li\" cv_target=\"https:\/\/avesis.ticaret.edu.tr\/rsenturk\">\r\n            <div class=\"akademik_left\">\r\n              <div class=\"akademik_cover\" style=\"background-image: url('https:\/\/ticaret.edu.tr\/wp-content\/uploads\/2025\/05\/duzenlendi2-1-scaled.jpg');\"><\/div>\r\n            <\/div>\r\n            <div class=\"akademik_content\">\r\n              <a href=\"https:\/\/avesis.ticaret.edu.tr\/rsenturk\" target=\"_blank\"><h4>Prof. Dr. R\u0131dvan \u015eENT\u00dcRK<\/h4><\/a>\r\n              <div class=\"akademik-line\">Faculty of Communication<\/div>\r\n              <div class=\"akademik-line\">Visual Communication Design<\/div>\r\n              <div class=\"akademik-line\">Dean, Head of Department<\/div>\r\n            <\/div>\r\n          <\/li>\r\n                            <li class=\"akademiklist_li\" cv_target=\"https:\/\/avesis.ticaret.edu.tr\/gsunal\">\r\n            <div class=\"akademik_left\">\r\n              <div class=\"akademik_cover\" style=\"background-image: url('https:\/\/ticaret.edu.tr\/wp-content\/uploads\/2025\/05\/44-duzenlendi4-scaled.jpg');\"><\/div>\r\n            <\/div>\r\n            <div class=\"akademik_content\">\r\n              <a href=\"https:\/\/avesis.ticaret.edu.tr\/gsunal\" target=\"_blank\"><h4>Assoc. Prof. Dr. G\u00f6zde SUNAL KIZIL<\/h4><\/a>\r\n              <div class=\"akademik-line\">Faculty of Communication<\/div>\r\n              <div class=\"akademik-line\">Visual Communication Design<\/div>\r\n              <div class=\"akademik-line\">Vice Dean<\/div>\r\n            <\/div>\r\n          <\/li>\r\n                            <li class=\"akademiklist_li\" cv_target=\"https:\/\/avesis.ticaret.edu.tr\/falver\">\r\n            <div class=\"akademik_left\">\r\n              <div class=\"akademik_cover\" style=\"background-image: url('https:\/\/ticaret.edu.tr\/wp-content\/uploads\/2025\/05\/DSCF3171-scaled.jpg');\"><\/div>\r\n            <\/div>\r\n            <div class=\"akademik_content\">\r\n              <a href=\"https:\/\/avesis.ticaret.edu.tr\/falver\" target=\"_blank\"><h4>Prof. Dr. F\u00fcsun ALVER<\/h4><\/a>\r\n              <div class=\"akademik-line\">Faculty of Communication<\/div>\r\n              <div class=\"akademik-line\">Visual Communication Design<\/div>\r\n              <div class=\"akademik-line\">Faculty Member<\/div>\r\n            <\/div>\r\n          <\/li>\r\n                            <li class=\"akademiklist_li\" cv_target=\"https:\/\/avesis.ticaret.edu.tr\/dkodak\">\r\n            <div class=\"akademik_left\">\r\n              <div class=\"akademik_cover\" style=\"background-image: url('https:\/\/ticaret.edu.tr\/wp-content\/uploads\/2025\/09\/IMG_9281.jpg');\"><\/div>\r\n            <\/div>\r\n            <div class=\"akademik_content\">\r\n              <a href=\"https:\/\/avesis.ticaret.edu.tr\/dkodak\" target=\"_blank\"><h4>Assoc. Prof. Dr.\u00a0 Dilge KODAK<\/h4><\/a>\r\n              <div class=\"akademik-line\">Faculty of Communication<\/div>\r\n              <div class=\"akademik-line\">Visual Communication Design<\/div>\r\n              <div class=\"akademik-line\">Faculty Member<\/div>\r\n            <\/div>\r\n          <\/li>\r\n                            <li class=\"akademiklist_li\" cv_target=\"https:\/\/avesis.ticaret.edu.tr\/egoktepe\">\r\n            <div class=\"akademik_left\">\r\n              <div class=\"akademik_cover\" style=\"background-image: url('https:\/\/ticaret.edu.tr\/wp-content\/uploads\/2025\/05\/DSCF2308-scaled.jpg');\"><\/div>\r\n            <\/div>\r\n            <div class=\"akademik_content\">\r\n              <a href=\"https:\/\/avesis.ticaret.edu.tr\/egoktepe\" target=\"_blank\"><h4>FM Dr. Erdem G\u00d6KTEPE<\/h4><\/a>\r\n              <div class=\"akademik-line\">Faculty of Communication<\/div>\r\n              <div class=\"akademik-line\">Visual Communication Design<\/div>\r\n              <div class=\"akademik-line\">Faculty Member<\/div>\r\n            <\/div>\r\n          <\/li>\r\n                            <li class=\"akademiklist_li\" cv_target=\"https:\/\/avesis.ticaret.edu.tr\/mealbayrak\">\r\n            <div class=\"akademik_left\">\r\n              <div class=\"akademik_cover\" style=\"background-image: url('https:\/\/ticaret.edu.tr\/wp-content\/uploads\/2025\/05\/DSCF6457.jpg');\"><\/div>\r\n            <\/div>\r\n            <div class=\"akademik_content\">\r\n              <a href=\"https:\/\/avesis.ticaret.edu.tr\/mealbayrak\" target=\"_blank\"><h4>FM Dr. Muhammed Emin ALBAYRAK<\/h4><\/a>\r\n              <div class=\"akademik-line\">Faculty of Communication<\/div>\r\n              <div class=\"akademik-line\">Visual Communication Design<\/div>\r\n              <div class=\"akademik-line\">Faculty Member<\/div>\r\n            <\/div>\r\n          <\/li>\r\n                            <li class=\"akademiklist_li\" cv_target=\"https:\/\/avesis.ticaret.edu.tr\/aeerbay\">\r\n            <div class=\"akademik_left\">\r\n              <div class=\"akademik_cover\" style=\"background-image: url('https:\/\/ticaret.edu.tr\/wp-content\/uploads\/2025\/05\/DSCF4680-scaled.jpg');\"><\/div>\r\n            <\/div>\r\n            <div class=\"akademik_content\">\r\n              <a href=\"https:\/\/avesis.ticaret.edu.tr\/aeerbay\" target=\"_blank\"><h4>Lect. Alp Eren ERBAY<\/h4><\/a>\r\n              <div class=\"akademik-line\">Faculty of Communication<\/div>\r\n              <div class=\"akademik-line\">Visual Communication Design<\/div>\r\n              <div class=\"akademik-line\">Lecturer<\/div>\r\n            <\/div>\r\n          <\/li>\r\n                            <li class=\"akademiklist_li\" cv_target=\"https:\/\/avesis.ticaret.edu.tr\/elertan\">\r\n            <div class=\"akademik_left\">\r\n              <div class=\"akademik_cover\" style=\"background-image: url('https:\/\/ticaret.edu.tr\/wp-content\/uploads\/2025\/05\/DSCF2158-scaled.jpg');\"><\/div>\r\n            <\/div>\r\n            <div class=\"akademik_content\">\r\n              <a href=\"https:\/\/avesis.ticaret.edu.tr\/elertan\" target=\"_blank\"><h4>RA Erdil Levent ERTAN<\/h4><\/a>\r\n              <div class=\"akademik-line\">Faculty of Communication<\/div>\r\n              <div class=\"akademik-line\">Visual Communication Design<\/div>\r\n              <div class=\"akademik-line\">Research Assistant<\/div>\r\n            <\/div>\r\n          <\/li>\r\n                            <li class=\"akademiklist_li\" cv_target=\"https:\/\/avesis.ticaret.edu.tr\/kealtaylar\">\r\n            <div class=\"akademik_left\">\r\n              <div class=\"akademik_cover\" style=\"background-image: url('https:\/\/ticaret.edu.tr\/wp-content\/uploads\/2025\/05\/DSCF2172-scaled.jpg');\"><\/div>\r\n            <\/div>\r\n            <div class=\"akademik_content\">\r\n              <a href=\"https:\/\/avesis.ticaret.edu.tr\/kealtaylar\" target=\"_blank\"><h4>RA Kerem Eren ALTAYLAR<\/h4><\/a>\r\n              <div class=\"akademik-line\">Faculty of Communication<\/div>\r\n              <div class=\"akademik-line\">Visual Communication Design<\/div>\r\n              <div class=\"akademik-line\">Research Assistant<\/div>\r\n            <\/div>\r\n          <\/li>\r\n                            <li class=\"akademiklist_li\" cv_target=\"https:\/\/avesis.ticaret.edu.tr\/\">\r\n            <div class=\"akademik_left\">\r\n              <div class=\"akademik_cover\" style=\"background-image: url('http:\/\/ticaret.edu.tr\/wp-content\/uploads\/2022\/07\/akademik-boyut1.png');\"><\/div>\r\n            <\/div>\r\n            <div class=\"akademik_content\">\r\n              <a href=\"https:\/\/avesis.ticaret.edu.tr\/\" target=\"_blank\"><h4>*Assoc. Prof. Dr. B\u00fclent ERUTKU<\/h4><\/a>\r\n              <div class=\"akademik-line\">Faculty of Communication<\/div>\r\n              <div class=\"akademik-line\">Visual Communication Design<\/div>\r\n              <div class=\"akademik-line\">Visiting Lecturer<\/div>\r\n            <\/div>\r\n          <\/li>\r\n              <\/ul>\r\n\r\n      \n<div class=\"table-responsive\">\u201c*\u201d 2547 say\u0131l\u0131 kanunun 40-A ve 40-B maddesi uyar\u0131nca g\u00f6revlendirilmi\u015ftir.<\/div>\n<div>\n<p>\u201c**\u201d 2547 say\u0131l\u0131 kanunun 31. maddesi uyar\u0131nca g\u00f6revlendirilmi\u015ftir.<\/p>\n<\/div>\n","protected":false},"excerpt":{"rendered":"<p>\u201c*\u201d 2547 say\u0131l\u0131 kanunun 40-A ve 40-B maddesi uyar\u0131nca g\u00f6revlendirilmi\u015ftir. \u201c**\u201d 2547 say\u0131l\u0131 kanunun 31. maddesi uyar\u0131nca g\u00f6revlendirilmi\u015ftir.<\/p>\n","protected":false},"author":1,"featured_media":0,"parent":0,"menu_order":0,"comment_status":"closed","ping_status":"closed","template":"genel_sayfa.php","meta":{"footnotes":""},"yoast_head":"<!-- This site is optimized with the Yoast SEO Premium plugin v22.1 (Yoast SEO v22.1) - https:\/\/yoast.com\/wordpress\/plugins\/seo\/ -->\n<title>Akademik Kadro - G\u00f6rsel \u0130leti\u015fim Tasar\u0131m\u0131<\/title>\n<meta name=\"robots\" content=\"index, follow, max-snippet:-1, max-image-preview:large, max-video-preview:-1\" \/>\n<link rel=\"canonical\" href=\"http:\/\/ticaret.edu.tr\/gorsel-iletisim-tasarimi\/akademik-kadro\/\" \/>\n<meta property=\"og:locale\" content=\"tr_TR\" \/>\n<meta property=\"og:type\" content=\"article\" \/>\n<meta property=\"og:title\" content=\"Akademik Kadro\" \/>\n<meta property=\"og:description\" content=\"\u201c*\u201d 2547 say\u0131l\u0131 kanunun 40-A ve 40-B maddesi uyar\u0131nca g\u00f6revlendirilmi\u015ftir. \u201c**\u201d 2547 say\u0131l\u0131 kanunun 31. maddesi uyar\u0131nca g\u00f6revlendirilmi\u015ftir.\" \/>\n<meta property=\"og:url\" content=\"http:\/\/ticaret.edu.tr\/gorsel-iletisim-tasarimi\/akademik-kadro\/\" \/>\n<meta property=\"og:site_name\" content=\"G\u00f6rsel \u0130leti\u015fim Tasar\u0131m\u0131\" \/>\n<meta property=\"article:publisher\" content=\"https:\/\/www.facebook.com\/ticaretedutr\" \/>\n<meta property=\"article:modified_time\" content=\"2025-02-11T12:42:04+00:00\" \/>\n<meta property=\"og:image\" content=\"http:\/\/ticaret.edu.tr\/gorsel-iletisim-tasarimi\/wp-content\/uploads\/sites\/12\/2021\/11\/web_logo-01.jpg\" \/>\n\t<meta property=\"og:image:width\" content=\"1250\" \/>\n\t<meta property=\"og:image:height\" content=\"833\" \/>\n\t<meta property=\"og:image:type\" content=\"image\/jpeg\" \/>\n<meta name=\"twitter:card\" content=\"summary_large_image\" \/>\n<meta name=\"twitter:site\" content=\"@ticaretedutr\" \/>\n<meta name=\"twitter:label1\" content=\"Tahmini okuma s\u00fcresi\" \/>\n\t<meta name=\"twitter:data1\" content=\"1 dakika\" \/>\n<script type=\"application\/ld+json\" class=\"yoast-schema-graph\">{\"@context\":\"https:\/\/schema.org\",\"@graph\":[{\"@type\":\"WebPage\",\"@id\":\"http:\/\/ticaret.edu.tr\/gorsel-iletisim-tasarimi\/akademik-kadro\/\",\"url\":\"http:\/\/ticaret.edu.tr\/gorsel-iletisim-tasarimi\/akademik-kadro\/\",\"name\":\"Akademik Kadro - G\u00f6rsel \u0130leti\u015fim Tasar\u0131m\u0131\",\"isPartOf\":{\"@id\":\"http:\/\/ticaret.edu.tr\/gorsel-iletisim-tasarimi\/en\/#website\"},\"datePublished\":\"2020-05-03T08:52:47+00:00\",\"dateModified\":\"2025-02-11T12:42:04+00:00\",\"breadcrumb\":{\"@id\":\"http:\/\/ticaret.edu.tr\/gorsel-iletisim-tasarimi\/akademik-kadro\/#breadcrumb\"},\"inLanguage\":\"tr\",\"potentialAction\":[{\"@type\":\"ReadAction\",\"target\":[\"http:\/\/ticaret.edu.tr\/gorsel-iletisim-tasarimi\/akademik-kadro\/\"]}]},{\"@type\":\"BreadcrumbList\",\"@id\":\"http:\/\/ticaret.edu.tr\/gorsel-iletisim-tasarimi\/akademik-kadro\/#breadcrumb\",\"itemListElement\":[{\"@type\":\"ListItem\",\"position\":1,\"name\":\"Ana sayfa\",\"item\":\"https:\/\/ticaret.edu.tr\/gorsel-iletisim-tasarimi\/\"},{\"@type\":\"ListItem\",\"position\":2,\"name\":\"Akademik Kadro\"}]},{\"@type\":\"WebSite\",\"@id\":\"http:\/\/ticaret.edu.tr\/gorsel-iletisim-tasarimi\/en\/#website\",\"url\":\"http:\/\/ticaret.edu.tr\/gorsel-iletisim-tasarimi\/en\/\",\"name\":\"G\u00f6rsel \u0130leti\u015fim Tasar\u0131m\u0131\",\"description\":\"\",\"potentialAction\":[{\"@type\":\"SearchAction\",\"target\":{\"@type\":\"EntryPoint\",\"urlTemplate\":\"http:\/\/ticaret.edu.tr\/gorsel-iletisim-tasarimi\/en\/?s={search_term_string}\"},\"query-input\":\"required name=search_term_string\"}],\"inLanguage\":\"tr\"}]}<\/script>\n<!-- \/ Yoast SEO Premium plugin. -->","yoast_head_json":{"title":"Akademik Kadro - G\u00f6rsel \u0130leti\u015fim Tasar\u0131m\u0131","robots":{"index":"index","follow":"follow","max-snippet":"max-snippet:-1","max-image-preview":"max-image-preview:large","max-video-preview":"max-video-preview:-1"},"canonical":"http:\/\/ticaret.edu.tr\/gorsel-iletisim-tasarimi\/akademik-kadro\/","og_locale":"tr_TR","og_type":"article","og_title":"Akademik Kadro","og_description":"\u201c*\u201d 2547 say\u0131l\u0131 kanunun 40-A ve 40-B maddesi uyar\u0131nca g\u00f6revlendirilmi\u015ftir. \u201c**\u201d 2547 say\u0131l\u0131 kanunun 31. maddesi uyar\u0131nca g\u00f6revlendirilmi\u015ftir.","og_url":"http:\/\/ticaret.edu.tr\/gorsel-iletisim-tasarimi\/akademik-kadro\/","og_site_name":"G\u00f6rsel \u0130leti\u015fim Tasar\u0131m\u0131","article_publisher":"https:\/\/www.facebook.com\/ticaretedutr","article_modified_time":"2025-02-11T12:42:04+00:00","og_image":[{"width":1250,"height":833,"url":"http:\/\/ticaret.edu.tr\/gorsel-iletisim-tasarimi\/wp-content\/uploads\/sites\/12\/2021\/11\/web_logo-01.jpg","type":"image\/jpeg"}],"twitter_card":"summary_large_image","twitter_site":"@ticaretedutr","twitter_misc":{"Tahmini okuma s\u00fcresi":"1 dakika"},"schema":{"@context":"https:\/\/schema.org","@graph":[{"@type":"WebPage","@id":"http:\/\/ticaret.edu.tr\/gorsel-iletisim-tasarimi\/akademik-kadro\/","url":"http:\/\/ticaret.edu.tr\/gorsel-iletisim-tasarimi\/akademik-kadro\/","name":"Akademik Kadro - G\u00f6rsel \u0130leti\u015fim Tasar\u0131m\u0131","isPartOf":{"@id":"http:\/\/ticaret.edu.tr\/gorsel-iletisim-tasarimi\/en\/#website"},"datePublished":"2020-05-03T08:52:47+00:00","dateModified":"2025-02-11T12:42:04+00:00","breadcrumb":{"@id":"http:\/\/ticaret.edu.tr\/gorsel-iletisim-tasarimi\/akademik-kadro\/#breadcrumb"},"inLanguage":"tr","potentialAction":[{"@type":"ReadAction","target":["http:\/\/ticaret.edu.tr\/gorsel-iletisim-tasarimi\/akademik-kadro\/"]}]},{"@type":"BreadcrumbList","@id":"http:\/\/ticaret.edu.tr\/gorsel-iletisim-tasarimi\/akademik-kadro\/#breadcrumb","itemListElement":[{"@type":"ListItem","position":1,"name":"Ana sayfa","item":"https:\/\/ticaret.edu.tr\/gorsel-iletisim-tasarimi\/"},{"@type":"ListItem","position":2,"name":"Akademik Kadro"}]},{"@type":"WebSite","@id":"http:\/\/ticaret.edu.tr\/gorsel-iletisim-tasarimi\/en\/#website","url":"http:\/\/ticaret.edu.tr\/gorsel-iletisim-tasarimi\/en\/","name":"G\u00f6rsel \u0130leti\u015fim Tasar\u0131m\u0131","description":"","potentialAction":[{"@type":"SearchAction","target":{"@type":"EntryPoint","urlTemplate":"http:\/\/ticaret.edu.tr\/gorsel-iletisim-tasarimi\/en\/?s={search_term_string}"},"query-input":"required name=search_term_string"}],"inLanguage":"tr"}]}},"lang":"tr","translations":{"en":608,"tr":9},"pll_sync_post":[],"_links":{"self":[{"href":"http:\/\/ticaret.edu.tr\/gorsel-iletisim-tasarimi\/wp-json\/wp\/v2\/pages\/9"}],"collection":[{"href":"http:\/\/ticaret.edu.tr\/gorsel-iletisim-tasarimi\/wp-json\/wp\/v2\/pages"}],"about":[{"href":"http:\/\/ticaret.edu.tr\/gorsel-iletisim-tasarimi\/wp-json\/wp\/v2\/types\/page"}],"author":[{"embeddable":true,"href":"http:\/\/ticaret.edu.tr\/gorsel-iletisim-tasarimi\/wp-json\/wp\/v2\/users\/1"}],"replies":[{"embeddable":true,"href":"http:\/\/ticaret.edu.tr\/gorsel-iletisim-tasarimi\/wp-json\/wp\/v2\/comments?post=9"}],"version-history":[{"count":26,"href":"http:\/\/ticaret.edu.tr\/gorsel-iletisim-tasarimi\/wp-json\/wp\/v2\/pages\/9\/revisions"}],"predecessor-version":[{"id":1279,"href":"http:\/\/ticaret.edu.tr\/gorsel-iletisim-tasarimi\/wp-json\/wp\/v2\/pages\/9\/revisions\/1279"}],"wp:attachment":[{"href":"http:\/\/ticaret.edu.tr\/gorsel-iletisim-tasarimi\/wp-json\/wp\/v2\/media?parent=9"}],"curies":[{"name":"wp","href":"https:\/\/api.w.org\/{rel}","templated":true}]}}