{"id":1821,"date":"2025-01-26T21:44:00","date_gmt":"2025-01-26T18:44:00","guid":{"rendered":"https:\/\/ticaret.edu.tr\/halkla-iliskiler-ve-reklamcilik\/?page_id=1821"},"modified":"2025-03-05T14:00:14","modified_gmt":"2025-03-05T11:00:14","slug":"tarihce","status":"publish","type":"page","link":"http:\/\/ticaret.edu.tr\/halkla-iliskiler-ve-reklamcilik\/tarihce\/","title":{"rendered":"Tarih\u00e7e"},"content":{"rendered":"<p>\u0130stanbul Ticaret \u00dcniversitesi, \u0130leti\u015fim Fak\u00fcltesi b\u00fcnyesinde yer alan ve 2001 y\u0131l\u0131nda kurulan Halkla \u0130li\u015fkiler b\u00f6l\u00fcm\u00fc, 2015 y\u0131l\u0131nda Reklamc\u0131l\u0131k b\u00f6l\u00fcm\u00fcn\u00fcn de kurulmas\u0131 g\u00fc\u00e7lenmi\u015f; 2016 y\u0131l\u0131nda \u00fcniversitemizde ger\u00e7ekle\u015fen yeniden yap\u0131lanma \u00e7al\u0131\u015fmalar\u0131 sonras\u0131nda Halkla \u0130li\u015fkiler ve Reklamc\u0131l\u0131k ad\u0131yla e\u011fitim-\u00f6\u011fretim faaliyetlerine devam eden bir b\u00f6l\u00fcm olmu\u015ftur. \u0130leti\u015fim \u015femsiyesi alt\u0131nda \u00f6\u011frencilerin yo\u011fun ilgi duydu\u011fu Halkla \u0130li\u015fkiler ve Reklamc\u0131l\u0131k B\u00f6l\u00fcm\u00fc, kuruldu\u011fu tarihten itibaren her y\u0131l \u00f6\u011frenci say\u0131s\u0131n\u0131 artt\u0131rarak e\u011fitimine devam etmektedir.<\/p>\n<p>D\u00fcnyan\u0131n k\u00fclt\u00fcr ba\u015fkentlerinden biri olan \u0130stanbul\u2019un \u00f6nde gelen semtlerinden S\u00fctl\u00fcce yerle\u015fkesinde bilimsel ve teknolojik geli\u015fmelere paralel akademik e\u011fitimin yan\u0131 s\u0131ra sekt\u00f6rel i\u015fbirlikleri ve ili\u015fkilerle \u00f6\u011frencilerimizin her iki d\u00fcnyaya ait bilgi ve tecr\u00fcbeyi elde etmesi ama\u00e7lanmaktad\u0131r.<\/p>\n<p>Akademik bilgi, birikim ve tecr\u00fcbenin yan\u0131 s\u0131ra \u0130stanbul Ticaret Odas\u0131\u2019n\u0131n kurumsal deste\u011fini de alarak b\u00fcy\u00fcyen \u00fcniversitemiz, \u00f6\u011frencilerine sadece uluslararas\u0131 ge\u00e7erlili\u011fi olan bir diploma de\u011fil, ayn\u0131 zamanda \u015fehrin i\u00e7indeki kamp\u00fcs ya\u015fam\u0131yla, i\u015f hayat\u0131n\u0131n network imk\u00e2nlar\u0131yla ve akademik y\u00f6nl\u00fc tecr\u00fcbenin bulu\u015ftu\u011fu e\u011fitim ortamlar\u0131nda standartlar\u0131 y\u00fcksek bir gelecek vaat etmektedir.<\/p>\n<p>B\u00f6l\u00fcm b\u00fcnyesinde ayr\u0131ca Kurumsal \u0130leti\u015fim Tezli\/Tezsiz YL, Reklam ve Stratejik Marka \u0130leti\u015fimi Tezli \/Tezsiz YL programlar\u0131 ile Halkla \u0130li\u015fkiler ve Reklamc\u0131l\u0131k Doktora program\u0131 bulunmaktad\u0131r.<\/p>\n","protected":false},"excerpt":{"rendered":"<p>\u0130stanbul Ticaret \u00dcniversitesi, \u0130leti\u015fim Fak\u00fcltesi b\u00fcnyesinde yer alan ve 2001 y\u0131l\u0131nda kurulan Halkla \u0130li\u015fkiler b\u00f6l\u00fcm\u00fc, 2015 y\u0131l\u0131nda Reklamc\u0131l\u0131k b\u00f6l\u00fcm\u00fcn\u00fcn de kurulmas\u0131 g\u00fc\u00e7lenmi\u015f; 2016 y\u0131l\u0131nda \u00fcniversitemizde ger\u00e7ekle\u015fen yeniden yap\u0131lanma \u00e7al\u0131\u015fmalar\u0131 sonras\u0131nda Halkla \u0130li\u015fkiler ve Reklamc\u0131l\u0131k ad\u0131yla e\u011fitim-\u00f6\u011fretim faaliyetlerine devam eden bir b\u00f6l\u00fcm olmu\u015ftur. \u0130leti\u015fim \u015femsiyesi alt\u0131nda \u00f6\u011frencilerin yo\u011fun ilgi duydu\u011fu Halkla \u0130li\u015fkiler ve Reklamc\u0131l\u0131k B\u00f6l\u00fcm\u00fc, kuruldu\u011fu [&hellip;]<\/p>\n","protected":false},"author":43,"featured_media":0,"parent":0,"menu_order":0,"comment_status":"closed","ping_status":"closed","template":"genel_sayfa.php","meta":{"footnotes":""},"yoast_head":"<!-- This site is optimized with the Yoast SEO Premium plugin v22.1 (Yoast SEO v22.1) - https:\/\/yoast.com\/wordpress\/plugins\/seo\/ -->\n<title>Tarih\u00e7e - Halkla \u0130li\u015fkiler ve Reklamc\u0131l\u0131k<\/title>\n<meta name=\"robots\" content=\"index, follow, max-snippet:-1, max-image-preview:large, max-video-preview:-1\" \/>\n<link rel=\"canonical\" href=\"https:\/\/ticaret.edu.tr\/halkla-iliskiler-ve-reklamcilik\/tarihce\/\" \/>\n<meta property=\"og:locale\" content=\"tr_TR\" \/>\n<meta property=\"og:type\" content=\"article\" \/>\n<meta property=\"og:title\" content=\"Tarih\u00e7e\" \/>\n<meta property=\"og:description\" content=\"\u0130stanbul Ticaret \u00dcniversitesi, \u0130leti\u015fim Fak\u00fcltesi b\u00fcnyesinde yer alan ve 2001 y\u0131l\u0131nda kurulan Halkla \u0130li\u015fkiler b\u00f6l\u00fcm\u00fc, 2015 y\u0131l\u0131nda Reklamc\u0131l\u0131k b\u00f6l\u00fcm\u00fcn\u00fcn de kurulmas\u0131 g\u00fc\u00e7lenmi\u015f; 2016 y\u0131l\u0131nda \u00fcniversitemizde ger\u00e7ekle\u015fen yeniden yap\u0131lanma \u00e7al\u0131\u015fmalar\u0131 sonras\u0131nda Halkla \u0130li\u015fkiler ve Reklamc\u0131l\u0131k ad\u0131yla e\u011fitim-\u00f6\u011fretim faaliyetlerine devam eden bir b\u00f6l\u00fcm olmu\u015ftur. \u0130leti\u015fim \u015femsiyesi alt\u0131nda \u00f6\u011frencilerin yo\u011fun ilgi duydu\u011fu Halkla \u0130li\u015fkiler ve Reklamc\u0131l\u0131k B\u00f6l\u00fcm\u00fc, kuruldu\u011fu [&hellip;]\" \/>\n<meta property=\"og:url\" content=\"https:\/\/ticaret.edu.tr\/halkla-iliskiler-ve-reklamcilik\/tarihce\/\" \/>\n<meta property=\"og:site_name\" content=\"Halkla \u0130li\u015fkiler ve Reklamc\u0131l\u0131k\" \/>\n<meta property=\"article:publisher\" content=\"https:\/\/www.facebook.com\/ticaretedutr\" \/>\n<meta property=\"article:modified_time\" content=\"2025-03-05T11:00:14+00:00\" \/>\n<meta property=\"og:image\" content=\"http:\/\/ticaret.edu.tr\/halkla-iliskiler-ve-reklamcilik\/wp-content\/uploads\/sites\/13\/2021\/11\/web_logo-01.jpg\" \/>\n\t<meta property=\"og:image:width\" content=\"1250\" \/>\n\t<meta property=\"og:image:height\" content=\"833\" \/>\n\t<meta property=\"og:image:type\" content=\"image\/jpeg\" \/>\n<meta name=\"twitter:card\" content=\"summary_large_image\" \/>\n<meta name=\"twitter:site\" content=\"@ticaretedutr\" \/>\n<meta name=\"twitter:label1\" content=\"Tahmini okuma s\u00fcresi\" \/>\n\t<meta name=\"twitter:data1\" content=\"2 dakika\" \/>\n<script type=\"application\/ld+json\" class=\"yoast-schema-graph\">{\"@context\":\"https:\/\/schema.org\",\"@graph\":[{\"@type\":\"WebPage\",\"@id\":\"https:\/\/ticaret.edu.tr\/halkla-iliskiler-ve-reklamcilik\/tarihce\/\",\"url\":\"https:\/\/ticaret.edu.tr\/halkla-iliskiler-ve-reklamcilik\/tarihce\/\",\"name\":\"Tarih\u00e7e - Halkla \u0130li\u015fkiler ve Reklamc\u0131l\u0131k\",\"isPartOf\":{\"@id\":\"http:\/\/ticaret.edu.tr\/halkla-iliskiler-ve-reklamcilik\/#website\"},\"datePublished\":\"2025-01-26T18:44:00+00:00\",\"dateModified\":\"2025-03-05T11:00:14+00:00\",\"breadcrumb\":{\"@id\":\"https:\/\/ticaret.edu.tr\/halkla-iliskiler-ve-reklamcilik\/tarihce\/#breadcrumb\"},\"inLanguage\":\"tr\",\"potentialAction\":[{\"@type\":\"ReadAction\",\"target\":[\"https:\/\/ticaret.edu.tr\/halkla-iliskiler-ve-reklamcilik\/tarihce\/\"]}]},{\"@type\":\"BreadcrumbList\",\"@id\":\"https:\/\/ticaret.edu.tr\/halkla-iliskiler-ve-reklamcilik\/tarihce\/#breadcrumb\",\"itemListElement\":[{\"@type\":\"ListItem\",\"position\":1,\"name\":\"Ana sayfa\",\"item\":\"http:\/\/ticaret.edu.tr\/halkla-iliskiler-ve-reklamcilik\/\"},{\"@type\":\"ListItem\",\"position\":2,\"name\":\"Tarih\u00e7e\"}]},{\"@type\":\"WebSite\",\"@id\":\"http:\/\/ticaret.edu.tr\/halkla-iliskiler-ve-reklamcilik\/#website\",\"url\":\"http:\/\/ticaret.edu.tr\/halkla-iliskiler-ve-reklamcilik\/\",\"name\":\"Halkla \u0130li\u015fkiler ve Reklamc\u0131l\u0131k\",\"description\":\"\",\"potentialAction\":[{\"@type\":\"SearchAction\",\"target\":{\"@type\":\"EntryPoint\",\"urlTemplate\":\"http:\/\/ticaret.edu.tr\/halkla-iliskiler-ve-reklamcilik\/?s={search_term_string}\"},\"query-input\":\"required name=search_term_string\"}],\"inLanguage\":\"tr\"}]}<\/script>\n<!-- \/ Yoast SEO Premium plugin. -->","yoast_head_json":{"title":"Tarih\u00e7e - Halkla \u0130li\u015fkiler ve Reklamc\u0131l\u0131k","robots":{"index":"index","follow":"follow","max-snippet":"max-snippet:-1","max-image-preview":"max-image-preview:large","max-video-preview":"max-video-preview:-1"},"canonical":"https:\/\/ticaret.edu.tr\/halkla-iliskiler-ve-reklamcilik\/tarihce\/","og_locale":"tr_TR","og_type":"article","og_title":"Tarih\u00e7e","og_description":"\u0130stanbul Ticaret \u00dcniversitesi, \u0130leti\u015fim Fak\u00fcltesi b\u00fcnyesinde yer alan ve 2001 y\u0131l\u0131nda kurulan Halkla \u0130li\u015fkiler b\u00f6l\u00fcm\u00fc, 2015 y\u0131l\u0131nda Reklamc\u0131l\u0131k b\u00f6l\u00fcm\u00fcn\u00fcn de kurulmas\u0131 g\u00fc\u00e7lenmi\u015f; 2016 y\u0131l\u0131nda \u00fcniversitemizde ger\u00e7ekle\u015fen yeniden yap\u0131lanma \u00e7al\u0131\u015fmalar\u0131 sonras\u0131nda Halkla \u0130li\u015fkiler ve Reklamc\u0131l\u0131k ad\u0131yla e\u011fitim-\u00f6\u011fretim faaliyetlerine devam eden bir b\u00f6l\u00fcm olmu\u015ftur. \u0130leti\u015fim \u015femsiyesi alt\u0131nda \u00f6\u011frencilerin yo\u011fun ilgi duydu\u011fu Halkla \u0130li\u015fkiler ve Reklamc\u0131l\u0131k B\u00f6l\u00fcm\u00fc, kuruldu\u011fu [&hellip;]","og_url":"https:\/\/ticaret.edu.tr\/halkla-iliskiler-ve-reklamcilik\/tarihce\/","og_site_name":"Halkla \u0130li\u015fkiler ve Reklamc\u0131l\u0131k","article_publisher":"https:\/\/www.facebook.com\/ticaretedutr","article_modified_time":"2025-03-05T11:00:14+00:00","og_image":[{"width":1250,"height":833,"url":"http:\/\/ticaret.edu.tr\/halkla-iliskiler-ve-reklamcilik\/wp-content\/uploads\/sites\/13\/2021\/11\/web_logo-01.jpg","type":"image\/jpeg"}],"twitter_card":"summary_large_image","twitter_site":"@ticaretedutr","twitter_misc":{"Tahmini okuma s\u00fcresi":"2 dakika"},"schema":{"@context":"https:\/\/schema.org","@graph":[{"@type":"WebPage","@id":"https:\/\/ticaret.edu.tr\/halkla-iliskiler-ve-reklamcilik\/tarihce\/","url":"https:\/\/ticaret.edu.tr\/halkla-iliskiler-ve-reklamcilik\/tarihce\/","name":"Tarih\u00e7e - Halkla \u0130li\u015fkiler ve Reklamc\u0131l\u0131k","isPartOf":{"@id":"http:\/\/ticaret.edu.tr\/halkla-iliskiler-ve-reklamcilik\/#website"},"datePublished":"2025-01-26T18:44:00+00:00","dateModified":"2025-03-05T11:00:14+00:00","breadcrumb":{"@id":"https:\/\/ticaret.edu.tr\/halkla-iliskiler-ve-reklamcilik\/tarihce\/#breadcrumb"},"inLanguage":"tr","potentialAction":[{"@type":"ReadAction","target":["https:\/\/ticaret.edu.tr\/halkla-iliskiler-ve-reklamcilik\/tarihce\/"]}]},{"@type":"BreadcrumbList","@id":"https:\/\/ticaret.edu.tr\/halkla-iliskiler-ve-reklamcilik\/tarihce\/#breadcrumb","itemListElement":[{"@type":"ListItem","position":1,"name":"Ana sayfa","item":"http:\/\/ticaret.edu.tr\/halkla-iliskiler-ve-reklamcilik\/"},{"@type":"ListItem","position":2,"name":"Tarih\u00e7e"}]},{"@type":"WebSite","@id":"http:\/\/ticaret.edu.tr\/halkla-iliskiler-ve-reklamcilik\/#website","url":"http:\/\/ticaret.edu.tr\/halkla-iliskiler-ve-reklamcilik\/","name":"Halkla \u0130li\u015fkiler ve Reklamc\u0131l\u0131k","description":"","potentialAction":[{"@type":"SearchAction","target":{"@type":"EntryPoint","urlTemplate":"http:\/\/ticaret.edu.tr\/halkla-iliskiler-ve-reklamcilik\/?s={search_term_string}"},"query-input":"required name=search_term_string"}],"inLanguage":"tr"}]}},"lang":"tr","translations":{"en":1823,"tr":1821},"pll_sync_post":[],"_links":{"self":[{"href":"http:\/\/ticaret.edu.tr\/halkla-iliskiler-ve-reklamcilik\/wp-json\/wp\/v2\/pages\/1821"}],"collection":[{"href":"http:\/\/ticaret.edu.tr\/halkla-iliskiler-ve-reklamcilik\/wp-json\/wp\/v2\/pages"}],"about":[{"href":"http:\/\/ticaret.edu.tr\/halkla-iliskiler-ve-reklamcilik\/wp-json\/wp\/v2\/types\/page"}],"author":[{"embeddable":true,"href":"http:\/\/ticaret.edu.tr\/halkla-iliskiler-ve-reklamcilik\/wp-json\/wp\/v2\/users\/43"}],"replies":[{"embeddable":true,"href":"http:\/\/ticaret.edu.tr\/halkla-iliskiler-ve-reklamcilik\/wp-json\/wp\/v2\/comments?post=1821"}],"version-history":[{"count":6,"href":"http:\/\/ticaret.edu.tr\/halkla-iliskiler-ve-reklamcilik\/wp-json\/wp\/v2\/pages\/1821\/revisions"}],"predecessor-version":[{"id":2249,"href":"http:\/\/ticaret.edu.tr\/halkla-iliskiler-ve-reklamcilik\/wp-json\/wp\/v2\/pages\/1821\/revisions\/2249"}],"wp:attachment":[{"href":"http:\/\/ticaret.edu.tr\/halkla-iliskiler-ve-reklamcilik\/wp-json\/wp\/v2\/media?parent=1821"}],"curies":[{"name":"wp","href":"https:\/\/api.w.org\/{rel}","templated":true}]}}