{"id":1847,"date":"2025-01-26T21:53:22","date_gmt":"2025-01-26T18:53:22","guid":{"rendered":"https:\/\/ticaret.edu.tr\/halkla-iliskiler-ve-reklamcilik\/?page_id=1847"},"modified":"2025-03-19T14:07:55","modified_gmt":"2025-03-19T11:07:55","slug":"sayisal-bilgiler","status":"publish","type":"page","link":"http:\/\/ticaret.edu.tr\/halkla-iliskiler-ve-reklamcilik\/sayisal-bilgiler\/","title":{"rendered":"Say\u0131sal Bilgiler"},"content":{"rendered":"<p>\u0130stanbul Ticaret \u00dcniversitesi Taban ve Tavan Puanlar<\/p>\n<p><a href=\"https:\/\/ticaret.edu.tr\/uploads\/etkinlik\/5461\/2010-%C3%96SYS%20TAVAN%20VE%20TABAN%20PUANLARI.pdf\">2010 \u00d6SYS Taban Puanlar\u0131 i\u00e7in t\u0131klay\u0131n\u0131z<\/a><br \/>\n<a href=\"https:\/\/ticaret.edu.tr\/uploads\/etkinlik\/5461\/2011-\u00d6SYS%20TAVAN%20VE%20TABAN%20PUANLARI.pdf\">2011 \u00d6SYS Taban Puanlar\u0131 i\u00e7in t\u0131klay\u0131n\u0131z<\/a><br \/>\n<a href=\"https:\/\/ticaret.edu.tr\/uploads\/etkinlik\/5461\/2012-\u00d6SYS%20TAVAN%20VE%20TABAN%20PUANLARI.pdf\">2012 \u00d6SYS Taban Puanlar\u0131 i\u00e7in t\u0131klay\u0131n\u0131z<\/a><br \/>\n<a href=\"https:\/\/ticaret.edu.tr\/uploads\/etkinlik\/5461\/2013-\u00d6SYS%20TAVAN%20VE%20TABAN%20PUANLARI.pdf\">2013 \u00d6SYS Taban Puanlar\u0131 i\u00e7in t\u0131klay\u0131n\u0131z<\/a><br \/>\n<a href=\"https:\/\/ticaret.edu.tr\/uploads\/etkinlik\/5461\/2014-\u00d6SYS%20TAVAN%20VE%20TABAN%20PUANLARI.pdf\">2014 \u00d6SYS Taban Puanlar\u0131 i\u00e7in t\u0131klay\u0131n\u0131z<\/a><br \/>\n<a href=\"https:\/\/ticaret.edu.tr\/uploads\/etkinlik\/5461\/2015-\u00d6SYS%20TAVAN%20VE%20TABAN%20PUANLARI.pdf\">2015 \u00d6SYS Taban Puanlar\u0131 i\u00e7in t\u0131klay\u0131n\u0131z<\/a><br \/>\n2<a href=\"https:\/\/ticaret.edu.tr\/uploads\/etkinlik\/5461\/2016-\u00d6SYS%20TAVAN%20VE%20TABAN%20PUANLARI.pdf\">016 \u00d6SYS Taban Puanlar\u0131 i\u00e7in t\u0131klay\u0131n\u0131z<\/a><br \/>\n<a href=\"https:\/\/ticaret.edu.tr\/uploads\/etkinlik\/5461\/2017-\u00d6SYS%20TAVAN%20VE%20TABAN%20PUANLARI.pdf\">2017 \u00d6SYS Taban Puanlar\u0131 i\u00e7in t\u0131klay\u0131n\u0131z<\/a><br \/>\n<a href=\"https:\/\/ticaret.edu.tr\/uploads\/etkinlik\/5461\/2018-YKS%20TAVAN%20VE%20TABAN%20PUANLARI.pdf\">2018 YKS Taban Puanlar\u0131 i\u00e7in t\u0131klay\u0131n\u0131z<\/a><br \/>\n<a href=\"http:\/\/ticaret.edu.tr\/wp-content\/uploads\/2021\/07\/2019-YKS-TAVAN-VE-TABAN-PUANLARI-06.07.2020.pdf\">2019 YKS Taban Puanlar\u0131 i\u00e7in t\u0131klay\u0131n\u0131z<\/a><br \/>\n<a href=\"http:\/\/ticaret.edu.tr\/wp-content\/uploads\/2021\/07\/2020-YKS-TAVAN-VE-TABAN-PUANLARI.pdf\">2020 YKS Taban Puanlar\u0131 i\u00e7in t\u0131klay\u0131n\u0131z<\/a><br \/>\n<a href=\"http:\/\/ticaret.edu.tr\/wp-content\/uploads\/2022\/07\/2021-YKS-TAVAN-VE-TABAN-PUANLARI.pdf\">2021 YKS Taban Puanlar\u0131 i\u00e7in t\u0131klay\u0131n\u0131z<\/a><br \/>\n<a href=\"https:\/\/ticaret.edu.tr\/wp-content\/uploads\/2023\/01\/2022-Taban-Puanlari-pdf.pdf\">2022 YKS Taban Puanlar\u0131 i\u00e7in t\u0131klay\u0131n\u0131z<\/a><br \/>\n<a href=\"https:\/\/ticaret.edu.tr\/wp-content\/uploads\/2024\/01\/2023-YKS-Taban-Puanlari-PDF.pdf\">2023 YKS Taban Puanlar\u0131 i\u00e7in t\u0131klay\u0131n\u0131z<\/a><br \/>\n<a href=\"https:\/\/ticaret.edu.tr\/wp-content\/uploads\/2025\/01\/2024-Yili-Taban-puanlari.pdf\">2024 YKS Taban Puanlar\u0131 i\u00e7in t\u0131klay\u0131n\u0131z<\/a><\/p>\n<p>&nbsp;<\/p>\n","protected":false},"excerpt":{"rendered":"<p>\u0130stanbul Ticaret \u00dcniversitesi Taban ve Tavan Puanlar 2010 \u00d6SYS Taban Puanlar\u0131 i\u00e7in t\u0131klay\u0131n\u0131z 2011 \u00d6SYS Taban Puanlar\u0131 i\u00e7in t\u0131klay\u0131n\u0131z 2012 \u00d6SYS Taban Puanlar\u0131 i\u00e7in t\u0131klay\u0131n\u0131z 2013 \u00d6SYS Taban Puanlar\u0131 i\u00e7in t\u0131klay\u0131n\u0131z 2014 \u00d6SYS Taban Puanlar\u0131 i\u00e7in t\u0131klay\u0131n\u0131z 2015 \u00d6SYS Taban Puanlar\u0131 i\u00e7in t\u0131klay\u0131n\u0131z 2016 \u00d6SYS Taban Puanlar\u0131 i\u00e7in t\u0131klay\u0131n\u0131z 2017 \u00d6SYS Taban Puanlar\u0131 i\u00e7in t\u0131klay\u0131n\u0131z [&hellip;]<\/p>\n","protected":false},"author":43,"featured_media":0,"parent":0,"menu_order":0,"comment_status":"closed","ping_status":"closed","template":"genel_sayfa.php","meta":{"footnotes":""},"yoast_head":"<!-- This site is optimized with the Yoast SEO Premium plugin v22.1 (Yoast SEO v22.1) - https:\/\/yoast.com\/wordpress\/plugins\/seo\/ -->\n<title>Say\u0131sal Bilgiler - Halkla \u0130li\u015fkiler ve Reklamc\u0131l\u0131k<\/title>\n<meta name=\"robots\" content=\"index, follow, max-snippet:-1, max-image-preview:large, max-video-preview:-1\" \/>\n<link rel=\"canonical\" href=\"http:\/\/ticaret.edu.tr\/halkla-iliskiler-ve-reklamcilik\/sayisal-bilgiler\/\" \/>\n<meta property=\"og:locale\" content=\"tr_TR\" \/>\n<meta property=\"og:type\" content=\"article\" \/>\n<meta property=\"og:title\" content=\"Say\u0131sal Bilgiler\" \/>\n<meta property=\"og:description\" content=\"\u0130stanbul Ticaret \u00dcniversitesi Taban ve Tavan Puanlar 2010 \u00d6SYS Taban Puanlar\u0131 i\u00e7in t\u0131klay\u0131n\u0131z 2011 \u00d6SYS Taban Puanlar\u0131 i\u00e7in t\u0131klay\u0131n\u0131z 2012 \u00d6SYS Taban Puanlar\u0131 i\u00e7in t\u0131klay\u0131n\u0131z 2013 \u00d6SYS Taban Puanlar\u0131 i\u00e7in t\u0131klay\u0131n\u0131z 2014 \u00d6SYS Taban Puanlar\u0131 i\u00e7in t\u0131klay\u0131n\u0131z 2015 \u00d6SYS Taban Puanlar\u0131 i\u00e7in t\u0131klay\u0131n\u0131z 2016 \u00d6SYS Taban Puanlar\u0131 i\u00e7in t\u0131klay\u0131n\u0131z 2017 \u00d6SYS Taban Puanlar\u0131 i\u00e7in t\u0131klay\u0131n\u0131z [&hellip;]\" \/>\n<meta property=\"og:url\" content=\"http:\/\/ticaret.edu.tr\/halkla-iliskiler-ve-reklamcilik\/sayisal-bilgiler\/\" \/>\n<meta property=\"og:site_name\" content=\"Halkla \u0130li\u015fkiler ve Reklamc\u0131l\u0131k\" \/>\n<meta property=\"article:publisher\" content=\"https:\/\/www.facebook.com\/ticaretedutr\" \/>\n<meta property=\"article:modified_time\" content=\"2025-03-19T11:07:55+00:00\" \/>\n<meta property=\"og:image\" content=\"http:\/\/ticaret.edu.tr\/halkla-iliskiler-ve-reklamcilik\/wp-content\/uploads\/sites\/13\/2021\/11\/web_logo-01.jpg\" \/>\n\t<meta property=\"og:image:width\" content=\"1250\" \/>\n\t<meta property=\"og:image:height\" content=\"833\" \/>\n\t<meta property=\"og:image:type\" content=\"image\/jpeg\" \/>\n<meta name=\"twitter:card\" content=\"summary_large_image\" \/>\n<meta name=\"twitter:site\" content=\"@ticaretedutr\" \/>\n<meta name=\"twitter:label1\" content=\"Tahmini okuma s\u00fcresi\" \/>\n\t<meta name=\"twitter:data1\" content=\"1 dakika\" \/>\n<script type=\"application\/ld+json\" class=\"yoast-schema-graph\">{\"@context\":\"https:\/\/schema.org\",\"@graph\":[{\"@type\":\"WebPage\",\"@id\":\"http:\/\/ticaret.edu.tr\/halkla-iliskiler-ve-reklamcilik\/sayisal-bilgiler\/\",\"url\":\"http:\/\/ticaret.edu.tr\/halkla-iliskiler-ve-reklamcilik\/sayisal-bilgiler\/\",\"name\":\"Say\u0131sal Bilgiler - Halkla \u0130li\u015fkiler ve Reklamc\u0131l\u0131k\",\"isPartOf\":{\"@id\":\"https:\/\/ticaret.edu.tr\/halkla-iliskiler-ve-reklamcilik\/en\/#website\"},\"datePublished\":\"2025-01-26T18:53:22+00:00\",\"dateModified\":\"2025-03-19T11:07:55+00:00\",\"breadcrumb\":{\"@id\":\"http:\/\/ticaret.edu.tr\/halkla-iliskiler-ve-reklamcilik\/sayisal-bilgiler\/#breadcrumb\"},\"inLanguage\":\"tr\",\"potentialAction\":[{\"@type\":\"ReadAction\",\"target\":[\"http:\/\/ticaret.edu.tr\/halkla-iliskiler-ve-reklamcilik\/sayisal-bilgiler\/\"]}]},{\"@type\":\"BreadcrumbList\",\"@id\":\"http:\/\/ticaret.edu.tr\/halkla-iliskiler-ve-reklamcilik\/sayisal-bilgiler\/#breadcrumb\",\"itemListElement\":[{\"@type\":\"ListItem\",\"position\":1,\"name\":\"Ana sayfa\",\"item\":\"https:\/\/ticaret.edu.tr\/halkla-iliskiler-ve-reklamcilik\/\"},{\"@type\":\"ListItem\",\"position\":2,\"name\":\"Say\u0131sal Bilgiler\"}]},{\"@type\":\"WebSite\",\"@id\":\"https:\/\/ticaret.edu.tr\/halkla-iliskiler-ve-reklamcilik\/en\/#website\",\"url\":\"https:\/\/ticaret.edu.tr\/halkla-iliskiler-ve-reklamcilik\/en\/\",\"name\":\"Halkla \u0130li\u015fkiler ve Reklamc\u0131l\u0131k\",\"description\":\"\",\"potentialAction\":[{\"@type\":\"SearchAction\",\"target\":{\"@type\":\"EntryPoint\",\"urlTemplate\":\"https:\/\/ticaret.edu.tr\/halkla-iliskiler-ve-reklamcilik\/en\/?s={search_term_string}\"},\"query-input\":\"required name=search_term_string\"}],\"inLanguage\":\"tr\"}]}<\/script>\n<!-- \/ Yoast SEO Premium plugin. -->","yoast_head_json":{"title":"Say\u0131sal Bilgiler - Halkla \u0130li\u015fkiler ve Reklamc\u0131l\u0131k","robots":{"index":"index","follow":"follow","max-snippet":"max-snippet:-1","max-image-preview":"max-image-preview:large","max-video-preview":"max-video-preview:-1"},"canonical":"http:\/\/ticaret.edu.tr\/halkla-iliskiler-ve-reklamcilik\/sayisal-bilgiler\/","og_locale":"tr_TR","og_type":"article","og_title":"Say\u0131sal Bilgiler","og_description":"\u0130stanbul Ticaret \u00dcniversitesi Taban ve Tavan Puanlar 2010 \u00d6SYS Taban Puanlar\u0131 i\u00e7in t\u0131klay\u0131n\u0131z 2011 \u00d6SYS Taban Puanlar\u0131 i\u00e7in t\u0131klay\u0131n\u0131z 2012 \u00d6SYS Taban Puanlar\u0131 i\u00e7in t\u0131klay\u0131n\u0131z 2013 \u00d6SYS Taban Puanlar\u0131 i\u00e7in t\u0131klay\u0131n\u0131z 2014 \u00d6SYS Taban Puanlar\u0131 i\u00e7in t\u0131klay\u0131n\u0131z 2015 \u00d6SYS Taban Puanlar\u0131 i\u00e7in t\u0131klay\u0131n\u0131z 2016 \u00d6SYS Taban Puanlar\u0131 i\u00e7in t\u0131klay\u0131n\u0131z 2017 \u00d6SYS Taban Puanlar\u0131 i\u00e7in t\u0131klay\u0131n\u0131z [&hellip;]","og_url":"http:\/\/ticaret.edu.tr\/halkla-iliskiler-ve-reklamcilik\/sayisal-bilgiler\/","og_site_name":"Halkla \u0130li\u015fkiler ve Reklamc\u0131l\u0131k","article_publisher":"https:\/\/www.facebook.com\/ticaretedutr","article_modified_time":"2025-03-19T11:07:55+00:00","og_image":[{"width":1250,"height":833,"url":"http:\/\/ticaret.edu.tr\/halkla-iliskiler-ve-reklamcilik\/wp-content\/uploads\/sites\/13\/2021\/11\/web_logo-01.jpg","type":"image\/jpeg"}],"twitter_card":"summary_large_image","twitter_site":"@ticaretedutr","twitter_misc":{"Tahmini okuma s\u00fcresi":"1 dakika"},"schema":{"@context":"https:\/\/schema.org","@graph":[{"@type":"WebPage","@id":"http:\/\/ticaret.edu.tr\/halkla-iliskiler-ve-reklamcilik\/sayisal-bilgiler\/","url":"http:\/\/ticaret.edu.tr\/halkla-iliskiler-ve-reklamcilik\/sayisal-bilgiler\/","name":"Say\u0131sal Bilgiler - Halkla \u0130li\u015fkiler ve Reklamc\u0131l\u0131k","isPartOf":{"@id":"https:\/\/ticaret.edu.tr\/halkla-iliskiler-ve-reklamcilik\/en\/#website"},"datePublished":"2025-01-26T18:53:22+00:00","dateModified":"2025-03-19T11:07:55+00:00","breadcrumb":{"@id":"http:\/\/ticaret.edu.tr\/halkla-iliskiler-ve-reklamcilik\/sayisal-bilgiler\/#breadcrumb"},"inLanguage":"tr","potentialAction":[{"@type":"ReadAction","target":["http:\/\/ticaret.edu.tr\/halkla-iliskiler-ve-reklamcilik\/sayisal-bilgiler\/"]}]},{"@type":"BreadcrumbList","@id":"http:\/\/ticaret.edu.tr\/halkla-iliskiler-ve-reklamcilik\/sayisal-bilgiler\/#breadcrumb","itemListElement":[{"@type":"ListItem","position":1,"name":"Ana sayfa","item":"https:\/\/ticaret.edu.tr\/halkla-iliskiler-ve-reklamcilik\/"},{"@type":"ListItem","position":2,"name":"Say\u0131sal Bilgiler"}]},{"@type":"WebSite","@id":"https:\/\/ticaret.edu.tr\/halkla-iliskiler-ve-reklamcilik\/en\/#website","url":"https:\/\/ticaret.edu.tr\/halkla-iliskiler-ve-reklamcilik\/en\/","name":"Halkla \u0130li\u015fkiler ve Reklamc\u0131l\u0131k","description":"","potentialAction":[{"@type":"SearchAction","target":{"@type":"EntryPoint","urlTemplate":"https:\/\/ticaret.edu.tr\/halkla-iliskiler-ve-reklamcilik\/en\/?s={search_term_string}"},"query-input":"required name=search_term_string"}],"inLanguage":"tr"}]}},"lang":"tr","translations":{"en":1849,"tr":1847},"pll_sync_post":[],"_links":{"self":[{"href":"http:\/\/ticaret.edu.tr\/halkla-iliskiler-ve-reklamcilik\/wp-json\/wp\/v2\/pages\/1847"}],"collection":[{"href":"http:\/\/ticaret.edu.tr\/halkla-iliskiler-ve-reklamcilik\/wp-json\/wp\/v2\/pages"}],"about":[{"href":"http:\/\/ticaret.edu.tr\/halkla-iliskiler-ve-reklamcilik\/wp-json\/wp\/v2\/types\/page"}],"author":[{"embeddable":true,"href":"http:\/\/ticaret.edu.tr\/halkla-iliskiler-ve-reklamcilik\/wp-json\/wp\/v2\/users\/43"}],"replies":[{"embeddable":true,"href":"http:\/\/ticaret.edu.tr\/halkla-iliskiler-ve-reklamcilik\/wp-json\/wp\/v2\/comments?post=1847"}],"version-history":[{"count":3,"href":"http:\/\/ticaret.edu.tr\/halkla-iliskiler-ve-reklamcilik\/wp-json\/wp\/v2\/pages\/1847\/revisions"}],"predecessor-version":[{"id":2278,"href":"http:\/\/ticaret.edu.tr\/halkla-iliskiler-ve-reklamcilik\/wp-json\/wp\/v2\/pages\/1847\/revisions\/2278"}],"wp:attachment":[{"href":"http:\/\/ticaret.edu.tr\/halkla-iliskiler-ve-reklamcilik\/wp-json\/wp\/v2\/media?parent=1847"}],"curies":[{"name":"wp","href":"https:\/\/api.w.org\/{rel}","templated":true}]}}