{"id":1851,"date":"2025-01-26T21:54:03","date_gmt":"2025-01-26T18:54:03","guid":{"rendered":"https:\/\/ticaret.edu.tr\/halkla-iliskiler-ve-reklamcilik\/?page_id=1851"},"modified":"2025-03-05T14:06:56","modified_gmt":"2025-03-05T11:06:56","slug":"ogrenci-bilgi-sistemi","status":"publish","type":"page","link":"http:\/\/ticaret.edu.tr\/halkla-iliskiler-ve-reklamcilik\/ogrenci-bilgi-sistemi\/","title":{"rendered":"\u00d6\u011frenci Bilgi Sistemi"},"content":{"rendered":"<p data-start=\"138\" data-end=\"327\">Merhaba! Buradan \u00f6\u011frenci bilgilerinize ve akademik s\u00fcre\u00e7lerinize dair \u00f6nemli detaylara ula\u015fabilirsiniz. A\u015fa\u011f\u0131daki ba\u011flant\u0131lar\u0131 kullanarak ihtiyac\u0131n\u0131z olan bilgilere h\u0131zl\u0131ca eri\u015febilirsiniz.<\/p>\n<h4 data-start=\"329\" data-end=\"368\"><strong data-start=\"334\" data-end=\"368\">\ud83d\udccc \u00d6\u011frenci Bilgi Sistemi (OBS)<\/strong><\/h4>\n<p data-start=\"369\" data-end=\"567\">\ud83d\udccd\u00a0<strong data-start=\"372\" data-end=\"459\">Ders kay\u0131tlar\u0131, s\u0131nav notlar\u0131, transkript, devams\u0131zl\u0131k bilgileri ve akademik takvim<\/strong>\u00a0gibi bilgilere buradan ula\u015fabilirsiniz.<br data-start=\"499\" data-end=\"502\" \/>\ud83d\udd17\u00a0<a href=\"https:\/\/obs.ticaret.edu.tr\/\"><strong data-start=\"505\" data-end=\"538\">[\u00d6\u011frenci Bilgi Sistemine Git]<\/strong><\/a><\/p>\n<h4 data-start=\"329\" data-end=\"368\"><strong data-start=\"334\" data-end=\"368\">\ud83d\udcccUzaktan E\u011fitim Sistemi (LMS)<\/strong><\/h4>\n<p data-start=\"369\" data-end=\"567\">\ud83d\udccd\u00a0<strong data-start=\"372\" data-end=\"459\">Ders d\u00f6k\u00fcmanlar\u0131, online dersler, \u00f6dev y\u00fckleme<\/strong>\u00a0gibi i\u015flemleri buradan ger\u00e7ekle\u015ftirebilirsiniz..<br data-start=\"499\" data-end=\"502\" \/>\ud83d\udd17\u00a0<a href=\"https:\/\/ticaret.mrooms.net\/\"><strong data-start=\"505\" data-end=\"538\">[Uzaktan E\u011fitim Sistemine Git]<\/strong><\/a><\/p>\n<h4 data-start=\"569\" data-end=\"612\"><strong data-start=\"574\" data-end=\"612\">\ud83d\udccc Akademik Takvim<\/strong><\/h4>\n<p data-start=\"613\" data-end=\"827\">\ud83d\udccd G\u00fcncel\u00a0<strong data-start=\"623\" data-end=\"683\">akademik y\u0131l takvimine<\/strong>\u00a0buradan eri\u015febilirsiniz.<br data-start=\"766\" data-end=\"769\" \/>\ud83d\udd17\u00a0<a href=\"https:\/\/ticaret.edu.tr\/wp-content\/uploads\/2024\/07\/2024-2025-Egitim-Ogretim-Yili-On-Lisans-ve-Lisans-Akademik-Takvimi.pdf\"><strong data-start=\"772\" data-end=\"804\">[Akademik Takvimi G\u00f6r\u00fcnt\u00fcle]<\/strong><\/a><\/p>\n<h4 data-start=\"1261\" data-end=\"1294\"><strong data-start=\"1266\" data-end=\"1294\">\ud83d\udccc K\u00fct\u00fcphane &amp; Kaynaklar<\/strong><\/h4>\n<p data-start=\"1295\" data-end=\"1459\">\ud83d\udccd \u00dcniversite k\u00fct\u00fcphanesine eri\u015fim, e-kitaplar ve ara\u015ft\u0131rma kaynaklar\u0131 i\u00e7in a\u015fa\u011f\u0131daki ba\u011flant\u0131y\u0131 kullanabilirsiniz.<br data-start=\"1410\" data-end=\"1413\" \/>\ud83d\udd17\u00a0<a href=\"https:\/\/kutuphane.ticaret.edu.tr\/\"><strong data-start=\"1416\" data-end=\"1442\">[K\u00fct\u00fcphane Kaynaklar\u0131]<\/strong><\/a><\/p>\n<p data-start=\"1461\" data-end=\"1595\">\ud83d\udd39 E\u011fer herhangi bir konuda yard\u0131ma ihtiyac\u0131n\u0131z olursa, \u00f6\u011frenci i\u015flerine veya dan\u0131\u015fman\u0131n\u0131za ba\u015fvurabilirsiniz. Ba\u015far\u0131lar dileriz! \ud83c\udf89<\/p>\n","protected":false},"excerpt":{"rendered":"<p>Merhaba! Buradan \u00f6\u011frenci bilgilerinize ve akademik s\u00fcre\u00e7lerinize dair \u00f6nemli detaylara ula\u015fabilirsiniz. A\u015fa\u011f\u0131daki ba\u011flant\u0131lar\u0131 kullanarak ihtiyac\u0131n\u0131z olan bilgilere h\u0131zl\u0131ca eri\u015febilirsiniz. \ud83d\udccc \u00d6\u011frenci Bilgi Sistemi (OBS) \ud83d\udccd\u00a0Ders kay\u0131tlar\u0131, s\u0131nav notlar\u0131, transkript, devams\u0131zl\u0131k bilgileri ve akademik takvim\u00a0gibi bilgilere buradan ula\u015fabilirsiniz.\ud83d\udd17\u00a0[\u00d6\u011frenci Bilgi Sistemine Git] \ud83d\udcccUzaktan E\u011fitim Sistemi (LMS) \ud83d\udccd\u00a0Ders d\u00f6k\u00fcmanlar\u0131, online dersler, \u00f6dev y\u00fckleme\u00a0gibi i\u015flemleri buradan ger\u00e7ekle\u015ftirebilirsiniz..\ud83d\udd17\u00a0[Uzaktan E\u011fitim Sistemine [&hellip;]<\/p>\n","protected":false},"author":43,"featured_media":0,"parent":0,"menu_order":0,"comment_status":"closed","ping_status":"closed","template":"genel_sayfa.php","meta":{"footnotes":""},"yoast_head":"<!-- This site is optimized with the Yoast SEO Premium plugin v22.1 (Yoast SEO v22.1) - https:\/\/yoast.com\/wordpress\/plugins\/seo\/ -->\n<title>\u00d6\u011frenci Bilgi Sistemi - Halkla \u0130li\u015fkiler ve Reklamc\u0131l\u0131k<\/title>\n<meta name=\"robots\" content=\"index, follow, max-snippet:-1, max-image-preview:large, max-video-preview:-1\" \/>\n<link rel=\"canonical\" href=\"https:\/\/ticaret.edu.tr\/halkla-iliskiler-ve-reklamcilik\/ogrenci-bilgi-sistemi\/\" \/>\n<meta property=\"og:locale\" content=\"tr_TR\" \/>\n<meta property=\"og:type\" content=\"article\" \/>\n<meta property=\"og:title\" content=\"\u00d6\u011frenci Bilgi Sistemi\" \/>\n<meta property=\"og:description\" content=\"Merhaba! Buradan \u00f6\u011frenci bilgilerinize ve akademik s\u00fcre\u00e7lerinize dair \u00f6nemli detaylara ula\u015fabilirsiniz. A\u015fa\u011f\u0131daki ba\u011flant\u0131lar\u0131 kullanarak ihtiyac\u0131n\u0131z olan bilgilere h\u0131zl\u0131ca eri\u015febilirsiniz. \ud83d\udccc \u00d6\u011frenci Bilgi Sistemi (OBS) \ud83d\udccd\u00a0Ders kay\u0131tlar\u0131, s\u0131nav notlar\u0131, transkript, devams\u0131zl\u0131k bilgileri ve akademik takvim\u00a0gibi bilgilere buradan ula\u015fabilirsiniz.\ud83d\udd17\u00a0[\u00d6\u011frenci Bilgi Sistemine Git] \ud83d\udcccUzaktan E\u011fitim Sistemi (LMS) \ud83d\udccd\u00a0Ders d\u00f6k\u00fcmanlar\u0131, online dersler, \u00f6dev y\u00fckleme\u00a0gibi i\u015flemleri buradan ger\u00e7ekle\u015ftirebilirsiniz..\ud83d\udd17\u00a0[Uzaktan E\u011fitim Sistemine [&hellip;]\" \/>\n<meta property=\"og:url\" content=\"https:\/\/ticaret.edu.tr\/halkla-iliskiler-ve-reklamcilik\/ogrenci-bilgi-sistemi\/\" \/>\n<meta property=\"og:site_name\" content=\"Halkla \u0130li\u015fkiler ve Reklamc\u0131l\u0131k\" \/>\n<meta property=\"article:publisher\" content=\"https:\/\/www.facebook.com\/ticaretedutr\" \/>\n<meta property=\"article:modified_time\" content=\"2025-03-05T11:06:56+00:00\" \/>\n<meta property=\"og:image\" content=\"http:\/\/ticaret.edu.tr\/halkla-iliskiler-ve-reklamcilik\/wp-content\/uploads\/sites\/13\/2021\/11\/web_logo-01.jpg\" \/>\n\t<meta property=\"og:image:width\" content=\"1250\" \/>\n\t<meta property=\"og:image:height\" content=\"833\" \/>\n\t<meta property=\"og:image:type\" content=\"image\/jpeg\" \/>\n<meta name=\"twitter:card\" content=\"summary_large_image\" \/>\n<meta name=\"twitter:site\" content=\"@ticaretedutr\" \/>\n<meta name=\"twitter:label1\" content=\"Tahmini okuma s\u00fcresi\" \/>\n\t<meta name=\"twitter:data1\" content=\"1 dakika\" \/>\n<script type=\"application\/ld+json\" class=\"yoast-schema-graph\">{\"@context\":\"https:\/\/schema.org\",\"@graph\":[{\"@type\":\"WebPage\",\"@id\":\"https:\/\/ticaret.edu.tr\/halkla-iliskiler-ve-reklamcilik\/ogrenci-bilgi-sistemi\/\",\"url\":\"https:\/\/ticaret.edu.tr\/halkla-iliskiler-ve-reklamcilik\/ogrenci-bilgi-sistemi\/\",\"name\":\"\u00d6\u011frenci Bilgi Sistemi - Halkla \u0130li\u015fkiler ve Reklamc\u0131l\u0131k\",\"isPartOf\":{\"@id\":\"http:\/\/ticaret.edu.tr\/halkla-iliskiler-ve-reklamcilik\/#website\"},\"datePublished\":\"2025-01-26T18:54:03+00:00\",\"dateModified\":\"2025-03-05T11:06:56+00:00\",\"breadcrumb\":{\"@id\":\"https:\/\/ticaret.edu.tr\/halkla-iliskiler-ve-reklamcilik\/ogrenci-bilgi-sistemi\/#breadcrumb\"},\"inLanguage\":\"tr\",\"potentialAction\":[{\"@type\":\"ReadAction\",\"target\":[\"https:\/\/ticaret.edu.tr\/halkla-iliskiler-ve-reklamcilik\/ogrenci-bilgi-sistemi\/\"]}]},{\"@type\":\"BreadcrumbList\",\"@id\":\"https:\/\/ticaret.edu.tr\/halkla-iliskiler-ve-reklamcilik\/ogrenci-bilgi-sistemi\/#breadcrumb\",\"itemListElement\":[{\"@type\":\"ListItem\",\"position\":1,\"name\":\"Ana sayfa\",\"item\":\"http:\/\/ticaret.edu.tr\/halkla-iliskiler-ve-reklamcilik\/\"},{\"@type\":\"ListItem\",\"position\":2,\"name\":\"\u00d6\u011frenci Bilgi Sistemi\"}]},{\"@type\":\"WebSite\",\"@id\":\"http:\/\/ticaret.edu.tr\/halkla-iliskiler-ve-reklamcilik\/#website\",\"url\":\"http:\/\/ticaret.edu.tr\/halkla-iliskiler-ve-reklamcilik\/\",\"name\":\"Halkla \u0130li\u015fkiler ve Reklamc\u0131l\u0131k\",\"description\":\"\",\"potentialAction\":[{\"@type\":\"SearchAction\",\"target\":{\"@type\":\"EntryPoint\",\"urlTemplate\":\"http:\/\/ticaret.edu.tr\/halkla-iliskiler-ve-reklamcilik\/?s={search_term_string}\"},\"query-input\":\"required name=search_term_string\"}],\"inLanguage\":\"tr\"}]}<\/script>\n<!-- \/ Yoast SEO Premium plugin. -->","yoast_head_json":{"title":"\u00d6\u011frenci Bilgi Sistemi - Halkla \u0130li\u015fkiler ve Reklamc\u0131l\u0131k","robots":{"index":"index","follow":"follow","max-snippet":"max-snippet:-1","max-image-preview":"max-image-preview:large","max-video-preview":"max-video-preview:-1"},"canonical":"https:\/\/ticaret.edu.tr\/halkla-iliskiler-ve-reklamcilik\/ogrenci-bilgi-sistemi\/","og_locale":"tr_TR","og_type":"article","og_title":"\u00d6\u011frenci Bilgi Sistemi","og_description":"Merhaba! Buradan \u00f6\u011frenci bilgilerinize ve akademik s\u00fcre\u00e7lerinize dair \u00f6nemli detaylara ula\u015fabilirsiniz. A\u015fa\u011f\u0131daki ba\u011flant\u0131lar\u0131 kullanarak ihtiyac\u0131n\u0131z olan bilgilere h\u0131zl\u0131ca eri\u015febilirsiniz. \ud83d\udccc \u00d6\u011frenci Bilgi Sistemi (OBS) \ud83d\udccd\u00a0Ders kay\u0131tlar\u0131, s\u0131nav notlar\u0131, transkript, devams\u0131zl\u0131k bilgileri ve akademik takvim\u00a0gibi bilgilere buradan ula\u015fabilirsiniz.\ud83d\udd17\u00a0[\u00d6\u011frenci Bilgi Sistemine Git] \ud83d\udcccUzaktan E\u011fitim Sistemi (LMS) \ud83d\udccd\u00a0Ders d\u00f6k\u00fcmanlar\u0131, online dersler, \u00f6dev y\u00fckleme\u00a0gibi i\u015flemleri buradan ger\u00e7ekle\u015ftirebilirsiniz..\ud83d\udd17\u00a0[Uzaktan E\u011fitim Sistemine [&hellip;]","og_url":"https:\/\/ticaret.edu.tr\/halkla-iliskiler-ve-reklamcilik\/ogrenci-bilgi-sistemi\/","og_site_name":"Halkla \u0130li\u015fkiler ve Reklamc\u0131l\u0131k","article_publisher":"https:\/\/www.facebook.com\/ticaretedutr","article_modified_time":"2025-03-05T11:06:56+00:00","og_image":[{"width":1250,"height":833,"url":"http:\/\/ticaret.edu.tr\/halkla-iliskiler-ve-reklamcilik\/wp-content\/uploads\/sites\/13\/2021\/11\/web_logo-01.jpg","type":"image\/jpeg"}],"twitter_card":"summary_large_image","twitter_site":"@ticaretedutr","twitter_misc":{"Tahmini okuma s\u00fcresi":"1 dakika"},"schema":{"@context":"https:\/\/schema.org","@graph":[{"@type":"WebPage","@id":"https:\/\/ticaret.edu.tr\/halkla-iliskiler-ve-reklamcilik\/ogrenci-bilgi-sistemi\/","url":"https:\/\/ticaret.edu.tr\/halkla-iliskiler-ve-reklamcilik\/ogrenci-bilgi-sistemi\/","name":"\u00d6\u011frenci Bilgi Sistemi - Halkla \u0130li\u015fkiler ve Reklamc\u0131l\u0131k","isPartOf":{"@id":"http:\/\/ticaret.edu.tr\/halkla-iliskiler-ve-reklamcilik\/#website"},"datePublished":"2025-01-26T18:54:03+00:00","dateModified":"2025-03-05T11:06:56+00:00","breadcrumb":{"@id":"https:\/\/ticaret.edu.tr\/halkla-iliskiler-ve-reklamcilik\/ogrenci-bilgi-sistemi\/#breadcrumb"},"inLanguage":"tr","potentialAction":[{"@type":"ReadAction","target":["https:\/\/ticaret.edu.tr\/halkla-iliskiler-ve-reklamcilik\/ogrenci-bilgi-sistemi\/"]}]},{"@type":"BreadcrumbList","@id":"https:\/\/ticaret.edu.tr\/halkla-iliskiler-ve-reklamcilik\/ogrenci-bilgi-sistemi\/#breadcrumb","itemListElement":[{"@type":"ListItem","position":1,"name":"Ana sayfa","item":"http:\/\/ticaret.edu.tr\/halkla-iliskiler-ve-reklamcilik\/"},{"@type":"ListItem","position":2,"name":"\u00d6\u011frenci Bilgi Sistemi"}]},{"@type":"WebSite","@id":"http:\/\/ticaret.edu.tr\/halkla-iliskiler-ve-reklamcilik\/#website","url":"http:\/\/ticaret.edu.tr\/halkla-iliskiler-ve-reklamcilik\/","name":"Halkla \u0130li\u015fkiler ve Reklamc\u0131l\u0131k","description":"","potentialAction":[{"@type":"SearchAction","target":{"@type":"EntryPoint","urlTemplate":"http:\/\/ticaret.edu.tr\/halkla-iliskiler-ve-reklamcilik\/?s={search_term_string}"},"query-input":"required name=search_term_string"}],"inLanguage":"tr"}]}},"lang":"tr","translations":{"en":1853,"tr":1851},"pll_sync_post":[],"_links":{"self":[{"href":"http:\/\/ticaret.edu.tr\/halkla-iliskiler-ve-reklamcilik\/wp-json\/wp\/v2\/pages\/1851"}],"collection":[{"href":"http:\/\/ticaret.edu.tr\/halkla-iliskiler-ve-reklamcilik\/wp-json\/wp\/v2\/pages"}],"about":[{"href":"http:\/\/ticaret.edu.tr\/halkla-iliskiler-ve-reklamcilik\/wp-json\/wp\/v2\/types\/page"}],"author":[{"embeddable":true,"href":"http:\/\/ticaret.edu.tr\/halkla-iliskiler-ve-reklamcilik\/wp-json\/wp\/v2\/users\/43"}],"replies":[{"embeddable":true,"href":"http:\/\/ticaret.edu.tr\/halkla-iliskiler-ve-reklamcilik\/wp-json\/wp\/v2\/comments?post=1851"}],"version-history":[{"count":2,"href":"http:\/\/ticaret.edu.tr\/halkla-iliskiler-ve-reklamcilik\/wp-json\/wp\/v2\/pages\/1851\/revisions"}],"predecessor-version":[{"id":2253,"href":"http:\/\/ticaret.edu.tr\/halkla-iliskiler-ve-reklamcilik\/wp-json\/wp\/v2\/pages\/1851\/revisions\/2253"}],"wp:attachment":[{"href":"http:\/\/ticaret.edu.tr\/halkla-iliskiler-ve-reklamcilik\/wp-json\/wp\/v2\/media?parent=1851"}],"curies":[{"name":"wp","href":"https:\/\/api.w.org\/{rel}","templated":true}]}}