{"id":1874,"date":"2025-01-26T23:18:19","date_gmt":"2025-01-26T20:18:19","guid":{"rendered":"https:\/\/ticaret.edu.tr\/halkla-iliskiler-ve-reklamcilik\/?page_id=1874"},"modified":"2025-06-04T16:34:40","modified_gmt":"2025-06-04T13:34:40","slug":"program-ogretim-ciktilari","status":"publish","type":"page","link":"http:\/\/ticaret.edu.tr\/halkla-iliskiler-ve-reklamcilik\/program-ogretim-ciktilari\/","title":{"rendered":"Program \u00d6\u011fretim \u00c7\u0131kt\u0131lar\u0131"},"content":{"rendered":"<p>De\u011ferli \u00d6\u011frencimiz,<\/p>\n<p>\u0130stanbul Ticaret \u00dcniversitesi \u0130leti\u015fim Fak\u00fcltesi, Halkla \u0130li\u015fkiler ve Reklamc\u0131l\u0131k Lisans Program\u0131 Ama\u00e7lar\u0131 ve Program \u00d6\u011fretim \u00c7\u0131kt\u0131lar\u0131n\u0131n g\u00fcncellenmesi, belirlenen ama\u00e7lara ne derece ula\u015f\u0131ld\u0131\u011f\u0131n\u0131n de\u011ferlendirilmesi amac\u0131yla haz\u0131rlanan <a href=\"https:\/\/anket.ticaret.edu.tr\/index.php\/survey\/index\/sid\/737225\/newtest\/Y\/lang\/tr\"><strong>ankete<\/strong><\/a>\u00a0kat\u0131l\u0131m\u0131n\u0131z b\u00fcy\u00fck \u00f6nem ta\u015f\u0131maktad\u0131r.<\/p>\n<p>Kat\u0131l\u0131m\u0131n\u0131z i\u00e7in \u015fimdiden te\u015fekk\u00fcr ederiz.<\/p>\n<p><strong>HALKLA \u0130L\u0130\u015eK\u0130LER VE REKLAMCILIK B\u00d6L\u00dcM\u00dc<\/strong><\/p>\n<p><strong>\u00a0PROGRAM\u00a0<\/strong><strong>\u00d6\u011eRENME \u00c7IKTILARI (P\u00d6\u00c7)<\/strong><\/p>\n<p><strong>P\u00d6\u00c7 1<\/strong><\/p>\n<p>Halkla \u0130li\u015fkiler ve reklam program\u0131yla ilgili sosyal bilimler ve sanat disiplinlerine \u00f6zg\u00fc konularda yeterli akademik, k\u00fclt\u00fcrel, sanatsal ve teknik bilgi birikimine ve bu bilgiyi program\u0131n kapsad\u0131\u011f\u0131 alanlarda kullanabilme becerisine sahiptir.<\/p>\n<p><strong>P\u00d6\u00c7 2<\/strong><\/p>\n<p>Halkla ili\u015fkiler ve reklam alan\u0131yla ilgili bilimsel, toplumsal, ekonomik, yasal ve siyasal geli\u015fmelerden haberdard\u0131r.<\/p>\n<p><strong>P\u00d6\u00c7 3<\/strong><\/p>\n<p>Yarat\u0131c\u0131 ve ele\u015ftirel yakla\u015f\u0131mla, alan\u0131na \u00f6zg\u00fc ara\u015ft\u0131rma, planlama, uygulama becerisine sahiptir.<\/p>\n<p><strong>P\u00d6\u00c7 4<\/strong><\/p>\n<p>Halkla \u0130li\u015fkiler ve reklam uygulamalar\u0131 i\u00e7in gereken \u00e7a\u011fda\u015f ve dijital ara\u00e7lar\u0131 se\u00e7me ve kullanma becerisine sahiptir.<\/p>\n<p><strong>P\u00d6\u00c7 5<\/strong><\/p>\n<p>Halkla ili\u015fkiler ve reklam alan\u0131na \u00f6zg\u00fc kuramsal ve uygulamal\u0131 bilimsel \u00e7al\u0131\u015fmalar yapma ve sonu\u00e7lar\u0131n\u0131 payla\u015fma bilgi ve becerisine sahiptir.<\/p>\n<p><strong>P\u00d6\u00c7 6<\/strong><\/p>\n<p>Halkla ili\u015fkiler ve reklam alan\u0131ndaki problemleri saptama, yorumlama ve \u00e7\u00f6zme, dijital ileti\u015fim teknolojileri alan\u0131ndaki geli\u015fmelere g\u00f6re\u00a0 dijital halkla ili\u015fkiler ve dijital reklam kampanyalar\u0131 haz\u0131rlayabilme.<\/p>\n<p><strong>P\u00d6\u00c7 7<\/strong><\/p>\n<p>Halkla ili\u015fkiler ve reklam alan\u0131nda uyumlu ve verimli ekip \u00e7al\u0131\u015fmas\u0131 becerisine sahiptir.<\/p>\n<p><strong>P\u00d6\u00c7 8<\/strong><\/p>\n<p>Halkla \u0130li\u015fkiler ve Reklamc\u0131l\u0131k ile ilgili ulusal ve uluslararas\u0131 mevzuat\u0131 ve kalite standartlar\u0131n\u0131 bilir ve uygulama becerisine sahiptir.<\/p>\n<p><strong>P\u00d6\u00c7 9<\/strong><\/p>\n<p>Halkla ili\u015fkiler ve reklamc\u0131l\u0131k\u00a0 mesle\u011finin etik ilkelerine uygun davranma\u00a0 ve sorumluluk bilincine sahiptir.<\/p>\n<p><strong>P\u00d6\u00c7 10<\/strong><\/p>\n<p>Halkla \u0130li\u015fkiler ve Reklamc\u0131l\u0131k ile\u00a0 ilgili mesleki \u00e7al\u0131\u015fmalar\u0131n\u0131n, insan haklar\u0131, k\u00fclt\u00fcrel \u00e7e\u015fitlilik, \u00e7evre sorunlar\u0131, kamu yarar\u0131 ve kamu hizmeti gibi evrensel ve toplumsal boyuttaki etkileri ve hukuksal sonu\u00e7lar\u0131 konusunda duyarl\u0131l\u0131k g\u00f6sterir.<\/p>\n<p><strong>P\u00d6\u00c7 11<\/strong><\/p>\n<p>Halkla \u0130li\u015fkiler ve Reklamc\u0131l\u0131k alan\u0131n\u0131n\u00a0 gerektirdi\u011fi bilgisayar programlar\u0131n\u0131 kullanma becerisine sahiptir.<\/p>\n<p><strong>P\u00d6\u00c7 12<\/strong><\/p>\n<p>Halkla ili\u015fkiler ve reklam disiplininin kuramsal ve pratik bilgilerini insan kaynaklar\u0131, dijital ve geleneksel pazarlama, i\u015fletme y\u00f6netimi, psikoloji, sosyoloji gibi di\u011fer disiplinlerle ili\u015fkilendirmek.<\/p>\n<p><strong>HALKLA \u0130L\u0130\u015eK\u0130LER VE REKLAMCILIK B\u00d6L\u00dcM\u00dc<\/strong><\/p>\n<p><strong>UZMANLIK ALAN \u00c7IKTILARI<\/strong><\/p>\n<p><strong>\u00a0<\/strong><\/p>\n<ol>\n<li>Halkla \u0130li\u015fkiler ve Reklamc\u0131l\u0131k alan\u0131nda ara\u015ft\u0131rma, planlama, uygulama ve de\u011ferlendirme s\u00fcre\u00e7lerini bilir, \u00f6zg\u00fcn kampanyalar tasarlayabilir, ekip \u00e7al\u0131\u015fmalar\u0131 y\u00fcr\u00fctebilir, etkili \u015fekilde sunabilir ve raporlayabilir.<\/li>\n<\/ol>\n<p>&nbsp;<\/p>\n<ol start=\"2\">\n<li>Halkla \u0130li\u015fkiler, reklam, b\u00fct\u00fcnle\u015fik pazarlama ileti\u015fimi, kurumsal ileti\u015fim, dijital halkla ili\u015fkiler ve dijital reklamc\u0131l\u0131k alan\u0131nda ve bilimsel , toplumsal, sosyo-k\u00fclt\u00fcrel, siyasal geli\u015fmeler vb. konularda kuramsal bilgiye sahiptir ve bu bilgileri H\u0130RE at\u00f6lye ve \u0130leti\u015fim Fak\u00fcltesi st\u00fcdyo imkanlar\u0131ndan kaynakl\u0131 uygulamaya y\u00f6nelik imkanlarla uygulamalar\u0131nda kullanabilirler.<\/li>\n<\/ol>\n<p>&nbsp;<\/p>\n<ol start=\"3\">\n<li>Halkla ili\u015fkiler ve reklamla ilgili strateji ve taktikleri geleneksel ve dijital medyan\u0131n \u00f6zelliklerine uygun \u015fekilde kullan\u0131r, yarat\u0131c\u0131 ve ele\u015ftirel bir yakla\u015f\u0131mla projeler ger\u00e7ekle\u015ftirebilirler.<\/li>\n<\/ol>\n<p>&nbsp;<\/p>\n<ol start=\"4\">\n<li>Halkla ili\u015fkiler, reklamc\u0131l\u0131k, kriz ileti\u015fimi ve sorun y\u00f6netimi, marka ileti\u015fimi, itibar y\u00f6netimi, medya ili\u015fkileri, medya planlama, giri\u015fimcilik, dijital halkla ili\u015fkiler ve reklam y\u00f6netimi, i\u00e7erik y\u00f6netimi, pazarlama ileti\u015fimi, siyasal ileti\u015fim, ikna edici ileti\u015fim, marka y\u00f6netimi, etkinlik ve organizasyon, kurumsal ileti\u015fim ve ki\u015fileraras\u0131 ileti\u015fim konular\u0131nda bilgi sahibidir ve bu alandaki uygulamalar\u0131 ger\u00e7ekle\u015ftirmektedir.<\/li>\n<\/ol>\n<p>&nbsp;<\/p>\n<ol start=\"5\">\n<li>Halkla \u0130li\u015fkiler ve reklam alan\u0131ndaki yasal d\u00fczenlemeleri, i\u015f sa\u011fl\u0131\u011f\u0131 ve g\u00fcvenli\u011fi konusunu, etik kodlar\u0131 bilir ve bu d\u00fczenlemeleri a\u00e7\u0131klayabilir.<\/li>\n<\/ol>\n","protected":false},"excerpt":{"rendered":"<p>De\u011ferli \u00d6\u011frencimiz, \u0130stanbul Ticaret \u00dcniversitesi \u0130leti\u015fim Fak\u00fcltesi, Halkla \u0130li\u015fkiler ve Reklamc\u0131l\u0131k Lisans Program\u0131 Ama\u00e7lar\u0131 ve Program \u00d6\u011fretim \u00c7\u0131kt\u0131lar\u0131n\u0131n g\u00fcncellenmesi, belirlenen ama\u00e7lara ne derece ula\u015f\u0131ld\u0131\u011f\u0131n\u0131n de\u011ferlendirilmesi amac\u0131yla haz\u0131rlanan ankete\u00a0kat\u0131l\u0131m\u0131n\u0131z b\u00fcy\u00fck \u00f6nem ta\u015f\u0131maktad\u0131r. Kat\u0131l\u0131m\u0131n\u0131z i\u00e7in \u015fimdiden te\u015fekk\u00fcr ederiz. HALKLA \u0130L\u0130\u015eK\u0130LER VE REKLAMCILIK B\u00d6L\u00dcM\u00dc \u00a0PROGRAM\u00a0\u00d6\u011eRENME \u00c7IKTILARI (P\u00d6\u00c7) P\u00d6\u00c7 1 Halkla \u0130li\u015fkiler ve reklam program\u0131yla ilgili sosyal bilimler ve [&hellip;]<\/p>\n","protected":false},"author":43,"featured_media":0,"parent":0,"menu_order":0,"comment_status":"closed","ping_status":"closed","template":"genel_sayfa.php","meta":{"footnotes":""},"yoast_head":"<!-- This site is optimized with the Yoast SEO Premium plugin v22.1 (Yoast SEO v22.1) - https:\/\/yoast.com\/wordpress\/plugins\/seo\/ -->\n<title>Program \u00d6\u011fretim \u00c7\u0131kt\u0131lar\u0131 - Halkla \u0130li\u015fkiler ve Reklamc\u0131l\u0131k<\/title>\n<meta name=\"robots\" content=\"index, follow, max-snippet:-1, max-image-preview:large, max-video-preview:-1\" \/>\n<link rel=\"canonical\" href=\"http:\/\/ticaret.edu.tr\/halkla-iliskiler-ve-reklamcilik\/program-ogretim-ciktilari\/\" \/>\n<meta property=\"og:locale\" content=\"tr_TR\" \/>\n<meta property=\"og:type\" content=\"article\" \/>\n<meta property=\"og:title\" content=\"Program \u00d6\u011fretim \u00c7\u0131kt\u0131lar\u0131\" \/>\n<meta property=\"og:description\" content=\"De\u011ferli \u00d6\u011frencimiz, \u0130stanbul Ticaret \u00dcniversitesi \u0130leti\u015fim Fak\u00fcltesi, Halkla \u0130li\u015fkiler ve Reklamc\u0131l\u0131k Lisans Program\u0131 Ama\u00e7lar\u0131 ve Program \u00d6\u011fretim \u00c7\u0131kt\u0131lar\u0131n\u0131n g\u00fcncellenmesi, belirlenen ama\u00e7lara ne derece ula\u015f\u0131ld\u0131\u011f\u0131n\u0131n de\u011ferlendirilmesi amac\u0131yla haz\u0131rlanan ankete\u00a0kat\u0131l\u0131m\u0131n\u0131z b\u00fcy\u00fck \u00f6nem ta\u015f\u0131maktad\u0131r. Kat\u0131l\u0131m\u0131n\u0131z i\u00e7in \u015fimdiden te\u015fekk\u00fcr ederiz. HALKLA \u0130L\u0130\u015eK\u0130LER VE REKLAMCILIK B\u00d6L\u00dcM\u00dc \u00a0PROGRAM\u00a0\u00d6\u011eRENME \u00c7IKTILARI (P\u00d6\u00c7) P\u00d6\u00c7 1 Halkla \u0130li\u015fkiler ve reklam program\u0131yla ilgili sosyal bilimler ve [&hellip;]\" \/>\n<meta property=\"og:url\" content=\"http:\/\/ticaret.edu.tr\/halkla-iliskiler-ve-reklamcilik\/program-ogretim-ciktilari\/\" \/>\n<meta property=\"og:site_name\" content=\"Halkla \u0130li\u015fkiler ve Reklamc\u0131l\u0131k\" \/>\n<meta property=\"article:publisher\" content=\"https:\/\/www.facebook.com\/ticaretedutr\" \/>\n<meta property=\"article:modified_time\" content=\"2025-06-04T13:34:40+00:00\" \/>\n<meta property=\"og:image\" content=\"http:\/\/ticaret.edu.tr\/halkla-iliskiler-ve-reklamcilik\/wp-content\/uploads\/sites\/13\/2021\/11\/web_logo-01.jpg\" \/>\n\t<meta property=\"og:image:width\" content=\"1250\" \/>\n\t<meta property=\"og:image:height\" content=\"833\" \/>\n\t<meta property=\"og:image:type\" content=\"image\/jpeg\" \/>\n<meta name=\"twitter:card\" content=\"summary_large_image\" \/>\n<meta name=\"twitter:site\" content=\"@ticaretedutr\" \/>\n<meta name=\"twitter:label1\" content=\"Tahmini okuma s\u00fcresi\" \/>\n\t<meta name=\"twitter:data1\" content=\"3 dakika\" \/>\n<script type=\"application\/ld+json\" class=\"yoast-schema-graph\">{\"@context\":\"https:\/\/schema.org\",\"@graph\":[{\"@type\":\"WebPage\",\"@id\":\"http:\/\/ticaret.edu.tr\/halkla-iliskiler-ve-reklamcilik\/program-ogretim-ciktilari\/\",\"url\":\"http:\/\/ticaret.edu.tr\/halkla-iliskiler-ve-reklamcilik\/program-ogretim-ciktilari\/\",\"name\":\"Program \u00d6\u011fretim \u00c7\u0131kt\u0131lar\u0131 - Halkla \u0130li\u015fkiler ve Reklamc\u0131l\u0131k\",\"isPartOf\":{\"@id\":\"http:\/\/ticaret.edu.tr\/halkla-iliskiler-ve-reklamcilik\/#website\"},\"datePublished\":\"2025-01-26T20:18:19+00:00\",\"dateModified\":\"2025-06-04T13:34:40+00:00\",\"breadcrumb\":{\"@id\":\"http:\/\/ticaret.edu.tr\/halkla-iliskiler-ve-reklamcilik\/program-ogretim-ciktilari\/#breadcrumb\"},\"inLanguage\":\"tr\",\"potentialAction\":[{\"@type\":\"ReadAction\",\"target\":[\"http:\/\/ticaret.edu.tr\/halkla-iliskiler-ve-reklamcilik\/program-ogretim-ciktilari\/\"]}]},{\"@type\":\"BreadcrumbList\",\"@id\":\"http:\/\/ticaret.edu.tr\/halkla-iliskiler-ve-reklamcilik\/program-ogretim-ciktilari\/#breadcrumb\",\"itemListElement\":[{\"@type\":\"ListItem\",\"position\":1,\"name\":\"Ana sayfa\",\"item\":\"http:\/\/ticaret.edu.tr\/halkla-iliskiler-ve-reklamcilik\/\"},{\"@type\":\"ListItem\",\"position\":2,\"name\":\"Program \u00d6\u011fretim \u00c7\u0131kt\u0131lar\u0131\"}]},{\"@type\":\"WebSite\",\"@id\":\"http:\/\/ticaret.edu.tr\/halkla-iliskiler-ve-reklamcilik\/#website\",\"url\":\"http:\/\/ticaret.edu.tr\/halkla-iliskiler-ve-reklamcilik\/\",\"name\":\"Halkla \u0130li\u015fkiler ve Reklamc\u0131l\u0131k\",\"description\":\"\",\"potentialAction\":[{\"@type\":\"SearchAction\",\"target\":{\"@type\":\"EntryPoint\",\"urlTemplate\":\"http:\/\/ticaret.edu.tr\/halkla-iliskiler-ve-reklamcilik\/?s={search_term_string}\"},\"query-input\":\"required name=search_term_string\"}],\"inLanguage\":\"tr\"}]}<\/script>\n<!-- \/ Yoast SEO Premium plugin. -->","yoast_head_json":{"title":"Program \u00d6\u011fretim \u00c7\u0131kt\u0131lar\u0131 - Halkla \u0130li\u015fkiler ve Reklamc\u0131l\u0131k","robots":{"index":"index","follow":"follow","max-snippet":"max-snippet:-1","max-image-preview":"max-image-preview:large","max-video-preview":"max-video-preview:-1"},"canonical":"http:\/\/ticaret.edu.tr\/halkla-iliskiler-ve-reklamcilik\/program-ogretim-ciktilari\/","og_locale":"tr_TR","og_type":"article","og_title":"Program \u00d6\u011fretim \u00c7\u0131kt\u0131lar\u0131","og_description":"De\u011ferli \u00d6\u011frencimiz, \u0130stanbul Ticaret \u00dcniversitesi \u0130leti\u015fim Fak\u00fcltesi, Halkla \u0130li\u015fkiler ve Reklamc\u0131l\u0131k Lisans Program\u0131 Ama\u00e7lar\u0131 ve Program \u00d6\u011fretim \u00c7\u0131kt\u0131lar\u0131n\u0131n g\u00fcncellenmesi, belirlenen ama\u00e7lara ne derece ula\u015f\u0131ld\u0131\u011f\u0131n\u0131n de\u011ferlendirilmesi amac\u0131yla haz\u0131rlanan ankete\u00a0kat\u0131l\u0131m\u0131n\u0131z b\u00fcy\u00fck \u00f6nem ta\u015f\u0131maktad\u0131r. Kat\u0131l\u0131m\u0131n\u0131z i\u00e7in \u015fimdiden te\u015fekk\u00fcr ederiz. HALKLA \u0130L\u0130\u015eK\u0130LER VE REKLAMCILIK B\u00d6L\u00dcM\u00dc \u00a0PROGRAM\u00a0\u00d6\u011eRENME \u00c7IKTILARI (P\u00d6\u00c7) P\u00d6\u00c7 1 Halkla \u0130li\u015fkiler ve reklam program\u0131yla ilgili sosyal bilimler ve [&hellip;]","og_url":"http:\/\/ticaret.edu.tr\/halkla-iliskiler-ve-reklamcilik\/program-ogretim-ciktilari\/","og_site_name":"Halkla \u0130li\u015fkiler ve Reklamc\u0131l\u0131k","article_publisher":"https:\/\/www.facebook.com\/ticaretedutr","article_modified_time":"2025-06-04T13:34:40+00:00","og_image":[{"width":1250,"height":833,"url":"http:\/\/ticaret.edu.tr\/halkla-iliskiler-ve-reklamcilik\/wp-content\/uploads\/sites\/13\/2021\/11\/web_logo-01.jpg","type":"image\/jpeg"}],"twitter_card":"summary_large_image","twitter_site":"@ticaretedutr","twitter_misc":{"Tahmini okuma s\u00fcresi":"3 dakika"},"schema":{"@context":"https:\/\/schema.org","@graph":[{"@type":"WebPage","@id":"http:\/\/ticaret.edu.tr\/halkla-iliskiler-ve-reklamcilik\/program-ogretim-ciktilari\/","url":"http:\/\/ticaret.edu.tr\/halkla-iliskiler-ve-reklamcilik\/program-ogretim-ciktilari\/","name":"Program \u00d6\u011fretim \u00c7\u0131kt\u0131lar\u0131 - Halkla \u0130li\u015fkiler ve Reklamc\u0131l\u0131k","isPartOf":{"@id":"http:\/\/ticaret.edu.tr\/halkla-iliskiler-ve-reklamcilik\/#website"},"datePublished":"2025-01-26T20:18:19+00:00","dateModified":"2025-06-04T13:34:40+00:00","breadcrumb":{"@id":"http:\/\/ticaret.edu.tr\/halkla-iliskiler-ve-reklamcilik\/program-ogretim-ciktilari\/#breadcrumb"},"inLanguage":"tr","potentialAction":[{"@type":"ReadAction","target":["http:\/\/ticaret.edu.tr\/halkla-iliskiler-ve-reklamcilik\/program-ogretim-ciktilari\/"]}]},{"@type":"BreadcrumbList","@id":"http:\/\/ticaret.edu.tr\/halkla-iliskiler-ve-reklamcilik\/program-ogretim-ciktilari\/#breadcrumb","itemListElement":[{"@type":"ListItem","position":1,"name":"Ana sayfa","item":"http:\/\/ticaret.edu.tr\/halkla-iliskiler-ve-reklamcilik\/"},{"@type":"ListItem","position":2,"name":"Program \u00d6\u011fretim \u00c7\u0131kt\u0131lar\u0131"}]},{"@type":"WebSite","@id":"http:\/\/ticaret.edu.tr\/halkla-iliskiler-ve-reklamcilik\/#website","url":"http:\/\/ticaret.edu.tr\/halkla-iliskiler-ve-reklamcilik\/","name":"Halkla \u0130li\u015fkiler ve Reklamc\u0131l\u0131k","description":"","potentialAction":[{"@type":"SearchAction","target":{"@type":"EntryPoint","urlTemplate":"http:\/\/ticaret.edu.tr\/halkla-iliskiler-ve-reklamcilik\/?s={search_term_string}"},"query-input":"required name=search_term_string"}],"inLanguage":"tr"}]}},"lang":"tr","translations":{"en":1876,"tr":1874},"pll_sync_post":[],"_links":{"self":[{"href":"http:\/\/ticaret.edu.tr\/halkla-iliskiler-ve-reklamcilik\/wp-json\/wp\/v2\/pages\/1874"}],"collection":[{"href":"http:\/\/ticaret.edu.tr\/halkla-iliskiler-ve-reklamcilik\/wp-json\/wp\/v2\/pages"}],"about":[{"href":"http:\/\/ticaret.edu.tr\/halkla-iliskiler-ve-reklamcilik\/wp-json\/wp\/v2\/types\/page"}],"author":[{"embeddable":true,"href":"http:\/\/ticaret.edu.tr\/halkla-iliskiler-ve-reklamcilik\/wp-json\/wp\/v2\/users\/43"}],"replies":[{"embeddable":true,"href":"http:\/\/ticaret.edu.tr\/halkla-iliskiler-ve-reklamcilik\/wp-json\/wp\/v2\/comments?post=1874"}],"version-history":[{"count":5,"href":"http:\/\/ticaret.edu.tr\/halkla-iliskiler-ve-reklamcilik\/wp-json\/wp\/v2\/pages\/1874\/revisions"}],"predecessor-version":[{"id":2396,"href":"http:\/\/ticaret.edu.tr\/halkla-iliskiler-ve-reklamcilik\/wp-json\/wp\/v2\/pages\/1874\/revisions\/2396"}],"wp:attachment":[{"href":"http:\/\/ticaret.edu.tr\/halkla-iliskiler-ve-reklamcilik\/wp-json\/wp\/v2\/media?parent=1874"}],"curies":[{"name":"wp","href":"https:\/\/api.w.org\/{rel}","templated":true}]}}