{"id":1892,"date":"2025-01-26T23:23:14","date_gmt":"2025-01-26T20:23:14","guid":{"rendered":"https:\/\/ticaret.edu.tr\/halkla-iliskiler-ve-reklamcilik\/?page_id=1892"},"modified":"2025-10-17T18:32:33","modified_gmt":"2025-10-17T15:32:33","slug":"kazanilan-derece-gereklilikleri-ve-kurallar","status":"publish","type":"page","link":"http:\/\/ticaret.edu.tr\/halkla-iliskiler-ve-reklamcilik\/kazanilan-derece-gereklilikleri-ve-kurallar\/","title":{"rendered":"Kazan\u0131lan Derece Gereklilikleri ve Kurallar"},"content":{"rendered":"<p>Mezuniyet i\u00e7in gereken kredi, Y\u00fcksek\u00f6\u011fretim Kurulunca belirlenen zorunlu dersler ve staj dahil olmak \u00fczere \u00f6n lisans program\u0131nda en az 120 AKTS kredisi ve lisans program\u0131nda 240 AKTS kredisidir. T\u00fcm zorunlu ve se\u00e7meli dersleri, uygulama ve stajlar\u0131 ve mezuniyet i\u00e7in gereken kredi y\u00fck\u00fcn\u00fc en az 2,00 GNO ile ba\u015far\u0131yla tamamlayan \u00f6\u011frenciler, kat\u0131ld\u0131klar\u0131 programa g\u00f6re fak\u00fclte lisans diplomas\u0131, y\u00fcksekokul lisans diplomas\u0131 veya meslek y\u00fcksekokulu \u00f6n lisans derecesi almaya hak kazan\u0131rlar.<\/p>\n","protected":false},"excerpt":{"rendered":"<p>Mezuniyet i\u00e7in gereken kredi, Y\u00fcksek\u00f6\u011fretim Kurulunca belirlenen zorunlu dersler ve staj dahil olmak \u00fczere \u00f6n lisans program\u0131nda en az 120 AKTS kredisi ve lisans program\u0131nda 240 AKTS kredisidir. T\u00fcm zorunlu ve se\u00e7meli dersleri, uygulama ve stajlar\u0131 ve mezuniyet i\u00e7in gereken kredi y\u00fck\u00fcn\u00fc en az 2,00 GNO ile ba\u015far\u0131yla tamamlayan \u00f6\u011frenciler, kat\u0131ld\u0131klar\u0131 programa g\u00f6re fak\u00fclte lisans [&hellip;]<\/p>\n","protected":false},"author":43,"featured_media":0,"parent":0,"menu_order":0,"comment_status":"closed","ping_status":"closed","template":"genel_sayfa.php","meta":{"footnotes":""},"yoast_head":"<!-- This site is optimized with the Yoast SEO Premium plugin v22.1 (Yoast SEO v22.1) - https:\/\/yoast.com\/wordpress\/plugins\/seo\/ -->\n<title>Kazan\u0131lan Derece Gereklilikleri ve Kurallar - Halkla \u0130li\u015fkiler ve Reklamc\u0131l\u0131k<\/title>\n<meta name=\"robots\" content=\"index, follow, max-snippet:-1, max-image-preview:large, max-video-preview:-1\" \/>\n<link rel=\"canonical\" href=\"http:\/\/ticaret.edu.tr\/halkla-iliskiler-ve-reklamcilik\/kazanilan-derece-gereklilikleri-ve-kurallar\/\" \/>\n<meta property=\"og:locale\" content=\"tr_TR\" \/>\n<meta property=\"og:type\" content=\"article\" \/>\n<meta property=\"og:title\" content=\"Kazan\u0131lan Derece Gereklilikleri ve Kurallar\" \/>\n<meta property=\"og:description\" content=\"Mezuniyet i\u00e7in gereken kredi, Y\u00fcksek\u00f6\u011fretim Kurulunca belirlenen zorunlu dersler ve staj dahil olmak \u00fczere \u00f6n lisans program\u0131nda en az 120 AKTS kredisi ve lisans program\u0131nda 240 AKTS kredisidir. T\u00fcm zorunlu ve se\u00e7meli dersleri, uygulama ve stajlar\u0131 ve mezuniyet i\u00e7in gereken kredi y\u00fck\u00fcn\u00fc en az 2,00 GNO ile ba\u015far\u0131yla tamamlayan \u00f6\u011frenciler, kat\u0131ld\u0131klar\u0131 programa g\u00f6re fak\u00fclte lisans [&hellip;]\" \/>\n<meta property=\"og:url\" content=\"http:\/\/ticaret.edu.tr\/halkla-iliskiler-ve-reklamcilik\/kazanilan-derece-gereklilikleri-ve-kurallar\/\" \/>\n<meta property=\"og:site_name\" content=\"Halkla \u0130li\u015fkiler ve Reklamc\u0131l\u0131k\" \/>\n<meta property=\"article:publisher\" content=\"https:\/\/www.facebook.com\/ticaretedutr\" \/>\n<meta property=\"article:modified_time\" content=\"2025-10-17T15:32:33+00:00\" \/>\n<meta property=\"og:image\" content=\"http:\/\/ticaret.edu.tr\/halkla-iliskiler-ve-reklamcilik\/wp-content\/uploads\/sites\/13\/2021\/11\/web_logo-01.jpg\" \/>\n\t<meta property=\"og:image:width\" content=\"1250\" \/>\n\t<meta property=\"og:image:height\" content=\"833\" \/>\n\t<meta property=\"og:image:type\" content=\"image\/jpeg\" \/>\n<meta name=\"twitter:card\" content=\"summary_large_image\" \/>\n<meta name=\"twitter:site\" content=\"@ticaretedutr\" \/>\n<meta name=\"twitter:label1\" content=\"Tahmini okuma s\u00fcresi\" \/>\n\t<meta name=\"twitter:data1\" content=\"1 dakika\" \/>\n<script type=\"application\/ld+json\" class=\"yoast-schema-graph\">{\"@context\":\"https:\/\/schema.org\",\"@graph\":[{\"@type\":\"WebPage\",\"@id\":\"http:\/\/ticaret.edu.tr\/halkla-iliskiler-ve-reklamcilik\/kazanilan-derece-gereklilikleri-ve-kurallar\/\",\"url\":\"http:\/\/ticaret.edu.tr\/halkla-iliskiler-ve-reklamcilik\/kazanilan-derece-gereklilikleri-ve-kurallar\/\",\"name\":\"Kazan\u0131lan Derece Gereklilikleri ve Kurallar - Halkla \u0130li\u015fkiler ve Reklamc\u0131l\u0131k\",\"isPartOf\":{\"@id\":\"http:\/\/ticaret.edu.tr\/halkla-iliskiler-ve-reklamcilik\/#website\"},\"datePublished\":\"2025-01-26T20:23:14+00:00\",\"dateModified\":\"2025-10-17T15:32:33+00:00\",\"breadcrumb\":{\"@id\":\"http:\/\/ticaret.edu.tr\/halkla-iliskiler-ve-reklamcilik\/kazanilan-derece-gereklilikleri-ve-kurallar\/#breadcrumb\"},\"inLanguage\":\"tr\",\"potentialAction\":[{\"@type\":\"ReadAction\",\"target\":[\"http:\/\/ticaret.edu.tr\/halkla-iliskiler-ve-reklamcilik\/kazanilan-derece-gereklilikleri-ve-kurallar\/\"]}]},{\"@type\":\"BreadcrumbList\",\"@id\":\"http:\/\/ticaret.edu.tr\/halkla-iliskiler-ve-reklamcilik\/kazanilan-derece-gereklilikleri-ve-kurallar\/#breadcrumb\",\"itemListElement\":[{\"@type\":\"ListItem\",\"position\":1,\"name\":\"Ana sayfa\",\"item\":\"http:\/\/ticaret.edu.tr\/halkla-iliskiler-ve-reklamcilik\/\"},{\"@type\":\"ListItem\",\"position\":2,\"name\":\"Kazan\u0131lan Derece Gereklilikleri ve Kurallar\"}]},{\"@type\":\"WebSite\",\"@id\":\"http:\/\/ticaret.edu.tr\/halkla-iliskiler-ve-reklamcilik\/#website\",\"url\":\"http:\/\/ticaret.edu.tr\/halkla-iliskiler-ve-reklamcilik\/\",\"name\":\"Halkla \u0130li\u015fkiler ve Reklamc\u0131l\u0131k\",\"description\":\"\",\"potentialAction\":[{\"@type\":\"SearchAction\",\"target\":{\"@type\":\"EntryPoint\",\"urlTemplate\":\"http:\/\/ticaret.edu.tr\/halkla-iliskiler-ve-reklamcilik\/?s={search_term_string}\"},\"query-input\":\"required name=search_term_string\"}],\"inLanguage\":\"tr\"}]}<\/script>\n<!-- \/ Yoast SEO Premium plugin. -->","yoast_head_json":{"title":"Kazan\u0131lan Derece Gereklilikleri ve Kurallar - Halkla \u0130li\u015fkiler ve Reklamc\u0131l\u0131k","robots":{"index":"index","follow":"follow","max-snippet":"max-snippet:-1","max-image-preview":"max-image-preview:large","max-video-preview":"max-video-preview:-1"},"canonical":"http:\/\/ticaret.edu.tr\/halkla-iliskiler-ve-reklamcilik\/kazanilan-derece-gereklilikleri-ve-kurallar\/","og_locale":"tr_TR","og_type":"article","og_title":"Kazan\u0131lan Derece Gereklilikleri ve Kurallar","og_description":"Mezuniyet i\u00e7in gereken kredi, Y\u00fcksek\u00f6\u011fretim Kurulunca belirlenen zorunlu dersler ve staj dahil olmak \u00fczere \u00f6n lisans program\u0131nda en az 120 AKTS kredisi ve lisans program\u0131nda 240 AKTS kredisidir. T\u00fcm zorunlu ve se\u00e7meli dersleri, uygulama ve stajlar\u0131 ve mezuniyet i\u00e7in gereken kredi y\u00fck\u00fcn\u00fc en az 2,00 GNO ile ba\u015far\u0131yla tamamlayan \u00f6\u011frenciler, kat\u0131ld\u0131klar\u0131 programa g\u00f6re fak\u00fclte lisans [&hellip;]","og_url":"http:\/\/ticaret.edu.tr\/halkla-iliskiler-ve-reklamcilik\/kazanilan-derece-gereklilikleri-ve-kurallar\/","og_site_name":"Halkla \u0130li\u015fkiler ve Reklamc\u0131l\u0131k","article_publisher":"https:\/\/www.facebook.com\/ticaretedutr","article_modified_time":"2025-10-17T15:32:33+00:00","og_image":[{"width":1250,"height":833,"url":"http:\/\/ticaret.edu.tr\/halkla-iliskiler-ve-reklamcilik\/wp-content\/uploads\/sites\/13\/2021\/11\/web_logo-01.jpg","type":"image\/jpeg"}],"twitter_card":"summary_large_image","twitter_site":"@ticaretedutr","twitter_misc":{"Tahmini okuma s\u00fcresi":"1 dakika"},"schema":{"@context":"https:\/\/schema.org","@graph":[{"@type":"WebPage","@id":"http:\/\/ticaret.edu.tr\/halkla-iliskiler-ve-reklamcilik\/kazanilan-derece-gereklilikleri-ve-kurallar\/","url":"http:\/\/ticaret.edu.tr\/halkla-iliskiler-ve-reklamcilik\/kazanilan-derece-gereklilikleri-ve-kurallar\/","name":"Kazan\u0131lan Derece Gereklilikleri ve Kurallar - Halkla \u0130li\u015fkiler ve Reklamc\u0131l\u0131k","isPartOf":{"@id":"http:\/\/ticaret.edu.tr\/halkla-iliskiler-ve-reklamcilik\/#website"},"datePublished":"2025-01-26T20:23:14+00:00","dateModified":"2025-10-17T15:32:33+00:00","breadcrumb":{"@id":"http:\/\/ticaret.edu.tr\/halkla-iliskiler-ve-reklamcilik\/kazanilan-derece-gereklilikleri-ve-kurallar\/#breadcrumb"},"inLanguage":"tr","potentialAction":[{"@type":"ReadAction","target":["http:\/\/ticaret.edu.tr\/halkla-iliskiler-ve-reklamcilik\/kazanilan-derece-gereklilikleri-ve-kurallar\/"]}]},{"@type":"BreadcrumbList","@id":"http:\/\/ticaret.edu.tr\/halkla-iliskiler-ve-reklamcilik\/kazanilan-derece-gereklilikleri-ve-kurallar\/#breadcrumb","itemListElement":[{"@type":"ListItem","position":1,"name":"Ana sayfa","item":"http:\/\/ticaret.edu.tr\/halkla-iliskiler-ve-reklamcilik\/"},{"@type":"ListItem","position":2,"name":"Kazan\u0131lan Derece Gereklilikleri ve Kurallar"}]},{"@type":"WebSite","@id":"http:\/\/ticaret.edu.tr\/halkla-iliskiler-ve-reklamcilik\/#website","url":"http:\/\/ticaret.edu.tr\/halkla-iliskiler-ve-reklamcilik\/","name":"Halkla \u0130li\u015fkiler ve Reklamc\u0131l\u0131k","description":"","potentialAction":[{"@type":"SearchAction","target":{"@type":"EntryPoint","urlTemplate":"http:\/\/ticaret.edu.tr\/halkla-iliskiler-ve-reklamcilik\/?s={search_term_string}"},"query-input":"required name=search_term_string"}],"inLanguage":"tr"}]}},"lang":"tr","translations":{"en":1894,"tr":1892},"pll_sync_post":[],"_links":{"self":[{"href":"http:\/\/ticaret.edu.tr\/halkla-iliskiler-ve-reklamcilik\/wp-json\/wp\/v2\/pages\/1892"}],"collection":[{"href":"http:\/\/ticaret.edu.tr\/halkla-iliskiler-ve-reklamcilik\/wp-json\/wp\/v2\/pages"}],"about":[{"href":"http:\/\/ticaret.edu.tr\/halkla-iliskiler-ve-reklamcilik\/wp-json\/wp\/v2\/types\/page"}],"author":[{"embeddable":true,"href":"http:\/\/ticaret.edu.tr\/halkla-iliskiler-ve-reklamcilik\/wp-json\/wp\/v2\/users\/43"}],"replies":[{"embeddable":true,"href":"http:\/\/ticaret.edu.tr\/halkla-iliskiler-ve-reklamcilik\/wp-json\/wp\/v2\/comments?post=1892"}],"version-history":[{"count":2,"href":"http:\/\/ticaret.edu.tr\/halkla-iliskiler-ve-reklamcilik\/wp-json\/wp\/v2\/pages\/1892\/revisions"}],"predecessor-version":[{"id":2478,"href":"http:\/\/ticaret.edu.tr\/halkla-iliskiler-ve-reklamcilik\/wp-json\/wp\/v2\/pages\/1892\/revisions\/2478"}],"wp:attachment":[{"href":"http:\/\/ticaret.edu.tr\/halkla-iliskiler-ve-reklamcilik\/wp-json\/wp\/v2\/media?parent=1892"}],"curies":[{"name":"wp","href":"https:\/\/api.w.org\/{rel}","templated":true}]}}