{"id":1931,"date":"2025-01-26T23:33:56","date_gmt":"2025-01-26T20:33:56","guid":{"rendered":"https:\/\/ticaret.edu.tr\/halkla-iliskiler-ve-reklamcilik\/?page_id=1931"},"modified":"2025-03-25T14:40:06","modified_gmt":"2025-03-25T11:40:06","slug":"cap-yandal-yatay-gecis","status":"publish","type":"page","link":"http:\/\/ticaret.edu.tr\/halkla-iliskiler-ve-reklamcilik\/cap-yandal-yatay-gecis\/","title":{"rendered":"\u00c7ap &#8211; Yandal \/ Yatay Ge\u00e7i\u015f"},"content":{"rendered":"<h3 data-start=\"507\" data-end=\"577\"><strong data-start=\"511\" data-end=\"575\">\ud83d\udcda \u00d6\u011frenci De\u011fi\u015fim Programlar\u0131 ve Yatay Ge\u00e7i\u015f Y\u00f6netmelikleri<\/strong><\/h3>\n<p data-start=\"579\" data-end=\"726\">\ud83d\udccd\u00a0<strong data-start=\"582\" data-end=\"609\">Yatay Ge\u00e7i\u015f Y\u00f6netmeli\u011fi<\/strong><br data-start=\"609\" data-end=\"612\" \/>\u2705\u00a0<strong data-start=\"614\" data-end=\"679\">\u00dcniversite i\u00e7i ve \u00fcniversiteler aras\u0131 yatay ge\u00e7i\u015f s\u00fcre\u00e7lerini<\/strong>\u00a0d\u00fczenler.<br data-start=\"689\" data-end=\"692\" \/>\ud83d\udd17\u00a0<a href=\"https:\/\/www.mevzuat.gov.tr\/mevzuat?MevzuatNo=13948&amp;MevzuatTur=7&amp;MevzuatTertip=5\"><strong data-start=\"695\" data-end=\"724\">Yatay Ge\u00e7i\u015f Y\u00f6netmeli\u011fi<\/strong><\/a><\/p>\n<p data-start=\"728\" data-end=\"923\">\ud83d\udccd\u00a0<strong data-start=\"731\" data-end=\"769\">\u00c7ift Anadal ve Yan Dal Y\u00f6netmeli\u011fi<\/strong><br data-start=\"769\" data-end=\"772\" \/>\u2705\u00a0<strong data-start=\"774\" data-end=\"875\">\u00c7ift Anadal ve Yan Dal programlar\u0131na ba\u015fvuru \u015fartlar\u0131, ba\u015far\u0131 kriterleri ve mezuniyet ko\u015fullar\u0131n\u0131<\/strong>\u00a0i\u00e7erir.<br data-start=\"883\" data-end=\"886\" \/>\ud83d\udd17\u00a0<a href=\"https:\/\/www.mevzuat.gov.tr\/mevzuat?MevzuatNo=7266&amp;MevzuatTur=8&amp;MevzuatTertip=5\"><strong data-start=\"889\" data-end=\"921\">\u00c7AP ve Yan Dal Y\u00f6netmeli\u011fi<\/strong><\/a><\/p>\n","protected":false},"excerpt":{"rendered":"<p>\ud83d\udcda \u00d6\u011frenci De\u011fi\u015fim Programlar\u0131 ve Yatay Ge\u00e7i\u015f Y\u00f6netmelikleri \ud83d\udccd\u00a0Yatay Ge\u00e7i\u015f Y\u00f6netmeli\u011fi\u2705\u00a0\u00dcniversite i\u00e7i ve \u00fcniversiteler aras\u0131 yatay ge\u00e7i\u015f s\u00fcre\u00e7lerini\u00a0d\u00fczenler.\ud83d\udd17\u00a0Yatay Ge\u00e7i\u015f Y\u00f6netmeli\u011fi \ud83d\udccd\u00a0\u00c7ift Anadal ve Yan Dal Y\u00f6netmeli\u011fi\u2705\u00a0\u00c7ift Anadal ve Yan Dal programlar\u0131na ba\u015fvuru \u015fartlar\u0131, ba\u015far\u0131 kriterleri ve mezuniyet ko\u015fullar\u0131n\u0131\u00a0i\u00e7erir.\ud83d\udd17\u00a0\u00c7AP ve Yan Dal Y\u00f6netmeli\u011fi<\/p>\n","protected":false},"author":43,"featured_media":0,"parent":0,"menu_order":0,"comment_status":"closed","ping_status":"closed","template":"genel_sayfa.php","meta":{"footnotes":""},"yoast_head":"<!-- This site is optimized with the Yoast SEO Premium plugin v22.1 (Yoast SEO v22.1) - https:\/\/yoast.com\/wordpress\/plugins\/seo\/ -->\n<title>\u00c7ap - Yandal \/ Yatay Ge\u00e7i\u015f - Halkla \u0130li\u015fkiler ve Reklamc\u0131l\u0131k<\/title>\n<meta name=\"robots\" content=\"index, follow, max-snippet:-1, max-image-preview:large, max-video-preview:-1\" \/>\n<link rel=\"canonical\" href=\"https:\/\/ticaret.edu.tr\/halkla-iliskiler-ve-reklamcilik\/cap-yandal-yatay-gecis\/\" \/>\n<meta property=\"og:locale\" content=\"tr_TR\" \/>\n<meta property=\"og:type\" content=\"article\" \/>\n<meta property=\"og:title\" content=\"\u00c7ap - Yandal \/ Yatay Ge\u00e7i\u015f\" \/>\n<meta property=\"og:description\" content=\"\ud83d\udcda \u00d6\u011frenci De\u011fi\u015fim Programlar\u0131 ve Yatay Ge\u00e7i\u015f Y\u00f6netmelikleri \ud83d\udccd\u00a0Yatay Ge\u00e7i\u015f Y\u00f6netmeli\u011fi\u2705\u00a0\u00dcniversite i\u00e7i ve \u00fcniversiteler aras\u0131 yatay ge\u00e7i\u015f s\u00fcre\u00e7lerini\u00a0d\u00fczenler.\ud83d\udd17\u00a0Yatay Ge\u00e7i\u015f Y\u00f6netmeli\u011fi \ud83d\udccd\u00a0\u00c7ift Anadal ve Yan Dal Y\u00f6netmeli\u011fi\u2705\u00a0\u00c7ift Anadal ve Yan Dal programlar\u0131na ba\u015fvuru \u015fartlar\u0131, ba\u015far\u0131 kriterleri ve mezuniyet ko\u015fullar\u0131n\u0131\u00a0i\u00e7erir.\ud83d\udd17\u00a0\u00c7AP ve Yan Dal Y\u00f6netmeli\u011fi\" \/>\n<meta property=\"og:url\" content=\"https:\/\/ticaret.edu.tr\/halkla-iliskiler-ve-reklamcilik\/cap-yandal-yatay-gecis\/\" \/>\n<meta property=\"og:site_name\" content=\"Halkla \u0130li\u015fkiler ve Reklamc\u0131l\u0131k\" \/>\n<meta property=\"article:publisher\" content=\"https:\/\/www.facebook.com\/ticaretedutr\" \/>\n<meta property=\"article:modified_time\" content=\"2025-03-25T11:40:06+00:00\" \/>\n<meta property=\"og:image\" content=\"http:\/\/ticaret.edu.tr\/halkla-iliskiler-ve-reklamcilik\/wp-content\/uploads\/sites\/13\/2021\/11\/web_logo-01.jpg\" \/>\n\t<meta property=\"og:image:width\" content=\"1250\" \/>\n\t<meta property=\"og:image:height\" content=\"833\" \/>\n\t<meta property=\"og:image:type\" content=\"image\/jpeg\" \/>\n<meta name=\"twitter:card\" content=\"summary_large_image\" \/>\n<meta name=\"twitter:site\" content=\"@ticaretedutr\" \/>\n<meta name=\"twitter:label1\" content=\"Tahmini okuma s\u00fcresi\" \/>\n\t<meta name=\"twitter:data1\" content=\"1 dakika\" \/>\n<script type=\"application\/ld+json\" class=\"yoast-schema-graph\">{\"@context\":\"https:\/\/schema.org\",\"@graph\":[{\"@type\":\"WebPage\",\"@id\":\"https:\/\/ticaret.edu.tr\/halkla-iliskiler-ve-reklamcilik\/cap-yandal-yatay-gecis\/\",\"url\":\"https:\/\/ticaret.edu.tr\/halkla-iliskiler-ve-reklamcilik\/cap-yandal-yatay-gecis\/\",\"name\":\"\u00c7ap - Yandal \/ Yatay Ge\u00e7i\u015f - Halkla \u0130li\u015fkiler ve Reklamc\u0131l\u0131k\",\"isPartOf\":{\"@id\":\"http:\/\/ticaret.edu.tr\/halkla-iliskiler-ve-reklamcilik\/#website\"},\"datePublished\":\"2025-01-26T20:33:56+00:00\",\"dateModified\":\"2025-03-25T11:40:06+00:00\",\"breadcrumb\":{\"@id\":\"https:\/\/ticaret.edu.tr\/halkla-iliskiler-ve-reklamcilik\/cap-yandal-yatay-gecis\/#breadcrumb\"},\"inLanguage\":\"tr\",\"potentialAction\":[{\"@type\":\"ReadAction\",\"target\":[\"https:\/\/ticaret.edu.tr\/halkla-iliskiler-ve-reklamcilik\/cap-yandal-yatay-gecis\/\"]}]},{\"@type\":\"BreadcrumbList\",\"@id\":\"https:\/\/ticaret.edu.tr\/halkla-iliskiler-ve-reklamcilik\/cap-yandal-yatay-gecis\/#breadcrumb\",\"itemListElement\":[{\"@type\":\"ListItem\",\"position\":1,\"name\":\"Ana sayfa\",\"item\":\"http:\/\/ticaret.edu.tr\/halkla-iliskiler-ve-reklamcilik\/\"},{\"@type\":\"ListItem\",\"position\":2,\"name\":\"\u00c7ap &#8211; Yandal \/ Yatay Ge\u00e7i\u015f\"}]},{\"@type\":\"WebSite\",\"@id\":\"http:\/\/ticaret.edu.tr\/halkla-iliskiler-ve-reklamcilik\/#website\",\"url\":\"http:\/\/ticaret.edu.tr\/halkla-iliskiler-ve-reklamcilik\/\",\"name\":\"Halkla \u0130li\u015fkiler ve Reklamc\u0131l\u0131k\",\"description\":\"\",\"potentialAction\":[{\"@type\":\"SearchAction\",\"target\":{\"@type\":\"EntryPoint\",\"urlTemplate\":\"http:\/\/ticaret.edu.tr\/halkla-iliskiler-ve-reklamcilik\/?s={search_term_string}\"},\"query-input\":\"required name=search_term_string\"}],\"inLanguage\":\"tr\"}]}<\/script>\n<!-- \/ Yoast SEO Premium plugin. -->","yoast_head_json":{"title":"\u00c7ap - Yandal \/ Yatay Ge\u00e7i\u015f - Halkla \u0130li\u015fkiler ve Reklamc\u0131l\u0131k","robots":{"index":"index","follow":"follow","max-snippet":"max-snippet:-1","max-image-preview":"max-image-preview:large","max-video-preview":"max-video-preview:-1"},"canonical":"https:\/\/ticaret.edu.tr\/halkla-iliskiler-ve-reklamcilik\/cap-yandal-yatay-gecis\/","og_locale":"tr_TR","og_type":"article","og_title":"\u00c7ap - Yandal \/ Yatay Ge\u00e7i\u015f","og_description":"\ud83d\udcda \u00d6\u011frenci De\u011fi\u015fim Programlar\u0131 ve Yatay Ge\u00e7i\u015f Y\u00f6netmelikleri \ud83d\udccd\u00a0Yatay Ge\u00e7i\u015f Y\u00f6netmeli\u011fi\u2705\u00a0\u00dcniversite i\u00e7i ve \u00fcniversiteler aras\u0131 yatay ge\u00e7i\u015f s\u00fcre\u00e7lerini\u00a0d\u00fczenler.\ud83d\udd17\u00a0Yatay Ge\u00e7i\u015f Y\u00f6netmeli\u011fi \ud83d\udccd\u00a0\u00c7ift Anadal ve Yan Dal Y\u00f6netmeli\u011fi\u2705\u00a0\u00c7ift Anadal ve Yan Dal programlar\u0131na ba\u015fvuru \u015fartlar\u0131, ba\u015far\u0131 kriterleri ve mezuniyet ko\u015fullar\u0131n\u0131\u00a0i\u00e7erir.\ud83d\udd17\u00a0\u00c7AP ve Yan Dal Y\u00f6netmeli\u011fi","og_url":"https:\/\/ticaret.edu.tr\/halkla-iliskiler-ve-reklamcilik\/cap-yandal-yatay-gecis\/","og_site_name":"Halkla \u0130li\u015fkiler ve Reklamc\u0131l\u0131k","article_publisher":"https:\/\/www.facebook.com\/ticaretedutr","article_modified_time":"2025-03-25T11:40:06+00:00","og_image":[{"width":1250,"height":833,"url":"http:\/\/ticaret.edu.tr\/halkla-iliskiler-ve-reklamcilik\/wp-content\/uploads\/sites\/13\/2021\/11\/web_logo-01.jpg","type":"image\/jpeg"}],"twitter_card":"summary_large_image","twitter_site":"@ticaretedutr","twitter_misc":{"Tahmini okuma s\u00fcresi":"1 dakika"},"schema":{"@context":"https:\/\/schema.org","@graph":[{"@type":"WebPage","@id":"https:\/\/ticaret.edu.tr\/halkla-iliskiler-ve-reklamcilik\/cap-yandal-yatay-gecis\/","url":"https:\/\/ticaret.edu.tr\/halkla-iliskiler-ve-reklamcilik\/cap-yandal-yatay-gecis\/","name":"\u00c7ap - Yandal \/ Yatay Ge\u00e7i\u015f - Halkla \u0130li\u015fkiler ve Reklamc\u0131l\u0131k","isPartOf":{"@id":"http:\/\/ticaret.edu.tr\/halkla-iliskiler-ve-reklamcilik\/#website"},"datePublished":"2025-01-26T20:33:56+00:00","dateModified":"2025-03-25T11:40:06+00:00","breadcrumb":{"@id":"https:\/\/ticaret.edu.tr\/halkla-iliskiler-ve-reklamcilik\/cap-yandal-yatay-gecis\/#breadcrumb"},"inLanguage":"tr","potentialAction":[{"@type":"ReadAction","target":["https:\/\/ticaret.edu.tr\/halkla-iliskiler-ve-reklamcilik\/cap-yandal-yatay-gecis\/"]}]},{"@type":"BreadcrumbList","@id":"https:\/\/ticaret.edu.tr\/halkla-iliskiler-ve-reklamcilik\/cap-yandal-yatay-gecis\/#breadcrumb","itemListElement":[{"@type":"ListItem","position":1,"name":"Ana sayfa","item":"http:\/\/ticaret.edu.tr\/halkla-iliskiler-ve-reklamcilik\/"},{"@type":"ListItem","position":2,"name":"\u00c7ap &#8211; Yandal \/ Yatay Ge\u00e7i\u015f"}]},{"@type":"WebSite","@id":"http:\/\/ticaret.edu.tr\/halkla-iliskiler-ve-reklamcilik\/#website","url":"http:\/\/ticaret.edu.tr\/halkla-iliskiler-ve-reklamcilik\/","name":"Halkla \u0130li\u015fkiler ve Reklamc\u0131l\u0131k","description":"","potentialAction":[{"@type":"SearchAction","target":{"@type":"EntryPoint","urlTemplate":"http:\/\/ticaret.edu.tr\/halkla-iliskiler-ve-reklamcilik\/?s={search_term_string}"},"query-input":"required name=search_term_string"}],"inLanguage":"tr"}]}},"lang":"tr","translations":{"en":1933,"tr":1931},"pll_sync_post":[],"_links":{"self":[{"href":"http:\/\/ticaret.edu.tr\/halkla-iliskiler-ve-reklamcilik\/wp-json\/wp\/v2\/pages\/1931"}],"collection":[{"href":"http:\/\/ticaret.edu.tr\/halkla-iliskiler-ve-reklamcilik\/wp-json\/wp\/v2\/pages"}],"about":[{"href":"http:\/\/ticaret.edu.tr\/halkla-iliskiler-ve-reklamcilik\/wp-json\/wp\/v2\/types\/page"}],"author":[{"embeddable":true,"href":"http:\/\/ticaret.edu.tr\/halkla-iliskiler-ve-reklamcilik\/wp-json\/wp\/v2\/users\/43"}],"replies":[{"embeddable":true,"href":"http:\/\/ticaret.edu.tr\/halkla-iliskiler-ve-reklamcilik\/wp-json\/wp\/v2\/comments?post=1931"}],"version-history":[{"count":3,"href":"http:\/\/ticaret.edu.tr\/halkla-iliskiler-ve-reklamcilik\/wp-json\/wp\/v2\/pages\/1931\/revisions"}],"predecessor-version":[{"id":2287,"href":"http:\/\/ticaret.edu.tr\/halkla-iliskiler-ve-reklamcilik\/wp-json\/wp\/v2\/pages\/1931\/revisions\/2287"}],"wp:attachment":[{"href":"http:\/\/ticaret.edu.tr\/halkla-iliskiler-ve-reklamcilik\/wp-json\/wp\/v2\/media?parent=1931"}],"curies":[{"name":"wp","href":"https:\/\/api.w.org\/{rel}","templated":true}]}}