{"id":1935,"date":"2025-01-26T23:35:14","date_gmt":"2025-01-26T20:35:14","guid":{"rendered":"https:\/\/ticaret.edu.tr\/halkla-iliskiler-ve-reklamcilik\/?page_id=1935"},"modified":"2025-03-25T14:59:58","modified_gmt":"2025-03-25T11:59:58","slug":"lisans-ogrenci-degisim-programlari-erasmus","status":"publish","type":"page","link":"http:\/\/ticaret.edu.tr\/halkla-iliskiler-ve-reklamcilik\/lisans-ogrenci-degisim-programlari-erasmus\/","title":{"rendered":"\u00d6\u011frenci De\u011fi\u015fim Programlar\u0131 \/ Erasmus"},"content":{"rendered":"<h3 data-start=\"448\" data-end=\"487\"><strong data-start=\"452\" data-end=\"485\">\ud83d\udcda Erasmus+ Program\u0131 Hakk\u0131nda<\/strong><\/h3>\n<p data-start=\"489\" data-end=\"686\">\ud83d\udccd\u00a0<strong data-start=\"492\" data-end=\"511\">Erasmus+ Nedir?<\/strong><br data-start=\"511\" data-end=\"514\" \/>Erasmus+, Avrupa Birli\u011fi taraf\u0131ndan desteklenen ve \u00f6\u011frencilere, akademisyenlere ve idari personele yurtd\u0131\u015f\u0131nda e\u011fitim ve \u00f6\u011fretim f\u0131rsatlar\u0131 sunan bir de\u011fi\u015fim program\u0131d\u0131r.<\/p>\n<p data-start=\"688\" data-end=\"1026\">\ud83d\udccd\u00a0<strong data-start=\"691\" data-end=\"731\">Erasmus+ ile Neler Kazanabilirsiniz?<\/strong><br data-start=\"731\" data-end=\"734\" \/>\u2705\u00a0<strong data-start=\"736\" data-end=\"814\">Avrupa\u2019n\u0131n farkl\u0131 \u00fcniversitelerinde bir veya iki d\u00f6nem e\u011fitim alma f\u0131rsat\u0131<\/strong><br data-start=\"814\" data-end=\"817\" \/>\u2705\u00a0<strong data-start=\"819\" data-end=\"874\">Uluslararas\u0131 akademik deneyim ve k\u00fclt\u00fcrel etkile\u015fim<\/strong><br data-start=\"874\" data-end=\"877\" \/>\u2705\u00a0<strong data-start=\"879\" data-end=\"918\">Yabanc\u0131 dil becerilerini geli\u015ftirme<\/strong><br data-start=\"918\" data-end=\"921\" \/>\u2705\u00a0<strong data-start=\"923\" data-end=\"977\">Derslerin kredi olarak tan\u0131nmas\u0131 (ECTS uyumlulu\u011fu)<\/strong><br data-start=\"977\" data-end=\"980\" \/>\u2705\u00a0<strong data-start=\"982\" data-end=\"1024\">Erasmus+ hibesi ile mali destek imk\u00e2n\u0131<\/strong><\/p>\n<hr data-start=\"1028\" data-end=\"1031\" \/>\n<h3 data-start=\"1033\" data-end=\"1072\"><strong data-start=\"1037\" data-end=\"1070\">\ud83d\udccc Ba\u015fvuru \u015eartlar\u0131 ve S\u00fcreci<\/strong><\/h3>\n<p data-start=\"1074\" data-end=\"1103\">\ud83d\udccd\u00a0<strong data-start=\"1077\" data-end=\"1101\">Kimler Ba\u015fvurabilir?<\/strong><\/p>\n<ul data-start=\"1104\" data-end=\"1475\">\n<li data-start=\"1104\" data-end=\"1195\">\u00dcniversitemizin <strong>halkla ili\u015fkiler ve reklamc\u0131l\u0131k lisans program\u0131na kay\u0131tl\u0131 \u00f6\u011frencileri<\/strong><\/li>\n<li data-start=\"1196\" data-end=\"1338\"><strong data-start=\"1198\" data-end=\"1229\">Genel Not Ortalamas\u0131 (GNO):<\/strong>\n<ul data-start=\"1234\" data-end=\"1338\">\n<li data-start=\"1234\" data-end=\"1281\">Lisans \u00f6\u011frencileri i\u00e7in\u00a0<strong data-start=\"1260\" data-end=\"1279\">en az 2.20\/4.00<\/strong><\/li>\n<li data-start=\"1284\" data-end=\"1338\">Y\u00fcksek lisans \u00f6\u011frencileri i\u00e7in\u00a0<strong data-start=\"1317\" data-end=\"1336\">en az 2.50\/4.00<\/strong><\/li>\n<\/ul>\n<\/li>\n<li data-start=\"1339\" data-end=\"1475\"><strong data-start=\"1341\" data-end=\"1361\">Dil yeterlili\u011fi:<\/strong>\u00a0\u00dcniversitenin d\u00fczenledi\u011fi\u00a0<strong data-start=\"1388\" data-end=\"1428\">Erasmus+ \u0130ngilizce Yeterlilik S\u0131nav\u0131<\/strong>\u00a0veya e\u015fde\u011fer bir s\u0131navdan ge\u00e7erli puan almak<\/li>\n<\/ul>\n<p data-start=\"1477\" data-end=\"1975\">\ud83d\udccd\u00a0<strong data-start=\"1480\" data-end=\"1499\">Ba\u015fvuru S\u00fcreci:<\/strong><br data-start=\"1499\" data-end=\"1502\" \/>1\ufe0f\u20e3\u00a0<strong data-start=\"1506\" data-end=\"1525\">Online Ba\u015fvuru:<\/strong>\u00a0Erasmus+ ba\u015fvuru formunu doldurun ve gerekli belgeleri y\u00fckleyin.<br data-start=\"1590\" data-end=\"1593\" \/>2\ufe0f\u20e3\u00a0<strong data-start=\"1597\" data-end=\"1612\">Dil S\u0131nav\u0131:<\/strong>\u00a0\u00dcniversitenin d\u00fczenledi\u011fi Erasmus+ \u0130ngilizce s\u0131nav\u0131na girin.<br data-start=\"1673\" data-end=\"1676\" \/>3\ufe0f\u20e3\u00a0<strong data-start=\"1680\" data-end=\"1698\">De\u011ferlendirme:<\/strong>\u00a0Ba\u015fvurular\u00a0<strong data-start=\"1710\" data-end=\"1750\">akademik ba\u015far\u0131 (GNO) ve dil puan\u0131na<\/strong>\u00a0g\u00f6re s\u0131ralan\u0131r.<br data-start=\"1766\" data-end=\"1769\" \/>4\ufe0f\u20e3\u00a0<strong data-start=\"1773\" data-end=\"1800\">Sonu\u00e7lar\u0131n A\u00e7\u0131klanmas\u0131:<\/strong>\u00a0Kazanan \u00f6\u011frenciler partner \u00fcniversitelere y\u00f6nlendirilir.<br data-start=\"1857\" data-end=\"1860\" \/>5\ufe0f\u20e3\u00a0<strong data-start=\"1864\" data-end=\"1907\">\u00d6\u011frenim Anla\u015fmas\u0131 (Learning Agreement):<\/strong>\u00a0Gidece\u011finiz \u00fcniversitedeki derslerin belirlenmesi ve onaylanmas\u0131.<\/p>\n<hr \/>\n<h3 data-start=\"2051\" data-end=\"2109\"><strong data-start=\"2055\" data-end=\"2107\">\ud83d\udccc G\u00fcncel Erasmus+ Anla\u015fmalar\u0131 (KION Veritaban\u0131)<\/strong><\/h3>\n<p data-start=\"2111\" data-end=\"2226\">\ud83d\udccd\u00a0<strong data-start=\"2114\" data-end=\"2184\">Erasmus+ ile anla\u015fmal\u0131 oldu\u011fumuz \u00fcniversiteleri g\u00f6r\u00fcnt\u00fclemek i\u00e7in:<\/strong><br data-start=\"2184\" data-end=\"2187\" \/>\ud83d\udd17\u00a0<strong data-start=\"2190\" data-end=\"2224\"><a href=\"https:\/\/erasmus.ticaret.edu.tr\/KION.UI.Web.ExchangeProgram\/Public\/AgreementList.aspx?pId=7317\" rel=\"noopener\" data-start=\"2192\" data-end=\"2222\">G\u00fcncel Anla\u015fmalar Listesi<\/a><\/strong><\/p>\n<p data-start=\"2228\" data-end=\"2368\">Bu liste, halkla ili\u015fkiler ve reklamc\u0131l\u0131k b\u00f6l\u00fcm\u00fc se\u00e7ilerek ilgili \u00f6\u011frencilerinin e\u011fitim alabilece\u011fi <strong data-start=\"2290\" data-end=\"2352\">partner \u00fcniversiteleri, b\u00f6l\u00fcmleri ve kontenjan bilgilerini<\/strong>\u00a0i\u00e7ermektedir.<\/p>\n<hr \/>\n<h3 data-start=\"2375\" data-end=\"2404\"><strong data-start=\"2379\" data-end=\"2402\">\ud83d\udccc Gerekli Belgeler<\/strong><\/h3>\n<p data-start=\"2406\" data-end=\"2585\">\ud83d\udccd\u00a0<strong data-start=\"2409\" data-end=\"2454\">Erasmus+ Ba\u015fvurusu \u0130\u00e7in Gerekli Belgeler:<\/strong><br data-start=\"2454\" data-end=\"2457\" \/>\u2705\u00a0<strong data-start=\"2459\" data-end=\"2476\">Ba\u015fvuru Formu<\/strong><br data-start=\"2476\" data-end=\"2479\" \/>\u2705\u00a0<strong data-start=\"2481\" data-end=\"2508\">Transkript (Not D\u00f6k\u00fcm\u00fc)<\/strong><br data-start=\"2508\" data-end=\"2511\" \/>\u2705\u00a0<strong data-start=\"2513\" data-end=\"2539\">Dil Yeterlilik Belgesi<\/strong><br data-start=\"2539\" data-end=\"2542\" \/>\u2705\u00a0<strong data-start=\"2544\" data-end=\"2583\">Motivasyon Mektubu (Tavsiye Edilir)<\/strong><\/p>\n<p data-start=\"2587\" data-end=\"2850\">\ud83d\udccd\u00a0<strong data-start=\"2590\" data-end=\"2652\">Erasmus+ Hareketlili\u011fi \u00d6ncesi ve Sonras\u0131 Gerekli Belgeler i\u00e7in\u00a0<a href=\"https:\/\/erasmusoffice.ticaret.edu.tr\/\">Erasmus Ofisi Web Sitesini<\/a>\u00a0Ziyaret Edebilirsiniz<\/strong><\/p>\n<hr \/>\n<h3 data-start=\"2897\" data-end=\"2936\"><strong data-start=\"2901\" data-end=\"2934\">\ud83d\udccc B\u00f6l\u00fcm Erasmus Koordinat\u00f6r\u00fc<\/strong><\/h3>\n<p data-start=\"2938\" data-end=\"3104\">\ud83d\udccd\u00a0<strong data-start=\"2941\" data-end=\"2981\">Halkla \u0130li\u015fkiler ve Reklamc\u0131l\u0131k B\u00f6l\u00fcm\u00fc Erasmus Sorumlusu:<\/strong><br data-start=\"2981\" data-end=\"2984\" \/>\ud83c\udf93\u00a0<strong data-start=\"2987\" data-end=\"3022\">Dr. \u00d6\u011fr. \u00dcyesi Tolkun Soldan<\/strong><br data-start=\"3022\" data-end=\"3025\" \/>\ud83d\udce9\u00a0<strong data-start=\"3028\" data-end=\"3040\">E-posta:<\/strong> <a href=\"mailto:tsoldan@ticaret.edu.tr\">tsoldan@ticaret.edu.tr<\/a><\/p>\n","protected":false},"excerpt":{"rendered":"<p>\ud83d\udcda Erasmus+ Program\u0131 Hakk\u0131nda \ud83d\udccd\u00a0Erasmus+ Nedir?Erasmus+, Avrupa Birli\u011fi taraf\u0131ndan desteklenen ve \u00f6\u011frencilere, akademisyenlere ve idari personele yurtd\u0131\u015f\u0131nda e\u011fitim ve \u00f6\u011fretim f\u0131rsatlar\u0131 sunan bir de\u011fi\u015fim program\u0131d\u0131r. \ud83d\udccd\u00a0Erasmus+ ile Neler Kazanabilirsiniz?\u2705\u00a0Avrupa\u2019n\u0131n farkl\u0131 \u00fcniversitelerinde bir veya iki d\u00f6nem e\u011fitim alma f\u0131rsat\u0131\u2705\u00a0Uluslararas\u0131 akademik deneyim ve k\u00fclt\u00fcrel etkile\u015fim\u2705\u00a0Yabanc\u0131 dil becerilerini geli\u015ftirme\u2705\u00a0Derslerin kredi olarak tan\u0131nmas\u0131 (ECTS uyumlulu\u011fu)\u2705\u00a0Erasmus+ hibesi ile mali destek [&hellip;]<\/p>\n","protected":false},"author":43,"featured_media":0,"parent":0,"menu_order":0,"comment_status":"closed","ping_status":"closed","template":"genel_sayfa.php","meta":{"footnotes":""},"yoast_head":"<!-- This site is optimized with the Yoast SEO Premium plugin v22.1 (Yoast SEO v22.1) - https:\/\/yoast.com\/wordpress\/plugins\/seo\/ -->\n<title>\u00d6\u011frenci De\u011fi\u015fim Programlar\u0131 \/ Erasmus - Halkla \u0130li\u015fkiler ve Reklamc\u0131l\u0131k<\/title>\n<meta name=\"robots\" content=\"index, follow, max-snippet:-1, max-image-preview:large, max-video-preview:-1\" \/>\n<link rel=\"canonical\" href=\"https:\/\/ticaret.edu.tr\/halkla-iliskiler-ve-reklamcilik\/lisans-ogrenci-degisim-programlari-erasmus\/\" \/>\n<meta property=\"og:locale\" content=\"tr_TR\" \/>\n<meta property=\"og:type\" content=\"article\" \/>\n<meta property=\"og:title\" content=\"\u00d6\u011frenci De\u011fi\u015fim Programlar\u0131 \/ Erasmus\" \/>\n<meta property=\"og:description\" content=\"\ud83d\udcda Erasmus+ Program\u0131 Hakk\u0131nda \ud83d\udccd\u00a0Erasmus+ Nedir?Erasmus+, Avrupa Birli\u011fi taraf\u0131ndan desteklenen ve \u00f6\u011frencilere, akademisyenlere ve idari personele yurtd\u0131\u015f\u0131nda e\u011fitim ve \u00f6\u011fretim f\u0131rsatlar\u0131 sunan bir de\u011fi\u015fim program\u0131d\u0131r. \ud83d\udccd\u00a0Erasmus+ ile Neler Kazanabilirsiniz?\u2705\u00a0Avrupa\u2019n\u0131n farkl\u0131 \u00fcniversitelerinde bir veya iki d\u00f6nem e\u011fitim alma f\u0131rsat\u0131\u2705\u00a0Uluslararas\u0131 akademik deneyim ve k\u00fclt\u00fcrel etkile\u015fim\u2705\u00a0Yabanc\u0131 dil becerilerini geli\u015ftirme\u2705\u00a0Derslerin kredi olarak tan\u0131nmas\u0131 (ECTS uyumlulu\u011fu)\u2705\u00a0Erasmus+ hibesi ile mali destek [&hellip;]\" \/>\n<meta property=\"og:url\" content=\"https:\/\/ticaret.edu.tr\/halkla-iliskiler-ve-reklamcilik\/lisans-ogrenci-degisim-programlari-erasmus\/\" \/>\n<meta property=\"og:site_name\" content=\"Halkla \u0130li\u015fkiler ve Reklamc\u0131l\u0131k\" \/>\n<meta property=\"article:publisher\" content=\"https:\/\/www.facebook.com\/ticaretedutr\" \/>\n<meta property=\"article:modified_time\" content=\"2025-03-25T11:59:58+00:00\" \/>\n<meta property=\"og:image\" content=\"http:\/\/ticaret.edu.tr\/halkla-iliskiler-ve-reklamcilik\/wp-content\/uploads\/sites\/13\/2021\/11\/web_logo-01.jpg\" \/>\n\t<meta property=\"og:image:width\" content=\"1250\" \/>\n\t<meta property=\"og:image:height\" content=\"833\" \/>\n\t<meta property=\"og:image:type\" content=\"image\/jpeg\" \/>\n<meta name=\"twitter:card\" content=\"summary_large_image\" \/>\n<meta name=\"twitter:site\" content=\"@ticaretedutr\" \/>\n<meta name=\"twitter:label1\" content=\"Tahmini okuma s\u00fcresi\" \/>\n\t<meta name=\"twitter:data1\" content=\"2 dakika\" \/>\n<script type=\"application\/ld+json\" class=\"yoast-schema-graph\">{\"@context\":\"https:\/\/schema.org\",\"@graph\":[{\"@type\":\"WebPage\",\"@id\":\"https:\/\/ticaret.edu.tr\/halkla-iliskiler-ve-reklamcilik\/lisans-ogrenci-degisim-programlari-erasmus\/\",\"url\":\"https:\/\/ticaret.edu.tr\/halkla-iliskiler-ve-reklamcilik\/lisans-ogrenci-degisim-programlari-erasmus\/\",\"name\":\"\u00d6\u011frenci De\u011fi\u015fim Programlar\u0131 \/ Erasmus - Halkla \u0130li\u015fkiler ve Reklamc\u0131l\u0131k\",\"isPartOf\":{\"@id\":\"http:\/\/ticaret.edu.tr\/halkla-iliskiler-ve-reklamcilik\/#website\"},\"datePublished\":\"2025-01-26T20:35:14+00:00\",\"dateModified\":\"2025-03-25T11:59:58+00:00\",\"breadcrumb\":{\"@id\":\"https:\/\/ticaret.edu.tr\/halkla-iliskiler-ve-reklamcilik\/lisans-ogrenci-degisim-programlari-erasmus\/#breadcrumb\"},\"inLanguage\":\"tr\",\"potentialAction\":[{\"@type\":\"ReadAction\",\"target\":[\"https:\/\/ticaret.edu.tr\/halkla-iliskiler-ve-reklamcilik\/lisans-ogrenci-degisim-programlari-erasmus\/\"]}]},{\"@type\":\"BreadcrumbList\",\"@id\":\"https:\/\/ticaret.edu.tr\/halkla-iliskiler-ve-reklamcilik\/lisans-ogrenci-degisim-programlari-erasmus\/#breadcrumb\",\"itemListElement\":[{\"@type\":\"ListItem\",\"position\":1,\"name\":\"Ana sayfa\",\"item\":\"http:\/\/ticaret.edu.tr\/halkla-iliskiler-ve-reklamcilik\/\"},{\"@type\":\"ListItem\",\"position\":2,\"name\":\"\u00d6\u011frenci De\u011fi\u015fim Programlar\u0131 \/ Erasmus\"}]},{\"@type\":\"WebSite\",\"@id\":\"http:\/\/ticaret.edu.tr\/halkla-iliskiler-ve-reklamcilik\/#website\",\"url\":\"http:\/\/ticaret.edu.tr\/halkla-iliskiler-ve-reklamcilik\/\",\"name\":\"Halkla \u0130li\u015fkiler ve Reklamc\u0131l\u0131k\",\"description\":\"\",\"potentialAction\":[{\"@type\":\"SearchAction\",\"target\":{\"@type\":\"EntryPoint\",\"urlTemplate\":\"http:\/\/ticaret.edu.tr\/halkla-iliskiler-ve-reklamcilik\/?s={search_term_string}\"},\"query-input\":\"required name=search_term_string\"}],\"inLanguage\":\"tr\"}]}<\/script>\n<!-- \/ Yoast SEO Premium plugin. -->","yoast_head_json":{"title":"\u00d6\u011frenci De\u011fi\u015fim Programlar\u0131 \/ Erasmus - Halkla \u0130li\u015fkiler ve Reklamc\u0131l\u0131k","robots":{"index":"index","follow":"follow","max-snippet":"max-snippet:-1","max-image-preview":"max-image-preview:large","max-video-preview":"max-video-preview:-1"},"canonical":"https:\/\/ticaret.edu.tr\/halkla-iliskiler-ve-reklamcilik\/lisans-ogrenci-degisim-programlari-erasmus\/","og_locale":"tr_TR","og_type":"article","og_title":"\u00d6\u011frenci De\u011fi\u015fim Programlar\u0131 \/ Erasmus","og_description":"\ud83d\udcda Erasmus+ Program\u0131 Hakk\u0131nda \ud83d\udccd\u00a0Erasmus+ Nedir?Erasmus+, Avrupa Birli\u011fi taraf\u0131ndan desteklenen ve \u00f6\u011frencilere, akademisyenlere ve idari personele yurtd\u0131\u015f\u0131nda e\u011fitim ve \u00f6\u011fretim f\u0131rsatlar\u0131 sunan bir de\u011fi\u015fim program\u0131d\u0131r. \ud83d\udccd\u00a0Erasmus+ ile Neler Kazanabilirsiniz?\u2705\u00a0Avrupa\u2019n\u0131n farkl\u0131 \u00fcniversitelerinde bir veya iki d\u00f6nem e\u011fitim alma f\u0131rsat\u0131\u2705\u00a0Uluslararas\u0131 akademik deneyim ve k\u00fclt\u00fcrel etkile\u015fim\u2705\u00a0Yabanc\u0131 dil becerilerini geli\u015ftirme\u2705\u00a0Derslerin kredi olarak tan\u0131nmas\u0131 (ECTS uyumlulu\u011fu)\u2705\u00a0Erasmus+ hibesi ile mali destek [&hellip;]","og_url":"https:\/\/ticaret.edu.tr\/halkla-iliskiler-ve-reklamcilik\/lisans-ogrenci-degisim-programlari-erasmus\/","og_site_name":"Halkla \u0130li\u015fkiler ve Reklamc\u0131l\u0131k","article_publisher":"https:\/\/www.facebook.com\/ticaretedutr","article_modified_time":"2025-03-25T11:59:58+00:00","og_image":[{"width":1250,"height":833,"url":"http:\/\/ticaret.edu.tr\/halkla-iliskiler-ve-reklamcilik\/wp-content\/uploads\/sites\/13\/2021\/11\/web_logo-01.jpg","type":"image\/jpeg"}],"twitter_card":"summary_large_image","twitter_site":"@ticaretedutr","twitter_misc":{"Tahmini okuma s\u00fcresi":"2 dakika"},"schema":{"@context":"https:\/\/schema.org","@graph":[{"@type":"WebPage","@id":"https:\/\/ticaret.edu.tr\/halkla-iliskiler-ve-reklamcilik\/lisans-ogrenci-degisim-programlari-erasmus\/","url":"https:\/\/ticaret.edu.tr\/halkla-iliskiler-ve-reklamcilik\/lisans-ogrenci-degisim-programlari-erasmus\/","name":"\u00d6\u011frenci De\u011fi\u015fim Programlar\u0131 \/ Erasmus - Halkla \u0130li\u015fkiler ve Reklamc\u0131l\u0131k","isPartOf":{"@id":"http:\/\/ticaret.edu.tr\/halkla-iliskiler-ve-reklamcilik\/#website"},"datePublished":"2025-01-26T20:35:14+00:00","dateModified":"2025-03-25T11:59:58+00:00","breadcrumb":{"@id":"https:\/\/ticaret.edu.tr\/halkla-iliskiler-ve-reklamcilik\/lisans-ogrenci-degisim-programlari-erasmus\/#breadcrumb"},"inLanguage":"tr","potentialAction":[{"@type":"ReadAction","target":["https:\/\/ticaret.edu.tr\/halkla-iliskiler-ve-reklamcilik\/lisans-ogrenci-degisim-programlari-erasmus\/"]}]},{"@type":"BreadcrumbList","@id":"https:\/\/ticaret.edu.tr\/halkla-iliskiler-ve-reklamcilik\/lisans-ogrenci-degisim-programlari-erasmus\/#breadcrumb","itemListElement":[{"@type":"ListItem","position":1,"name":"Ana sayfa","item":"http:\/\/ticaret.edu.tr\/halkla-iliskiler-ve-reklamcilik\/"},{"@type":"ListItem","position":2,"name":"\u00d6\u011frenci De\u011fi\u015fim Programlar\u0131 \/ Erasmus"}]},{"@type":"WebSite","@id":"http:\/\/ticaret.edu.tr\/halkla-iliskiler-ve-reklamcilik\/#website","url":"http:\/\/ticaret.edu.tr\/halkla-iliskiler-ve-reklamcilik\/","name":"Halkla \u0130li\u015fkiler ve Reklamc\u0131l\u0131k","description":"","potentialAction":[{"@type":"SearchAction","target":{"@type":"EntryPoint","urlTemplate":"http:\/\/ticaret.edu.tr\/halkla-iliskiler-ve-reklamcilik\/?s={search_term_string}"},"query-input":"required name=search_term_string"}],"inLanguage":"tr"}]}},"lang":"tr","translations":{"en":1937,"tr":1935},"pll_sync_post":[],"_links":{"self":[{"href":"http:\/\/ticaret.edu.tr\/halkla-iliskiler-ve-reklamcilik\/wp-json\/wp\/v2\/pages\/1935"}],"collection":[{"href":"http:\/\/ticaret.edu.tr\/halkla-iliskiler-ve-reklamcilik\/wp-json\/wp\/v2\/pages"}],"about":[{"href":"http:\/\/ticaret.edu.tr\/halkla-iliskiler-ve-reklamcilik\/wp-json\/wp\/v2\/types\/page"}],"author":[{"embeddable":true,"href":"http:\/\/ticaret.edu.tr\/halkla-iliskiler-ve-reklamcilik\/wp-json\/wp\/v2\/users\/43"}],"replies":[{"embeddable":true,"href":"http:\/\/ticaret.edu.tr\/halkla-iliskiler-ve-reklamcilik\/wp-json\/wp\/v2\/comments?post=1935"}],"version-history":[{"count":9,"href":"http:\/\/ticaret.edu.tr\/halkla-iliskiler-ve-reklamcilik\/wp-json\/wp\/v2\/pages\/1935\/revisions"}],"predecessor-version":[{"id":2296,"href":"http:\/\/ticaret.edu.tr\/halkla-iliskiler-ve-reklamcilik\/wp-json\/wp\/v2\/pages\/1935\/revisions\/2296"}],"wp:attachment":[{"href":"http:\/\/ticaret.edu.tr\/halkla-iliskiler-ve-reklamcilik\/wp-json\/wp\/v2\/media?parent=1935"}],"curies":[{"name":"wp","href":"https:\/\/api.w.org\/{rel}","templated":true}]}}