{"id":1943,"date":"2025-01-26T23:37:46","date_gmt":"2025-01-26T20:37:46","guid":{"rendered":"https:\/\/ticaret.edu.tr\/halkla-iliskiler-ve-reklamcilik\/?page_id=1943"},"modified":"2026-01-30T16:07:51","modified_gmt":"2026-01-30T13:07:51","slug":"staj","status":"publish","type":"page","link":"http:\/\/ticaret.edu.tr\/halkla-iliskiler-ve-reklamcilik\/staj\/","title":{"rendered":"Staj"},"content":{"rendered":"<p><strong><a href=\"http:\/\/ticaret.edu.tr\/halkla-iliskiler-ve-reklamcilik\/wp-content\/uploads\/sites\/13\/2026\/01\/27.01.2026-Tarihli-Mutevelli-Heyeti-Karari_Ek_Ek-5-Staj-Yonergesi.pdf\">\u0130stanbul Ticaret \u00dcniversitesi Staj Y\u00f6nergesi<\/a><\/strong><\/p>\n<p><strong>STAJ S\u00dcREC\u0130<\/strong><\/p>\n<p>Staj ba\u015fvuru formlar\u0131 i\u00e7in, arama motorlar\u0131na &#8220;\u0130stanbul Ticaret \u00dcniversitesi \u0130leti\u015fim Fak\u00fcltesi Staj Ba\u015fvuru Formu&#8221;<br \/>\nyazarak; staj defterleri i\u00e7in &#8220;\u0130stanbul Ticaret \u00dcniversitesi \u0130leti\u015fim Fak\u00fcltesi Staj Defteri&#8221; yazarak ula\u015fabilirsiniz.<\/p>\n<p>\u2022 Staj ba\u015fvurular\u0131nda \u00f6ncelikle EK-1, \u00f6\u011frenci ve firma yetkilisi taraf\u0131ndan (imza ve ka\u015fe zorunlu) doldurulmal\u0131,<br \/>\nard\u0131ndan staj\u0131 onaylayacak staj komisyon \u00fcyesine teslim edilmelidir.<br \/>\n\u2022 Ancak staj komisyon \u00fcyesi onay\u0131 sonras\u0131nda EK-1, kariyer merkezine teslim edilmeli ve sigorta giri\u015fi<br \/>\nsa\u011flanmal\u0131d\u0131r.<br \/>\n(Staja ba\u015flanacak tarihten en az 10 g\u00fcn \u00f6ncesinde bu ad\u0131m\u0131 ger\u00e7ekle\u015ftirmek zorunludur)<br \/>\n\u2022 Bu s\u0131ralama ard\u0131ndan \u00f6\u011frenciler staja ba\u015flayabilir ve staj defterlerini doldurabilirler.<br \/>\n\u2022 Staj defterini teslim etmeden \u00f6nce Kariyer Merkezinden SGK d\u00f6k\u00fcm\u00fc al\u0131narak, defterin en sonuna eklenmelidir.<br \/>\n\u2022 Defter s\u0131ralamas\u0131 \u015fu \u015fekilde olmal\u0131d\u0131r: foto\u011frafl\u0131 kapak, haftal\u0131k \u00e7al\u0131\u015fma takvimi, g\u00fcnl\u00fck raporlar, EK-4, EK-6,<br \/>\nEK-7, Sigorta D\u00f6k\u00fcm\u00fc.<br \/>\n(Spiralletilmeyen \/dosya po\u015fetlerine koyularak teslim edilmeye \u00e7al\u0131\u015f\u0131lan defterler teslim al\u0131nmayacakt\u0131r)<br \/>\n\u2022 EK-5 belgesi firmaya doldurularak, kapal\u0131 bir zarfta ayr\u0131ca almal\u0131, zarf\u0131n yap\u0131\u015fkan k\u0131sm\u0131nda imza ve ka\u015fe olmal\u0131d\u0131r.<br \/>\n(Defterle ayn\u0131 anda teslim edilmesi zorunludur)<br \/>\n\u2022 Zorunlu staj\u0131n\u0131 kurum i\u00e7inde yapmak isteyen \u00f6\u011frencilerimiz i\u00e7in ayn\u0131 prosed\u00fcrler ge\u00e7erlidir.<br \/>\n(EK-1&#8217;deki firma yetkilisi imzas\u0131, b\u00f6l\u00fcm ba\u015fkan\u0131ndan al\u0131nacakt\u0131r)<\/p>\n","protected":false},"excerpt":{"rendered":"<p>\u0130stanbul Ticaret \u00dcniversitesi Staj Y\u00f6nergesi STAJ S\u00dcREC\u0130 Staj ba\u015fvuru formlar\u0131 i\u00e7in, arama motorlar\u0131na &#8220;\u0130stanbul Ticaret \u00dcniversitesi \u0130leti\u015fim Fak\u00fcltesi Staj Ba\u015fvuru Formu&#8221; yazarak; staj defterleri i\u00e7in &#8220;\u0130stanbul Ticaret \u00dcniversitesi \u0130leti\u015fim Fak\u00fcltesi Staj Defteri&#8221; yazarak ula\u015fabilirsiniz. \u2022 Staj ba\u015fvurular\u0131nda \u00f6ncelikle EK-1, \u00f6\u011frenci ve firma yetkilisi taraf\u0131ndan (imza ve ka\u015fe zorunlu) doldurulmal\u0131, ard\u0131ndan staj\u0131 onaylayacak staj komisyon \u00fcyesine [&hellip;]<\/p>\n","protected":false},"author":43,"featured_media":0,"parent":0,"menu_order":0,"comment_status":"closed","ping_status":"closed","template":"genel_sayfa.php","meta":{"footnotes":""},"yoast_head":"<!-- This site is optimized with the Yoast SEO Premium plugin v22.1 (Yoast SEO v22.1) - https:\/\/yoast.com\/wordpress\/plugins\/seo\/ -->\n<title>Staj - Halkla \u0130li\u015fkiler ve Reklamc\u0131l\u0131k<\/title>\n<meta name=\"robots\" content=\"index, follow, max-snippet:-1, max-image-preview:large, max-video-preview:-1\" \/>\n<link rel=\"canonical\" href=\"https:\/\/ticaret.edu.tr\/halkla-iliskiler-ve-reklamcilik\/staj\/\" \/>\n<meta property=\"og:locale\" content=\"tr_TR\" \/>\n<meta property=\"og:type\" content=\"article\" \/>\n<meta property=\"og:title\" content=\"Staj\" \/>\n<meta property=\"og:description\" content=\"\u0130stanbul Ticaret \u00dcniversitesi Staj Y\u00f6nergesi STAJ S\u00dcREC\u0130 Staj ba\u015fvuru formlar\u0131 i\u00e7in, arama motorlar\u0131na &#8220;\u0130stanbul Ticaret \u00dcniversitesi \u0130leti\u015fim Fak\u00fcltesi Staj Ba\u015fvuru Formu&#8221; yazarak; staj defterleri i\u00e7in &#8220;\u0130stanbul Ticaret \u00dcniversitesi \u0130leti\u015fim Fak\u00fcltesi Staj Defteri&#8221; yazarak ula\u015fabilirsiniz. \u2022 Staj ba\u015fvurular\u0131nda \u00f6ncelikle EK-1, \u00f6\u011frenci ve firma yetkilisi taraf\u0131ndan (imza ve ka\u015fe zorunlu) doldurulmal\u0131, ard\u0131ndan staj\u0131 onaylayacak staj komisyon \u00fcyesine [&hellip;]\" \/>\n<meta property=\"og:url\" content=\"https:\/\/ticaret.edu.tr\/halkla-iliskiler-ve-reklamcilik\/staj\/\" \/>\n<meta property=\"og:site_name\" content=\"Halkla \u0130li\u015fkiler ve Reklamc\u0131l\u0131k\" \/>\n<meta property=\"article:publisher\" content=\"https:\/\/www.facebook.com\/ticaretedutr\" \/>\n<meta property=\"article:modified_time\" content=\"2026-01-30T13:07:51+00:00\" \/>\n<meta property=\"og:image\" content=\"http:\/\/ticaret.edu.tr\/halkla-iliskiler-ve-reklamcilik\/wp-content\/uploads\/sites\/13\/2021\/11\/web_logo-01.jpg\" \/>\n\t<meta property=\"og:image:width\" content=\"1250\" \/>\n\t<meta property=\"og:image:height\" content=\"833\" \/>\n\t<meta property=\"og:image:type\" content=\"image\/jpeg\" \/>\n<meta name=\"twitter:card\" content=\"summary_large_image\" \/>\n<meta name=\"twitter:site\" content=\"@ticaretedutr\" \/>\n<meta name=\"twitter:label1\" content=\"Tahmini okuma s\u00fcresi\" \/>\n\t<meta name=\"twitter:data1\" content=\"2 dakika\" \/>\n<script type=\"application\/ld+json\" class=\"yoast-schema-graph\">{\"@context\":\"https:\/\/schema.org\",\"@graph\":[{\"@type\":\"WebPage\",\"@id\":\"https:\/\/ticaret.edu.tr\/halkla-iliskiler-ve-reklamcilik\/staj\/\",\"url\":\"https:\/\/ticaret.edu.tr\/halkla-iliskiler-ve-reklamcilik\/staj\/\",\"name\":\"Staj - Halkla \u0130li\u015fkiler ve Reklamc\u0131l\u0131k\",\"isPartOf\":{\"@id\":\"http:\/\/ticaret.edu.tr\/halkla-iliskiler-ve-reklamcilik\/#website\"},\"datePublished\":\"2025-01-26T20:37:46+00:00\",\"dateModified\":\"2026-01-30T13:07:51+00:00\",\"breadcrumb\":{\"@id\":\"https:\/\/ticaret.edu.tr\/halkla-iliskiler-ve-reklamcilik\/staj\/#breadcrumb\"},\"inLanguage\":\"tr\",\"potentialAction\":[{\"@type\":\"ReadAction\",\"target\":[\"https:\/\/ticaret.edu.tr\/halkla-iliskiler-ve-reklamcilik\/staj\/\"]}]},{\"@type\":\"BreadcrumbList\",\"@id\":\"https:\/\/ticaret.edu.tr\/halkla-iliskiler-ve-reklamcilik\/staj\/#breadcrumb\",\"itemListElement\":[{\"@type\":\"ListItem\",\"position\":1,\"name\":\"Ana sayfa\",\"item\":\"http:\/\/ticaret.edu.tr\/halkla-iliskiler-ve-reklamcilik\/\"},{\"@type\":\"ListItem\",\"position\":2,\"name\":\"Staj\"}]},{\"@type\":\"WebSite\",\"@id\":\"http:\/\/ticaret.edu.tr\/halkla-iliskiler-ve-reklamcilik\/#website\",\"url\":\"http:\/\/ticaret.edu.tr\/halkla-iliskiler-ve-reklamcilik\/\",\"name\":\"Halkla \u0130li\u015fkiler ve Reklamc\u0131l\u0131k\",\"description\":\"\",\"potentialAction\":[{\"@type\":\"SearchAction\",\"target\":{\"@type\":\"EntryPoint\",\"urlTemplate\":\"http:\/\/ticaret.edu.tr\/halkla-iliskiler-ve-reklamcilik\/?s={search_term_string}\"},\"query-input\":\"required name=search_term_string\"}],\"inLanguage\":\"tr\"}]}<\/script>\n<!-- \/ Yoast SEO Premium plugin. -->","yoast_head_json":{"title":"Staj - Halkla \u0130li\u015fkiler ve Reklamc\u0131l\u0131k","robots":{"index":"index","follow":"follow","max-snippet":"max-snippet:-1","max-image-preview":"max-image-preview:large","max-video-preview":"max-video-preview:-1"},"canonical":"https:\/\/ticaret.edu.tr\/halkla-iliskiler-ve-reklamcilik\/staj\/","og_locale":"tr_TR","og_type":"article","og_title":"Staj","og_description":"\u0130stanbul Ticaret \u00dcniversitesi Staj Y\u00f6nergesi STAJ S\u00dcREC\u0130 Staj ba\u015fvuru formlar\u0131 i\u00e7in, arama motorlar\u0131na &#8220;\u0130stanbul Ticaret \u00dcniversitesi \u0130leti\u015fim Fak\u00fcltesi Staj Ba\u015fvuru Formu&#8221; yazarak; staj defterleri i\u00e7in &#8220;\u0130stanbul Ticaret \u00dcniversitesi \u0130leti\u015fim Fak\u00fcltesi Staj Defteri&#8221; yazarak ula\u015fabilirsiniz. \u2022 Staj ba\u015fvurular\u0131nda \u00f6ncelikle EK-1, \u00f6\u011frenci ve firma yetkilisi taraf\u0131ndan (imza ve ka\u015fe zorunlu) doldurulmal\u0131, ard\u0131ndan staj\u0131 onaylayacak staj komisyon \u00fcyesine [&hellip;]","og_url":"https:\/\/ticaret.edu.tr\/halkla-iliskiler-ve-reklamcilik\/staj\/","og_site_name":"Halkla \u0130li\u015fkiler ve Reklamc\u0131l\u0131k","article_publisher":"https:\/\/www.facebook.com\/ticaretedutr","article_modified_time":"2026-01-30T13:07:51+00:00","og_image":[{"width":1250,"height":833,"url":"http:\/\/ticaret.edu.tr\/halkla-iliskiler-ve-reklamcilik\/wp-content\/uploads\/sites\/13\/2021\/11\/web_logo-01.jpg","type":"image\/jpeg"}],"twitter_card":"summary_large_image","twitter_site":"@ticaretedutr","twitter_misc":{"Tahmini okuma s\u00fcresi":"2 dakika"},"schema":{"@context":"https:\/\/schema.org","@graph":[{"@type":"WebPage","@id":"https:\/\/ticaret.edu.tr\/halkla-iliskiler-ve-reklamcilik\/staj\/","url":"https:\/\/ticaret.edu.tr\/halkla-iliskiler-ve-reklamcilik\/staj\/","name":"Staj - Halkla \u0130li\u015fkiler ve Reklamc\u0131l\u0131k","isPartOf":{"@id":"http:\/\/ticaret.edu.tr\/halkla-iliskiler-ve-reklamcilik\/#website"},"datePublished":"2025-01-26T20:37:46+00:00","dateModified":"2026-01-30T13:07:51+00:00","breadcrumb":{"@id":"https:\/\/ticaret.edu.tr\/halkla-iliskiler-ve-reklamcilik\/staj\/#breadcrumb"},"inLanguage":"tr","potentialAction":[{"@type":"ReadAction","target":["https:\/\/ticaret.edu.tr\/halkla-iliskiler-ve-reklamcilik\/staj\/"]}]},{"@type":"BreadcrumbList","@id":"https:\/\/ticaret.edu.tr\/halkla-iliskiler-ve-reklamcilik\/staj\/#breadcrumb","itemListElement":[{"@type":"ListItem","position":1,"name":"Ana sayfa","item":"http:\/\/ticaret.edu.tr\/halkla-iliskiler-ve-reklamcilik\/"},{"@type":"ListItem","position":2,"name":"Staj"}]},{"@type":"WebSite","@id":"http:\/\/ticaret.edu.tr\/halkla-iliskiler-ve-reklamcilik\/#website","url":"http:\/\/ticaret.edu.tr\/halkla-iliskiler-ve-reklamcilik\/","name":"Halkla \u0130li\u015fkiler ve Reklamc\u0131l\u0131k","description":"","potentialAction":[{"@type":"SearchAction","target":{"@type":"EntryPoint","urlTemplate":"http:\/\/ticaret.edu.tr\/halkla-iliskiler-ve-reklamcilik\/?s={search_term_string}"},"query-input":"required name=search_term_string"}],"inLanguage":"tr"}]}},"lang":"tr","translations":{"en":1945,"tr":1943},"pll_sync_post":[],"_links":{"self":[{"href":"http:\/\/ticaret.edu.tr\/halkla-iliskiler-ve-reklamcilik\/wp-json\/wp\/v2\/pages\/1943"}],"collection":[{"href":"http:\/\/ticaret.edu.tr\/halkla-iliskiler-ve-reklamcilik\/wp-json\/wp\/v2\/pages"}],"about":[{"href":"http:\/\/ticaret.edu.tr\/halkla-iliskiler-ve-reklamcilik\/wp-json\/wp\/v2\/types\/page"}],"author":[{"embeddable":true,"href":"http:\/\/ticaret.edu.tr\/halkla-iliskiler-ve-reklamcilik\/wp-json\/wp\/v2\/users\/43"}],"replies":[{"embeddable":true,"href":"http:\/\/ticaret.edu.tr\/halkla-iliskiler-ve-reklamcilik\/wp-json\/wp\/v2\/comments?post=1943"}],"version-history":[{"count":11,"href":"http:\/\/ticaret.edu.tr\/halkla-iliskiler-ve-reklamcilik\/wp-json\/wp\/v2\/pages\/1943\/revisions"}],"predecessor-version":[{"id":2685,"href":"http:\/\/ticaret.edu.tr\/halkla-iliskiler-ve-reklamcilik\/wp-json\/wp\/v2\/pages\/1943\/revisions\/2685"}],"wp:attachment":[{"href":"http:\/\/ticaret.edu.tr\/halkla-iliskiler-ve-reklamcilik\/wp-json\/wp\/v2\/media?parent=1943"}],"curies":[{"name":"wp","href":"https:\/\/api.w.org\/{rel}","templated":true}]}}