{"id":1947,"date":"2025-01-26T23:39:16","date_gmt":"2025-01-26T20:39:16","guid":{"rendered":"https:\/\/ticaret.edu.tr\/halkla-iliskiler-ve-reklamcilik\/?page_id=1947"},"modified":"2025-06-07T00:07:26","modified_gmt":"2025-06-06T21:07:26","slug":"mezunlar","status":"publish","type":"page","link":"http:\/\/ticaret.edu.tr\/halkla-iliskiler-ve-reklamcilik\/mezunlar\/","title":{"rendered":"Mezunlar"},"content":{"rendered":"<p>De\u011ferli Mezunumuz,<\/p>\n<p>Siz de\u011ferli payda\u015flar\u0131m\u0131z\u0131n g\u00f6r\u00fc\u015flerini almak ve bu g\u00f6r\u00fc\u015fler do\u011frultusunda program yap\u0131s\u0131n\u0131 geli\u015ftirmek ve ders \u00e7\u0131kt\u0131lar\u0131n\u0131 belirlemek amac\u0131yla\u00a0<a href=\"https:\/\/anket.ticaret.edu.tr\/index.php\/survey\/index\/sid\/898399\/newtest\/Y\/lang\/tr\"><strong>ankete<\/strong><\/a> kat\u0131l\u0131m\u0131n\u0131z\u0131 bekliyoruz.<\/p>\n<p>&nbsp;<\/p>\n<p><img loading=\"lazy\" decoding=\"async\" class=\"alignnone wp-image-2405\" src=\"http:\/\/ticaret.edu.tr\/halkla-iliskiler-ve-reklamcilik\/wp-content\/uploads\/sites\/13\/2025\/06\/Mezunlar-Gunu-Etkinlik-Afisi-Yatay-300x173.jpg\" alt=\"\" width=\"862\" height=\"497\" srcset=\"http:\/\/ticaret.edu.tr\/halkla-iliskiler-ve-reklamcilik\/wp-content\/uploads\/sites\/13\/2025\/06\/Mezunlar-Gunu-Etkinlik-Afisi-Yatay-300x173.jpg 300w, http:\/\/ticaret.edu.tr\/halkla-iliskiler-ve-reklamcilik\/wp-content\/uploads\/sites\/13\/2025\/06\/Mezunlar-Gunu-Etkinlik-Afisi-Yatay-1024x591.jpg 1024w, http:\/\/ticaret.edu.tr\/halkla-iliskiler-ve-reklamcilik\/wp-content\/uploads\/sites\/13\/2025\/06\/Mezunlar-Gunu-Etkinlik-Afisi-Yatay-768x443.jpg 768w, http:\/\/ticaret.edu.tr\/halkla-iliskiler-ve-reklamcilik\/wp-content\/uploads\/sites\/13\/2025\/06\/Mezunlar-Gunu-Etkinlik-Afisi-Yatay-1536x886.jpg 1536w, http:\/\/ticaret.edu.tr\/halkla-iliskiler-ve-reklamcilik\/wp-content\/uploads\/sites\/13\/2025\/06\/Mezunlar-Gunu-Etkinlik-Afisi-Yatay.jpg 1908w\" sizes=\"(max-width: 862px) 100vw, 862px\" \/><\/p>\n<p>\u00dc\u00e7 farkl\u0131 bak\u0131\u015f a\u00e7\u0131s\u0131yla Halkla \u0130li\u015fkiler ve Reklamc\u0131l\u0131k B\u00f6l\u00fcm\u00fc mezunlar\u0131m\u0131z ve hocalar\u0131m\u0131zla ger\u00e7ekle\u015ftirdi\u011fimiz program\u0131m\u0131za y\u00f6nelik yay\u0131n\u0131m\u0131z i\u00e7in: <strong><a href=\"https:\/\/www.youtube.com\/embed\/k1aKtZUmmb8\">1 B\u00f6l\u00fcm 3 Bak\u0131\u015f Program\u0131<\/a><\/strong><\/p>\n<p>\u00dcniversitemiz Kariyer Merkezi M\u00fcd\u00fcrl\u00fc\u011f\u00fc&#8217;nden Nur Zehra Erdem&#8217;in moderat\u00f6rl\u00fc\u011f\u00fcnde MKE Medya \u2013 Sat\u0131\u015f Uzman\u0131 &amp; Reklam Dan\u0131\u015fman\u0131 Nezaket Babacan\u2019\u0131n kat\u0131l\u0131m\u0131yla Online Mezun Sohbetleri &#8220;Sat\u0131\u015f ve Pazarlama Alan\u0131nda Aran\u0131lan Yetkinlikler&#8221; konulu yay\u0131n\u0131m\u0131z i\u00e7in:<strong><a href=\"https:\/\/www.youtube.com\/watch?v=qVtwXkfxAlk&amp;list=PLExZKTQZdZMFALVfpt-WF_FoZLpWEhF_t&amp;index=89\"> Sat\u0131\u015f ve Pazarlama Alan\u0131nda Aran\u0131lan Yetkinlikler<\/a><\/strong><\/p>\n<p>Halkla \u0130li\u015fkiler ve Reklamc\u0131l\u0131k B\u00f6l\u00fcm\u00fc 2024 y\u0131l\u0131 mezunlar\u0131m\u0131z\u0131n, \u00f6\u011frencilik y\u0131llar\u0131ndaki g\u00f6r\u00fc\u015flerini dinlemek i\u00e7in:\u00a0 <strong><a href=\"https:\/\/www.youtube.com\/watch?v=-viaQk5Bwr8\">\u00d6\u011frenci G\u00f6z\u00fcyle Halkla \u0130li\u015fkiler ve Reklamc\u0131l\u0131k B\u00f6l\u00fcm\u00fc<\/a><\/strong><\/p>\n","protected":false},"excerpt":{"rendered":"<p>De\u011ferli Mezunumuz, Siz de\u011ferli payda\u015flar\u0131m\u0131z\u0131n g\u00f6r\u00fc\u015flerini almak ve bu g\u00f6r\u00fc\u015fler do\u011frultusunda program yap\u0131s\u0131n\u0131 geli\u015ftirmek ve ders \u00e7\u0131kt\u0131lar\u0131n\u0131 belirlemek amac\u0131yla\u00a0ankete kat\u0131l\u0131m\u0131n\u0131z\u0131 bekliyoruz. &nbsp; \u00dc\u00e7 farkl\u0131 bak\u0131\u015f a\u00e7\u0131s\u0131yla Halkla \u0130li\u015fkiler ve Reklamc\u0131l\u0131k B\u00f6l\u00fcm\u00fc mezunlar\u0131m\u0131z ve hocalar\u0131m\u0131zla ger\u00e7ekle\u015ftirdi\u011fimiz program\u0131m\u0131za y\u00f6nelik yay\u0131n\u0131m\u0131z i\u00e7in: 1 B\u00f6l\u00fcm 3 Bak\u0131\u015f Program\u0131 \u00dcniversitemiz Kariyer Merkezi M\u00fcd\u00fcrl\u00fc\u011f\u00fc&#8217;nden Nur Zehra Erdem&#8217;in moderat\u00f6rl\u00fc\u011f\u00fcnde MKE Medya \u2013 [&hellip;]<\/p>\n","protected":false},"author":43,"featured_media":0,"parent":0,"menu_order":0,"comment_status":"closed","ping_status":"closed","template":"genel_sayfa.php","meta":{"footnotes":""},"yoast_head":"<!-- This site is optimized with the Yoast SEO Premium plugin v22.1 (Yoast SEO v22.1) - https:\/\/yoast.com\/wordpress\/plugins\/seo\/ -->\n<title>Mezunlar - Halkla \u0130li\u015fkiler ve Reklamc\u0131l\u0131k<\/title>\n<meta name=\"robots\" content=\"index, follow, max-snippet:-1, max-image-preview:large, max-video-preview:-1\" \/>\n<link rel=\"canonical\" href=\"http:\/\/ticaret.edu.tr\/halkla-iliskiler-ve-reklamcilik\/mezunlar\/\" \/>\n<meta property=\"og:locale\" content=\"tr_TR\" \/>\n<meta property=\"og:type\" content=\"article\" \/>\n<meta property=\"og:title\" content=\"Mezunlar\" \/>\n<meta property=\"og:description\" content=\"De\u011ferli Mezunumuz, Siz de\u011ferli payda\u015flar\u0131m\u0131z\u0131n g\u00f6r\u00fc\u015flerini almak ve bu g\u00f6r\u00fc\u015fler do\u011frultusunda program yap\u0131s\u0131n\u0131 geli\u015ftirmek ve ders \u00e7\u0131kt\u0131lar\u0131n\u0131 belirlemek amac\u0131yla\u00a0ankete kat\u0131l\u0131m\u0131n\u0131z\u0131 bekliyoruz. &nbsp; \u00dc\u00e7 farkl\u0131 bak\u0131\u015f a\u00e7\u0131s\u0131yla Halkla \u0130li\u015fkiler ve Reklamc\u0131l\u0131k B\u00f6l\u00fcm\u00fc mezunlar\u0131m\u0131z ve hocalar\u0131m\u0131zla ger\u00e7ekle\u015ftirdi\u011fimiz program\u0131m\u0131za y\u00f6nelik yay\u0131n\u0131m\u0131z i\u00e7in: 1 B\u00f6l\u00fcm 3 Bak\u0131\u015f Program\u0131 \u00dcniversitemiz Kariyer Merkezi M\u00fcd\u00fcrl\u00fc\u011f\u00fc&#8217;nden Nur Zehra Erdem&#8217;in moderat\u00f6rl\u00fc\u011f\u00fcnde MKE Medya \u2013 [&hellip;]\" \/>\n<meta property=\"og:url\" content=\"http:\/\/ticaret.edu.tr\/halkla-iliskiler-ve-reklamcilik\/mezunlar\/\" \/>\n<meta property=\"og:site_name\" content=\"Halkla \u0130li\u015fkiler ve Reklamc\u0131l\u0131k\" \/>\n<meta property=\"article:publisher\" content=\"https:\/\/www.facebook.com\/ticaretedutr\" \/>\n<meta property=\"article:modified_time\" content=\"2025-06-06T21:07:26+00:00\" \/>\n<meta property=\"og:image\" content=\"http:\/\/ticaret.edu.tr\/halkla-iliskiler-ve-reklamcilik\/wp-content\/uploads\/sites\/13\/2025\/06\/Mezunlar-Gunu-Etkinlik-Afisi-Yatay-300x173.jpg\" \/>\n<meta name=\"twitter:card\" content=\"summary_large_image\" \/>\n<meta name=\"twitter:site\" content=\"@ticaretedutr\" \/>\n<meta name=\"twitter:label1\" content=\"Tahmini okuma s\u00fcresi\" \/>\n\t<meta name=\"twitter:data1\" content=\"1 dakika\" \/>\n<script type=\"application\/ld+json\" class=\"yoast-schema-graph\">{\"@context\":\"https:\/\/schema.org\",\"@graph\":[{\"@type\":\"WebPage\",\"@id\":\"http:\/\/ticaret.edu.tr\/halkla-iliskiler-ve-reklamcilik\/mezunlar\/\",\"url\":\"http:\/\/ticaret.edu.tr\/halkla-iliskiler-ve-reklamcilik\/mezunlar\/\",\"name\":\"Mezunlar - Halkla \u0130li\u015fkiler ve Reklamc\u0131l\u0131k\",\"isPartOf\":{\"@id\":\"http:\/\/ticaret.edu.tr\/halkla-iliskiler-ve-reklamcilik\/#website\"},\"datePublished\":\"2025-01-26T20:39:16+00:00\",\"dateModified\":\"2025-06-06T21:07:26+00:00\",\"breadcrumb\":{\"@id\":\"http:\/\/ticaret.edu.tr\/halkla-iliskiler-ve-reklamcilik\/mezunlar\/#breadcrumb\"},\"inLanguage\":\"tr\",\"potentialAction\":[{\"@type\":\"ReadAction\",\"target\":[\"http:\/\/ticaret.edu.tr\/halkla-iliskiler-ve-reklamcilik\/mezunlar\/\"]}]},{\"@type\":\"BreadcrumbList\",\"@id\":\"http:\/\/ticaret.edu.tr\/halkla-iliskiler-ve-reklamcilik\/mezunlar\/#breadcrumb\",\"itemListElement\":[{\"@type\":\"ListItem\",\"position\":1,\"name\":\"Ana sayfa\",\"item\":\"http:\/\/ticaret.edu.tr\/halkla-iliskiler-ve-reklamcilik\/\"},{\"@type\":\"ListItem\",\"position\":2,\"name\":\"Mezunlar\"}]},{\"@type\":\"WebSite\",\"@id\":\"http:\/\/ticaret.edu.tr\/halkla-iliskiler-ve-reklamcilik\/#website\",\"url\":\"http:\/\/ticaret.edu.tr\/halkla-iliskiler-ve-reklamcilik\/\",\"name\":\"Halkla \u0130li\u015fkiler ve Reklamc\u0131l\u0131k\",\"description\":\"\",\"potentialAction\":[{\"@type\":\"SearchAction\",\"target\":{\"@type\":\"EntryPoint\",\"urlTemplate\":\"http:\/\/ticaret.edu.tr\/halkla-iliskiler-ve-reklamcilik\/?s={search_term_string}\"},\"query-input\":\"required name=search_term_string\"}],\"inLanguage\":\"tr\"}]}<\/script>\n<!-- \/ Yoast SEO Premium plugin. -->","yoast_head_json":{"title":"Mezunlar - Halkla \u0130li\u015fkiler ve Reklamc\u0131l\u0131k","robots":{"index":"index","follow":"follow","max-snippet":"max-snippet:-1","max-image-preview":"max-image-preview:large","max-video-preview":"max-video-preview:-1"},"canonical":"http:\/\/ticaret.edu.tr\/halkla-iliskiler-ve-reklamcilik\/mezunlar\/","og_locale":"tr_TR","og_type":"article","og_title":"Mezunlar","og_description":"De\u011ferli Mezunumuz, Siz de\u011ferli payda\u015flar\u0131m\u0131z\u0131n g\u00f6r\u00fc\u015flerini almak ve bu g\u00f6r\u00fc\u015fler do\u011frultusunda program yap\u0131s\u0131n\u0131 geli\u015ftirmek ve ders \u00e7\u0131kt\u0131lar\u0131n\u0131 belirlemek amac\u0131yla\u00a0ankete kat\u0131l\u0131m\u0131n\u0131z\u0131 bekliyoruz. &nbsp; \u00dc\u00e7 farkl\u0131 bak\u0131\u015f a\u00e7\u0131s\u0131yla Halkla \u0130li\u015fkiler ve Reklamc\u0131l\u0131k B\u00f6l\u00fcm\u00fc mezunlar\u0131m\u0131z ve hocalar\u0131m\u0131zla ger\u00e7ekle\u015ftirdi\u011fimiz program\u0131m\u0131za y\u00f6nelik yay\u0131n\u0131m\u0131z i\u00e7in: 1 B\u00f6l\u00fcm 3 Bak\u0131\u015f Program\u0131 \u00dcniversitemiz Kariyer Merkezi M\u00fcd\u00fcrl\u00fc\u011f\u00fc&#8217;nden Nur Zehra Erdem&#8217;in moderat\u00f6rl\u00fc\u011f\u00fcnde MKE Medya \u2013 [&hellip;]","og_url":"http:\/\/ticaret.edu.tr\/halkla-iliskiler-ve-reklamcilik\/mezunlar\/","og_site_name":"Halkla \u0130li\u015fkiler ve Reklamc\u0131l\u0131k","article_publisher":"https:\/\/www.facebook.com\/ticaretedutr","article_modified_time":"2025-06-06T21:07:26+00:00","og_image":[{"url":"http:\/\/ticaret.edu.tr\/halkla-iliskiler-ve-reklamcilik\/wp-content\/uploads\/sites\/13\/2025\/06\/Mezunlar-Gunu-Etkinlik-Afisi-Yatay-300x173.jpg"}],"twitter_card":"summary_large_image","twitter_site":"@ticaretedutr","twitter_misc":{"Tahmini okuma s\u00fcresi":"1 dakika"},"schema":{"@context":"https:\/\/schema.org","@graph":[{"@type":"WebPage","@id":"http:\/\/ticaret.edu.tr\/halkla-iliskiler-ve-reklamcilik\/mezunlar\/","url":"http:\/\/ticaret.edu.tr\/halkla-iliskiler-ve-reklamcilik\/mezunlar\/","name":"Mezunlar - Halkla \u0130li\u015fkiler ve Reklamc\u0131l\u0131k","isPartOf":{"@id":"http:\/\/ticaret.edu.tr\/halkla-iliskiler-ve-reklamcilik\/#website"},"datePublished":"2025-01-26T20:39:16+00:00","dateModified":"2025-06-06T21:07:26+00:00","breadcrumb":{"@id":"http:\/\/ticaret.edu.tr\/halkla-iliskiler-ve-reklamcilik\/mezunlar\/#breadcrumb"},"inLanguage":"tr","potentialAction":[{"@type":"ReadAction","target":["http:\/\/ticaret.edu.tr\/halkla-iliskiler-ve-reklamcilik\/mezunlar\/"]}]},{"@type":"BreadcrumbList","@id":"http:\/\/ticaret.edu.tr\/halkla-iliskiler-ve-reklamcilik\/mezunlar\/#breadcrumb","itemListElement":[{"@type":"ListItem","position":1,"name":"Ana sayfa","item":"http:\/\/ticaret.edu.tr\/halkla-iliskiler-ve-reklamcilik\/"},{"@type":"ListItem","position":2,"name":"Mezunlar"}]},{"@type":"WebSite","@id":"http:\/\/ticaret.edu.tr\/halkla-iliskiler-ve-reklamcilik\/#website","url":"http:\/\/ticaret.edu.tr\/halkla-iliskiler-ve-reklamcilik\/","name":"Halkla \u0130li\u015fkiler ve Reklamc\u0131l\u0131k","description":"","potentialAction":[{"@type":"SearchAction","target":{"@type":"EntryPoint","urlTemplate":"http:\/\/ticaret.edu.tr\/halkla-iliskiler-ve-reklamcilik\/?s={search_term_string}"},"query-input":"required name=search_term_string"}],"inLanguage":"tr"}]}},"lang":"tr","translations":{"en":1949,"tr":1947},"pll_sync_post":[],"_links":{"self":[{"href":"http:\/\/ticaret.edu.tr\/halkla-iliskiler-ve-reklamcilik\/wp-json\/wp\/v2\/pages\/1947"}],"collection":[{"href":"http:\/\/ticaret.edu.tr\/halkla-iliskiler-ve-reklamcilik\/wp-json\/wp\/v2\/pages"}],"about":[{"href":"http:\/\/ticaret.edu.tr\/halkla-iliskiler-ve-reklamcilik\/wp-json\/wp\/v2\/types\/page"}],"author":[{"embeddable":true,"href":"http:\/\/ticaret.edu.tr\/halkla-iliskiler-ve-reklamcilik\/wp-json\/wp\/v2\/users\/43"}],"replies":[{"embeddable":true,"href":"http:\/\/ticaret.edu.tr\/halkla-iliskiler-ve-reklamcilik\/wp-json\/wp\/v2\/comments?post=1947"}],"version-history":[{"count":16,"href":"http:\/\/ticaret.edu.tr\/halkla-iliskiler-ve-reklamcilik\/wp-json\/wp\/v2\/pages\/1947\/revisions"}],"predecessor-version":[{"id":2410,"href":"http:\/\/ticaret.edu.tr\/halkla-iliskiler-ve-reklamcilik\/wp-json\/wp\/v2\/pages\/1947\/revisions\/2410"}],"wp:attachment":[{"href":"http:\/\/ticaret.edu.tr\/halkla-iliskiler-ve-reklamcilik\/wp-json\/wp\/v2\/media?parent=1947"}],"curies":[{"name":"wp","href":"https:\/\/api.w.org\/{rel}","templated":true}]}}