{"id":1961,"date":"2025-01-26T23:51:01","date_gmt":"2025-01-26T20:51:01","guid":{"rendered":"https:\/\/ticaret.edu.tr\/halkla-iliskiler-ve-reklamcilik\/?page_id=1961"},"modified":"2025-10-22T17:42:03","modified_gmt":"2025-10-22T14:42:03","slug":"basvuru-kosullari","status":"publish","type":"page","link":"http:\/\/ticaret.edu.tr\/halkla-iliskiler-ve-reklamcilik\/basvuru-kosullari\/","title":{"rendered":"Ba\u015fvuru Ko\u015fullar\u0131"},"content":{"rendered":"<p><strong>Kurumsal \u0130leti\u015fim Y\u00fcksek Lisans Program\u0131<\/strong><\/p>\n<p>Ba\u015fvuru Ko\u015fullar\u0131<\/p>\n<p>Online Ba\u015fvuru Formu<\/p>\n<p>Gerekli Belgeler<\/p>\n<p><strong>Reklam ve Stratejik Marka \u0130leti\u015fimi Y\u00fcksek Lisans Program\u0131<\/strong><\/p>\n<p>Ba\u015fvuru Ko\u015fullar\u0131<\/p>\n<p>Online Ba\u015fvuru Formu<\/p>\n<p>Gerekli Belgeler<\/p>\n<p><strong>Halkla \u0130li\u015fkiler ve Reklamc\u0131l\u0131k Doktora Program\u0131<\/strong><\/p>\n<p><a href=\"https:\/\/lisansustuaday.ticaret.edu.tr\/doktora-programlari-basvuru-kosullari\/\">Ba\u015fvuru Ko\u015fullar\u0131<\/a><\/p>\n<p>Online Ba\u015fvuru Formu<\/p>\n<p>Gerekli Belgeler<\/p>\n","protected":false},"excerpt":{"rendered":"<p>Kurumsal \u0130leti\u015fim Y\u00fcksek Lisans Program\u0131 Ba\u015fvuru Ko\u015fullar\u0131 Online Ba\u015fvuru Formu Gerekli Belgeler Reklam ve Stratejik Marka \u0130leti\u015fimi Y\u00fcksek Lisans Program\u0131 Ba\u015fvuru Ko\u015fullar\u0131 Online Ba\u015fvuru Formu Gerekli Belgeler Halkla \u0130li\u015fkiler ve Reklamc\u0131l\u0131k Doktora Program\u0131 Ba\u015fvuru Ko\u015fullar\u0131 Online Ba\u015fvuru Formu Gerekli Belgeler<\/p>\n","protected":false},"author":43,"featured_media":0,"parent":0,"menu_order":0,"comment_status":"closed","ping_status":"closed","template":"genel_sayfa.php","meta":{"footnotes":""},"yoast_head":"<!-- This site is optimized with the Yoast SEO Premium plugin v22.1 (Yoast SEO v22.1) - https:\/\/yoast.com\/wordpress\/plugins\/seo\/ -->\n<title>Ba\u015fvuru Ko\u015fullar\u0131 - Halkla \u0130li\u015fkiler ve Reklamc\u0131l\u0131k<\/title>\n<meta name=\"robots\" content=\"index, follow, max-snippet:-1, max-image-preview:large, max-video-preview:-1\" \/>\n<link rel=\"canonical\" href=\"https:\/\/ticaret.edu.tr\/halkla-iliskiler-ve-reklamcilik\/basvuru-kosullari\/\" \/>\n<meta property=\"og:locale\" content=\"tr_TR\" \/>\n<meta property=\"og:type\" content=\"article\" \/>\n<meta property=\"og:title\" content=\"Ba\u015fvuru Ko\u015fullar\u0131\" \/>\n<meta property=\"og:description\" content=\"Kurumsal \u0130leti\u015fim Y\u00fcksek Lisans Program\u0131 Ba\u015fvuru Ko\u015fullar\u0131 Online Ba\u015fvuru Formu Gerekli Belgeler Reklam ve Stratejik Marka \u0130leti\u015fimi Y\u00fcksek Lisans Program\u0131 Ba\u015fvuru Ko\u015fullar\u0131 Online Ba\u015fvuru Formu Gerekli Belgeler Halkla \u0130li\u015fkiler ve Reklamc\u0131l\u0131k Doktora Program\u0131 Ba\u015fvuru Ko\u015fullar\u0131 Online Ba\u015fvuru Formu Gerekli Belgeler\" \/>\n<meta property=\"og:url\" content=\"https:\/\/ticaret.edu.tr\/halkla-iliskiler-ve-reklamcilik\/basvuru-kosullari\/\" \/>\n<meta property=\"og:site_name\" content=\"Halkla \u0130li\u015fkiler ve Reklamc\u0131l\u0131k\" \/>\n<meta property=\"article:publisher\" content=\"https:\/\/www.facebook.com\/ticaretedutr\" \/>\n<meta property=\"article:modified_time\" content=\"2025-10-22T14:42:03+00:00\" \/>\n<meta property=\"og:image\" content=\"http:\/\/ticaret.edu.tr\/halkla-iliskiler-ve-reklamcilik\/wp-content\/uploads\/sites\/13\/2021\/11\/web_logo-01.jpg\" \/>\n\t<meta property=\"og:image:width\" content=\"1250\" \/>\n\t<meta property=\"og:image:height\" content=\"833\" \/>\n\t<meta property=\"og:image:type\" content=\"image\/jpeg\" \/>\n<meta name=\"twitter:card\" content=\"summary_large_image\" \/>\n<meta name=\"twitter:site\" content=\"@ticaretedutr\" \/>\n<meta name=\"twitter:label1\" content=\"Tahmini okuma s\u00fcresi\" \/>\n\t<meta name=\"twitter:data1\" content=\"1 dakika\" \/>\n<script type=\"application\/ld+json\" class=\"yoast-schema-graph\">{\"@context\":\"https:\/\/schema.org\",\"@graph\":[{\"@type\":\"WebPage\",\"@id\":\"https:\/\/ticaret.edu.tr\/halkla-iliskiler-ve-reklamcilik\/basvuru-kosullari\/\",\"url\":\"https:\/\/ticaret.edu.tr\/halkla-iliskiler-ve-reklamcilik\/basvuru-kosullari\/\",\"name\":\"Ba\u015fvuru Ko\u015fullar\u0131 - Halkla \u0130li\u015fkiler ve Reklamc\u0131l\u0131k\",\"isPartOf\":{\"@id\":\"http:\/\/ticaret.edu.tr\/halkla-iliskiler-ve-reklamcilik\/#website\"},\"datePublished\":\"2025-01-26T20:51:01+00:00\",\"dateModified\":\"2025-10-22T14:42:03+00:00\",\"breadcrumb\":{\"@id\":\"https:\/\/ticaret.edu.tr\/halkla-iliskiler-ve-reklamcilik\/basvuru-kosullari\/#breadcrumb\"},\"inLanguage\":\"tr\",\"potentialAction\":[{\"@type\":\"ReadAction\",\"target\":[\"https:\/\/ticaret.edu.tr\/halkla-iliskiler-ve-reklamcilik\/basvuru-kosullari\/\"]}]},{\"@type\":\"BreadcrumbList\",\"@id\":\"https:\/\/ticaret.edu.tr\/halkla-iliskiler-ve-reklamcilik\/basvuru-kosullari\/#breadcrumb\",\"itemListElement\":[{\"@type\":\"ListItem\",\"position\":1,\"name\":\"Ana sayfa\",\"item\":\"http:\/\/ticaret.edu.tr\/halkla-iliskiler-ve-reklamcilik\/\"},{\"@type\":\"ListItem\",\"position\":2,\"name\":\"Ba\u015fvuru Ko\u015fullar\u0131\"}]},{\"@type\":\"WebSite\",\"@id\":\"http:\/\/ticaret.edu.tr\/halkla-iliskiler-ve-reklamcilik\/#website\",\"url\":\"http:\/\/ticaret.edu.tr\/halkla-iliskiler-ve-reklamcilik\/\",\"name\":\"Halkla \u0130li\u015fkiler ve Reklamc\u0131l\u0131k\",\"description\":\"\",\"potentialAction\":[{\"@type\":\"SearchAction\",\"target\":{\"@type\":\"EntryPoint\",\"urlTemplate\":\"http:\/\/ticaret.edu.tr\/halkla-iliskiler-ve-reklamcilik\/?s={search_term_string}\"},\"query-input\":\"required name=search_term_string\"}],\"inLanguage\":\"tr\"}]}<\/script>\n<!-- \/ Yoast SEO Premium plugin. -->","yoast_head_json":{"title":"Ba\u015fvuru Ko\u015fullar\u0131 - Halkla \u0130li\u015fkiler ve Reklamc\u0131l\u0131k","robots":{"index":"index","follow":"follow","max-snippet":"max-snippet:-1","max-image-preview":"max-image-preview:large","max-video-preview":"max-video-preview:-1"},"canonical":"https:\/\/ticaret.edu.tr\/halkla-iliskiler-ve-reklamcilik\/basvuru-kosullari\/","og_locale":"tr_TR","og_type":"article","og_title":"Ba\u015fvuru Ko\u015fullar\u0131","og_description":"Kurumsal \u0130leti\u015fim Y\u00fcksek Lisans Program\u0131 Ba\u015fvuru Ko\u015fullar\u0131 Online Ba\u015fvuru Formu Gerekli Belgeler Reklam ve Stratejik Marka \u0130leti\u015fimi Y\u00fcksek Lisans Program\u0131 Ba\u015fvuru Ko\u015fullar\u0131 Online Ba\u015fvuru Formu Gerekli Belgeler Halkla \u0130li\u015fkiler ve Reklamc\u0131l\u0131k Doktora Program\u0131 Ba\u015fvuru Ko\u015fullar\u0131 Online Ba\u015fvuru Formu Gerekli Belgeler","og_url":"https:\/\/ticaret.edu.tr\/halkla-iliskiler-ve-reklamcilik\/basvuru-kosullari\/","og_site_name":"Halkla \u0130li\u015fkiler ve Reklamc\u0131l\u0131k","article_publisher":"https:\/\/www.facebook.com\/ticaretedutr","article_modified_time":"2025-10-22T14:42:03+00:00","og_image":[{"width":1250,"height":833,"url":"http:\/\/ticaret.edu.tr\/halkla-iliskiler-ve-reklamcilik\/wp-content\/uploads\/sites\/13\/2021\/11\/web_logo-01.jpg","type":"image\/jpeg"}],"twitter_card":"summary_large_image","twitter_site":"@ticaretedutr","twitter_misc":{"Tahmini okuma s\u00fcresi":"1 dakika"},"schema":{"@context":"https:\/\/schema.org","@graph":[{"@type":"WebPage","@id":"https:\/\/ticaret.edu.tr\/halkla-iliskiler-ve-reklamcilik\/basvuru-kosullari\/","url":"https:\/\/ticaret.edu.tr\/halkla-iliskiler-ve-reklamcilik\/basvuru-kosullari\/","name":"Ba\u015fvuru Ko\u015fullar\u0131 - Halkla \u0130li\u015fkiler ve Reklamc\u0131l\u0131k","isPartOf":{"@id":"http:\/\/ticaret.edu.tr\/halkla-iliskiler-ve-reklamcilik\/#website"},"datePublished":"2025-01-26T20:51:01+00:00","dateModified":"2025-10-22T14:42:03+00:00","breadcrumb":{"@id":"https:\/\/ticaret.edu.tr\/halkla-iliskiler-ve-reklamcilik\/basvuru-kosullari\/#breadcrumb"},"inLanguage":"tr","potentialAction":[{"@type":"ReadAction","target":["https:\/\/ticaret.edu.tr\/halkla-iliskiler-ve-reklamcilik\/basvuru-kosullari\/"]}]},{"@type":"BreadcrumbList","@id":"https:\/\/ticaret.edu.tr\/halkla-iliskiler-ve-reklamcilik\/basvuru-kosullari\/#breadcrumb","itemListElement":[{"@type":"ListItem","position":1,"name":"Ana sayfa","item":"http:\/\/ticaret.edu.tr\/halkla-iliskiler-ve-reklamcilik\/"},{"@type":"ListItem","position":2,"name":"Ba\u015fvuru Ko\u015fullar\u0131"}]},{"@type":"WebSite","@id":"http:\/\/ticaret.edu.tr\/halkla-iliskiler-ve-reklamcilik\/#website","url":"http:\/\/ticaret.edu.tr\/halkla-iliskiler-ve-reklamcilik\/","name":"Halkla \u0130li\u015fkiler ve Reklamc\u0131l\u0131k","description":"","potentialAction":[{"@type":"SearchAction","target":{"@type":"EntryPoint","urlTemplate":"http:\/\/ticaret.edu.tr\/halkla-iliskiler-ve-reklamcilik\/?s={search_term_string}"},"query-input":"required name=search_term_string"}],"inLanguage":"tr"}]}},"lang":"tr","translations":{"en":1963,"tr":1961},"pll_sync_post":[],"_links":{"self":[{"href":"http:\/\/ticaret.edu.tr\/halkla-iliskiler-ve-reklamcilik\/wp-json\/wp\/v2\/pages\/1961"}],"collection":[{"href":"http:\/\/ticaret.edu.tr\/halkla-iliskiler-ve-reklamcilik\/wp-json\/wp\/v2\/pages"}],"about":[{"href":"http:\/\/ticaret.edu.tr\/halkla-iliskiler-ve-reklamcilik\/wp-json\/wp\/v2\/types\/page"}],"author":[{"embeddable":true,"href":"http:\/\/ticaret.edu.tr\/halkla-iliskiler-ve-reklamcilik\/wp-json\/wp\/v2\/users\/43"}],"replies":[{"embeddable":true,"href":"http:\/\/ticaret.edu.tr\/halkla-iliskiler-ve-reklamcilik\/wp-json\/wp\/v2\/comments?post=1961"}],"version-history":[{"count":3,"href":"http:\/\/ticaret.edu.tr\/halkla-iliskiler-ve-reklamcilik\/wp-json\/wp\/v2\/pages\/1961\/revisions"}],"predecessor-version":[{"id":2552,"href":"http:\/\/ticaret.edu.tr\/halkla-iliskiler-ve-reklamcilik\/wp-json\/wp\/v2\/pages\/1961\/revisions\/2552"}],"wp:attachment":[{"href":"http:\/\/ticaret.edu.tr\/halkla-iliskiler-ve-reklamcilik\/wp-json\/wp\/v2\/media?parent=1961"}],"curies":[{"name":"wp","href":"https:\/\/api.w.org\/{rel}","templated":true}]}}