{"id":2007,"date":"2025-01-27T00:07:08","date_gmt":"2025-01-26T21:07:08","guid":{"rendered":"https:\/\/ticaret.edu.tr\/halkla-iliskiler-ve-reklamcilik\/?page_id=2007"},"modified":"2025-12-09T16:11:03","modified_gmt":"2025-12-09T13:11:03","slug":"bilimsel-etkinlikler","status":"publish","type":"page","link":"http:\/\/ticaret.edu.tr\/halkla-iliskiler-ve-reklamcilik\/bilimsel-etkinlikler\/","title":{"rendered":"Bilimsel Etkinlikler"},"content":{"rendered":"<p>&nbsp;<\/p>\n<p><a href=\"https:\/\/ticaret.edu.tr\/halkla-iliskiler-ve-reklamcilik\/2025\/05\/23\/sektorden-kampuse-ilham-veren-bulusma\/\">Etkinliklerimizi web sitemizin duyurular k\u0131sm\u0131ndan takip edebilmek i\u00e7in<em><strong><span style=\"color: #0000ff\"> t\u0131k<\/span><\/strong><\/em><\/a><em><strong><span style=\"color: #0000ff\"><a style=\"color: #0000ff\" href=\"https:\/\/ticaret.edu.tr\/halkla-iliskiler-ve-reklamcilik\/2025\/05\/23\/sektorden-kampuse-ilham-veren-bulusma\/\">lay\u0131n\u0131z<\/a><\/span><\/strong><\/em><\/p>\n","protected":false},"excerpt":{"rendered":"<p>&nbsp; Etkinliklerimizi web sitemizin duyurular k\u0131sm\u0131ndan takip edebilmek i\u00e7in t\u0131klay\u0131n\u0131z<\/p>\n","protected":false},"author":43,"featured_media":0,"parent":0,"menu_order":0,"comment_status":"closed","ping_status":"closed","template":"genel_sayfa.php","meta":{"footnotes":""},"yoast_head":"<!-- This site is optimized with the Yoast SEO Premium plugin v22.1 (Yoast SEO v22.1) - https:\/\/yoast.com\/wordpress\/plugins\/seo\/ -->\n<title>Bilimsel Etkinlikler - Halkla \u0130li\u015fkiler ve Reklamc\u0131l\u0131k<\/title>\n<meta name=\"robots\" content=\"index, follow, max-snippet:-1, max-image-preview:large, max-video-preview:-1\" \/>\n<link rel=\"canonical\" href=\"https:\/\/ticaret.edu.tr\/halkla-iliskiler-ve-reklamcilik\/bilimsel-etkinlikler\/\" \/>\n<meta property=\"og:locale\" content=\"tr_TR\" \/>\n<meta property=\"og:type\" content=\"article\" \/>\n<meta property=\"og:title\" content=\"Bilimsel Etkinlikler\" \/>\n<meta property=\"og:description\" content=\"&nbsp; Etkinliklerimizi web sitemizin duyurular k\u0131sm\u0131ndan takip edebilmek i\u00e7in t\u0131klay\u0131n\u0131z\" \/>\n<meta property=\"og:url\" content=\"https:\/\/ticaret.edu.tr\/halkla-iliskiler-ve-reklamcilik\/bilimsel-etkinlikler\/\" \/>\n<meta property=\"og:site_name\" content=\"Halkla \u0130li\u015fkiler ve Reklamc\u0131l\u0131k\" \/>\n<meta property=\"article:publisher\" content=\"https:\/\/www.facebook.com\/ticaretedutr\" \/>\n<meta property=\"article:modified_time\" content=\"2025-12-09T13:11:03+00:00\" \/>\n<meta property=\"og:image\" content=\"http:\/\/ticaret.edu.tr\/halkla-iliskiler-ve-reklamcilik\/wp-content\/uploads\/sites\/13\/2021\/11\/web_logo-01.jpg\" \/>\n\t<meta property=\"og:image:width\" content=\"1250\" \/>\n\t<meta property=\"og:image:height\" content=\"833\" \/>\n\t<meta property=\"og:image:type\" content=\"image\/jpeg\" \/>\n<meta name=\"twitter:card\" content=\"summary_large_image\" \/>\n<meta name=\"twitter:site\" content=\"@ticaretedutr\" \/>\n<meta name=\"twitter:label1\" content=\"Tahmini okuma s\u00fcresi\" \/>\n\t<meta name=\"twitter:data1\" content=\"1 dakika\" \/>\n<script type=\"application\/ld+json\" class=\"yoast-schema-graph\">{\"@context\":\"https:\/\/schema.org\",\"@graph\":[{\"@type\":\"WebPage\",\"@id\":\"https:\/\/ticaret.edu.tr\/halkla-iliskiler-ve-reklamcilik\/bilimsel-etkinlikler\/\",\"url\":\"https:\/\/ticaret.edu.tr\/halkla-iliskiler-ve-reklamcilik\/bilimsel-etkinlikler\/\",\"name\":\"Bilimsel Etkinlikler - Halkla \u0130li\u015fkiler ve Reklamc\u0131l\u0131k\",\"isPartOf\":{\"@id\":\"http:\/\/ticaret.edu.tr\/halkla-iliskiler-ve-reklamcilik\/#website\"},\"datePublished\":\"2025-01-26T21:07:08+00:00\",\"dateModified\":\"2025-12-09T13:11:03+00:00\",\"breadcrumb\":{\"@id\":\"https:\/\/ticaret.edu.tr\/halkla-iliskiler-ve-reklamcilik\/bilimsel-etkinlikler\/#breadcrumb\"},\"inLanguage\":\"tr\",\"potentialAction\":[{\"@type\":\"ReadAction\",\"target\":[\"https:\/\/ticaret.edu.tr\/halkla-iliskiler-ve-reklamcilik\/bilimsel-etkinlikler\/\"]}]},{\"@type\":\"BreadcrumbList\",\"@id\":\"https:\/\/ticaret.edu.tr\/halkla-iliskiler-ve-reklamcilik\/bilimsel-etkinlikler\/#breadcrumb\",\"itemListElement\":[{\"@type\":\"ListItem\",\"position\":1,\"name\":\"Ana sayfa\",\"item\":\"http:\/\/ticaret.edu.tr\/halkla-iliskiler-ve-reklamcilik\/\"},{\"@type\":\"ListItem\",\"position\":2,\"name\":\"Bilimsel Etkinlikler\"}]},{\"@type\":\"WebSite\",\"@id\":\"http:\/\/ticaret.edu.tr\/halkla-iliskiler-ve-reklamcilik\/#website\",\"url\":\"http:\/\/ticaret.edu.tr\/halkla-iliskiler-ve-reklamcilik\/\",\"name\":\"Halkla \u0130li\u015fkiler ve Reklamc\u0131l\u0131k\",\"description\":\"\",\"potentialAction\":[{\"@type\":\"SearchAction\",\"target\":{\"@type\":\"EntryPoint\",\"urlTemplate\":\"http:\/\/ticaret.edu.tr\/halkla-iliskiler-ve-reklamcilik\/?s={search_term_string}\"},\"query-input\":\"required name=search_term_string\"}],\"inLanguage\":\"tr\"}]}<\/script>\n<!-- \/ Yoast SEO Premium plugin. -->","yoast_head_json":{"title":"Bilimsel Etkinlikler - Halkla \u0130li\u015fkiler ve Reklamc\u0131l\u0131k","robots":{"index":"index","follow":"follow","max-snippet":"max-snippet:-1","max-image-preview":"max-image-preview:large","max-video-preview":"max-video-preview:-1"},"canonical":"https:\/\/ticaret.edu.tr\/halkla-iliskiler-ve-reklamcilik\/bilimsel-etkinlikler\/","og_locale":"tr_TR","og_type":"article","og_title":"Bilimsel Etkinlikler","og_description":"&nbsp; Etkinliklerimizi web sitemizin duyurular k\u0131sm\u0131ndan takip edebilmek i\u00e7in t\u0131klay\u0131n\u0131z","og_url":"https:\/\/ticaret.edu.tr\/halkla-iliskiler-ve-reklamcilik\/bilimsel-etkinlikler\/","og_site_name":"Halkla \u0130li\u015fkiler ve Reklamc\u0131l\u0131k","article_publisher":"https:\/\/www.facebook.com\/ticaretedutr","article_modified_time":"2025-12-09T13:11:03+00:00","og_image":[{"width":1250,"height":833,"url":"http:\/\/ticaret.edu.tr\/halkla-iliskiler-ve-reklamcilik\/wp-content\/uploads\/sites\/13\/2021\/11\/web_logo-01.jpg","type":"image\/jpeg"}],"twitter_card":"summary_large_image","twitter_site":"@ticaretedutr","twitter_misc":{"Tahmini okuma s\u00fcresi":"1 dakika"},"schema":{"@context":"https:\/\/schema.org","@graph":[{"@type":"WebPage","@id":"https:\/\/ticaret.edu.tr\/halkla-iliskiler-ve-reklamcilik\/bilimsel-etkinlikler\/","url":"https:\/\/ticaret.edu.tr\/halkla-iliskiler-ve-reklamcilik\/bilimsel-etkinlikler\/","name":"Bilimsel Etkinlikler - Halkla \u0130li\u015fkiler ve Reklamc\u0131l\u0131k","isPartOf":{"@id":"http:\/\/ticaret.edu.tr\/halkla-iliskiler-ve-reklamcilik\/#website"},"datePublished":"2025-01-26T21:07:08+00:00","dateModified":"2025-12-09T13:11:03+00:00","breadcrumb":{"@id":"https:\/\/ticaret.edu.tr\/halkla-iliskiler-ve-reklamcilik\/bilimsel-etkinlikler\/#breadcrumb"},"inLanguage":"tr","potentialAction":[{"@type":"ReadAction","target":["https:\/\/ticaret.edu.tr\/halkla-iliskiler-ve-reklamcilik\/bilimsel-etkinlikler\/"]}]},{"@type":"BreadcrumbList","@id":"https:\/\/ticaret.edu.tr\/halkla-iliskiler-ve-reklamcilik\/bilimsel-etkinlikler\/#breadcrumb","itemListElement":[{"@type":"ListItem","position":1,"name":"Ana sayfa","item":"http:\/\/ticaret.edu.tr\/halkla-iliskiler-ve-reklamcilik\/"},{"@type":"ListItem","position":2,"name":"Bilimsel Etkinlikler"}]},{"@type":"WebSite","@id":"http:\/\/ticaret.edu.tr\/halkla-iliskiler-ve-reklamcilik\/#website","url":"http:\/\/ticaret.edu.tr\/halkla-iliskiler-ve-reklamcilik\/","name":"Halkla \u0130li\u015fkiler ve Reklamc\u0131l\u0131k","description":"","potentialAction":[{"@type":"SearchAction","target":{"@type":"EntryPoint","urlTemplate":"http:\/\/ticaret.edu.tr\/halkla-iliskiler-ve-reklamcilik\/?s={search_term_string}"},"query-input":"required name=search_term_string"}],"inLanguage":"tr"}]}},"lang":"tr","translations":{"en":2009,"tr":2007},"pll_sync_post":[],"_links":{"self":[{"href":"http:\/\/ticaret.edu.tr\/halkla-iliskiler-ve-reklamcilik\/wp-json\/wp\/v2\/pages\/2007"}],"collection":[{"href":"http:\/\/ticaret.edu.tr\/halkla-iliskiler-ve-reklamcilik\/wp-json\/wp\/v2\/pages"}],"about":[{"href":"http:\/\/ticaret.edu.tr\/halkla-iliskiler-ve-reklamcilik\/wp-json\/wp\/v2\/types\/page"}],"author":[{"embeddable":true,"href":"http:\/\/ticaret.edu.tr\/halkla-iliskiler-ve-reklamcilik\/wp-json\/wp\/v2\/users\/43"}],"replies":[{"embeddable":true,"href":"http:\/\/ticaret.edu.tr\/halkla-iliskiler-ve-reklamcilik\/wp-json\/wp\/v2\/comments?post=2007"}],"version-history":[{"count":8,"href":"http:\/\/ticaret.edu.tr\/halkla-iliskiler-ve-reklamcilik\/wp-json\/wp\/v2\/pages\/2007\/revisions"}],"predecessor-version":[{"id":2619,"href":"http:\/\/ticaret.edu.tr\/halkla-iliskiler-ve-reklamcilik\/wp-json\/wp\/v2\/pages\/2007\/revisions\/2619"}],"wp:attachment":[{"href":"http:\/\/ticaret.edu.tr\/halkla-iliskiler-ve-reklamcilik\/wp-json\/wp\/v2\/media?parent=2007"}],"curies":[{"name":"wp","href":"https:\/\/api.w.org\/{rel}","templated":true}]}}