{"id":2015,"date":"2025-01-27T00:09:58","date_gmt":"2025-01-26T21:09:58","guid":{"rendered":"https:\/\/ticaret.edu.tr\/halkla-iliskiler-ve-reklamcilik\/?page_id=2015"},"modified":"2025-06-03T15:13:19","modified_gmt":"2025-06-03T12:13:19","slug":"bolum-kalite-guvence-politikasi","status":"publish","type":"page","link":"http:\/\/ticaret.edu.tr\/halkla-iliskiler-ve-reklamcilik\/bolum-kalite-guvence-politikasi\/","title":{"rendered":"B\u00f6l\u00fcm Kalite G\u00fcvence Politikas\u0131"},"content":{"rendered":"<p>B\u00f6l\u00fcm\u00fcm\u00fcz, y\u00fcksek\u00f6\u011fretimde kaliteyi s\u00fcrekli k\u0131lmak amac\u0131yla e\u011fitim, ara\u015ft\u0131rma ve toplumsal katk\u0131 alanlar\u0131nda etkin bir kalite g\u00fcvence sistemi y\u00fcr\u00fctmektedir. Y\u00fcksek\u00f6\u011fretim Kalite G\u00fcvencesi \u00e7er\u00e7evesinde, \u00f6\u011frenci odakl\u0131l\u0131k, kat\u0131l\u0131mc\u0131l\u0131k, \u015feffafl\u0131k ve s\u00fcrekli iyile\u015ftirme ilkeleri do\u011frultusunda, t\u00fcm akademik ve idari s\u00fcre\u00e7ler d\u00fczenli olarak izlenmekte, de\u011ferlendirilmekte ve geli\u015ftirilmektedir. Program \u00e7\u0131kt\u0131lar\u0131n\u0131n toplumsal ihtiya\u00e7lara ve sekt\u00f6rel geli\u015fmelere uyumlu olmas\u0131 hedeflenirken, payda\u015f g\u00f6r\u00fc\u015fleri sistematik bi\u00e7imde s\u00fcrece d\u00e2hil edilmektedir. \u0130leti\u015fim alan\u0131nda evrensel de\u011ferlere ba\u011fl\u0131, yarat\u0131c\u0131 ve ele\u015ftirel d\u00fc\u015f\u00fcnebilen bireyler yeti\u015ftirmek ve kalite k\u00fclt\u00fcr\u00fcn\u00fc b\u00f6l\u00fcm\u00fcm\u00fcz\u00fcn\u00a0ayr\u0131lmaz bir par\u00e7as\u0131 haline getirmek temel \u00f6nceliklerimizdendir.<\/p>\n","protected":false},"excerpt":{"rendered":"<p>B\u00f6l\u00fcm\u00fcm\u00fcz, y\u00fcksek\u00f6\u011fretimde kaliteyi s\u00fcrekli k\u0131lmak amac\u0131yla e\u011fitim, ara\u015ft\u0131rma ve toplumsal katk\u0131 alanlar\u0131nda etkin bir kalite g\u00fcvence sistemi y\u00fcr\u00fctmektedir. Y\u00fcksek\u00f6\u011fretim Kalite G\u00fcvencesi \u00e7er\u00e7evesinde, \u00f6\u011frenci odakl\u0131l\u0131k, kat\u0131l\u0131mc\u0131l\u0131k, \u015feffafl\u0131k ve s\u00fcrekli iyile\u015ftirme ilkeleri do\u011frultusunda, t\u00fcm akademik ve idari s\u00fcre\u00e7ler d\u00fczenli olarak izlenmekte, de\u011ferlendirilmekte ve geli\u015ftirilmektedir. Program \u00e7\u0131kt\u0131lar\u0131n\u0131n toplumsal ihtiya\u00e7lara ve sekt\u00f6rel geli\u015fmelere uyumlu olmas\u0131 hedeflenirken, payda\u015f g\u00f6r\u00fc\u015fleri sistematik [&hellip;]<\/p>\n","protected":false},"author":43,"featured_media":0,"parent":0,"menu_order":0,"comment_status":"closed","ping_status":"closed","template":"genel_sayfa.php","meta":{"footnotes":""},"yoast_head":"<!-- This site is optimized with the Yoast SEO Premium plugin v22.1 (Yoast SEO v22.1) - https:\/\/yoast.com\/wordpress\/plugins\/seo\/ -->\n<title>B\u00f6l\u00fcm Kalite G\u00fcvence Politikas\u0131 - Halkla \u0130li\u015fkiler ve Reklamc\u0131l\u0131k<\/title>\n<meta name=\"robots\" content=\"index, follow, max-snippet:-1, max-image-preview:large, max-video-preview:-1\" \/>\n<link rel=\"canonical\" href=\"http:\/\/ticaret.edu.tr\/halkla-iliskiler-ve-reklamcilik\/bolum-kalite-guvence-politikasi\/\" \/>\n<meta property=\"og:locale\" content=\"tr_TR\" \/>\n<meta property=\"og:type\" content=\"article\" \/>\n<meta property=\"og:title\" content=\"B\u00f6l\u00fcm Kalite G\u00fcvence Politikas\u0131\" \/>\n<meta property=\"og:description\" content=\"B\u00f6l\u00fcm\u00fcm\u00fcz, y\u00fcksek\u00f6\u011fretimde kaliteyi s\u00fcrekli k\u0131lmak amac\u0131yla e\u011fitim, ara\u015ft\u0131rma ve toplumsal katk\u0131 alanlar\u0131nda etkin bir kalite g\u00fcvence sistemi y\u00fcr\u00fctmektedir. Y\u00fcksek\u00f6\u011fretim Kalite G\u00fcvencesi \u00e7er\u00e7evesinde, \u00f6\u011frenci odakl\u0131l\u0131k, kat\u0131l\u0131mc\u0131l\u0131k, \u015feffafl\u0131k ve s\u00fcrekli iyile\u015ftirme ilkeleri do\u011frultusunda, t\u00fcm akademik ve idari s\u00fcre\u00e7ler d\u00fczenli olarak izlenmekte, de\u011ferlendirilmekte ve geli\u015ftirilmektedir. Program \u00e7\u0131kt\u0131lar\u0131n\u0131n toplumsal ihtiya\u00e7lara ve sekt\u00f6rel geli\u015fmelere uyumlu olmas\u0131 hedeflenirken, payda\u015f g\u00f6r\u00fc\u015fleri sistematik [&hellip;]\" \/>\n<meta property=\"og:url\" content=\"http:\/\/ticaret.edu.tr\/halkla-iliskiler-ve-reklamcilik\/bolum-kalite-guvence-politikasi\/\" \/>\n<meta property=\"og:site_name\" content=\"Halkla \u0130li\u015fkiler ve Reklamc\u0131l\u0131k\" \/>\n<meta property=\"article:publisher\" content=\"https:\/\/www.facebook.com\/ticaretedutr\" \/>\n<meta property=\"article:modified_time\" content=\"2025-06-03T12:13:19+00:00\" \/>\n<meta property=\"og:image\" content=\"http:\/\/ticaret.edu.tr\/halkla-iliskiler-ve-reklamcilik\/wp-content\/uploads\/sites\/13\/2021\/11\/web_logo-01.jpg\" \/>\n\t<meta property=\"og:image:width\" content=\"1250\" \/>\n\t<meta property=\"og:image:height\" content=\"833\" \/>\n\t<meta property=\"og:image:type\" content=\"image\/jpeg\" \/>\n<meta name=\"twitter:card\" content=\"summary_large_image\" \/>\n<meta name=\"twitter:site\" content=\"@ticaretedutr\" \/>\n<script type=\"application\/ld+json\" class=\"yoast-schema-graph\">{\"@context\":\"https:\/\/schema.org\",\"@graph\":[{\"@type\":\"WebPage\",\"@id\":\"http:\/\/ticaret.edu.tr\/halkla-iliskiler-ve-reklamcilik\/bolum-kalite-guvence-politikasi\/\",\"url\":\"http:\/\/ticaret.edu.tr\/halkla-iliskiler-ve-reklamcilik\/bolum-kalite-guvence-politikasi\/\",\"name\":\"B\u00f6l\u00fcm Kalite G\u00fcvence Politikas\u0131 - Halkla \u0130li\u015fkiler ve Reklamc\u0131l\u0131k\",\"isPartOf\":{\"@id\":\"http:\/\/ticaret.edu.tr\/halkla-iliskiler-ve-reklamcilik\/#website\"},\"datePublished\":\"2025-01-26T21:09:58+00:00\",\"dateModified\":\"2025-06-03T12:13:19+00:00\",\"breadcrumb\":{\"@id\":\"http:\/\/ticaret.edu.tr\/halkla-iliskiler-ve-reklamcilik\/bolum-kalite-guvence-politikasi\/#breadcrumb\"},\"inLanguage\":\"tr\",\"potentialAction\":[{\"@type\":\"ReadAction\",\"target\":[\"http:\/\/ticaret.edu.tr\/halkla-iliskiler-ve-reklamcilik\/bolum-kalite-guvence-politikasi\/\"]}]},{\"@type\":\"BreadcrumbList\",\"@id\":\"http:\/\/ticaret.edu.tr\/halkla-iliskiler-ve-reklamcilik\/bolum-kalite-guvence-politikasi\/#breadcrumb\",\"itemListElement\":[{\"@type\":\"ListItem\",\"position\":1,\"name\":\"Ana sayfa\",\"item\":\"http:\/\/ticaret.edu.tr\/halkla-iliskiler-ve-reklamcilik\/\"},{\"@type\":\"ListItem\",\"position\":2,\"name\":\"B\u00f6l\u00fcm Kalite G\u00fcvence Politikas\u0131\"}]},{\"@type\":\"WebSite\",\"@id\":\"http:\/\/ticaret.edu.tr\/halkla-iliskiler-ve-reklamcilik\/#website\",\"url\":\"http:\/\/ticaret.edu.tr\/halkla-iliskiler-ve-reklamcilik\/\",\"name\":\"Halkla \u0130li\u015fkiler ve Reklamc\u0131l\u0131k\",\"description\":\"\",\"potentialAction\":[{\"@type\":\"SearchAction\",\"target\":{\"@type\":\"EntryPoint\",\"urlTemplate\":\"http:\/\/ticaret.edu.tr\/halkla-iliskiler-ve-reklamcilik\/?s={search_term_string}\"},\"query-input\":\"required name=search_term_string\"}],\"inLanguage\":\"tr\"}]}<\/script>\n<!-- \/ Yoast SEO Premium plugin. -->","yoast_head_json":{"title":"B\u00f6l\u00fcm Kalite G\u00fcvence Politikas\u0131 - Halkla \u0130li\u015fkiler ve Reklamc\u0131l\u0131k","robots":{"index":"index","follow":"follow","max-snippet":"max-snippet:-1","max-image-preview":"max-image-preview:large","max-video-preview":"max-video-preview:-1"},"canonical":"http:\/\/ticaret.edu.tr\/halkla-iliskiler-ve-reklamcilik\/bolum-kalite-guvence-politikasi\/","og_locale":"tr_TR","og_type":"article","og_title":"B\u00f6l\u00fcm Kalite G\u00fcvence Politikas\u0131","og_description":"B\u00f6l\u00fcm\u00fcm\u00fcz, y\u00fcksek\u00f6\u011fretimde kaliteyi s\u00fcrekli k\u0131lmak amac\u0131yla e\u011fitim, ara\u015ft\u0131rma ve toplumsal katk\u0131 alanlar\u0131nda etkin bir kalite g\u00fcvence sistemi y\u00fcr\u00fctmektedir. Y\u00fcksek\u00f6\u011fretim Kalite G\u00fcvencesi \u00e7er\u00e7evesinde, \u00f6\u011frenci odakl\u0131l\u0131k, kat\u0131l\u0131mc\u0131l\u0131k, \u015feffafl\u0131k ve s\u00fcrekli iyile\u015ftirme ilkeleri do\u011frultusunda, t\u00fcm akademik ve idari s\u00fcre\u00e7ler d\u00fczenli olarak izlenmekte, de\u011ferlendirilmekte ve geli\u015ftirilmektedir. Program \u00e7\u0131kt\u0131lar\u0131n\u0131n toplumsal ihtiya\u00e7lara ve sekt\u00f6rel geli\u015fmelere uyumlu olmas\u0131 hedeflenirken, payda\u015f g\u00f6r\u00fc\u015fleri sistematik [&hellip;]","og_url":"http:\/\/ticaret.edu.tr\/halkla-iliskiler-ve-reklamcilik\/bolum-kalite-guvence-politikasi\/","og_site_name":"Halkla \u0130li\u015fkiler ve Reklamc\u0131l\u0131k","article_publisher":"https:\/\/www.facebook.com\/ticaretedutr","article_modified_time":"2025-06-03T12:13:19+00:00","og_image":[{"width":1250,"height":833,"url":"http:\/\/ticaret.edu.tr\/halkla-iliskiler-ve-reklamcilik\/wp-content\/uploads\/sites\/13\/2021\/11\/web_logo-01.jpg","type":"image\/jpeg"}],"twitter_card":"summary_large_image","twitter_site":"@ticaretedutr","schema":{"@context":"https:\/\/schema.org","@graph":[{"@type":"WebPage","@id":"http:\/\/ticaret.edu.tr\/halkla-iliskiler-ve-reklamcilik\/bolum-kalite-guvence-politikasi\/","url":"http:\/\/ticaret.edu.tr\/halkla-iliskiler-ve-reklamcilik\/bolum-kalite-guvence-politikasi\/","name":"B\u00f6l\u00fcm Kalite G\u00fcvence Politikas\u0131 - Halkla \u0130li\u015fkiler ve Reklamc\u0131l\u0131k","isPartOf":{"@id":"http:\/\/ticaret.edu.tr\/halkla-iliskiler-ve-reklamcilik\/#website"},"datePublished":"2025-01-26T21:09:58+00:00","dateModified":"2025-06-03T12:13:19+00:00","breadcrumb":{"@id":"http:\/\/ticaret.edu.tr\/halkla-iliskiler-ve-reklamcilik\/bolum-kalite-guvence-politikasi\/#breadcrumb"},"inLanguage":"tr","potentialAction":[{"@type":"ReadAction","target":["http:\/\/ticaret.edu.tr\/halkla-iliskiler-ve-reklamcilik\/bolum-kalite-guvence-politikasi\/"]}]},{"@type":"BreadcrumbList","@id":"http:\/\/ticaret.edu.tr\/halkla-iliskiler-ve-reklamcilik\/bolum-kalite-guvence-politikasi\/#breadcrumb","itemListElement":[{"@type":"ListItem","position":1,"name":"Ana sayfa","item":"http:\/\/ticaret.edu.tr\/halkla-iliskiler-ve-reklamcilik\/"},{"@type":"ListItem","position":2,"name":"B\u00f6l\u00fcm Kalite G\u00fcvence Politikas\u0131"}]},{"@type":"WebSite","@id":"http:\/\/ticaret.edu.tr\/halkla-iliskiler-ve-reklamcilik\/#website","url":"http:\/\/ticaret.edu.tr\/halkla-iliskiler-ve-reklamcilik\/","name":"Halkla \u0130li\u015fkiler ve Reklamc\u0131l\u0131k","description":"","potentialAction":[{"@type":"SearchAction","target":{"@type":"EntryPoint","urlTemplate":"http:\/\/ticaret.edu.tr\/halkla-iliskiler-ve-reklamcilik\/?s={search_term_string}"},"query-input":"required name=search_term_string"}],"inLanguage":"tr"}]}},"lang":"tr","translations":{"en":2017,"tr":2015},"pll_sync_post":[],"_links":{"self":[{"href":"http:\/\/ticaret.edu.tr\/halkla-iliskiler-ve-reklamcilik\/wp-json\/wp\/v2\/pages\/2015"}],"collection":[{"href":"http:\/\/ticaret.edu.tr\/halkla-iliskiler-ve-reklamcilik\/wp-json\/wp\/v2\/pages"}],"about":[{"href":"http:\/\/ticaret.edu.tr\/halkla-iliskiler-ve-reklamcilik\/wp-json\/wp\/v2\/types\/page"}],"author":[{"embeddable":true,"href":"http:\/\/ticaret.edu.tr\/halkla-iliskiler-ve-reklamcilik\/wp-json\/wp\/v2\/users\/43"}],"replies":[{"embeddable":true,"href":"http:\/\/ticaret.edu.tr\/halkla-iliskiler-ve-reklamcilik\/wp-json\/wp\/v2\/comments?post=2015"}],"version-history":[{"count":2,"href":"http:\/\/ticaret.edu.tr\/halkla-iliskiler-ve-reklamcilik\/wp-json\/wp\/v2\/pages\/2015\/revisions"}],"predecessor-version":[{"id":2374,"href":"http:\/\/ticaret.edu.tr\/halkla-iliskiler-ve-reklamcilik\/wp-json\/wp\/v2\/pages\/2015\/revisions\/2374"}],"wp:attachment":[{"href":"http:\/\/ticaret.edu.tr\/halkla-iliskiler-ve-reklamcilik\/wp-json\/wp\/v2\/media?parent=2015"}],"curies":[{"name":"wp","href":"https:\/\/api.w.org\/{rel}","templated":true}]}}