{"id":628,"date":"2022-01-04T15:55:56","date_gmt":"2022-01-04T12:55:56","guid":{"rendered":"https:\/\/ticaret.edu.tr\/halka-iliskiler-ve-reklamcilik\/?page_id=628"},"modified":"2026-02-06T08:50:45","modified_gmt":"2026-02-06T05:50:45","slug":"curriculum","status":"publish","type":"page","link":"http:\/\/ticaret.edu.tr\/halkla-iliskiler-ve-reklamcilik\/en\/curriculum\/","title":{"rendered":"CURRICULUM"},"content":{"rendered":"<p><a href=\"http:\/\/ticaret.edu.tr\/halkla-iliskiler-ve-reklamcilik\/wp-content\/uploads\/sites\/13\/2026\/02\/2025-2026-Akademik-Yili-Halkla-iliskiler-ve-Rekalcilik-Bolumu-Mufredati.pdf\">2025-2026 Curriculum for the Academic Year\u00a0<\/a><\/p>\n<p><a href=\"http:\/\/ticaret.edu.tr\/halkla-iliskiler-ve-reklamcilik\/wp-content\/uploads\/sites\/13\/2026\/02\/Halkla-Iliskiler-ve-Rekalmcilik-2024-2025-Akademik-Yil-Mufredati.pdf\">2024-2025 Curriculum for the Academic Year\u00a0<\/a><\/p>\n<p><a href=\"http:\/\/ticaret.edu.tr\/halkla-iliskiler-ve-reklamcilik\/wp-content\/uploads\/sites\/13\/2026\/02\/Kurul-Onayi_HIRE-27EYLUL-2023-Mufredat-ve-Intibak.pdf\">2023-2024 Curriculum for the Academic Year\u00a0<\/a><\/p>\n<p><a href=\"http:\/\/ticaret.edu.tr\/halkla-iliskiler-ve-reklamcilik\/wp-content\/uploads\/sites\/13\/2026\/02\/Muhurlu_Halkla-iliskiler-ve-Reklamcilik-Bolumu-2022-2023-Akademik-Yili-Mufredat.pdf\">2022-2023 Curriculum for the Academic Year <\/a><\/p>\n<p><a href=\"http:\/\/ticaret.edu.tr\/halka-iliskiler-ve-reklamcilik\/wp-content\/uploads\/sites\/13\/2022\/01\/2021-2022-.pdf\">2021-2022 Curriculum for the Academic Year\u00a0<\/a><\/p>\n<p><a href=\"http:\/\/ticaret.edu.tr\/halka-iliskiler-ve-reklamcilik\/wp-content\/uploads\/sites\/13\/2022\/01\/2020-2021.pdf\">2020-2021 Curriculum for the Academic Year\u00a0<\/a><\/p>\n<p><a href=\"http:\/\/ticaret.edu.tr\/halka-iliskiler-ve-reklamcilik\/wp-content\/uploads\/sites\/13\/2022\/01\/2019-2020.pdf\">2019-2020 Curriculum for the Academic Year\u00a0<\/a><\/p>\n<p><a href=\"http:\/\/ticaret.edu.tr\/halka-iliskiler-ve-reklamcilik\/wp-content\/uploads\/sites\/13\/2022\/01\/2018-2019.pdf\">2018-2019 Curriculum for the Academic Year\u00a0<\/a><\/p>\n<p><a href=\"http:\/\/ticaret.edu.tr\/halka-iliskiler-ve-reklamcilik\/wp-content\/uploads\/sites\/13\/2022\/01\/2017-2018.pdf\">2017-2018 Curriculum for the Academic Year\u00a0<\/a><\/p>\n<p><a href=\"http:\/\/ticaret.edu.tr\/halka-iliskiler-ve-reklamcilik\/wp-content\/uploads\/sites\/13\/2022\/01\/2016-2017.pdf\">2016-2017 Curriculum for the Academic Year\u00a0\u00a0<\/a><\/p>\n<p>&nbsp;<\/p>\n<p>&nbsp;<\/p>\n<p>&nbsp;<\/p>\n<p>&nbsp;<\/p>\n<p>&nbsp;<\/p>\n<p>&nbsp;<\/p>\n","protected":false},"excerpt":{"rendered":"<p>2025-2026 Curriculum for the Academic Year\u00a0 2024-2025 Curriculum for the Academic Year\u00a0 2023-2024 Curriculum for the Academic Year\u00a0 2022-2023 Curriculum for the Academic Year 2021-2022 Curriculum for the Academic Year\u00a0 2020-2021 Curriculum for the Academic Year\u00a0 2019-2020 Curriculum for the Academic Year\u00a0 2018-2019 Curriculum for the Academic Year\u00a0 2017-2018 Curriculum for the Academic Year\u00a0 2016-2017 [&hellip;]<\/p>\n","protected":false},"author":149,"featured_media":0,"parent":0,"menu_order":0,"comment_status":"closed","ping_status":"closed","template":"genel_sayfa.php","meta":{"footnotes":""},"yoast_head":"<!-- This site is optimized with the Yoast SEO Premium plugin v22.1 (Yoast SEO v22.1) - https:\/\/yoast.com\/wordpress\/plugins\/seo\/ -->\n<title>CURRICULUM - Halkla \u0130li\u015fkiler ve Reklamc\u0131l\u0131k<\/title>\n<meta name=\"robots\" content=\"index, follow, max-snippet:-1, max-image-preview:large, max-video-preview:-1\" \/>\n<link rel=\"canonical\" href=\"https:\/\/ticaret.edu.tr\/halkla-iliskiler-ve-reklamcilik\/en\/curriculum\/\" \/>\n<meta property=\"og:locale\" content=\"tr_TR\" \/>\n<meta property=\"og:type\" content=\"article\" \/>\n<meta property=\"og:title\" content=\"CURRICULUM\" \/>\n<meta property=\"og:description\" content=\"2025-2026 Curriculum for the Academic Year\u00a0 2024-2025 Curriculum for the Academic Year\u00a0 2023-2024 Curriculum for the Academic Year\u00a0 2022-2023 Curriculum for the Academic Year 2021-2022 Curriculum for the Academic Year\u00a0 2020-2021 Curriculum for the Academic Year\u00a0 2019-2020 Curriculum for the Academic Year\u00a0 2018-2019 Curriculum for the Academic Year\u00a0 2017-2018 Curriculum for the Academic Year\u00a0 2016-2017 [&hellip;]\" \/>\n<meta property=\"og:url\" content=\"https:\/\/ticaret.edu.tr\/halkla-iliskiler-ve-reklamcilik\/en\/curriculum\/\" \/>\n<meta property=\"og:site_name\" content=\"Halkla \u0130li\u015fkiler ve Reklamc\u0131l\u0131k\" \/>\n<meta property=\"article:publisher\" content=\"https:\/\/www.facebook.com\/ticaretedutr\" \/>\n<meta property=\"article:modified_time\" content=\"2026-02-06T05:50:45+00:00\" \/>\n<meta property=\"og:image\" content=\"http:\/\/ticaret.edu.tr\/halkla-iliskiler-ve-reklamcilik\/wp-content\/uploads\/sites\/13\/2021\/11\/web_logo-01.jpg\" \/>\n\t<meta property=\"og:image:width\" content=\"1250\" \/>\n\t<meta property=\"og:image:height\" content=\"833\" \/>\n\t<meta property=\"og:image:type\" content=\"image\/jpeg\" \/>\n<meta name=\"twitter:card\" content=\"summary_large_image\" \/>\n<meta name=\"twitter:site\" content=\"@ticaretedutr\" \/>\n<meta name=\"twitter:label1\" content=\"Tahmini okuma s\u00fcresi\" \/>\n\t<meta name=\"twitter:data1\" content=\"1 dakika\" \/>\n<script type=\"application\/ld+json\" class=\"yoast-schema-graph\">{\"@context\":\"https:\/\/schema.org\",\"@graph\":[{\"@type\":\"WebPage\",\"@id\":\"https:\/\/ticaret.edu.tr\/halkla-iliskiler-ve-reklamcilik\/en\/curriculum\/\",\"url\":\"https:\/\/ticaret.edu.tr\/halkla-iliskiler-ve-reklamcilik\/en\/curriculum\/\",\"name\":\"CURRICULUM - Halkla \u0130li\u015fkiler ve Reklamc\u0131l\u0131k\",\"isPartOf\":{\"@id\":\"https:\/\/ticaret.edu.tr\/halkla-iliskiler-ve-reklamcilik\/en\/#website\"},\"datePublished\":\"2022-01-04T12:55:56+00:00\",\"dateModified\":\"2026-02-06T05:50:45+00:00\",\"breadcrumb\":{\"@id\":\"https:\/\/ticaret.edu.tr\/halkla-iliskiler-ve-reklamcilik\/en\/curriculum\/#breadcrumb\"},\"inLanguage\":\"tr\",\"potentialAction\":[{\"@type\":\"ReadAction\",\"target\":[\"https:\/\/ticaret.edu.tr\/halkla-iliskiler-ve-reklamcilik\/en\/curriculum\/\"]}]},{\"@type\":\"BreadcrumbList\",\"@id\":\"https:\/\/ticaret.edu.tr\/halkla-iliskiler-ve-reklamcilik\/en\/curriculum\/#breadcrumb\",\"itemListElement\":[{\"@type\":\"ListItem\",\"position\":1,\"name\":\"Ana sayfa\",\"item\":\"https:\/\/ticaret.edu.tr\/halkla-iliskiler-ve-reklamcilik\/\"},{\"@type\":\"ListItem\",\"position\":2,\"name\":\"CURRICULUM\"}]},{\"@type\":\"WebSite\",\"@id\":\"https:\/\/ticaret.edu.tr\/halkla-iliskiler-ve-reklamcilik\/en\/#website\",\"url\":\"https:\/\/ticaret.edu.tr\/halkla-iliskiler-ve-reklamcilik\/en\/\",\"name\":\"Halkla \u0130li\u015fkiler ve Reklamc\u0131l\u0131k\",\"description\":\"\",\"potentialAction\":[{\"@type\":\"SearchAction\",\"target\":{\"@type\":\"EntryPoint\",\"urlTemplate\":\"https:\/\/ticaret.edu.tr\/halkla-iliskiler-ve-reklamcilik\/en\/?s={search_term_string}\"},\"query-input\":\"required name=search_term_string\"}],\"inLanguage\":\"tr\"}]}<\/script>\n<!-- \/ Yoast SEO Premium plugin. -->","yoast_head_json":{"title":"CURRICULUM - Halkla \u0130li\u015fkiler ve Reklamc\u0131l\u0131k","robots":{"index":"index","follow":"follow","max-snippet":"max-snippet:-1","max-image-preview":"max-image-preview:large","max-video-preview":"max-video-preview:-1"},"canonical":"https:\/\/ticaret.edu.tr\/halkla-iliskiler-ve-reklamcilik\/en\/curriculum\/","og_locale":"tr_TR","og_type":"article","og_title":"CURRICULUM","og_description":"2025-2026 Curriculum for the Academic Year\u00a0 2024-2025 Curriculum for the Academic Year\u00a0 2023-2024 Curriculum for the Academic Year\u00a0 2022-2023 Curriculum for the Academic Year 2021-2022 Curriculum for the Academic Year\u00a0 2020-2021 Curriculum for the Academic Year\u00a0 2019-2020 Curriculum for the Academic Year\u00a0 2018-2019 Curriculum for the Academic Year\u00a0 2017-2018 Curriculum for the Academic Year\u00a0 2016-2017 [&hellip;]","og_url":"https:\/\/ticaret.edu.tr\/halkla-iliskiler-ve-reklamcilik\/en\/curriculum\/","og_site_name":"Halkla \u0130li\u015fkiler ve Reklamc\u0131l\u0131k","article_publisher":"https:\/\/www.facebook.com\/ticaretedutr","article_modified_time":"2026-02-06T05:50:45+00:00","og_image":[{"width":1250,"height":833,"url":"http:\/\/ticaret.edu.tr\/halkla-iliskiler-ve-reklamcilik\/wp-content\/uploads\/sites\/13\/2021\/11\/web_logo-01.jpg","type":"image\/jpeg"}],"twitter_card":"summary_large_image","twitter_site":"@ticaretedutr","twitter_misc":{"Tahmini okuma s\u00fcresi":"1 dakika"},"schema":{"@context":"https:\/\/schema.org","@graph":[{"@type":"WebPage","@id":"https:\/\/ticaret.edu.tr\/halkla-iliskiler-ve-reklamcilik\/en\/curriculum\/","url":"https:\/\/ticaret.edu.tr\/halkla-iliskiler-ve-reklamcilik\/en\/curriculum\/","name":"CURRICULUM - Halkla \u0130li\u015fkiler ve Reklamc\u0131l\u0131k","isPartOf":{"@id":"https:\/\/ticaret.edu.tr\/halkla-iliskiler-ve-reklamcilik\/en\/#website"},"datePublished":"2022-01-04T12:55:56+00:00","dateModified":"2026-02-06T05:50:45+00:00","breadcrumb":{"@id":"https:\/\/ticaret.edu.tr\/halkla-iliskiler-ve-reklamcilik\/en\/curriculum\/#breadcrumb"},"inLanguage":"tr","potentialAction":[{"@type":"ReadAction","target":["https:\/\/ticaret.edu.tr\/halkla-iliskiler-ve-reklamcilik\/en\/curriculum\/"]}]},{"@type":"BreadcrumbList","@id":"https:\/\/ticaret.edu.tr\/halkla-iliskiler-ve-reklamcilik\/en\/curriculum\/#breadcrumb","itemListElement":[{"@type":"ListItem","position":1,"name":"Ana sayfa","item":"https:\/\/ticaret.edu.tr\/halkla-iliskiler-ve-reklamcilik\/"},{"@type":"ListItem","position":2,"name":"CURRICULUM"}]},{"@type":"WebSite","@id":"https:\/\/ticaret.edu.tr\/halkla-iliskiler-ve-reklamcilik\/en\/#website","url":"https:\/\/ticaret.edu.tr\/halkla-iliskiler-ve-reklamcilik\/en\/","name":"Halkla \u0130li\u015fkiler ve Reklamc\u0131l\u0131k","description":"","potentialAction":[{"@type":"SearchAction","target":{"@type":"EntryPoint","urlTemplate":"https:\/\/ticaret.edu.tr\/halkla-iliskiler-ve-reklamcilik\/en\/?s={search_term_string}"},"query-input":"required name=search_term_string"}],"inLanguage":"tr"}]}},"lang":"en","translations":{"en":628,"tr":8},"pll_sync_post":[],"_links":{"self":[{"href":"http:\/\/ticaret.edu.tr\/halkla-iliskiler-ve-reklamcilik\/wp-json\/wp\/v2\/pages\/628"}],"collection":[{"href":"http:\/\/ticaret.edu.tr\/halkla-iliskiler-ve-reklamcilik\/wp-json\/wp\/v2\/pages"}],"about":[{"href":"http:\/\/ticaret.edu.tr\/halkla-iliskiler-ve-reklamcilik\/wp-json\/wp\/v2\/types\/page"}],"author":[{"embeddable":true,"href":"http:\/\/ticaret.edu.tr\/halkla-iliskiler-ve-reklamcilik\/wp-json\/wp\/v2\/users\/149"}],"replies":[{"embeddable":true,"href":"http:\/\/ticaret.edu.tr\/halkla-iliskiler-ve-reklamcilik\/wp-json\/wp\/v2\/comments?post=628"}],"version-history":[{"count":4,"href":"http:\/\/ticaret.edu.tr\/halkla-iliskiler-ve-reklamcilik\/wp-json\/wp\/v2\/pages\/628\/revisions"}],"predecessor-version":[{"id":2692,"href":"http:\/\/ticaret.edu.tr\/halkla-iliskiler-ve-reklamcilik\/wp-json\/wp\/v2\/pages\/628\/revisions\/2692"}],"wp:attachment":[{"href":"http:\/\/ticaret.edu.tr\/halkla-iliskiler-ve-reklamcilik\/wp-json\/wp\/v2\/media?parent=628"}],"curies":[{"name":"wp","href":"https:\/\/api.w.org\/{rel}","templated":true}]}}