{"id":8,"date":"2020-05-03T12:06:13","date_gmt":"2020-05-03T09:06:13","guid":{"rendered":"http:\/\/ticaret.edu.tr\/hir\/?page_id=8"},"modified":"2025-10-23T20:27:59","modified_gmt":"2025-10-23T17:27:59","slug":"mufredat","status":"publish","type":"page","link":"http:\/\/ticaret.edu.tr\/halkla-iliskiler-ve-reklamcilik\/mufredat\/","title":{"rendered":"M\u00fcfredat"},"content":{"rendered":"<p><a href=\"http:\/\/ticaret.edu.tr\/halkla-iliskiler-ve-reklamcilik\/wp-content\/uploads\/sites\/13\/2025\/10\/2025-2026-Akademik-Yili-Halkla-iliskiler-ve-Rekalcilik-Bolumu-Mufredati.pdf\">2025-2026 E\u011fitim \u00d6\u011fretim Y\u0131l\u0131 M\u00fcfredat\u0131<\/a><\/p>\n<p><a href=\"http:\/\/ticaret.edu.tr\/halkla-iliskiler-ve-reklamcilik\/wp-content\/uploads\/sites\/13\/2024\/11\/Halkla-Iliskiler-ve-Rekalmcilik-2024-2025-Akademik-Yil-Mufredati.pdf\">2024-2025 E\u011fitim \u00d6\u011fretim Y\u0131l\u0131 M\u00fcfredat\u0131<\/a><\/p>\n<p><a href=\"http:\/\/ticaret.edu.tr\/halkla-iliskiler-ve-reklamcilik\/wp-content\/uploads\/sites\/13\/2023\/09\/Kurul-Onayi_HIRE-27EYLUL-2023-Mufredat-ve-Intibak.pdf\">2023-2024 E\u011fitim \u00d6\u011fretim Y\u0131l\u0131 M\u00fcfredat\u0131<\/a><\/p>\n<p><a href=\"http:\/\/ticaret.edu.tr\/halkla-iliskiler-ve-reklamcilik\/wp-content\/uploads\/sites\/13\/2023\/02\/Muhurlu_Halkla-iliskiler-ve-Reklamcilik-Bolumu-2022-2023-Akademik-Yili-Mufredat.pdf\">2022-2023 E\u011fitim \u00d6\u011fretim Y\u0131l\u0131 M\u00fcfredat\u0131<\/a><\/p>\n<p><a href=\"http:\/\/ticaret.edu.tr\/halkla-iliskiler-ve-reklamcilik\/wp-content\/uploads\/sites\/13\/2022\/09\/2021-2022-2.pdf\">2021-2022 E\u011fitim \u00d6\u011fretim Y\u0131l\u0131 M\u00fcfredat\u0131<\/a><\/p>\n<p><a class=\"formLinki\" href=\"http:\/\/ticaret.edu.tr\/halkla-iliskiler-ve-reklamcilik\/wp-content\/uploads\/sites\/13\/2022\/09\/2020-2021.pdf\">2020-2021 E\u011fitim \u00d6\u011fretim Y\u0131l\u0131 M\u00fcfredat\u0131<\/a><\/p>\n<p><a class=\"formLinki\" href=\"\/hir\/wp-content\/uploads\/sites\/13\/2021\/04\/201989162216104.pdf\">2019-2020 E\u011fitim \u00d6\u011fretim Y\u0131l\u0131 M\u00fcfredat\u0131<\/a><\/p>\n<p><a class=\"formLinki\" href=\"\/hir\/wp-content\/uploads\/sites\/13\/2021\/04\/2019815103343119.pdf\">2018-2019 E\u011fitim \u00d6\u011fretim Y\u0131l\u0131 M\u00fcfredat\u0131<\/a><\/p>\n<p><a class=\"formLinki\" href=\"\/hir\/wp-content\/uploads\/sites\/13\/2021\/04\/2019815103433120.pdf\">2017-2018 E\u011fitim \u00d6\u011fretim Y\u0131l\u0131 M\u00fcfredat\u0131<\/a><\/p>\n<p><a class=\"formLinki\" href=\"\/hir\/wp-content\/uploads\/sites\/13\/2021\/04\/2019815103459121.pdf\">2016-2017 E\u011fitim \u00d6\u011fretim Y\u0131l\u0131 M\u00fcfredat\u0131<\/a><\/p>\n","protected":false},"excerpt":{"rendered":"<p>2025-2026 E\u011fitim \u00d6\u011fretim Y\u0131l\u0131 M\u00fcfredat\u0131 2024-2025 E\u011fitim \u00d6\u011fretim Y\u0131l\u0131 M\u00fcfredat\u0131 2023-2024 E\u011fitim \u00d6\u011fretim Y\u0131l\u0131 M\u00fcfredat\u0131 2022-2023 E\u011fitim \u00d6\u011fretim Y\u0131l\u0131 M\u00fcfredat\u0131 2021-2022 E\u011fitim \u00d6\u011fretim Y\u0131l\u0131 M\u00fcfredat\u0131 2020-2021 E\u011fitim \u00d6\u011fretim Y\u0131l\u0131 M\u00fcfredat\u0131 2019-2020 E\u011fitim \u00d6\u011fretim Y\u0131l\u0131 M\u00fcfredat\u0131 2018-2019 E\u011fitim \u00d6\u011fretim Y\u0131l\u0131 M\u00fcfredat\u0131 2017-2018 E\u011fitim \u00d6\u011fretim Y\u0131l\u0131 M\u00fcfredat\u0131 2016-2017 E\u011fitim \u00d6\u011fretim Y\u0131l\u0131 M\u00fcfredat\u0131<\/p>\n","protected":false},"author":1,"featured_media":0,"parent":0,"menu_order":0,"comment_status":"closed","ping_status":"closed","template":"genel_sayfa.php","meta":{"footnotes":""},"yoast_head":"<!-- This site is optimized with the Yoast SEO Premium plugin v22.1 (Yoast SEO v22.1) - https:\/\/yoast.com\/wordpress\/plugins\/seo\/ -->\n<title>M\u00fcfredat - Halkla \u0130li\u015fkiler ve Reklamc\u0131l\u0131k<\/title>\n<meta name=\"robots\" content=\"index, follow, max-snippet:-1, max-image-preview:large, max-video-preview:-1\" \/>\n<link rel=\"canonical\" href=\"http:\/\/ticaret.edu.tr\/halkla-iliskiler-ve-reklamcilik\/mufredat\/\" \/>\n<meta property=\"og:locale\" content=\"tr_TR\" \/>\n<meta property=\"og:type\" content=\"article\" \/>\n<meta property=\"og:title\" content=\"M\u00fcfredat\" \/>\n<meta property=\"og:description\" content=\"2025-2026 E\u011fitim \u00d6\u011fretim Y\u0131l\u0131 M\u00fcfredat\u0131 2024-2025 E\u011fitim \u00d6\u011fretim Y\u0131l\u0131 M\u00fcfredat\u0131 2023-2024 E\u011fitim \u00d6\u011fretim Y\u0131l\u0131 M\u00fcfredat\u0131 2022-2023 E\u011fitim \u00d6\u011fretim Y\u0131l\u0131 M\u00fcfredat\u0131 2021-2022 E\u011fitim \u00d6\u011fretim Y\u0131l\u0131 M\u00fcfredat\u0131 2020-2021 E\u011fitim \u00d6\u011fretim Y\u0131l\u0131 M\u00fcfredat\u0131 2019-2020 E\u011fitim \u00d6\u011fretim Y\u0131l\u0131 M\u00fcfredat\u0131 2018-2019 E\u011fitim \u00d6\u011fretim Y\u0131l\u0131 M\u00fcfredat\u0131 2017-2018 E\u011fitim \u00d6\u011fretim Y\u0131l\u0131 M\u00fcfredat\u0131 2016-2017 E\u011fitim \u00d6\u011fretim Y\u0131l\u0131 M\u00fcfredat\u0131\" \/>\n<meta property=\"og:url\" content=\"http:\/\/ticaret.edu.tr\/halkla-iliskiler-ve-reklamcilik\/mufredat\/\" \/>\n<meta property=\"og:site_name\" content=\"Halkla \u0130li\u015fkiler ve Reklamc\u0131l\u0131k\" \/>\n<meta property=\"article:publisher\" content=\"https:\/\/www.facebook.com\/ticaretedutr\" \/>\n<meta property=\"article:modified_time\" content=\"2025-10-23T17:27:59+00:00\" \/>\n<meta property=\"og:image\" content=\"http:\/\/ticaret.edu.tr\/halkla-iliskiler-ve-reklamcilik\/wp-content\/uploads\/sites\/13\/2021\/11\/web_logo-01.jpg\" \/>\n\t<meta property=\"og:image:width\" content=\"1250\" \/>\n\t<meta property=\"og:image:height\" content=\"833\" \/>\n\t<meta property=\"og:image:type\" content=\"image\/jpeg\" \/>\n<meta name=\"twitter:card\" content=\"summary_large_image\" \/>\n<meta name=\"twitter:site\" content=\"@ticaretedutr\" \/>\n<meta name=\"twitter:label1\" content=\"Tahmini okuma s\u00fcresi\" \/>\n\t<meta name=\"twitter:data1\" content=\"1 dakika\" \/>\n<script type=\"application\/ld+json\" class=\"yoast-schema-graph\">{\"@context\":\"https:\/\/schema.org\",\"@graph\":[{\"@type\":\"WebPage\",\"@id\":\"http:\/\/ticaret.edu.tr\/halkla-iliskiler-ve-reklamcilik\/mufredat\/\",\"url\":\"http:\/\/ticaret.edu.tr\/halkla-iliskiler-ve-reklamcilik\/mufredat\/\",\"name\":\"M\u00fcfredat - Halkla \u0130li\u015fkiler ve Reklamc\u0131l\u0131k\",\"isPartOf\":{\"@id\":\"https:\/\/ticaret.edu.tr\/halkla-iliskiler-ve-reklamcilik\/en\/#website\"},\"datePublished\":\"2020-05-03T09:06:13+00:00\",\"dateModified\":\"2025-10-23T17:27:59+00:00\",\"breadcrumb\":{\"@id\":\"http:\/\/ticaret.edu.tr\/halkla-iliskiler-ve-reklamcilik\/mufredat\/#breadcrumb\"},\"inLanguage\":\"tr\",\"potentialAction\":[{\"@type\":\"ReadAction\",\"target\":[\"http:\/\/ticaret.edu.tr\/halkla-iliskiler-ve-reklamcilik\/mufredat\/\"]}]},{\"@type\":\"BreadcrumbList\",\"@id\":\"http:\/\/ticaret.edu.tr\/halkla-iliskiler-ve-reklamcilik\/mufredat\/#breadcrumb\",\"itemListElement\":[{\"@type\":\"ListItem\",\"position\":1,\"name\":\"Ana sayfa\",\"item\":\"https:\/\/ticaret.edu.tr\/halkla-iliskiler-ve-reklamcilik\/\"},{\"@type\":\"ListItem\",\"position\":2,\"name\":\"M\u00fcfredat\"}]},{\"@type\":\"WebSite\",\"@id\":\"https:\/\/ticaret.edu.tr\/halkla-iliskiler-ve-reklamcilik\/en\/#website\",\"url\":\"https:\/\/ticaret.edu.tr\/halkla-iliskiler-ve-reklamcilik\/en\/\",\"name\":\"Halkla \u0130li\u015fkiler ve Reklamc\u0131l\u0131k\",\"description\":\"\",\"potentialAction\":[{\"@type\":\"SearchAction\",\"target\":{\"@type\":\"EntryPoint\",\"urlTemplate\":\"https:\/\/ticaret.edu.tr\/halkla-iliskiler-ve-reklamcilik\/en\/?s={search_term_string}\"},\"query-input\":\"required name=search_term_string\"}],\"inLanguage\":\"tr\"}]}<\/script>\n<!-- \/ Yoast SEO Premium plugin. -->","yoast_head_json":{"title":"M\u00fcfredat - Halkla \u0130li\u015fkiler ve Reklamc\u0131l\u0131k","robots":{"index":"index","follow":"follow","max-snippet":"max-snippet:-1","max-image-preview":"max-image-preview:large","max-video-preview":"max-video-preview:-1"},"canonical":"http:\/\/ticaret.edu.tr\/halkla-iliskiler-ve-reklamcilik\/mufredat\/","og_locale":"tr_TR","og_type":"article","og_title":"M\u00fcfredat","og_description":"2025-2026 E\u011fitim \u00d6\u011fretim Y\u0131l\u0131 M\u00fcfredat\u0131 2024-2025 E\u011fitim \u00d6\u011fretim Y\u0131l\u0131 M\u00fcfredat\u0131 2023-2024 E\u011fitim \u00d6\u011fretim Y\u0131l\u0131 M\u00fcfredat\u0131 2022-2023 E\u011fitim \u00d6\u011fretim Y\u0131l\u0131 M\u00fcfredat\u0131 2021-2022 E\u011fitim \u00d6\u011fretim Y\u0131l\u0131 M\u00fcfredat\u0131 2020-2021 E\u011fitim \u00d6\u011fretim Y\u0131l\u0131 M\u00fcfredat\u0131 2019-2020 E\u011fitim \u00d6\u011fretim Y\u0131l\u0131 M\u00fcfredat\u0131 2018-2019 E\u011fitim \u00d6\u011fretim Y\u0131l\u0131 M\u00fcfredat\u0131 2017-2018 E\u011fitim \u00d6\u011fretim Y\u0131l\u0131 M\u00fcfredat\u0131 2016-2017 E\u011fitim \u00d6\u011fretim Y\u0131l\u0131 M\u00fcfredat\u0131","og_url":"http:\/\/ticaret.edu.tr\/halkla-iliskiler-ve-reklamcilik\/mufredat\/","og_site_name":"Halkla \u0130li\u015fkiler ve Reklamc\u0131l\u0131k","article_publisher":"https:\/\/www.facebook.com\/ticaretedutr","article_modified_time":"2025-10-23T17:27:59+00:00","og_image":[{"width":1250,"height":833,"url":"http:\/\/ticaret.edu.tr\/halkla-iliskiler-ve-reklamcilik\/wp-content\/uploads\/sites\/13\/2021\/11\/web_logo-01.jpg","type":"image\/jpeg"}],"twitter_card":"summary_large_image","twitter_site":"@ticaretedutr","twitter_misc":{"Tahmini okuma s\u00fcresi":"1 dakika"},"schema":{"@context":"https:\/\/schema.org","@graph":[{"@type":"WebPage","@id":"http:\/\/ticaret.edu.tr\/halkla-iliskiler-ve-reklamcilik\/mufredat\/","url":"http:\/\/ticaret.edu.tr\/halkla-iliskiler-ve-reklamcilik\/mufredat\/","name":"M\u00fcfredat - Halkla \u0130li\u015fkiler ve Reklamc\u0131l\u0131k","isPartOf":{"@id":"https:\/\/ticaret.edu.tr\/halkla-iliskiler-ve-reklamcilik\/en\/#website"},"datePublished":"2020-05-03T09:06:13+00:00","dateModified":"2025-10-23T17:27:59+00:00","breadcrumb":{"@id":"http:\/\/ticaret.edu.tr\/halkla-iliskiler-ve-reklamcilik\/mufredat\/#breadcrumb"},"inLanguage":"tr","potentialAction":[{"@type":"ReadAction","target":["http:\/\/ticaret.edu.tr\/halkla-iliskiler-ve-reklamcilik\/mufredat\/"]}]},{"@type":"BreadcrumbList","@id":"http:\/\/ticaret.edu.tr\/halkla-iliskiler-ve-reklamcilik\/mufredat\/#breadcrumb","itemListElement":[{"@type":"ListItem","position":1,"name":"Ana sayfa","item":"https:\/\/ticaret.edu.tr\/halkla-iliskiler-ve-reklamcilik\/"},{"@type":"ListItem","position":2,"name":"M\u00fcfredat"}]},{"@type":"WebSite","@id":"https:\/\/ticaret.edu.tr\/halkla-iliskiler-ve-reklamcilik\/en\/#website","url":"https:\/\/ticaret.edu.tr\/halkla-iliskiler-ve-reklamcilik\/en\/","name":"Halkla \u0130li\u015fkiler ve Reklamc\u0131l\u0131k","description":"","potentialAction":[{"@type":"SearchAction","target":{"@type":"EntryPoint","urlTemplate":"https:\/\/ticaret.edu.tr\/halkla-iliskiler-ve-reklamcilik\/en\/?s={search_term_string}"},"query-input":"required name=search_term_string"}],"inLanguage":"tr"}]}},"lang":"tr","translations":{"en":628,"tr":8},"pll_sync_post":[],"_links":{"self":[{"href":"http:\/\/ticaret.edu.tr\/halkla-iliskiler-ve-reklamcilik\/wp-json\/wp\/v2\/pages\/8"}],"collection":[{"href":"http:\/\/ticaret.edu.tr\/halkla-iliskiler-ve-reklamcilik\/wp-json\/wp\/v2\/pages"}],"about":[{"href":"http:\/\/ticaret.edu.tr\/halkla-iliskiler-ve-reklamcilik\/wp-json\/wp\/v2\/types\/page"}],"author":[{"embeddable":true,"href":"http:\/\/ticaret.edu.tr\/halkla-iliskiler-ve-reklamcilik\/wp-json\/wp\/v2\/users\/1"}],"replies":[{"embeddable":true,"href":"http:\/\/ticaret.edu.tr\/halkla-iliskiler-ve-reklamcilik\/wp-json\/wp\/v2\/comments?post=8"}],"version-history":[{"count":16,"href":"http:\/\/ticaret.edu.tr\/halkla-iliskiler-ve-reklamcilik\/wp-json\/wp\/v2\/pages\/8\/revisions"}],"predecessor-version":[{"id":2561,"href":"http:\/\/ticaret.edu.tr\/halkla-iliskiler-ve-reklamcilik\/wp-json\/wp\/v2\/pages\/8\/revisions\/2561"}],"wp:attachment":[{"href":"http:\/\/ticaret.edu.tr\/halkla-iliskiler-ve-reklamcilik\/wp-json\/wp\/v2\/media?parent=8"}],"curies":[{"name":"wp","href":"https:\/\/api.w.org\/{rel}","templated":true}]}}