{"id":1167,"date":"2025-01-26T14:44:18","date_gmt":"2025-01-26T11:44:18","guid":{"rendered":"https:\/\/ticaret.edu.tr\/havacilik-yonetimi\/?page_id=1167"},"modified":"2025-03-27T14:52:23","modified_gmt":"2025-03-27T11:52:23","slug":"giris-yazisi","status":"publish","type":"page","link":"http:\/\/ticaret.edu.tr\/havacilik-yonetimi\/giris-yazisi\/","title":{"rendered":"Giri\u015f Yaz\u0131s\u0131"},"content":{"rendered":"<p><img loading=\"lazy\" decoding=\"async\" class=\"alignnone  wp-image-773\" src=\"http:\/\/ticaret.edu.tr\/havacilik-yonetimi\/wp-content\/uploads\/sites\/10\/2024\/04\/Resim1-4.jpg\" alt=\"\" width=\"870\" height=\"580\" srcset=\"http:\/\/ticaret.edu.tr\/havacilik-yonetimi\/wp-content\/uploads\/sites\/10\/2024\/04\/Resim1-4.jpg 1364w, http:\/\/ticaret.edu.tr\/havacilik-yonetimi\/wp-content\/uploads\/sites\/10\/2024\/04\/Resim1-4-300x200.jpg 300w, http:\/\/ticaret.edu.tr\/havacilik-yonetimi\/wp-content\/uploads\/sites\/10\/2024\/04\/Resim1-4-1024x682.jpg 1024w, http:\/\/ticaret.edu.tr\/havacilik-yonetimi\/wp-content\/uploads\/sites\/10\/2024\/04\/Resim1-4-768x512.jpg 768w\" sizes=\"(max-width: 870px) 100vw, 870px\" \/><\/p>\n<div><strong>Havac\u0131l\u0131k Y\u00f6netimi<\/strong> B\u00f6l\u00fcm\u00fc \u0130\u015fletme Fak\u00fcltesinde d\u00f6rt y\u0131ll\u0131k lisans e\u011fitimi vermektedir. E\u011fitim dili T\u00fcrk\u00e7edir. Lisans e\u011fitimi S\u00fctl\u00fcce yerle\u015fkesinde ger\u00e7ekle\u015ftirilmektedir. \u00dclkemizde hava trafi\u011finde ve ta\u015f\u0131nan yolcu say\u0131s\u0131ndaki art\u0131\u015f, hava ula\u015ft\u0131rma sekt\u00f6r\u00fcne olan ilgi ve talebi de beraberinde getirmi\u015ftir. Hava ula\u015ft\u0131rma sekt\u00f6r\u00fc bu geli\u015fmelere paralel olarak, nitelikli insan g\u00fcc\u00fcne daha \u00e7ok ihtiya\u00e7 duymaya ba\u015flam\u0131\u015ft\u0131r. Sekt\u00f6r\u00fcn gereksinim duydu\u011fu personelin aranan niteliklerinde de de\u011fi\u015fim ve farkl\u0131la\u015fmalar nedeni ile yo\u011fun \u0130ngilizce ile desteklenmi\u015f, somut alan becerilerinin kazand\u0131r\u0131lmas\u0131 anlay\u0131\u015f\u0131na sahip, staj ve i\u015fyeri e\u011fitimi ile bilgi, beceri ve yetkinliklerin sentezine olanak tan\u0131yan g\u00fc\u00e7l\u00fc bir e\u011fitim m\u00fcfredat\u0131 olu\u015fturulmu\u015ftur.<\/div>\n<div><\/div>\n<div>Havac\u0131l\u0131k sekt\u00f6r\u00fcn\u00fcn uluslararas\u0131 niteli\u011fi ve sekt\u00f6rde yabanc\u0131 dilin \u00f6nemli olmas\u0131 nedeniyle, programda her yar\u0131y\u0131l verilen \u0130ngilizce dersler ile \u00f6\u011frencilerin sekt\u00f6re h\u0131zl\u0131 bir \u015fekilde girmeleri ve kurumlar\u0131na kolay uyum g\u00f6stermeleri ama\u00e7lanmaktad\u0131r.<\/div>\n<div><\/div>\n<div>Havac\u0131l\u0131k y\u00f6netimi d\u00f6rt y\u0131ll\u0131k lisans program\u0131 ile havac\u0131l\u0131k sekt\u00f6r\u00fcnde faaliyet g\u00f6steren havayolu, havaalan\u0131 ve di\u011fer havac\u0131l\u0131k i\u015fletmelerinde sekt\u00f6re y\u00f6nelik temel bilgi ve becerilerle donanm\u0131\u015f bireylerin yeti\u015ftirilmesi ama\u00e7lanmaktad\u0131r. Mezun olan \u00f6\u011frencilerimiz T\u00fcrk Hava Yollar\u0131nda, TGS Yer Hizmetleri \u015eirketleri\u2019nde, Hava\u015f, Turkish DOCO, \u00c7elebi Ground Handling, TAV ve di\u011fer \u00f6zel havayolu ile hava kargo \u015firketlerinde uzman ve profesyonel y\u00f6netici olarak \u00e7al\u0131\u015fabilmektedirler.<\/div>\n<div><\/div>\n<div><strong>\u0130stanbul Ticaret \u00dcniversitesi Havac\u0131l\u0131k Y\u00f6netimi B\u00f6l\u00fcm\u00fc;<\/strong> g\u00fc\u00e7l\u00fc ve havac\u0131l\u0131k alan\u0131ndan akademik kadrosu, etkin Sivil Havac\u0131l\u0131k Toplulu\u011fu, sekt\u00f6rle uyumlu m\u00fcfredat\u0131, akreditasyon \u00e7al\u0131\u015fmalar\u0131, ger\u00e7ekle\u015ftirilen sekt\u00f6rel protokoller ile havac\u0131l\u0131k e\u011fitimi veren \u00fcniversiteler aras\u0131nda \u00f6nc\u00fc konumda bulunmaktad\u0131r.<\/div>\n<div><\/div>\n<div><\/div>\n<div><strong>Dr. \u00d6\u011fr. \u00dcyesi Tuncel \u00d6Z<\/strong><\/div>\n<div><strong>B\u00f6l\u00fcm Ba\u015fkan\u0131<\/strong><\/div>\n","protected":false},"excerpt":{"rendered":"<p>Havac\u0131l\u0131k Y\u00f6netimi B\u00f6l\u00fcm\u00fc \u0130\u015fletme Fak\u00fcltesinde d\u00f6rt y\u0131ll\u0131k lisans e\u011fitimi vermektedir. E\u011fitim dili T\u00fcrk\u00e7edir. Lisans e\u011fitimi S\u00fctl\u00fcce yerle\u015fkesinde ger\u00e7ekle\u015ftirilmektedir. \u00dclkemizde hava trafi\u011finde ve ta\u015f\u0131nan yolcu say\u0131s\u0131ndaki art\u0131\u015f, hava ula\u015ft\u0131rma sekt\u00f6r\u00fcne olan ilgi ve talebi de beraberinde getirmi\u015ftir. Hava ula\u015ft\u0131rma sekt\u00f6r\u00fc bu geli\u015fmelere paralel olarak, nitelikli insan g\u00fcc\u00fcne daha \u00e7ok ihtiya\u00e7 duymaya ba\u015flam\u0131\u015ft\u0131r. Sekt\u00f6r\u00fcn gereksinim duydu\u011fu personelin [&hellip;]<\/p>\n","protected":false},"author":216,"featured_media":0,"parent":0,"menu_order":0,"comment_status":"closed","ping_status":"closed","template":"genel_sayfa.php","meta":{"footnotes":""},"yoast_head":"<!-- This site is optimized with the Yoast SEO Premium plugin v22.1 (Yoast SEO v22.1) - https:\/\/yoast.com\/wordpress\/plugins\/seo\/ -->\n<title>Giri\u015f Yaz\u0131s\u0131 - Havac\u0131l\u0131k Y\u00f6netimi<\/title>\n<meta name=\"robots\" content=\"index, follow, max-snippet:-1, max-image-preview:large, max-video-preview:-1\" \/>\n<link rel=\"canonical\" href=\"http:\/\/ticaret.edu.tr\/havacilik-yonetimi\/giris-yazisi\/\" \/>\n<meta property=\"og:locale\" content=\"tr_TR\" \/>\n<meta property=\"og:type\" content=\"article\" \/>\n<meta property=\"og:title\" content=\"Giri\u015f Yaz\u0131s\u0131\" \/>\n<meta property=\"og:description\" content=\"Havac\u0131l\u0131k Y\u00f6netimi B\u00f6l\u00fcm\u00fc \u0130\u015fletme Fak\u00fcltesinde d\u00f6rt y\u0131ll\u0131k lisans e\u011fitimi vermektedir. E\u011fitim dili T\u00fcrk\u00e7edir. Lisans e\u011fitimi S\u00fctl\u00fcce yerle\u015fkesinde ger\u00e7ekle\u015ftirilmektedir. \u00dclkemizde hava trafi\u011finde ve ta\u015f\u0131nan yolcu say\u0131s\u0131ndaki art\u0131\u015f, hava ula\u015ft\u0131rma sekt\u00f6r\u00fcne olan ilgi ve talebi de beraberinde getirmi\u015ftir. Hava ula\u015ft\u0131rma sekt\u00f6r\u00fc bu geli\u015fmelere paralel olarak, nitelikli insan g\u00fcc\u00fcne daha \u00e7ok ihtiya\u00e7 duymaya ba\u015flam\u0131\u015ft\u0131r. Sekt\u00f6r\u00fcn gereksinim duydu\u011fu personelin [&hellip;]\" \/>\n<meta property=\"og:url\" content=\"http:\/\/ticaret.edu.tr\/havacilik-yonetimi\/giris-yazisi\/\" \/>\n<meta property=\"og:site_name\" content=\"Havac\u0131l\u0131k Y\u00f6netimi\" \/>\n<meta property=\"article:publisher\" content=\"https:\/\/www.facebook.com\/ticaretedutr\" \/>\n<meta property=\"article:modified_time\" content=\"2025-03-27T11:52:23+00:00\" \/>\n<meta property=\"og:image\" content=\"http:\/\/ticaret.edu.tr\/havacilik-yonetimi\/wp-content\/uploads\/sites\/10\/2024\/04\/Resim1-4.jpg\" \/>\n<meta name=\"twitter:card\" content=\"summary_large_image\" \/>\n<meta name=\"twitter:site\" content=\"@ticaretedutr\" \/>\n<meta name=\"twitter:label1\" content=\"Tahmini okuma s\u00fcresi\" \/>\n\t<meta name=\"twitter:data1\" content=\"2 dakika\" \/>\n<script type=\"application\/ld+json\" class=\"yoast-schema-graph\">{\"@context\":\"https:\/\/schema.org\",\"@graph\":[{\"@type\":\"WebPage\",\"@id\":\"http:\/\/ticaret.edu.tr\/havacilik-yonetimi\/giris-yazisi\/\",\"url\":\"http:\/\/ticaret.edu.tr\/havacilik-yonetimi\/giris-yazisi\/\",\"name\":\"Giri\u015f Yaz\u0131s\u0131 - Havac\u0131l\u0131k Y\u00f6netimi\",\"isPartOf\":{\"@id\":\"https:\/\/ticaret.edu.tr\/havacilik-yonetimi\/en\/#website\"},\"datePublished\":\"2025-01-26T11:44:18+00:00\",\"dateModified\":\"2025-03-27T11:52:23+00:00\",\"breadcrumb\":{\"@id\":\"http:\/\/ticaret.edu.tr\/havacilik-yonetimi\/giris-yazisi\/#breadcrumb\"},\"inLanguage\":\"tr\",\"potentialAction\":[{\"@type\":\"ReadAction\",\"target\":[\"http:\/\/ticaret.edu.tr\/havacilik-yonetimi\/giris-yazisi\/\"]}]},{\"@type\":\"BreadcrumbList\",\"@id\":\"http:\/\/ticaret.edu.tr\/havacilik-yonetimi\/giris-yazisi\/#breadcrumb\",\"itemListElement\":[{\"@type\":\"ListItem\",\"position\":1,\"name\":\"Ana sayfa\",\"item\":\"https:\/\/ticaret.edu.tr\/havacilik-yonetimi\/\"},{\"@type\":\"ListItem\",\"position\":2,\"name\":\"Giri\u015f Yaz\u0131s\u0131\"}]},{\"@type\":\"WebSite\",\"@id\":\"https:\/\/ticaret.edu.tr\/havacilik-yonetimi\/en\/#website\",\"url\":\"https:\/\/ticaret.edu.tr\/havacilik-yonetimi\/en\/\",\"name\":\"Havac\u0131l\u0131k Y\u00f6netimi\",\"description\":\"\",\"potentialAction\":[{\"@type\":\"SearchAction\",\"target\":{\"@type\":\"EntryPoint\",\"urlTemplate\":\"https:\/\/ticaret.edu.tr\/havacilik-yonetimi\/en\/?s={search_term_string}\"},\"query-input\":\"required name=search_term_string\"}],\"inLanguage\":\"tr\"}]}<\/script>\n<!-- \/ Yoast SEO Premium plugin. -->","yoast_head_json":{"title":"Giri\u015f Yaz\u0131s\u0131 - Havac\u0131l\u0131k Y\u00f6netimi","robots":{"index":"index","follow":"follow","max-snippet":"max-snippet:-1","max-image-preview":"max-image-preview:large","max-video-preview":"max-video-preview:-1"},"canonical":"http:\/\/ticaret.edu.tr\/havacilik-yonetimi\/giris-yazisi\/","og_locale":"tr_TR","og_type":"article","og_title":"Giri\u015f Yaz\u0131s\u0131","og_description":"Havac\u0131l\u0131k Y\u00f6netimi B\u00f6l\u00fcm\u00fc \u0130\u015fletme Fak\u00fcltesinde d\u00f6rt y\u0131ll\u0131k lisans e\u011fitimi vermektedir. E\u011fitim dili T\u00fcrk\u00e7edir. Lisans e\u011fitimi S\u00fctl\u00fcce yerle\u015fkesinde ger\u00e7ekle\u015ftirilmektedir. \u00dclkemizde hava trafi\u011finde ve ta\u015f\u0131nan yolcu say\u0131s\u0131ndaki art\u0131\u015f, hava ula\u015ft\u0131rma sekt\u00f6r\u00fcne olan ilgi ve talebi de beraberinde getirmi\u015ftir. Hava ula\u015ft\u0131rma sekt\u00f6r\u00fc bu geli\u015fmelere paralel olarak, nitelikli insan g\u00fcc\u00fcne daha \u00e7ok ihtiya\u00e7 duymaya ba\u015flam\u0131\u015ft\u0131r. Sekt\u00f6r\u00fcn gereksinim duydu\u011fu personelin [&hellip;]","og_url":"http:\/\/ticaret.edu.tr\/havacilik-yonetimi\/giris-yazisi\/","og_site_name":"Havac\u0131l\u0131k Y\u00f6netimi","article_publisher":"https:\/\/www.facebook.com\/ticaretedutr","article_modified_time":"2025-03-27T11:52:23+00:00","og_image":[{"url":"http:\/\/ticaret.edu.tr\/havacilik-yonetimi\/wp-content\/uploads\/sites\/10\/2024\/04\/Resim1-4.jpg"}],"twitter_card":"summary_large_image","twitter_site":"@ticaretedutr","twitter_misc":{"Tahmini okuma s\u00fcresi":"2 dakika"},"schema":{"@context":"https:\/\/schema.org","@graph":[{"@type":"WebPage","@id":"http:\/\/ticaret.edu.tr\/havacilik-yonetimi\/giris-yazisi\/","url":"http:\/\/ticaret.edu.tr\/havacilik-yonetimi\/giris-yazisi\/","name":"Giri\u015f Yaz\u0131s\u0131 - Havac\u0131l\u0131k Y\u00f6netimi","isPartOf":{"@id":"https:\/\/ticaret.edu.tr\/havacilik-yonetimi\/en\/#website"},"datePublished":"2025-01-26T11:44:18+00:00","dateModified":"2025-03-27T11:52:23+00:00","breadcrumb":{"@id":"http:\/\/ticaret.edu.tr\/havacilik-yonetimi\/giris-yazisi\/#breadcrumb"},"inLanguage":"tr","potentialAction":[{"@type":"ReadAction","target":["http:\/\/ticaret.edu.tr\/havacilik-yonetimi\/giris-yazisi\/"]}]},{"@type":"BreadcrumbList","@id":"http:\/\/ticaret.edu.tr\/havacilik-yonetimi\/giris-yazisi\/#breadcrumb","itemListElement":[{"@type":"ListItem","position":1,"name":"Ana sayfa","item":"https:\/\/ticaret.edu.tr\/havacilik-yonetimi\/"},{"@type":"ListItem","position":2,"name":"Giri\u015f Yaz\u0131s\u0131"}]},{"@type":"WebSite","@id":"https:\/\/ticaret.edu.tr\/havacilik-yonetimi\/en\/#website","url":"https:\/\/ticaret.edu.tr\/havacilik-yonetimi\/en\/","name":"Havac\u0131l\u0131k Y\u00f6netimi","description":"","potentialAction":[{"@type":"SearchAction","target":{"@type":"EntryPoint","urlTemplate":"https:\/\/ticaret.edu.tr\/havacilik-yonetimi\/en\/?s={search_term_string}"},"query-input":"required name=search_term_string"}],"inLanguage":"tr"}]}},"lang":"tr","translations":{"en":1172,"tr":1167},"pll_sync_post":[],"_links":{"self":[{"href":"http:\/\/ticaret.edu.tr\/havacilik-yonetimi\/wp-json\/wp\/v2\/pages\/1167"}],"collection":[{"href":"http:\/\/ticaret.edu.tr\/havacilik-yonetimi\/wp-json\/wp\/v2\/pages"}],"about":[{"href":"http:\/\/ticaret.edu.tr\/havacilik-yonetimi\/wp-json\/wp\/v2\/types\/page"}],"author":[{"embeddable":true,"href":"http:\/\/ticaret.edu.tr\/havacilik-yonetimi\/wp-json\/wp\/v2\/users\/216"}],"replies":[{"embeddable":true,"href":"http:\/\/ticaret.edu.tr\/havacilik-yonetimi\/wp-json\/wp\/v2\/comments?post=1167"}],"version-history":[{"count":4,"href":"http:\/\/ticaret.edu.tr\/havacilik-yonetimi\/wp-json\/wp\/v2\/pages\/1167\/revisions"}],"predecessor-version":[{"id":1593,"href":"http:\/\/ticaret.edu.tr\/havacilik-yonetimi\/wp-json\/wp\/v2\/pages\/1167\/revisions\/1593"}],"wp:attachment":[{"href":"http:\/\/ticaret.edu.tr\/havacilik-yonetimi\/wp-json\/wp\/v2\/media?parent=1167"}],"curies":[{"name":"wp","href":"https:\/\/api.w.org\/{rel}","templated":true}]}}