{"id":1174,"date":"2025-01-26T14:48:06","date_gmt":"2025-01-26T11:48:06","guid":{"rendered":"https:\/\/ticaret.edu.tr\/havacilik-yonetimi\/?page_id=1174"},"modified":"2025-03-27T15:19:53","modified_gmt":"2025-03-27T12:19:53","slug":"aday-ogrenci","status":"publish","type":"page","link":"http:\/\/ticaret.edu.tr\/havacilik-yonetimi\/aday-ogrenci\/","title":{"rendered":"Aday \u00d6\u011frenci"},"content":{"rendered":"<p style=\"text-align: left\">\u0130stanbul Ticaret \u00dcniversitesi, giri\u015fimci bir ara\u015ft\u0131rma \u00fcniversitesi olarak d\u00fcnyan\u0131n problemlerine \u00e7\u00f6z\u00fcm sunarken, d\u00f6n\u00fc\u015ft\u00fcr\u00fcc\u00fc \u00f6\u011frenci deneyimi ile akademik, sosyal ve k\u00fclt\u00fcrel geli\u015fim deste\u011fi sa\u011fl\u0131yor. Yeni ufuklar a\u00e7an, sundu\u011fu olanaklarla \u00f6\u011frencilerinin yetkinliklerini ke\u015ffetmesini sa\u011flayan kapsaml\u0131 e\u011fitim yakla\u015f\u0131m\u0131 ile mezunlar\u0131n\u0131n i\u015f d\u00fcnyas\u0131 i\u00e7in donan\u0131ml\u0131 hale gelmelerini, birka\u00e7 dil bilmelerini, sosyal aktivitelerle yeni yetkinlikler edinerek kendilerini geli\u015ftirmelerini, mezun olmadan \u00f6nce de\u011fi\u015fim programlar\u0131 ya da staj olanaklar\u0131yla yurt d\u0131\u015f\u0131na \u00e7\u0131karak global bir vizyon edinmelerini hedefliyor.<\/p>\n<p style=\"text-align: left\">Havac\u0131l\u0131k Y\u00f6netimi B\u00f6l\u00fcm\u00fc \u00f6\u011frencilerimiz, havac\u0131l\u0131k sekt\u00f6r\u00fcn\u00fcn h\u0131zl\u0131 geli\u015fimi ve bu alanda nitelikli personele kar\u015f\u0131 her ge\u00e7en g\u00fcn artan ihtiya\u00e7, bu alanda yeti\u015fmi\u015f uzmanlara duyulan talep do\u011frultusunda geni\u015f \u00e7al\u0131\u015fma a\u011f\u0131na sahip olacaklard\u0131r. Kamu ve \u00f6zel kurulu\u015flarda farkl\u0131 departmanlar da istihdam imk\u00e2n\u0131na sahip olacak olan mezunlar\u0131m\u0131z, ulusal ve uluslararas\u0131 alanlarda s\u00f6z sahibi orta ve \u00fcst d\u00fczey y\u00f6netici olarak yer alacaklard\u0131r. Mezunlar\u0131m\u0131z, Havac\u0131l\u0131k Y\u00f6netimi lisans derecesiyle ele\u015ftirel ve yarat\u0131c\u0131 d\u00fc\u015f\u00fcnebilecek, bilim ve teknoloji \u0131\u015f\u0131\u011f\u0131nda hareket ederek havac\u0131l\u0131\u011f\u0131n farkl\u0131 disiplinlerinde lider konumlarda rol \u00fcstlenmelerini sa\u011flayacak akademik bilgi birikimine sahip olacaklard\u0131r.<\/p>\n<p style=\"text-align: left\"><strong>B\u00f6l\u00fcm m\u00fcfredat\u0131ndaki teorik ve uygulamal\u0131 dersler, donan\u0131ml\u0131 akademik kadro, kul\u00fcp etkinlikleri ve gezileri, havac\u0131l\u0131k at\u00f6lyesinde ger\u00e7ekle\u015ftirilen sekt\u00f6re y\u00f6nelik uygulamalar, sekt\u00f6rel tecr\u00fcbesi y\u00fcksek havac\u0131l\u0131k uzmanlar\u0131n\u0131n derslere kat\u0131l\u0131m\u0131<\/strong>\u00a0ile <strong>\u0130stanbul Ticaret \u00dcniversitesi Havac\u0131l\u0131k Y\u00f6netimi B\u00f6l\u00fcm\u00fc<\/strong> mezunlar\u0131m\u0131z havac\u0131l\u0131k sekt\u00f6r\u00fcn\u00fcn bir\u00e7ok dal\u0131nda aktif bir \u015fekilde \u00e7al\u0131\u015fmaktad\u0131rlar.<\/p>\n","protected":false},"excerpt":{"rendered":"<p>\u0130stanbul Ticaret \u00dcniversitesi, giri\u015fimci bir ara\u015ft\u0131rma \u00fcniversitesi olarak d\u00fcnyan\u0131n problemlerine \u00e7\u00f6z\u00fcm sunarken, d\u00f6n\u00fc\u015ft\u00fcr\u00fcc\u00fc \u00f6\u011frenci deneyimi ile akademik, sosyal ve k\u00fclt\u00fcrel geli\u015fim deste\u011fi sa\u011fl\u0131yor. Yeni ufuklar a\u00e7an, sundu\u011fu olanaklarla \u00f6\u011frencilerinin yetkinliklerini ke\u015ffetmesini sa\u011flayan kapsaml\u0131 e\u011fitim yakla\u015f\u0131m\u0131 ile mezunlar\u0131n\u0131n i\u015f d\u00fcnyas\u0131 i\u00e7in donan\u0131ml\u0131 hale gelmelerini, birka\u00e7 dil bilmelerini, sosyal aktivitelerle yeni yetkinlikler edinerek kendilerini geli\u015ftirmelerini, mezun olmadan [&hellip;]<\/p>\n","protected":false},"author":139,"featured_media":0,"parent":0,"menu_order":0,"comment_status":"closed","ping_status":"closed","template":"genel_sayfa.php","meta":{"footnotes":""},"yoast_head":"<!-- This site is optimized with the Yoast SEO Premium plugin v22.1 (Yoast SEO v22.1) - https:\/\/yoast.com\/wordpress\/plugins\/seo\/ -->\n<title>Aday \u00d6\u011frenci - Havac\u0131l\u0131k Y\u00f6netimi<\/title>\n<meta name=\"robots\" content=\"index, follow, max-snippet:-1, max-image-preview:large, max-video-preview:-1\" \/>\n<link rel=\"canonical\" href=\"http:\/\/ticaret.edu.tr\/havacilik-yonetimi\/aday-ogrenci\/\" \/>\n<meta property=\"og:locale\" content=\"tr_TR\" \/>\n<meta property=\"og:type\" content=\"article\" \/>\n<meta property=\"og:title\" content=\"Aday \u00d6\u011frenci\" \/>\n<meta property=\"og:description\" content=\"\u0130stanbul Ticaret \u00dcniversitesi, giri\u015fimci bir ara\u015ft\u0131rma \u00fcniversitesi olarak d\u00fcnyan\u0131n problemlerine \u00e7\u00f6z\u00fcm sunarken, d\u00f6n\u00fc\u015ft\u00fcr\u00fcc\u00fc \u00f6\u011frenci deneyimi ile akademik, sosyal ve k\u00fclt\u00fcrel geli\u015fim deste\u011fi sa\u011fl\u0131yor. Yeni ufuklar a\u00e7an, sundu\u011fu olanaklarla \u00f6\u011frencilerinin yetkinliklerini ke\u015ffetmesini sa\u011flayan kapsaml\u0131 e\u011fitim yakla\u015f\u0131m\u0131 ile mezunlar\u0131n\u0131n i\u015f d\u00fcnyas\u0131 i\u00e7in donan\u0131ml\u0131 hale gelmelerini, birka\u00e7 dil bilmelerini, sosyal aktivitelerle yeni yetkinlikler edinerek kendilerini geli\u015ftirmelerini, mezun olmadan [&hellip;]\" \/>\n<meta property=\"og:url\" content=\"http:\/\/ticaret.edu.tr\/havacilik-yonetimi\/aday-ogrenci\/\" \/>\n<meta property=\"og:site_name\" content=\"Havac\u0131l\u0131k Y\u00f6netimi\" \/>\n<meta property=\"article:publisher\" content=\"https:\/\/www.facebook.com\/ticaretedutr\" \/>\n<meta property=\"article:modified_time\" content=\"2025-03-27T12:19:53+00:00\" \/>\n<meta property=\"og:image\" content=\"http:\/\/ticaret.edu.tr\/havacilik-yonetimi\/wp-content\/uploads\/sites\/10\/2021\/11\/web_logo-01.jpg\" \/>\n\t<meta property=\"og:image:width\" content=\"1250\" \/>\n\t<meta property=\"og:image:height\" content=\"833\" \/>\n\t<meta property=\"og:image:type\" content=\"image\/jpeg\" \/>\n<meta name=\"twitter:card\" content=\"summary_large_image\" \/>\n<meta name=\"twitter:site\" content=\"@ticaretedutr\" \/>\n<meta name=\"twitter:label1\" content=\"Tahmini okuma s\u00fcresi\" \/>\n\t<meta name=\"twitter:data1\" content=\"2 dakika\" \/>\n<script type=\"application\/ld+json\" class=\"yoast-schema-graph\">{\"@context\":\"https:\/\/schema.org\",\"@graph\":[{\"@type\":\"WebPage\",\"@id\":\"http:\/\/ticaret.edu.tr\/havacilik-yonetimi\/aday-ogrenci\/\",\"url\":\"http:\/\/ticaret.edu.tr\/havacilik-yonetimi\/aday-ogrenci\/\",\"name\":\"Aday \u00d6\u011frenci - Havac\u0131l\u0131k Y\u00f6netimi\",\"isPartOf\":{\"@id\":\"https:\/\/ticaret.edu.tr\/havacilik-yonetimi\/en\/#website\"},\"datePublished\":\"2025-01-26T11:48:06+00:00\",\"dateModified\":\"2025-03-27T12:19:53+00:00\",\"breadcrumb\":{\"@id\":\"http:\/\/ticaret.edu.tr\/havacilik-yonetimi\/aday-ogrenci\/#breadcrumb\"},\"inLanguage\":\"tr\",\"potentialAction\":[{\"@type\":\"ReadAction\",\"target\":[\"http:\/\/ticaret.edu.tr\/havacilik-yonetimi\/aday-ogrenci\/\"]}]},{\"@type\":\"BreadcrumbList\",\"@id\":\"http:\/\/ticaret.edu.tr\/havacilik-yonetimi\/aday-ogrenci\/#breadcrumb\",\"itemListElement\":[{\"@type\":\"ListItem\",\"position\":1,\"name\":\"Ana sayfa\",\"item\":\"https:\/\/ticaret.edu.tr\/havacilik-yonetimi\/\"},{\"@type\":\"ListItem\",\"position\":2,\"name\":\"Aday \u00d6\u011frenci\"}]},{\"@type\":\"WebSite\",\"@id\":\"https:\/\/ticaret.edu.tr\/havacilik-yonetimi\/en\/#website\",\"url\":\"https:\/\/ticaret.edu.tr\/havacilik-yonetimi\/en\/\",\"name\":\"Havac\u0131l\u0131k Y\u00f6netimi\",\"description\":\"\",\"potentialAction\":[{\"@type\":\"SearchAction\",\"target\":{\"@type\":\"EntryPoint\",\"urlTemplate\":\"https:\/\/ticaret.edu.tr\/havacilik-yonetimi\/en\/?s={search_term_string}\"},\"query-input\":\"required name=search_term_string\"}],\"inLanguage\":\"tr\"}]}<\/script>\n<!-- \/ Yoast SEO Premium plugin. -->","yoast_head_json":{"title":"Aday \u00d6\u011frenci - Havac\u0131l\u0131k Y\u00f6netimi","robots":{"index":"index","follow":"follow","max-snippet":"max-snippet:-1","max-image-preview":"max-image-preview:large","max-video-preview":"max-video-preview:-1"},"canonical":"http:\/\/ticaret.edu.tr\/havacilik-yonetimi\/aday-ogrenci\/","og_locale":"tr_TR","og_type":"article","og_title":"Aday \u00d6\u011frenci","og_description":"\u0130stanbul Ticaret \u00dcniversitesi, giri\u015fimci bir ara\u015ft\u0131rma \u00fcniversitesi olarak d\u00fcnyan\u0131n problemlerine \u00e7\u00f6z\u00fcm sunarken, d\u00f6n\u00fc\u015ft\u00fcr\u00fcc\u00fc \u00f6\u011frenci deneyimi ile akademik, sosyal ve k\u00fclt\u00fcrel geli\u015fim deste\u011fi sa\u011fl\u0131yor. Yeni ufuklar a\u00e7an, sundu\u011fu olanaklarla \u00f6\u011frencilerinin yetkinliklerini ke\u015ffetmesini sa\u011flayan kapsaml\u0131 e\u011fitim yakla\u015f\u0131m\u0131 ile mezunlar\u0131n\u0131n i\u015f d\u00fcnyas\u0131 i\u00e7in donan\u0131ml\u0131 hale gelmelerini, birka\u00e7 dil bilmelerini, sosyal aktivitelerle yeni yetkinlikler edinerek kendilerini geli\u015ftirmelerini, mezun olmadan [&hellip;]","og_url":"http:\/\/ticaret.edu.tr\/havacilik-yonetimi\/aday-ogrenci\/","og_site_name":"Havac\u0131l\u0131k Y\u00f6netimi","article_publisher":"https:\/\/www.facebook.com\/ticaretedutr","article_modified_time":"2025-03-27T12:19:53+00:00","og_image":[{"width":1250,"height":833,"url":"http:\/\/ticaret.edu.tr\/havacilik-yonetimi\/wp-content\/uploads\/sites\/10\/2021\/11\/web_logo-01.jpg","type":"image\/jpeg"}],"twitter_card":"summary_large_image","twitter_site":"@ticaretedutr","twitter_misc":{"Tahmini okuma s\u00fcresi":"2 dakika"},"schema":{"@context":"https:\/\/schema.org","@graph":[{"@type":"WebPage","@id":"http:\/\/ticaret.edu.tr\/havacilik-yonetimi\/aday-ogrenci\/","url":"http:\/\/ticaret.edu.tr\/havacilik-yonetimi\/aday-ogrenci\/","name":"Aday \u00d6\u011frenci - Havac\u0131l\u0131k Y\u00f6netimi","isPartOf":{"@id":"https:\/\/ticaret.edu.tr\/havacilik-yonetimi\/en\/#website"},"datePublished":"2025-01-26T11:48:06+00:00","dateModified":"2025-03-27T12:19:53+00:00","breadcrumb":{"@id":"http:\/\/ticaret.edu.tr\/havacilik-yonetimi\/aday-ogrenci\/#breadcrumb"},"inLanguage":"tr","potentialAction":[{"@type":"ReadAction","target":["http:\/\/ticaret.edu.tr\/havacilik-yonetimi\/aday-ogrenci\/"]}]},{"@type":"BreadcrumbList","@id":"http:\/\/ticaret.edu.tr\/havacilik-yonetimi\/aday-ogrenci\/#breadcrumb","itemListElement":[{"@type":"ListItem","position":1,"name":"Ana sayfa","item":"https:\/\/ticaret.edu.tr\/havacilik-yonetimi\/"},{"@type":"ListItem","position":2,"name":"Aday \u00d6\u011frenci"}]},{"@type":"WebSite","@id":"https:\/\/ticaret.edu.tr\/havacilik-yonetimi\/en\/#website","url":"https:\/\/ticaret.edu.tr\/havacilik-yonetimi\/en\/","name":"Havac\u0131l\u0131k Y\u00f6netimi","description":"","potentialAction":[{"@type":"SearchAction","target":{"@type":"EntryPoint","urlTemplate":"https:\/\/ticaret.edu.tr\/havacilik-yonetimi\/en\/?s={search_term_string}"},"query-input":"required name=search_term_string"}],"inLanguage":"tr"}]}},"lang":"tr","translations":{"en":1176,"tr":1174},"pll_sync_post":[],"_links":{"self":[{"href":"http:\/\/ticaret.edu.tr\/havacilik-yonetimi\/wp-json\/wp\/v2\/pages\/1174"}],"collection":[{"href":"http:\/\/ticaret.edu.tr\/havacilik-yonetimi\/wp-json\/wp\/v2\/pages"}],"about":[{"href":"http:\/\/ticaret.edu.tr\/havacilik-yonetimi\/wp-json\/wp\/v2\/types\/page"}],"author":[{"embeddable":true,"href":"http:\/\/ticaret.edu.tr\/havacilik-yonetimi\/wp-json\/wp\/v2\/users\/139"}],"replies":[{"embeddable":true,"href":"http:\/\/ticaret.edu.tr\/havacilik-yonetimi\/wp-json\/wp\/v2\/comments?post=1174"}],"version-history":[{"count":6,"href":"http:\/\/ticaret.edu.tr\/havacilik-yonetimi\/wp-json\/wp\/v2\/pages\/1174\/revisions"}],"predecessor-version":[{"id":1598,"href":"http:\/\/ticaret.edu.tr\/havacilik-yonetimi\/wp-json\/wp\/v2\/pages\/1174\/revisions\/1598"}],"wp:attachment":[{"href":"http:\/\/ticaret.edu.tr\/havacilik-yonetimi\/wp-json\/wp\/v2\/media?parent=1174"}],"curies":[{"name":"wp","href":"https:\/\/api.w.org\/{rel}","templated":true}]}}