{"id":1195,"date":"2025-01-26T14:52:16","date_gmt":"2025-01-26T11:52:16","guid":{"rendered":"https:\/\/ticaret.edu.tr\/havacilik-yonetimi\/?page_id=1195"},"modified":"2025-05-12T09:00:30","modified_gmt":"2025-05-12T06:00:30","slug":"bolum-kurul-ve-komisyonlari","status":"publish","type":"page","link":"http:\/\/ticaret.edu.tr\/havacilik-yonetimi\/bolum-kurul-ve-komisyonlari\/","title":{"rendered":"B\u00f6l\u00fcm Kurul ve Komisyonlar\u0131"},"content":{"rendered":"<p><strong>B\u00f6l\u00fcm Kurulu<\/strong><\/p>\n<table style=\"height: 220px\" width=\"650\">\n<tbody>\n<tr>\n<td width=\"110\">B\u00f6l\u00fcm Ba\u015fkan\u0131<\/td>\n<td width=\"184\">Dr. \u00d6\u011fr. \u00dcyesi Tuncel \u00d6z<\/td>\n<\/tr>\n<tr>\n<td>\u00dcye<\/td>\n<td>Do\u00e7. Dr. H\u00fcseyin Arslan<\/td>\n<\/tr>\n<tr>\n<td>\u00dcye<\/td>\n<td>Do\u00e7. Dr. Sabri \u00d6z<\/td>\n<\/tr>\n<tr>\n<td>\u00dcye<\/td>\n<td>Dr. \u00d6\u011fr. \u00dcyesi \u00dcmit Kanmaz<\/td>\n<\/tr>\n<tr>\n<td>\u00dcye<\/td>\n<td>Ar\u015f. G\u00f6r. \u015e\u00fckr\u00fc Budak<\/td>\n<\/tr>\n<\/tbody>\n<\/table>\n<p><strong>B\u00f6l\u00fcm Dan\u0131\u015fma Kurulu<\/strong><\/p>\n<table style=\"height: 430px\" width=\"649\">\n<tbody>\n<tr>\n<td width=\"128\">Unvan \/Ad Soyad<\/td>\n<td width=\"186\">\u00c7al\u0131\u015ft\u0131\u011f\u0131 Kurum<\/td>\n<td width=\"550\">G\u00f6revi<\/td>\n<\/tr>\n<tr>\n<td width=\"128\">Dr. \u00d6\u011fr. \u00dcyesi Tuncel \u00d6z<\/td>\n<td>\u0130stanbul Ticaret \u00dcniversitesi<\/td>\n<td>B\u00f6l\u00fcm Ba\u015fkan\u0131<\/td>\n<\/tr>\n<tr>\n<td width=\"128\">Dr. \u00d6\u011fr. \u00dcyesi \u00dcmit Kanmaz<\/td>\n<td width=\"186\">\u0130stanbul Ticaret \u00dcniversitesi<\/td>\n<td width=\"550\">B\u00f6l\u00fcm \u00d6\u011fretim \u00dcyesi<\/td>\n<\/tr>\n<tr>\n<td>Melikcan Sel\u00e7uk<\/td>\n<td width=\"186\">\u0130stanbul Ticaret \u00dcniversitesi<\/td>\n<td width=\"550\">B\u00f6l\u00fcm \u00d6\u011frenci Temsilcisi<\/td>\n<\/tr>\n<tr>\n<td width=\"128\">Dr. Sel\u00e7uk \u00c7apuk<\/td>\n<td width=\"186\">TGS Yer Hizmetleri A.\u015e \/ Ni\u015fanta\u015f\u0131 \u00dcniversitesi<\/td>\n<td width=\"550\">Sabiha G\u00f6k\u00e7en Havaliman\u0131 \u0130stasyon M\u00fcd\u00fcr\u00fc<\/td>\n<\/tr>\n<tr>\n<td width=\"128\">Dr. Sencerhan Avc\u0131<\/td>\n<td width=\"186\">T\u00fcrk Hava Yollar\u0131<\/td>\n<td width=\"550\">Loadmaster Koordinasyon ve Planlama M\u00fcd\u00fcr\u00fc<\/td>\n<\/tr>\n<tr>\n<td width=\"128\">Derya Pekruh Ger\u00e7eker<\/td>\n<td width=\"186\">Singapore Airlines<\/td>\n<td width=\"550\">Pazarlama ve Hizmetler M\u00fcd\u00fcr\u00fc<\/td>\n<\/tr>\n<\/tbody>\n<\/table>\n<p><strong>B\u00f6l\u00fcm Kalite Komisyonu<\/strong><\/p>\n<table style=\"height: 150px\" width=\"650\">\n<tbody>\n<tr>\n<td style=\"font-weight: 400\" width=\"303\">B\u00f6l\u00fcm Ba\u015fkan\u0131<\/td>\n<td style=\"font-weight: 400\" width=\"184\">Dr. \u00d6\u011fr. \u00dcyesi Tuncel \u00d6z<\/td>\n<\/tr>\n<tr>\n<td style=\"font-weight: 400\">Kalite El\u00e7isi<\/td>\n<td style=\"font-weight: 400\">Ar\u015f. G\u00f6r. \u015e\u00fckr\u00fc Budak<\/td>\n<\/tr>\n<tr>\n<td style=\"font-weight: 400\">Se\u00e7ilmi\u015f \u00dcye<\/td>\n<td style=\"font-weight: 400\">Dr. \u00d6\u011fr. \u00dcyesi \u00dcmit Kanmaz<\/td>\n<\/tr>\n<tr>\n<td style=\"font-weight: 400\">\u00d6\u011frenci Temsilcisi<\/td>\n<td style=\"font-weight: 400\">Melikcan Sel\u00e7uk<\/td>\n<\/tr>\n<\/tbody>\n<\/table>\n<p><strong>B\u00f6l\u00fcm Akreditasyon Komisyonu<\/strong><\/p>\n<table style=\"height: 200px\" width=\"650\">\n<tbody>\n<tr>\n<td width=\"110\">B\u00f6l\u00fcm Ba\u015fkan\u0131<\/td>\n<td width=\"184\">Dr. \u00d6\u011fr. \u00dcyesi Tuncel \u00d6z<\/td>\n<\/tr>\n<tr>\n<td>\u00dcye<\/td>\n<td>Do\u00e7. Dr. H\u00fcseyin Arslan<\/td>\n<\/tr>\n<tr>\n<td>\u00dcye<\/td>\n<td>Dr. \u00d6\u011fr. \u00dcyesi \u00dcmit Kanmaz<\/td>\n<\/tr>\n<tr>\n<td>\u00dcye<\/td>\n<td>Ar\u015f. G\u00f6r. \u015e\u00fckr\u00fc Budak<\/td>\n<\/tr>\n<\/tbody>\n<\/table>\n","protected":false},"excerpt":{"rendered":"<p>B\u00f6l\u00fcm Kurulu B\u00f6l\u00fcm Ba\u015fkan\u0131 Dr. \u00d6\u011fr. \u00dcyesi Tuncel \u00d6z \u00dcye Do\u00e7. Dr. H\u00fcseyin Arslan \u00dcye Do\u00e7. Dr. Sabri \u00d6z \u00dcye Dr. \u00d6\u011fr. \u00dcyesi \u00dcmit Kanmaz \u00dcye Ar\u015f. G\u00f6r. \u015e\u00fckr\u00fc Budak B\u00f6l\u00fcm Dan\u0131\u015fma Kurulu Unvan \/Ad Soyad \u00c7al\u0131\u015ft\u0131\u011f\u0131 Kurum G\u00f6revi Dr. \u00d6\u011fr. \u00dcyesi Tuncel \u00d6z \u0130stanbul Ticaret \u00dcniversitesi B\u00f6l\u00fcm Ba\u015fkan\u0131 Dr. \u00d6\u011fr. \u00dcyesi \u00dcmit Kanmaz \u0130stanbul [&hellip;]<\/p>\n","protected":false},"author":139,"featured_media":0,"parent":0,"menu_order":0,"comment_status":"closed","ping_status":"closed","template":"genel_sayfa.php","meta":{"footnotes":""},"yoast_head":"<!-- This site is optimized with the Yoast SEO Premium plugin v22.1 (Yoast SEO v22.1) - https:\/\/yoast.com\/wordpress\/plugins\/seo\/ -->\n<title>B\u00f6l\u00fcm Kurul ve Komisyonlar\u0131 - Havac\u0131l\u0131k Y\u00f6netimi<\/title>\n<meta name=\"robots\" content=\"index, follow, max-snippet:-1, max-image-preview:large, max-video-preview:-1\" \/>\n<link rel=\"canonical\" href=\"http:\/\/ticaret.edu.tr\/havacilik-yonetimi\/bolum-kurul-ve-komisyonlari\/\" \/>\n<meta property=\"og:locale\" content=\"tr_TR\" \/>\n<meta property=\"og:type\" content=\"article\" \/>\n<meta property=\"og:title\" content=\"B\u00f6l\u00fcm Kurul ve Komisyonlar\u0131\" \/>\n<meta property=\"og:description\" content=\"B\u00f6l\u00fcm Kurulu B\u00f6l\u00fcm Ba\u015fkan\u0131 Dr. \u00d6\u011fr. \u00dcyesi Tuncel \u00d6z \u00dcye Do\u00e7. Dr. H\u00fcseyin Arslan \u00dcye Do\u00e7. Dr. Sabri \u00d6z \u00dcye Dr. \u00d6\u011fr. \u00dcyesi \u00dcmit Kanmaz \u00dcye Ar\u015f. G\u00f6r. \u015e\u00fckr\u00fc Budak B\u00f6l\u00fcm Dan\u0131\u015fma Kurulu Unvan \/Ad Soyad \u00c7al\u0131\u015ft\u0131\u011f\u0131 Kurum G\u00f6revi Dr. \u00d6\u011fr. \u00dcyesi Tuncel \u00d6z \u0130stanbul Ticaret \u00dcniversitesi B\u00f6l\u00fcm Ba\u015fkan\u0131 Dr. \u00d6\u011fr. \u00dcyesi \u00dcmit Kanmaz \u0130stanbul [&hellip;]\" \/>\n<meta property=\"og:url\" content=\"http:\/\/ticaret.edu.tr\/havacilik-yonetimi\/bolum-kurul-ve-komisyonlari\/\" \/>\n<meta property=\"og:site_name\" content=\"Havac\u0131l\u0131k Y\u00f6netimi\" \/>\n<meta property=\"article:publisher\" content=\"https:\/\/www.facebook.com\/ticaretedutr\" \/>\n<meta property=\"article:modified_time\" content=\"2025-05-12T06:00:30+00:00\" \/>\n<meta property=\"og:image\" content=\"http:\/\/ticaret.edu.tr\/havacilik-yonetimi\/wp-content\/uploads\/sites\/10\/2021\/11\/web_logo-01.jpg\" \/>\n\t<meta property=\"og:image:width\" content=\"1250\" \/>\n\t<meta property=\"og:image:height\" content=\"833\" \/>\n\t<meta property=\"og:image:type\" content=\"image\/jpeg\" \/>\n<meta name=\"twitter:card\" content=\"summary_large_image\" \/>\n<meta name=\"twitter:site\" content=\"@ticaretedutr\" \/>\n<meta name=\"twitter:label1\" content=\"Tahmini okuma s\u00fcresi\" \/>\n\t<meta name=\"twitter:data1\" content=\"1 dakika\" \/>\n<script type=\"application\/ld+json\" class=\"yoast-schema-graph\">{\"@context\":\"https:\/\/schema.org\",\"@graph\":[{\"@type\":\"WebPage\",\"@id\":\"http:\/\/ticaret.edu.tr\/havacilik-yonetimi\/bolum-kurul-ve-komisyonlari\/\",\"url\":\"http:\/\/ticaret.edu.tr\/havacilik-yonetimi\/bolum-kurul-ve-komisyonlari\/\",\"name\":\"B\u00f6l\u00fcm Kurul ve Komisyonlar\u0131 - Havac\u0131l\u0131k Y\u00f6netimi\",\"isPartOf\":{\"@id\":\"https:\/\/ticaret.edu.tr\/havacilik-yonetimi\/en\/#website\"},\"datePublished\":\"2025-01-26T11:52:16+00:00\",\"dateModified\":\"2025-05-12T06:00:30+00:00\",\"breadcrumb\":{\"@id\":\"http:\/\/ticaret.edu.tr\/havacilik-yonetimi\/bolum-kurul-ve-komisyonlari\/#breadcrumb\"},\"inLanguage\":\"tr\",\"potentialAction\":[{\"@type\":\"ReadAction\",\"target\":[\"http:\/\/ticaret.edu.tr\/havacilik-yonetimi\/bolum-kurul-ve-komisyonlari\/\"]}]},{\"@type\":\"BreadcrumbList\",\"@id\":\"http:\/\/ticaret.edu.tr\/havacilik-yonetimi\/bolum-kurul-ve-komisyonlari\/#breadcrumb\",\"itemListElement\":[{\"@type\":\"ListItem\",\"position\":1,\"name\":\"Ana sayfa\",\"item\":\"https:\/\/ticaret.edu.tr\/havacilik-yonetimi\/\"},{\"@type\":\"ListItem\",\"position\":2,\"name\":\"B\u00f6l\u00fcm Kurul ve Komisyonlar\u0131\"}]},{\"@type\":\"WebSite\",\"@id\":\"https:\/\/ticaret.edu.tr\/havacilik-yonetimi\/en\/#website\",\"url\":\"https:\/\/ticaret.edu.tr\/havacilik-yonetimi\/en\/\",\"name\":\"Havac\u0131l\u0131k Y\u00f6netimi\",\"description\":\"\",\"potentialAction\":[{\"@type\":\"SearchAction\",\"target\":{\"@type\":\"EntryPoint\",\"urlTemplate\":\"https:\/\/ticaret.edu.tr\/havacilik-yonetimi\/en\/?s={search_term_string}\"},\"query-input\":\"required name=search_term_string\"}],\"inLanguage\":\"tr\"}]}<\/script>\n<!-- \/ Yoast SEO Premium plugin. -->","yoast_head_json":{"title":"B\u00f6l\u00fcm Kurul ve Komisyonlar\u0131 - Havac\u0131l\u0131k Y\u00f6netimi","robots":{"index":"index","follow":"follow","max-snippet":"max-snippet:-1","max-image-preview":"max-image-preview:large","max-video-preview":"max-video-preview:-1"},"canonical":"http:\/\/ticaret.edu.tr\/havacilik-yonetimi\/bolum-kurul-ve-komisyonlari\/","og_locale":"tr_TR","og_type":"article","og_title":"B\u00f6l\u00fcm Kurul ve Komisyonlar\u0131","og_description":"B\u00f6l\u00fcm Kurulu B\u00f6l\u00fcm Ba\u015fkan\u0131 Dr. \u00d6\u011fr. \u00dcyesi Tuncel \u00d6z \u00dcye Do\u00e7. Dr. H\u00fcseyin Arslan \u00dcye Do\u00e7. Dr. Sabri \u00d6z \u00dcye Dr. \u00d6\u011fr. \u00dcyesi \u00dcmit Kanmaz \u00dcye Ar\u015f. G\u00f6r. \u015e\u00fckr\u00fc Budak B\u00f6l\u00fcm Dan\u0131\u015fma Kurulu Unvan \/Ad Soyad \u00c7al\u0131\u015ft\u0131\u011f\u0131 Kurum G\u00f6revi Dr. \u00d6\u011fr. \u00dcyesi Tuncel \u00d6z \u0130stanbul Ticaret \u00dcniversitesi B\u00f6l\u00fcm Ba\u015fkan\u0131 Dr. \u00d6\u011fr. \u00dcyesi \u00dcmit Kanmaz \u0130stanbul [&hellip;]","og_url":"http:\/\/ticaret.edu.tr\/havacilik-yonetimi\/bolum-kurul-ve-komisyonlari\/","og_site_name":"Havac\u0131l\u0131k Y\u00f6netimi","article_publisher":"https:\/\/www.facebook.com\/ticaretedutr","article_modified_time":"2025-05-12T06:00:30+00:00","og_image":[{"width":1250,"height":833,"url":"http:\/\/ticaret.edu.tr\/havacilik-yonetimi\/wp-content\/uploads\/sites\/10\/2021\/11\/web_logo-01.jpg","type":"image\/jpeg"}],"twitter_card":"summary_large_image","twitter_site":"@ticaretedutr","twitter_misc":{"Tahmini okuma s\u00fcresi":"1 dakika"},"schema":{"@context":"https:\/\/schema.org","@graph":[{"@type":"WebPage","@id":"http:\/\/ticaret.edu.tr\/havacilik-yonetimi\/bolum-kurul-ve-komisyonlari\/","url":"http:\/\/ticaret.edu.tr\/havacilik-yonetimi\/bolum-kurul-ve-komisyonlari\/","name":"B\u00f6l\u00fcm Kurul ve Komisyonlar\u0131 - Havac\u0131l\u0131k Y\u00f6netimi","isPartOf":{"@id":"https:\/\/ticaret.edu.tr\/havacilik-yonetimi\/en\/#website"},"datePublished":"2025-01-26T11:52:16+00:00","dateModified":"2025-05-12T06:00:30+00:00","breadcrumb":{"@id":"http:\/\/ticaret.edu.tr\/havacilik-yonetimi\/bolum-kurul-ve-komisyonlari\/#breadcrumb"},"inLanguage":"tr","potentialAction":[{"@type":"ReadAction","target":["http:\/\/ticaret.edu.tr\/havacilik-yonetimi\/bolum-kurul-ve-komisyonlari\/"]}]},{"@type":"BreadcrumbList","@id":"http:\/\/ticaret.edu.tr\/havacilik-yonetimi\/bolum-kurul-ve-komisyonlari\/#breadcrumb","itemListElement":[{"@type":"ListItem","position":1,"name":"Ana sayfa","item":"https:\/\/ticaret.edu.tr\/havacilik-yonetimi\/"},{"@type":"ListItem","position":2,"name":"B\u00f6l\u00fcm Kurul ve Komisyonlar\u0131"}]},{"@type":"WebSite","@id":"https:\/\/ticaret.edu.tr\/havacilik-yonetimi\/en\/#website","url":"https:\/\/ticaret.edu.tr\/havacilik-yonetimi\/en\/","name":"Havac\u0131l\u0131k Y\u00f6netimi","description":"","potentialAction":[{"@type":"SearchAction","target":{"@type":"EntryPoint","urlTemplate":"https:\/\/ticaret.edu.tr\/havacilik-yonetimi\/en\/?s={search_term_string}"},"query-input":"required name=search_term_string"}],"inLanguage":"tr"}]}},"lang":"tr","translations":{"en":1197,"tr":1195},"pll_sync_post":[],"_links":{"self":[{"href":"http:\/\/ticaret.edu.tr\/havacilik-yonetimi\/wp-json\/wp\/v2\/pages\/1195"}],"collection":[{"href":"http:\/\/ticaret.edu.tr\/havacilik-yonetimi\/wp-json\/wp\/v2\/pages"}],"about":[{"href":"http:\/\/ticaret.edu.tr\/havacilik-yonetimi\/wp-json\/wp\/v2\/types\/page"}],"author":[{"embeddable":true,"href":"http:\/\/ticaret.edu.tr\/havacilik-yonetimi\/wp-json\/wp\/v2\/users\/139"}],"replies":[{"embeddable":true,"href":"http:\/\/ticaret.edu.tr\/havacilik-yonetimi\/wp-json\/wp\/v2\/comments?post=1195"}],"version-history":[{"count":6,"href":"http:\/\/ticaret.edu.tr\/havacilik-yonetimi\/wp-json\/wp\/v2\/pages\/1195\/revisions"}],"predecessor-version":[{"id":1720,"href":"http:\/\/ticaret.edu.tr\/havacilik-yonetimi\/wp-json\/wp\/v2\/pages\/1195\/revisions\/1720"}],"wp:attachment":[{"href":"http:\/\/ticaret.edu.tr\/havacilik-yonetimi\/wp-json\/wp\/v2\/media?parent=1195"}],"curies":[{"name":"wp","href":"https:\/\/api.w.org\/{rel}","templated":true}]}}