{"id":1197,"date":"2025-01-26T14:52:34","date_gmt":"2025-01-26T11:52:34","guid":{"rendered":"https:\/\/ticaret.edu.tr\/havacilik-yonetimi\/?page_id=1197"},"modified":"2026-01-20T13:24:57","modified_gmt":"2026-01-20T10:24:57","slug":"department-boards-and-committees","status":"publish","type":"page","link":"http:\/\/ticaret.edu.tr\/havacilik-yonetimi\/en\/department-boards-and-committees\/","title":{"rendered":"Department Boards and Committees"},"content":{"rendered":"<p><strong>Department Board<\/strong><\/p>\n<table width=\"650\">\n<tbody>\n<tr>\n<td width=\"110\">Department Head<\/td>\n<td width=\"184\">Dr. Lecturer Tuncel \u00d6z<\/td>\n<\/tr>\n<tr>\n<td>Member<\/td>\n<td>Assoc. Prof. Dr. H\u00fcseyin Arslan<\/td>\n<\/tr>\n<tr>\n<td>Member<\/td>\n<td>Assoc. Prof. Dr. Sabri \u00d6z<\/td>\n<\/tr>\n<tr>\n<td>Member<\/td>\n<td>Dr. Lecturer \u00dcmit Kanmaz<\/td>\n<\/tr>\n<tr>\n<td>Member<\/td>\n<td>Research Assistant \u015e\u00fckr\u00fc Budak<\/td>\n<\/tr>\n<\/tbody>\n<\/table>\n<p><strong>Department Advisory Board<\/strong><\/p>\n<table width=\"649\">\n<tbody>\n<tr>\n<td width=\"128\">Title\/Name Surname<\/td>\n<td width=\"186\">Institution<\/td>\n<td width=\"550\">Position<\/td>\n<\/tr>\n<tr>\n<td width=\"128\">Dr. Lecturer Tuncel \u00d6z<\/td>\n<td>Istanbul Commerce University<\/td>\n<td>Department Head<\/td>\n<\/tr>\n<tr>\n<td width=\"128\">Dr. Lecturer \u00dcmit Kanmaz<\/td>\n<td width=\"186\">Istanbul Commerce University<\/td>\n<td width=\"550\">Department Faculty Member<\/td>\n<\/tr>\n<tr>\n<td>Melikcan Sel\u00e7uk<\/td>\n<td width=\"186\">Istanbul Commerce University<\/td>\n<td width=\"550\">Student Representative<\/td>\n<\/tr>\n<tr>\n<td width=\"128\">Dr. Sel\u00e7uk \u00c7apuk<\/td>\n<td width=\"186\">TGS Ground Services Inc. \/ Ni\u015fanta\u015f\u0131 University<\/td>\n<td width=\"550\">Sabiha G\u00f6k\u00e7en Airport Station Manager<\/td>\n<\/tr>\n<tr>\n<td width=\"128\">Dr. Sencerhan Avc\u0131<\/td>\n<td width=\"186\">Turkish Airlines<\/td>\n<td width=\"550\">Loadmaster Coordination and Planning Manager<\/td>\n<\/tr>\n<tr>\n<td width=\"128\">Derya Pekruh Ger\u00e7eker<\/td>\n<td width=\"186\">Singapore Airlines<\/td>\n<td width=\"550\">Marketing and Services Manager<\/td>\n<\/tr>\n<\/tbody>\n<\/table>\n<p><strong>Department Quality Committee<\/strong><\/p>\n<table width=\"650\">\n<tbody>\n<tr>\n<td width=\"303\">Department Head<\/td>\n<td width=\"184\">\u00a0Dr. Lecturer Tuncel \u00d6z<\/td>\n<\/tr>\n<tr>\n<td>Quality Ambassador<\/td>\n<td>Research Assistant \u015e\u00fckr\u00fc Budak<\/td>\n<\/tr>\n<tr>\n<td>Elected Member<\/td>\n<td>Dr. Lecturer \u00dcmit Kanmaz<\/td>\n<\/tr>\n<tr>\n<td>Student Representative<\/td>\n<td>Melikcan Sel\u00e7uk<\/td>\n<\/tr>\n<\/tbody>\n<\/table>\n<p><strong>Department Accreditation Committee<\/strong><\/p>\n<table width=\"650\">\n<tbody>\n<tr>\n<td width=\"110\">Department Head<\/td>\n<td width=\"184\">Dr. Lecturer Tuncel \u00d6z<\/td>\n<\/tr>\n<tr>\n<td>Member<\/td>\n<td>\u00a0Assoc. Prof. Dr. H\u00fcseyin Arslan<\/td>\n<\/tr>\n<tr>\n<td>Member<\/td>\n<td>Dr. Lecturer \u00dcmit Kanmaz<\/td>\n<\/tr>\n<tr>\n<td>Member<\/td>\n<td>Research Assistant \u015e\u00fckr\u00fc Budak<\/td>\n<\/tr>\n<\/tbody>\n<\/table>\n","protected":false},"excerpt":{"rendered":"<p>Department Board Department Head Dr. Lecturer Tuncel \u00d6z Member Assoc. Prof. Dr. H\u00fcseyin Arslan Member Assoc. Prof. Dr. Sabri \u00d6z Member Dr. Lecturer \u00dcmit Kanmaz Member Research Assistant \u015e\u00fckr\u00fc Budak Department Advisory Board Title\/Name Surname Institution Position Dr. Lecturer Tuncel \u00d6z Istanbul Commerce University Department Head Dr. Lecturer \u00dcmit Kanmaz Istanbul Commerce University Department Faculty [&hellip;]<\/p>\n","protected":false},"author":139,"featured_media":0,"parent":0,"menu_order":0,"comment_status":"closed","ping_status":"closed","template":"genel_sayfa.php","meta":{"footnotes":""},"yoast_head":"<!-- This site is optimized with the Yoast SEO Premium plugin v22.1 (Yoast SEO v22.1) - https:\/\/yoast.com\/wordpress\/plugins\/seo\/ -->\n<title>Department Boards and Committees - Havac\u0131l\u0131k Y\u00f6netimi<\/title>\n<meta name=\"robots\" content=\"index, follow, max-snippet:-1, max-image-preview:large, max-video-preview:-1\" \/>\n<link rel=\"canonical\" href=\"https:\/\/ticaret.edu.tr\/havacilik-yonetimi\/en\/department-boards-and-committees\/\" \/>\n<meta property=\"og:locale\" content=\"tr_TR\" \/>\n<meta property=\"og:type\" content=\"article\" \/>\n<meta property=\"og:title\" content=\"Department Boards and Committees\" \/>\n<meta property=\"og:description\" content=\"Department Board Department Head Dr. Lecturer Tuncel \u00d6z Member Assoc. Prof. Dr. H\u00fcseyin Arslan Member Assoc. Prof. Dr. Sabri \u00d6z Member Dr. Lecturer \u00dcmit Kanmaz Member Research Assistant \u015e\u00fckr\u00fc Budak Department Advisory Board Title\/Name Surname Institution Position Dr. Lecturer Tuncel \u00d6z Istanbul Commerce University Department Head Dr. Lecturer \u00dcmit Kanmaz Istanbul Commerce University Department Faculty [&hellip;]\" \/>\n<meta property=\"og:url\" content=\"https:\/\/ticaret.edu.tr\/havacilik-yonetimi\/en\/department-boards-and-committees\/\" \/>\n<meta property=\"og:site_name\" content=\"Havac\u0131l\u0131k Y\u00f6netimi\" \/>\n<meta property=\"article:publisher\" content=\"https:\/\/www.facebook.com\/ticaretedutr\" \/>\n<meta property=\"article:modified_time\" content=\"2026-01-20T10:24:57+00:00\" \/>\n<meta property=\"og:image\" content=\"http:\/\/ticaret.edu.tr\/havacilik-yonetimi\/wp-content\/uploads\/sites\/10\/2021\/11\/web_logo-01.jpg\" \/>\n\t<meta property=\"og:image:width\" content=\"1250\" \/>\n\t<meta property=\"og:image:height\" content=\"833\" \/>\n\t<meta property=\"og:image:type\" content=\"image\/jpeg\" \/>\n<meta name=\"twitter:card\" content=\"summary_large_image\" \/>\n<meta name=\"twitter:site\" content=\"@ticaretedutr\" \/>\n<meta name=\"twitter:label1\" content=\"Tahmini okuma s\u00fcresi\" \/>\n\t<meta name=\"twitter:data1\" content=\"1 dakika\" \/>\n<script type=\"application\/ld+json\" class=\"yoast-schema-graph\">{\"@context\":\"https:\/\/schema.org\",\"@graph\":[{\"@type\":\"WebPage\",\"@id\":\"https:\/\/ticaret.edu.tr\/havacilik-yonetimi\/en\/department-boards-and-committees\/\",\"url\":\"https:\/\/ticaret.edu.tr\/havacilik-yonetimi\/en\/department-boards-and-committees\/\",\"name\":\"Department Boards and Committees - Havac\u0131l\u0131k Y\u00f6netimi\",\"isPartOf\":{\"@id\":\"https:\/\/ticaret.edu.tr\/havacilik-yonetimi\/en\/#website\"},\"datePublished\":\"2025-01-26T11:52:34+00:00\",\"dateModified\":\"2026-01-20T10:24:57+00:00\",\"breadcrumb\":{\"@id\":\"https:\/\/ticaret.edu.tr\/havacilik-yonetimi\/en\/department-boards-and-committees\/#breadcrumb\"},\"inLanguage\":\"tr\",\"potentialAction\":[{\"@type\":\"ReadAction\",\"target\":[\"https:\/\/ticaret.edu.tr\/havacilik-yonetimi\/en\/department-boards-and-committees\/\"]}]},{\"@type\":\"BreadcrumbList\",\"@id\":\"https:\/\/ticaret.edu.tr\/havacilik-yonetimi\/en\/department-boards-and-committees\/#breadcrumb\",\"itemListElement\":[{\"@type\":\"ListItem\",\"position\":1,\"name\":\"Ana sayfa\",\"item\":\"https:\/\/ticaret.edu.tr\/havacilik-yonetimi\/\"},{\"@type\":\"ListItem\",\"position\":2,\"name\":\"Department Boards and Committees\"}]},{\"@type\":\"WebSite\",\"@id\":\"https:\/\/ticaret.edu.tr\/havacilik-yonetimi\/en\/#website\",\"url\":\"https:\/\/ticaret.edu.tr\/havacilik-yonetimi\/en\/\",\"name\":\"Havac\u0131l\u0131k Y\u00f6netimi\",\"description\":\"\",\"potentialAction\":[{\"@type\":\"SearchAction\",\"target\":{\"@type\":\"EntryPoint\",\"urlTemplate\":\"https:\/\/ticaret.edu.tr\/havacilik-yonetimi\/en\/?s={search_term_string}\"},\"query-input\":\"required name=search_term_string\"}],\"inLanguage\":\"tr\"}]}<\/script>\n<!-- \/ Yoast SEO Premium plugin. -->","yoast_head_json":{"title":"Department Boards and Committees - Havac\u0131l\u0131k Y\u00f6netimi","robots":{"index":"index","follow":"follow","max-snippet":"max-snippet:-1","max-image-preview":"max-image-preview:large","max-video-preview":"max-video-preview:-1"},"canonical":"https:\/\/ticaret.edu.tr\/havacilik-yonetimi\/en\/department-boards-and-committees\/","og_locale":"tr_TR","og_type":"article","og_title":"Department Boards and Committees","og_description":"Department Board Department Head Dr. Lecturer Tuncel \u00d6z Member Assoc. Prof. Dr. H\u00fcseyin Arslan Member Assoc. Prof. Dr. Sabri \u00d6z Member Dr. Lecturer \u00dcmit Kanmaz Member Research Assistant \u015e\u00fckr\u00fc Budak Department Advisory Board Title\/Name Surname Institution Position Dr. Lecturer Tuncel \u00d6z Istanbul Commerce University Department Head Dr. Lecturer \u00dcmit Kanmaz Istanbul Commerce University Department Faculty [&hellip;]","og_url":"https:\/\/ticaret.edu.tr\/havacilik-yonetimi\/en\/department-boards-and-committees\/","og_site_name":"Havac\u0131l\u0131k Y\u00f6netimi","article_publisher":"https:\/\/www.facebook.com\/ticaretedutr","article_modified_time":"2026-01-20T10:24:57+00:00","og_image":[{"width":1250,"height":833,"url":"http:\/\/ticaret.edu.tr\/havacilik-yonetimi\/wp-content\/uploads\/sites\/10\/2021\/11\/web_logo-01.jpg","type":"image\/jpeg"}],"twitter_card":"summary_large_image","twitter_site":"@ticaretedutr","twitter_misc":{"Tahmini okuma s\u00fcresi":"1 dakika"},"schema":{"@context":"https:\/\/schema.org","@graph":[{"@type":"WebPage","@id":"https:\/\/ticaret.edu.tr\/havacilik-yonetimi\/en\/department-boards-and-committees\/","url":"https:\/\/ticaret.edu.tr\/havacilik-yonetimi\/en\/department-boards-and-committees\/","name":"Department Boards and Committees - Havac\u0131l\u0131k Y\u00f6netimi","isPartOf":{"@id":"https:\/\/ticaret.edu.tr\/havacilik-yonetimi\/en\/#website"},"datePublished":"2025-01-26T11:52:34+00:00","dateModified":"2026-01-20T10:24:57+00:00","breadcrumb":{"@id":"https:\/\/ticaret.edu.tr\/havacilik-yonetimi\/en\/department-boards-and-committees\/#breadcrumb"},"inLanguage":"tr","potentialAction":[{"@type":"ReadAction","target":["https:\/\/ticaret.edu.tr\/havacilik-yonetimi\/en\/department-boards-and-committees\/"]}]},{"@type":"BreadcrumbList","@id":"https:\/\/ticaret.edu.tr\/havacilik-yonetimi\/en\/department-boards-and-committees\/#breadcrumb","itemListElement":[{"@type":"ListItem","position":1,"name":"Ana sayfa","item":"https:\/\/ticaret.edu.tr\/havacilik-yonetimi\/"},{"@type":"ListItem","position":2,"name":"Department Boards and Committees"}]},{"@type":"WebSite","@id":"https:\/\/ticaret.edu.tr\/havacilik-yonetimi\/en\/#website","url":"https:\/\/ticaret.edu.tr\/havacilik-yonetimi\/en\/","name":"Havac\u0131l\u0131k Y\u00f6netimi","description":"","potentialAction":[{"@type":"SearchAction","target":{"@type":"EntryPoint","urlTemplate":"https:\/\/ticaret.edu.tr\/havacilik-yonetimi\/en\/?s={search_term_string}"},"query-input":"required name=search_term_string"}],"inLanguage":"tr"}]}},"lang":"en","translations":{"en":1197,"tr":1195},"pll_sync_post":[],"_links":{"self":[{"href":"http:\/\/ticaret.edu.tr\/havacilik-yonetimi\/wp-json\/wp\/v2\/pages\/1197"}],"collection":[{"href":"http:\/\/ticaret.edu.tr\/havacilik-yonetimi\/wp-json\/wp\/v2\/pages"}],"about":[{"href":"http:\/\/ticaret.edu.tr\/havacilik-yonetimi\/wp-json\/wp\/v2\/types\/page"}],"author":[{"embeddable":true,"href":"http:\/\/ticaret.edu.tr\/havacilik-yonetimi\/wp-json\/wp\/v2\/users\/139"}],"replies":[{"embeddable":true,"href":"http:\/\/ticaret.edu.tr\/havacilik-yonetimi\/wp-json\/wp\/v2\/comments?post=1197"}],"version-history":[{"count":3,"href":"http:\/\/ticaret.edu.tr\/havacilik-yonetimi\/wp-json\/wp\/v2\/pages\/1197\/revisions"}],"predecessor-version":[{"id":1898,"href":"http:\/\/ticaret.edu.tr\/havacilik-yonetimi\/wp-json\/wp\/v2\/pages\/1197\/revisions\/1898"}],"wp:attachment":[{"href":"http:\/\/ticaret.edu.tr\/havacilik-yonetimi\/wp-json\/wp\/v2\/media?parent=1197"}],"curies":[{"name":"wp","href":"https:\/\/api.w.org\/{rel}","templated":true}]}}