{"id":1199,"date":"2025-01-26T14:53:19","date_gmt":"2025-01-26T11:53:19","guid":{"rendered":"https:\/\/ticaret.edu.tr\/havacilik-yonetimi\/?page_id=1199"},"modified":"2025-04-17T12:08:19","modified_gmt":"2025-04-17T09:08:19","slug":"sayisal-bilgiler","status":"publish","type":"page","link":"http:\/\/ticaret.edu.tr\/havacilik-yonetimi\/sayisal-bilgiler\/","title":{"rendered":"Say\u0131sal Bilgiler"},"content":{"rendered":"<p>Havac\u0131l\u0131k Y\u00f6netimi B\u00f6l\u00fcm\u00fc&#8217; nde aktif olarak 54\u00a0 1. s\u0131n\u0131f \u00f6\u011frencisi, 55 2. s\u0131n\u0131f \u00f6\u011frencisi, 32 3. s\u0131n\u0131f \u00f6\u011frencisi ve 26 4. s\u0131n\u0131f \u00f6\u011frencisi olmak \u00fczere toplam 167 \u00f6\u011frenci e\u011fitim almaktad\u0131r. 2024 akademik y\u0131l\u0131 sonuna kadar toplamda yakla\u015f\u0131k 470 \u00f6\u011frenci b\u00f6l\u00fcmden mezun olarak sekt\u00f6rde havac\u0131l\u0131\u011f\u0131n farkl\u0131 alanlar\u0131nda istihdam edilmektedir.<\/p>\n","protected":false},"excerpt":{"rendered":"<p>Havac\u0131l\u0131k Y\u00f6netimi B\u00f6l\u00fcm\u00fc&#8217; nde aktif olarak 54\u00a0 1. s\u0131n\u0131f \u00f6\u011frencisi, 55 2. s\u0131n\u0131f \u00f6\u011frencisi, 32 3. s\u0131n\u0131f \u00f6\u011frencisi ve 26 4. s\u0131n\u0131f \u00f6\u011frencisi olmak \u00fczere toplam 167 \u00f6\u011frenci e\u011fitim almaktad\u0131r. 2024 akademik y\u0131l\u0131 sonuna kadar toplamda yakla\u015f\u0131k 470 \u00f6\u011frenci b\u00f6l\u00fcmden mezun olarak sekt\u00f6rde havac\u0131l\u0131\u011f\u0131n farkl\u0131 alanlar\u0131nda istihdam edilmektedir.<\/p>\n","protected":false},"author":139,"featured_media":0,"parent":0,"menu_order":0,"comment_status":"closed","ping_status":"closed","template":"genel_sayfa.php","meta":{"footnotes":""},"yoast_head":"<!-- This site is optimized with the Yoast SEO Premium plugin v22.1 (Yoast SEO v22.1) - https:\/\/yoast.com\/wordpress\/plugins\/seo\/ -->\n<title>Say\u0131sal Bilgiler - Havac\u0131l\u0131k Y\u00f6netimi<\/title>\n<meta name=\"robots\" content=\"index, follow, max-snippet:-1, max-image-preview:large, max-video-preview:-1\" \/>\n<link rel=\"canonical\" href=\"http:\/\/ticaret.edu.tr\/havacilik-yonetimi\/sayisal-bilgiler\/\" \/>\n<meta property=\"og:locale\" content=\"tr_TR\" \/>\n<meta property=\"og:type\" content=\"article\" \/>\n<meta property=\"og:title\" content=\"Say\u0131sal Bilgiler\" \/>\n<meta property=\"og:description\" content=\"Havac\u0131l\u0131k Y\u00f6netimi B\u00f6l\u00fcm\u00fc&#8217; nde aktif olarak 54\u00a0 1. s\u0131n\u0131f \u00f6\u011frencisi, 55 2. s\u0131n\u0131f \u00f6\u011frencisi, 32 3. s\u0131n\u0131f \u00f6\u011frencisi ve 26 4. s\u0131n\u0131f \u00f6\u011frencisi olmak \u00fczere toplam 167 \u00f6\u011frenci e\u011fitim almaktad\u0131r. 2024 akademik y\u0131l\u0131 sonuna kadar toplamda yakla\u015f\u0131k 470 \u00f6\u011frenci b\u00f6l\u00fcmden mezun olarak sekt\u00f6rde havac\u0131l\u0131\u011f\u0131n farkl\u0131 alanlar\u0131nda istihdam edilmektedir.\" \/>\n<meta property=\"og:url\" content=\"http:\/\/ticaret.edu.tr\/havacilik-yonetimi\/sayisal-bilgiler\/\" \/>\n<meta property=\"og:site_name\" content=\"Havac\u0131l\u0131k Y\u00f6netimi\" \/>\n<meta property=\"article:publisher\" content=\"https:\/\/www.facebook.com\/ticaretedutr\" \/>\n<meta property=\"article:modified_time\" content=\"2025-04-17T09:08:19+00:00\" \/>\n<meta property=\"og:image\" content=\"http:\/\/ticaret.edu.tr\/havacilik-yonetimi\/wp-content\/uploads\/sites\/10\/2021\/11\/web_logo-01.jpg\" \/>\n\t<meta property=\"og:image:width\" content=\"1250\" \/>\n\t<meta property=\"og:image:height\" content=\"833\" \/>\n\t<meta property=\"og:image:type\" content=\"image\/jpeg\" \/>\n<meta name=\"twitter:card\" content=\"summary_large_image\" \/>\n<meta name=\"twitter:site\" content=\"@ticaretedutr\" \/>\n<meta name=\"twitter:label1\" content=\"Tahmini okuma s\u00fcresi\" \/>\n\t<meta name=\"twitter:data1\" content=\"1 dakika\" \/>\n<script type=\"application\/ld+json\" class=\"yoast-schema-graph\">{\"@context\":\"https:\/\/schema.org\",\"@graph\":[{\"@type\":\"WebPage\",\"@id\":\"http:\/\/ticaret.edu.tr\/havacilik-yonetimi\/sayisal-bilgiler\/\",\"url\":\"http:\/\/ticaret.edu.tr\/havacilik-yonetimi\/sayisal-bilgiler\/\",\"name\":\"Say\u0131sal Bilgiler - Havac\u0131l\u0131k Y\u00f6netimi\",\"isPartOf\":{\"@id\":\"https:\/\/ticaret.edu.tr\/havacilik-yonetimi\/en\/#website\"},\"datePublished\":\"2025-01-26T11:53:19+00:00\",\"dateModified\":\"2025-04-17T09:08:19+00:00\",\"breadcrumb\":{\"@id\":\"http:\/\/ticaret.edu.tr\/havacilik-yonetimi\/sayisal-bilgiler\/#breadcrumb\"},\"inLanguage\":\"tr\",\"potentialAction\":[{\"@type\":\"ReadAction\",\"target\":[\"http:\/\/ticaret.edu.tr\/havacilik-yonetimi\/sayisal-bilgiler\/\"]}]},{\"@type\":\"BreadcrumbList\",\"@id\":\"http:\/\/ticaret.edu.tr\/havacilik-yonetimi\/sayisal-bilgiler\/#breadcrumb\",\"itemListElement\":[{\"@type\":\"ListItem\",\"position\":1,\"name\":\"Ana sayfa\",\"item\":\"https:\/\/ticaret.edu.tr\/havacilik-yonetimi\/\"},{\"@type\":\"ListItem\",\"position\":2,\"name\":\"Say\u0131sal Bilgiler\"}]},{\"@type\":\"WebSite\",\"@id\":\"https:\/\/ticaret.edu.tr\/havacilik-yonetimi\/en\/#website\",\"url\":\"https:\/\/ticaret.edu.tr\/havacilik-yonetimi\/en\/\",\"name\":\"Havac\u0131l\u0131k Y\u00f6netimi\",\"description\":\"\",\"potentialAction\":[{\"@type\":\"SearchAction\",\"target\":{\"@type\":\"EntryPoint\",\"urlTemplate\":\"https:\/\/ticaret.edu.tr\/havacilik-yonetimi\/en\/?s={search_term_string}\"},\"query-input\":\"required name=search_term_string\"}],\"inLanguage\":\"tr\"}]}<\/script>\n<!-- \/ Yoast SEO Premium plugin. -->","yoast_head_json":{"title":"Say\u0131sal Bilgiler - Havac\u0131l\u0131k Y\u00f6netimi","robots":{"index":"index","follow":"follow","max-snippet":"max-snippet:-1","max-image-preview":"max-image-preview:large","max-video-preview":"max-video-preview:-1"},"canonical":"http:\/\/ticaret.edu.tr\/havacilik-yonetimi\/sayisal-bilgiler\/","og_locale":"tr_TR","og_type":"article","og_title":"Say\u0131sal Bilgiler","og_description":"Havac\u0131l\u0131k Y\u00f6netimi B\u00f6l\u00fcm\u00fc&#8217; nde aktif olarak 54\u00a0 1. s\u0131n\u0131f \u00f6\u011frencisi, 55 2. s\u0131n\u0131f \u00f6\u011frencisi, 32 3. s\u0131n\u0131f \u00f6\u011frencisi ve 26 4. s\u0131n\u0131f \u00f6\u011frencisi olmak \u00fczere toplam 167 \u00f6\u011frenci e\u011fitim almaktad\u0131r. 2024 akademik y\u0131l\u0131 sonuna kadar toplamda yakla\u015f\u0131k 470 \u00f6\u011frenci b\u00f6l\u00fcmden mezun olarak sekt\u00f6rde havac\u0131l\u0131\u011f\u0131n farkl\u0131 alanlar\u0131nda istihdam edilmektedir.","og_url":"http:\/\/ticaret.edu.tr\/havacilik-yonetimi\/sayisal-bilgiler\/","og_site_name":"Havac\u0131l\u0131k Y\u00f6netimi","article_publisher":"https:\/\/www.facebook.com\/ticaretedutr","article_modified_time":"2025-04-17T09:08:19+00:00","og_image":[{"width":1250,"height":833,"url":"http:\/\/ticaret.edu.tr\/havacilik-yonetimi\/wp-content\/uploads\/sites\/10\/2021\/11\/web_logo-01.jpg","type":"image\/jpeg"}],"twitter_card":"summary_large_image","twitter_site":"@ticaretedutr","twitter_misc":{"Tahmini okuma s\u00fcresi":"1 dakika"},"schema":{"@context":"https:\/\/schema.org","@graph":[{"@type":"WebPage","@id":"http:\/\/ticaret.edu.tr\/havacilik-yonetimi\/sayisal-bilgiler\/","url":"http:\/\/ticaret.edu.tr\/havacilik-yonetimi\/sayisal-bilgiler\/","name":"Say\u0131sal Bilgiler - Havac\u0131l\u0131k Y\u00f6netimi","isPartOf":{"@id":"https:\/\/ticaret.edu.tr\/havacilik-yonetimi\/en\/#website"},"datePublished":"2025-01-26T11:53:19+00:00","dateModified":"2025-04-17T09:08:19+00:00","breadcrumb":{"@id":"http:\/\/ticaret.edu.tr\/havacilik-yonetimi\/sayisal-bilgiler\/#breadcrumb"},"inLanguage":"tr","potentialAction":[{"@type":"ReadAction","target":["http:\/\/ticaret.edu.tr\/havacilik-yonetimi\/sayisal-bilgiler\/"]}]},{"@type":"BreadcrumbList","@id":"http:\/\/ticaret.edu.tr\/havacilik-yonetimi\/sayisal-bilgiler\/#breadcrumb","itemListElement":[{"@type":"ListItem","position":1,"name":"Ana sayfa","item":"https:\/\/ticaret.edu.tr\/havacilik-yonetimi\/"},{"@type":"ListItem","position":2,"name":"Say\u0131sal Bilgiler"}]},{"@type":"WebSite","@id":"https:\/\/ticaret.edu.tr\/havacilik-yonetimi\/en\/#website","url":"https:\/\/ticaret.edu.tr\/havacilik-yonetimi\/en\/","name":"Havac\u0131l\u0131k Y\u00f6netimi","description":"","potentialAction":[{"@type":"SearchAction","target":{"@type":"EntryPoint","urlTemplate":"https:\/\/ticaret.edu.tr\/havacilik-yonetimi\/en\/?s={search_term_string}"},"query-input":"required name=search_term_string"}],"inLanguage":"tr"}]}},"lang":"tr","translations":{"en":1201,"tr":1199},"pll_sync_post":[],"_links":{"self":[{"href":"http:\/\/ticaret.edu.tr\/havacilik-yonetimi\/wp-json\/wp\/v2\/pages\/1199"}],"collection":[{"href":"http:\/\/ticaret.edu.tr\/havacilik-yonetimi\/wp-json\/wp\/v2\/pages"}],"about":[{"href":"http:\/\/ticaret.edu.tr\/havacilik-yonetimi\/wp-json\/wp\/v2\/types\/page"}],"author":[{"embeddable":true,"href":"http:\/\/ticaret.edu.tr\/havacilik-yonetimi\/wp-json\/wp\/v2\/users\/139"}],"replies":[{"embeddable":true,"href":"http:\/\/ticaret.edu.tr\/havacilik-yonetimi\/wp-json\/wp\/v2\/comments?post=1199"}],"version-history":[{"count":3,"href":"http:\/\/ticaret.edu.tr\/havacilik-yonetimi\/wp-json\/wp\/v2\/pages\/1199\/revisions"}],"predecessor-version":[{"id":1637,"href":"http:\/\/ticaret.edu.tr\/havacilik-yonetimi\/wp-json\/wp\/v2\/pages\/1199\/revisions\/1637"}],"wp:attachment":[{"href":"http:\/\/ticaret.edu.tr\/havacilik-yonetimi\/wp-json\/wp\/v2\/media?parent=1199"}],"curies":[{"name":"wp","href":"https:\/\/api.w.org\/{rel}","templated":true}]}}