{"id":1211,"date":"2025-01-26T16:40:39","date_gmt":"2025-01-26T13:40:39","guid":{"rendered":"https:\/\/ticaret.edu.tr\/havacilik-yonetimi\/?page_id=1211"},"modified":"2025-04-28T10:23:14","modified_gmt":"2025-04-28T07:23:14","slug":"bir-ust-dereceye-gecis","status":"publish","type":"page","link":"http:\/\/ticaret.edu.tr\/havacilik-yonetimi\/bir-ust-dereceye-gecis\/","title":{"rendered":"Bir \u00dcst Dereceye Ge\u00e7i\u015f"},"content":{"rendered":"<p>Bu programdan mezun olan \u00f6\u011frenciler, lisans\u00fcst\u00fc programlarda \u00f6\u011frenim g\u00f6rmek \u00fczere ba\u015fvuruda bulunabilirler.<\/p>\n<p>Bu sayfa, b\u00f6l\u00fcm\u00fcm\u00fczde \u00f6\u011frencilerin bir \u00fcst s\u0131n\u0131fa, akademik seviyeye veya diploma program\u0131na ge\u00e7i\u015f s\u00fcreci hakk\u0131nda bilgi edinmeleri i\u00e7in haz\u0131rlanm\u0131\u015ft\u0131r.<\/p>\n<p>Y\u00f6netmelik esaslar\u0131na g\u00f6re ge\u00e7i\u015f \u015fartlar\u0131, ba\u015fvuru s\u00fcreci ve \u00f6nemli kurallar a\u015fa\u011f\u0131da \u00f6zetlenmi\u015ftir.<\/p>\n<p><strong>Ge\u00e7i\u015f \u015eartlar\u0131 ve Genel Esaslar<\/strong><\/p>\n<p>\u00dcst s\u0131n\u0131fa veya akademik seviyeye ge\u00e7i\u015f i\u00e7in \u00f6\u011frencilerin a\u015fa\u011f\u0131daki \u015fartlar\u0131 sa\u011flamalar\u0131 gerekmektedir:<\/p>\n<p><strong>Akademik Ba\u015far\u0131:<\/strong><\/p>\n<ul>\n<li>\u00d6\u011frencinin bir \u00fcst s\u0131n\u0131fa ge\u00e7ebilmesi i\u00e7in Genel Not Ortalamas\u0131 (GNO) en az 2.00 olmal\u0131d\u0131r (Madde 31).<\/li>\n<li>GNO\u2019su 2.00\u2019\u0131n alt\u0131nda olan \u00f6\u011frenciler s\u0131namal\u0131 \u00f6\u011frenci stat\u00fcs\u00fcnde olup, belirlenen dersleri tamamlayana kadar bir \u00fcst s\u0131n\u0131fa ge\u00e7emezler.<\/li>\n<\/ul>\n<p><strong>Zorunlu Derslerin Tamamlanmas\u0131:<\/strong><\/p>\n<ul>\n<li>\u00d6\u011frencinin \u00f6nceki d\u00f6nemde ald\u0131\u011f\u0131 t\u00fcm zorunlu derslerden ba\u015far\u0131l\u0131 olmas\u0131 gerekmektedir (Madde 21).<\/li>\n<li>Ba\u015far\u0131s\u0131z olunan dersler i\u00e7in \u00f6\u011frenci, \u00f6ncelikle bu dersleri tamamlamak zorundad\u0131r.<\/li>\n<\/ul>\n<p><strong>Kredi Y\u00fck\u00fc ve Ders Se\u00e7imi:<\/strong><\/p>\n<ul>\n<li>\u00d6\u011frencinin bir d\u00f6nemde alabilece\u011fi maksimum kredi y\u00fck\u00fc 30 AKTS olup, not ortalamas\u0131 3.00 ve \u00fczeri olan \u00f6\u011frenciler ek olarak 6 AKTS daha alabilir (Madde 24).<\/li>\n<li>Alt s\u0131n\u0131flardan ba\u015far\u0131s\u0131z dersleri olan \u00f6\u011frenciler, \u00f6ncelikle bu dersleri tamamlamakla y\u00fck\u00fcml\u00fcd\u00fcr.<\/li>\n<\/ul>\n<p><strong>Devams\u0131zl\u0131k Durumu:<\/strong><\/p>\n<ul>\n<li>Derslerin en az %70\u2019ine kat\u0131l\u0131m sa\u011flanmal\u0131d\u0131r. Devams\u0131zl\u0131k nedeniyle ba\u015far\u0131s\u0131z olan dersler tekrar al\u0131nmal\u0131d\u0131r (Madde 25).<\/li>\n<\/ul>\n","protected":false},"excerpt":{"rendered":"<p>Bu programdan mezun olan \u00f6\u011frenciler, lisans\u00fcst\u00fc programlarda \u00f6\u011frenim g\u00f6rmek \u00fczere ba\u015fvuruda bulunabilirler. Bu sayfa, b\u00f6l\u00fcm\u00fcm\u00fczde \u00f6\u011frencilerin bir \u00fcst s\u0131n\u0131fa, akademik seviyeye veya diploma program\u0131na ge\u00e7i\u015f s\u00fcreci hakk\u0131nda bilgi edinmeleri i\u00e7in haz\u0131rlanm\u0131\u015ft\u0131r. Y\u00f6netmelik esaslar\u0131na g\u00f6re ge\u00e7i\u015f \u015fartlar\u0131, ba\u015fvuru s\u00fcreci ve \u00f6nemli kurallar a\u015fa\u011f\u0131da \u00f6zetlenmi\u015ftir. Ge\u00e7i\u015f \u015eartlar\u0131 ve Genel Esaslar \u00dcst s\u0131n\u0131fa veya akademik seviyeye ge\u00e7i\u015f i\u00e7in [&hellip;]<\/p>\n","protected":false},"author":139,"featured_media":0,"parent":0,"menu_order":0,"comment_status":"closed","ping_status":"closed","template":"genel_sayfa.php","meta":{"footnotes":""},"yoast_head":"<!-- This site is optimized with the Yoast SEO Premium plugin v22.1 (Yoast SEO v22.1) - https:\/\/yoast.com\/wordpress\/plugins\/seo\/ -->\n<title>Bir \u00dcst Dereceye Ge\u00e7i\u015f - Havac\u0131l\u0131k Y\u00f6netimi<\/title>\n<meta name=\"robots\" content=\"index, follow, max-snippet:-1, max-image-preview:large, max-video-preview:-1\" \/>\n<link rel=\"canonical\" href=\"http:\/\/ticaret.edu.tr\/havacilik-yonetimi\/bir-ust-dereceye-gecis\/\" \/>\n<meta property=\"og:locale\" content=\"tr_TR\" \/>\n<meta property=\"og:type\" content=\"article\" \/>\n<meta property=\"og:title\" content=\"Bir \u00dcst Dereceye Ge\u00e7i\u015f\" \/>\n<meta property=\"og:description\" content=\"Bu programdan mezun olan \u00f6\u011frenciler, lisans\u00fcst\u00fc programlarda \u00f6\u011frenim g\u00f6rmek \u00fczere ba\u015fvuruda bulunabilirler. Bu sayfa, b\u00f6l\u00fcm\u00fcm\u00fczde \u00f6\u011frencilerin bir \u00fcst s\u0131n\u0131fa, akademik seviyeye veya diploma program\u0131na ge\u00e7i\u015f s\u00fcreci hakk\u0131nda bilgi edinmeleri i\u00e7in haz\u0131rlanm\u0131\u015ft\u0131r. Y\u00f6netmelik esaslar\u0131na g\u00f6re ge\u00e7i\u015f \u015fartlar\u0131, ba\u015fvuru s\u00fcreci ve \u00f6nemli kurallar a\u015fa\u011f\u0131da \u00f6zetlenmi\u015ftir. Ge\u00e7i\u015f \u015eartlar\u0131 ve Genel Esaslar \u00dcst s\u0131n\u0131fa veya akademik seviyeye ge\u00e7i\u015f i\u00e7in [&hellip;]\" \/>\n<meta property=\"og:url\" content=\"http:\/\/ticaret.edu.tr\/havacilik-yonetimi\/bir-ust-dereceye-gecis\/\" \/>\n<meta property=\"og:site_name\" content=\"Havac\u0131l\u0131k Y\u00f6netimi\" \/>\n<meta property=\"article:publisher\" content=\"https:\/\/www.facebook.com\/ticaretedutr\" \/>\n<meta property=\"article:modified_time\" content=\"2025-04-28T07:23:14+00:00\" \/>\n<meta property=\"og:image\" content=\"http:\/\/ticaret.edu.tr\/havacilik-yonetimi\/wp-content\/uploads\/sites\/10\/2021\/11\/web_logo-01.jpg\" \/>\n\t<meta property=\"og:image:width\" content=\"1250\" \/>\n\t<meta property=\"og:image:height\" content=\"833\" \/>\n\t<meta property=\"og:image:type\" content=\"image\/jpeg\" \/>\n<meta name=\"twitter:card\" content=\"summary_large_image\" \/>\n<meta name=\"twitter:site\" content=\"@ticaretedutr\" \/>\n<meta name=\"twitter:label1\" content=\"Tahmini okuma s\u00fcresi\" \/>\n\t<meta name=\"twitter:data1\" content=\"2 dakika\" \/>\n<script type=\"application\/ld+json\" class=\"yoast-schema-graph\">{\"@context\":\"https:\/\/schema.org\",\"@graph\":[{\"@type\":\"WebPage\",\"@id\":\"http:\/\/ticaret.edu.tr\/havacilik-yonetimi\/bir-ust-dereceye-gecis\/\",\"url\":\"http:\/\/ticaret.edu.tr\/havacilik-yonetimi\/bir-ust-dereceye-gecis\/\",\"name\":\"Bir \u00dcst Dereceye Ge\u00e7i\u015f - Havac\u0131l\u0131k Y\u00f6netimi\",\"isPartOf\":{\"@id\":\"https:\/\/ticaret.edu.tr\/havacilik-yonetimi\/en\/#website\"},\"datePublished\":\"2025-01-26T13:40:39+00:00\",\"dateModified\":\"2025-04-28T07:23:14+00:00\",\"breadcrumb\":{\"@id\":\"http:\/\/ticaret.edu.tr\/havacilik-yonetimi\/bir-ust-dereceye-gecis\/#breadcrumb\"},\"inLanguage\":\"tr\",\"potentialAction\":[{\"@type\":\"ReadAction\",\"target\":[\"http:\/\/ticaret.edu.tr\/havacilik-yonetimi\/bir-ust-dereceye-gecis\/\"]}]},{\"@type\":\"BreadcrumbList\",\"@id\":\"http:\/\/ticaret.edu.tr\/havacilik-yonetimi\/bir-ust-dereceye-gecis\/#breadcrumb\",\"itemListElement\":[{\"@type\":\"ListItem\",\"position\":1,\"name\":\"Ana sayfa\",\"item\":\"https:\/\/ticaret.edu.tr\/havacilik-yonetimi\/\"},{\"@type\":\"ListItem\",\"position\":2,\"name\":\"Bir \u00dcst Dereceye Ge\u00e7i\u015f\"}]},{\"@type\":\"WebSite\",\"@id\":\"https:\/\/ticaret.edu.tr\/havacilik-yonetimi\/en\/#website\",\"url\":\"https:\/\/ticaret.edu.tr\/havacilik-yonetimi\/en\/\",\"name\":\"Havac\u0131l\u0131k Y\u00f6netimi\",\"description\":\"\",\"potentialAction\":[{\"@type\":\"SearchAction\",\"target\":{\"@type\":\"EntryPoint\",\"urlTemplate\":\"https:\/\/ticaret.edu.tr\/havacilik-yonetimi\/en\/?s={search_term_string}\"},\"query-input\":\"required name=search_term_string\"}],\"inLanguage\":\"tr\"}]}<\/script>\n<!-- \/ Yoast SEO Premium plugin. -->","yoast_head_json":{"title":"Bir \u00dcst Dereceye Ge\u00e7i\u015f - Havac\u0131l\u0131k Y\u00f6netimi","robots":{"index":"index","follow":"follow","max-snippet":"max-snippet:-1","max-image-preview":"max-image-preview:large","max-video-preview":"max-video-preview:-1"},"canonical":"http:\/\/ticaret.edu.tr\/havacilik-yonetimi\/bir-ust-dereceye-gecis\/","og_locale":"tr_TR","og_type":"article","og_title":"Bir \u00dcst Dereceye Ge\u00e7i\u015f","og_description":"Bu programdan mezun olan \u00f6\u011frenciler, lisans\u00fcst\u00fc programlarda \u00f6\u011frenim g\u00f6rmek \u00fczere ba\u015fvuruda bulunabilirler. Bu sayfa, b\u00f6l\u00fcm\u00fcm\u00fczde \u00f6\u011frencilerin bir \u00fcst s\u0131n\u0131fa, akademik seviyeye veya diploma program\u0131na ge\u00e7i\u015f s\u00fcreci hakk\u0131nda bilgi edinmeleri i\u00e7in haz\u0131rlanm\u0131\u015ft\u0131r. Y\u00f6netmelik esaslar\u0131na g\u00f6re ge\u00e7i\u015f \u015fartlar\u0131, ba\u015fvuru s\u00fcreci ve \u00f6nemli kurallar a\u015fa\u011f\u0131da \u00f6zetlenmi\u015ftir. Ge\u00e7i\u015f \u015eartlar\u0131 ve Genel Esaslar \u00dcst s\u0131n\u0131fa veya akademik seviyeye ge\u00e7i\u015f i\u00e7in [&hellip;]","og_url":"http:\/\/ticaret.edu.tr\/havacilik-yonetimi\/bir-ust-dereceye-gecis\/","og_site_name":"Havac\u0131l\u0131k Y\u00f6netimi","article_publisher":"https:\/\/www.facebook.com\/ticaretedutr","article_modified_time":"2025-04-28T07:23:14+00:00","og_image":[{"width":1250,"height":833,"url":"http:\/\/ticaret.edu.tr\/havacilik-yonetimi\/wp-content\/uploads\/sites\/10\/2021\/11\/web_logo-01.jpg","type":"image\/jpeg"}],"twitter_card":"summary_large_image","twitter_site":"@ticaretedutr","twitter_misc":{"Tahmini okuma s\u00fcresi":"2 dakika"},"schema":{"@context":"https:\/\/schema.org","@graph":[{"@type":"WebPage","@id":"http:\/\/ticaret.edu.tr\/havacilik-yonetimi\/bir-ust-dereceye-gecis\/","url":"http:\/\/ticaret.edu.tr\/havacilik-yonetimi\/bir-ust-dereceye-gecis\/","name":"Bir \u00dcst Dereceye Ge\u00e7i\u015f - Havac\u0131l\u0131k Y\u00f6netimi","isPartOf":{"@id":"https:\/\/ticaret.edu.tr\/havacilik-yonetimi\/en\/#website"},"datePublished":"2025-01-26T13:40:39+00:00","dateModified":"2025-04-28T07:23:14+00:00","breadcrumb":{"@id":"http:\/\/ticaret.edu.tr\/havacilik-yonetimi\/bir-ust-dereceye-gecis\/#breadcrumb"},"inLanguage":"tr","potentialAction":[{"@type":"ReadAction","target":["http:\/\/ticaret.edu.tr\/havacilik-yonetimi\/bir-ust-dereceye-gecis\/"]}]},{"@type":"BreadcrumbList","@id":"http:\/\/ticaret.edu.tr\/havacilik-yonetimi\/bir-ust-dereceye-gecis\/#breadcrumb","itemListElement":[{"@type":"ListItem","position":1,"name":"Ana sayfa","item":"https:\/\/ticaret.edu.tr\/havacilik-yonetimi\/"},{"@type":"ListItem","position":2,"name":"Bir \u00dcst Dereceye Ge\u00e7i\u015f"}]},{"@type":"WebSite","@id":"https:\/\/ticaret.edu.tr\/havacilik-yonetimi\/en\/#website","url":"https:\/\/ticaret.edu.tr\/havacilik-yonetimi\/en\/","name":"Havac\u0131l\u0131k Y\u00f6netimi","description":"","potentialAction":[{"@type":"SearchAction","target":{"@type":"EntryPoint","urlTemplate":"https:\/\/ticaret.edu.tr\/havacilik-yonetimi\/en\/?s={search_term_string}"},"query-input":"required name=search_term_string"}],"inLanguage":"tr"}]}},"lang":"tr","translations":{"en":1213,"tr":1211},"pll_sync_post":[],"_links":{"self":[{"href":"http:\/\/ticaret.edu.tr\/havacilik-yonetimi\/wp-json\/wp\/v2\/pages\/1211"}],"collection":[{"href":"http:\/\/ticaret.edu.tr\/havacilik-yonetimi\/wp-json\/wp\/v2\/pages"}],"about":[{"href":"http:\/\/ticaret.edu.tr\/havacilik-yonetimi\/wp-json\/wp\/v2\/types\/page"}],"author":[{"embeddable":true,"href":"http:\/\/ticaret.edu.tr\/havacilik-yonetimi\/wp-json\/wp\/v2\/users\/139"}],"replies":[{"embeddable":true,"href":"http:\/\/ticaret.edu.tr\/havacilik-yonetimi\/wp-json\/wp\/v2\/comments?post=1211"}],"version-history":[{"count":4,"href":"http:\/\/ticaret.edu.tr\/havacilik-yonetimi\/wp-json\/wp\/v2\/pages\/1211\/revisions"}],"predecessor-version":[{"id":1667,"href":"http:\/\/ticaret.edu.tr\/havacilik-yonetimi\/wp-json\/wp\/v2\/pages\/1211\/revisions\/1667"}],"wp:attachment":[{"href":"http:\/\/ticaret.edu.tr\/havacilik-yonetimi\/wp-json\/wp\/v2\/media?parent=1211"}],"curies":[{"name":"wp","href":"https:\/\/api.w.org\/{rel}","templated":true}]}}