{"id":1216,"date":"2025-01-26T16:47:19","date_gmt":"2025-01-26T13:47:19","guid":{"rendered":"https:\/\/ticaret.edu.tr\/havacilik-yonetimi\/?page_id=1216"},"modified":"2025-05-30T15:39:06","modified_gmt":"2025-05-30T12:39:06","slug":"program-egitim-amaclari","status":"publish","type":"page","link":"http:\/\/ticaret.edu.tr\/havacilik-yonetimi\/program-egitim-amaclari\/","title":{"rendered":"Program E\u011fitim Ama\u00e7lar\u0131"},"content":{"rendered":"<table style=\"height: 450px\" width=\"650\">\n<tbody>\n<tr>\n<td width=\"64\">1<\/td>\n<td width=\"1088\">Sivil Havac\u0131l\u0131k sekt\u00f6r\u00fcndeki b\u00fct\u00fcn payda\u015flar\u0131, sivil havac\u0131l\u0131\u011f\u0131n emniyetli, g\u00fcvenli ve verimli bir \u015fekilde s\u00fcrd\u00fcr\u00fclebilmesi i\u00e7in bir araya getirmeyi ama\u00e7layan b\u00f6l\u00fcmd\u00fcr.<\/td>\n<\/tr>\n<tr>\n<td>2<\/td>\n<td>Havac\u0131l\u0131k sekt\u00f6r\u00fcn\u00fcn operasyonel ve y\u00f6netimsel alanlar\u0131nda \u00e7al\u0131\u015fabilecek nitelikli personelleri yeti\u015ftirmeyi ama\u00e7lar.<\/td>\n<\/tr>\n<tr>\n<td>3<\/td>\n<td>H\u0131zla geli\u015fen ve uluslararas\u0131 \u00f6l\u00e7ekte b\u00fcy\u00fcyen havac\u0131l\u0131k sekt\u00f6r\u00fcne entegre olabilecek bilgi, beceri ve yabanc\u0131 dil yeterlili\u011fine sahip bireyler yeti\u015ftirmeyi hedefler.<\/td>\n<\/tr>\n<tr>\n<td>4<\/td>\n<td>Havac\u0131l\u0131k i\u015fletmelerinde kalite, emniyet, s\u00fcrd\u00fcr\u00fclebilirlik ve verimlilik ilkelerine uygun y\u00f6netim anlay\u0131\u015f\u0131n\u0131 benimsemi\u015f mezunlar kazand\u0131rmay\u0131 ama\u00e7lar.<\/td>\n<\/tr>\n<tr>\n<td>5<\/td>\n<td>\u00d6\u011frencilerin liderlik, tak\u0131m \u00e7al\u0131\u015fmas\u0131 ve etkili ileti\u015fim becerilerini geli\u015ftirerek sekt\u00f6rdeki y\u00f6netimsel sorumluluklar\u0131 \u00fcstlenebilecek donan\u0131ma sahip olmalar\u0131n\u0131 sa\u011flar.<\/td>\n<\/tr>\n<tr>\n<td>6<\/td>\n<td>Mezunlar\u0131n ya\u015fam boyu \u00f6\u011frenme bilinciyle sekt\u00f6rel geli\u015fmeleri takip edebilmeleri ve kendilerini s\u00fcrekli yenileyebilmeleri i\u00e7in gerekli altyap\u0131y\u0131 sunar.<\/td>\n<\/tr>\n<tr>\n<td>7<\/td>\n<td>T\u00fcrkiye\u2019nin havac\u0131l\u0131kta b\u00f6lgesel bir merkez olma vizyonuna katk\u0131 sunabilecek, yerli ve uluslararas\u0131 havac\u0131l\u0131k i\u015fletmelerinde g\u00f6rev alabilecek mezunlar yeti\u015ftirmeyi ama\u00e7lar.<\/td>\n<\/tr>\n<\/tbody>\n<\/table>\n","protected":false},"excerpt":{"rendered":"<p>1 Sivil Havac\u0131l\u0131k sekt\u00f6r\u00fcndeki b\u00fct\u00fcn payda\u015flar\u0131, sivil havac\u0131l\u0131\u011f\u0131n emniyetli, g\u00fcvenli ve verimli bir \u015fekilde s\u00fcrd\u00fcr\u00fclebilmesi i\u00e7in bir araya getirmeyi ama\u00e7layan b\u00f6l\u00fcmd\u00fcr. 2 Havac\u0131l\u0131k sekt\u00f6r\u00fcn\u00fcn operasyonel ve y\u00f6netimsel alanlar\u0131nda \u00e7al\u0131\u015fabilecek nitelikli personelleri yeti\u015ftirmeyi ama\u00e7lar. 3 H\u0131zla geli\u015fen ve uluslararas\u0131 \u00f6l\u00e7ekte b\u00fcy\u00fcyen havac\u0131l\u0131k sekt\u00f6r\u00fcne entegre olabilecek bilgi, beceri ve yabanc\u0131 dil yeterlili\u011fine sahip bireyler yeti\u015ftirmeyi hedefler. 4 [&hellip;]<\/p>\n","protected":false},"author":139,"featured_media":0,"parent":0,"menu_order":0,"comment_status":"closed","ping_status":"closed","template":"genel_sayfa.php","meta":{"footnotes":""},"yoast_head":"<!-- This site is optimized with the Yoast SEO Premium plugin v22.1 (Yoast SEO v22.1) - https:\/\/yoast.com\/wordpress\/plugins\/seo\/ -->\n<title>Program E\u011fitim Ama\u00e7lar\u0131 - Havac\u0131l\u0131k Y\u00f6netimi<\/title>\n<meta name=\"robots\" content=\"index, follow, max-snippet:-1, max-image-preview:large, max-video-preview:-1\" \/>\n<link rel=\"canonical\" href=\"http:\/\/ticaret.edu.tr\/havacilik-yonetimi\/program-egitim-amaclari\/\" \/>\n<meta property=\"og:locale\" content=\"tr_TR\" \/>\n<meta property=\"og:type\" content=\"article\" \/>\n<meta property=\"og:title\" content=\"Program E\u011fitim Ama\u00e7lar\u0131\" \/>\n<meta property=\"og:description\" content=\"1 Sivil Havac\u0131l\u0131k sekt\u00f6r\u00fcndeki b\u00fct\u00fcn payda\u015flar\u0131, sivil havac\u0131l\u0131\u011f\u0131n emniyetli, g\u00fcvenli ve verimli bir \u015fekilde s\u00fcrd\u00fcr\u00fclebilmesi i\u00e7in bir araya getirmeyi ama\u00e7layan b\u00f6l\u00fcmd\u00fcr. 2 Havac\u0131l\u0131k sekt\u00f6r\u00fcn\u00fcn operasyonel ve y\u00f6netimsel alanlar\u0131nda \u00e7al\u0131\u015fabilecek nitelikli personelleri yeti\u015ftirmeyi ama\u00e7lar. 3 H\u0131zla geli\u015fen ve uluslararas\u0131 \u00f6l\u00e7ekte b\u00fcy\u00fcyen havac\u0131l\u0131k sekt\u00f6r\u00fcne entegre olabilecek bilgi, beceri ve yabanc\u0131 dil yeterlili\u011fine sahip bireyler yeti\u015ftirmeyi hedefler. 4 [&hellip;]\" \/>\n<meta property=\"og:url\" content=\"http:\/\/ticaret.edu.tr\/havacilik-yonetimi\/program-egitim-amaclari\/\" \/>\n<meta property=\"og:site_name\" content=\"Havac\u0131l\u0131k Y\u00f6netimi\" \/>\n<meta property=\"article:publisher\" content=\"https:\/\/www.facebook.com\/ticaretedutr\" \/>\n<meta property=\"article:modified_time\" content=\"2025-05-30T12:39:06+00:00\" \/>\n<meta property=\"og:image\" content=\"http:\/\/ticaret.edu.tr\/havacilik-yonetimi\/wp-content\/uploads\/sites\/10\/2021\/11\/web_logo-01.jpg\" \/>\n\t<meta property=\"og:image:width\" content=\"1250\" \/>\n\t<meta property=\"og:image:height\" content=\"833\" \/>\n\t<meta property=\"og:image:type\" content=\"image\/jpeg\" \/>\n<meta name=\"twitter:card\" content=\"summary_large_image\" \/>\n<meta name=\"twitter:site\" content=\"@ticaretedutr\" \/>\n<meta name=\"twitter:label1\" content=\"Tahmini okuma s\u00fcresi\" \/>\n\t<meta name=\"twitter:data1\" content=\"1 dakika\" \/>\n<script type=\"application\/ld+json\" class=\"yoast-schema-graph\">{\"@context\":\"https:\/\/schema.org\",\"@graph\":[{\"@type\":\"WebPage\",\"@id\":\"http:\/\/ticaret.edu.tr\/havacilik-yonetimi\/program-egitim-amaclari\/\",\"url\":\"http:\/\/ticaret.edu.tr\/havacilik-yonetimi\/program-egitim-amaclari\/\",\"name\":\"Program E\u011fitim Ama\u00e7lar\u0131 - Havac\u0131l\u0131k Y\u00f6netimi\",\"isPartOf\":{\"@id\":\"https:\/\/ticaret.edu.tr\/havacilik-yonetimi\/en\/#website\"},\"datePublished\":\"2025-01-26T13:47:19+00:00\",\"dateModified\":\"2025-05-30T12:39:06+00:00\",\"breadcrumb\":{\"@id\":\"http:\/\/ticaret.edu.tr\/havacilik-yonetimi\/program-egitim-amaclari\/#breadcrumb\"},\"inLanguage\":\"tr\",\"potentialAction\":[{\"@type\":\"ReadAction\",\"target\":[\"http:\/\/ticaret.edu.tr\/havacilik-yonetimi\/program-egitim-amaclari\/\"]}]},{\"@type\":\"BreadcrumbList\",\"@id\":\"http:\/\/ticaret.edu.tr\/havacilik-yonetimi\/program-egitim-amaclari\/#breadcrumb\",\"itemListElement\":[{\"@type\":\"ListItem\",\"position\":1,\"name\":\"Ana sayfa\",\"item\":\"https:\/\/ticaret.edu.tr\/havacilik-yonetimi\/\"},{\"@type\":\"ListItem\",\"position\":2,\"name\":\"Program E\u011fitim Ama\u00e7lar\u0131\"}]},{\"@type\":\"WebSite\",\"@id\":\"https:\/\/ticaret.edu.tr\/havacilik-yonetimi\/en\/#website\",\"url\":\"https:\/\/ticaret.edu.tr\/havacilik-yonetimi\/en\/\",\"name\":\"Havac\u0131l\u0131k Y\u00f6netimi\",\"description\":\"\",\"potentialAction\":[{\"@type\":\"SearchAction\",\"target\":{\"@type\":\"EntryPoint\",\"urlTemplate\":\"https:\/\/ticaret.edu.tr\/havacilik-yonetimi\/en\/?s={search_term_string}\"},\"query-input\":\"required name=search_term_string\"}],\"inLanguage\":\"tr\"}]}<\/script>\n<!-- \/ Yoast SEO Premium plugin. -->","yoast_head_json":{"title":"Program E\u011fitim Ama\u00e7lar\u0131 - Havac\u0131l\u0131k Y\u00f6netimi","robots":{"index":"index","follow":"follow","max-snippet":"max-snippet:-1","max-image-preview":"max-image-preview:large","max-video-preview":"max-video-preview:-1"},"canonical":"http:\/\/ticaret.edu.tr\/havacilik-yonetimi\/program-egitim-amaclari\/","og_locale":"tr_TR","og_type":"article","og_title":"Program E\u011fitim Ama\u00e7lar\u0131","og_description":"1 Sivil Havac\u0131l\u0131k sekt\u00f6r\u00fcndeki b\u00fct\u00fcn payda\u015flar\u0131, sivil havac\u0131l\u0131\u011f\u0131n emniyetli, g\u00fcvenli ve verimli bir \u015fekilde s\u00fcrd\u00fcr\u00fclebilmesi i\u00e7in bir araya getirmeyi ama\u00e7layan b\u00f6l\u00fcmd\u00fcr. 2 Havac\u0131l\u0131k sekt\u00f6r\u00fcn\u00fcn operasyonel ve y\u00f6netimsel alanlar\u0131nda \u00e7al\u0131\u015fabilecek nitelikli personelleri yeti\u015ftirmeyi ama\u00e7lar. 3 H\u0131zla geli\u015fen ve uluslararas\u0131 \u00f6l\u00e7ekte b\u00fcy\u00fcyen havac\u0131l\u0131k sekt\u00f6r\u00fcne entegre olabilecek bilgi, beceri ve yabanc\u0131 dil yeterlili\u011fine sahip bireyler yeti\u015ftirmeyi hedefler. 4 [&hellip;]","og_url":"http:\/\/ticaret.edu.tr\/havacilik-yonetimi\/program-egitim-amaclari\/","og_site_name":"Havac\u0131l\u0131k Y\u00f6netimi","article_publisher":"https:\/\/www.facebook.com\/ticaretedutr","article_modified_time":"2025-05-30T12:39:06+00:00","og_image":[{"width":1250,"height":833,"url":"http:\/\/ticaret.edu.tr\/havacilik-yonetimi\/wp-content\/uploads\/sites\/10\/2021\/11\/web_logo-01.jpg","type":"image\/jpeg"}],"twitter_card":"summary_large_image","twitter_site":"@ticaretedutr","twitter_misc":{"Tahmini okuma s\u00fcresi":"1 dakika"},"schema":{"@context":"https:\/\/schema.org","@graph":[{"@type":"WebPage","@id":"http:\/\/ticaret.edu.tr\/havacilik-yonetimi\/program-egitim-amaclari\/","url":"http:\/\/ticaret.edu.tr\/havacilik-yonetimi\/program-egitim-amaclari\/","name":"Program E\u011fitim Ama\u00e7lar\u0131 - Havac\u0131l\u0131k Y\u00f6netimi","isPartOf":{"@id":"https:\/\/ticaret.edu.tr\/havacilik-yonetimi\/en\/#website"},"datePublished":"2025-01-26T13:47:19+00:00","dateModified":"2025-05-30T12:39:06+00:00","breadcrumb":{"@id":"http:\/\/ticaret.edu.tr\/havacilik-yonetimi\/program-egitim-amaclari\/#breadcrumb"},"inLanguage":"tr","potentialAction":[{"@type":"ReadAction","target":["http:\/\/ticaret.edu.tr\/havacilik-yonetimi\/program-egitim-amaclari\/"]}]},{"@type":"BreadcrumbList","@id":"http:\/\/ticaret.edu.tr\/havacilik-yonetimi\/program-egitim-amaclari\/#breadcrumb","itemListElement":[{"@type":"ListItem","position":1,"name":"Ana sayfa","item":"https:\/\/ticaret.edu.tr\/havacilik-yonetimi\/"},{"@type":"ListItem","position":2,"name":"Program E\u011fitim Ama\u00e7lar\u0131"}]},{"@type":"WebSite","@id":"https:\/\/ticaret.edu.tr\/havacilik-yonetimi\/en\/#website","url":"https:\/\/ticaret.edu.tr\/havacilik-yonetimi\/en\/","name":"Havac\u0131l\u0131k Y\u00f6netimi","description":"","potentialAction":[{"@type":"SearchAction","target":{"@type":"EntryPoint","urlTemplate":"https:\/\/ticaret.edu.tr\/havacilik-yonetimi\/en\/?s={search_term_string}"},"query-input":"required name=search_term_string"}],"inLanguage":"tr"}]}},"lang":"tr","translations":{"en":1218,"tr":1216},"pll_sync_post":[],"_links":{"self":[{"href":"http:\/\/ticaret.edu.tr\/havacilik-yonetimi\/wp-json\/wp\/v2\/pages\/1216"}],"collection":[{"href":"http:\/\/ticaret.edu.tr\/havacilik-yonetimi\/wp-json\/wp\/v2\/pages"}],"about":[{"href":"http:\/\/ticaret.edu.tr\/havacilik-yonetimi\/wp-json\/wp\/v2\/types\/page"}],"author":[{"embeddable":true,"href":"http:\/\/ticaret.edu.tr\/havacilik-yonetimi\/wp-json\/wp\/v2\/users\/139"}],"replies":[{"embeddable":true,"href":"http:\/\/ticaret.edu.tr\/havacilik-yonetimi\/wp-json\/wp\/v2\/comments?post=1216"}],"version-history":[{"count":2,"href":"http:\/\/ticaret.edu.tr\/havacilik-yonetimi\/wp-json\/wp\/v2\/pages\/1216\/revisions"}],"predecessor-version":[{"id":1753,"href":"http:\/\/ticaret.edu.tr\/havacilik-yonetimi\/wp-json\/wp\/v2\/pages\/1216\/revisions\/1753"}],"wp:attachment":[{"href":"http:\/\/ticaret.edu.tr\/havacilik-yonetimi\/wp-json\/wp\/v2\/media?parent=1216"}],"curies":[{"name":"wp","href":"https:\/\/api.w.org\/{rel}","templated":true}]}}