{"id":1218,"date":"2025-01-26T16:53:24","date_gmt":"2025-01-26T13:53:24","guid":{"rendered":"https:\/\/ticaret.edu.tr\/havacilik-yonetimi\/?page_id=1218"},"modified":"2026-01-21T09:49:48","modified_gmt":"2026-01-21T06:49:48","slug":"programs-educational-objectives","status":"publish","type":"page","link":"http:\/\/ticaret.edu.tr\/havacilik-yonetimi\/en\/programs-educational-objectives\/","title":{"rendered":"Program&#8217;s Educational Objectives"},"content":{"rendered":"<ul>\n<li data-start=\"0\" data-end=\"185\">\n<p data-start=\"3\" data-end=\"185\">The department aims to bring together all stakeholders in the civil aviation sector in order to ensure that civil aviation can be sustained in a safe, secure, and efficient manner.<\/p>\n<\/li>\n<li data-start=\"186\" data-end=\"310\">\n<p data-start=\"189\" data-end=\"310\">It aims to educate qualified personnel who can work in the operational and managerial domains of the aviation industry.<\/p>\n<\/li>\n<li data-start=\"311\" data-end=\"504\">\n<p data-start=\"314\" data-end=\"504\">It seeks to train individuals with the knowledge, skills, and foreign-language proficiency necessary to integrate into the rapidly developing and internationally expanding aviation sector.<\/p>\n<\/li>\n<li data-start=\"505\" data-end=\"680\">\n<p data-start=\"508\" data-end=\"680\">It aims to produce graduates who embrace a management approach aligned with the principles of quality, safety, sustainability, and efficiency within aviation enterprises.<\/p>\n<\/li>\n<li data-start=\"681\" data-end=\"872\">\n<p data-start=\"684\" data-end=\"872\">By enhancing students\u2019 leadership, teamwork, and effective communication skills, it enables them to acquire the competencies required to assume managerial responsibilities in the sector.<\/p>\n<\/li>\n<li data-start=\"873\" data-end=\"1041\">\n<p data-start=\"876\" data-end=\"1041\">It provides the necessary foundation for graduates to monitor sectoral developments with a lifelong learning mindset and to continuously update their competencies.<\/p>\n<\/li>\n<li data-start=\"1042\" data-end=\"1225\" data-is-last-node=\"\">\n<p data-start=\"1045\" data-end=\"1225\" data-is-last-node=\"\">It aims to educate graduates who can contribute to T\u00fcrkiye\u2019s vision of becoming a regional aviation hub and who can serve in both domestic and international aviation organizations.<\/p>\n<\/li>\n<\/ul>\n","protected":false},"excerpt":{"rendered":"<p>The department aims to bring together all stakeholders in the civil aviation sector in order to ensure that civil aviation can be sustained in a safe, secure, and efficient manner. It aims to educate qualified personnel who can work in the operational and managerial domains of the aviation industry. It seeks to train individuals with [&hellip;]<\/p>\n","protected":false},"author":139,"featured_media":0,"parent":0,"menu_order":0,"comment_status":"closed","ping_status":"closed","template":"genel_sayfa.php","meta":{"footnotes":""},"yoast_head":"<!-- This site is optimized with the Yoast SEO Premium plugin v22.1 (Yoast SEO v22.1) - https:\/\/yoast.com\/wordpress\/plugins\/seo\/ -->\n<title>Program&#039;s Educational Objectives - Havac\u0131l\u0131k Y\u00f6netimi<\/title>\n<meta name=\"robots\" content=\"index, follow, max-snippet:-1, max-image-preview:large, max-video-preview:-1\" \/>\n<link rel=\"canonical\" href=\"http:\/\/ticaret.edu.tr\/havacilik-yonetimi\/en\/programs-educational-objectives\/\" \/>\n<meta property=\"og:locale\" content=\"tr_TR\" \/>\n<meta property=\"og:type\" content=\"article\" \/>\n<meta property=\"og:title\" content=\"Program&#039;s Educational Objectives\" \/>\n<meta property=\"og:description\" content=\"The department aims to bring together all stakeholders in the civil aviation sector in order to ensure that civil aviation can be sustained in a safe, secure, and efficient manner. It aims to educate qualified personnel who can work in the operational and managerial domains of the aviation industry. It seeks to train individuals with [&hellip;]\" \/>\n<meta property=\"og:url\" content=\"http:\/\/ticaret.edu.tr\/havacilik-yonetimi\/en\/programs-educational-objectives\/\" \/>\n<meta property=\"og:site_name\" content=\"Havac\u0131l\u0131k Y\u00f6netimi\" \/>\n<meta property=\"article:publisher\" content=\"https:\/\/www.facebook.com\/ticaretedutr\" \/>\n<meta property=\"article:modified_time\" content=\"2026-01-21T06:49:48+00:00\" \/>\n<meta property=\"og:image\" content=\"http:\/\/ticaret.edu.tr\/havacilik-yonetimi\/wp-content\/uploads\/sites\/10\/2021\/11\/web_logo-01.jpg\" \/>\n\t<meta property=\"og:image:width\" content=\"1250\" \/>\n\t<meta property=\"og:image:height\" content=\"833\" \/>\n\t<meta property=\"og:image:type\" content=\"image\/jpeg\" \/>\n<meta name=\"twitter:card\" content=\"summary_large_image\" \/>\n<meta name=\"twitter:site\" content=\"@ticaretedutr\" \/>\n<meta name=\"twitter:label1\" content=\"Tahmini okuma s\u00fcresi\" \/>\n\t<meta name=\"twitter:data1\" content=\"2 dakika\" \/>\n<script type=\"application\/ld+json\" class=\"yoast-schema-graph\">{\"@context\":\"https:\/\/schema.org\",\"@graph\":[{\"@type\":\"WebPage\",\"@id\":\"http:\/\/ticaret.edu.tr\/havacilik-yonetimi\/en\/programs-educational-objectives\/\",\"url\":\"http:\/\/ticaret.edu.tr\/havacilik-yonetimi\/en\/programs-educational-objectives\/\",\"name\":\"Program's Educational Objectives - Havac\u0131l\u0131k Y\u00f6netimi\",\"isPartOf\":{\"@id\":\"https:\/\/ticaret.edu.tr\/havacilik-yonetimi\/en\/#website\"},\"datePublished\":\"2025-01-26T13:53:24+00:00\",\"dateModified\":\"2026-01-21T06:49:48+00:00\",\"breadcrumb\":{\"@id\":\"http:\/\/ticaret.edu.tr\/havacilik-yonetimi\/en\/programs-educational-objectives\/#breadcrumb\"},\"inLanguage\":\"tr\",\"potentialAction\":[{\"@type\":\"ReadAction\",\"target\":[\"http:\/\/ticaret.edu.tr\/havacilik-yonetimi\/en\/programs-educational-objectives\/\"]}]},{\"@type\":\"BreadcrumbList\",\"@id\":\"http:\/\/ticaret.edu.tr\/havacilik-yonetimi\/en\/programs-educational-objectives\/#breadcrumb\",\"itemListElement\":[{\"@type\":\"ListItem\",\"position\":1,\"name\":\"Ana sayfa\",\"item\":\"https:\/\/ticaret.edu.tr\/havacilik-yonetimi\/\"},{\"@type\":\"ListItem\",\"position\":2,\"name\":\"Program&#8217;s Educational Objectives\"}]},{\"@type\":\"WebSite\",\"@id\":\"https:\/\/ticaret.edu.tr\/havacilik-yonetimi\/en\/#website\",\"url\":\"https:\/\/ticaret.edu.tr\/havacilik-yonetimi\/en\/\",\"name\":\"Havac\u0131l\u0131k Y\u00f6netimi\",\"description\":\"\",\"potentialAction\":[{\"@type\":\"SearchAction\",\"target\":{\"@type\":\"EntryPoint\",\"urlTemplate\":\"https:\/\/ticaret.edu.tr\/havacilik-yonetimi\/en\/?s={search_term_string}\"},\"query-input\":\"required name=search_term_string\"}],\"inLanguage\":\"tr\"}]}<\/script>\n<!-- \/ Yoast SEO Premium plugin. -->","yoast_head_json":{"title":"Program's Educational Objectives - Havac\u0131l\u0131k Y\u00f6netimi","robots":{"index":"index","follow":"follow","max-snippet":"max-snippet:-1","max-image-preview":"max-image-preview:large","max-video-preview":"max-video-preview:-1"},"canonical":"http:\/\/ticaret.edu.tr\/havacilik-yonetimi\/en\/programs-educational-objectives\/","og_locale":"tr_TR","og_type":"article","og_title":"Program's Educational Objectives","og_description":"The department aims to bring together all stakeholders in the civil aviation sector in order to ensure that civil aviation can be sustained in a safe, secure, and efficient manner. It aims to educate qualified personnel who can work in the operational and managerial domains of the aviation industry. It seeks to train individuals with [&hellip;]","og_url":"http:\/\/ticaret.edu.tr\/havacilik-yonetimi\/en\/programs-educational-objectives\/","og_site_name":"Havac\u0131l\u0131k Y\u00f6netimi","article_publisher":"https:\/\/www.facebook.com\/ticaretedutr","article_modified_time":"2026-01-21T06:49:48+00:00","og_image":[{"width":1250,"height":833,"url":"http:\/\/ticaret.edu.tr\/havacilik-yonetimi\/wp-content\/uploads\/sites\/10\/2021\/11\/web_logo-01.jpg","type":"image\/jpeg"}],"twitter_card":"summary_large_image","twitter_site":"@ticaretedutr","twitter_misc":{"Tahmini okuma s\u00fcresi":"2 dakika"},"schema":{"@context":"https:\/\/schema.org","@graph":[{"@type":"WebPage","@id":"http:\/\/ticaret.edu.tr\/havacilik-yonetimi\/en\/programs-educational-objectives\/","url":"http:\/\/ticaret.edu.tr\/havacilik-yonetimi\/en\/programs-educational-objectives\/","name":"Program's Educational Objectives - Havac\u0131l\u0131k Y\u00f6netimi","isPartOf":{"@id":"https:\/\/ticaret.edu.tr\/havacilik-yonetimi\/en\/#website"},"datePublished":"2025-01-26T13:53:24+00:00","dateModified":"2026-01-21T06:49:48+00:00","breadcrumb":{"@id":"http:\/\/ticaret.edu.tr\/havacilik-yonetimi\/en\/programs-educational-objectives\/#breadcrumb"},"inLanguage":"tr","potentialAction":[{"@type":"ReadAction","target":["http:\/\/ticaret.edu.tr\/havacilik-yonetimi\/en\/programs-educational-objectives\/"]}]},{"@type":"BreadcrumbList","@id":"http:\/\/ticaret.edu.tr\/havacilik-yonetimi\/en\/programs-educational-objectives\/#breadcrumb","itemListElement":[{"@type":"ListItem","position":1,"name":"Ana sayfa","item":"https:\/\/ticaret.edu.tr\/havacilik-yonetimi\/"},{"@type":"ListItem","position":2,"name":"Program&#8217;s Educational Objectives"}]},{"@type":"WebSite","@id":"https:\/\/ticaret.edu.tr\/havacilik-yonetimi\/en\/#website","url":"https:\/\/ticaret.edu.tr\/havacilik-yonetimi\/en\/","name":"Havac\u0131l\u0131k Y\u00f6netimi","description":"","potentialAction":[{"@type":"SearchAction","target":{"@type":"EntryPoint","urlTemplate":"https:\/\/ticaret.edu.tr\/havacilik-yonetimi\/en\/?s={search_term_string}"},"query-input":"required name=search_term_string"}],"inLanguage":"tr"}]}},"lang":"en","translations":{"en":1218,"tr":1216},"pll_sync_post":[],"_links":{"self":[{"href":"http:\/\/ticaret.edu.tr\/havacilik-yonetimi\/wp-json\/wp\/v2\/pages\/1218"}],"collection":[{"href":"http:\/\/ticaret.edu.tr\/havacilik-yonetimi\/wp-json\/wp\/v2\/pages"}],"about":[{"href":"http:\/\/ticaret.edu.tr\/havacilik-yonetimi\/wp-json\/wp\/v2\/types\/page"}],"author":[{"embeddable":true,"href":"http:\/\/ticaret.edu.tr\/havacilik-yonetimi\/wp-json\/wp\/v2\/users\/139"}],"replies":[{"embeddable":true,"href":"http:\/\/ticaret.edu.tr\/havacilik-yonetimi\/wp-json\/wp\/v2\/comments?post=1218"}],"version-history":[{"count":2,"href":"http:\/\/ticaret.edu.tr\/havacilik-yonetimi\/wp-json\/wp\/v2\/pages\/1218\/revisions"}],"predecessor-version":[{"id":1941,"href":"http:\/\/ticaret.edu.tr\/havacilik-yonetimi\/wp-json\/wp\/v2\/pages\/1218\/revisions\/1941"}],"wp:attachment":[{"href":"http:\/\/ticaret.edu.tr\/havacilik-yonetimi\/wp-json\/wp\/v2\/media?parent=1218"}],"curies":[{"name":"wp","href":"https:\/\/api.w.org\/{rel}","templated":true}]}}