{"id":1220,"date":"2025-01-26T16:53:42","date_gmt":"2025-01-26T13:53:42","guid":{"rendered":"https:\/\/ticaret.edu.tr\/havacilik-yonetimi\/?page_id=1220"},"modified":"2025-05-30T15:47:49","modified_gmt":"2025-05-30T12:47:49","slug":"program-ogretim-ciktilari","status":"publish","type":"page","link":"http:\/\/ticaret.edu.tr\/havacilik-yonetimi\/program-ogretim-ciktilari\/","title":{"rendered":"Program \u00d6\u011fretim \u00c7\u0131kt\u0131lar\u0131"},"content":{"rendered":"<table style=\"height: 800px\" width=\"650\">\n<tbody>\n<tr>\n<td width=\"107\">1<\/td>\n<td width=\"1041\">Havac\u0131l\u0131kla ilgili kavramlar\u0131 ve ilkeleri bilir ve tan\u0131mlar. Havac\u0131l\u0131\u011fa ili\u015fkin temel operasyonlar\u0131, belirli g\u00f6revlerde sertifikal\u0131 \u00e7al\u0131\u015fma gereklili\u011fini ve hava ara\u00e7lar\u0131n\u0131 tan\u0131r ve sayar.<\/td>\n<\/tr>\n<tr>\n<td>2<\/td>\n<td>Havac\u0131l\u0131k emniyetine ili\u015fkin temel kavramlar\u0131, ilkeleri, kurallar\u0131 a\u00e7\u0131klar ve yorumlar.<\/td>\n<\/tr>\n<tr>\n<td>3<\/td>\n<td>Hava ta\u015f\u0131mac\u0131l\u0131\u011f\u0131 ile ilgili alan\u0131ndaki g\u00fcncel bilgileri i\u00e7eren kitaplar, ara\u00e7-gere\u00e7ler ve di\u011fer kaynaklarla desteklenenleri kuramsal ve uygulamal\u0131 bilgilere sahip olur.<\/td>\n<\/tr>\n<tr>\n<td>4<\/td>\n<td>Yolcu ve seyahat i\u015flemleri ile havac\u0131l\u0131k ta\u015f\u0131mac\u0131l\u0131\u011f\u0131 hakk\u0131nda, havac\u0131l\u0131k cihaz ve ekipmanlar\u0131 hakk\u0131nda bilgileri organize eder ve a\u00e7\u0131klar.<\/td>\n<\/tr>\n<tr>\n<td>5<\/td>\n<td>Havac\u0131l\u0131kta yer hizmetleri, hava trafik kontrol\u00f6rl\u00fc\u011f\u00fc ve genel havac\u0131l\u0131k ile ilgili di\u011fer b\u00f6l\u00fcmlerin i\u015flevlerini s\u0131n\u0131fland\u0131r\u0131r ve a\u00e7\u0131klar.<\/td>\n<\/tr>\n<tr>\n<td>6<\/td>\n<td>Havayolu i\u015fletmelerinin maliyet y\u00f6netimi, havayolu i\u015fletmelerinin u\u00e7ak y\u00fckleme politikalar\u0131 hakk\u0131nda bilgileri yorumlar ve uygular.<\/td>\n<\/tr>\n<tr>\n<td>7<\/td>\n<td>Matematik, pazarlama, muhasebe, finansman ve benzeri temel i\u015fletmecilik bilgilerini havac\u0131l\u0131k i\u015fletmelerinin ilgili birimlerinde uygulamaya al\u0131r.<\/td>\n<\/tr>\n<tr>\n<td>8<\/td>\n<td>Havac\u0131l\u0131k uygulamalar\u0131nda bireysel g\u00f6revleri ba\u011f\u0131ms\u0131z olarak y\u00fcr\u00fctebilir ve ekip \u00e7al\u0131\u015fmalar\u0131nda sorumluluk al\u0131r.<\/td>\n<\/tr>\n<tr>\n<td>9<\/td>\n<td>Hava ta\u015f\u0131mac\u0131l\u0131\u011f\u0131 konusunda, bilim ve teknolojideki geli\u015fmeleri izlemek, alan\u0131nda edindi\u011fi bilgileri\/becerileri ele\u015ftirel yakla\u015f\u0131mla yorumlar.<\/td>\n<\/tr>\n<tr>\n<td>10<\/td>\n<td>Hava ta\u015f\u0131mac\u0131l\u0131\u011f\u0131 ile ilgili edindi\u011fi bilgi ve beceriler d\u00fczeyindeki d\u00fc\u015f\u00fcncelerini ve \u00f6nerilerini hava ta\u015f\u0131mac\u0131l\u0131\u011f\u0131 ile ilgili ki\u015fi ve kurumlarla etkin ileti\u015fim kurarak, yaz\u0131l\u0131\/s\u00f6zl\u00fc olarak nicel\/nitel verilerle ili\u015fkilendirir.<\/td>\n<\/tr>\n<tr>\n<td>11<\/td>\n<td>Havac\u0131l\u0131k \u0130\u015fletmelerinin uygulayabilecekleri ISO 9001 ve AS9100 kalite y\u00f6netim sistemleri hakk\u0131nda bilgileri analiz eder, ayr\u0131\u015ft\u0131r\u0131r ve yeniden birle\u015ftirerek i\u015fletme i\u00e7in anlaml\u0131 hale getirir.<\/td>\n<\/tr>\n<tr>\n<td>12<\/td>\n<td width=\"1041\">Havac\u0131l\u0131k ve meteoroloji ile havac\u0131l\u0131k ve \u00e7evre aras\u0131ndaki ili\u015fkiler konusunda haz\u0131rlanan METAR, SPECI, TAF,AIRMET, SIGMET raporlar\u0131n\u0131 miktar, kalite veya bir \u015feyin de\u011feri a\u00e7\u0131s\u0131ndan de\u011ferlendirir, ili\u015fkilendirir ve h\u00fckm\u00fcn\u00fc verir.<\/td>\n<\/tr>\n<\/tbody>\n<\/table>\n","protected":false},"excerpt":{"rendered":"<p>1 Havac\u0131l\u0131kla ilgili kavramlar\u0131 ve ilkeleri bilir ve tan\u0131mlar. Havac\u0131l\u0131\u011fa ili\u015fkin temel operasyonlar\u0131, belirli g\u00f6revlerde sertifikal\u0131 \u00e7al\u0131\u015fma gereklili\u011fini ve hava ara\u00e7lar\u0131n\u0131 tan\u0131r ve sayar. 2 Havac\u0131l\u0131k emniyetine ili\u015fkin temel kavramlar\u0131, ilkeleri, kurallar\u0131 a\u00e7\u0131klar ve yorumlar. 3 Hava ta\u015f\u0131mac\u0131l\u0131\u011f\u0131 ile ilgili alan\u0131ndaki g\u00fcncel bilgileri i\u00e7eren kitaplar, ara\u00e7-gere\u00e7ler ve di\u011fer kaynaklarla desteklenenleri kuramsal ve uygulamal\u0131 bilgilere sahip [&hellip;]<\/p>\n","protected":false},"author":139,"featured_media":0,"parent":0,"menu_order":0,"comment_status":"closed","ping_status":"closed","template":"genel_sayfa.php","meta":{"footnotes":""},"yoast_head":"<!-- This site is optimized with the Yoast SEO Premium plugin v22.1 (Yoast SEO v22.1) - https:\/\/yoast.com\/wordpress\/plugins\/seo\/ -->\n<title>Program \u00d6\u011fretim \u00c7\u0131kt\u0131lar\u0131 - Havac\u0131l\u0131k Y\u00f6netimi<\/title>\n<meta name=\"robots\" content=\"index, follow, max-snippet:-1, max-image-preview:large, max-video-preview:-1\" \/>\n<link rel=\"canonical\" href=\"http:\/\/ticaret.edu.tr\/havacilik-yonetimi\/program-ogretim-ciktilari\/\" \/>\n<meta property=\"og:locale\" content=\"tr_TR\" \/>\n<meta property=\"og:type\" content=\"article\" \/>\n<meta property=\"og:title\" content=\"Program \u00d6\u011fretim \u00c7\u0131kt\u0131lar\u0131\" \/>\n<meta property=\"og:description\" content=\"1 Havac\u0131l\u0131kla ilgili kavramlar\u0131 ve ilkeleri bilir ve tan\u0131mlar. Havac\u0131l\u0131\u011fa ili\u015fkin temel operasyonlar\u0131, belirli g\u00f6revlerde sertifikal\u0131 \u00e7al\u0131\u015fma gereklili\u011fini ve hava ara\u00e7lar\u0131n\u0131 tan\u0131r ve sayar. 2 Havac\u0131l\u0131k emniyetine ili\u015fkin temel kavramlar\u0131, ilkeleri, kurallar\u0131 a\u00e7\u0131klar ve yorumlar. 3 Hava ta\u015f\u0131mac\u0131l\u0131\u011f\u0131 ile ilgili alan\u0131ndaki g\u00fcncel bilgileri i\u00e7eren kitaplar, ara\u00e7-gere\u00e7ler ve di\u011fer kaynaklarla desteklenenleri kuramsal ve uygulamal\u0131 bilgilere sahip [&hellip;]\" \/>\n<meta property=\"og:url\" content=\"http:\/\/ticaret.edu.tr\/havacilik-yonetimi\/program-ogretim-ciktilari\/\" \/>\n<meta property=\"og:site_name\" content=\"Havac\u0131l\u0131k Y\u00f6netimi\" \/>\n<meta property=\"article:publisher\" content=\"https:\/\/www.facebook.com\/ticaretedutr\" \/>\n<meta property=\"article:modified_time\" content=\"2025-05-30T12:47:49+00:00\" \/>\n<meta property=\"og:image\" content=\"http:\/\/ticaret.edu.tr\/havacilik-yonetimi\/wp-content\/uploads\/sites\/10\/2021\/11\/web_logo-01.jpg\" \/>\n\t<meta property=\"og:image:width\" content=\"1250\" \/>\n\t<meta property=\"og:image:height\" content=\"833\" \/>\n\t<meta property=\"og:image:type\" content=\"image\/jpeg\" \/>\n<meta name=\"twitter:card\" content=\"summary_large_image\" \/>\n<meta name=\"twitter:site\" content=\"@ticaretedutr\" \/>\n<meta name=\"twitter:label1\" content=\"Tahmini okuma s\u00fcresi\" \/>\n\t<meta name=\"twitter:data1\" content=\"2 dakika\" \/>\n<script type=\"application\/ld+json\" class=\"yoast-schema-graph\">{\"@context\":\"https:\/\/schema.org\",\"@graph\":[{\"@type\":\"WebPage\",\"@id\":\"http:\/\/ticaret.edu.tr\/havacilik-yonetimi\/program-ogretim-ciktilari\/\",\"url\":\"http:\/\/ticaret.edu.tr\/havacilik-yonetimi\/program-ogretim-ciktilari\/\",\"name\":\"Program \u00d6\u011fretim \u00c7\u0131kt\u0131lar\u0131 - Havac\u0131l\u0131k Y\u00f6netimi\",\"isPartOf\":{\"@id\":\"https:\/\/ticaret.edu.tr\/havacilik-yonetimi\/en\/#website\"},\"datePublished\":\"2025-01-26T13:53:42+00:00\",\"dateModified\":\"2025-05-30T12:47:49+00:00\",\"breadcrumb\":{\"@id\":\"http:\/\/ticaret.edu.tr\/havacilik-yonetimi\/program-ogretim-ciktilari\/#breadcrumb\"},\"inLanguage\":\"tr\",\"potentialAction\":[{\"@type\":\"ReadAction\",\"target\":[\"http:\/\/ticaret.edu.tr\/havacilik-yonetimi\/program-ogretim-ciktilari\/\"]}]},{\"@type\":\"BreadcrumbList\",\"@id\":\"http:\/\/ticaret.edu.tr\/havacilik-yonetimi\/program-ogretim-ciktilari\/#breadcrumb\",\"itemListElement\":[{\"@type\":\"ListItem\",\"position\":1,\"name\":\"Ana sayfa\",\"item\":\"https:\/\/ticaret.edu.tr\/havacilik-yonetimi\/\"},{\"@type\":\"ListItem\",\"position\":2,\"name\":\"Program \u00d6\u011fretim \u00c7\u0131kt\u0131lar\u0131\"}]},{\"@type\":\"WebSite\",\"@id\":\"https:\/\/ticaret.edu.tr\/havacilik-yonetimi\/en\/#website\",\"url\":\"https:\/\/ticaret.edu.tr\/havacilik-yonetimi\/en\/\",\"name\":\"Havac\u0131l\u0131k Y\u00f6netimi\",\"description\":\"\",\"potentialAction\":[{\"@type\":\"SearchAction\",\"target\":{\"@type\":\"EntryPoint\",\"urlTemplate\":\"https:\/\/ticaret.edu.tr\/havacilik-yonetimi\/en\/?s={search_term_string}\"},\"query-input\":\"required name=search_term_string\"}],\"inLanguage\":\"tr\"}]}<\/script>\n<!-- \/ Yoast SEO Premium plugin. -->","yoast_head_json":{"title":"Program \u00d6\u011fretim \u00c7\u0131kt\u0131lar\u0131 - Havac\u0131l\u0131k Y\u00f6netimi","robots":{"index":"index","follow":"follow","max-snippet":"max-snippet:-1","max-image-preview":"max-image-preview:large","max-video-preview":"max-video-preview:-1"},"canonical":"http:\/\/ticaret.edu.tr\/havacilik-yonetimi\/program-ogretim-ciktilari\/","og_locale":"tr_TR","og_type":"article","og_title":"Program \u00d6\u011fretim \u00c7\u0131kt\u0131lar\u0131","og_description":"1 Havac\u0131l\u0131kla ilgili kavramlar\u0131 ve ilkeleri bilir ve tan\u0131mlar. Havac\u0131l\u0131\u011fa ili\u015fkin temel operasyonlar\u0131, belirli g\u00f6revlerde sertifikal\u0131 \u00e7al\u0131\u015fma gereklili\u011fini ve hava ara\u00e7lar\u0131n\u0131 tan\u0131r ve sayar. 2 Havac\u0131l\u0131k emniyetine ili\u015fkin temel kavramlar\u0131, ilkeleri, kurallar\u0131 a\u00e7\u0131klar ve yorumlar. 3 Hava ta\u015f\u0131mac\u0131l\u0131\u011f\u0131 ile ilgili alan\u0131ndaki g\u00fcncel bilgileri i\u00e7eren kitaplar, ara\u00e7-gere\u00e7ler ve di\u011fer kaynaklarla desteklenenleri kuramsal ve uygulamal\u0131 bilgilere sahip [&hellip;]","og_url":"http:\/\/ticaret.edu.tr\/havacilik-yonetimi\/program-ogretim-ciktilari\/","og_site_name":"Havac\u0131l\u0131k Y\u00f6netimi","article_publisher":"https:\/\/www.facebook.com\/ticaretedutr","article_modified_time":"2025-05-30T12:47:49+00:00","og_image":[{"width":1250,"height":833,"url":"http:\/\/ticaret.edu.tr\/havacilik-yonetimi\/wp-content\/uploads\/sites\/10\/2021\/11\/web_logo-01.jpg","type":"image\/jpeg"}],"twitter_card":"summary_large_image","twitter_site":"@ticaretedutr","twitter_misc":{"Tahmini okuma s\u00fcresi":"2 dakika"},"schema":{"@context":"https:\/\/schema.org","@graph":[{"@type":"WebPage","@id":"http:\/\/ticaret.edu.tr\/havacilik-yonetimi\/program-ogretim-ciktilari\/","url":"http:\/\/ticaret.edu.tr\/havacilik-yonetimi\/program-ogretim-ciktilari\/","name":"Program \u00d6\u011fretim \u00c7\u0131kt\u0131lar\u0131 - Havac\u0131l\u0131k Y\u00f6netimi","isPartOf":{"@id":"https:\/\/ticaret.edu.tr\/havacilik-yonetimi\/en\/#website"},"datePublished":"2025-01-26T13:53:42+00:00","dateModified":"2025-05-30T12:47:49+00:00","breadcrumb":{"@id":"http:\/\/ticaret.edu.tr\/havacilik-yonetimi\/program-ogretim-ciktilari\/#breadcrumb"},"inLanguage":"tr","potentialAction":[{"@type":"ReadAction","target":["http:\/\/ticaret.edu.tr\/havacilik-yonetimi\/program-ogretim-ciktilari\/"]}]},{"@type":"BreadcrumbList","@id":"http:\/\/ticaret.edu.tr\/havacilik-yonetimi\/program-ogretim-ciktilari\/#breadcrumb","itemListElement":[{"@type":"ListItem","position":1,"name":"Ana sayfa","item":"https:\/\/ticaret.edu.tr\/havacilik-yonetimi\/"},{"@type":"ListItem","position":2,"name":"Program \u00d6\u011fretim \u00c7\u0131kt\u0131lar\u0131"}]},{"@type":"WebSite","@id":"https:\/\/ticaret.edu.tr\/havacilik-yonetimi\/en\/#website","url":"https:\/\/ticaret.edu.tr\/havacilik-yonetimi\/en\/","name":"Havac\u0131l\u0131k Y\u00f6netimi","description":"","potentialAction":[{"@type":"SearchAction","target":{"@type":"EntryPoint","urlTemplate":"https:\/\/ticaret.edu.tr\/havacilik-yonetimi\/en\/?s={search_term_string}"},"query-input":"required name=search_term_string"}],"inLanguage":"tr"}]}},"lang":"tr","translations":{"en":1222,"tr":1220},"pll_sync_post":[],"_links":{"self":[{"href":"http:\/\/ticaret.edu.tr\/havacilik-yonetimi\/wp-json\/wp\/v2\/pages\/1220"}],"collection":[{"href":"http:\/\/ticaret.edu.tr\/havacilik-yonetimi\/wp-json\/wp\/v2\/pages"}],"about":[{"href":"http:\/\/ticaret.edu.tr\/havacilik-yonetimi\/wp-json\/wp\/v2\/types\/page"}],"author":[{"embeddable":true,"href":"http:\/\/ticaret.edu.tr\/havacilik-yonetimi\/wp-json\/wp\/v2\/users\/139"}],"replies":[{"embeddable":true,"href":"http:\/\/ticaret.edu.tr\/havacilik-yonetimi\/wp-json\/wp\/v2\/comments?post=1220"}],"version-history":[{"count":7,"href":"http:\/\/ticaret.edu.tr\/havacilik-yonetimi\/wp-json\/wp\/v2\/pages\/1220\/revisions"}],"predecessor-version":[{"id":1756,"href":"http:\/\/ticaret.edu.tr\/havacilik-yonetimi\/wp-json\/wp\/v2\/pages\/1220\/revisions\/1756"}],"wp:attachment":[{"href":"http:\/\/ticaret.edu.tr\/havacilik-yonetimi\/wp-json\/wp\/v2\/media?parent=1220"}],"curies":[{"name":"wp","href":"https:\/\/api.w.org\/{rel}","templated":true}]}}