{"id":1222,"date":"2025-01-26T16:54:03","date_gmt":"2025-01-26T13:54:03","guid":{"rendered":"https:\/\/ticaret.edu.tr\/havacilik-yonetimi\/?page_id=1222"},"modified":"2026-01-21T09:50:42","modified_gmt":"2026-01-21T06:50:42","slug":"programs-learning-outcomes","status":"publish","type":"page","link":"http:\/\/ticaret.edu.tr\/havacilik-yonetimi\/en\/programs-learning-outcomes\/","title":{"rendered":"Program&#8217;s Learning Outcomes"},"content":{"rendered":"<ul>\n<li data-start=\"0\" data-end=\"218\">\n<p data-start=\"3\" data-end=\"218\">Demonstrates knowledge of and defines aviation-related concepts and principles; recognizes and enumerates fundamental aviation operations, the requirement for certified work in specific duties, and aircraft types.<\/p>\n<\/li>\n<li data-start=\"219\" data-end=\"317\">\n<p data-start=\"222\" data-end=\"317\">Explains and interprets the basic concepts, principles, and rules related to aviation safety.<\/p>\n<\/li>\n<li data-start=\"318\" data-end=\"489\">\n<p data-start=\"321\" data-end=\"489\">Acquires theoretical and practical knowledge supported by books, tools\/equipment, and other resources containing up-to-date information in the field of air transport.<\/p>\n<\/li>\n<li data-start=\"490\" data-end=\"628\">\n<p data-start=\"493\" data-end=\"628\">Organizes and explains information regarding passenger and travel procedures, air transportation, and aviation devices and equipment.<\/p>\n<\/li>\n<li data-start=\"629\" data-end=\"771\">\n<p data-start=\"632\" data-end=\"771\">Classifies and explains the functions of ground handling services, air traffic control, and other relevant units within general aviation.<\/p>\n<\/li>\n<li data-start=\"772\" data-end=\"883\">\n<p data-start=\"775\" data-end=\"883\">Interprets and applies knowledge related to airline cost management and airline aircraft loading policies.<\/p>\n<\/li>\n<li data-start=\"884\" data-end=\"1052\">\n<p data-start=\"887\" data-end=\"1052\">Applies foundational business knowledge\u2014such as mathematics, marketing, accounting, finance, and related disciplines\u2014within relevant units of aviation enterprises.<\/p>\n<\/li>\n<li data-start=\"1053\" data-end=\"1169\">\n<p data-start=\"1056\" data-end=\"1169\">Carries out individual tasks independently in aviation practices and assumes responsibility in team-based work.<\/p>\n<\/li>\n<li data-start=\"1170\" data-end=\"1331\">\n<p data-start=\"1173\" data-end=\"1331\">Monitors developments in science and technology in the field of air transport and critically interprets the knowledge and skills acquired in the discipline.<\/p>\n<\/li>\n<li data-start=\"1332\" data-end=\"1590\">\n<p data-start=\"1336\" data-end=\"1590\">Communicates, both in writing and orally, their ideas and recommendations based on acquired knowledge and skills in air transport by effectively engaging with relevant individuals and institutions and relating them to quantitative and qualitative data.<\/p>\n<\/li>\n<li data-start=\"1591\" data-end=\"1793\">\n<p data-start=\"1595\" data-end=\"1793\">Analyzes, differentiates, and synthesizes information on the ISO 9001 and AS9100 quality management systems that aviation enterprises may implement, rendering it meaningful for organizational use.<\/p>\n<\/li>\n<li data-start=\"1794\" data-end=\"2042\" data-is-last-node=\"\">\n<p data-start=\"1798\" data-end=\"2042\" data-is-last-node=\"\">Evaluates, correlates, and makes judgments on METAR, SPECI, TAF, AIRMET, and SIGMET reports prepared regarding the relationships between aviation and meteorology and between aviation and the environment, in terms of quantity, quality, or value.<\/p>\n<\/li>\n<\/ul>\n","protected":false},"excerpt":{"rendered":"<p>Demonstrates knowledge of and defines aviation-related concepts and principles; recognizes and enumerates fundamental aviation operations, the requirement for certified work in specific duties, and aircraft types. Explains and interprets the basic concepts, principles, and rules related to aviation safety. Acquires theoretical and practical knowledge supported by books, tools\/equipment, and other resources containing up-to-date information in [&hellip;]<\/p>\n","protected":false},"author":139,"featured_media":0,"parent":0,"menu_order":0,"comment_status":"closed","ping_status":"closed","template":"genel_sayfa.php","meta":{"footnotes":""},"yoast_head":"<!-- This site is optimized with the Yoast SEO Premium plugin v22.1 (Yoast SEO v22.1) - https:\/\/yoast.com\/wordpress\/plugins\/seo\/ -->\n<title>Program&#039;s Learning Outcomes - Havac\u0131l\u0131k Y\u00f6netimi<\/title>\n<meta name=\"robots\" content=\"index, follow, max-snippet:-1, max-image-preview:large, max-video-preview:-1\" \/>\n<link rel=\"canonical\" href=\"http:\/\/ticaret.edu.tr\/havacilik-yonetimi\/en\/programs-learning-outcomes\/\" \/>\n<meta property=\"og:locale\" content=\"tr_TR\" \/>\n<meta property=\"og:type\" content=\"article\" \/>\n<meta property=\"og:title\" content=\"Program&#039;s Learning Outcomes\" \/>\n<meta property=\"og:description\" content=\"Demonstrates knowledge of and defines aviation-related concepts and principles; recognizes and enumerates fundamental aviation operations, the requirement for certified work in specific duties, and aircraft types. Explains and interprets the basic concepts, principles, and rules related to aviation safety. Acquires theoretical and practical knowledge supported by books, tools\/equipment, and other resources containing up-to-date information in [&hellip;]\" \/>\n<meta property=\"og:url\" content=\"http:\/\/ticaret.edu.tr\/havacilik-yonetimi\/en\/programs-learning-outcomes\/\" \/>\n<meta property=\"og:site_name\" content=\"Havac\u0131l\u0131k Y\u00f6netimi\" \/>\n<meta property=\"article:publisher\" content=\"https:\/\/www.facebook.com\/ticaretedutr\" \/>\n<meta property=\"article:modified_time\" content=\"2026-01-21T06:50:42+00:00\" \/>\n<meta property=\"og:image\" content=\"http:\/\/ticaret.edu.tr\/havacilik-yonetimi\/wp-content\/uploads\/sites\/10\/2021\/11\/web_logo-01.jpg\" \/>\n\t<meta property=\"og:image:width\" content=\"1250\" \/>\n\t<meta property=\"og:image:height\" content=\"833\" \/>\n\t<meta property=\"og:image:type\" content=\"image\/jpeg\" \/>\n<meta name=\"twitter:card\" content=\"summary_large_image\" \/>\n<meta name=\"twitter:site\" content=\"@ticaretedutr\" \/>\n<meta name=\"twitter:label1\" content=\"Tahmini okuma s\u00fcresi\" \/>\n\t<meta name=\"twitter:data1\" content=\"2 dakika\" \/>\n<script type=\"application\/ld+json\" class=\"yoast-schema-graph\">{\"@context\":\"https:\/\/schema.org\",\"@graph\":[{\"@type\":\"WebPage\",\"@id\":\"http:\/\/ticaret.edu.tr\/havacilik-yonetimi\/en\/programs-learning-outcomes\/\",\"url\":\"http:\/\/ticaret.edu.tr\/havacilik-yonetimi\/en\/programs-learning-outcomes\/\",\"name\":\"Program's Learning Outcomes - Havac\u0131l\u0131k Y\u00f6netimi\",\"isPartOf\":{\"@id\":\"https:\/\/ticaret.edu.tr\/havacilik-yonetimi\/en\/#website\"},\"datePublished\":\"2025-01-26T13:54:03+00:00\",\"dateModified\":\"2026-01-21T06:50:42+00:00\",\"breadcrumb\":{\"@id\":\"http:\/\/ticaret.edu.tr\/havacilik-yonetimi\/en\/programs-learning-outcomes\/#breadcrumb\"},\"inLanguage\":\"tr\",\"potentialAction\":[{\"@type\":\"ReadAction\",\"target\":[\"http:\/\/ticaret.edu.tr\/havacilik-yonetimi\/en\/programs-learning-outcomes\/\"]}]},{\"@type\":\"BreadcrumbList\",\"@id\":\"http:\/\/ticaret.edu.tr\/havacilik-yonetimi\/en\/programs-learning-outcomes\/#breadcrumb\",\"itemListElement\":[{\"@type\":\"ListItem\",\"position\":1,\"name\":\"Ana sayfa\",\"item\":\"https:\/\/ticaret.edu.tr\/havacilik-yonetimi\/\"},{\"@type\":\"ListItem\",\"position\":2,\"name\":\"Program&#8217;s Learning Outcomes\"}]},{\"@type\":\"WebSite\",\"@id\":\"https:\/\/ticaret.edu.tr\/havacilik-yonetimi\/en\/#website\",\"url\":\"https:\/\/ticaret.edu.tr\/havacilik-yonetimi\/en\/\",\"name\":\"Havac\u0131l\u0131k Y\u00f6netimi\",\"description\":\"\",\"potentialAction\":[{\"@type\":\"SearchAction\",\"target\":{\"@type\":\"EntryPoint\",\"urlTemplate\":\"https:\/\/ticaret.edu.tr\/havacilik-yonetimi\/en\/?s={search_term_string}\"},\"query-input\":\"required name=search_term_string\"}],\"inLanguage\":\"tr\"}]}<\/script>\n<!-- \/ Yoast SEO Premium plugin. -->","yoast_head_json":{"title":"Program's Learning Outcomes - Havac\u0131l\u0131k Y\u00f6netimi","robots":{"index":"index","follow":"follow","max-snippet":"max-snippet:-1","max-image-preview":"max-image-preview:large","max-video-preview":"max-video-preview:-1"},"canonical":"http:\/\/ticaret.edu.tr\/havacilik-yonetimi\/en\/programs-learning-outcomes\/","og_locale":"tr_TR","og_type":"article","og_title":"Program's Learning Outcomes","og_description":"Demonstrates knowledge of and defines aviation-related concepts and principles; recognizes and enumerates fundamental aviation operations, the requirement for certified work in specific duties, and aircraft types. Explains and interprets the basic concepts, principles, and rules related to aviation safety. Acquires theoretical and practical knowledge supported by books, tools\/equipment, and other resources containing up-to-date information in [&hellip;]","og_url":"http:\/\/ticaret.edu.tr\/havacilik-yonetimi\/en\/programs-learning-outcomes\/","og_site_name":"Havac\u0131l\u0131k Y\u00f6netimi","article_publisher":"https:\/\/www.facebook.com\/ticaretedutr","article_modified_time":"2026-01-21T06:50:42+00:00","og_image":[{"width":1250,"height":833,"url":"http:\/\/ticaret.edu.tr\/havacilik-yonetimi\/wp-content\/uploads\/sites\/10\/2021\/11\/web_logo-01.jpg","type":"image\/jpeg"}],"twitter_card":"summary_large_image","twitter_site":"@ticaretedutr","twitter_misc":{"Tahmini okuma s\u00fcresi":"2 dakika"},"schema":{"@context":"https:\/\/schema.org","@graph":[{"@type":"WebPage","@id":"http:\/\/ticaret.edu.tr\/havacilik-yonetimi\/en\/programs-learning-outcomes\/","url":"http:\/\/ticaret.edu.tr\/havacilik-yonetimi\/en\/programs-learning-outcomes\/","name":"Program's Learning Outcomes - Havac\u0131l\u0131k Y\u00f6netimi","isPartOf":{"@id":"https:\/\/ticaret.edu.tr\/havacilik-yonetimi\/en\/#website"},"datePublished":"2025-01-26T13:54:03+00:00","dateModified":"2026-01-21T06:50:42+00:00","breadcrumb":{"@id":"http:\/\/ticaret.edu.tr\/havacilik-yonetimi\/en\/programs-learning-outcomes\/#breadcrumb"},"inLanguage":"tr","potentialAction":[{"@type":"ReadAction","target":["http:\/\/ticaret.edu.tr\/havacilik-yonetimi\/en\/programs-learning-outcomes\/"]}]},{"@type":"BreadcrumbList","@id":"http:\/\/ticaret.edu.tr\/havacilik-yonetimi\/en\/programs-learning-outcomes\/#breadcrumb","itemListElement":[{"@type":"ListItem","position":1,"name":"Ana sayfa","item":"https:\/\/ticaret.edu.tr\/havacilik-yonetimi\/"},{"@type":"ListItem","position":2,"name":"Program&#8217;s Learning Outcomes"}]},{"@type":"WebSite","@id":"https:\/\/ticaret.edu.tr\/havacilik-yonetimi\/en\/#website","url":"https:\/\/ticaret.edu.tr\/havacilik-yonetimi\/en\/","name":"Havac\u0131l\u0131k Y\u00f6netimi","description":"","potentialAction":[{"@type":"SearchAction","target":{"@type":"EntryPoint","urlTemplate":"https:\/\/ticaret.edu.tr\/havacilik-yonetimi\/en\/?s={search_term_string}"},"query-input":"required name=search_term_string"}],"inLanguage":"tr"}]}},"lang":"en","translations":{"en":1222,"tr":1220},"pll_sync_post":[],"_links":{"self":[{"href":"http:\/\/ticaret.edu.tr\/havacilik-yonetimi\/wp-json\/wp\/v2\/pages\/1222"}],"collection":[{"href":"http:\/\/ticaret.edu.tr\/havacilik-yonetimi\/wp-json\/wp\/v2\/pages"}],"about":[{"href":"http:\/\/ticaret.edu.tr\/havacilik-yonetimi\/wp-json\/wp\/v2\/types\/page"}],"author":[{"embeddable":true,"href":"http:\/\/ticaret.edu.tr\/havacilik-yonetimi\/wp-json\/wp\/v2\/users\/139"}],"replies":[{"embeddable":true,"href":"http:\/\/ticaret.edu.tr\/havacilik-yonetimi\/wp-json\/wp\/v2\/comments?post=1222"}],"version-history":[{"count":2,"href":"http:\/\/ticaret.edu.tr\/havacilik-yonetimi\/wp-json\/wp\/v2\/pages\/1222\/revisions"}],"predecessor-version":[{"id":1942,"href":"http:\/\/ticaret.edu.tr\/havacilik-yonetimi\/wp-json\/wp\/v2\/pages\/1222\/revisions\/1942"}],"wp:attachment":[{"href":"http:\/\/ticaret.edu.tr\/havacilik-yonetimi\/wp-json\/wp\/v2\/media?parent=1222"}],"curies":[{"name":"wp","href":"https:\/\/api.w.org\/{rel}","templated":true}]}}