{"id":1225,"date":"2025-01-26T17:00:06","date_gmt":"2025-01-26T14:00:06","guid":{"rendered":"https:\/\/ticaret.edu.tr\/havacilik-yonetimi\/?page_id=1225"},"modified":"2025-04-28T09:55:35","modified_gmt":"2025-04-28T06:55:35","slug":"kazanilan-derece","status":"publish","type":"page","link":"http:\/\/ticaret.edu.tr\/havacilik-yonetimi\/kazanilan-derece\/","title":{"rendered":"Kazan\u0131lan Derece"},"content":{"rendered":"<p><strong>Kazan\u0131lan Derece<\/strong><\/p>\n<p>Program\u0131 ba\u015far\u0131yla tamamlayan \u00f6\u011frenciler a\u015fa\u011f\u0131daki akademik dereceyi ve unvan\u0131 almaya hak kazan\u0131rlar:<\/p>\n<ul>\n<li>Kazan\u0131lan Derece: Lisans Diplomas\u0131<\/li>\n<li>Derecenin Seviyesi: Lisans<\/li>\n<\/ul>\n<p data-start=\"721\" data-end=\"763\"><strong data-start=\"725\" data-end=\"761\">Derecenin Kazan\u0131lma Ko\u015fullar\u0131<\/strong><\/p>\n<p data-start=\"764\" data-end=\"874\">\u00d6\u011frencilerin\u00a0lisans diplomas\u0131 almaya hak kazanabilmesi i\u00e7in\u00a0a\u015fa\u011f\u0131daki ko\u015fullar\u0131 sa\u011flamas\u0131 gerekmektedir:<\/p>\n<ul>\n<li data-start=\"764\" data-end=\"874\">Programda yer alan t\u00fcm dersleri ba\u015far\u0131yla tamamlamak.<\/li>\n<li data-start=\"764\" data-end=\"874\">En az 240 AKTS (ECTS) kredi toplamak.<\/li>\n<li data-start=\"764\" data-end=\"874\">Genel Not Ortalamas\u0131n\u0131n (GNO) en az 2.00\/4.00 olmas\u0131.<\/li>\n<li data-start=\"764\" data-end=\"874\">Zorunlu staj veya bitirme projesi (varsa) ba\u015far\u0131yla tamamlanm\u0131\u015f olmal\u0131d\u0131r.<\/li>\n<\/ul>\n","protected":false},"excerpt":{"rendered":"<p>Kazan\u0131lan Derece Program\u0131 ba\u015far\u0131yla tamamlayan \u00f6\u011frenciler a\u015fa\u011f\u0131daki akademik dereceyi ve unvan\u0131 almaya hak kazan\u0131rlar: Kazan\u0131lan Derece: Lisans Diplomas\u0131 Derecenin Seviyesi: Lisans Derecenin Kazan\u0131lma Ko\u015fullar\u0131 \u00d6\u011frencilerin\u00a0lisans diplomas\u0131 almaya hak kazanabilmesi i\u00e7in\u00a0a\u015fa\u011f\u0131daki ko\u015fullar\u0131 sa\u011flamas\u0131 gerekmektedir: Programda yer alan t\u00fcm dersleri ba\u015far\u0131yla tamamlamak. En az 240 AKTS (ECTS) kredi toplamak. Genel Not Ortalamas\u0131n\u0131n (GNO) en az 2.00\/4.00 olmas\u0131. [&hellip;]<\/p>\n","protected":false},"author":139,"featured_media":0,"parent":0,"menu_order":0,"comment_status":"closed","ping_status":"closed","template":"genel_sayfa.php","meta":{"footnotes":""},"yoast_head":"<!-- This site is optimized with the Yoast SEO Premium plugin v22.1 (Yoast SEO v22.1) - https:\/\/yoast.com\/wordpress\/plugins\/seo\/ -->\n<title>Kazan\u0131lan Derece - Havac\u0131l\u0131k Y\u00f6netimi<\/title>\n<meta name=\"robots\" content=\"index, follow, max-snippet:-1, max-image-preview:large, max-video-preview:-1\" \/>\n<link rel=\"canonical\" href=\"http:\/\/ticaret.edu.tr\/havacilik-yonetimi\/kazanilan-derece\/\" \/>\n<meta property=\"og:locale\" content=\"tr_TR\" \/>\n<meta property=\"og:type\" content=\"article\" \/>\n<meta property=\"og:title\" content=\"Kazan\u0131lan Derece\" \/>\n<meta property=\"og:description\" content=\"Kazan\u0131lan Derece Program\u0131 ba\u015far\u0131yla tamamlayan \u00f6\u011frenciler a\u015fa\u011f\u0131daki akademik dereceyi ve unvan\u0131 almaya hak kazan\u0131rlar: Kazan\u0131lan Derece: Lisans Diplomas\u0131 Derecenin Seviyesi: Lisans Derecenin Kazan\u0131lma Ko\u015fullar\u0131 \u00d6\u011frencilerin\u00a0lisans diplomas\u0131 almaya hak kazanabilmesi i\u00e7in\u00a0a\u015fa\u011f\u0131daki ko\u015fullar\u0131 sa\u011flamas\u0131 gerekmektedir: Programda yer alan t\u00fcm dersleri ba\u015far\u0131yla tamamlamak. En az 240 AKTS (ECTS) kredi toplamak. Genel Not Ortalamas\u0131n\u0131n (GNO) en az 2.00\/4.00 olmas\u0131. [&hellip;]\" \/>\n<meta property=\"og:url\" content=\"http:\/\/ticaret.edu.tr\/havacilik-yonetimi\/kazanilan-derece\/\" \/>\n<meta property=\"og:site_name\" content=\"Havac\u0131l\u0131k Y\u00f6netimi\" \/>\n<meta property=\"article:publisher\" content=\"https:\/\/www.facebook.com\/ticaretedutr\" \/>\n<meta property=\"article:modified_time\" content=\"2025-04-28T06:55:35+00:00\" \/>\n<meta property=\"og:image\" content=\"http:\/\/ticaret.edu.tr\/havacilik-yonetimi\/wp-content\/uploads\/sites\/10\/2021\/11\/web_logo-01.jpg\" \/>\n\t<meta property=\"og:image:width\" content=\"1250\" \/>\n\t<meta property=\"og:image:height\" content=\"833\" \/>\n\t<meta property=\"og:image:type\" content=\"image\/jpeg\" \/>\n<meta name=\"twitter:card\" content=\"summary_large_image\" \/>\n<meta name=\"twitter:site\" content=\"@ticaretedutr\" \/>\n<meta name=\"twitter:label1\" content=\"Tahmini okuma s\u00fcresi\" \/>\n\t<meta name=\"twitter:data1\" content=\"1 dakika\" \/>\n<script type=\"application\/ld+json\" class=\"yoast-schema-graph\">{\"@context\":\"https:\/\/schema.org\",\"@graph\":[{\"@type\":\"WebPage\",\"@id\":\"http:\/\/ticaret.edu.tr\/havacilik-yonetimi\/kazanilan-derece\/\",\"url\":\"http:\/\/ticaret.edu.tr\/havacilik-yonetimi\/kazanilan-derece\/\",\"name\":\"Kazan\u0131lan Derece - Havac\u0131l\u0131k Y\u00f6netimi\",\"isPartOf\":{\"@id\":\"https:\/\/ticaret.edu.tr\/havacilik-yonetimi\/en\/#website\"},\"datePublished\":\"2025-01-26T14:00:06+00:00\",\"dateModified\":\"2025-04-28T06:55:35+00:00\",\"breadcrumb\":{\"@id\":\"http:\/\/ticaret.edu.tr\/havacilik-yonetimi\/kazanilan-derece\/#breadcrumb\"},\"inLanguage\":\"tr\",\"potentialAction\":[{\"@type\":\"ReadAction\",\"target\":[\"http:\/\/ticaret.edu.tr\/havacilik-yonetimi\/kazanilan-derece\/\"]}]},{\"@type\":\"BreadcrumbList\",\"@id\":\"http:\/\/ticaret.edu.tr\/havacilik-yonetimi\/kazanilan-derece\/#breadcrumb\",\"itemListElement\":[{\"@type\":\"ListItem\",\"position\":1,\"name\":\"Ana sayfa\",\"item\":\"https:\/\/ticaret.edu.tr\/havacilik-yonetimi\/\"},{\"@type\":\"ListItem\",\"position\":2,\"name\":\"Kazan\u0131lan Derece\"}]},{\"@type\":\"WebSite\",\"@id\":\"https:\/\/ticaret.edu.tr\/havacilik-yonetimi\/en\/#website\",\"url\":\"https:\/\/ticaret.edu.tr\/havacilik-yonetimi\/en\/\",\"name\":\"Havac\u0131l\u0131k Y\u00f6netimi\",\"description\":\"\",\"potentialAction\":[{\"@type\":\"SearchAction\",\"target\":{\"@type\":\"EntryPoint\",\"urlTemplate\":\"https:\/\/ticaret.edu.tr\/havacilik-yonetimi\/en\/?s={search_term_string}\"},\"query-input\":\"required name=search_term_string\"}],\"inLanguage\":\"tr\"}]}<\/script>\n<!-- \/ Yoast SEO Premium plugin. -->","yoast_head_json":{"title":"Kazan\u0131lan Derece - Havac\u0131l\u0131k Y\u00f6netimi","robots":{"index":"index","follow":"follow","max-snippet":"max-snippet:-1","max-image-preview":"max-image-preview:large","max-video-preview":"max-video-preview:-1"},"canonical":"http:\/\/ticaret.edu.tr\/havacilik-yonetimi\/kazanilan-derece\/","og_locale":"tr_TR","og_type":"article","og_title":"Kazan\u0131lan Derece","og_description":"Kazan\u0131lan Derece Program\u0131 ba\u015far\u0131yla tamamlayan \u00f6\u011frenciler a\u015fa\u011f\u0131daki akademik dereceyi ve unvan\u0131 almaya hak kazan\u0131rlar: Kazan\u0131lan Derece: Lisans Diplomas\u0131 Derecenin Seviyesi: Lisans Derecenin Kazan\u0131lma Ko\u015fullar\u0131 \u00d6\u011frencilerin\u00a0lisans diplomas\u0131 almaya hak kazanabilmesi i\u00e7in\u00a0a\u015fa\u011f\u0131daki ko\u015fullar\u0131 sa\u011flamas\u0131 gerekmektedir: Programda yer alan t\u00fcm dersleri ba\u015far\u0131yla tamamlamak. En az 240 AKTS (ECTS) kredi toplamak. Genel Not Ortalamas\u0131n\u0131n (GNO) en az 2.00\/4.00 olmas\u0131. [&hellip;]","og_url":"http:\/\/ticaret.edu.tr\/havacilik-yonetimi\/kazanilan-derece\/","og_site_name":"Havac\u0131l\u0131k Y\u00f6netimi","article_publisher":"https:\/\/www.facebook.com\/ticaretedutr","article_modified_time":"2025-04-28T06:55:35+00:00","og_image":[{"width":1250,"height":833,"url":"http:\/\/ticaret.edu.tr\/havacilik-yonetimi\/wp-content\/uploads\/sites\/10\/2021\/11\/web_logo-01.jpg","type":"image\/jpeg"}],"twitter_card":"summary_large_image","twitter_site":"@ticaretedutr","twitter_misc":{"Tahmini okuma s\u00fcresi":"1 dakika"},"schema":{"@context":"https:\/\/schema.org","@graph":[{"@type":"WebPage","@id":"http:\/\/ticaret.edu.tr\/havacilik-yonetimi\/kazanilan-derece\/","url":"http:\/\/ticaret.edu.tr\/havacilik-yonetimi\/kazanilan-derece\/","name":"Kazan\u0131lan Derece - Havac\u0131l\u0131k Y\u00f6netimi","isPartOf":{"@id":"https:\/\/ticaret.edu.tr\/havacilik-yonetimi\/en\/#website"},"datePublished":"2025-01-26T14:00:06+00:00","dateModified":"2025-04-28T06:55:35+00:00","breadcrumb":{"@id":"http:\/\/ticaret.edu.tr\/havacilik-yonetimi\/kazanilan-derece\/#breadcrumb"},"inLanguage":"tr","potentialAction":[{"@type":"ReadAction","target":["http:\/\/ticaret.edu.tr\/havacilik-yonetimi\/kazanilan-derece\/"]}]},{"@type":"BreadcrumbList","@id":"http:\/\/ticaret.edu.tr\/havacilik-yonetimi\/kazanilan-derece\/#breadcrumb","itemListElement":[{"@type":"ListItem","position":1,"name":"Ana sayfa","item":"https:\/\/ticaret.edu.tr\/havacilik-yonetimi\/"},{"@type":"ListItem","position":2,"name":"Kazan\u0131lan Derece"}]},{"@type":"WebSite","@id":"https:\/\/ticaret.edu.tr\/havacilik-yonetimi\/en\/#website","url":"https:\/\/ticaret.edu.tr\/havacilik-yonetimi\/en\/","name":"Havac\u0131l\u0131k Y\u00f6netimi","description":"","potentialAction":[{"@type":"SearchAction","target":{"@type":"EntryPoint","urlTemplate":"https:\/\/ticaret.edu.tr\/havacilik-yonetimi\/en\/?s={search_term_string}"},"query-input":"required name=search_term_string"}],"inLanguage":"tr"}]}},"lang":"tr","translations":{"en":1227,"tr":1225},"pll_sync_post":[],"_links":{"self":[{"href":"http:\/\/ticaret.edu.tr\/havacilik-yonetimi\/wp-json\/wp\/v2\/pages\/1225"}],"collection":[{"href":"http:\/\/ticaret.edu.tr\/havacilik-yonetimi\/wp-json\/wp\/v2\/pages"}],"about":[{"href":"http:\/\/ticaret.edu.tr\/havacilik-yonetimi\/wp-json\/wp\/v2\/types\/page"}],"author":[{"embeddable":true,"href":"http:\/\/ticaret.edu.tr\/havacilik-yonetimi\/wp-json\/wp\/v2\/users\/139"}],"replies":[{"embeddable":true,"href":"http:\/\/ticaret.edu.tr\/havacilik-yonetimi\/wp-json\/wp\/v2\/comments?post=1225"}],"version-history":[{"count":3,"href":"http:\/\/ticaret.edu.tr\/havacilik-yonetimi\/wp-json\/wp\/v2\/pages\/1225\/revisions"}],"predecessor-version":[{"id":1658,"href":"http:\/\/ticaret.edu.tr\/havacilik-yonetimi\/wp-json\/wp\/v2\/pages\/1225\/revisions\/1658"}],"wp:attachment":[{"href":"http:\/\/ticaret.edu.tr\/havacilik-yonetimi\/wp-json\/wp\/v2\/media?parent=1225"}],"curies":[{"name":"wp","href":"https:\/\/api.w.org\/{rel}","templated":true}]}}