{"id":1227,"date":"2025-01-26T17:00:28","date_gmt":"2025-01-26T14:00:28","guid":{"rendered":"https:\/\/ticaret.edu.tr\/havacilik-yonetimi\/?page_id=1227"},"modified":"2026-01-21T09:54:38","modified_gmt":"2026-01-21T06:54:38","slug":"the-academic-degree-to-be-entitled-to","status":"publish","type":"page","link":"http:\/\/ticaret.edu.tr\/havacilik-yonetimi\/en\/the-academic-degree-to-be-entitled-to\/","title":{"rendered":"The Academic Degree to be Entitled to"},"content":{"rendered":"<p data-start=\"0\" data-end=\"41\"><strong>The Academic Degree to be Entitled to<\/strong><\/p>\n<p data-start=\"43\" data-end=\"154\">Students who successfully complete the program are entitled to receive the following academic degree and title:<\/p>\n<ul data-start=\"156\" data-end=\"261\">\n<li data-start=\"156\" data-end=\"221\">\n<p data-start=\"158\" data-end=\"221\">The Academic Degree to be Entitled to: Bachelor\u2019s Diploma<\/p>\n<\/li>\n<li data-start=\"222\" data-end=\"261\">\n<p data-start=\"224\" data-end=\"261\">Level of the Degree: Bachelor\u2019s<\/p>\n<\/li>\n<\/ul>\n<p data-start=\"263\" data-end=\"309\"><strong>Requirements for Entitlement to the Degree<\/strong><\/p>\n<p data-start=\"311\" data-end=\"414\">In order to be entitled to receive a bachelor\u2019s diploma, students must meet the following requirements:<\/p>\n<ul data-start=\"416\" data-end=\"715\" data-is-last-node=\"\" data-is-only-node=\"\">\n<li data-start=\"416\" data-end=\"478\">\n<p data-start=\"418\" data-end=\"478\">Successfully complete all courses included in the program.<\/p>\n<\/li>\n<li data-start=\"479\" data-end=\"524\">\n<p data-start=\"481\" data-end=\"524\">Accumulate at least 240 ECTS credits.<\/p>\n<\/li>\n<li data-start=\"525\" data-end=\"607\">\n<p data-start=\"527\" data-end=\"607\">Achieve a Cumulative Grade Point Average (CGPA) of at least 2.00\/4.00.<\/p>\n<\/li>\n<li data-start=\"608\" data-end=\"715\" data-is-last-node=\"\">\n<p data-start=\"610\" data-end=\"715\" data-is-last-node=\"\">Successfully complete the compulsory internship or graduation (capstone) project (if applicable).<\/p>\n<\/li>\n<\/ul>\n","protected":false},"excerpt":{"rendered":"<p>The Academic Degree to be Entitled to Students who successfully complete the program are entitled to receive the following academic degree and title: The Academic Degree to be Entitled to: Bachelor\u2019s Diploma Level of the Degree: Bachelor\u2019s Requirements for Entitlement to the Degree In order to be entitled to receive a bachelor\u2019s diploma, students must [&hellip;]<\/p>\n","protected":false},"author":139,"featured_media":0,"parent":0,"menu_order":0,"comment_status":"closed","ping_status":"closed","template":"genel_sayfa.php","meta":{"footnotes":""},"yoast_head":"<!-- This site is optimized with the Yoast SEO Premium plugin v22.1 (Yoast SEO v22.1) - https:\/\/yoast.com\/wordpress\/plugins\/seo\/ -->\n<title>The Academic Degree to be Entitled to - Havac\u0131l\u0131k Y\u00f6netimi<\/title>\n<meta name=\"robots\" content=\"index, follow, max-snippet:-1, max-image-preview:large, max-video-preview:-1\" \/>\n<link rel=\"canonical\" href=\"http:\/\/ticaret.edu.tr\/havacilik-yonetimi\/en\/the-academic-degree-to-be-entitled-to\/\" \/>\n<meta property=\"og:locale\" content=\"tr_TR\" \/>\n<meta property=\"og:type\" content=\"article\" \/>\n<meta property=\"og:title\" content=\"The Academic Degree to be Entitled to\" \/>\n<meta property=\"og:description\" content=\"The Academic Degree to be Entitled to Students who successfully complete the program are entitled to receive the following academic degree and title: The Academic Degree to be Entitled to: Bachelor\u2019s Diploma Level of the Degree: Bachelor\u2019s Requirements for Entitlement to the Degree In order to be entitled to receive a bachelor\u2019s diploma, students must [&hellip;]\" \/>\n<meta property=\"og:url\" content=\"http:\/\/ticaret.edu.tr\/havacilik-yonetimi\/en\/the-academic-degree-to-be-entitled-to\/\" \/>\n<meta property=\"og:site_name\" content=\"Havac\u0131l\u0131k Y\u00f6netimi\" \/>\n<meta property=\"article:publisher\" content=\"https:\/\/www.facebook.com\/ticaretedutr\" \/>\n<meta property=\"article:modified_time\" content=\"2026-01-21T06:54:38+00:00\" \/>\n<meta property=\"og:image\" content=\"http:\/\/ticaret.edu.tr\/havacilik-yonetimi\/wp-content\/uploads\/sites\/10\/2021\/11\/web_logo-01.jpg\" \/>\n\t<meta property=\"og:image:width\" content=\"1250\" \/>\n\t<meta property=\"og:image:height\" content=\"833\" \/>\n\t<meta property=\"og:image:type\" content=\"image\/jpeg\" \/>\n<meta name=\"twitter:card\" content=\"summary_large_image\" \/>\n<meta name=\"twitter:site\" content=\"@ticaretedutr\" \/>\n<meta name=\"twitter:label1\" content=\"Tahmini okuma s\u00fcresi\" \/>\n\t<meta name=\"twitter:data1\" content=\"1 dakika\" \/>\n<script type=\"application\/ld+json\" class=\"yoast-schema-graph\">{\"@context\":\"https:\/\/schema.org\",\"@graph\":[{\"@type\":\"WebPage\",\"@id\":\"http:\/\/ticaret.edu.tr\/havacilik-yonetimi\/en\/the-academic-degree-to-be-entitled-to\/\",\"url\":\"http:\/\/ticaret.edu.tr\/havacilik-yonetimi\/en\/the-academic-degree-to-be-entitled-to\/\",\"name\":\"The Academic Degree to be Entitled to - Havac\u0131l\u0131k Y\u00f6netimi\",\"isPartOf\":{\"@id\":\"https:\/\/ticaret.edu.tr\/havacilik-yonetimi\/en\/#website\"},\"datePublished\":\"2025-01-26T14:00:28+00:00\",\"dateModified\":\"2026-01-21T06:54:38+00:00\",\"breadcrumb\":{\"@id\":\"http:\/\/ticaret.edu.tr\/havacilik-yonetimi\/en\/the-academic-degree-to-be-entitled-to\/#breadcrumb\"},\"inLanguage\":\"tr\",\"potentialAction\":[{\"@type\":\"ReadAction\",\"target\":[\"http:\/\/ticaret.edu.tr\/havacilik-yonetimi\/en\/the-academic-degree-to-be-entitled-to\/\"]}]},{\"@type\":\"BreadcrumbList\",\"@id\":\"http:\/\/ticaret.edu.tr\/havacilik-yonetimi\/en\/the-academic-degree-to-be-entitled-to\/#breadcrumb\",\"itemListElement\":[{\"@type\":\"ListItem\",\"position\":1,\"name\":\"Ana sayfa\",\"item\":\"https:\/\/ticaret.edu.tr\/havacilik-yonetimi\/\"},{\"@type\":\"ListItem\",\"position\":2,\"name\":\"The Academic Degree to be Entitled to\"}]},{\"@type\":\"WebSite\",\"@id\":\"https:\/\/ticaret.edu.tr\/havacilik-yonetimi\/en\/#website\",\"url\":\"https:\/\/ticaret.edu.tr\/havacilik-yonetimi\/en\/\",\"name\":\"Havac\u0131l\u0131k Y\u00f6netimi\",\"description\":\"\",\"potentialAction\":[{\"@type\":\"SearchAction\",\"target\":{\"@type\":\"EntryPoint\",\"urlTemplate\":\"https:\/\/ticaret.edu.tr\/havacilik-yonetimi\/en\/?s={search_term_string}\"},\"query-input\":\"required name=search_term_string\"}],\"inLanguage\":\"tr\"}]}<\/script>\n<!-- \/ Yoast SEO Premium plugin. -->","yoast_head_json":{"title":"The Academic Degree to be Entitled to - Havac\u0131l\u0131k Y\u00f6netimi","robots":{"index":"index","follow":"follow","max-snippet":"max-snippet:-1","max-image-preview":"max-image-preview:large","max-video-preview":"max-video-preview:-1"},"canonical":"http:\/\/ticaret.edu.tr\/havacilik-yonetimi\/en\/the-academic-degree-to-be-entitled-to\/","og_locale":"tr_TR","og_type":"article","og_title":"The Academic Degree to be Entitled to","og_description":"The Academic Degree to be Entitled to Students who successfully complete the program are entitled to receive the following academic degree and title: The Academic Degree to be Entitled to: Bachelor\u2019s Diploma Level of the Degree: Bachelor\u2019s Requirements for Entitlement to the Degree In order to be entitled to receive a bachelor\u2019s diploma, students must [&hellip;]","og_url":"http:\/\/ticaret.edu.tr\/havacilik-yonetimi\/en\/the-academic-degree-to-be-entitled-to\/","og_site_name":"Havac\u0131l\u0131k Y\u00f6netimi","article_publisher":"https:\/\/www.facebook.com\/ticaretedutr","article_modified_time":"2026-01-21T06:54:38+00:00","og_image":[{"width":1250,"height":833,"url":"http:\/\/ticaret.edu.tr\/havacilik-yonetimi\/wp-content\/uploads\/sites\/10\/2021\/11\/web_logo-01.jpg","type":"image\/jpeg"}],"twitter_card":"summary_large_image","twitter_site":"@ticaretedutr","twitter_misc":{"Tahmini okuma s\u00fcresi":"1 dakika"},"schema":{"@context":"https:\/\/schema.org","@graph":[{"@type":"WebPage","@id":"http:\/\/ticaret.edu.tr\/havacilik-yonetimi\/en\/the-academic-degree-to-be-entitled-to\/","url":"http:\/\/ticaret.edu.tr\/havacilik-yonetimi\/en\/the-academic-degree-to-be-entitled-to\/","name":"The Academic Degree to be Entitled to - Havac\u0131l\u0131k Y\u00f6netimi","isPartOf":{"@id":"https:\/\/ticaret.edu.tr\/havacilik-yonetimi\/en\/#website"},"datePublished":"2025-01-26T14:00:28+00:00","dateModified":"2026-01-21T06:54:38+00:00","breadcrumb":{"@id":"http:\/\/ticaret.edu.tr\/havacilik-yonetimi\/en\/the-academic-degree-to-be-entitled-to\/#breadcrumb"},"inLanguage":"tr","potentialAction":[{"@type":"ReadAction","target":["http:\/\/ticaret.edu.tr\/havacilik-yonetimi\/en\/the-academic-degree-to-be-entitled-to\/"]}]},{"@type":"BreadcrumbList","@id":"http:\/\/ticaret.edu.tr\/havacilik-yonetimi\/en\/the-academic-degree-to-be-entitled-to\/#breadcrumb","itemListElement":[{"@type":"ListItem","position":1,"name":"Ana sayfa","item":"https:\/\/ticaret.edu.tr\/havacilik-yonetimi\/"},{"@type":"ListItem","position":2,"name":"The Academic Degree to be Entitled to"}]},{"@type":"WebSite","@id":"https:\/\/ticaret.edu.tr\/havacilik-yonetimi\/en\/#website","url":"https:\/\/ticaret.edu.tr\/havacilik-yonetimi\/en\/","name":"Havac\u0131l\u0131k Y\u00f6netimi","description":"","potentialAction":[{"@type":"SearchAction","target":{"@type":"EntryPoint","urlTemplate":"https:\/\/ticaret.edu.tr\/havacilik-yonetimi\/en\/?s={search_term_string}"},"query-input":"required name=search_term_string"}],"inLanguage":"tr"}]}},"lang":"en","translations":{"en":1227,"tr":1225},"pll_sync_post":[],"_links":{"self":[{"href":"http:\/\/ticaret.edu.tr\/havacilik-yonetimi\/wp-json\/wp\/v2\/pages\/1227"}],"collection":[{"href":"http:\/\/ticaret.edu.tr\/havacilik-yonetimi\/wp-json\/wp\/v2\/pages"}],"about":[{"href":"http:\/\/ticaret.edu.tr\/havacilik-yonetimi\/wp-json\/wp\/v2\/types\/page"}],"author":[{"embeddable":true,"href":"http:\/\/ticaret.edu.tr\/havacilik-yonetimi\/wp-json\/wp\/v2\/users\/139"}],"replies":[{"embeddable":true,"href":"http:\/\/ticaret.edu.tr\/havacilik-yonetimi\/wp-json\/wp\/v2\/comments?post=1227"}],"version-history":[{"count":2,"href":"http:\/\/ticaret.edu.tr\/havacilik-yonetimi\/wp-json\/wp\/v2\/pages\/1227\/revisions"}],"predecessor-version":[{"id":1943,"href":"http:\/\/ticaret.edu.tr\/havacilik-yonetimi\/wp-json\/wp\/v2\/pages\/1227\/revisions\/1943"}],"wp:attachment":[{"href":"http:\/\/ticaret.edu.tr\/havacilik-yonetimi\/wp-json\/wp\/v2\/media?parent=1227"}],"curies":[{"name":"wp","href":"https:\/\/api.w.org\/{rel}","templated":true}]}}