{"id":1231,"date":"2025-01-26T17:01:19","date_gmt":"2025-01-26T14:01:19","guid":{"rendered":"https:\/\/ticaret.edu.tr\/havacilik-yonetimi\/?page_id=1231"},"modified":"2026-01-21T09:56:33","modified_gmt":"2026-01-21T06:56:33","slug":"the-academic-title-to-be-entitled-to","status":"publish","type":"page","link":"http:\/\/ticaret.edu.tr\/havacilik-yonetimi\/en\/the-academic-title-to-be-entitled-to\/","title":{"rendered":"The Academic Title to be Entitled to"},"content":{"rendered":"<p data-start=\"0\" data-end=\"49\"><strong>Degree Level and Qualification Framework Level<\/strong><\/p>\n<p data-start=\"51\" data-end=\"133\">Students who successfully complete this program attain the following degree level:<\/p>\n<ul data-start=\"135\" data-end=\"247\">\n<li data-start=\"135\" data-end=\"167\">\n<p data-start=\"137\" data-end=\"167\">Degree Level: Bachelor\u2019s<\/p>\n<\/li>\n<li data-start=\"168\" data-end=\"247\">\n<p data-start=\"170\" data-end=\"247\">Turkish Higher Education Qualifications Framework (TYY\u00c7) Level: Level 6<\/p>\n<\/li>\n<\/ul>\n<p data-start=\"249\" data-end=\"423\">The bachelor\u2019s level represents the first stage of post-secondary academic education and offers graduates opportunities to advance in their academic and professional careers.<\/p>\n<p data-start=\"425\" data-end=\"477\"><strong>National and International Position of the Degree<\/strong><\/p>\n<p data-start=\"479\" data-end=\"631\">Within the scope of the Turkish Higher Education Qualifications Framework (TYY\u00c7), the program corresponds to a Level 6 bachelor\u2019s qualification.<\/p>\n<p data-start=\"633\" data-end=\"762\">It is recognized in Europe and other international academic communities, enabling graduates to apply to academic programs abroad.<\/p>\n<p data-start=\"764\" data-end=\"898\" data-is-last-node=\"\" data-is-only-node=\"\">Graduates may pursue their careers in national and international labor markets with a diploma that is considered valid and recognized.<\/p>\n","protected":false},"excerpt":{"rendered":"<p>Degree Level and Qualification Framework Level Students who successfully complete this program attain the following degree level: Degree Level: Bachelor\u2019s Turkish Higher Education Qualifications Framework (TYY\u00c7) Level: Level 6 The bachelor\u2019s level represents the first stage of post-secondary academic education and offers graduates opportunities to advance in their academic and professional careers. National and International [&hellip;]<\/p>\n","protected":false},"author":139,"featured_media":0,"parent":0,"menu_order":0,"comment_status":"closed","ping_status":"closed","template":"genel_sayfa.php","meta":{"footnotes":""},"yoast_head":"<!-- This site is optimized with the Yoast SEO Premium plugin v22.1 (Yoast SEO v22.1) - https:\/\/yoast.com\/wordpress\/plugins\/seo\/ -->\n<title>The Academic Title to be Entitled to - Havac\u0131l\u0131k Y\u00f6netimi<\/title>\n<meta name=\"robots\" content=\"index, follow, max-snippet:-1, max-image-preview:large, max-video-preview:-1\" \/>\n<link rel=\"canonical\" href=\"http:\/\/ticaret.edu.tr\/havacilik-yonetimi\/en\/the-academic-title-to-be-entitled-to\/\" \/>\n<meta property=\"og:locale\" content=\"tr_TR\" \/>\n<meta property=\"og:type\" content=\"article\" \/>\n<meta property=\"og:title\" content=\"The Academic Title to be Entitled to\" \/>\n<meta property=\"og:description\" content=\"Degree Level and Qualification Framework Level Students who successfully complete this program attain the following degree level: Degree Level: Bachelor\u2019s Turkish Higher Education Qualifications Framework (TYY\u00c7) Level: Level 6 The bachelor\u2019s level represents the first stage of post-secondary academic education and offers graduates opportunities to advance in their academic and professional careers. National and International [&hellip;]\" \/>\n<meta property=\"og:url\" content=\"http:\/\/ticaret.edu.tr\/havacilik-yonetimi\/en\/the-academic-title-to-be-entitled-to\/\" \/>\n<meta property=\"og:site_name\" content=\"Havac\u0131l\u0131k Y\u00f6netimi\" \/>\n<meta property=\"article:publisher\" content=\"https:\/\/www.facebook.com\/ticaretedutr\" \/>\n<meta property=\"article:modified_time\" content=\"2026-01-21T06:56:33+00:00\" \/>\n<meta property=\"og:image\" content=\"http:\/\/ticaret.edu.tr\/havacilik-yonetimi\/wp-content\/uploads\/sites\/10\/2021\/11\/web_logo-01.jpg\" \/>\n\t<meta property=\"og:image:width\" content=\"1250\" \/>\n\t<meta property=\"og:image:height\" content=\"833\" \/>\n\t<meta property=\"og:image:type\" content=\"image\/jpeg\" \/>\n<meta name=\"twitter:card\" content=\"summary_large_image\" \/>\n<meta name=\"twitter:site\" content=\"@ticaretedutr\" \/>\n<meta name=\"twitter:label1\" content=\"Tahmini okuma s\u00fcresi\" \/>\n\t<meta name=\"twitter:data1\" content=\"1 dakika\" \/>\n<script type=\"application\/ld+json\" class=\"yoast-schema-graph\">{\"@context\":\"https:\/\/schema.org\",\"@graph\":[{\"@type\":\"WebPage\",\"@id\":\"http:\/\/ticaret.edu.tr\/havacilik-yonetimi\/en\/the-academic-title-to-be-entitled-to\/\",\"url\":\"http:\/\/ticaret.edu.tr\/havacilik-yonetimi\/en\/the-academic-title-to-be-entitled-to\/\",\"name\":\"The Academic Title to be Entitled to - Havac\u0131l\u0131k Y\u00f6netimi\",\"isPartOf\":{\"@id\":\"https:\/\/ticaret.edu.tr\/havacilik-yonetimi\/en\/#website\"},\"datePublished\":\"2025-01-26T14:01:19+00:00\",\"dateModified\":\"2026-01-21T06:56:33+00:00\",\"breadcrumb\":{\"@id\":\"http:\/\/ticaret.edu.tr\/havacilik-yonetimi\/en\/the-academic-title-to-be-entitled-to\/#breadcrumb\"},\"inLanguage\":\"tr\",\"potentialAction\":[{\"@type\":\"ReadAction\",\"target\":[\"http:\/\/ticaret.edu.tr\/havacilik-yonetimi\/en\/the-academic-title-to-be-entitled-to\/\"]}]},{\"@type\":\"BreadcrumbList\",\"@id\":\"http:\/\/ticaret.edu.tr\/havacilik-yonetimi\/en\/the-academic-title-to-be-entitled-to\/#breadcrumb\",\"itemListElement\":[{\"@type\":\"ListItem\",\"position\":1,\"name\":\"Ana sayfa\",\"item\":\"https:\/\/ticaret.edu.tr\/havacilik-yonetimi\/\"},{\"@type\":\"ListItem\",\"position\":2,\"name\":\"The Academic Title to be Entitled to\"}]},{\"@type\":\"WebSite\",\"@id\":\"https:\/\/ticaret.edu.tr\/havacilik-yonetimi\/en\/#website\",\"url\":\"https:\/\/ticaret.edu.tr\/havacilik-yonetimi\/en\/\",\"name\":\"Havac\u0131l\u0131k Y\u00f6netimi\",\"description\":\"\",\"potentialAction\":[{\"@type\":\"SearchAction\",\"target\":{\"@type\":\"EntryPoint\",\"urlTemplate\":\"https:\/\/ticaret.edu.tr\/havacilik-yonetimi\/en\/?s={search_term_string}\"},\"query-input\":\"required name=search_term_string\"}],\"inLanguage\":\"tr\"}]}<\/script>\n<!-- \/ Yoast SEO Premium plugin. -->","yoast_head_json":{"title":"The Academic Title to be Entitled to - Havac\u0131l\u0131k Y\u00f6netimi","robots":{"index":"index","follow":"follow","max-snippet":"max-snippet:-1","max-image-preview":"max-image-preview:large","max-video-preview":"max-video-preview:-1"},"canonical":"http:\/\/ticaret.edu.tr\/havacilik-yonetimi\/en\/the-academic-title-to-be-entitled-to\/","og_locale":"tr_TR","og_type":"article","og_title":"The Academic Title to be Entitled to","og_description":"Degree Level and Qualification Framework Level Students who successfully complete this program attain the following degree level: Degree Level: Bachelor\u2019s Turkish Higher Education Qualifications Framework (TYY\u00c7) Level: Level 6 The bachelor\u2019s level represents the first stage of post-secondary academic education and offers graduates opportunities to advance in their academic and professional careers. National and International [&hellip;]","og_url":"http:\/\/ticaret.edu.tr\/havacilik-yonetimi\/en\/the-academic-title-to-be-entitled-to\/","og_site_name":"Havac\u0131l\u0131k Y\u00f6netimi","article_publisher":"https:\/\/www.facebook.com\/ticaretedutr","article_modified_time":"2026-01-21T06:56:33+00:00","og_image":[{"width":1250,"height":833,"url":"http:\/\/ticaret.edu.tr\/havacilik-yonetimi\/wp-content\/uploads\/sites\/10\/2021\/11\/web_logo-01.jpg","type":"image\/jpeg"}],"twitter_card":"summary_large_image","twitter_site":"@ticaretedutr","twitter_misc":{"Tahmini okuma s\u00fcresi":"1 dakika"},"schema":{"@context":"https:\/\/schema.org","@graph":[{"@type":"WebPage","@id":"http:\/\/ticaret.edu.tr\/havacilik-yonetimi\/en\/the-academic-title-to-be-entitled-to\/","url":"http:\/\/ticaret.edu.tr\/havacilik-yonetimi\/en\/the-academic-title-to-be-entitled-to\/","name":"The Academic Title to be Entitled to - Havac\u0131l\u0131k Y\u00f6netimi","isPartOf":{"@id":"https:\/\/ticaret.edu.tr\/havacilik-yonetimi\/en\/#website"},"datePublished":"2025-01-26T14:01:19+00:00","dateModified":"2026-01-21T06:56:33+00:00","breadcrumb":{"@id":"http:\/\/ticaret.edu.tr\/havacilik-yonetimi\/en\/the-academic-title-to-be-entitled-to\/#breadcrumb"},"inLanguage":"tr","potentialAction":[{"@type":"ReadAction","target":["http:\/\/ticaret.edu.tr\/havacilik-yonetimi\/en\/the-academic-title-to-be-entitled-to\/"]}]},{"@type":"BreadcrumbList","@id":"http:\/\/ticaret.edu.tr\/havacilik-yonetimi\/en\/the-academic-title-to-be-entitled-to\/#breadcrumb","itemListElement":[{"@type":"ListItem","position":1,"name":"Ana sayfa","item":"https:\/\/ticaret.edu.tr\/havacilik-yonetimi\/"},{"@type":"ListItem","position":2,"name":"The Academic Title to be Entitled to"}]},{"@type":"WebSite","@id":"https:\/\/ticaret.edu.tr\/havacilik-yonetimi\/en\/#website","url":"https:\/\/ticaret.edu.tr\/havacilik-yonetimi\/en\/","name":"Havac\u0131l\u0131k Y\u00f6netimi","description":"","potentialAction":[{"@type":"SearchAction","target":{"@type":"EntryPoint","urlTemplate":"https:\/\/ticaret.edu.tr\/havacilik-yonetimi\/en\/?s={search_term_string}"},"query-input":"required name=search_term_string"}],"inLanguage":"tr"}]}},"lang":"en","translations":{"en":1231,"tr":1229},"pll_sync_post":[],"_links":{"self":[{"href":"http:\/\/ticaret.edu.tr\/havacilik-yonetimi\/wp-json\/wp\/v2\/pages\/1231"}],"collection":[{"href":"http:\/\/ticaret.edu.tr\/havacilik-yonetimi\/wp-json\/wp\/v2\/pages"}],"about":[{"href":"http:\/\/ticaret.edu.tr\/havacilik-yonetimi\/wp-json\/wp\/v2\/types\/page"}],"author":[{"embeddable":true,"href":"http:\/\/ticaret.edu.tr\/havacilik-yonetimi\/wp-json\/wp\/v2\/users\/139"}],"replies":[{"embeddable":true,"href":"http:\/\/ticaret.edu.tr\/havacilik-yonetimi\/wp-json\/wp\/v2\/comments?post=1231"}],"version-history":[{"count":2,"href":"http:\/\/ticaret.edu.tr\/havacilik-yonetimi\/wp-json\/wp\/v2\/pages\/1231\/revisions"}],"predecessor-version":[{"id":1944,"href":"http:\/\/ticaret.edu.tr\/havacilik-yonetimi\/wp-json\/wp\/v2\/pages\/1231\/revisions\/1944"}],"wp:attachment":[{"href":"http:\/\/ticaret.edu.tr\/havacilik-yonetimi\/wp-json\/wp\/v2\/media?parent=1231"}],"curies":[{"name":"wp","href":"https:\/\/api.w.org\/{rel}","templated":true}]}}