{"id":1236,"date":"2025-01-26T17:02:28","date_gmt":"2025-01-26T14:02:28","guid":{"rendered":"https:\/\/ticaret.edu.tr\/havacilik-yonetimi\/?page_id=1236"},"modified":"2026-01-21T09:57:53","modified_gmt":"2026-01-21T06:57:53","slug":"registration-admission-requirements","status":"publish","type":"page","link":"http:\/\/ticaret.edu.tr\/havacilik-yonetimi\/en\/registration-admission-requirements\/","title":{"rendered":"Registration\/Admission Requirements"},"content":{"rendered":"<p data-start=\"0\" data-end=\"74\"><strong>Application to and Admission Requirements for the Undergraduate Program<\/strong><\/p>\n<p data-start=\"76\" data-end=\"156\">Students who wish to enroll in the program must meet the following requirements:<\/p>\n<ul data-start=\"158\" data-end=\"628\">\n<li data-start=\"158\" data-end=\"278\">\n<p data-start=\"160\" data-end=\"278\">Participate in the centralized examinations administered by \u00d6SYM (TYT\u2013AYT) and be placed in the relevant department.<\/p>\n<\/li>\n<li data-start=\"279\" data-end=\"410\">\n<p data-start=\"281\" data-end=\"410\">For candidates who are citizens of the Republic of T\u00fcrkiye, meet the minimum score and ranking requirements determined by \u00d6SYM.<\/p>\n<\/li>\n<li data-start=\"411\" data-end=\"504\">\n<p data-start=\"413\" data-end=\"504\">For international students, fulfill the admission criteria established by the University.<\/p>\n<\/li>\n<li data-start=\"505\" data-end=\"628\">\n<p data-start=\"507\" data-end=\"628\">For students applying through horizontal or vertical transfer, meet the conditions specified in the relevant regulations.<\/p>\n<\/li>\n<\/ul>\n<p data-start=\"630\" data-end=\"663\"><strong>Registration Process and Dates<\/strong><\/p>\n<p data-start=\"665\" data-end=\"759\" data-is-last-node=\"\" data-is-only-node=\"\">Registration procedures must be completed within the dates specified in the academic calendar.<\/p>\n","protected":false},"excerpt":{"rendered":"<p>Application to and Admission Requirements for the Undergraduate Program Students who wish to enroll in the program must meet the following requirements: Participate in the centralized examinations administered by \u00d6SYM (TYT\u2013AYT) and be placed in the relevant department. For candidates who are citizens of the Republic of T\u00fcrkiye, meet the minimum score and ranking requirements [&hellip;]<\/p>\n","protected":false},"author":139,"featured_media":0,"parent":0,"menu_order":0,"comment_status":"closed","ping_status":"closed","template":"genel_sayfa.php","meta":{"footnotes":""},"yoast_head":"<!-- This site is optimized with the Yoast SEO Premium plugin v22.1 (Yoast SEO v22.1) - https:\/\/yoast.com\/wordpress\/plugins\/seo\/ -->\n<title>Registration\/Admission Requirements - Havac\u0131l\u0131k Y\u00f6netimi<\/title>\n<meta name=\"robots\" content=\"index, follow, max-snippet:-1, max-image-preview:large, max-video-preview:-1\" \/>\n<link rel=\"canonical\" href=\"http:\/\/ticaret.edu.tr\/havacilik-yonetimi\/en\/registration-admission-requirements\/\" \/>\n<meta property=\"og:locale\" content=\"tr_TR\" \/>\n<meta property=\"og:type\" content=\"article\" \/>\n<meta property=\"og:title\" content=\"Registration\/Admission Requirements\" \/>\n<meta property=\"og:description\" content=\"Application to and Admission Requirements for the Undergraduate Program Students who wish to enroll in the program must meet the following requirements: Participate in the centralized examinations administered by \u00d6SYM (TYT\u2013AYT) and be placed in the relevant department. For candidates who are citizens of the Republic of T\u00fcrkiye, meet the minimum score and ranking requirements [&hellip;]\" \/>\n<meta property=\"og:url\" content=\"http:\/\/ticaret.edu.tr\/havacilik-yonetimi\/en\/registration-admission-requirements\/\" \/>\n<meta property=\"og:site_name\" content=\"Havac\u0131l\u0131k Y\u00f6netimi\" \/>\n<meta property=\"article:publisher\" content=\"https:\/\/www.facebook.com\/ticaretedutr\" \/>\n<meta property=\"article:modified_time\" content=\"2026-01-21T06:57:53+00:00\" \/>\n<meta property=\"og:image\" content=\"http:\/\/ticaret.edu.tr\/havacilik-yonetimi\/wp-content\/uploads\/sites\/10\/2021\/11\/web_logo-01.jpg\" \/>\n\t<meta property=\"og:image:width\" content=\"1250\" \/>\n\t<meta property=\"og:image:height\" content=\"833\" \/>\n\t<meta property=\"og:image:type\" content=\"image\/jpeg\" \/>\n<meta name=\"twitter:card\" content=\"summary_large_image\" \/>\n<meta name=\"twitter:site\" content=\"@ticaretedutr\" \/>\n<meta name=\"twitter:label1\" content=\"Tahmini okuma s\u00fcresi\" \/>\n\t<meta name=\"twitter:data1\" content=\"1 dakika\" \/>\n<script type=\"application\/ld+json\" class=\"yoast-schema-graph\">{\"@context\":\"https:\/\/schema.org\",\"@graph\":[{\"@type\":\"WebPage\",\"@id\":\"http:\/\/ticaret.edu.tr\/havacilik-yonetimi\/en\/registration-admission-requirements\/\",\"url\":\"http:\/\/ticaret.edu.tr\/havacilik-yonetimi\/en\/registration-admission-requirements\/\",\"name\":\"Registration\/Admission Requirements - Havac\u0131l\u0131k Y\u00f6netimi\",\"isPartOf\":{\"@id\":\"https:\/\/ticaret.edu.tr\/havacilik-yonetimi\/en\/#website\"},\"datePublished\":\"2025-01-26T14:02:28+00:00\",\"dateModified\":\"2026-01-21T06:57:53+00:00\",\"breadcrumb\":{\"@id\":\"http:\/\/ticaret.edu.tr\/havacilik-yonetimi\/en\/registration-admission-requirements\/#breadcrumb\"},\"inLanguage\":\"tr\",\"potentialAction\":[{\"@type\":\"ReadAction\",\"target\":[\"http:\/\/ticaret.edu.tr\/havacilik-yonetimi\/en\/registration-admission-requirements\/\"]}]},{\"@type\":\"BreadcrumbList\",\"@id\":\"http:\/\/ticaret.edu.tr\/havacilik-yonetimi\/en\/registration-admission-requirements\/#breadcrumb\",\"itemListElement\":[{\"@type\":\"ListItem\",\"position\":1,\"name\":\"Ana sayfa\",\"item\":\"https:\/\/ticaret.edu.tr\/havacilik-yonetimi\/\"},{\"@type\":\"ListItem\",\"position\":2,\"name\":\"Registration\/Admission Requirements\"}]},{\"@type\":\"WebSite\",\"@id\":\"https:\/\/ticaret.edu.tr\/havacilik-yonetimi\/en\/#website\",\"url\":\"https:\/\/ticaret.edu.tr\/havacilik-yonetimi\/en\/\",\"name\":\"Havac\u0131l\u0131k Y\u00f6netimi\",\"description\":\"\",\"potentialAction\":[{\"@type\":\"SearchAction\",\"target\":{\"@type\":\"EntryPoint\",\"urlTemplate\":\"https:\/\/ticaret.edu.tr\/havacilik-yonetimi\/en\/?s={search_term_string}\"},\"query-input\":\"required name=search_term_string\"}],\"inLanguage\":\"tr\"}]}<\/script>\n<!-- \/ Yoast SEO Premium plugin. -->","yoast_head_json":{"title":"Registration\/Admission Requirements - Havac\u0131l\u0131k Y\u00f6netimi","robots":{"index":"index","follow":"follow","max-snippet":"max-snippet:-1","max-image-preview":"max-image-preview:large","max-video-preview":"max-video-preview:-1"},"canonical":"http:\/\/ticaret.edu.tr\/havacilik-yonetimi\/en\/registration-admission-requirements\/","og_locale":"tr_TR","og_type":"article","og_title":"Registration\/Admission Requirements","og_description":"Application to and Admission Requirements for the Undergraduate Program Students who wish to enroll in the program must meet the following requirements: Participate in the centralized examinations administered by \u00d6SYM (TYT\u2013AYT) and be placed in the relevant department. For candidates who are citizens of the Republic of T\u00fcrkiye, meet the minimum score and ranking requirements [&hellip;]","og_url":"http:\/\/ticaret.edu.tr\/havacilik-yonetimi\/en\/registration-admission-requirements\/","og_site_name":"Havac\u0131l\u0131k Y\u00f6netimi","article_publisher":"https:\/\/www.facebook.com\/ticaretedutr","article_modified_time":"2026-01-21T06:57:53+00:00","og_image":[{"width":1250,"height":833,"url":"http:\/\/ticaret.edu.tr\/havacilik-yonetimi\/wp-content\/uploads\/sites\/10\/2021\/11\/web_logo-01.jpg","type":"image\/jpeg"}],"twitter_card":"summary_large_image","twitter_site":"@ticaretedutr","twitter_misc":{"Tahmini okuma s\u00fcresi":"1 dakika"},"schema":{"@context":"https:\/\/schema.org","@graph":[{"@type":"WebPage","@id":"http:\/\/ticaret.edu.tr\/havacilik-yonetimi\/en\/registration-admission-requirements\/","url":"http:\/\/ticaret.edu.tr\/havacilik-yonetimi\/en\/registration-admission-requirements\/","name":"Registration\/Admission Requirements - Havac\u0131l\u0131k Y\u00f6netimi","isPartOf":{"@id":"https:\/\/ticaret.edu.tr\/havacilik-yonetimi\/en\/#website"},"datePublished":"2025-01-26T14:02:28+00:00","dateModified":"2026-01-21T06:57:53+00:00","breadcrumb":{"@id":"http:\/\/ticaret.edu.tr\/havacilik-yonetimi\/en\/registration-admission-requirements\/#breadcrumb"},"inLanguage":"tr","potentialAction":[{"@type":"ReadAction","target":["http:\/\/ticaret.edu.tr\/havacilik-yonetimi\/en\/registration-admission-requirements\/"]}]},{"@type":"BreadcrumbList","@id":"http:\/\/ticaret.edu.tr\/havacilik-yonetimi\/en\/registration-admission-requirements\/#breadcrumb","itemListElement":[{"@type":"ListItem","position":1,"name":"Ana sayfa","item":"https:\/\/ticaret.edu.tr\/havacilik-yonetimi\/"},{"@type":"ListItem","position":2,"name":"Registration\/Admission Requirements"}]},{"@type":"WebSite","@id":"https:\/\/ticaret.edu.tr\/havacilik-yonetimi\/en\/#website","url":"https:\/\/ticaret.edu.tr\/havacilik-yonetimi\/en\/","name":"Havac\u0131l\u0131k Y\u00f6netimi","description":"","potentialAction":[{"@type":"SearchAction","target":{"@type":"EntryPoint","urlTemplate":"https:\/\/ticaret.edu.tr\/havacilik-yonetimi\/en\/?s={search_term_string}"},"query-input":"required name=search_term_string"}],"inLanguage":"tr"}]}},"lang":"en","translations":{"en":1236,"tr":1234},"pll_sync_post":[],"_links":{"self":[{"href":"http:\/\/ticaret.edu.tr\/havacilik-yonetimi\/wp-json\/wp\/v2\/pages\/1236"}],"collection":[{"href":"http:\/\/ticaret.edu.tr\/havacilik-yonetimi\/wp-json\/wp\/v2\/pages"}],"about":[{"href":"http:\/\/ticaret.edu.tr\/havacilik-yonetimi\/wp-json\/wp\/v2\/types\/page"}],"author":[{"embeddable":true,"href":"http:\/\/ticaret.edu.tr\/havacilik-yonetimi\/wp-json\/wp\/v2\/users\/139"}],"replies":[{"embeddable":true,"href":"http:\/\/ticaret.edu.tr\/havacilik-yonetimi\/wp-json\/wp\/v2\/comments?post=1236"}],"version-history":[{"count":2,"href":"http:\/\/ticaret.edu.tr\/havacilik-yonetimi\/wp-json\/wp\/v2\/pages\/1236\/revisions"}],"predecessor-version":[{"id":1945,"href":"http:\/\/ticaret.edu.tr\/havacilik-yonetimi\/wp-json\/wp\/v2\/pages\/1236\/revisions\/1945"}],"wp:attachment":[{"href":"http:\/\/ticaret.edu.tr\/havacilik-yonetimi\/wp-json\/wp\/v2\/media?parent=1236"}],"curies":[{"name":"wp","href":"https:\/\/api.w.org\/{rel}","templated":true}]}}