{"id":1238,"date":"2025-01-26T17:02:53","date_gmt":"2025-01-26T14:02:53","guid":{"rendered":"https:\/\/ticaret.edu.tr\/havacilik-yonetimi\/?page_id=1238"},"modified":"2025-04-28T10:11:50","modified_gmt":"2025-04-28T07:11:50","slug":"kazanilan-derece-gereklilikleri-ve-kurallar","status":"publish","type":"page","link":"http:\/\/ticaret.edu.tr\/havacilik-yonetimi\/kazanilan-derece-gereklilikleri-ve-kurallar\/","title":{"rendered":"Kazan\u0131lan Derece Gereklilikleri ve Kurallar"},"content":{"rendered":"<p><strong>Kazan\u0131lan Derece ve Akademik D\u00fczeyi<\/strong><\/p>\n<p>Bu program\u0131 ba\u015far\u0131yla tamamlayan \u00f6\u011frenciler a\u015fa\u011f\u0131daki akademik dereceyi almaya hak kazan\u0131rlar:<\/p>\n<ul>\n<li>Kazan\u0131lan Derece: Lisans Diplomas\u0131<\/li>\n<li>Derecenin Akademik Seviyesi: Lisans<\/li>\n<\/ul>\n<p><strong>Derece Gereklilikleri ve Akademik Kurallar<\/strong><\/p>\n<p>\u00d6\u011frencilerin a\u015fa\u011f\u0131daki akademik gereklilikleri yerine getirmesi gerekmektedir:<\/p>\n<ul>\n<li>Program\u0131n s\u00fcresi: Lisans e\u011fitimi 4 y\u0131l (8 d\u00f6nem) olarak planlanm\u0131\u015ft\u0131r ve \u00f6\u011frencilerin bu s\u00fcre i\u00e7inde derslerini tamamlamas\u0131 beklenir.<\/li>\n<li>Maksimum \u00f6\u011frenim s\u00fcresi: \u00d6\u011frenciler, Y\u00d6K ve \u00fcniversitenin belirledi\u011fi azami s\u00fcre i\u00e7inde program\u0131 tamamlamak zorundad\u0131r.<\/li>\n<li>Zorunlu ve se\u00e7meli dersler: Mezuniyet i\u00e7in belirlenen zorunlu derslerin tamamlanmas\u0131 ve se\u00e7meli derslerden yeterli kredinin al\u0131nmas\u0131 gerekmektedir.<\/li>\n<\/ul>\n","protected":false},"excerpt":{"rendered":"<p>Kazan\u0131lan Derece ve Akademik D\u00fczeyi Bu program\u0131 ba\u015far\u0131yla tamamlayan \u00f6\u011frenciler a\u015fa\u011f\u0131daki akademik dereceyi almaya hak kazan\u0131rlar: Kazan\u0131lan Derece: Lisans Diplomas\u0131 Derecenin Akademik Seviyesi: Lisans Derece Gereklilikleri ve Akademik Kurallar \u00d6\u011frencilerin a\u015fa\u011f\u0131daki akademik gereklilikleri yerine getirmesi gerekmektedir: Program\u0131n s\u00fcresi: Lisans e\u011fitimi 4 y\u0131l (8 d\u00f6nem) olarak planlanm\u0131\u015ft\u0131r ve \u00f6\u011frencilerin bu s\u00fcre i\u00e7inde derslerini tamamlamas\u0131 beklenir. Maksimum [&hellip;]<\/p>\n","protected":false},"author":139,"featured_media":0,"parent":0,"menu_order":0,"comment_status":"closed","ping_status":"closed","template":"genel_sayfa.php","meta":{"footnotes":""},"yoast_head":"<!-- This site is optimized with the Yoast SEO Premium plugin v22.1 (Yoast SEO v22.1) - https:\/\/yoast.com\/wordpress\/plugins\/seo\/ -->\n<title>Kazan\u0131lan Derece Gereklilikleri ve Kurallar - Havac\u0131l\u0131k Y\u00f6netimi<\/title>\n<meta name=\"robots\" content=\"index, follow, max-snippet:-1, max-image-preview:large, max-video-preview:-1\" \/>\n<link rel=\"canonical\" href=\"http:\/\/ticaret.edu.tr\/havacilik-yonetimi\/kazanilan-derece-gereklilikleri-ve-kurallar\/\" \/>\n<meta property=\"og:locale\" content=\"tr_TR\" \/>\n<meta property=\"og:type\" content=\"article\" \/>\n<meta property=\"og:title\" content=\"Kazan\u0131lan Derece Gereklilikleri ve Kurallar\" \/>\n<meta property=\"og:description\" content=\"Kazan\u0131lan Derece ve Akademik D\u00fczeyi Bu program\u0131 ba\u015far\u0131yla tamamlayan \u00f6\u011frenciler a\u015fa\u011f\u0131daki akademik dereceyi almaya hak kazan\u0131rlar: Kazan\u0131lan Derece: Lisans Diplomas\u0131 Derecenin Akademik Seviyesi: Lisans Derece Gereklilikleri ve Akademik Kurallar \u00d6\u011frencilerin a\u015fa\u011f\u0131daki akademik gereklilikleri yerine getirmesi gerekmektedir: Program\u0131n s\u00fcresi: Lisans e\u011fitimi 4 y\u0131l (8 d\u00f6nem) olarak planlanm\u0131\u015ft\u0131r ve \u00f6\u011frencilerin bu s\u00fcre i\u00e7inde derslerini tamamlamas\u0131 beklenir. Maksimum [&hellip;]\" \/>\n<meta property=\"og:url\" content=\"http:\/\/ticaret.edu.tr\/havacilik-yonetimi\/kazanilan-derece-gereklilikleri-ve-kurallar\/\" \/>\n<meta property=\"og:site_name\" content=\"Havac\u0131l\u0131k Y\u00f6netimi\" \/>\n<meta property=\"article:publisher\" content=\"https:\/\/www.facebook.com\/ticaretedutr\" \/>\n<meta property=\"article:modified_time\" content=\"2025-04-28T07:11:50+00:00\" \/>\n<meta property=\"og:image\" content=\"http:\/\/ticaret.edu.tr\/havacilik-yonetimi\/wp-content\/uploads\/sites\/10\/2021\/11\/web_logo-01.jpg\" \/>\n\t<meta property=\"og:image:width\" content=\"1250\" \/>\n\t<meta property=\"og:image:height\" content=\"833\" \/>\n\t<meta property=\"og:image:type\" content=\"image\/jpeg\" \/>\n<meta name=\"twitter:card\" content=\"summary_large_image\" \/>\n<meta name=\"twitter:site\" content=\"@ticaretedutr\" \/>\n<meta name=\"twitter:label1\" content=\"Tahmini okuma s\u00fcresi\" \/>\n\t<meta name=\"twitter:data1\" content=\"1 dakika\" \/>\n<script type=\"application\/ld+json\" class=\"yoast-schema-graph\">{\"@context\":\"https:\/\/schema.org\",\"@graph\":[{\"@type\":\"WebPage\",\"@id\":\"http:\/\/ticaret.edu.tr\/havacilik-yonetimi\/kazanilan-derece-gereklilikleri-ve-kurallar\/\",\"url\":\"http:\/\/ticaret.edu.tr\/havacilik-yonetimi\/kazanilan-derece-gereklilikleri-ve-kurallar\/\",\"name\":\"Kazan\u0131lan Derece Gereklilikleri ve Kurallar - Havac\u0131l\u0131k Y\u00f6netimi\",\"isPartOf\":{\"@id\":\"https:\/\/ticaret.edu.tr\/havacilik-yonetimi\/en\/#website\"},\"datePublished\":\"2025-01-26T14:02:53+00:00\",\"dateModified\":\"2025-04-28T07:11:50+00:00\",\"breadcrumb\":{\"@id\":\"http:\/\/ticaret.edu.tr\/havacilik-yonetimi\/kazanilan-derece-gereklilikleri-ve-kurallar\/#breadcrumb\"},\"inLanguage\":\"tr\",\"potentialAction\":[{\"@type\":\"ReadAction\",\"target\":[\"http:\/\/ticaret.edu.tr\/havacilik-yonetimi\/kazanilan-derece-gereklilikleri-ve-kurallar\/\"]}]},{\"@type\":\"BreadcrumbList\",\"@id\":\"http:\/\/ticaret.edu.tr\/havacilik-yonetimi\/kazanilan-derece-gereklilikleri-ve-kurallar\/#breadcrumb\",\"itemListElement\":[{\"@type\":\"ListItem\",\"position\":1,\"name\":\"Ana sayfa\",\"item\":\"https:\/\/ticaret.edu.tr\/havacilik-yonetimi\/\"},{\"@type\":\"ListItem\",\"position\":2,\"name\":\"Kazan\u0131lan Derece Gereklilikleri ve Kurallar\"}]},{\"@type\":\"WebSite\",\"@id\":\"https:\/\/ticaret.edu.tr\/havacilik-yonetimi\/en\/#website\",\"url\":\"https:\/\/ticaret.edu.tr\/havacilik-yonetimi\/en\/\",\"name\":\"Havac\u0131l\u0131k Y\u00f6netimi\",\"description\":\"\",\"potentialAction\":[{\"@type\":\"SearchAction\",\"target\":{\"@type\":\"EntryPoint\",\"urlTemplate\":\"https:\/\/ticaret.edu.tr\/havacilik-yonetimi\/en\/?s={search_term_string}\"},\"query-input\":\"required name=search_term_string\"}],\"inLanguage\":\"tr\"}]}<\/script>\n<!-- \/ Yoast SEO Premium plugin. -->","yoast_head_json":{"title":"Kazan\u0131lan Derece Gereklilikleri ve Kurallar - Havac\u0131l\u0131k Y\u00f6netimi","robots":{"index":"index","follow":"follow","max-snippet":"max-snippet:-1","max-image-preview":"max-image-preview:large","max-video-preview":"max-video-preview:-1"},"canonical":"http:\/\/ticaret.edu.tr\/havacilik-yonetimi\/kazanilan-derece-gereklilikleri-ve-kurallar\/","og_locale":"tr_TR","og_type":"article","og_title":"Kazan\u0131lan Derece Gereklilikleri ve Kurallar","og_description":"Kazan\u0131lan Derece ve Akademik D\u00fczeyi Bu program\u0131 ba\u015far\u0131yla tamamlayan \u00f6\u011frenciler a\u015fa\u011f\u0131daki akademik dereceyi almaya hak kazan\u0131rlar: Kazan\u0131lan Derece: Lisans Diplomas\u0131 Derecenin Akademik Seviyesi: Lisans Derece Gereklilikleri ve Akademik Kurallar \u00d6\u011frencilerin a\u015fa\u011f\u0131daki akademik gereklilikleri yerine getirmesi gerekmektedir: Program\u0131n s\u00fcresi: Lisans e\u011fitimi 4 y\u0131l (8 d\u00f6nem) olarak planlanm\u0131\u015ft\u0131r ve \u00f6\u011frencilerin bu s\u00fcre i\u00e7inde derslerini tamamlamas\u0131 beklenir. Maksimum [&hellip;]","og_url":"http:\/\/ticaret.edu.tr\/havacilik-yonetimi\/kazanilan-derece-gereklilikleri-ve-kurallar\/","og_site_name":"Havac\u0131l\u0131k Y\u00f6netimi","article_publisher":"https:\/\/www.facebook.com\/ticaretedutr","article_modified_time":"2025-04-28T07:11:50+00:00","og_image":[{"width":1250,"height":833,"url":"http:\/\/ticaret.edu.tr\/havacilik-yonetimi\/wp-content\/uploads\/sites\/10\/2021\/11\/web_logo-01.jpg","type":"image\/jpeg"}],"twitter_card":"summary_large_image","twitter_site":"@ticaretedutr","twitter_misc":{"Tahmini okuma s\u00fcresi":"1 dakika"},"schema":{"@context":"https:\/\/schema.org","@graph":[{"@type":"WebPage","@id":"http:\/\/ticaret.edu.tr\/havacilik-yonetimi\/kazanilan-derece-gereklilikleri-ve-kurallar\/","url":"http:\/\/ticaret.edu.tr\/havacilik-yonetimi\/kazanilan-derece-gereklilikleri-ve-kurallar\/","name":"Kazan\u0131lan Derece Gereklilikleri ve Kurallar - Havac\u0131l\u0131k Y\u00f6netimi","isPartOf":{"@id":"https:\/\/ticaret.edu.tr\/havacilik-yonetimi\/en\/#website"},"datePublished":"2025-01-26T14:02:53+00:00","dateModified":"2025-04-28T07:11:50+00:00","breadcrumb":{"@id":"http:\/\/ticaret.edu.tr\/havacilik-yonetimi\/kazanilan-derece-gereklilikleri-ve-kurallar\/#breadcrumb"},"inLanguage":"tr","potentialAction":[{"@type":"ReadAction","target":["http:\/\/ticaret.edu.tr\/havacilik-yonetimi\/kazanilan-derece-gereklilikleri-ve-kurallar\/"]}]},{"@type":"BreadcrumbList","@id":"http:\/\/ticaret.edu.tr\/havacilik-yonetimi\/kazanilan-derece-gereklilikleri-ve-kurallar\/#breadcrumb","itemListElement":[{"@type":"ListItem","position":1,"name":"Ana sayfa","item":"https:\/\/ticaret.edu.tr\/havacilik-yonetimi\/"},{"@type":"ListItem","position":2,"name":"Kazan\u0131lan Derece Gereklilikleri ve Kurallar"}]},{"@type":"WebSite","@id":"https:\/\/ticaret.edu.tr\/havacilik-yonetimi\/en\/#website","url":"https:\/\/ticaret.edu.tr\/havacilik-yonetimi\/en\/","name":"Havac\u0131l\u0131k Y\u00f6netimi","description":"","potentialAction":[{"@type":"SearchAction","target":{"@type":"EntryPoint","urlTemplate":"https:\/\/ticaret.edu.tr\/havacilik-yonetimi\/en\/?s={search_term_string}"},"query-input":"required name=search_term_string"}],"inLanguage":"tr"}]}},"lang":"tr","translations":{"en":1240,"tr":1238},"pll_sync_post":[],"_links":{"self":[{"href":"http:\/\/ticaret.edu.tr\/havacilik-yonetimi\/wp-json\/wp\/v2\/pages\/1238"}],"collection":[{"href":"http:\/\/ticaret.edu.tr\/havacilik-yonetimi\/wp-json\/wp\/v2\/pages"}],"about":[{"href":"http:\/\/ticaret.edu.tr\/havacilik-yonetimi\/wp-json\/wp\/v2\/types\/page"}],"author":[{"embeddable":true,"href":"http:\/\/ticaret.edu.tr\/havacilik-yonetimi\/wp-json\/wp\/v2\/users\/139"}],"replies":[{"embeddable":true,"href":"http:\/\/ticaret.edu.tr\/havacilik-yonetimi\/wp-json\/wp\/v2\/comments?post=1238"}],"version-history":[{"count":2,"href":"http:\/\/ticaret.edu.tr\/havacilik-yonetimi\/wp-json\/wp\/v2\/pages\/1238\/revisions"}],"predecessor-version":[{"id":1662,"href":"http:\/\/ticaret.edu.tr\/havacilik-yonetimi\/wp-json\/wp\/v2\/pages\/1238\/revisions\/1662"}],"wp:attachment":[{"href":"http:\/\/ticaret.edu.tr\/havacilik-yonetimi\/wp-json\/wp\/v2\/media?parent=1238"}],"curies":[{"name":"wp","href":"https:\/\/api.w.org\/{rel}","templated":true}]}}