{"id":1240,"date":"2025-01-26T17:03:10","date_gmt":"2025-01-26T14:03:10","guid":{"rendered":"https:\/\/ticaret.edu.tr\/havacilik-yonetimi\/?page_id=1240"},"modified":"2026-01-21T09:59:00","modified_gmt":"2026-01-21T06:59:00","slug":"requirements-and-rules-for-the-academic-degree-to-be-entitled-to","status":"publish","type":"page","link":"http:\/\/ticaret.edu.tr\/havacilik-yonetimi\/en\/requirements-and-rules-for-the-academic-degree-to-be-entitled-to\/","title":{"rendered":"Requirements and Rules for the Academic Degree to be Entitled to"},"content":{"rendered":"<p data-start=\"0\" data-end=\"63\"><strong>The Academic Degree to be Entitled to and Its Academic Level<\/strong><\/p>\n<p data-start=\"65\" data-end=\"167\">Students who successfully complete this program are entitled to receive the following academic degree:<\/p>\n<ul data-start=\"169\" data-end=\"283\">\n<li data-start=\"169\" data-end=\"234\">\n<p data-start=\"171\" data-end=\"234\">The Academic Degree to be Entitled to: Bachelor\u2019s Diploma<\/p>\n<\/li>\n<li data-start=\"235\" data-end=\"283\">\n<p data-start=\"237\" data-end=\"283\">Academic Level of the Degree: Bachelor\u2019s<\/p>\n<\/li>\n<\/ul>\n<p data-start=\"285\" data-end=\"332\"><strong>Degree Requirements and Academic Regulations<\/strong><\/p>\n<p data-start=\"334\" data-end=\"403\">Students are required to fulfill the following academic requirements:<\/p>\n<ul data-start=\"405\" data-end=\"916\" data-is-last-node=\"\" data-is-only-node=\"\">\n<li data-start=\"405\" data-end=\"584\">\n<p data-start=\"407\" data-end=\"584\">Duration of the program: The undergraduate program is planned to span 4 years (8 semesters), and students are expected to complete their coursework within this period.<\/p>\n<\/li>\n<li data-start=\"585\" data-end=\"752\">\n<p data-start=\"587\" data-end=\"752\">Maximum period of study: Students must complete the program within the maximum duration determined by the Council of Higher Education (Y\u00d6K) and the University.<\/p>\n<\/li>\n<li data-start=\"753\" data-end=\"916\" data-is-last-node=\"\">\n<p data-start=\"755\" data-end=\"916\" data-is-last-node=\"\">Compulsory and elective courses: For graduation, students must complete all compulsory courses and earn a sufficient number of credits from elective courses.<\/p>\n<\/li>\n<\/ul>\n","protected":false},"excerpt":{"rendered":"<p>The Academic Degree to be Entitled to and Its Academic Level Students who successfully complete this program are entitled to receive the following academic degree: The Academic Degree to be Entitled to: Bachelor\u2019s Diploma Academic Level of the Degree: Bachelor\u2019s Degree Requirements and Academic Regulations Students are required to fulfill the following academic requirements: Duration [&hellip;]<\/p>\n","protected":false},"author":139,"featured_media":0,"parent":0,"menu_order":0,"comment_status":"closed","ping_status":"closed","template":"genel_sayfa.php","meta":{"footnotes":""},"yoast_head":"<!-- This site is optimized with the Yoast SEO Premium plugin v22.1 (Yoast SEO v22.1) - https:\/\/yoast.com\/wordpress\/plugins\/seo\/ -->\n<title>Requirements and Rules for the Academic Degree to be Entitled to - Havac\u0131l\u0131k Y\u00f6netimi<\/title>\n<meta name=\"robots\" content=\"index, follow, max-snippet:-1, max-image-preview:large, max-video-preview:-1\" \/>\n<link rel=\"canonical\" href=\"https:\/\/ticaret.edu.tr\/havacilik-yonetimi\/en\/requirements-and-rules-for-the-academic-degree-to-be-entitled-to\/\" \/>\n<meta property=\"og:locale\" content=\"tr_TR\" \/>\n<meta property=\"og:type\" content=\"article\" \/>\n<meta property=\"og:title\" content=\"Requirements and Rules for the Academic Degree to be Entitled to\" \/>\n<meta property=\"og:description\" content=\"The Academic Degree to be Entitled to and Its Academic Level Students who successfully complete this program are entitled to receive the following academic degree: The Academic Degree to be Entitled to: Bachelor\u2019s Diploma Academic Level of the Degree: Bachelor\u2019s Degree Requirements and Academic Regulations Students are required to fulfill the following academic requirements: Duration [&hellip;]\" \/>\n<meta property=\"og:url\" content=\"https:\/\/ticaret.edu.tr\/havacilik-yonetimi\/en\/requirements-and-rules-for-the-academic-degree-to-be-entitled-to\/\" \/>\n<meta property=\"og:site_name\" content=\"Havac\u0131l\u0131k Y\u00f6netimi\" \/>\n<meta property=\"article:publisher\" content=\"https:\/\/www.facebook.com\/ticaretedutr\" \/>\n<meta property=\"article:modified_time\" content=\"2026-01-21T06:59:00+00:00\" \/>\n<meta property=\"og:image\" content=\"http:\/\/ticaret.edu.tr\/havacilik-yonetimi\/wp-content\/uploads\/sites\/10\/2021\/11\/web_logo-01.jpg\" \/>\n\t<meta property=\"og:image:width\" content=\"1250\" \/>\n\t<meta property=\"og:image:height\" content=\"833\" \/>\n\t<meta property=\"og:image:type\" content=\"image\/jpeg\" \/>\n<meta name=\"twitter:card\" content=\"summary_large_image\" \/>\n<meta name=\"twitter:site\" content=\"@ticaretedutr\" \/>\n<meta name=\"twitter:label1\" content=\"Tahmini okuma s\u00fcresi\" \/>\n\t<meta name=\"twitter:data1\" content=\"1 dakika\" \/>\n<script type=\"application\/ld+json\" class=\"yoast-schema-graph\">{\"@context\":\"https:\/\/schema.org\",\"@graph\":[{\"@type\":\"WebPage\",\"@id\":\"https:\/\/ticaret.edu.tr\/havacilik-yonetimi\/en\/requirements-and-rules-for-the-academic-degree-to-be-entitled-to\/\",\"url\":\"https:\/\/ticaret.edu.tr\/havacilik-yonetimi\/en\/requirements-and-rules-for-the-academic-degree-to-be-entitled-to\/\",\"name\":\"Requirements and Rules for the Academic Degree to be Entitled to - Havac\u0131l\u0131k Y\u00f6netimi\",\"isPartOf\":{\"@id\":\"https:\/\/ticaret.edu.tr\/havacilik-yonetimi\/en\/#website\"},\"datePublished\":\"2025-01-26T14:03:10+00:00\",\"dateModified\":\"2026-01-21T06:59:00+00:00\",\"breadcrumb\":{\"@id\":\"https:\/\/ticaret.edu.tr\/havacilik-yonetimi\/en\/requirements-and-rules-for-the-academic-degree-to-be-entitled-to\/#breadcrumb\"},\"inLanguage\":\"tr\",\"potentialAction\":[{\"@type\":\"ReadAction\",\"target\":[\"https:\/\/ticaret.edu.tr\/havacilik-yonetimi\/en\/requirements-and-rules-for-the-academic-degree-to-be-entitled-to\/\"]}]},{\"@type\":\"BreadcrumbList\",\"@id\":\"https:\/\/ticaret.edu.tr\/havacilik-yonetimi\/en\/requirements-and-rules-for-the-academic-degree-to-be-entitled-to\/#breadcrumb\",\"itemListElement\":[{\"@type\":\"ListItem\",\"position\":1,\"name\":\"Ana sayfa\",\"item\":\"https:\/\/ticaret.edu.tr\/havacilik-yonetimi\/\"},{\"@type\":\"ListItem\",\"position\":2,\"name\":\"Requirements and Rules for the Academic Degree to be Entitled to\"}]},{\"@type\":\"WebSite\",\"@id\":\"https:\/\/ticaret.edu.tr\/havacilik-yonetimi\/en\/#website\",\"url\":\"https:\/\/ticaret.edu.tr\/havacilik-yonetimi\/en\/\",\"name\":\"Havac\u0131l\u0131k Y\u00f6netimi\",\"description\":\"\",\"potentialAction\":[{\"@type\":\"SearchAction\",\"target\":{\"@type\":\"EntryPoint\",\"urlTemplate\":\"https:\/\/ticaret.edu.tr\/havacilik-yonetimi\/en\/?s={search_term_string}\"},\"query-input\":\"required name=search_term_string\"}],\"inLanguage\":\"tr\"}]}<\/script>\n<!-- \/ Yoast SEO Premium plugin. -->","yoast_head_json":{"title":"Requirements and Rules for the Academic Degree to be Entitled to - Havac\u0131l\u0131k Y\u00f6netimi","robots":{"index":"index","follow":"follow","max-snippet":"max-snippet:-1","max-image-preview":"max-image-preview:large","max-video-preview":"max-video-preview:-1"},"canonical":"https:\/\/ticaret.edu.tr\/havacilik-yonetimi\/en\/requirements-and-rules-for-the-academic-degree-to-be-entitled-to\/","og_locale":"tr_TR","og_type":"article","og_title":"Requirements and Rules for the Academic Degree to be Entitled to","og_description":"The Academic Degree to be Entitled to and Its Academic Level Students who successfully complete this program are entitled to receive the following academic degree: The Academic Degree to be Entitled to: Bachelor\u2019s Diploma Academic Level of the Degree: Bachelor\u2019s Degree Requirements and Academic Regulations Students are required to fulfill the following academic requirements: Duration [&hellip;]","og_url":"https:\/\/ticaret.edu.tr\/havacilik-yonetimi\/en\/requirements-and-rules-for-the-academic-degree-to-be-entitled-to\/","og_site_name":"Havac\u0131l\u0131k Y\u00f6netimi","article_publisher":"https:\/\/www.facebook.com\/ticaretedutr","article_modified_time":"2026-01-21T06:59:00+00:00","og_image":[{"width":1250,"height":833,"url":"http:\/\/ticaret.edu.tr\/havacilik-yonetimi\/wp-content\/uploads\/sites\/10\/2021\/11\/web_logo-01.jpg","type":"image\/jpeg"}],"twitter_card":"summary_large_image","twitter_site":"@ticaretedutr","twitter_misc":{"Tahmini okuma s\u00fcresi":"1 dakika"},"schema":{"@context":"https:\/\/schema.org","@graph":[{"@type":"WebPage","@id":"https:\/\/ticaret.edu.tr\/havacilik-yonetimi\/en\/requirements-and-rules-for-the-academic-degree-to-be-entitled-to\/","url":"https:\/\/ticaret.edu.tr\/havacilik-yonetimi\/en\/requirements-and-rules-for-the-academic-degree-to-be-entitled-to\/","name":"Requirements and Rules for the Academic Degree to be Entitled to - Havac\u0131l\u0131k Y\u00f6netimi","isPartOf":{"@id":"https:\/\/ticaret.edu.tr\/havacilik-yonetimi\/en\/#website"},"datePublished":"2025-01-26T14:03:10+00:00","dateModified":"2026-01-21T06:59:00+00:00","breadcrumb":{"@id":"https:\/\/ticaret.edu.tr\/havacilik-yonetimi\/en\/requirements-and-rules-for-the-academic-degree-to-be-entitled-to\/#breadcrumb"},"inLanguage":"tr","potentialAction":[{"@type":"ReadAction","target":["https:\/\/ticaret.edu.tr\/havacilik-yonetimi\/en\/requirements-and-rules-for-the-academic-degree-to-be-entitled-to\/"]}]},{"@type":"BreadcrumbList","@id":"https:\/\/ticaret.edu.tr\/havacilik-yonetimi\/en\/requirements-and-rules-for-the-academic-degree-to-be-entitled-to\/#breadcrumb","itemListElement":[{"@type":"ListItem","position":1,"name":"Ana sayfa","item":"https:\/\/ticaret.edu.tr\/havacilik-yonetimi\/"},{"@type":"ListItem","position":2,"name":"Requirements and Rules for the Academic Degree to be Entitled to"}]},{"@type":"WebSite","@id":"https:\/\/ticaret.edu.tr\/havacilik-yonetimi\/en\/#website","url":"https:\/\/ticaret.edu.tr\/havacilik-yonetimi\/en\/","name":"Havac\u0131l\u0131k Y\u00f6netimi","description":"","potentialAction":[{"@type":"SearchAction","target":{"@type":"EntryPoint","urlTemplate":"https:\/\/ticaret.edu.tr\/havacilik-yonetimi\/en\/?s={search_term_string}"},"query-input":"required name=search_term_string"}],"inLanguage":"tr"}]}},"lang":"en","translations":{"en":1240,"tr":1238},"pll_sync_post":[],"_links":{"self":[{"href":"http:\/\/ticaret.edu.tr\/havacilik-yonetimi\/wp-json\/wp\/v2\/pages\/1240"}],"collection":[{"href":"http:\/\/ticaret.edu.tr\/havacilik-yonetimi\/wp-json\/wp\/v2\/pages"}],"about":[{"href":"http:\/\/ticaret.edu.tr\/havacilik-yonetimi\/wp-json\/wp\/v2\/types\/page"}],"author":[{"embeddable":true,"href":"http:\/\/ticaret.edu.tr\/havacilik-yonetimi\/wp-json\/wp\/v2\/users\/139"}],"replies":[{"embeddable":true,"href":"http:\/\/ticaret.edu.tr\/havacilik-yonetimi\/wp-json\/wp\/v2\/comments?post=1240"}],"version-history":[{"count":2,"href":"http:\/\/ticaret.edu.tr\/havacilik-yonetimi\/wp-json\/wp\/v2\/pages\/1240\/revisions"}],"predecessor-version":[{"id":1946,"href":"http:\/\/ticaret.edu.tr\/havacilik-yonetimi\/wp-json\/wp\/v2\/pages\/1240\/revisions\/1946"}],"wp:attachment":[{"href":"http:\/\/ticaret.edu.tr\/havacilik-yonetimi\/wp-json\/wp\/v2\/media?parent=1240"}],"curies":[{"name":"wp","href":"https:\/\/api.w.org\/{rel}","templated":true}]}}