{"id":1250,"date":"2025-01-26T17:05:14","date_gmt":"2025-01-26T14:05:14","guid":{"rendered":"https:\/\/ticaret.edu.tr\/havacilik-yonetimi\/?page_id=1250"},"modified":"2025-04-28T10:31:52","modified_gmt":"2025-04-28T07:31:52","slug":"onceki-ogrenmenin-tanimlanmasi","status":"publish","type":"page","link":"http:\/\/ticaret.edu.tr\/havacilik-yonetimi\/onceki-ogrenmenin-tanimlanmasi\/","title":{"rendered":"\u00d6nceki \u00d6\u011frenmenin Tan\u0131mlanmas\u0131"},"content":{"rendered":"<p>\u00d6nceki \u00f6\u011frenmenin tan\u0131nmas\u0131, \u00f6\u011frencilerin daha \u00f6nce tamamlad\u0131klar\u0131 akademik derslerin de\u011ferlendirilerek, ilgili \u00fcniversite program\u0131ndaki dersler yerine say\u0131lmas\u0131n\u0131 sa\u011flayan bir s\u00fcre\u00e7tir.<\/p>\n<ul>\n<li>Daha \u00f6nce ba\u015fka bir \u00fcniversitede al\u0131nan derslerin muafiyet s\u00fcreci<\/li>\n<li>Yatay\/dikey ge\u00e7i\u015fler i\u00e7in kredi denklik s\u00fcreci<\/li>\n<\/ul>\n<p><strong>\u00d6nceki \u00d6\u011frenmenin Tan\u0131nabilece\u011fi Durumlar<\/strong><\/p>\n<p>\u00d6\u011frenciler a\u015fa\u011f\u0131daki durumlar kapsam\u0131nda \u00f6nceki \u00f6\u011frenme s\u00fcre\u00e7lerini tan\u0131mlatabilirler:<\/p>\n<p><strong>\u00dcniversiteler Aras\u0131 Ders Transferi (Yatay\/Dikey Ge\u00e7i\u015f)<\/strong><\/p>\n<ul>\n<li>Ba\u015fka bir \u00fcniversitede al\u0131nm\u0131\u015f derslerin, mevcut programdaki dersler ile e\u015fle\u015ftirilmesi.<\/li>\n<li>Daha \u00f6nce al\u0131nan derslerin i\u00e7erik ve kredilerinin uygunluk de\u011ferlendirmesi.<\/li>\n<li>Yatay\/dikey ge\u00e7i\u015f yapan \u00f6\u011frenciler i\u00e7in ders denklik ba\u015fvurusu.<\/li>\n<\/ul>\n<p><strong>Ba\u015fvuru S\u00fcreci:<\/strong><\/p>\n<ul>\n<li>Yatay\/dikey ge\u00e7i\u015f ba\u015fvurular\u0131 akademik takvimde belirtilen tarihlerde yap\u0131l\u0131r.<\/li>\n<li>\u00d6\u011frenciler, \u00f6nceki \u00fcniversiteden resmi transkript ve ders i\u00e7eriklerini sunmal\u0131d\u0131r.<\/li>\n<li>Ba\u015fvurular ilgili akademik birim taraf\u0131ndan de\u011ferlendirilir ve uygun g\u00f6r\u00fclen dersler muafiyet kapsam\u0131nda say\u0131l\u0131r.<\/li>\n<\/ul>\n","protected":false},"excerpt":{"rendered":"<p>\u00d6nceki \u00f6\u011frenmenin tan\u0131nmas\u0131, \u00f6\u011frencilerin daha \u00f6nce tamamlad\u0131klar\u0131 akademik derslerin de\u011ferlendirilerek, ilgili \u00fcniversite program\u0131ndaki dersler yerine say\u0131lmas\u0131n\u0131 sa\u011flayan bir s\u00fcre\u00e7tir. Daha \u00f6nce ba\u015fka bir \u00fcniversitede al\u0131nan derslerin muafiyet s\u00fcreci Yatay\/dikey ge\u00e7i\u015fler i\u00e7in kredi denklik s\u00fcreci \u00d6nceki \u00d6\u011frenmenin Tan\u0131nabilece\u011fi Durumlar \u00d6\u011frenciler a\u015fa\u011f\u0131daki durumlar kapsam\u0131nda \u00f6nceki \u00f6\u011frenme s\u00fcre\u00e7lerini tan\u0131mlatabilirler: \u00dcniversiteler Aras\u0131 Ders Transferi (Yatay\/Dikey Ge\u00e7i\u015f) Ba\u015fka bir \u00fcniversitede [&hellip;]<\/p>\n","protected":false},"author":139,"featured_media":0,"parent":0,"menu_order":0,"comment_status":"closed","ping_status":"closed","template":"genel_sayfa.php","meta":{"footnotes":""},"yoast_head":"<!-- This site is optimized with the Yoast SEO Premium plugin v22.1 (Yoast SEO v22.1) - https:\/\/yoast.com\/wordpress\/plugins\/seo\/ -->\n<title>\u00d6nceki \u00d6\u011frenmenin Tan\u0131mlanmas\u0131 - Havac\u0131l\u0131k Y\u00f6netimi<\/title>\n<meta name=\"robots\" content=\"index, follow, max-snippet:-1, max-image-preview:large, max-video-preview:-1\" \/>\n<link rel=\"canonical\" href=\"http:\/\/ticaret.edu.tr\/havacilik-yonetimi\/onceki-ogrenmenin-tanimlanmasi\/\" \/>\n<meta property=\"og:locale\" content=\"tr_TR\" \/>\n<meta property=\"og:type\" content=\"article\" \/>\n<meta property=\"og:title\" content=\"\u00d6nceki \u00d6\u011frenmenin Tan\u0131mlanmas\u0131\" \/>\n<meta property=\"og:description\" content=\"\u00d6nceki \u00f6\u011frenmenin tan\u0131nmas\u0131, \u00f6\u011frencilerin daha \u00f6nce tamamlad\u0131klar\u0131 akademik derslerin de\u011ferlendirilerek, ilgili \u00fcniversite program\u0131ndaki dersler yerine say\u0131lmas\u0131n\u0131 sa\u011flayan bir s\u00fcre\u00e7tir. Daha \u00f6nce ba\u015fka bir \u00fcniversitede al\u0131nan derslerin muafiyet s\u00fcreci Yatay\/dikey ge\u00e7i\u015fler i\u00e7in kredi denklik s\u00fcreci \u00d6nceki \u00d6\u011frenmenin Tan\u0131nabilece\u011fi Durumlar \u00d6\u011frenciler a\u015fa\u011f\u0131daki durumlar kapsam\u0131nda \u00f6nceki \u00f6\u011frenme s\u00fcre\u00e7lerini tan\u0131mlatabilirler: \u00dcniversiteler Aras\u0131 Ders Transferi (Yatay\/Dikey Ge\u00e7i\u015f) Ba\u015fka bir \u00fcniversitede [&hellip;]\" \/>\n<meta property=\"og:url\" content=\"http:\/\/ticaret.edu.tr\/havacilik-yonetimi\/onceki-ogrenmenin-tanimlanmasi\/\" \/>\n<meta property=\"og:site_name\" content=\"Havac\u0131l\u0131k Y\u00f6netimi\" \/>\n<meta property=\"article:publisher\" content=\"https:\/\/www.facebook.com\/ticaretedutr\" \/>\n<meta property=\"article:modified_time\" content=\"2025-04-28T07:31:52+00:00\" \/>\n<meta property=\"og:image\" content=\"http:\/\/ticaret.edu.tr\/havacilik-yonetimi\/wp-content\/uploads\/sites\/10\/2021\/11\/web_logo-01.jpg\" \/>\n\t<meta property=\"og:image:width\" content=\"1250\" \/>\n\t<meta property=\"og:image:height\" content=\"833\" \/>\n\t<meta property=\"og:image:type\" content=\"image\/jpeg\" \/>\n<meta name=\"twitter:card\" content=\"summary_large_image\" \/>\n<meta name=\"twitter:site\" content=\"@ticaretedutr\" \/>\n<meta name=\"twitter:label1\" content=\"Tahmini okuma s\u00fcresi\" \/>\n\t<meta name=\"twitter:data1\" content=\"1 dakika\" \/>\n<script type=\"application\/ld+json\" class=\"yoast-schema-graph\">{\"@context\":\"https:\/\/schema.org\",\"@graph\":[{\"@type\":\"WebPage\",\"@id\":\"http:\/\/ticaret.edu.tr\/havacilik-yonetimi\/onceki-ogrenmenin-tanimlanmasi\/\",\"url\":\"http:\/\/ticaret.edu.tr\/havacilik-yonetimi\/onceki-ogrenmenin-tanimlanmasi\/\",\"name\":\"\u00d6nceki \u00d6\u011frenmenin Tan\u0131mlanmas\u0131 - Havac\u0131l\u0131k Y\u00f6netimi\",\"isPartOf\":{\"@id\":\"https:\/\/ticaret.edu.tr\/havacilik-yonetimi\/en\/#website\"},\"datePublished\":\"2025-01-26T14:05:14+00:00\",\"dateModified\":\"2025-04-28T07:31:52+00:00\",\"breadcrumb\":{\"@id\":\"http:\/\/ticaret.edu.tr\/havacilik-yonetimi\/onceki-ogrenmenin-tanimlanmasi\/#breadcrumb\"},\"inLanguage\":\"tr\",\"potentialAction\":[{\"@type\":\"ReadAction\",\"target\":[\"http:\/\/ticaret.edu.tr\/havacilik-yonetimi\/onceki-ogrenmenin-tanimlanmasi\/\"]}]},{\"@type\":\"BreadcrumbList\",\"@id\":\"http:\/\/ticaret.edu.tr\/havacilik-yonetimi\/onceki-ogrenmenin-tanimlanmasi\/#breadcrumb\",\"itemListElement\":[{\"@type\":\"ListItem\",\"position\":1,\"name\":\"Ana sayfa\",\"item\":\"https:\/\/ticaret.edu.tr\/havacilik-yonetimi\/\"},{\"@type\":\"ListItem\",\"position\":2,\"name\":\"\u00d6nceki \u00d6\u011frenmenin Tan\u0131mlanmas\u0131\"}]},{\"@type\":\"WebSite\",\"@id\":\"https:\/\/ticaret.edu.tr\/havacilik-yonetimi\/en\/#website\",\"url\":\"https:\/\/ticaret.edu.tr\/havacilik-yonetimi\/en\/\",\"name\":\"Havac\u0131l\u0131k Y\u00f6netimi\",\"description\":\"\",\"potentialAction\":[{\"@type\":\"SearchAction\",\"target\":{\"@type\":\"EntryPoint\",\"urlTemplate\":\"https:\/\/ticaret.edu.tr\/havacilik-yonetimi\/en\/?s={search_term_string}\"},\"query-input\":\"required name=search_term_string\"}],\"inLanguage\":\"tr\"}]}<\/script>\n<!-- \/ Yoast SEO Premium plugin. -->","yoast_head_json":{"title":"\u00d6nceki \u00d6\u011frenmenin Tan\u0131mlanmas\u0131 - Havac\u0131l\u0131k Y\u00f6netimi","robots":{"index":"index","follow":"follow","max-snippet":"max-snippet:-1","max-image-preview":"max-image-preview:large","max-video-preview":"max-video-preview:-1"},"canonical":"http:\/\/ticaret.edu.tr\/havacilik-yonetimi\/onceki-ogrenmenin-tanimlanmasi\/","og_locale":"tr_TR","og_type":"article","og_title":"\u00d6nceki \u00d6\u011frenmenin Tan\u0131mlanmas\u0131","og_description":"\u00d6nceki \u00f6\u011frenmenin tan\u0131nmas\u0131, \u00f6\u011frencilerin daha \u00f6nce tamamlad\u0131klar\u0131 akademik derslerin de\u011ferlendirilerek, ilgili \u00fcniversite program\u0131ndaki dersler yerine say\u0131lmas\u0131n\u0131 sa\u011flayan bir s\u00fcre\u00e7tir. Daha \u00f6nce ba\u015fka bir \u00fcniversitede al\u0131nan derslerin muafiyet s\u00fcreci Yatay\/dikey ge\u00e7i\u015fler i\u00e7in kredi denklik s\u00fcreci \u00d6nceki \u00d6\u011frenmenin Tan\u0131nabilece\u011fi Durumlar \u00d6\u011frenciler a\u015fa\u011f\u0131daki durumlar kapsam\u0131nda \u00f6nceki \u00f6\u011frenme s\u00fcre\u00e7lerini tan\u0131mlatabilirler: \u00dcniversiteler Aras\u0131 Ders Transferi (Yatay\/Dikey Ge\u00e7i\u015f) Ba\u015fka bir \u00fcniversitede [&hellip;]","og_url":"http:\/\/ticaret.edu.tr\/havacilik-yonetimi\/onceki-ogrenmenin-tanimlanmasi\/","og_site_name":"Havac\u0131l\u0131k Y\u00f6netimi","article_publisher":"https:\/\/www.facebook.com\/ticaretedutr","article_modified_time":"2025-04-28T07:31:52+00:00","og_image":[{"width":1250,"height":833,"url":"http:\/\/ticaret.edu.tr\/havacilik-yonetimi\/wp-content\/uploads\/sites\/10\/2021\/11\/web_logo-01.jpg","type":"image\/jpeg"}],"twitter_card":"summary_large_image","twitter_site":"@ticaretedutr","twitter_misc":{"Tahmini okuma s\u00fcresi":"1 dakika"},"schema":{"@context":"https:\/\/schema.org","@graph":[{"@type":"WebPage","@id":"http:\/\/ticaret.edu.tr\/havacilik-yonetimi\/onceki-ogrenmenin-tanimlanmasi\/","url":"http:\/\/ticaret.edu.tr\/havacilik-yonetimi\/onceki-ogrenmenin-tanimlanmasi\/","name":"\u00d6nceki \u00d6\u011frenmenin Tan\u0131mlanmas\u0131 - Havac\u0131l\u0131k Y\u00f6netimi","isPartOf":{"@id":"https:\/\/ticaret.edu.tr\/havacilik-yonetimi\/en\/#website"},"datePublished":"2025-01-26T14:05:14+00:00","dateModified":"2025-04-28T07:31:52+00:00","breadcrumb":{"@id":"http:\/\/ticaret.edu.tr\/havacilik-yonetimi\/onceki-ogrenmenin-tanimlanmasi\/#breadcrumb"},"inLanguage":"tr","potentialAction":[{"@type":"ReadAction","target":["http:\/\/ticaret.edu.tr\/havacilik-yonetimi\/onceki-ogrenmenin-tanimlanmasi\/"]}]},{"@type":"BreadcrumbList","@id":"http:\/\/ticaret.edu.tr\/havacilik-yonetimi\/onceki-ogrenmenin-tanimlanmasi\/#breadcrumb","itemListElement":[{"@type":"ListItem","position":1,"name":"Ana sayfa","item":"https:\/\/ticaret.edu.tr\/havacilik-yonetimi\/"},{"@type":"ListItem","position":2,"name":"\u00d6nceki \u00d6\u011frenmenin Tan\u0131mlanmas\u0131"}]},{"@type":"WebSite","@id":"https:\/\/ticaret.edu.tr\/havacilik-yonetimi\/en\/#website","url":"https:\/\/ticaret.edu.tr\/havacilik-yonetimi\/en\/","name":"Havac\u0131l\u0131k Y\u00f6netimi","description":"","potentialAction":[{"@type":"SearchAction","target":{"@type":"EntryPoint","urlTemplate":"https:\/\/ticaret.edu.tr\/havacilik-yonetimi\/en\/?s={search_term_string}"},"query-input":"required name=search_term_string"}],"inLanguage":"tr"}]}},"lang":"tr","translations":{"en":1252,"tr":1250},"pll_sync_post":[],"_links":{"self":[{"href":"http:\/\/ticaret.edu.tr\/havacilik-yonetimi\/wp-json\/wp\/v2\/pages\/1250"}],"collection":[{"href":"http:\/\/ticaret.edu.tr\/havacilik-yonetimi\/wp-json\/wp\/v2\/pages"}],"about":[{"href":"http:\/\/ticaret.edu.tr\/havacilik-yonetimi\/wp-json\/wp\/v2\/types\/page"}],"author":[{"embeddable":true,"href":"http:\/\/ticaret.edu.tr\/havacilik-yonetimi\/wp-json\/wp\/v2\/users\/139"}],"replies":[{"embeddable":true,"href":"http:\/\/ticaret.edu.tr\/havacilik-yonetimi\/wp-json\/wp\/v2\/comments?post=1250"}],"version-history":[{"count":3,"href":"http:\/\/ticaret.edu.tr\/havacilik-yonetimi\/wp-json\/wp\/v2\/pages\/1250\/revisions"}],"predecessor-version":[{"id":1670,"href":"http:\/\/ticaret.edu.tr\/havacilik-yonetimi\/wp-json\/wp\/v2\/pages\/1250\/revisions\/1670"}],"wp:attachment":[{"href":"http:\/\/ticaret.edu.tr\/havacilik-yonetimi\/wp-json\/wp\/v2\/media?parent=1250"}],"curies":[{"name":"wp","href":"https:\/\/api.w.org\/{rel}","templated":true}]}}