{"id":1252,"date":"2025-01-26T17:05:45","date_gmt":"2025-01-26T14:05:45","guid":{"rendered":"https:\/\/ticaret.edu.tr\/havacilik-yonetimi\/?page_id=1252"},"modified":"2026-01-21T10:07:03","modified_gmt":"2026-01-21T07:07:03","slug":"accreditation-of-previously-awarded-academic-degrees","status":"publish","type":"page","link":"http:\/\/ticaret.edu.tr\/havacilik-yonetimi\/en\/accreditation-of-previously-awarded-academic-degrees\/","title":{"rendered":"Accreditation of Previously Awarded Academic Degrees"},"content":{"rendered":"<p data-start=\"0\" data-end=\"225\">Accreditation of Previously Awarded Academic Degrees is a process through which students\u2019 previously completed academic courses are evaluated and recognized as equivalent to courses within the relevant university program.<\/p>\n<ul data-start=\"227\" data-end=\"368\">\n<li data-start=\"227\" data-end=\"301\">\n<p data-start=\"229\" data-end=\"301\">Exemption procedure for courses previously taken at another university<\/p>\n<\/li>\n<li data-start=\"302\" data-end=\"368\">\n<p data-start=\"304\" data-end=\"368\">Credit equivalency procedure for horizontal\/vertical transfers<\/p>\n<\/li>\n<\/ul>\n<p data-start=\"370\" data-end=\"463\"><strong>Circumstances in Which Accreditation of Previously Awarded Academic Degrees May Be Granted<\/strong><\/p>\n<p data-start=\"465\" data-end=\"558\">Students may request accreditation of their prior learning under the following circumstances:<\/p>\n<p data-start=\"560\" data-end=\"627\"><strong>Inter-University Course Transfer<\/strong><\/p>\n<ul data-start=\"629\" data-end=\"926\">\n<li data-start=\"629\" data-end=\"718\">\n<p data-start=\"631\" data-end=\"718\">Matching courses completed at another university with courses in the current program.<\/p>\n<\/li>\n<li data-start=\"719\" data-end=\"820\">\n<p data-start=\"721\" data-end=\"820\">Assessing the compatibility of previously completed courses in terms of content and credit value.<\/p>\n<\/li>\n<li data-start=\"821\" data-end=\"926\">\n<p data-start=\"823\" data-end=\"926\">Submitting a course equivalency application for students transferring via horizontal\/vertical transfer.<\/p>\n<\/li>\n<\/ul>\n<p data-start=\"928\" data-end=\"952\"><strong>Application Procedure<\/strong><\/p>\n<ul data-start=\"954\" data-end=\"1312\" data-is-last-node=\"\" data-is-only-node=\"\">\n<li data-start=\"954\" data-end=\"1071\">\n<p data-start=\"956\" data-end=\"1071\">Applications for transfers are submitted within the dates specified in the academic calendar.<\/p>\n<\/li>\n<li data-start=\"1072\" data-end=\"1191\">\n<p data-start=\"1074\" data-end=\"1191\">Students must submit an official transcript and course syllabi\/content descriptions from their previous university.<\/p>\n<\/li>\n<li data-start=\"1192\" data-end=\"1312\" data-is-last-node=\"\">\n<p data-start=\"1194\" data-end=\"1312\">Applications are evaluated by the relevant academic unit, and courses deemed appropriate are recognized as exemptions.<\/p>\n<\/li>\n<\/ul>\n","protected":false},"excerpt":{"rendered":"<p>Accreditation of Previously Awarded Academic Degrees is a process through which students\u2019 previously completed academic courses are evaluated and recognized as equivalent to courses within the relevant university program. Exemption procedure for courses previously taken at another university Credit equivalency procedure for horizontal\/vertical transfers Circumstances in Which Accreditation of Previously Awarded Academic Degrees May Be [&hellip;]<\/p>\n","protected":false},"author":139,"featured_media":0,"parent":0,"menu_order":0,"comment_status":"closed","ping_status":"closed","template":"genel_sayfa.php","meta":{"footnotes":""},"yoast_head":"<!-- This site is optimized with the Yoast SEO Premium plugin v22.1 (Yoast SEO v22.1) - https:\/\/yoast.com\/wordpress\/plugins\/seo\/ -->\n<title>Accreditation of Previously Awarded Academic Degrees - Havac\u0131l\u0131k Y\u00f6netimi<\/title>\n<meta name=\"robots\" content=\"index, follow, max-snippet:-1, max-image-preview:large, max-video-preview:-1\" \/>\n<link rel=\"canonical\" href=\"http:\/\/ticaret.edu.tr\/havacilik-yonetimi\/en\/accreditation-of-previously-awarded-academic-degrees\/\" \/>\n<meta property=\"og:locale\" content=\"tr_TR\" \/>\n<meta property=\"og:type\" content=\"article\" \/>\n<meta property=\"og:title\" content=\"Accreditation of Previously Awarded Academic Degrees\" \/>\n<meta property=\"og:description\" content=\"Accreditation of Previously Awarded Academic Degrees is a process through which students\u2019 previously completed academic courses are evaluated and recognized as equivalent to courses within the relevant university program. Exemption procedure for courses previously taken at another university Credit equivalency procedure for horizontal\/vertical transfers Circumstances in Which Accreditation of Previously Awarded Academic Degrees May Be [&hellip;]\" \/>\n<meta property=\"og:url\" content=\"http:\/\/ticaret.edu.tr\/havacilik-yonetimi\/en\/accreditation-of-previously-awarded-academic-degrees\/\" \/>\n<meta property=\"og:site_name\" content=\"Havac\u0131l\u0131k Y\u00f6netimi\" \/>\n<meta property=\"article:publisher\" content=\"https:\/\/www.facebook.com\/ticaretedutr\" \/>\n<meta property=\"article:modified_time\" content=\"2026-01-21T07:07:03+00:00\" \/>\n<meta property=\"og:image\" content=\"http:\/\/ticaret.edu.tr\/havacilik-yonetimi\/wp-content\/uploads\/sites\/10\/2021\/11\/web_logo-01.jpg\" \/>\n\t<meta property=\"og:image:width\" content=\"1250\" \/>\n\t<meta property=\"og:image:height\" content=\"833\" \/>\n\t<meta property=\"og:image:type\" content=\"image\/jpeg\" \/>\n<meta name=\"twitter:card\" content=\"summary_large_image\" \/>\n<meta name=\"twitter:site\" content=\"@ticaretedutr\" \/>\n<meta name=\"twitter:label1\" content=\"Tahmini okuma s\u00fcresi\" \/>\n\t<meta name=\"twitter:data1\" content=\"1 dakika\" \/>\n<script type=\"application\/ld+json\" class=\"yoast-schema-graph\">{\"@context\":\"https:\/\/schema.org\",\"@graph\":[{\"@type\":\"WebPage\",\"@id\":\"http:\/\/ticaret.edu.tr\/havacilik-yonetimi\/en\/accreditation-of-previously-awarded-academic-degrees\/\",\"url\":\"http:\/\/ticaret.edu.tr\/havacilik-yonetimi\/en\/accreditation-of-previously-awarded-academic-degrees\/\",\"name\":\"Accreditation of Previously Awarded Academic Degrees - Havac\u0131l\u0131k Y\u00f6netimi\",\"isPartOf\":{\"@id\":\"https:\/\/ticaret.edu.tr\/havacilik-yonetimi\/en\/#website\"},\"datePublished\":\"2025-01-26T14:05:45+00:00\",\"dateModified\":\"2026-01-21T07:07:03+00:00\",\"breadcrumb\":{\"@id\":\"http:\/\/ticaret.edu.tr\/havacilik-yonetimi\/en\/accreditation-of-previously-awarded-academic-degrees\/#breadcrumb\"},\"inLanguage\":\"tr\",\"potentialAction\":[{\"@type\":\"ReadAction\",\"target\":[\"http:\/\/ticaret.edu.tr\/havacilik-yonetimi\/en\/accreditation-of-previously-awarded-academic-degrees\/\"]}]},{\"@type\":\"BreadcrumbList\",\"@id\":\"http:\/\/ticaret.edu.tr\/havacilik-yonetimi\/en\/accreditation-of-previously-awarded-academic-degrees\/#breadcrumb\",\"itemListElement\":[{\"@type\":\"ListItem\",\"position\":1,\"name\":\"Ana sayfa\",\"item\":\"https:\/\/ticaret.edu.tr\/havacilik-yonetimi\/\"},{\"@type\":\"ListItem\",\"position\":2,\"name\":\"Accreditation of Previously Awarded Academic Degrees\"}]},{\"@type\":\"WebSite\",\"@id\":\"https:\/\/ticaret.edu.tr\/havacilik-yonetimi\/en\/#website\",\"url\":\"https:\/\/ticaret.edu.tr\/havacilik-yonetimi\/en\/\",\"name\":\"Havac\u0131l\u0131k Y\u00f6netimi\",\"description\":\"\",\"potentialAction\":[{\"@type\":\"SearchAction\",\"target\":{\"@type\":\"EntryPoint\",\"urlTemplate\":\"https:\/\/ticaret.edu.tr\/havacilik-yonetimi\/en\/?s={search_term_string}\"},\"query-input\":\"required name=search_term_string\"}],\"inLanguage\":\"tr\"}]}<\/script>\n<!-- \/ Yoast SEO Premium plugin. -->","yoast_head_json":{"title":"Accreditation of Previously Awarded Academic Degrees - Havac\u0131l\u0131k Y\u00f6netimi","robots":{"index":"index","follow":"follow","max-snippet":"max-snippet:-1","max-image-preview":"max-image-preview:large","max-video-preview":"max-video-preview:-1"},"canonical":"http:\/\/ticaret.edu.tr\/havacilik-yonetimi\/en\/accreditation-of-previously-awarded-academic-degrees\/","og_locale":"tr_TR","og_type":"article","og_title":"Accreditation of Previously Awarded Academic Degrees","og_description":"Accreditation of Previously Awarded Academic Degrees is a process through which students\u2019 previously completed academic courses are evaluated and recognized as equivalent to courses within the relevant university program. Exemption procedure for courses previously taken at another university Credit equivalency procedure for horizontal\/vertical transfers Circumstances in Which Accreditation of Previously Awarded Academic Degrees May Be [&hellip;]","og_url":"http:\/\/ticaret.edu.tr\/havacilik-yonetimi\/en\/accreditation-of-previously-awarded-academic-degrees\/","og_site_name":"Havac\u0131l\u0131k Y\u00f6netimi","article_publisher":"https:\/\/www.facebook.com\/ticaretedutr","article_modified_time":"2026-01-21T07:07:03+00:00","og_image":[{"width":1250,"height":833,"url":"http:\/\/ticaret.edu.tr\/havacilik-yonetimi\/wp-content\/uploads\/sites\/10\/2021\/11\/web_logo-01.jpg","type":"image\/jpeg"}],"twitter_card":"summary_large_image","twitter_site":"@ticaretedutr","twitter_misc":{"Tahmini okuma s\u00fcresi":"1 dakika"},"schema":{"@context":"https:\/\/schema.org","@graph":[{"@type":"WebPage","@id":"http:\/\/ticaret.edu.tr\/havacilik-yonetimi\/en\/accreditation-of-previously-awarded-academic-degrees\/","url":"http:\/\/ticaret.edu.tr\/havacilik-yonetimi\/en\/accreditation-of-previously-awarded-academic-degrees\/","name":"Accreditation of Previously Awarded Academic Degrees - Havac\u0131l\u0131k Y\u00f6netimi","isPartOf":{"@id":"https:\/\/ticaret.edu.tr\/havacilik-yonetimi\/en\/#website"},"datePublished":"2025-01-26T14:05:45+00:00","dateModified":"2026-01-21T07:07:03+00:00","breadcrumb":{"@id":"http:\/\/ticaret.edu.tr\/havacilik-yonetimi\/en\/accreditation-of-previously-awarded-academic-degrees\/#breadcrumb"},"inLanguage":"tr","potentialAction":[{"@type":"ReadAction","target":["http:\/\/ticaret.edu.tr\/havacilik-yonetimi\/en\/accreditation-of-previously-awarded-academic-degrees\/"]}]},{"@type":"BreadcrumbList","@id":"http:\/\/ticaret.edu.tr\/havacilik-yonetimi\/en\/accreditation-of-previously-awarded-academic-degrees\/#breadcrumb","itemListElement":[{"@type":"ListItem","position":1,"name":"Ana sayfa","item":"https:\/\/ticaret.edu.tr\/havacilik-yonetimi\/"},{"@type":"ListItem","position":2,"name":"Accreditation of Previously Awarded Academic Degrees"}]},{"@type":"WebSite","@id":"https:\/\/ticaret.edu.tr\/havacilik-yonetimi\/en\/#website","url":"https:\/\/ticaret.edu.tr\/havacilik-yonetimi\/en\/","name":"Havac\u0131l\u0131k Y\u00f6netimi","description":"","potentialAction":[{"@type":"SearchAction","target":{"@type":"EntryPoint","urlTemplate":"https:\/\/ticaret.edu.tr\/havacilik-yonetimi\/en\/?s={search_term_string}"},"query-input":"required name=search_term_string"}],"inLanguage":"tr"}]}},"lang":"en","translations":{"en":1252,"tr":1250},"pll_sync_post":[],"_links":{"self":[{"href":"http:\/\/ticaret.edu.tr\/havacilik-yonetimi\/wp-json\/wp\/v2\/pages\/1252"}],"collection":[{"href":"http:\/\/ticaret.edu.tr\/havacilik-yonetimi\/wp-json\/wp\/v2\/pages"}],"about":[{"href":"http:\/\/ticaret.edu.tr\/havacilik-yonetimi\/wp-json\/wp\/v2\/types\/page"}],"author":[{"embeddable":true,"href":"http:\/\/ticaret.edu.tr\/havacilik-yonetimi\/wp-json\/wp\/v2\/users\/139"}],"replies":[{"embeddable":true,"href":"http:\/\/ticaret.edu.tr\/havacilik-yonetimi\/wp-json\/wp\/v2\/comments?post=1252"}],"version-history":[{"count":5,"href":"http:\/\/ticaret.edu.tr\/havacilik-yonetimi\/wp-json\/wp\/v2\/pages\/1252\/revisions"}],"predecessor-version":[{"id":1952,"href":"http:\/\/ticaret.edu.tr\/havacilik-yonetimi\/wp-json\/wp\/v2\/pages\/1252\/revisions\/1952"}],"wp:attachment":[{"href":"http:\/\/ticaret.edu.tr\/havacilik-yonetimi\/wp-json\/wp\/v2\/media?parent=1252"}],"curies":[{"name":"wp","href":"https:\/\/api.w.org\/{rel}","templated":true}]}}