{"id":1267,"date":"2025-01-26T17:10:27","date_gmt":"2025-01-26T14:10:27","guid":{"rendered":"https:\/\/ticaret.edu.tr\/havacilik-yonetimi\/?page_id=1267"},"modified":"2025-05-12T08:58:10","modified_gmt":"2025-05-12T05:58:10","slug":"cap-yandal-yatay-gecis","status":"publish","type":"page","link":"http:\/\/ticaret.edu.tr\/havacilik-yonetimi\/cap-yandal-yatay-gecis\/","title":{"rendered":"\u00c7ap-Yandal \/ Yatay Ge\u00e7i\u015f"},"content":{"rendered":"<p><strong>\u00c7ift Anadal Program\u0131 (\u00c7AP)<\/strong><\/p>\n<p>Program Tan\u0131m\u0131: \u00c7ift Anadal Program\u0131, kendi b\u00f6l\u00fcm\u00fcnde ba\u015far\u0131 g\u00f6steren \u00f6\u011frencilerin, ba\u015fka bir lisans program\u0131ndan ders alarak ikinci bir diploma sahibi olmalar\u0131na olanak tan\u0131r.<\/p>\n<ul>\n<li><strong>Ba\u015fvuru \u015eartlar\u0131:<\/strong><\/li>\n<\/ul>\n<p>\u00dcniversitenin bir lisans program\u0131na kay\u0131tl\u0131 olmak<br \/>\nBa\u015fvuru yap\u0131lan d\u00f6neme kadar t\u00fcm dersleri ba\u015far\u0131yla tamamlam\u0131\u015f olmak<br \/>\nGenel Not Ortalamas\u0131 (GNO) en az 2,72\/4.00 (100 \u00fczerinden 70) olmak<br \/>\n\u00d6\u011frencinin, kendi s\u0131n\u0131f\u0131nda ba\u015far\u0131 s\u0131ralamas\u0131 itibariyle ilk %20\u2019de bulunmas\u0131<br \/>\n\u00c7ift anadal program\u0131n\u0131n taban puan\u0131 \u015fartlar\u0131n\u0131 sa\u011flamak (e\u011fer %20 \u015fart\u0131 sa\u011flanm\u0131yorsa)<br \/>\n\u00c7ift anadala ba\u015fvurular 3. yar\u0131y\u0131ldan itibaren yap\u0131labilir, en ge\u00e7 5. yar\u0131y\u0131lda ba\u015fvurulmal\u0131d\u0131r<\/p>\n<ul>\n<li><strong>Mezuniyet Ko\u015fullar\u0131:<\/strong><\/li>\n<\/ul>\n<p>\u00c7ift Anadal \u00f6\u011frencileri, birinci anadal program\u0131nda mezun olmadan ikinci anadal diplomas\u0131n\u0131 alamazlar<br \/>\n\u0130kinci anadalda mezun olabilmek i\u00e7in GNO\u2019nun 2,72\/4.00 ve \u00fczeri olmas\u0131 gereklidir<br \/>\n\u00c7ift anadal program\u0131nda al\u0131nan dersler, zorunlu ve se\u00e7meli dersler dahil en az 240 AKTS olmal\u0131d\u0131r<\/p>\n<ul>\n<li data-start=\"1472\" data-end=\"1539\"><strong data-start=\"1472\" data-end=\"1514\">Detaylar \u0130\u00e7in:<\/strong>\u00a0<a href=\"https:\/\/www.mevzuat.gov.tr\/mevzuat?MevzuatNo=7266&amp;MevzuatTur=8&amp;MevzuatTertip=5\">\u00c7AP ve YANDAL Y\u00f6netmeli\u011fi<\/a><\/li>\n<\/ul>\n<p><strong>Yan Dal Program\u0131<\/strong><\/p>\n<p>Program Tan\u0131m\u0131: Yan Dal Program\u0131, \u00f6\u011frencilerin kendi lisans programlar\u0131n\u0131n yan\u0131 s\u0131ra ilgili ba\u015fka bir alanda bilgi edinmelerini sa\u011flayan ek bir e\u011fitim program\u0131d\u0131r. Yan dal program\u0131, ikinci bir diploma sa\u011flamaz ancak ba\u015far\u0131yla tamamlayan \u00f6\u011frencilere yan dal sertifikas\u0131 verilir.<\/p>\n<ul>\n<li><strong>Ba\u015fvuru \u015eartlar\u0131:<\/strong><\/li>\n<\/ul>\n<p>Lisans program\u0131na kay\u0131tl\u0131 olmak<br \/>\n3. yar\u0131y\u0131ldan itibaren ba\u015fvuru yap\u0131labilir<br \/>\nGNO\u2019nun en az 2,60\/4.00 olmas\u0131 gerekir<br \/>\nYan dal programlar\u0131 fak\u00fclte y\u00f6netim kurulunun onay\u0131 ile a\u00e7\u0131l\u0131r<\/p>\n<ul>\n<li><strong>Mezuniyet Ko\u015fullar\u0131:<\/strong><\/li>\n<\/ul>\n<p>Yan dal program\u0131nda toplamda 24 AKTS\u2019lik ders al\u0131nmas\u0131 gerekmektedir<br \/>\nGNO\u2019nun en az 2,30\/4.00 olmas\u0131 gerekmektedir<br \/>\nYan dal program\u0131n\u0131 tamamlayan \u00f6\u011frenciler, yan dal sertifikas\u0131 almaya hak kazan\u0131r<br \/>\nAna dal program\u0131ndan mezun olmayan \u00f6\u011frenciler, yan dal program\u0131n\u0131 tamamlam\u0131\u015f olsalar bile sertifika alamazlar<\/p>\n<ul>\n<li data-start=\"2479\" data-end=\"2550\"><strong data-start=\"2479\" data-end=\"2521\">Detaylar \u0130\u00e7in:<\/strong>\u00a0<a href=\"https:\/\/www.mevzuat.gov.tr\/mevzuat?MevzuatNo=7266&amp;MevzuatTur=8&amp;MevzuatTertip=5\">\u00c7AP ve YANDAL Y\u00f6netmeli\u011fi<\/a><\/li>\n<\/ul>\n<p><strong>Yatay Ge\u00e7i\u015f (Kurum \u0130\u00e7i ve Kurumlar Aras\u0131)<\/strong><\/p>\n<p>Program Tan\u0131m\u0131: Yatay Ge\u00e7i\u015f, \u00f6\u011frencilerin mevcut programlar\u0131n\u0131 tamamlamadan ba\u015fka bir y\u00fcksek\u00f6\u011fretim program\u0131na ge\u00e7i\u015f yapmalar\u0131n\u0131 sa\u011flayan bir sistemdir. Yatay ge\u00e7i\u015f kurum i\u00e7i (ayn\u0131 \u00fcniversite i\u00e7inde) veya kurumlar aras\u0131 (farkl\u0131 \u00fcniversitelere) yap\u0131labilir.<\/p>\n<ul>\n<li><strong>Ba\u015fvuru \u015eartlar\u0131:<\/strong><\/li>\n<\/ul>\n<p>\u00d6n lisans ve lisans \u00f6\u011frencileri yatay ge\u00e7i\u015f yapabilir<br \/>\nYatay ge\u00e7i\u015f yapabilmek i\u00e7in GNO en az 2,29\/4.00 (100 \u00fczerinden 60) olmal\u0131d\u0131r<br \/>\n\u00d6\u011frencinin ge\u00e7mek istedi\u011fi program\u0131n taban puan\u0131na e\u015fit veya daha y\u00fcksek bir puan\u0131 olmal\u0131d\u0131r<br \/>\n\u0130lk ve son d\u00f6nemlerde yatay ge\u00e7i\u015f yap\u0131lamaz<br \/>\n\u00d6SYM puan\u0131yla yatay ge\u00e7i\u015f yapmak isteyen \u00f6\u011frenciler i\u00e7in herhangi bir GNO s\u0131n\u0131r\u0131 yoktur<\/p>\n<ul>\n<li><strong>Ba\u015fvuru S\u00fcreci:<\/strong><\/li>\n<\/ul>\n<p>Ba\u015fvurular akademik takvimde belirtilen tarihlerde al\u0131n\u0131r.<br \/>\nBa\u015fvuran \u00f6\u011frencilerin GNO ve merkezi yerle\u015ftirme puan\u0131 de\u011ferlendirilir.<br \/>\nKabul edilen \u00f6\u011frenciler i\u00e7in ders intibak\u0131 yap\u0131l\u0131r ve eksik dersler belirlenir.<\/p>\n<div class=\"col-12 col-md-8 py-3 d-flex flex-column\">\n<ul>\n<li data-start=\"3575\" data-end=\"3642\"><strong data-start=\"3575\" data-end=\"3617\">Detaylar \u0130\u00e7in:<\/strong>\u00a0<a href=\"https:\/\/www.mevzuat.gov.tr\/mevzuat?MevzuatNo=13948&amp;MevzuatTur=7&amp;MevzuatTertip=5\">Yatay Ge\u00e7i\u015f Y\u00f6netmeli\u011fi<\/a><\/li>\n<\/ul>\n<\/div>\n","protected":false},"excerpt":{"rendered":"<p>\u00c7ift Anadal Program\u0131 (\u00c7AP) Program Tan\u0131m\u0131: \u00c7ift Anadal Program\u0131, kendi b\u00f6l\u00fcm\u00fcnde ba\u015far\u0131 g\u00f6steren \u00f6\u011frencilerin, ba\u015fka bir lisans program\u0131ndan ders alarak ikinci bir diploma sahibi olmalar\u0131na olanak tan\u0131r. Ba\u015fvuru \u015eartlar\u0131: \u00dcniversitenin bir lisans program\u0131na kay\u0131tl\u0131 olmak Ba\u015fvuru yap\u0131lan d\u00f6neme kadar t\u00fcm dersleri ba\u015far\u0131yla tamamlam\u0131\u015f olmak Genel Not Ortalamas\u0131 (GNO) en az 2,72\/4.00 (100 \u00fczerinden 70) olmak [&hellip;]<\/p>\n","protected":false},"author":139,"featured_media":0,"parent":0,"menu_order":0,"comment_status":"closed","ping_status":"closed","template":"genel_sayfa.php","meta":{"footnotes":""},"yoast_head":"<!-- This site is optimized with the Yoast SEO Premium plugin v22.1 (Yoast SEO v22.1) - https:\/\/yoast.com\/wordpress\/plugins\/seo\/ -->\n<title>\u00c7ap-Yandal \/ Yatay Ge\u00e7i\u015f - Havac\u0131l\u0131k Y\u00f6netimi<\/title>\n<meta name=\"robots\" content=\"index, follow, max-snippet:-1, max-image-preview:large, max-video-preview:-1\" \/>\n<link rel=\"canonical\" href=\"http:\/\/ticaret.edu.tr\/havacilik-yonetimi\/cap-yandal-yatay-gecis\/\" \/>\n<meta property=\"og:locale\" content=\"tr_TR\" \/>\n<meta property=\"og:type\" content=\"article\" \/>\n<meta property=\"og:title\" content=\"\u00c7ap-Yandal \/ Yatay Ge\u00e7i\u015f\" \/>\n<meta property=\"og:description\" content=\"\u00c7ift Anadal Program\u0131 (\u00c7AP) Program Tan\u0131m\u0131: \u00c7ift Anadal Program\u0131, kendi b\u00f6l\u00fcm\u00fcnde ba\u015far\u0131 g\u00f6steren \u00f6\u011frencilerin, ba\u015fka bir lisans program\u0131ndan ders alarak ikinci bir diploma sahibi olmalar\u0131na olanak tan\u0131r. Ba\u015fvuru \u015eartlar\u0131: \u00dcniversitenin bir lisans program\u0131na kay\u0131tl\u0131 olmak Ba\u015fvuru yap\u0131lan d\u00f6neme kadar t\u00fcm dersleri ba\u015far\u0131yla tamamlam\u0131\u015f olmak Genel Not Ortalamas\u0131 (GNO) en az 2,72\/4.00 (100 \u00fczerinden 70) olmak [&hellip;]\" \/>\n<meta property=\"og:url\" content=\"http:\/\/ticaret.edu.tr\/havacilik-yonetimi\/cap-yandal-yatay-gecis\/\" \/>\n<meta property=\"og:site_name\" content=\"Havac\u0131l\u0131k Y\u00f6netimi\" \/>\n<meta property=\"article:publisher\" content=\"https:\/\/www.facebook.com\/ticaretedutr\" \/>\n<meta property=\"article:modified_time\" content=\"2025-05-12T05:58:10+00:00\" \/>\n<meta property=\"og:image\" content=\"http:\/\/ticaret.edu.tr\/havacilik-yonetimi\/wp-content\/uploads\/sites\/10\/2021\/11\/web_logo-01.jpg\" \/>\n\t<meta property=\"og:image:width\" content=\"1250\" \/>\n\t<meta property=\"og:image:height\" content=\"833\" \/>\n\t<meta property=\"og:image:type\" content=\"image\/jpeg\" \/>\n<meta name=\"twitter:card\" content=\"summary_large_image\" \/>\n<meta name=\"twitter:site\" content=\"@ticaretedutr\" \/>\n<meta name=\"twitter:label1\" content=\"Tahmini okuma s\u00fcresi\" \/>\n\t<meta name=\"twitter:data1\" content=\"3 dakika\" \/>\n<script type=\"application\/ld+json\" class=\"yoast-schema-graph\">{\"@context\":\"https:\/\/schema.org\",\"@graph\":[{\"@type\":\"WebPage\",\"@id\":\"http:\/\/ticaret.edu.tr\/havacilik-yonetimi\/cap-yandal-yatay-gecis\/\",\"url\":\"http:\/\/ticaret.edu.tr\/havacilik-yonetimi\/cap-yandal-yatay-gecis\/\",\"name\":\"\u00c7ap-Yandal \/ Yatay Ge\u00e7i\u015f - Havac\u0131l\u0131k Y\u00f6netimi\",\"isPartOf\":{\"@id\":\"https:\/\/ticaret.edu.tr\/havacilik-yonetimi\/en\/#website\"},\"datePublished\":\"2025-01-26T14:10:27+00:00\",\"dateModified\":\"2025-05-12T05:58:10+00:00\",\"breadcrumb\":{\"@id\":\"http:\/\/ticaret.edu.tr\/havacilik-yonetimi\/cap-yandal-yatay-gecis\/#breadcrumb\"},\"inLanguage\":\"tr\",\"potentialAction\":[{\"@type\":\"ReadAction\",\"target\":[\"http:\/\/ticaret.edu.tr\/havacilik-yonetimi\/cap-yandal-yatay-gecis\/\"]}]},{\"@type\":\"BreadcrumbList\",\"@id\":\"http:\/\/ticaret.edu.tr\/havacilik-yonetimi\/cap-yandal-yatay-gecis\/#breadcrumb\",\"itemListElement\":[{\"@type\":\"ListItem\",\"position\":1,\"name\":\"Ana sayfa\",\"item\":\"https:\/\/ticaret.edu.tr\/havacilik-yonetimi\/\"},{\"@type\":\"ListItem\",\"position\":2,\"name\":\"\u00c7ap-Yandal \/ Yatay Ge\u00e7i\u015f\"}]},{\"@type\":\"WebSite\",\"@id\":\"https:\/\/ticaret.edu.tr\/havacilik-yonetimi\/en\/#website\",\"url\":\"https:\/\/ticaret.edu.tr\/havacilik-yonetimi\/en\/\",\"name\":\"Havac\u0131l\u0131k Y\u00f6netimi\",\"description\":\"\",\"potentialAction\":[{\"@type\":\"SearchAction\",\"target\":{\"@type\":\"EntryPoint\",\"urlTemplate\":\"https:\/\/ticaret.edu.tr\/havacilik-yonetimi\/en\/?s={search_term_string}\"},\"query-input\":\"required name=search_term_string\"}],\"inLanguage\":\"tr\"}]}<\/script>\n<!-- \/ Yoast SEO Premium plugin. -->","yoast_head_json":{"title":"\u00c7ap-Yandal \/ Yatay Ge\u00e7i\u015f - Havac\u0131l\u0131k Y\u00f6netimi","robots":{"index":"index","follow":"follow","max-snippet":"max-snippet:-1","max-image-preview":"max-image-preview:large","max-video-preview":"max-video-preview:-1"},"canonical":"http:\/\/ticaret.edu.tr\/havacilik-yonetimi\/cap-yandal-yatay-gecis\/","og_locale":"tr_TR","og_type":"article","og_title":"\u00c7ap-Yandal \/ Yatay Ge\u00e7i\u015f","og_description":"\u00c7ift Anadal Program\u0131 (\u00c7AP) Program Tan\u0131m\u0131: \u00c7ift Anadal Program\u0131, kendi b\u00f6l\u00fcm\u00fcnde ba\u015far\u0131 g\u00f6steren \u00f6\u011frencilerin, ba\u015fka bir lisans program\u0131ndan ders alarak ikinci bir diploma sahibi olmalar\u0131na olanak tan\u0131r. Ba\u015fvuru \u015eartlar\u0131: \u00dcniversitenin bir lisans program\u0131na kay\u0131tl\u0131 olmak Ba\u015fvuru yap\u0131lan d\u00f6neme kadar t\u00fcm dersleri ba\u015far\u0131yla tamamlam\u0131\u015f olmak Genel Not Ortalamas\u0131 (GNO) en az 2,72\/4.00 (100 \u00fczerinden 70) olmak [&hellip;]","og_url":"http:\/\/ticaret.edu.tr\/havacilik-yonetimi\/cap-yandal-yatay-gecis\/","og_site_name":"Havac\u0131l\u0131k Y\u00f6netimi","article_publisher":"https:\/\/www.facebook.com\/ticaretedutr","article_modified_time":"2025-05-12T05:58:10+00:00","og_image":[{"width":1250,"height":833,"url":"http:\/\/ticaret.edu.tr\/havacilik-yonetimi\/wp-content\/uploads\/sites\/10\/2021\/11\/web_logo-01.jpg","type":"image\/jpeg"}],"twitter_card":"summary_large_image","twitter_site":"@ticaretedutr","twitter_misc":{"Tahmini okuma s\u00fcresi":"3 dakika"},"schema":{"@context":"https:\/\/schema.org","@graph":[{"@type":"WebPage","@id":"http:\/\/ticaret.edu.tr\/havacilik-yonetimi\/cap-yandal-yatay-gecis\/","url":"http:\/\/ticaret.edu.tr\/havacilik-yonetimi\/cap-yandal-yatay-gecis\/","name":"\u00c7ap-Yandal \/ Yatay Ge\u00e7i\u015f - Havac\u0131l\u0131k Y\u00f6netimi","isPartOf":{"@id":"https:\/\/ticaret.edu.tr\/havacilik-yonetimi\/en\/#website"},"datePublished":"2025-01-26T14:10:27+00:00","dateModified":"2025-05-12T05:58:10+00:00","breadcrumb":{"@id":"http:\/\/ticaret.edu.tr\/havacilik-yonetimi\/cap-yandal-yatay-gecis\/#breadcrumb"},"inLanguage":"tr","potentialAction":[{"@type":"ReadAction","target":["http:\/\/ticaret.edu.tr\/havacilik-yonetimi\/cap-yandal-yatay-gecis\/"]}]},{"@type":"BreadcrumbList","@id":"http:\/\/ticaret.edu.tr\/havacilik-yonetimi\/cap-yandal-yatay-gecis\/#breadcrumb","itemListElement":[{"@type":"ListItem","position":1,"name":"Ana sayfa","item":"https:\/\/ticaret.edu.tr\/havacilik-yonetimi\/"},{"@type":"ListItem","position":2,"name":"\u00c7ap-Yandal \/ Yatay Ge\u00e7i\u015f"}]},{"@type":"WebSite","@id":"https:\/\/ticaret.edu.tr\/havacilik-yonetimi\/en\/#website","url":"https:\/\/ticaret.edu.tr\/havacilik-yonetimi\/en\/","name":"Havac\u0131l\u0131k Y\u00f6netimi","description":"","potentialAction":[{"@type":"SearchAction","target":{"@type":"EntryPoint","urlTemplate":"https:\/\/ticaret.edu.tr\/havacilik-yonetimi\/en\/?s={search_term_string}"},"query-input":"required name=search_term_string"}],"inLanguage":"tr"}]}},"lang":"tr","translations":{"en":1269,"tr":1267},"pll_sync_post":[],"_links":{"self":[{"href":"http:\/\/ticaret.edu.tr\/havacilik-yonetimi\/wp-json\/wp\/v2\/pages\/1267"}],"collection":[{"href":"http:\/\/ticaret.edu.tr\/havacilik-yonetimi\/wp-json\/wp\/v2\/pages"}],"about":[{"href":"http:\/\/ticaret.edu.tr\/havacilik-yonetimi\/wp-json\/wp\/v2\/types\/page"}],"author":[{"embeddable":true,"href":"http:\/\/ticaret.edu.tr\/havacilik-yonetimi\/wp-json\/wp\/v2\/users\/139"}],"replies":[{"embeddable":true,"href":"http:\/\/ticaret.edu.tr\/havacilik-yonetimi\/wp-json\/wp\/v2\/comments?post=1267"}],"version-history":[{"count":4,"href":"http:\/\/ticaret.edu.tr\/havacilik-yonetimi\/wp-json\/wp\/v2\/pages\/1267\/revisions"}],"predecessor-version":[{"id":1719,"href":"http:\/\/ticaret.edu.tr\/havacilik-yonetimi\/wp-json\/wp\/v2\/pages\/1267\/revisions\/1719"}],"wp:attachment":[{"href":"http:\/\/ticaret.edu.tr\/havacilik-yonetimi\/wp-json\/wp\/v2\/media?parent=1267"}],"curies":[{"name":"wp","href":"https:\/\/api.w.org\/{rel}","templated":true}]}}