{"id":1273,"date":"2025-01-26T17:11:32","date_gmt":"2025-01-26T14:11:32","guid":{"rendered":"https:\/\/ticaret.edu.tr\/havacilik-yonetimi\/?page_id=1273"},"modified":"2026-01-20T13:55:44","modified_gmt":"2026-01-20T10:55:44","slug":"undergraduate-student-exchange-programs-erasmus","status":"publish","type":"page","link":"http:\/\/ticaret.edu.tr\/havacilik-yonetimi\/en\/undergraduate-student-exchange-programs-erasmus\/","title":{"rendered":"Student Exchange Programs \/ Erasmus"},"content":{"rendered":"<p>As the Department of Aviation Management, we support Erasmus+ student exchange programs to provide our students with international academic experience and offer opportunities on a global scale. Through the Erasmus+ program, our students can study at partner universities in Europe and contribute to their academic development by experiencing different cultures.<\/p>\n<p><strong>About the Erasmus+ Program<\/strong><\/p>\n<ul>\n<li><strong>What is Erasmus+?<\/strong><br \/>\nErasmus+ is an exchange program supported by the European Union that offers students, academics, and administrative staff opportunities to study and train abroad.<\/li>\n<li><strong>What Can You Gain with Erasmus+?<\/strong><\/li>\n<\/ul>\n<p>Opportunity to study for one or two semesters at different universities in Europe<\/p>\n<p>International academic experience and cultural interaction<\/p>\n<p>Improvement of foreign language skills<\/p>\n<p>Course credit recognition (ECTS compatibility)<\/p>\n<p>Financial support opportunity with Erasmus+ grants<\/p>\n<ul>\n<li><strong>Current Erasmus+ Agreements (KION Database)<\/strong><br \/>\nTo view the universities we have agreements with through Erasmus+:<\/li>\n<\/ul>\n<p><strong>Current Agreements List<\/strong><\/p>\n<p>This list includes partner universities, departments, and quota information for aviation management students.<\/p>\n","protected":false},"excerpt":{"rendered":"<p>As the Department of Aviation Management, we support Erasmus+ student exchange programs to provide our students with international academic experience and offer opportunities on a global scale. Through the Erasmus+ program, our students can study at partner universities in Europe and contribute to their academic development by experiencing different cultures. About the Erasmus+ Program What [&hellip;]<\/p>\n","protected":false},"author":139,"featured_media":0,"parent":0,"menu_order":0,"comment_status":"closed","ping_status":"closed","template":"genel_sayfa.php","meta":{"footnotes":""},"yoast_head":"<!-- This site is optimized with the Yoast SEO Premium plugin v22.1 (Yoast SEO v22.1) - https:\/\/yoast.com\/wordpress\/plugins\/seo\/ -->\n<title>Student Exchange Programs \/ Erasmus - Havac\u0131l\u0131k Y\u00f6netimi<\/title>\n<meta name=\"robots\" content=\"index, follow, max-snippet:-1, max-image-preview:large, max-video-preview:-1\" \/>\n<link rel=\"canonical\" href=\"https:\/\/ticaret.edu.tr\/havacilik-yonetimi\/en\/undergraduate-student-exchange-programs-erasmus\/\" \/>\n<meta property=\"og:locale\" content=\"tr_TR\" \/>\n<meta property=\"og:type\" content=\"article\" \/>\n<meta property=\"og:title\" content=\"Student Exchange Programs \/ Erasmus\" \/>\n<meta property=\"og:description\" content=\"As the Department of Aviation Management, we support Erasmus+ student exchange programs to provide our students with international academic experience and offer opportunities on a global scale. Through the Erasmus+ program, our students can study at partner universities in Europe and contribute to their academic development by experiencing different cultures. About the Erasmus+ Program What [&hellip;]\" \/>\n<meta property=\"og:url\" content=\"https:\/\/ticaret.edu.tr\/havacilik-yonetimi\/en\/undergraduate-student-exchange-programs-erasmus\/\" \/>\n<meta property=\"og:site_name\" content=\"Havac\u0131l\u0131k Y\u00f6netimi\" \/>\n<meta property=\"article:publisher\" content=\"https:\/\/www.facebook.com\/ticaretedutr\" \/>\n<meta property=\"article:modified_time\" content=\"2026-01-20T10:55:44+00:00\" \/>\n<meta property=\"og:image\" content=\"http:\/\/ticaret.edu.tr\/havacilik-yonetimi\/wp-content\/uploads\/sites\/10\/2021\/11\/web_logo-01.jpg\" \/>\n\t<meta property=\"og:image:width\" content=\"1250\" \/>\n\t<meta property=\"og:image:height\" content=\"833\" \/>\n\t<meta property=\"og:image:type\" content=\"image\/jpeg\" \/>\n<meta name=\"twitter:card\" content=\"summary_large_image\" \/>\n<meta name=\"twitter:site\" content=\"@ticaretedutr\" \/>\n<meta name=\"twitter:label1\" content=\"Tahmini okuma s\u00fcresi\" \/>\n\t<meta name=\"twitter:data1\" content=\"1 dakika\" \/>\n<script type=\"application\/ld+json\" class=\"yoast-schema-graph\">{\"@context\":\"https:\/\/schema.org\",\"@graph\":[{\"@type\":\"WebPage\",\"@id\":\"https:\/\/ticaret.edu.tr\/havacilik-yonetimi\/en\/undergraduate-student-exchange-programs-erasmus\/\",\"url\":\"https:\/\/ticaret.edu.tr\/havacilik-yonetimi\/en\/undergraduate-student-exchange-programs-erasmus\/\",\"name\":\"Student Exchange Programs \/ Erasmus - Havac\u0131l\u0131k Y\u00f6netimi\",\"isPartOf\":{\"@id\":\"https:\/\/ticaret.edu.tr\/havacilik-yonetimi\/en\/#website\"},\"datePublished\":\"2025-01-26T14:11:32+00:00\",\"dateModified\":\"2026-01-20T10:55:44+00:00\",\"breadcrumb\":{\"@id\":\"https:\/\/ticaret.edu.tr\/havacilik-yonetimi\/en\/undergraduate-student-exchange-programs-erasmus\/#breadcrumb\"},\"inLanguage\":\"tr\",\"potentialAction\":[{\"@type\":\"ReadAction\",\"target\":[\"https:\/\/ticaret.edu.tr\/havacilik-yonetimi\/en\/undergraduate-student-exchange-programs-erasmus\/\"]}]},{\"@type\":\"BreadcrumbList\",\"@id\":\"https:\/\/ticaret.edu.tr\/havacilik-yonetimi\/en\/undergraduate-student-exchange-programs-erasmus\/#breadcrumb\",\"itemListElement\":[{\"@type\":\"ListItem\",\"position\":1,\"name\":\"Ana sayfa\",\"item\":\"https:\/\/ticaret.edu.tr\/havacilik-yonetimi\/\"},{\"@type\":\"ListItem\",\"position\":2,\"name\":\"Student Exchange Programs \/ Erasmus\"}]},{\"@type\":\"WebSite\",\"@id\":\"https:\/\/ticaret.edu.tr\/havacilik-yonetimi\/en\/#website\",\"url\":\"https:\/\/ticaret.edu.tr\/havacilik-yonetimi\/en\/\",\"name\":\"Havac\u0131l\u0131k Y\u00f6netimi\",\"description\":\"\",\"potentialAction\":[{\"@type\":\"SearchAction\",\"target\":{\"@type\":\"EntryPoint\",\"urlTemplate\":\"https:\/\/ticaret.edu.tr\/havacilik-yonetimi\/en\/?s={search_term_string}\"},\"query-input\":\"required name=search_term_string\"}],\"inLanguage\":\"tr\"}]}<\/script>\n<!-- \/ Yoast SEO Premium plugin. -->","yoast_head_json":{"title":"Student Exchange Programs \/ Erasmus - Havac\u0131l\u0131k Y\u00f6netimi","robots":{"index":"index","follow":"follow","max-snippet":"max-snippet:-1","max-image-preview":"max-image-preview:large","max-video-preview":"max-video-preview:-1"},"canonical":"https:\/\/ticaret.edu.tr\/havacilik-yonetimi\/en\/undergraduate-student-exchange-programs-erasmus\/","og_locale":"tr_TR","og_type":"article","og_title":"Student Exchange Programs \/ Erasmus","og_description":"As the Department of Aviation Management, we support Erasmus+ student exchange programs to provide our students with international academic experience and offer opportunities on a global scale. Through the Erasmus+ program, our students can study at partner universities in Europe and contribute to their academic development by experiencing different cultures. About the Erasmus+ Program What [&hellip;]","og_url":"https:\/\/ticaret.edu.tr\/havacilik-yonetimi\/en\/undergraduate-student-exchange-programs-erasmus\/","og_site_name":"Havac\u0131l\u0131k Y\u00f6netimi","article_publisher":"https:\/\/www.facebook.com\/ticaretedutr","article_modified_time":"2026-01-20T10:55:44+00:00","og_image":[{"width":1250,"height":833,"url":"http:\/\/ticaret.edu.tr\/havacilik-yonetimi\/wp-content\/uploads\/sites\/10\/2021\/11\/web_logo-01.jpg","type":"image\/jpeg"}],"twitter_card":"summary_large_image","twitter_site":"@ticaretedutr","twitter_misc":{"Tahmini okuma s\u00fcresi":"1 dakika"},"schema":{"@context":"https:\/\/schema.org","@graph":[{"@type":"WebPage","@id":"https:\/\/ticaret.edu.tr\/havacilik-yonetimi\/en\/undergraduate-student-exchange-programs-erasmus\/","url":"https:\/\/ticaret.edu.tr\/havacilik-yonetimi\/en\/undergraduate-student-exchange-programs-erasmus\/","name":"Student Exchange Programs \/ Erasmus - Havac\u0131l\u0131k Y\u00f6netimi","isPartOf":{"@id":"https:\/\/ticaret.edu.tr\/havacilik-yonetimi\/en\/#website"},"datePublished":"2025-01-26T14:11:32+00:00","dateModified":"2026-01-20T10:55:44+00:00","breadcrumb":{"@id":"https:\/\/ticaret.edu.tr\/havacilik-yonetimi\/en\/undergraduate-student-exchange-programs-erasmus\/#breadcrumb"},"inLanguage":"tr","potentialAction":[{"@type":"ReadAction","target":["https:\/\/ticaret.edu.tr\/havacilik-yonetimi\/en\/undergraduate-student-exchange-programs-erasmus\/"]}]},{"@type":"BreadcrumbList","@id":"https:\/\/ticaret.edu.tr\/havacilik-yonetimi\/en\/undergraduate-student-exchange-programs-erasmus\/#breadcrumb","itemListElement":[{"@type":"ListItem","position":1,"name":"Ana sayfa","item":"https:\/\/ticaret.edu.tr\/havacilik-yonetimi\/"},{"@type":"ListItem","position":2,"name":"Student Exchange Programs \/ Erasmus"}]},{"@type":"WebSite","@id":"https:\/\/ticaret.edu.tr\/havacilik-yonetimi\/en\/#website","url":"https:\/\/ticaret.edu.tr\/havacilik-yonetimi\/en\/","name":"Havac\u0131l\u0131k Y\u00f6netimi","description":"","potentialAction":[{"@type":"SearchAction","target":{"@type":"EntryPoint","urlTemplate":"https:\/\/ticaret.edu.tr\/havacilik-yonetimi\/en\/?s={search_term_string}"},"query-input":"required name=search_term_string"}],"inLanguage":"tr"}]}},"lang":"en","translations":{"en":1273,"tr":1271},"pll_sync_post":[],"_links":{"self":[{"href":"http:\/\/ticaret.edu.tr\/havacilik-yonetimi\/wp-json\/wp\/v2\/pages\/1273"}],"collection":[{"href":"http:\/\/ticaret.edu.tr\/havacilik-yonetimi\/wp-json\/wp\/v2\/pages"}],"about":[{"href":"http:\/\/ticaret.edu.tr\/havacilik-yonetimi\/wp-json\/wp\/v2\/types\/page"}],"author":[{"embeddable":true,"href":"http:\/\/ticaret.edu.tr\/havacilik-yonetimi\/wp-json\/wp\/v2\/users\/139"}],"replies":[{"embeddable":true,"href":"http:\/\/ticaret.edu.tr\/havacilik-yonetimi\/wp-json\/wp\/v2\/comments?post=1273"}],"version-history":[{"count":4,"href":"http:\/\/ticaret.edu.tr\/havacilik-yonetimi\/wp-json\/wp\/v2\/pages\/1273\/revisions"}],"predecessor-version":[{"id":1907,"href":"http:\/\/ticaret.edu.tr\/havacilik-yonetimi\/wp-json\/wp\/v2\/pages\/1273\/revisions\/1907"}],"wp:attachment":[{"href":"http:\/\/ticaret.edu.tr\/havacilik-yonetimi\/wp-json\/wp\/v2\/media?parent=1273"}],"curies":[{"name":"wp","href":"https:\/\/api.w.org\/{rel}","templated":true}]}}