{"id":1275,"date":"2025-01-26T17:11:56","date_gmt":"2025-01-26T14:11:56","guid":{"rendered":"https:\/\/ticaret.edu.tr\/havacilik-yonetimi\/?page_id=1275"},"modified":"2026-01-06T14:51:43","modified_gmt":"2026-01-06T11:51:43","slug":"tasarim-projesi-bitirme-projesi","status":"publish","type":"page","link":"http:\/\/ticaret.edu.tr\/havacilik-yonetimi\/tasarim-projesi-bitirme-projesi\/","title":{"rendered":"Tasar\u0131m Projesi \/ Bitirme Projesi"},"content":{"rendered":"<p>Havac\u0131l\u0131k Y\u00f6netimi b\u00f6l\u00fcm\u00fcm\u00fczde d\u00f6rd\u00fcnc\u00fc s\u0131n\u0131f bahar d\u00f6neminde 2 m\u00fcfredat se\u00e7ene\u011fi bulunmaktad\u0131r. A\u015fa\u011f\u0131daki tabloda m\u00fcfredat se\u00e7enekleri yer almaktad\u0131r. M\u00fcfredat 1&#8242; i tercih eden \u00f6\u011frenciler, \u00fc\u00e7 se\u00e7meli dersle birlikte zorunlu olan \u201cD\u00f6nem Projesi\u201d dersini al\u0131p ge\u00e7mekle y\u00fck\u00fcml\u00fcd\u00fcr. D\u00f6nem Projesi, alanla ilgili olarak yaz\u0131lacak lisans tezinden olu\u015fmaktad\u0131r. \u00d6\u011frenciler dersin \u00f6\u011fretim \u00fcyesi dan\u0131\u015fmanl\u0131\u011f\u0131nda ara\u015ft\u0131rma yaparak ve \u00fcniversitemizin tez yaz\u0131m k\u0131lavuzuna ba\u011fl\u0131 kalarak d\u00f6nem projesini tamamlay\u0131p d\u00f6nem sonunda teslim etmekle y\u00fck\u00fcml\u00fcd\u00fcr.<\/p>\n<p><img loading=\"lazy\" decoding=\"async\" class=\"alignnone size-full wp-image-1885\" src=\"http:\/\/ticaret.edu.tr\/havacilik-yonetimi\/wp-content\/uploads\/sites\/10\/2026\/01\/Ekran-goruntusu-2026-01-06-145023.png\" alt=\"\" width=\"1212\" height=\"202\" srcset=\"http:\/\/ticaret.edu.tr\/havacilik-yonetimi\/wp-content\/uploads\/sites\/10\/2026\/01\/Ekran-goruntusu-2026-01-06-145023.png 1212w, http:\/\/ticaret.edu.tr\/havacilik-yonetimi\/wp-content\/uploads\/sites\/10\/2026\/01\/Ekran-goruntusu-2026-01-06-145023-300x50.png 300w, http:\/\/ticaret.edu.tr\/havacilik-yonetimi\/wp-content\/uploads\/sites\/10\/2026\/01\/Ekran-goruntusu-2026-01-06-145023-1024x171.png 1024w, http:\/\/ticaret.edu.tr\/havacilik-yonetimi\/wp-content\/uploads\/sites\/10\/2026\/01\/Ekran-goruntusu-2026-01-06-145023-768x128.png 768w\" sizes=\"(max-width: 1212px) 100vw, 1212px\" \/><\/p>\n","protected":false},"excerpt":{"rendered":"<p>Havac\u0131l\u0131k Y\u00f6netimi b\u00f6l\u00fcm\u00fcm\u00fczde d\u00f6rd\u00fcnc\u00fc s\u0131n\u0131f bahar d\u00f6neminde 2 m\u00fcfredat se\u00e7ene\u011fi bulunmaktad\u0131r. A\u015fa\u011f\u0131daki tabloda m\u00fcfredat se\u00e7enekleri yer almaktad\u0131r. M\u00fcfredat 1&#8242; i tercih eden \u00f6\u011frenciler, \u00fc\u00e7 se\u00e7meli dersle birlikte zorunlu olan \u201cD\u00f6nem Projesi\u201d dersini al\u0131p ge\u00e7mekle y\u00fck\u00fcml\u00fcd\u00fcr. D\u00f6nem Projesi, alanla ilgili olarak yaz\u0131lacak lisans tezinden olu\u015fmaktad\u0131r. \u00d6\u011frenciler dersin \u00f6\u011fretim \u00fcyesi dan\u0131\u015fmanl\u0131\u011f\u0131nda ara\u015ft\u0131rma yaparak ve \u00fcniversitemizin tez yaz\u0131m [&hellip;]<\/p>\n","protected":false},"author":139,"featured_media":0,"parent":0,"menu_order":0,"comment_status":"closed","ping_status":"closed","template":"genel_sayfa.php","meta":{"footnotes":""},"yoast_head":"<!-- This site is optimized with the Yoast SEO Premium plugin v22.1 (Yoast SEO v22.1) - https:\/\/yoast.com\/wordpress\/plugins\/seo\/ -->\n<title>Tasar\u0131m Projesi \/ Bitirme Projesi - Havac\u0131l\u0131k Y\u00f6netimi<\/title>\n<meta name=\"robots\" content=\"index, follow, max-snippet:-1, max-image-preview:large, max-video-preview:-1\" \/>\n<link rel=\"canonical\" href=\"http:\/\/ticaret.edu.tr\/havacilik-yonetimi\/tasarim-projesi-bitirme-projesi\/\" \/>\n<meta property=\"og:locale\" content=\"tr_TR\" \/>\n<meta property=\"og:type\" content=\"article\" \/>\n<meta property=\"og:title\" content=\"Tasar\u0131m Projesi \/ Bitirme Projesi\" \/>\n<meta property=\"og:description\" content=\"Havac\u0131l\u0131k Y\u00f6netimi b\u00f6l\u00fcm\u00fcm\u00fczde d\u00f6rd\u00fcnc\u00fc s\u0131n\u0131f bahar d\u00f6neminde 2 m\u00fcfredat se\u00e7ene\u011fi bulunmaktad\u0131r. A\u015fa\u011f\u0131daki tabloda m\u00fcfredat se\u00e7enekleri yer almaktad\u0131r. M\u00fcfredat 1&#8242; i tercih eden \u00f6\u011frenciler, \u00fc\u00e7 se\u00e7meli dersle birlikte zorunlu olan \u201cD\u00f6nem Projesi\u201d dersini al\u0131p ge\u00e7mekle y\u00fck\u00fcml\u00fcd\u00fcr. D\u00f6nem Projesi, alanla ilgili olarak yaz\u0131lacak lisans tezinden olu\u015fmaktad\u0131r. \u00d6\u011frenciler dersin \u00f6\u011fretim \u00fcyesi dan\u0131\u015fmanl\u0131\u011f\u0131nda ara\u015ft\u0131rma yaparak ve \u00fcniversitemizin tez yaz\u0131m [&hellip;]\" \/>\n<meta property=\"og:url\" content=\"http:\/\/ticaret.edu.tr\/havacilik-yonetimi\/tasarim-projesi-bitirme-projesi\/\" \/>\n<meta property=\"og:site_name\" content=\"Havac\u0131l\u0131k Y\u00f6netimi\" \/>\n<meta property=\"article:publisher\" content=\"https:\/\/www.facebook.com\/ticaretedutr\" \/>\n<meta property=\"article:modified_time\" content=\"2026-01-06T11:51:43+00:00\" \/>\n<meta property=\"og:image\" content=\"http:\/\/ticaret.edu.tr\/havacilik-yonetimi\/wp-content\/uploads\/sites\/10\/2026\/01\/Ekran-goruntusu-2026-01-06-145023.png\" \/>\n<meta name=\"twitter:card\" content=\"summary_large_image\" \/>\n<meta name=\"twitter:site\" content=\"@ticaretedutr\" \/>\n<meta name=\"twitter:label1\" content=\"Tahmini okuma s\u00fcresi\" \/>\n\t<meta name=\"twitter:data1\" content=\"1 dakika\" \/>\n<script type=\"application\/ld+json\" class=\"yoast-schema-graph\">{\"@context\":\"https:\/\/schema.org\",\"@graph\":[{\"@type\":\"WebPage\",\"@id\":\"http:\/\/ticaret.edu.tr\/havacilik-yonetimi\/tasarim-projesi-bitirme-projesi\/\",\"url\":\"http:\/\/ticaret.edu.tr\/havacilik-yonetimi\/tasarim-projesi-bitirme-projesi\/\",\"name\":\"Tasar\u0131m Projesi \/ Bitirme Projesi - Havac\u0131l\u0131k Y\u00f6netimi\",\"isPartOf\":{\"@id\":\"https:\/\/ticaret.edu.tr\/havacilik-yonetimi\/en\/#website\"},\"datePublished\":\"2025-01-26T14:11:56+00:00\",\"dateModified\":\"2026-01-06T11:51:43+00:00\",\"breadcrumb\":{\"@id\":\"http:\/\/ticaret.edu.tr\/havacilik-yonetimi\/tasarim-projesi-bitirme-projesi\/#breadcrumb\"},\"inLanguage\":\"tr\",\"potentialAction\":[{\"@type\":\"ReadAction\",\"target\":[\"http:\/\/ticaret.edu.tr\/havacilik-yonetimi\/tasarim-projesi-bitirme-projesi\/\"]}]},{\"@type\":\"BreadcrumbList\",\"@id\":\"http:\/\/ticaret.edu.tr\/havacilik-yonetimi\/tasarim-projesi-bitirme-projesi\/#breadcrumb\",\"itemListElement\":[{\"@type\":\"ListItem\",\"position\":1,\"name\":\"Ana sayfa\",\"item\":\"https:\/\/ticaret.edu.tr\/havacilik-yonetimi\/\"},{\"@type\":\"ListItem\",\"position\":2,\"name\":\"Tasar\u0131m Projesi \/ Bitirme Projesi\"}]},{\"@type\":\"WebSite\",\"@id\":\"https:\/\/ticaret.edu.tr\/havacilik-yonetimi\/en\/#website\",\"url\":\"https:\/\/ticaret.edu.tr\/havacilik-yonetimi\/en\/\",\"name\":\"Havac\u0131l\u0131k Y\u00f6netimi\",\"description\":\"\",\"potentialAction\":[{\"@type\":\"SearchAction\",\"target\":{\"@type\":\"EntryPoint\",\"urlTemplate\":\"https:\/\/ticaret.edu.tr\/havacilik-yonetimi\/en\/?s={search_term_string}\"},\"query-input\":\"required name=search_term_string\"}],\"inLanguage\":\"tr\"}]}<\/script>\n<!-- \/ Yoast SEO Premium plugin. -->","yoast_head_json":{"title":"Tasar\u0131m Projesi \/ Bitirme Projesi - Havac\u0131l\u0131k Y\u00f6netimi","robots":{"index":"index","follow":"follow","max-snippet":"max-snippet:-1","max-image-preview":"max-image-preview:large","max-video-preview":"max-video-preview:-1"},"canonical":"http:\/\/ticaret.edu.tr\/havacilik-yonetimi\/tasarim-projesi-bitirme-projesi\/","og_locale":"tr_TR","og_type":"article","og_title":"Tasar\u0131m Projesi \/ Bitirme Projesi","og_description":"Havac\u0131l\u0131k Y\u00f6netimi b\u00f6l\u00fcm\u00fcm\u00fczde d\u00f6rd\u00fcnc\u00fc s\u0131n\u0131f bahar d\u00f6neminde 2 m\u00fcfredat se\u00e7ene\u011fi bulunmaktad\u0131r. A\u015fa\u011f\u0131daki tabloda m\u00fcfredat se\u00e7enekleri yer almaktad\u0131r. M\u00fcfredat 1&#8242; i tercih eden \u00f6\u011frenciler, \u00fc\u00e7 se\u00e7meli dersle birlikte zorunlu olan \u201cD\u00f6nem Projesi\u201d dersini al\u0131p ge\u00e7mekle y\u00fck\u00fcml\u00fcd\u00fcr. D\u00f6nem Projesi, alanla ilgili olarak yaz\u0131lacak lisans tezinden olu\u015fmaktad\u0131r. \u00d6\u011frenciler dersin \u00f6\u011fretim \u00fcyesi dan\u0131\u015fmanl\u0131\u011f\u0131nda ara\u015ft\u0131rma yaparak ve \u00fcniversitemizin tez yaz\u0131m [&hellip;]","og_url":"http:\/\/ticaret.edu.tr\/havacilik-yonetimi\/tasarim-projesi-bitirme-projesi\/","og_site_name":"Havac\u0131l\u0131k Y\u00f6netimi","article_publisher":"https:\/\/www.facebook.com\/ticaretedutr","article_modified_time":"2026-01-06T11:51:43+00:00","og_image":[{"url":"http:\/\/ticaret.edu.tr\/havacilik-yonetimi\/wp-content\/uploads\/sites\/10\/2026\/01\/Ekran-goruntusu-2026-01-06-145023.png"}],"twitter_card":"summary_large_image","twitter_site":"@ticaretedutr","twitter_misc":{"Tahmini okuma s\u00fcresi":"1 dakika"},"schema":{"@context":"https:\/\/schema.org","@graph":[{"@type":"WebPage","@id":"http:\/\/ticaret.edu.tr\/havacilik-yonetimi\/tasarim-projesi-bitirme-projesi\/","url":"http:\/\/ticaret.edu.tr\/havacilik-yonetimi\/tasarim-projesi-bitirme-projesi\/","name":"Tasar\u0131m Projesi \/ Bitirme Projesi - Havac\u0131l\u0131k Y\u00f6netimi","isPartOf":{"@id":"https:\/\/ticaret.edu.tr\/havacilik-yonetimi\/en\/#website"},"datePublished":"2025-01-26T14:11:56+00:00","dateModified":"2026-01-06T11:51:43+00:00","breadcrumb":{"@id":"http:\/\/ticaret.edu.tr\/havacilik-yonetimi\/tasarim-projesi-bitirme-projesi\/#breadcrumb"},"inLanguage":"tr","potentialAction":[{"@type":"ReadAction","target":["http:\/\/ticaret.edu.tr\/havacilik-yonetimi\/tasarim-projesi-bitirme-projesi\/"]}]},{"@type":"BreadcrumbList","@id":"http:\/\/ticaret.edu.tr\/havacilik-yonetimi\/tasarim-projesi-bitirme-projesi\/#breadcrumb","itemListElement":[{"@type":"ListItem","position":1,"name":"Ana sayfa","item":"https:\/\/ticaret.edu.tr\/havacilik-yonetimi\/"},{"@type":"ListItem","position":2,"name":"Tasar\u0131m Projesi \/ Bitirme Projesi"}]},{"@type":"WebSite","@id":"https:\/\/ticaret.edu.tr\/havacilik-yonetimi\/en\/#website","url":"https:\/\/ticaret.edu.tr\/havacilik-yonetimi\/en\/","name":"Havac\u0131l\u0131k Y\u00f6netimi","description":"","potentialAction":[{"@type":"SearchAction","target":{"@type":"EntryPoint","urlTemplate":"https:\/\/ticaret.edu.tr\/havacilik-yonetimi\/en\/?s={search_term_string}"},"query-input":"required name=search_term_string"}],"inLanguage":"tr"}]}},"lang":"tr","translations":{"en":1277,"tr":1275},"pll_sync_post":[],"_links":{"self":[{"href":"http:\/\/ticaret.edu.tr\/havacilik-yonetimi\/wp-json\/wp\/v2\/pages\/1275"}],"collection":[{"href":"http:\/\/ticaret.edu.tr\/havacilik-yonetimi\/wp-json\/wp\/v2\/pages"}],"about":[{"href":"http:\/\/ticaret.edu.tr\/havacilik-yonetimi\/wp-json\/wp\/v2\/types\/page"}],"author":[{"embeddable":true,"href":"http:\/\/ticaret.edu.tr\/havacilik-yonetimi\/wp-json\/wp\/v2\/users\/139"}],"replies":[{"embeddable":true,"href":"http:\/\/ticaret.edu.tr\/havacilik-yonetimi\/wp-json\/wp\/v2\/comments?post=1275"}],"version-history":[{"count":4,"href":"http:\/\/ticaret.edu.tr\/havacilik-yonetimi\/wp-json\/wp\/v2\/pages\/1275\/revisions"}],"predecessor-version":[{"id":1886,"href":"http:\/\/ticaret.edu.tr\/havacilik-yonetimi\/wp-json\/wp\/v2\/pages\/1275\/revisions\/1886"}],"wp:attachment":[{"href":"http:\/\/ticaret.edu.tr\/havacilik-yonetimi\/wp-json\/wp\/v2\/media?parent=1275"}],"curies":[{"name":"wp","href":"https:\/\/api.w.org\/{rel}","templated":true}]}}