{"id":1283,"date":"2025-01-26T17:14:00","date_gmt":"2025-01-26T14:14:00","guid":{"rendered":"https:\/\/ticaret.edu.tr\/havacilik-yonetimi\/?page_id=1283"},"modified":"2025-10-20T12:52:36","modified_gmt":"2025-10-20T09:52:36","slug":"mezunlar","status":"publish","type":"page","link":"http:\/\/ticaret.edu.tr\/havacilik-yonetimi\/mezunlar\/","title":{"rendered":"Mezunlar"},"content":{"rendered":"<p>Mezunlar\u0131m\u0131z ile ileti\u015fimimizi devam ettirerek, ki\u015fisel geli\u015fimlerine katk\u0131 sunmaya \u00e7al\u0131\u015fmakta, istihdam s\u00fcre\u00e7lerine yard\u0131mc\u0131 olmakta ve onlardan gelen d\u00f6n\u00fc\u015fler neticesinde s\u00fcre\u00e7lerimizde iyile\u015ftirmeler ger\u00e7ekle\u015ftirmekteyiz.<\/p>\n<h2><strong>Kariyer Dan\u0131\u015fmanl\u0131\u011f\u0131<\/strong><\/h2>\n<p>Kariyer dan\u0131\u015fmanl\u0131\u011f\u0131 deste\u011fi isteyen mezunlar\u0131m\u0131z taleplerini Kariyer Merkezimize ilettikleri takdirde hafta i\u00e7i her g\u00fcn y\u00fcz y\u00fcze veya Skype, zoom gibi platformlar \u00fczerinden birebir olarak online g\u00f6r\u00fcnt\u00fcl\u00fc konu\u015fma metoduyla Kariyer Merkezimizde g\u00f6revli olan ki\u015filer taraf\u0131ndan kariyer dan\u0131\u015fmanl\u0131\u011f\u0131 hizmeti sunulmaktad\u0131r.<\/p>\n<p>Kariyer Dan\u0131\u015fmanl\u0131k deste\u011finde a\u011f\u0131rl\u0131kl\u0131 olarak a\u015fa\u011f\u0131da belirtilen konularda destek olmaktay\u0131z.<\/p>\n<ul>\n<li>CV Olu\u015fturma ve Haz\u0131rlama,<\/li>\n<li>M\u00fclakat \u00d6ncesi Haz\u0131rl\u0131k S\u00fcreci,<\/li>\n<li>M\u00fclakat Tekniklerine Haz\u0131rl\u0131k,<\/li>\n<li>M\u00fclakatta Dikkat Edilmesi Gereken \u0130leti\u015fim Metotlar\u0131,<\/li>\n<li>\u0130\u015f Arama Metotlar\u0131<\/li>\n<\/ul>\n<p>Kariyer Dan\u0131\u015fmanl\u0131\u011f\u0131 taleplerini mezunlar\u0131m\u0131z a\u015fa\u011f\u0131da belirtilen 3 ileti\u015fim kanal\u0131 \u00fczerinden taraf\u0131m\u0131za iletebilirler.<\/p>\n<ul>\n<li>Kariyer Merkezimizin mail adresi olan\u00a0<a href=\"mailto:kariyer@ticaret.edu.tr\">kariyer@ticaret.edu.tr<\/a>\u00a0adresine taleplerini bildirebilirler.<\/li>\n<li>Kariyer merkezimizin sosyal medya hesaplar\u0131 (@ticaretkamer) \u00fczerinden bizlerle ileti\u015fime ge\u00e7erek taleplerini bildirebilirler.<\/li>\n<li>\u00dcniversitemizi 444 0 413 numaras\u0131ndan Kariyer Merkezimize ba\u011flanarak bu taleplerini bildirebilirler.<\/li>\n<\/ul>\n<p>&nbsp;<\/p>\n<h2><strong>Mezun Takip Sistemi<\/strong><\/h2>\n<p>Kariyer Merkezimiz arac\u0131l\u0131\u011f\u0131yla \u2018<strong><u>\u2019kariyer.ticaret.edu.tr\u2019\u2019<\/u><\/strong>\u00a0adresinden giri\u015fi yap\u0131labilen kariyer portal\u0131m\u0131zda yar\u0131 zamanl\u0131 ve tam zamanl\u0131 i\u015f ilanlar\u0131 yay\u0131nlayarak mezunlar\u0131m\u0131z\u0131n i\u015f bulmalar\u0131 hususunda yard\u0131mc\u0131 olmaktay\u0131z. \u0130\u015f ilanlar\u0131na ba\u015fvuru yapabilmek i\u00e7in kariyer portal\u0131m\u0131z\u0131n sa\u011f \u00fcst k\u00f6\u015fesinde yer alan \u201c\u00dcye Ol\u201d butonuna t\u0131klaman\u0131z ve istenilen bilgileri eksiksiz girerek \u00f6zge\u00e7mi\u015finizi olu\u015fturman\u0131z gerekmektedir. \u00d6zge\u00e7mi\u015finizi olu\u015fturduktan sonra kariyer portal\u0131m\u0131z\u0131n yine sa\u011f \u00fcst k\u00f6\u015fesinde yer alan \u201cGiri\u015f Yap\u201d sekmesini t\u0131klaman\u0131z gerekmektedir. Kullan\u0131c\u0131 ad\u0131 ve \u015fifrenizi girdikten sonra kar\u015f\u0131na gelen aktif i\u015f ilanlar\u0131na ba\u015fvurunuzu yapabilirsiniz. Kariyer portal\u0131m\u0131z\u0131 ayn\u0131 zamanda mezun takip sistemi olarak kullanmaktay\u0131z. Bu sayede aktif i\u015f aray\u0131\u015f\u0131 olan mezunlar\u0131m\u0131z i\u00e7in uygun oldu\u011funu d\u00fc\u015f\u00fcnd\u00fc\u011f\u00fcm\u00fcz istihdam ilanlar\u0131n\u0131 y\u00f6nlendirmekteyiz. Ayr\u0131ca portal\u0131m\u0131zda \u201cKariyer Tavsiyeleri\u201d ve \u201cCEO Tavsiyeleri\u201d sekmeleri i\u00e7erisinde i\u015f d\u00fcnyas\u0131ndan bir\u00e7ok ki\u015finin tavsiyelerine yer vermekteyiz. Bu tavsiyeleri inceleyerek sekt\u00f6r hakk\u0131nda bilgi edinebilirsiniz.<\/p>\n<h2><strong>E\u011fitimler ve Teknik Geziler<\/strong><\/h2>\n<p>\u00d6\u011frencilerimizin ve mezunlar\u0131m\u0131z\u0131n ki\u015fisel geli\u015fimlerini artt\u0131rmak amac\u0131yla y\u0131l i\u00e7erisinde \u00e7e\u015fitli e\u011fitimler ve teknik geziler d\u00fczenlemekteyiz. .<\/p>\n<h2><strong>Mezun Memnuniyet Anketi<\/strong><\/h2>\n<p>2021 y\u0131l\u0131 itibariyle sistematik olarak mezunlar\u0131m\u0131z\u0131n \u00fcniversitemizden alm\u0131\u015f oldu\u011fu e\u011fitim ve hizmetlere y\u00f6nelik memnuniyet oranlar\u0131n\u0131 tespit etmeye y\u00f6nelik anket uygulamas\u0131n\u0131 hayata ge\u00e7irmi\u015f bulunmaktay\u0131z. Anket uygulamam\u0131z ile mezunlar\u0131m\u0131z\u0131n g\u00f6r\u00fc\u015f ve \u00f6nerilerini de alarak s\u00fcre\u00e7lerimizi iyile\u015ftirmeye \u00e7al\u0131\u015fmaktay\u0131z.<\/p>\n<h2><strong>Mezun Bulu\u015fmalar\u0131<\/strong><\/h2>\n<p>Y\u0131l i\u00e7erisinde Rekt\u00f6r\u00fcm\u00fcz, M\u00fctevelli Ba\u015fkan\u0131m\u0131z ve \u0130TO Ba\u015fkan\u0131m\u0131z\u0131n ayr\u0131 programlarda mezunlar\u0131m\u0131z ile bir araya geldikleri etkinliklerdir. Bu bulu\u015fmalarda konuklar\u0131m\u0131z tecr\u00fcbe ve deneyimlerini aktar\u0131rken, mezunlar\u0131m\u0131zdan gelen sorular\u0131 yan\u0131tlamaktad\u0131rlar.<\/p>\n<h2><strong>Online Mezun Sohbetleri<\/strong><\/h2>\n<p>Online Mezun Sohbetleri etkinli\u011fimizde i\u015f d\u00fcnyas\u0131nda aktif olarak bulunan mezunlar\u0131m\u0131z ile online platformda bir araya gelmekteyiz. Mezunlar\u0131m\u0131z\u0131n \u00fcniversite d\u00f6neminden, i\u015fe hayat\u0131na ba\u015flad\u0131\u011f\u0131 d\u00f6neme kadar kazanm\u0131\u015f olduklar\u0131 deneyimlerini bu etkinli\u011fimizde payla\u015fmaktay\u0131z. \u00d6zellikle a\u015fa\u011f\u0131da belirtmi\u015f oldu\u011fumuz soru ba\u015fl\u0131klar\u0131n\u0131 mezunlar\u0131m\u0131za y\u00f6nlendirerek g\u00f6r\u00fc\u015f ve \u00f6nerilerini kat\u0131l\u0131mc\u0131lar\u0131m\u0131z ile payla\u015fmaktay\u0131z.<\/p>\n<ul>\n<li>\u00dcniversitede okuyan \u00f6\u011frenciler \u015fimdiden i\u015f hayat\u0131na nas\u0131l haz\u0131rlanmal\u0131?<\/li>\n<li>Yeni mezunlar i\u015f ararken en \u00e7ok hangi hatalar\u0131 yapmaktalar?<\/li>\n<li>Yeni mezunlar\u0131n m\u00fclakat s\u00fcrecinde en \u00e7ok dikkat etmesi gereken hususlar nelerdir?<\/li>\n<\/ul>\n<p>Bu etkinli\u011fimiz t\u00fcm mezunlar\u0131m\u0131z\u0131n kat\u0131l\u0131m\u0131na a\u00e7\u0131k bir etkinliktir. Kariyer Merkezimizin @ticaretkamer instagram hesab\u0131n\u0131 takip ederek bug\u00fcne kadar yap\u0131lm\u0131\u015f olan Online Mezun Sohbetlerine ula\u015f\u0131m sa\u011flayabilir ve bundan sonra ger\u00e7ekle\u015fecek olan etkinliklerimizin takibini yapabilirsiniz.<\/p>\n<h2><strong>Online Kariyer Sohbetleri<\/strong><\/h2>\n<p>Online Kariyer Sohbetleri etkinli\u011fimizde i\u015f d\u00fcnyas\u0131ndan ki\u015filer ile online platformda bir araya gelmekteyiz. Online kariyer sohbetlerimizi a\u015fa\u011f\u0131da belirtmi\u015f oldu\u011fumuz konu ba\u015fl\u0131klar\u0131 \u00fczerinden ger\u00e7ekle\u015ftirmekteyiz.<\/p>\n<ul>\n<li>Sekt\u00f6r\u00fcn Trendleri<\/li>\n<li>Adaylarda Aranan Yetkinlikler<\/li>\n<li>\u0130\u015fe Al\u0131m S\u00fcre\u00e7leri<\/li>\n<li>Oryantasyon S\u00fcre\u00e7leri<\/li>\n<li>Kurum \u0130\u00e7i E\u011fitim Uygulamalar\u0131<\/li>\n<li>Kariyer ve Terfi Olanaklar\u0131<\/li>\n<li>Kariyer Tavsiyeleri<\/li>\n<\/ul>\n<p>Bu etkinli\u011fimiz t\u00fcm mezunlar\u0131m\u0131z\u0131n kat\u0131l\u0131m\u0131na a\u00e7\u0131k bir etkinliktir. Kariyer Merkezimizin @ticaretkamer instagram hesab\u0131n\u0131 takip ederek bug\u00fcne kadar yap\u0131lm\u0131\u015f olan Online Kariyer Sohbetlerine ula\u015f\u0131m sa\u011flayabilir ve bundan sonra ger\u00e7ekle\u015fecek olan etkinliklerimizin takibini yapabilirsiniz.<\/p>\n<h2><strong>Online STK Sohbetleri<\/strong><\/h2>\n<p>Sivil toplum kurulu\u015fu yetkilileri ile online platformda Online Sivil Toplum Kurulu\u015fu Sohbeti etkinli\u011fi ger\u00e7ekle\u015ftirmekteyiz. Bu etkinli\u011fimizde \u00f6zellikle g\u00f6n\u00fcll\u00fcl\u00fck faaliyetlerinin \u00f6nemi ve toplumsal faydas\u0131 konular\u0131 \u00fczerinde durmaktay\u0131z. Ayr\u0131ca etkinli\u011fimizde a\u015fa\u011f\u0131da belirtmi\u015f bulundu\u011fumuz konu ba\u015fl\u0131klar\u0131 \u00fczerine konuklar\u0131m\u0131zdan bilgiler almaktay\u0131z.<\/p>\n<ul>\n<li>Sosyal Sorumluluk \u00c7al\u0131\u015fmalar\u0131n\u0131n \u00d6nemi<\/li>\n<li>G\u00f6n\u00fcll\u00fcl\u00fck Faaliyetlerinin Kazand\u0131rd\u0131\u011f\u0131 Yetkinlikler<\/li>\n<li>Sivil Toplum Kurulu\u015flar\u0131n\u0131n Ortak Y\u00fcr\u00fctt\u00fc\u011f\u00fc \u00c7al\u0131\u015fmalar<\/li>\n<li>Ekip \u00c7al\u0131\u015fmas\u0131n\u0131n \u00d6nemi<\/li>\n<\/ul>\n<p>Bu etkinli\u011fimiz t\u00fcm mezunlar\u0131m\u0131z\u0131n kat\u0131l\u0131m\u0131na a\u00e7\u0131k bir etkinliktir. Kariyer Merkezimizin @ticaretkamer instagram hesab\u0131n\u0131 takip ederek bug\u00fcne kadar yap\u0131lm\u0131\u015f olan Online STK Sohbetlerine ula\u015f\u0131m sa\u011flayabilir ve bundan sonra ger\u00e7ekle\u015fecek olan etkinliklerimizin takibini yapabilirsiniz.<\/p>\n<h2><strong>Online Kitap Sohbetleri<\/strong><\/h2>\n<p>Online Kitap Sohbeti etkinli\u011fimizde Kariyer Merkezimizin @ticaretkamer instagram hesab\u0131 \u00fczerinden canl\u0131 yay\u0131n yaparak okumu\u015f oldu\u011fumuz bir kitab\u0131n \u00f6zetini \u00f6\u011frencilerimiz ve mezunlar\u0131m\u0131z ile payla\u015fmaktay\u0131z. Bu faaliyetimiz ile \u00f6\u011frencilerimize ve mezunlar\u0131m\u0131za kitap okuma al\u0131\u015fkanl\u0131\u011f\u0131 kazand\u0131rmak ve \u00f6nemli eserler hakk\u0131nda bilgilerinin olmas\u0131n\u0131 sa\u011flamak en \u00f6nemli ama\u00e7lar\u0131m\u0131z aras\u0131ndad\u0131r. Bu faaliyetimize t\u00fcm mezunlar\u0131m\u0131z\u0131n kat\u0131l\u0131m\u0131na a\u00e7\u0131k bir etkinliktir. Bu etkinli\u011fimiz t\u00fcm mezunlar\u0131m\u0131z\u0131n kat\u0131l\u0131m\u0131na a\u00e7\u0131k bir etkinliktir. Kariyer Merkezimizin @ticaretkamer instagram hesab\u0131n\u0131 takip ederek bug\u00fcne kadar yap\u0131lm\u0131\u015f olan Online Kitap Sohbetlerine ula\u015f\u0131m sa\u011flayabilir ve bundan sonra ger\u00e7ekle\u015fecek olan etkinliklerimizin takibini yapabilirsiniz.<\/p>\n<h2><strong>Kariyer G\u00fcnleri<\/strong><\/h2>\n<p>Kariyer G\u00fcnleri, her y\u0131l geleneksel olarak ulusal ve uluslararas\u0131 \u00f6nc\u00fc firmalar\u0131n kat\u0131l\u0131m\u0131yla ger\u00e7ekle\u015ftirmi\u015f oldu\u011fumuz bir etkinli\u011fimizdir. Bu etkinli\u011fimizde \u00f6\u011frencilerimizin ve mezunlar\u0131m\u0131z\u0131n kat\u0131l\u0131mc\u0131 firmalarla tan\u0131\u015fmas\u0131na olanak sa\u011flanmaktad\u0131r. Pandemi ko\u015fullar\u0131ndan dolay\u0131 2021 y\u0131l\u0131nda d\u00fczenleyece\u011fimiz Kariyer G\u00fcn\u00fc etkinli\u011fimizi online olarak ger\u00e7ekle\u015ftirece\u011fiz. \u00dcniversitemizin zoom hesab\u0131 \u00fczerinden ger\u00e7ekle\u015fecek olan etkinli\u011fimiz ayn\u0131 zamanda \u00fcniversitemizin youtube hesab\u0131 \u00fczerinden de canl\u0131 olarak yay\u0131nlanacakt\u0131r. Kariyer g\u00fcn\u00fc etkinli\u011fimizde firma yetkilileri gelecek sorular haricinde a\u015fa\u011f\u0131daki konular hakk\u0131nda a\u00e7\u0131klamalarda bulunacakt\u0131r.<\/p>\n<ul>\n<li>Firmalar\u0131n tan\u0131t\u0131m\u0131<\/li>\n<li>\u0130\u015fe al\u0131m s\u00fcre\u00e7leri<\/li>\n<li>Sekt\u00f6rel trendleri<\/li>\n<li>E\u011fitim s\u00fcre\u00e7leri ve oryantasyon uygulamalar\u0131<\/li>\n<li>Dikey ve yatay kariyer olanaklar\u0131<\/li>\n<li>Kariyer tavsiyeleri<\/li>\n<\/ul>\n<p>Bu etkinli\u011fimiz t\u00fcm mezunlar\u0131m\u0131z\u0131n kat\u0131l\u0131m\u0131na a\u00e7\u0131k bir etkinliktir. Etkinlik duyurumuzu \u00dcniversitemizin ve Kariyer Merkezimizin sosyal medya hesaplar\u0131 \u00fczerinden ger\u00e7ekle\u015ftirece\u011fiz.<\/p>\n","protected":false},"excerpt":{"rendered":"<p>Mezunlar\u0131m\u0131z ile ileti\u015fimimizi devam ettirerek, ki\u015fisel geli\u015fimlerine katk\u0131 sunmaya \u00e7al\u0131\u015fmakta, istihdam s\u00fcre\u00e7lerine yard\u0131mc\u0131 olmakta ve onlardan gelen d\u00f6n\u00fc\u015fler neticesinde s\u00fcre\u00e7lerimizde iyile\u015ftirmeler ger\u00e7ekle\u015ftirmekteyiz. Kariyer Dan\u0131\u015fmanl\u0131\u011f\u0131 Kariyer dan\u0131\u015fmanl\u0131\u011f\u0131 deste\u011fi isteyen mezunlar\u0131m\u0131z taleplerini Kariyer Merkezimize ilettikleri takdirde hafta i\u00e7i her g\u00fcn y\u00fcz y\u00fcze veya Skype, zoom gibi platformlar \u00fczerinden birebir olarak online g\u00f6r\u00fcnt\u00fcl\u00fc konu\u015fma metoduyla Kariyer Merkezimizde g\u00f6revli [&hellip;]<\/p>\n","protected":false},"author":139,"featured_media":0,"parent":0,"menu_order":0,"comment_status":"closed","ping_status":"closed","template":"genel_sayfa.php","meta":{"footnotes":""},"yoast_head":"<!-- This site is optimized with the Yoast SEO Premium plugin v22.1 (Yoast SEO v22.1) - https:\/\/yoast.com\/wordpress\/plugins\/seo\/ -->\n<title>Mezunlar - Havac\u0131l\u0131k Y\u00f6netimi<\/title>\n<meta name=\"robots\" content=\"index, follow, max-snippet:-1, max-image-preview:large, max-video-preview:-1\" \/>\n<link rel=\"canonical\" href=\"http:\/\/ticaret.edu.tr\/havacilik-yonetimi\/mezunlar\/\" \/>\n<meta property=\"og:locale\" content=\"tr_TR\" \/>\n<meta property=\"og:type\" content=\"article\" \/>\n<meta property=\"og:title\" content=\"Mezunlar\" \/>\n<meta property=\"og:description\" content=\"Mezunlar\u0131m\u0131z ile ileti\u015fimimizi devam ettirerek, ki\u015fisel geli\u015fimlerine katk\u0131 sunmaya \u00e7al\u0131\u015fmakta, istihdam s\u00fcre\u00e7lerine yard\u0131mc\u0131 olmakta ve onlardan gelen d\u00f6n\u00fc\u015fler neticesinde s\u00fcre\u00e7lerimizde iyile\u015ftirmeler ger\u00e7ekle\u015ftirmekteyiz. Kariyer Dan\u0131\u015fmanl\u0131\u011f\u0131 Kariyer dan\u0131\u015fmanl\u0131\u011f\u0131 deste\u011fi isteyen mezunlar\u0131m\u0131z taleplerini Kariyer Merkezimize ilettikleri takdirde hafta i\u00e7i her g\u00fcn y\u00fcz y\u00fcze veya Skype, zoom gibi platformlar \u00fczerinden birebir olarak online g\u00f6r\u00fcnt\u00fcl\u00fc konu\u015fma metoduyla Kariyer Merkezimizde g\u00f6revli [&hellip;]\" \/>\n<meta property=\"og:url\" content=\"http:\/\/ticaret.edu.tr\/havacilik-yonetimi\/mezunlar\/\" \/>\n<meta property=\"og:site_name\" content=\"Havac\u0131l\u0131k Y\u00f6netimi\" \/>\n<meta property=\"article:publisher\" content=\"https:\/\/www.facebook.com\/ticaretedutr\" \/>\n<meta property=\"article:modified_time\" content=\"2025-10-20T09:52:36+00:00\" \/>\n<meta property=\"og:image\" content=\"http:\/\/ticaret.edu.tr\/havacilik-yonetimi\/wp-content\/uploads\/sites\/10\/2021\/11\/web_logo-01.jpg\" \/>\n\t<meta property=\"og:image:width\" content=\"1250\" \/>\n\t<meta property=\"og:image:height\" content=\"833\" \/>\n\t<meta property=\"og:image:type\" content=\"image\/jpeg\" \/>\n<meta name=\"twitter:card\" content=\"summary_large_image\" \/>\n<meta name=\"twitter:site\" content=\"@ticaretedutr\" \/>\n<meta name=\"twitter:label1\" content=\"Tahmini okuma s\u00fcresi\" \/>\n\t<meta name=\"twitter:data1\" content=\"5 dakika\" \/>\n<script type=\"application\/ld+json\" class=\"yoast-schema-graph\">{\"@context\":\"https:\/\/schema.org\",\"@graph\":[{\"@type\":\"WebPage\",\"@id\":\"http:\/\/ticaret.edu.tr\/havacilik-yonetimi\/mezunlar\/\",\"url\":\"http:\/\/ticaret.edu.tr\/havacilik-yonetimi\/mezunlar\/\",\"name\":\"Mezunlar - Havac\u0131l\u0131k Y\u00f6netimi\",\"isPartOf\":{\"@id\":\"https:\/\/ticaret.edu.tr\/havacilik-yonetimi\/en\/#website\"},\"datePublished\":\"2025-01-26T14:14:00+00:00\",\"dateModified\":\"2025-10-20T09:52:36+00:00\",\"breadcrumb\":{\"@id\":\"http:\/\/ticaret.edu.tr\/havacilik-yonetimi\/mezunlar\/#breadcrumb\"},\"inLanguage\":\"tr\",\"potentialAction\":[{\"@type\":\"ReadAction\",\"target\":[\"http:\/\/ticaret.edu.tr\/havacilik-yonetimi\/mezunlar\/\"]}]},{\"@type\":\"BreadcrumbList\",\"@id\":\"http:\/\/ticaret.edu.tr\/havacilik-yonetimi\/mezunlar\/#breadcrumb\",\"itemListElement\":[{\"@type\":\"ListItem\",\"position\":1,\"name\":\"Ana sayfa\",\"item\":\"https:\/\/ticaret.edu.tr\/havacilik-yonetimi\/\"},{\"@type\":\"ListItem\",\"position\":2,\"name\":\"Mezunlar\"}]},{\"@type\":\"WebSite\",\"@id\":\"https:\/\/ticaret.edu.tr\/havacilik-yonetimi\/en\/#website\",\"url\":\"https:\/\/ticaret.edu.tr\/havacilik-yonetimi\/en\/\",\"name\":\"Havac\u0131l\u0131k Y\u00f6netimi\",\"description\":\"\",\"potentialAction\":[{\"@type\":\"SearchAction\",\"target\":{\"@type\":\"EntryPoint\",\"urlTemplate\":\"https:\/\/ticaret.edu.tr\/havacilik-yonetimi\/en\/?s={search_term_string}\"},\"query-input\":\"required name=search_term_string\"}],\"inLanguage\":\"tr\"}]}<\/script>\n<!-- \/ Yoast SEO Premium plugin. -->","yoast_head_json":{"title":"Mezunlar - Havac\u0131l\u0131k Y\u00f6netimi","robots":{"index":"index","follow":"follow","max-snippet":"max-snippet:-1","max-image-preview":"max-image-preview:large","max-video-preview":"max-video-preview:-1"},"canonical":"http:\/\/ticaret.edu.tr\/havacilik-yonetimi\/mezunlar\/","og_locale":"tr_TR","og_type":"article","og_title":"Mezunlar","og_description":"Mezunlar\u0131m\u0131z ile ileti\u015fimimizi devam ettirerek, ki\u015fisel geli\u015fimlerine katk\u0131 sunmaya \u00e7al\u0131\u015fmakta, istihdam s\u00fcre\u00e7lerine yard\u0131mc\u0131 olmakta ve onlardan gelen d\u00f6n\u00fc\u015fler neticesinde s\u00fcre\u00e7lerimizde iyile\u015ftirmeler ger\u00e7ekle\u015ftirmekteyiz. Kariyer Dan\u0131\u015fmanl\u0131\u011f\u0131 Kariyer dan\u0131\u015fmanl\u0131\u011f\u0131 deste\u011fi isteyen mezunlar\u0131m\u0131z taleplerini Kariyer Merkezimize ilettikleri takdirde hafta i\u00e7i her g\u00fcn y\u00fcz y\u00fcze veya Skype, zoom gibi platformlar \u00fczerinden birebir olarak online g\u00f6r\u00fcnt\u00fcl\u00fc konu\u015fma metoduyla Kariyer Merkezimizde g\u00f6revli [&hellip;]","og_url":"http:\/\/ticaret.edu.tr\/havacilik-yonetimi\/mezunlar\/","og_site_name":"Havac\u0131l\u0131k Y\u00f6netimi","article_publisher":"https:\/\/www.facebook.com\/ticaretedutr","article_modified_time":"2025-10-20T09:52:36+00:00","og_image":[{"width":1250,"height":833,"url":"http:\/\/ticaret.edu.tr\/havacilik-yonetimi\/wp-content\/uploads\/sites\/10\/2021\/11\/web_logo-01.jpg","type":"image\/jpeg"}],"twitter_card":"summary_large_image","twitter_site":"@ticaretedutr","twitter_misc":{"Tahmini okuma s\u00fcresi":"5 dakika"},"schema":{"@context":"https:\/\/schema.org","@graph":[{"@type":"WebPage","@id":"http:\/\/ticaret.edu.tr\/havacilik-yonetimi\/mezunlar\/","url":"http:\/\/ticaret.edu.tr\/havacilik-yonetimi\/mezunlar\/","name":"Mezunlar - Havac\u0131l\u0131k Y\u00f6netimi","isPartOf":{"@id":"https:\/\/ticaret.edu.tr\/havacilik-yonetimi\/en\/#website"},"datePublished":"2025-01-26T14:14:00+00:00","dateModified":"2025-10-20T09:52:36+00:00","breadcrumb":{"@id":"http:\/\/ticaret.edu.tr\/havacilik-yonetimi\/mezunlar\/#breadcrumb"},"inLanguage":"tr","potentialAction":[{"@type":"ReadAction","target":["http:\/\/ticaret.edu.tr\/havacilik-yonetimi\/mezunlar\/"]}]},{"@type":"BreadcrumbList","@id":"http:\/\/ticaret.edu.tr\/havacilik-yonetimi\/mezunlar\/#breadcrumb","itemListElement":[{"@type":"ListItem","position":1,"name":"Ana sayfa","item":"https:\/\/ticaret.edu.tr\/havacilik-yonetimi\/"},{"@type":"ListItem","position":2,"name":"Mezunlar"}]},{"@type":"WebSite","@id":"https:\/\/ticaret.edu.tr\/havacilik-yonetimi\/en\/#website","url":"https:\/\/ticaret.edu.tr\/havacilik-yonetimi\/en\/","name":"Havac\u0131l\u0131k Y\u00f6netimi","description":"","potentialAction":[{"@type":"SearchAction","target":{"@type":"EntryPoint","urlTemplate":"https:\/\/ticaret.edu.tr\/havacilik-yonetimi\/en\/?s={search_term_string}"},"query-input":"required name=search_term_string"}],"inLanguage":"tr"}]}},"lang":"tr","translations":{"en":1285,"tr":1283},"pll_sync_post":[],"_links":{"self":[{"href":"http:\/\/ticaret.edu.tr\/havacilik-yonetimi\/wp-json\/wp\/v2\/pages\/1283"}],"collection":[{"href":"http:\/\/ticaret.edu.tr\/havacilik-yonetimi\/wp-json\/wp\/v2\/pages"}],"about":[{"href":"http:\/\/ticaret.edu.tr\/havacilik-yonetimi\/wp-json\/wp\/v2\/types\/page"}],"author":[{"embeddable":true,"href":"http:\/\/ticaret.edu.tr\/havacilik-yonetimi\/wp-json\/wp\/v2\/users\/139"}],"replies":[{"embeddable":true,"href":"http:\/\/ticaret.edu.tr\/havacilik-yonetimi\/wp-json\/wp\/v2\/comments?post=1283"}],"version-history":[{"count":2,"href":"http:\/\/ticaret.edu.tr\/havacilik-yonetimi\/wp-json\/wp\/v2\/pages\/1283\/revisions"}],"predecessor-version":[{"id":1803,"href":"http:\/\/ticaret.edu.tr\/havacilik-yonetimi\/wp-json\/wp\/v2\/pages\/1283\/revisions\/1803"}],"wp:attachment":[{"href":"http:\/\/ticaret.edu.tr\/havacilik-yonetimi\/wp-json\/wp\/v2\/media?parent=1283"}],"curies":[{"name":"wp","href":"https:\/\/api.w.org\/{rel}","templated":true}]}}