{"id":1293,"date":"2025-01-26T17:20:46","date_gmt":"2025-01-26T14:20:46","guid":{"rendered":"https:\/\/ticaret.edu.tr\/havacilik-yonetimi\/?page_id=1293"},"modified":"2025-10-20T12:55:42","modified_gmt":"2025-10-20T09:55:42","slug":"lisansustu-genel-bilgi","status":"publish","type":"page","link":"http:\/\/ticaret.edu.tr\/havacilik-yonetimi\/lisansustu-genel-bilgi\/","title":{"rendered":"Genel Bilgi"},"content":{"rendered":"<p>Havac\u0131l\u0131k Y\u00f6netimi y\u00fcksek lisans programlar\u0131ndan mezun olan bireyler, \u00fclkemizin uluslararas\u0131 anlamda bir havac\u0131l\u0131k merkezi haline d\u00f6n\u00fc\u015fme s\u00fcreci devam ederken; sadece havac\u0131l\u0131k sekt\u00f6r\u00fcnde faaliyet g\u00f6steren firmalardaki operasyonlarda g\u00f6rev alacak y\u00f6netici ihtiyac\u0131n\u0131 de\u011fil, imalat ve hizmet sekt\u00f6r\u00fcndeki firmalar\u0131n tedarik zincirlerine ili\u015fkin problemleri \u00e7\u00f6zebilecek nitelikte uzmanlara olan ihtiyac\u0131 da kar\u015f\u0131layacaklard\u0131r.\u00a0 Bununla birlikte <strong>tezli ve tezsiz\u00a0 y\u00fcksek lisans program\u0131ndan <\/strong>mezun olan \u00f6\u011frencilerimiz akademik kariyer yapma imkan\u0131 bulmaktad\u0131r.<\/p>\n","protected":false},"excerpt":{"rendered":"<p>Havac\u0131l\u0131k Y\u00f6netimi y\u00fcksek lisans programlar\u0131ndan mezun olan bireyler, \u00fclkemizin uluslararas\u0131 anlamda bir havac\u0131l\u0131k merkezi haline d\u00f6n\u00fc\u015fme s\u00fcreci devam ederken; sadece havac\u0131l\u0131k sekt\u00f6r\u00fcnde faaliyet g\u00f6steren firmalardaki operasyonlarda g\u00f6rev alacak y\u00f6netici ihtiyac\u0131n\u0131 de\u011fil, imalat ve hizmet sekt\u00f6r\u00fcndeki firmalar\u0131n tedarik zincirlerine ili\u015fkin problemleri \u00e7\u00f6zebilecek nitelikte uzmanlara olan ihtiyac\u0131 da kar\u015f\u0131layacaklard\u0131r.\u00a0 Bununla birlikte tezli ve tezsiz\u00a0 y\u00fcksek lisans program\u0131ndan [&hellip;]<\/p>\n","protected":false},"author":139,"featured_media":0,"parent":0,"menu_order":0,"comment_status":"closed","ping_status":"closed","template":"genel_sayfa.php","meta":{"footnotes":""},"yoast_head":"<!-- This site is optimized with the Yoast SEO Premium plugin v22.1 (Yoast SEO v22.1) - https:\/\/yoast.com\/wordpress\/plugins\/seo\/ -->\n<title>Genel Bilgi - Havac\u0131l\u0131k Y\u00f6netimi<\/title>\n<meta name=\"robots\" content=\"index, follow, max-snippet:-1, max-image-preview:large, max-video-preview:-1\" \/>\n<link rel=\"canonical\" href=\"http:\/\/ticaret.edu.tr\/havacilik-yonetimi\/lisansustu-genel-bilgi\/\" \/>\n<meta property=\"og:locale\" content=\"tr_TR\" \/>\n<meta property=\"og:type\" content=\"article\" \/>\n<meta property=\"og:title\" content=\"Genel Bilgi\" \/>\n<meta property=\"og:description\" content=\"Havac\u0131l\u0131k Y\u00f6netimi y\u00fcksek lisans programlar\u0131ndan mezun olan bireyler, \u00fclkemizin uluslararas\u0131 anlamda bir havac\u0131l\u0131k merkezi haline d\u00f6n\u00fc\u015fme s\u00fcreci devam ederken; sadece havac\u0131l\u0131k sekt\u00f6r\u00fcnde faaliyet g\u00f6steren firmalardaki operasyonlarda g\u00f6rev alacak y\u00f6netici ihtiyac\u0131n\u0131 de\u011fil, imalat ve hizmet sekt\u00f6r\u00fcndeki firmalar\u0131n tedarik zincirlerine ili\u015fkin problemleri \u00e7\u00f6zebilecek nitelikte uzmanlara olan ihtiyac\u0131 da kar\u015f\u0131layacaklard\u0131r.\u00a0 Bununla birlikte tezli ve tezsiz\u00a0 y\u00fcksek lisans program\u0131ndan [&hellip;]\" \/>\n<meta property=\"og:url\" content=\"http:\/\/ticaret.edu.tr\/havacilik-yonetimi\/lisansustu-genel-bilgi\/\" \/>\n<meta property=\"og:site_name\" content=\"Havac\u0131l\u0131k Y\u00f6netimi\" \/>\n<meta property=\"article:publisher\" content=\"https:\/\/www.facebook.com\/ticaretedutr\" \/>\n<meta property=\"article:modified_time\" content=\"2025-10-20T09:55:42+00:00\" \/>\n<meta property=\"og:image\" content=\"http:\/\/ticaret.edu.tr\/havacilik-yonetimi\/wp-content\/uploads\/sites\/10\/2021\/11\/web_logo-01.jpg\" \/>\n\t<meta property=\"og:image:width\" content=\"1250\" \/>\n\t<meta property=\"og:image:height\" content=\"833\" \/>\n\t<meta property=\"og:image:type\" content=\"image\/jpeg\" \/>\n<meta name=\"twitter:card\" content=\"summary_large_image\" \/>\n<meta name=\"twitter:site\" content=\"@ticaretedutr\" \/>\n<meta name=\"twitter:label1\" content=\"Tahmini okuma s\u00fcresi\" \/>\n\t<meta name=\"twitter:data1\" content=\"1 dakika\" \/>\n<script type=\"application\/ld+json\" class=\"yoast-schema-graph\">{\"@context\":\"https:\/\/schema.org\",\"@graph\":[{\"@type\":\"WebPage\",\"@id\":\"http:\/\/ticaret.edu.tr\/havacilik-yonetimi\/lisansustu-genel-bilgi\/\",\"url\":\"http:\/\/ticaret.edu.tr\/havacilik-yonetimi\/lisansustu-genel-bilgi\/\",\"name\":\"Genel Bilgi - Havac\u0131l\u0131k Y\u00f6netimi\",\"isPartOf\":{\"@id\":\"https:\/\/ticaret.edu.tr\/havacilik-yonetimi\/en\/#website\"},\"datePublished\":\"2025-01-26T14:20:46+00:00\",\"dateModified\":\"2025-10-20T09:55:42+00:00\",\"breadcrumb\":{\"@id\":\"http:\/\/ticaret.edu.tr\/havacilik-yonetimi\/lisansustu-genel-bilgi\/#breadcrumb\"},\"inLanguage\":\"tr\",\"potentialAction\":[{\"@type\":\"ReadAction\",\"target\":[\"http:\/\/ticaret.edu.tr\/havacilik-yonetimi\/lisansustu-genel-bilgi\/\"]}]},{\"@type\":\"BreadcrumbList\",\"@id\":\"http:\/\/ticaret.edu.tr\/havacilik-yonetimi\/lisansustu-genel-bilgi\/#breadcrumb\",\"itemListElement\":[{\"@type\":\"ListItem\",\"position\":1,\"name\":\"Ana sayfa\",\"item\":\"https:\/\/ticaret.edu.tr\/havacilik-yonetimi\/\"},{\"@type\":\"ListItem\",\"position\":2,\"name\":\"Genel Bilgi\"}]},{\"@type\":\"WebSite\",\"@id\":\"https:\/\/ticaret.edu.tr\/havacilik-yonetimi\/en\/#website\",\"url\":\"https:\/\/ticaret.edu.tr\/havacilik-yonetimi\/en\/\",\"name\":\"Havac\u0131l\u0131k Y\u00f6netimi\",\"description\":\"\",\"potentialAction\":[{\"@type\":\"SearchAction\",\"target\":{\"@type\":\"EntryPoint\",\"urlTemplate\":\"https:\/\/ticaret.edu.tr\/havacilik-yonetimi\/en\/?s={search_term_string}\"},\"query-input\":\"required name=search_term_string\"}],\"inLanguage\":\"tr\"}]}<\/script>\n<!-- \/ Yoast SEO Premium plugin. -->","yoast_head_json":{"title":"Genel Bilgi - Havac\u0131l\u0131k Y\u00f6netimi","robots":{"index":"index","follow":"follow","max-snippet":"max-snippet:-1","max-image-preview":"max-image-preview:large","max-video-preview":"max-video-preview:-1"},"canonical":"http:\/\/ticaret.edu.tr\/havacilik-yonetimi\/lisansustu-genel-bilgi\/","og_locale":"tr_TR","og_type":"article","og_title":"Genel Bilgi","og_description":"Havac\u0131l\u0131k Y\u00f6netimi y\u00fcksek lisans programlar\u0131ndan mezun olan bireyler, \u00fclkemizin uluslararas\u0131 anlamda bir havac\u0131l\u0131k merkezi haline d\u00f6n\u00fc\u015fme s\u00fcreci devam ederken; sadece havac\u0131l\u0131k sekt\u00f6r\u00fcnde faaliyet g\u00f6steren firmalardaki operasyonlarda g\u00f6rev alacak y\u00f6netici ihtiyac\u0131n\u0131 de\u011fil, imalat ve hizmet sekt\u00f6r\u00fcndeki firmalar\u0131n tedarik zincirlerine ili\u015fkin problemleri \u00e7\u00f6zebilecek nitelikte uzmanlara olan ihtiyac\u0131 da kar\u015f\u0131layacaklard\u0131r.\u00a0 Bununla birlikte tezli ve tezsiz\u00a0 y\u00fcksek lisans program\u0131ndan [&hellip;]","og_url":"http:\/\/ticaret.edu.tr\/havacilik-yonetimi\/lisansustu-genel-bilgi\/","og_site_name":"Havac\u0131l\u0131k Y\u00f6netimi","article_publisher":"https:\/\/www.facebook.com\/ticaretedutr","article_modified_time":"2025-10-20T09:55:42+00:00","og_image":[{"width":1250,"height":833,"url":"http:\/\/ticaret.edu.tr\/havacilik-yonetimi\/wp-content\/uploads\/sites\/10\/2021\/11\/web_logo-01.jpg","type":"image\/jpeg"}],"twitter_card":"summary_large_image","twitter_site":"@ticaretedutr","twitter_misc":{"Tahmini okuma s\u00fcresi":"1 dakika"},"schema":{"@context":"https:\/\/schema.org","@graph":[{"@type":"WebPage","@id":"http:\/\/ticaret.edu.tr\/havacilik-yonetimi\/lisansustu-genel-bilgi\/","url":"http:\/\/ticaret.edu.tr\/havacilik-yonetimi\/lisansustu-genel-bilgi\/","name":"Genel Bilgi - Havac\u0131l\u0131k Y\u00f6netimi","isPartOf":{"@id":"https:\/\/ticaret.edu.tr\/havacilik-yonetimi\/en\/#website"},"datePublished":"2025-01-26T14:20:46+00:00","dateModified":"2025-10-20T09:55:42+00:00","breadcrumb":{"@id":"http:\/\/ticaret.edu.tr\/havacilik-yonetimi\/lisansustu-genel-bilgi\/#breadcrumb"},"inLanguage":"tr","potentialAction":[{"@type":"ReadAction","target":["http:\/\/ticaret.edu.tr\/havacilik-yonetimi\/lisansustu-genel-bilgi\/"]}]},{"@type":"BreadcrumbList","@id":"http:\/\/ticaret.edu.tr\/havacilik-yonetimi\/lisansustu-genel-bilgi\/#breadcrumb","itemListElement":[{"@type":"ListItem","position":1,"name":"Ana sayfa","item":"https:\/\/ticaret.edu.tr\/havacilik-yonetimi\/"},{"@type":"ListItem","position":2,"name":"Genel Bilgi"}]},{"@type":"WebSite","@id":"https:\/\/ticaret.edu.tr\/havacilik-yonetimi\/en\/#website","url":"https:\/\/ticaret.edu.tr\/havacilik-yonetimi\/en\/","name":"Havac\u0131l\u0131k Y\u00f6netimi","description":"","potentialAction":[{"@type":"SearchAction","target":{"@type":"EntryPoint","urlTemplate":"https:\/\/ticaret.edu.tr\/havacilik-yonetimi\/en\/?s={search_term_string}"},"query-input":"required name=search_term_string"}],"inLanguage":"tr"}]}},"lang":"tr","translations":{"en":1295,"tr":1293},"pll_sync_post":[],"_links":{"self":[{"href":"http:\/\/ticaret.edu.tr\/havacilik-yonetimi\/wp-json\/wp\/v2\/pages\/1293"}],"collection":[{"href":"http:\/\/ticaret.edu.tr\/havacilik-yonetimi\/wp-json\/wp\/v2\/pages"}],"about":[{"href":"http:\/\/ticaret.edu.tr\/havacilik-yonetimi\/wp-json\/wp\/v2\/types\/page"}],"author":[{"embeddable":true,"href":"http:\/\/ticaret.edu.tr\/havacilik-yonetimi\/wp-json\/wp\/v2\/users\/139"}],"replies":[{"embeddable":true,"href":"http:\/\/ticaret.edu.tr\/havacilik-yonetimi\/wp-json\/wp\/v2\/comments?post=1293"}],"version-history":[{"count":2,"href":"http:\/\/ticaret.edu.tr\/havacilik-yonetimi\/wp-json\/wp\/v2\/pages\/1293\/revisions"}],"predecessor-version":[{"id":1804,"href":"http:\/\/ticaret.edu.tr\/havacilik-yonetimi\/wp-json\/wp\/v2\/pages\/1293\/revisions\/1804"}],"wp:attachment":[{"href":"http:\/\/ticaret.edu.tr\/havacilik-yonetimi\/wp-json\/wp\/v2\/media?parent=1293"}],"curies":[{"name":"wp","href":"https:\/\/api.w.org\/{rel}","templated":true}]}}