{"id":1313,"date":"2025-01-26T17:29:01","date_gmt":"2025-01-26T14:29:01","guid":{"rendered":"https:\/\/ticaret.edu.tr\/havacilik-yonetimi\/?page_id=1313"},"modified":"2025-10-20T13:27:42","modified_gmt":"2025-10-20T10:27:42","slug":"lisansustu-ogrenci-degisim-programlari-erasmus","status":"publish","type":"page","link":"http:\/\/ticaret.edu.tr\/havacilik-yonetimi\/lisansustu-ogrenci-degisim-programlari-erasmus\/","title":{"rendered":"\u00d6\u011frenci De\u011fi\u015fim Programlar\u0131 \/ Erasmus"},"content":{"rendered":"<h2><strong>Erasmus+ Program\u0131 Hakk\u0131nda<\/strong><\/h2>\n<ul>\n<li><strong>Erasmus+ Nedir?<\/strong><\/li>\n<\/ul>\n<p>Erasmus+, Avrupa Birli\u011fi taraf\u0131ndan desteklenen ve \u00f6\u011frencilere, akademisyenlere ve idari personele yurtd\u0131\u015f\u0131nda e\u011fitim ve \u00f6\u011fretim f\u0131rsatlar\u0131 sunan bir de\u011fi\u015fim program\u0131d\u0131r.<\/p>\n<ul>\n<li><strong>Erasmus+ ile Neler Kazanabilirsiniz?<\/strong><\/li>\n<\/ul>\n<p>Avrupa\u2019n\u0131n farkl\u0131 \u00fcniversitelerinde bir veya iki d\u00f6nem e\u011fitim alma f\u0131rsat\u0131<\/p>\n<p>Uluslararas\u0131 akademik deneyim ve k\u00fclt\u00fcrel etkile\u015fim<\/p>\n<p>Yabanc\u0131 dil becerilerini geli\u015ftirme<\/p>\n<p>Derslerin kredi olarak tan\u0131nmas\u0131 (ECTS uyumlulu\u011fu)<\/p>\n<p>Erasmus+ hibesi ile mali destek imk\u00e2n\u0131<\/p>\n","protected":false},"excerpt":{"rendered":"<p>Erasmus+ Program\u0131 Hakk\u0131nda Erasmus+ Nedir? Erasmus+, Avrupa Birli\u011fi taraf\u0131ndan desteklenen ve \u00f6\u011frencilere, akademisyenlere ve idari personele yurtd\u0131\u015f\u0131nda e\u011fitim ve \u00f6\u011fretim f\u0131rsatlar\u0131 sunan bir de\u011fi\u015fim program\u0131d\u0131r. Erasmus+ ile Neler Kazanabilirsiniz? Avrupa\u2019n\u0131n farkl\u0131 \u00fcniversitelerinde bir veya iki d\u00f6nem e\u011fitim alma f\u0131rsat\u0131 Uluslararas\u0131 akademik deneyim ve k\u00fclt\u00fcrel etkile\u015fim Yabanc\u0131 dil becerilerini geli\u015ftirme Derslerin kredi olarak tan\u0131nmas\u0131 (ECTS uyumlulu\u011fu) [&hellip;]<\/p>\n","protected":false},"author":139,"featured_media":0,"parent":0,"menu_order":0,"comment_status":"closed","ping_status":"closed","template":"genel_sayfa.php","meta":{"footnotes":""},"yoast_head":"<!-- This site is optimized with the Yoast SEO Premium plugin v22.1 (Yoast SEO v22.1) - https:\/\/yoast.com\/wordpress\/plugins\/seo\/ -->\n<title>\u00d6\u011frenci De\u011fi\u015fim Programlar\u0131 \/ Erasmus - Havac\u0131l\u0131k Y\u00f6netimi<\/title>\n<meta name=\"robots\" content=\"index, follow, max-snippet:-1, max-image-preview:large, max-video-preview:-1\" \/>\n<link rel=\"canonical\" href=\"http:\/\/ticaret.edu.tr\/havacilik-yonetimi\/lisansustu-ogrenci-degisim-programlari-erasmus\/\" \/>\n<meta property=\"og:locale\" content=\"tr_TR\" \/>\n<meta property=\"og:type\" content=\"article\" \/>\n<meta property=\"og:title\" content=\"\u00d6\u011frenci De\u011fi\u015fim Programlar\u0131 \/ Erasmus\" \/>\n<meta property=\"og:description\" content=\"Erasmus+ Program\u0131 Hakk\u0131nda Erasmus+ Nedir? Erasmus+, Avrupa Birli\u011fi taraf\u0131ndan desteklenen ve \u00f6\u011frencilere, akademisyenlere ve idari personele yurtd\u0131\u015f\u0131nda e\u011fitim ve \u00f6\u011fretim f\u0131rsatlar\u0131 sunan bir de\u011fi\u015fim program\u0131d\u0131r. Erasmus+ ile Neler Kazanabilirsiniz? Avrupa\u2019n\u0131n farkl\u0131 \u00fcniversitelerinde bir veya iki d\u00f6nem e\u011fitim alma f\u0131rsat\u0131 Uluslararas\u0131 akademik deneyim ve k\u00fclt\u00fcrel etkile\u015fim Yabanc\u0131 dil becerilerini geli\u015ftirme Derslerin kredi olarak tan\u0131nmas\u0131 (ECTS uyumlulu\u011fu) [&hellip;]\" \/>\n<meta property=\"og:url\" content=\"http:\/\/ticaret.edu.tr\/havacilik-yonetimi\/lisansustu-ogrenci-degisim-programlari-erasmus\/\" \/>\n<meta property=\"og:site_name\" content=\"Havac\u0131l\u0131k Y\u00f6netimi\" \/>\n<meta property=\"article:publisher\" content=\"https:\/\/www.facebook.com\/ticaretedutr\" \/>\n<meta property=\"article:modified_time\" content=\"2025-10-20T10:27:42+00:00\" \/>\n<meta property=\"og:image\" content=\"http:\/\/ticaret.edu.tr\/havacilik-yonetimi\/wp-content\/uploads\/sites\/10\/2021\/11\/web_logo-01.jpg\" \/>\n\t<meta property=\"og:image:width\" content=\"1250\" \/>\n\t<meta property=\"og:image:height\" content=\"833\" \/>\n\t<meta property=\"og:image:type\" content=\"image\/jpeg\" \/>\n<meta name=\"twitter:card\" content=\"summary_large_image\" \/>\n<meta name=\"twitter:site\" content=\"@ticaretedutr\" \/>\n<script type=\"application\/ld+json\" class=\"yoast-schema-graph\">{\"@context\":\"https:\/\/schema.org\",\"@graph\":[{\"@type\":\"WebPage\",\"@id\":\"http:\/\/ticaret.edu.tr\/havacilik-yonetimi\/lisansustu-ogrenci-degisim-programlari-erasmus\/\",\"url\":\"http:\/\/ticaret.edu.tr\/havacilik-yonetimi\/lisansustu-ogrenci-degisim-programlari-erasmus\/\",\"name\":\"\u00d6\u011frenci De\u011fi\u015fim Programlar\u0131 \/ Erasmus - Havac\u0131l\u0131k Y\u00f6netimi\",\"isPartOf\":{\"@id\":\"https:\/\/ticaret.edu.tr\/havacilik-yonetimi\/en\/#website\"},\"datePublished\":\"2025-01-26T14:29:01+00:00\",\"dateModified\":\"2025-10-20T10:27:42+00:00\",\"breadcrumb\":{\"@id\":\"http:\/\/ticaret.edu.tr\/havacilik-yonetimi\/lisansustu-ogrenci-degisim-programlari-erasmus\/#breadcrumb\"},\"inLanguage\":\"tr\",\"potentialAction\":[{\"@type\":\"ReadAction\",\"target\":[\"http:\/\/ticaret.edu.tr\/havacilik-yonetimi\/lisansustu-ogrenci-degisim-programlari-erasmus\/\"]}]},{\"@type\":\"BreadcrumbList\",\"@id\":\"http:\/\/ticaret.edu.tr\/havacilik-yonetimi\/lisansustu-ogrenci-degisim-programlari-erasmus\/#breadcrumb\",\"itemListElement\":[{\"@type\":\"ListItem\",\"position\":1,\"name\":\"Ana sayfa\",\"item\":\"https:\/\/ticaret.edu.tr\/havacilik-yonetimi\/\"},{\"@type\":\"ListItem\",\"position\":2,\"name\":\"\u00d6\u011frenci De\u011fi\u015fim Programlar\u0131 \/ Erasmus\"}]},{\"@type\":\"WebSite\",\"@id\":\"https:\/\/ticaret.edu.tr\/havacilik-yonetimi\/en\/#website\",\"url\":\"https:\/\/ticaret.edu.tr\/havacilik-yonetimi\/en\/\",\"name\":\"Havac\u0131l\u0131k Y\u00f6netimi\",\"description\":\"\",\"potentialAction\":[{\"@type\":\"SearchAction\",\"target\":{\"@type\":\"EntryPoint\",\"urlTemplate\":\"https:\/\/ticaret.edu.tr\/havacilik-yonetimi\/en\/?s={search_term_string}\"},\"query-input\":\"required name=search_term_string\"}],\"inLanguage\":\"tr\"}]}<\/script>\n<!-- \/ Yoast SEO Premium plugin. -->","yoast_head_json":{"title":"\u00d6\u011frenci De\u011fi\u015fim Programlar\u0131 \/ Erasmus - Havac\u0131l\u0131k Y\u00f6netimi","robots":{"index":"index","follow":"follow","max-snippet":"max-snippet:-1","max-image-preview":"max-image-preview:large","max-video-preview":"max-video-preview:-1"},"canonical":"http:\/\/ticaret.edu.tr\/havacilik-yonetimi\/lisansustu-ogrenci-degisim-programlari-erasmus\/","og_locale":"tr_TR","og_type":"article","og_title":"\u00d6\u011frenci De\u011fi\u015fim Programlar\u0131 \/ Erasmus","og_description":"Erasmus+ Program\u0131 Hakk\u0131nda Erasmus+ Nedir? Erasmus+, Avrupa Birli\u011fi taraf\u0131ndan desteklenen ve \u00f6\u011frencilere, akademisyenlere ve idari personele yurtd\u0131\u015f\u0131nda e\u011fitim ve \u00f6\u011fretim f\u0131rsatlar\u0131 sunan bir de\u011fi\u015fim program\u0131d\u0131r. Erasmus+ ile Neler Kazanabilirsiniz? Avrupa\u2019n\u0131n farkl\u0131 \u00fcniversitelerinde bir veya iki d\u00f6nem e\u011fitim alma f\u0131rsat\u0131 Uluslararas\u0131 akademik deneyim ve k\u00fclt\u00fcrel etkile\u015fim Yabanc\u0131 dil becerilerini geli\u015ftirme Derslerin kredi olarak tan\u0131nmas\u0131 (ECTS uyumlulu\u011fu) [&hellip;]","og_url":"http:\/\/ticaret.edu.tr\/havacilik-yonetimi\/lisansustu-ogrenci-degisim-programlari-erasmus\/","og_site_name":"Havac\u0131l\u0131k Y\u00f6netimi","article_publisher":"https:\/\/www.facebook.com\/ticaretedutr","article_modified_time":"2025-10-20T10:27:42+00:00","og_image":[{"width":1250,"height":833,"url":"http:\/\/ticaret.edu.tr\/havacilik-yonetimi\/wp-content\/uploads\/sites\/10\/2021\/11\/web_logo-01.jpg","type":"image\/jpeg"}],"twitter_card":"summary_large_image","twitter_site":"@ticaretedutr","schema":{"@context":"https:\/\/schema.org","@graph":[{"@type":"WebPage","@id":"http:\/\/ticaret.edu.tr\/havacilik-yonetimi\/lisansustu-ogrenci-degisim-programlari-erasmus\/","url":"http:\/\/ticaret.edu.tr\/havacilik-yonetimi\/lisansustu-ogrenci-degisim-programlari-erasmus\/","name":"\u00d6\u011frenci De\u011fi\u015fim Programlar\u0131 \/ Erasmus - Havac\u0131l\u0131k Y\u00f6netimi","isPartOf":{"@id":"https:\/\/ticaret.edu.tr\/havacilik-yonetimi\/en\/#website"},"datePublished":"2025-01-26T14:29:01+00:00","dateModified":"2025-10-20T10:27:42+00:00","breadcrumb":{"@id":"http:\/\/ticaret.edu.tr\/havacilik-yonetimi\/lisansustu-ogrenci-degisim-programlari-erasmus\/#breadcrumb"},"inLanguage":"tr","potentialAction":[{"@type":"ReadAction","target":["http:\/\/ticaret.edu.tr\/havacilik-yonetimi\/lisansustu-ogrenci-degisim-programlari-erasmus\/"]}]},{"@type":"BreadcrumbList","@id":"http:\/\/ticaret.edu.tr\/havacilik-yonetimi\/lisansustu-ogrenci-degisim-programlari-erasmus\/#breadcrumb","itemListElement":[{"@type":"ListItem","position":1,"name":"Ana sayfa","item":"https:\/\/ticaret.edu.tr\/havacilik-yonetimi\/"},{"@type":"ListItem","position":2,"name":"\u00d6\u011frenci De\u011fi\u015fim Programlar\u0131 \/ Erasmus"}]},{"@type":"WebSite","@id":"https:\/\/ticaret.edu.tr\/havacilik-yonetimi\/en\/#website","url":"https:\/\/ticaret.edu.tr\/havacilik-yonetimi\/en\/","name":"Havac\u0131l\u0131k Y\u00f6netimi","description":"","potentialAction":[{"@type":"SearchAction","target":{"@type":"EntryPoint","urlTemplate":"https:\/\/ticaret.edu.tr\/havacilik-yonetimi\/en\/?s={search_term_string}"},"query-input":"required name=search_term_string"}],"inLanguage":"tr"}]}},"lang":"tr","translations":{"en":1315,"tr":1313},"pll_sync_post":[],"_links":{"self":[{"href":"http:\/\/ticaret.edu.tr\/havacilik-yonetimi\/wp-json\/wp\/v2\/pages\/1313"}],"collection":[{"href":"http:\/\/ticaret.edu.tr\/havacilik-yonetimi\/wp-json\/wp\/v2\/pages"}],"about":[{"href":"http:\/\/ticaret.edu.tr\/havacilik-yonetimi\/wp-json\/wp\/v2\/types\/page"}],"author":[{"embeddable":true,"href":"http:\/\/ticaret.edu.tr\/havacilik-yonetimi\/wp-json\/wp\/v2\/users\/139"}],"replies":[{"embeddable":true,"href":"http:\/\/ticaret.edu.tr\/havacilik-yonetimi\/wp-json\/wp\/v2\/comments?post=1313"}],"version-history":[{"count":3,"href":"http:\/\/ticaret.edu.tr\/havacilik-yonetimi\/wp-json\/wp\/v2\/pages\/1313\/revisions"}],"predecessor-version":[{"id":1809,"href":"http:\/\/ticaret.edu.tr\/havacilik-yonetimi\/wp-json\/wp\/v2\/pages\/1313\/revisions\/1809"}],"wp:attachment":[{"href":"http:\/\/ticaret.edu.tr\/havacilik-yonetimi\/wp-json\/wp\/v2\/media?parent=1313"}],"curies":[{"name":"wp","href":"https:\/\/api.w.org\/{rel}","templated":true}]}}