{"id":1333,"date":"2025-01-26T17:32:40","date_gmt":"2025-01-26T14:32:40","guid":{"rendered":"https:\/\/ticaret.edu.tr\/havacilik-yonetimi\/?page_id=1333"},"modified":"2026-01-21T10:09:15","modified_gmt":"2026-01-21T07:09:15","slug":"projects-incentives","status":"publish","type":"page","link":"http:\/\/ticaret.edu.tr\/havacilik-yonetimi\/en\/projects-incentives\/","title":{"rendered":"Projects\/Incentives"},"content":{"rendered":"<div class=\"text-base my-auto mx-auto pb-10 [--thread-content-margin:--spacing(4)] @w-sm\/main:[--thread-content-margin:--spacing(6)] @w-lg\/main:[--thread-content-margin:--spacing(16)] px-(--thread-content-margin)\">\n<div class=\"[--thread-content-max-width:40rem] @w-lg\/main:[--thread-content-max-width:48rem] mx-auto max-w-(--thread-content-max-width) flex-1 group\/turn-messages focus-visible:outline-hidden relative flex w-full min-w-0 flex-col agent-turn\">\n<div class=\"flex max-w-full flex-col grow\">\n<div class=\"min-h-8 text-message relative flex w-full flex-col items-end gap-2 text-start break-words whitespace-normal [.text-message+&amp;]:mt-1\" dir=\"auto\" data-message-author-role=\"assistant\" data-message-id=\"f02b7431-ec5a-4401-accf-d14bc8043540\" data-message-model-slug=\"gpt-5-2-thinking\">\n<div class=\"flex w-full flex-col gap-1 empty:hidden first:pt-[1px]\">\n<div class=\"markdown prose dark:prose-invert w-full break-words light markdown-new-styling\">\n<p data-start=\"0\" data-end=\"24\"><strong>T\u00dcB\u0130TAK B\u0130DEB Support<\/strong><\/p>\n<p data-start=\"26\" data-end=\"56\"><strong>For Undergraduate Students<\/strong><\/p>\n<ul data-start=\"57\" data-end=\"175\">\n<li data-start=\"57\" data-end=\"114\">\n<p data-start=\"59\" data-end=\"114\"><strong data-start=\"59\" data-end=\"67\">2205<\/strong> \u2013 Domestic Undergraduate Scholarship Program<\/p>\n<\/li>\n<li data-start=\"115\" data-end=\"175\">\n<p data-start=\"117\" data-end=\"175\"><strong data-start=\"117\" data-end=\"125\">2247<\/strong> \u2013 C Trainee Researcher Scholarship Program (STAR)<\/p>\n<\/li>\n<\/ul>\n<p data-start=\"177\" data-end=\"202\"><strong>For Graduate Students<\/strong><\/p>\n<ul data-start=\"203\" data-end=\"364\">\n<li data-start=\"203\" data-end=\"255\">\n<p data-start=\"205\" data-end=\"255\"><strong data-start=\"205\" data-end=\"213\">2210<\/strong> \u2013 Domestic Master\u2019s Scholarship Program<\/p>\n<\/li>\n<li data-start=\"256\" data-end=\"308\">\n<p data-start=\"258\" data-end=\"308\"><strong data-start=\"258\" data-end=\"266\">2211<\/strong> \u2013 Domestic Doctoral Scholarship Program<\/p>\n<\/li>\n<li data-start=\"309\" data-end=\"364\">\n<p data-start=\"311\" data-end=\"364\"><strong data-start=\"311\" data-end=\"319\">2213<\/strong> \u2013 International Graduate Scholarship Program<\/p>\n<\/li>\n<\/ul>\n<p data-start=\"366\" data-end=\"398\"><strong>For Postdoctoral Researchers<\/strong><\/p>\n<ul data-start=\"399\" data-end=\"535\">\n<li data-start=\"399\" data-end=\"464\">\n<p data-start=\"401\" data-end=\"464\"><strong data-start=\"401\" data-end=\"409\">2218<\/strong> \u2013 Domestic Postdoctoral Research Scholarship Program<\/p>\n<\/li>\n<li data-start=\"465\" data-end=\"535\">\n<p data-start=\"467\" data-end=\"535\"><strong data-start=\"467\" data-end=\"475\">2219<\/strong> \u2013 International Postdoctoral Research Scholarship Program<\/p>\n<\/li>\n<\/ul>\n<p data-start=\"537\" data-end=\"563\"><strong>T\u00dcB\u0130TAK Project Support<\/strong><\/p>\n<p data-start=\"565\" data-end=\"595\"><strong>For Undergraduate Students<\/strong><\/p>\n<ul data-start=\"596\" data-end=\"760\">\n<li data-start=\"596\" data-end=\"679\">\n<p data-start=\"598\" data-end=\"679\"><strong data-start=\"598\" data-end=\"608\">2209-A<\/strong> \u2013 Domestic Research Projects Support Program for University Students<\/p>\n<\/li>\n<li data-start=\"680\" data-end=\"760\">\n<p data-start=\"682\" data-end=\"760\"><strong data-start=\"682\" data-end=\"692\">2209-B<\/strong> \u2013 Industry-Oriented Undergraduate Graduation Thesis Support Program<\/p>\n<\/li>\n<\/ul>\n<p data-start=\"762\" data-end=\"787\"><strong>For Graduate Students<\/strong><\/p>\n<ul data-start=\"788\" data-end=\"968\">\n<li data-start=\"788\" data-end=\"824\">\n<p data-start=\"790\" data-end=\"824\"><strong data-start=\"790\" data-end=\"798\">1002<\/strong> \u2013 Rapid Support Program<\/p>\n<\/li>\n<li data-start=\"825\" data-end=\"905\">\n<p data-start=\"827\" data-end=\"905\"><strong data-start=\"827\" data-end=\"837\">2214-A<\/strong> \u2013 International Research Fellowship Program for Doctoral Students<\/p>\n<\/li>\n<li data-start=\"906\" data-end=\"968\">\n<p data-start=\"908\" data-end=\"968\"><strong data-start=\"908\" data-end=\"918\">2214-B<\/strong> \u2013 International Joint Doctoral Fellowship Program<\/p>\n<\/li>\n<\/ul>\n<p data-start=\"970\" data-end=\"1000\"><strong>For International Students<\/strong><\/p>\n<ul data-start=\"1001\" data-end=\"1071\" data-is-last-node=\"\" data-is-only-node=\"\">\n<li data-start=\"1001\" data-end=\"1071\" data-is-last-node=\"\">\n<p data-start=\"1003\" data-end=\"1071\" data-is-last-node=\"\"><strong data-start=\"1003\" data-end=\"1011\">2216<\/strong> \u2013 Research Fellowship Program for International Researchers<\/p>\n<\/li>\n<\/ul>\n<\/div>\n<\/div>\n<\/div>\n<\/div>\n<\/div>\n<\/div>\n","protected":false},"excerpt":{"rendered":"<p>T\u00dcB\u0130TAK B\u0130DEB Support For Undergraduate Students 2205 \u2013 Domestic Undergraduate Scholarship Program 2247 \u2013 C Trainee Researcher Scholarship Program (STAR) For Graduate Students 2210 \u2013 Domestic Master\u2019s Scholarship Program 2211 \u2013 Domestic Doctoral Scholarship Program 2213 \u2013 International Graduate Scholarship Program For Postdoctoral Researchers 2218 \u2013 Domestic Postdoctoral Research Scholarship Program 2219 \u2013 International Postdoctoral [&hellip;]<\/p>\n","protected":false},"author":139,"featured_media":0,"parent":0,"menu_order":0,"comment_status":"closed","ping_status":"closed","template":"genel_sayfa.php","meta":{"footnotes":""},"yoast_head":"<!-- This site is optimized with the Yoast SEO Premium plugin v22.1 (Yoast SEO v22.1) - https:\/\/yoast.com\/wordpress\/plugins\/seo\/ -->\n<title>Projects\/Incentives - Havac\u0131l\u0131k Y\u00f6netimi<\/title>\n<meta name=\"robots\" content=\"index, follow, max-snippet:-1, max-image-preview:large, max-video-preview:-1\" \/>\n<link rel=\"canonical\" href=\"http:\/\/ticaret.edu.tr\/havacilik-yonetimi\/en\/projects-incentives\/\" \/>\n<meta property=\"og:locale\" content=\"tr_TR\" \/>\n<meta property=\"og:type\" content=\"article\" \/>\n<meta property=\"og:title\" content=\"Projects\/Incentives\" \/>\n<meta property=\"og:description\" content=\"T\u00dcB\u0130TAK B\u0130DEB Support For Undergraduate Students 2205 \u2013 Domestic Undergraduate Scholarship Program 2247 \u2013 C Trainee Researcher Scholarship Program (STAR) For Graduate Students 2210 \u2013 Domestic Master\u2019s Scholarship Program 2211 \u2013 Domestic Doctoral Scholarship Program 2213 \u2013 International Graduate Scholarship Program For Postdoctoral Researchers 2218 \u2013 Domestic Postdoctoral Research Scholarship Program 2219 \u2013 International Postdoctoral [&hellip;]\" \/>\n<meta property=\"og:url\" content=\"http:\/\/ticaret.edu.tr\/havacilik-yonetimi\/en\/projects-incentives\/\" \/>\n<meta property=\"og:site_name\" content=\"Havac\u0131l\u0131k Y\u00f6netimi\" \/>\n<meta property=\"article:publisher\" content=\"https:\/\/www.facebook.com\/ticaretedutr\" \/>\n<meta property=\"article:modified_time\" content=\"2026-01-21T07:09:15+00:00\" \/>\n<meta property=\"og:image\" content=\"http:\/\/ticaret.edu.tr\/havacilik-yonetimi\/wp-content\/uploads\/sites\/10\/2021\/11\/web_logo-01.jpg\" \/>\n\t<meta property=\"og:image:width\" content=\"1250\" \/>\n\t<meta property=\"og:image:height\" content=\"833\" \/>\n\t<meta property=\"og:image:type\" content=\"image\/jpeg\" \/>\n<meta name=\"twitter:card\" content=\"summary_large_image\" \/>\n<meta name=\"twitter:site\" content=\"@ticaretedutr\" \/>\n<meta name=\"twitter:label1\" content=\"Tahmini okuma s\u00fcresi\" \/>\n\t<meta name=\"twitter:data1\" content=\"1 dakika\" \/>\n<script type=\"application\/ld+json\" class=\"yoast-schema-graph\">{\"@context\":\"https:\/\/schema.org\",\"@graph\":[{\"@type\":\"WebPage\",\"@id\":\"http:\/\/ticaret.edu.tr\/havacilik-yonetimi\/en\/projects-incentives\/\",\"url\":\"http:\/\/ticaret.edu.tr\/havacilik-yonetimi\/en\/projects-incentives\/\",\"name\":\"Projects\/Incentives - Havac\u0131l\u0131k Y\u00f6netimi\",\"isPartOf\":{\"@id\":\"https:\/\/ticaret.edu.tr\/havacilik-yonetimi\/en\/#website\"},\"datePublished\":\"2025-01-26T14:32:40+00:00\",\"dateModified\":\"2026-01-21T07:09:15+00:00\",\"breadcrumb\":{\"@id\":\"http:\/\/ticaret.edu.tr\/havacilik-yonetimi\/en\/projects-incentives\/#breadcrumb\"},\"inLanguage\":\"tr\",\"potentialAction\":[{\"@type\":\"ReadAction\",\"target\":[\"http:\/\/ticaret.edu.tr\/havacilik-yonetimi\/en\/projects-incentives\/\"]}]},{\"@type\":\"BreadcrumbList\",\"@id\":\"http:\/\/ticaret.edu.tr\/havacilik-yonetimi\/en\/projects-incentives\/#breadcrumb\",\"itemListElement\":[{\"@type\":\"ListItem\",\"position\":1,\"name\":\"Ana sayfa\",\"item\":\"https:\/\/ticaret.edu.tr\/havacilik-yonetimi\/\"},{\"@type\":\"ListItem\",\"position\":2,\"name\":\"Projects\/Incentives\"}]},{\"@type\":\"WebSite\",\"@id\":\"https:\/\/ticaret.edu.tr\/havacilik-yonetimi\/en\/#website\",\"url\":\"https:\/\/ticaret.edu.tr\/havacilik-yonetimi\/en\/\",\"name\":\"Havac\u0131l\u0131k Y\u00f6netimi\",\"description\":\"\",\"potentialAction\":[{\"@type\":\"SearchAction\",\"target\":{\"@type\":\"EntryPoint\",\"urlTemplate\":\"https:\/\/ticaret.edu.tr\/havacilik-yonetimi\/en\/?s={search_term_string}\"},\"query-input\":\"required name=search_term_string\"}],\"inLanguage\":\"tr\"}]}<\/script>\n<!-- \/ Yoast SEO Premium plugin. -->","yoast_head_json":{"title":"Projects\/Incentives - Havac\u0131l\u0131k Y\u00f6netimi","robots":{"index":"index","follow":"follow","max-snippet":"max-snippet:-1","max-image-preview":"max-image-preview:large","max-video-preview":"max-video-preview:-1"},"canonical":"http:\/\/ticaret.edu.tr\/havacilik-yonetimi\/en\/projects-incentives\/","og_locale":"tr_TR","og_type":"article","og_title":"Projects\/Incentives","og_description":"T\u00dcB\u0130TAK B\u0130DEB Support For Undergraduate Students 2205 \u2013 Domestic Undergraduate Scholarship Program 2247 \u2013 C Trainee Researcher Scholarship Program (STAR) For Graduate Students 2210 \u2013 Domestic Master\u2019s Scholarship Program 2211 \u2013 Domestic Doctoral Scholarship Program 2213 \u2013 International Graduate Scholarship Program For Postdoctoral Researchers 2218 \u2013 Domestic Postdoctoral Research Scholarship Program 2219 \u2013 International Postdoctoral [&hellip;]","og_url":"http:\/\/ticaret.edu.tr\/havacilik-yonetimi\/en\/projects-incentives\/","og_site_name":"Havac\u0131l\u0131k Y\u00f6netimi","article_publisher":"https:\/\/www.facebook.com\/ticaretedutr","article_modified_time":"2026-01-21T07:09:15+00:00","og_image":[{"width":1250,"height":833,"url":"http:\/\/ticaret.edu.tr\/havacilik-yonetimi\/wp-content\/uploads\/sites\/10\/2021\/11\/web_logo-01.jpg","type":"image\/jpeg"}],"twitter_card":"summary_large_image","twitter_site":"@ticaretedutr","twitter_misc":{"Tahmini okuma s\u00fcresi":"1 dakika"},"schema":{"@context":"https:\/\/schema.org","@graph":[{"@type":"WebPage","@id":"http:\/\/ticaret.edu.tr\/havacilik-yonetimi\/en\/projects-incentives\/","url":"http:\/\/ticaret.edu.tr\/havacilik-yonetimi\/en\/projects-incentives\/","name":"Projects\/Incentives - Havac\u0131l\u0131k Y\u00f6netimi","isPartOf":{"@id":"https:\/\/ticaret.edu.tr\/havacilik-yonetimi\/en\/#website"},"datePublished":"2025-01-26T14:32:40+00:00","dateModified":"2026-01-21T07:09:15+00:00","breadcrumb":{"@id":"http:\/\/ticaret.edu.tr\/havacilik-yonetimi\/en\/projects-incentives\/#breadcrumb"},"inLanguage":"tr","potentialAction":[{"@type":"ReadAction","target":["http:\/\/ticaret.edu.tr\/havacilik-yonetimi\/en\/projects-incentives\/"]}]},{"@type":"BreadcrumbList","@id":"http:\/\/ticaret.edu.tr\/havacilik-yonetimi\/en\/projects-incentives\/#breadcrumb","itemListElement":[{"@type":"ListItem","position":1,"name":"Ana sayfa","item":"https:\/\/ticaret.edu.tr\/havacilik-yonetimi\/"},{"@type":"ListItem","position":2,"name":"Projects\/Incentives"}]},{"@type":"WebSite","@id":"https:\/\/ticaret.edu.tr\/havacilik-yonetimi\/en\/#website","url":"https:\/\/ticaret.edu.tr\/havacilik-yonetimi\/en\/","name":"Havac\u0131l\u0131k Y\u00f6netimi","description":"","potentialAction":[{"@type":"SearchAction","target":{"@type":"EntryPoint","urlTemplate":"https:\/\/ticaret.edu.tr\/havacilik-yonetimi\/en\/?s={search_term_string}"},"query-input":"required name=search_term_string"}],"inLanguage":"tr"}]}},"lang":"en","translations":{"en":1333,"tr":1331},"pll_sync_post":[],"_links":{"self":[{"href":"http:\/\/ticaret.edu.tr\/havacilik-yonetimi\/wp-json\/wp\/v2\/pages\/1333"}],"collection":[{"href":"http:\/\/ticaret.edu.tr\/havacilik-yonetimi\/wp-json\/wp\/v2\/pages"}],"about":[{"href":"http:\/\/ticaret.edu.tr\/havacilik-yonetimi\/wp-json\/wp\/v2\/types\/page"}],"author":[{"embeddable":true,"href":"http:\/\/ticaret.edu.tr\/havacilik-yonetimi\/wp-json\/wp\/v2\/users\/139"}],"replies":[{"embeddable":true,"href":"http:\/\/ticaret.edu.tr\/havacilik-yonetimi\/wp-json\/wp\/v2\/comments?post=1333"}],"version-history":[{"count":2,"href":"http:\/\/ticaret.edu.tr\/havacilik-yonetimi\/wp-json\/wp\/v2\/pages\/1333\/revisions"}],"predecessor-version":[{"id":1954,"href":"http:\/\/ticaret.edu.tr\/havacilik-yonetimi\/wp-json\/wp\/v2\/pages\/1333\/revisions\/1954"}],"wp:attachment":[{"href":"http:\/\/ticaret.edu.tr\/havacilik-yonetimi\/wp-json\/wp\/v2\/media?parent=1333"}],"curies":[{"name":"wp","href":"https:\/\/api.w.org\/{rel}","templated":true}]}}