{"id":1347,"date":"2025-01-26T17:36:05","date_gmt":"2025-01-26T14:36:05","guid":{"rendered":"https:\/\/ticaret.edu.tr\/havacilik-yonetimi\/?page_id=1347"},"modified":"2025-04-17T12:22:15","modified_gmt":"2025-04-17T09:22:15","slug":"akreditasyon","status":"publish","type":"page","link":"http:\/\/ticaret.edu.tr\/havacilik-yonetimi\/akreditasyon\/","title":{"rendered":"Akreditasyon"},"content":{"rendered":"<p>Havac\u0131l\u0131k Y\u00f6netimi B\u00f6l\u00fcm\u00fc m\u00fcfredat\u0131nda bulunan baz\u0131 derslerin uygulamas\u0131 \u00fclkemiz havac\u0131l\u0131k otoritesi olan Sivil Havac\u0131l\u0131k Genel M\u00fcd\u00fcrl\u00fc\u011f\u00fc taraf\u0131ndan d\u00fczenlenmi\u015ftir. Ayn\u0131 zamanda b\u00f6l\u00fcm akreditasyonu da SHGM taraf\u0131ndan yap\u0131lmaktad\u0131r. B\u00f6l\u00fcmdeki derslerin yetkilendirilmesinin yap\u0131lmas\u0131ndaki amac\u0131m\u0131z \u00f6ncelikle b\u00f6l\u00fcm \u00f6\u011frencilerinin daha kaliteli, donan\u0131ml\u0131, sekt\u00f6r\u00fcn tercih etti\u011fi ge\u00e7erli bir e\u011fitim almas\u0131d\u0131r. B\u00f6l\u00fcm akreditasyonu planlamas\u0131 \u201cHavaalanlar\u0131 Dairesi E\u011fitim Talimat\u0131- SHT-E\u011e\u0130T\u0130M\/HAD Rev.1\u201d dok\u00fcman\u0131na g\u00f6re olu\u015fturulmu\u015ftur.<\/p>\n<p>B\u00f6l\u00fcm akreditasyonu kapsam\u0131nda al\u0131nmas\u0131 planlanan e\u011fitim alanlar\u0131 a\u015fa\u011f\u0131dad\u0131r:<br \/>\n1- Hava Kargo Operasyon<br \/>\n2- Yolcu Hizmetleri<br \/>\n3- Tehlikeli Maddeler Bilinci<br \/>\n4- Y\u00fck Kontrol\u00fc ve Denge<br \/>\n5- Emniyet Y\u00f6netim Sistemi<br \/>\n6- Temel Sivil Havac\u0131l\u0131k G\u00fcvenli\u011fi<\/p>\n<p>Bu ba\u011flamda \u00fcniversitemiz vizyonu do\u011frultusunda Havac\u0131l\u0131k Y\u00f6netimi B\u00f6l\u00fcm\u00fc olarak ilk etapta \u201cYolcu Hizmetleri\u201d ile \u201cY\u00fck Kontrol\u00fc ve Denge\u201d derslerinin yetkilendirme \u00e7al\u0131\u015fmalar\u0131na ba\u015flanm\u0131\u015f olup, yetkilendirme s\u00fcreci devam etmektedir.<\/p>\n","protected":false},"excerpt":{"rendered":"<p>Havac\u0131l\u0131k Y\u00f6netimi B\u00f6l\u00fcm\u00fc m\u00fcfredat\u0131nda bulunan baz\u0131 derslerin uygulamas\u0131 \u00fclkemiz havac\u0131l\u0131k otoritesi olan Sivil Havac\u0131l\u0131k Genel M\u00fcd\u00fcrl\u00fc\u011f\u00fc taraf\u0131ndan d\u00fczenlenmi\u015ftir. Ayn\u0131 zamanda b\u00f6l\u00fcm akreditasyonu da SHGM taraf\u0131ndan yap\u0131lmaktad\u0131r. B\u00f6l\u00fcmdeki derslerin yetkilendirilmesinin yap\u0131lmas\u0131ndaki amac\u0131m\u0131z \u00f6ncelikle b\u00f6l\u00fcm \u00f6\u011frencilerinin daha kaliteli, donan\u0131ml\u0131, sekt\u00f6r\u00fcn tercih etti\u011fi ge\u00e7erli bir e\u011fitim almas\u0131d\u0131r. B\u00f6l\u00fcm akreditasyonu planlamas\u0131 \u201cHavaalanlar\u0131 Dairesi E\u011fitim Talimat\u0131- SHT-E\u011e\u0130T\u0130M\/HAD Rev.1\u201d dok\u00fcman\u0131na g\u00f6re [&hellip;]<\/p>\n","protected":false},"author":139,"featured_media":0,"parent":0,"menu_order":0,"comment_status":"closed","ping_status":"closed","template":"genel_sayfa.php","meta":{"footnotes":""},"yoast_head":"<!-- This site is optimized with the Yoast SEO Premium plugin v22.1 (Yoast SEO v22.1) - https:\/\/yoast.com\/wordpress\/plugins\/seo\/ -->\n<title>Akreditasyon - Havac\u0131l\u0131k Y\u00f6netimi<\/title>\n<meta name=\"robots\" content=\"index, follow, max-snippet:-1, max-image-preview:large, max-video-preview:-1\" \/>\n<link rel=\"canonical\" href=\"https:\/\/ticaret.edu.tr\/havacilik-yonetimi\/akreditasyon\/\" \/>\n<meta property=\"og:locale\" content=\"tr_TR\" \/>\n<meta property=\"og:type\" content=\"article\" \/>\n<meta property=\"og:title\" content=\"Akreditasyon\" \/>\n<meta property=\"og:description\" content=\"Havac\u0131l\u0131k Y\u00f6netimi B\u00f6l\u00fcm\u00fc m\u00fcfredat\u0131nda bulunan baz\u0131 derslerin uygulamas\u0131 \u00fclkemiz havac\u0131l\u0131k otoritesi olan Sivil Havac\u0131l\u0131k Genel M\u00fcd\u00fcrl\u00fc\u011f\u00fc taraf\u0131ndan d\u00fczenlenmi\u015ftir. Ayn\u0131 zamanda b\u00f6l\u00fcm akreditasyonu da SHGM taraf\u0131ndan yap\u0131lmaktad\u0131r. B\u00f6l\u00fcmdeki derslerin yetkilendirilmesinin yap\u0131lmas\u0131ndaki amac\u0131m\u0131z \u00f6ncelikle b\u00f6l\u00fcm \u00f6\u011frencilerinin daha kaliteli, donan\u0131ml\u0131, sekt\u00f6r\u00fcn tercih etti\u011fi ge\u00e7erli bir e\u011fitim almas\u0131d\u0131r. B\u00f6l\u00fcm akreditasyonu planlamas\u0131 \u201cHavaalanlar\u0131 Dairesi E\u011fitim Talimat\u0131- SHT-E\u011e\u0130T\u0130M\/HAD Rev.1\u201d dok\u00fcman\u0131na g\u00f6re [&hellip;]\" \/>\n<meta property=\"og:url\" content=\"https:\/\/ticaret.edu.tr\/havacilik-yonetimi\/akreditasyon\/\" \/>\n<meta property=\"og:site_name\" content=\"Havac\u0131l\u0131k Y\u00f6netimi\" \/>\n<meta property=\"article:publisher\" content=\"https:\/\/www.facebook.com\/ticaretedutr\" \/>\n<meta property=\"article:modified_time\" content=\"2025-04-17T09:22:15+00:00\" \/>\n<meta property=\"og:image\" content=\"http:\/\/ticaret.edu.tr\/havacilik-yonetimi\/wp-content\/uploads\/sites\/10\/2021\/11\/web_logo-01.jpg\" \/>\n\t<meta property=\"og:image:width\" content=\"1250\" \/>\n\t<meta property=\"og:image:height\" content=\"833\" \/>\n\t<meta property=\"og:image:type\" content=\"image\/jpeg\" \/>\n<meta name=\"twitter:card\" content=\"summary_large_image\" \/>\n<meta name=\"twitter:site\" content=\"@ticaretedutr\" \/>\n<meta name=\"twitter:label1\" content=\"Tahmini okuma s\u00fcresi\" \/>\n\t<meta name=\"twitter:data1\" content=\"1 dakika\" \/>\n<script type=\"application\/ld+json\" class=\"yoast-schema-graph\">{\"@context\":\"https:\/\/schema.org\",\"@graph\":[{\"@type\":\"WebPage\",\"@id\":\"https:\/\/ticaret.edu.tr\/havacilik-yonetimi\/akreditasyon\/\",\"url\":\"https:\/\/ticaret.edu.tr\/havacilik-yonetimi\/akreditasyon\/\",\"name\":\"Akreditasyon - Havac\u0131l\u0131k Y\u00f6netimi\",\"isPartOf\":{\"@id\":\"https:\/\/ticaret.edu.tr\/havacilik-yonetimi\/en\/#website\"},\"datePublished\":\"2025-01-26T14:36:05+00:00\",\"dateModified\":\"2025-04-17T09:22:15+00:00\",\"breadcrumb\":{\"@id\":\"https:\/\/ticaret.edu.tr\/havacilik-yonetimi\/akreditasyon\/#breadcrumb\"},\"inLanguage\":\"tr\",\"potentialAction\":[{\"@type\":\"ReadAction\",\"target\":[\"https:\/\/ticaret.edu.tr\/havacilik-yonetimi\/akreditasyon\/\"]}]},{\"@type\":\"BreadcrumbList\",\"@id\":\"https:\/\/ticaret.edu.tr\/havacilik-yonetimi\/akreditasyon\/#breadcrumb\",\"itemListElement\":[{\"@type\":\"ListItem\",\"position\":1,\"name\":\"Ana sayfa\",\"item\":\"https:\/\/ticaret.edu.tr\/havacilik-yonetimi\/\"},{\"@type\":\"ListItem\",\"position\":2,\"name\":\"Akreditasyon\"}]},{\"@type\":\"WebSite\",\"@id\":\"https:\/\/ticaret.edu.tr\/havacilik-yonetimi\/en\/#website\",\"url\":\"https:\/\/ticaret.edu.tr\/havacilik-yonetimi\/en\/\",\"name\":\"Havac\u0131l\u0131k Y\u00f6netimi\",\"description\":\"\",\"potentialAction\":[{\"@type\":\"SearchAction\",\"target\":{\"@type\":\"EntryPoint\",\"urlTemplate\":\"https:\/\/ticaret.edu.tr\/havacilik-yonetimi\/en\/?s={search_term_string}\"},\"query-input\":\"required name=search_term_string\"}],\"inLanguage\":\"tr\"}]}<\/script>\n<!-- \/ Yoast SEO Premium plugin. -->","yoast_head_json":{"title":"Akreditasyon - Havac\u0131l\u0131k Y\u00f6netimi","robots":{"index":"index","follow":"follow","max-snippet":"max-snippet:-1","max-image-preview":"max-image-preview:large","max-video-preview":"max-video-preview:-1"},"canonical":"https:\/\/ticaret.edu.tr\/havacilik-yonetimi\/akreditasyon\/","og_locale":"tr_TR","og_type":"article","og_title":"Akreditasyon","og_description":"Havac\u0131l\u0131k Y\u00f6netimi B\u00f6l\u00fcm\u00fc m\u00fcfredat\u0131nda bulunan baz\u0131 derslerin uygulamas\u0131 \u00fclkemiz havac\u0131l\u0131k otoritesi olan Sivil Havac\u0131l\u0131k Genel M\u00fcd\u00fcrl\u00fc\u011f\u00fc taraf\u0131ndan d\u00fczenlenmi\u015ftir. Ayn\u0131 zamanda b\u00f6l\u00fcm akreditasyonu da SHGM taraf\u0131ndan yap\u0131lmaktad\u0131r. B\u00f6l\u00fcmdeki derslerin yetkilendirilmesinin yap\u0131lmas\u0131ndaki amac\u0131m\u0131z \u00f6ncelikle b\u00f6l\u00fcm \u00f6\u011frencilerinin daha kaliteli, donan\u0131ml\u0131, sekt\u00f6r\u00fcn tercih etti\u011fi ge\u00e7erli bir e\u011fitim almas\u0131d\u0131r. B\u00f6l\u00fcm akreditasyonu planlamas\u0131 \u201cHavaalanlar\u0131 Dairesi E\u011fitim Talimat\u0131- SHT-E\u011e\u0130T\u0130M\/HAD Rev.1\u201d dok\u00fcman\u0131na g\u00f6re [&hellip;]","og_url":"https:\/\/ticaret.edu.tr\/havacilik-yonetimi\/akreditasyon\/","og_site_name":"Havac\u0131l\u0131k Y\u00f6netimi","article_publisher":"https:\/\/www.facebook.com\/ticaretedutr","article_modified_time":"2025-04-17T09:22:15+00:00","og_image":[{"width":1250,"height":833,"url":"http:\/\/ticaret.edu.tr\/havacilik-yonetimi\/wp-content\/uploads\/sites\/10\/2021\/11\/web_logo-01.jpg","type":"image\/jpeg"}],"twitter_card":"summary_large_image","twitter_site":"@ticaretedutr","twitter_misc":{"Tahmini okuma s\u00fcresi":"1 dakika"},"schema":{"@context":"https:\/\/schema.org","@graph":[{"@type":"WebPage","@id":"https:\/\/ticaret.edu.tr\/havacilik-yonetimi\/akreditasyon\/","url":"https:\/\/ticaret.edu.tr\/havacilik-yonetimi\/akreditasyon\/","name":"Akreditasyon - Havac\u0131l\u0131k Y\u00f6netimi","isPartOf":{"@id":"https:\/\/ticaret.edu.tr\/havacilik-yonetimi\/en\/#website"},"datePublished":"2025-01-26T14:36:05+00:00","dateModified":"2025-04-17T09:22:15+00:00","breadcrumb":{"@id":"https:\/\/ticaret.edu.tr\/havacilik-yonetimi\/akreditasyon\/#breadcrumb"},"inLanguage":"tr","potentialAction":[{"@type":"ReadAction","target":["https:\/\/ticaret.edu.tr\/havacilik-yonetimi\/akreditasyon\/"]}]},{"@type":"BreadcrumbList","@id":"https:\/\/ticaret.edu.tr\/havacilik-yonetimi\/akreditasyon\/#breadcrumb","itemListElement":[{"@type":"ListItem","position":1,"name":"Ana sayfa","item":"https:\/\/ticaret.edu.tr\/havacilik-yonetimi\/"},{"@type":"ListItem","position":2,"name":"Akreditasyon"}]},{"@type":"WebSite","@id":"https:\/\/ticaret.edu.tr\/havacilik-yonetimi\/en\/#website","url":"https:\/\/ticaret.edu.tr\/havacilik-yonetimi\/en\/","name":"Havac\u0131l\u0131k Y\u00f6netimi","description":"","potentialAction":[{"@type":"SearchAction","target":{"@type":"EntryPoint","urlTemplate":"https:\/\/ticaret.edu.tr\/havacilik-yonetimi\/en\/?s={search_term_string}"},"query-input":"required name=search_term_string"}],"inLanguage":"tr"}]}},"lang":"tr","translations":{"en":1349,"tr":1347},"pll_sync_post":[],"_links":{"self":[{"href":"http:\/\/ticaret.edu.tr\/havacilik-yonetimi\/wp-json\/wp\/v2\/pages\/1347"}],"collection":[{"href":"http:\/\/ticaret.edu.tr\/havacilik-yonetimi\/wp-json\/wp\/v2\/pages"}],"about":[{"href":"http:\/\/ticaret.edu.tr\/havacilik-yonetimi\/wp-json\/wp\/v2\/types\/page"}],"author":[{"embeddable":true,"href":"http:\/\/ticaret.edu.tr\/havacilik-yonetimi\/wp-json\/wp\/v2\/users\/139"}],"replies":[{"embeddable":true,"href":"http:\/\/ticaret.edu.tr\/havacilik-yonetimi\/wp-json\/wp\/v2\/comments?post=1347"}],"version-history":[{"count":3,"href":"http:\/\/ticaret.edu.tr\/havacilik-yonetimi\/wp-json\/wp\/v2\/pages\/1347\/revisions"}],"predecessor-version":[{"id":1639,"href":"http:\/\/ticaret.edu.tr\/havacilik-yonetimi\/wp-json\/wp\/v2\/pages\/1347\/revisions\/1639"}],"wp:attachment":[{"href":"http:\/\/ticaret.edu.tr\/havacilik-yonetimi\/wp-json\/wp\/v2\/media?parent=1347"}],"curies":[{"name":"wp","href":"https:\/\/api.w.org\/{rel}","templated":true}]}}