{"id":1349,"date":"2025-01-26T17:36:19","date_gmt":"2025-01-26T14:36:19","guid":{"rendered":"https:\/\/ticaret.edu.tr\/havacilik-yonetimi\/?page_id=1349"},"modified":"2026-01-21T10:12:58","modified_gmt":"2026-01-21T07:12:58","slug":"accreditation","status":"publish","type":"page","link":"http:\/\/ticaret.edu.tr\/havacilik-yonetimi\/en\/accreditation\/","title":{"rendered":"Accreditation"},"content":{"rendered":"<p data-start=\"0\" data-end=\"498\">Certain practical components of selected courses in the Aviation Management Department curriculum have been organized by the Directorate General of Civil Aviation (SHGM), the national aviation authority in T\u00fcrkiye. In addition, the department\u2019s accreditation is conducted by SHGM. Our primary objective in authorizing departmental courses is to ensure, first and foremost, that our students receive a higher-quality, well-equipped, and sector-recognized education that is preferred by the industry.<\/p>\n<p data-start=\"500\" data-end=\"671\">The department\u2019s accreditation planning has been structured in accordance with the document entitled \u201cAirports Department Training Instruction \u2013 SHT-E\u011e\u0130T\u0130M\/HAD Rev.1.\u201d<\/p>\n<p data-start=\"673\" data-end=\"778\">The training areas planned to be covered within the scope of departmental accreditation are listed below:<\/p>\n<ol data-start=\"779\" data-end=\"954\">\n<li data-start=\"779\" data-end=\"804\">\n<p data-start=\"782\" data-end=\"804\">Air Cargo Operations<\/p>\n<\/li>\n<li data-start=\"805\" data-end=\"828\">\n<p data-start=\"808\" data-end=\"828\">Passenger Services<\/p>\n<\/li>\n<li data-start=\"829\" data-end=\"859\">\n<p data-start=\"832\" data-end=\"859\">Dangerous Goods Awareness<\/p>\n<\/li>\n<li data-start=\"860\" data-end=\"889\">\n<p data-start=\"863\" data-end=\"889\">Load Control and Balance<\/p>\n<\/li>\n<li data-start=\"890\" data-end=\"919\">\n<p data-start=\"893\" data-end=\"919\">Safety Management System<\/p>\n<\/li>\n<li data-start=\"920\" data-end=\"954\">\n<p data-start=\"923\" data-end=\"954\">Basic Civil Aviation Security<\/p>\n<\/li>\n<\/ol>\n<p data-start=\"956\" data-end=\"1223\">In this context, in line with our university\u2019s vision, the Aviation Management Department has initially launched the authorization studies for the courses \u201cPassenger Services\u201d and \u201cLoad Control and Balance,\u201d and the authorization process is currently ongoing.<\/p>\n","protected":false},"excerpt":{"rendered":"<p>Certain practical components of selected courses in the Aviation Management Department curriculum have been organized by the Directorate General of Civil Aviation (SHGM), the national aviation authority in T\u00fcrkiye. In addition, the department\u2019s accreditation is conducted by SHGM. Our primary objective in authorizing departmental courses is to ensure, first and foremost, that our students receive [&hellip;]<\/p>\n","protected":false},"author":139,"featured_media":0,"parent":0,"menu_order":0,"comment_status":"closed","ping_status":"closed","template":"genel_sayfa.php","meta":{"footnotes":""},"yoast_head":"<!-- This site is optimized with the Yoast SEO Premium plugin v22.1 (Yoast SEO v22.1) - https:\/\/yoast.com\/wordpress\/plugins\/seo\/ -->\n<title>Accreditation - Havac\u0131l\u0131k Y\u00f6netimi<\/title>\n<meta name=\"robots\" content=\"index, follow, max-snippet:-1, max-image-preview:large, max-video-preview:-1\" \/>\n<link rel=\"canonical\" href=\"http:\/\/ticaret.edu.tr\/havacilik-yonetimi\/en\/accreditation\/\" \/>\n<meta property=\"og:locale\" content=\"tr_TR\" \/>\n<meta property=\"og:type\" content=\"article\" \/>\n<meta property=\"og:title\" content=\"Accreditation\" \/>\n<meta property=\"og:description\" content=\"Certain practical components of selected courses in the Aviation Management Department curriculum have been organized by the Directorate General of Civil Aviation (SHGM), the national aviation authority in T\u00fcrkiye. In addition, the department\u2019s accreditation is conducted by SHGM. Our primary objective in authorizing departmental courses is to ensure, first and foremost, that our students receive [&hellip;]\" \/>\n<meta property=\"og:url\" content=\"http:\/\/ticaret.edu.tr\/havacilik-yonetimi\/en\/accreditation\/\" \/>\n<meta property=\"og:site_name\" content=\"Havac\u0131l\u0131k Y\u00f6netimi\" \/>\n<meta property=\"article:publisher\" content=\"https:\/\/www.facebook.com\/ticaretedutr\" \/>\n<meta property=\"article:modified_time\" content=\"2026-01-21T07:12:58+00:00\" \/>\n<meta property=\"og:image\" content=\"http:\/\/ticaret.edu.tr\/havacilik-yonetimi\/wp-content\/uploads\/sites\/10\/2021\/11\/web_logo-01.jpg\" \/>\n\t<meta property=\"og:image:width\" content=\"1250\" \/>\n\t<meta property=\"og:image:height\" content=\"833\" \/>\n\t<meta property=\"og:image:type\" content=\"image\/jpeg\" \/>\n<meta name=\"twitter:card\" content=\"summary_large_image\" \/>\n<meta name=\"twitter:site\" content=\"@ticaretedutr\" \/>\n<meta name=\"twitter:label1\" content=\"Tahmini okuma s\u00fcresi\" \/>\n\t<meta name=\"twitter:data1\" content=\"1 dakika\" \/>\n<script type=\"application\/ld+json\" class=\"yoast-schema-graph\">{\"@context\":\"https:\/\/schema.org\",\"@graph\":[{\"@type\":\"WebPage\",\"@id\":\"http:\/\/ticaret.edu.tr\/havacilik-yonetimi\/en\/accreditation\/\",\"url\":\"http:\/\/ticaret.edu.tr\/havacilik-yonetimi\/en\/accreditation\/\",\"name\":\"Accreditation - Havac\u0131l\u0131k Y\u00f6netimi\",\"isPartOf\":{\"@id\":\"https:\/\/ticaret.edu.tr\/havacilik-yonetimi\/en\/#website\"},\"datePublished\":\"2025-01-26T14:36:19+00:00\",\"dateModified\":\"2026-01-21T07:12:58+00:00\",\"breadcrumb\":{\"@id\":\"http:\/\/ticaret.edu.tr\/havacilik-yonetimi\/en\/accreditation\/#breadcrumb\"},\"inLanguage\":\"tr\",\"potentialAction\":[{\"@type\":\"ReadAction\",\"target\":[\"http:\/\/ticaret.edu.tr\/havacilik-yonetimi\/en\/accreditation\/\"]}]},{\"@type\":\"BreadcrumbList\",\"@id\":\"http:\/\/ticaret.edu.tr\/havacilik-yonetimi\/en\/accreditation\/#breadcrumb\",\"itemListElement\":[{\"@type\":\"ListItem\",\"position\":1,\"name\":\"Ana sayfa\",\"item\":\"https:\/\/ticaret.edu.tr\/havacilik-yonetimi\/\"},{\"@type\":\"ListItem\",\"position\":2,\"name\":\"Accreditation\"}]},{\"@type\":\"WebSite\",\"@id\":\"https:\/\/ticaret.edu.tr\/havacilik-yonetimi\/en\/#website\",\"url\":\"https:\/\/ticaret.edu.tr\/havacilik-yonetimi\/en\/\",\"name\":\"Havac\u0131l\u0131k Y\u00f6netimi\",\"description\":\"\",\"potentialAction\":[{\"@type\":\"SearchAction\",\"target\":{\"@type\":\"EntryPoint\",\"urlTemplate\":\"https:\/\/ticaret.edu.tr\/havacilik-yonetimi\/en\/?s={search_term_string}\"},\"query-input\":\"required name=search_term_string\"}],\"inLanguage\":\"tr\"}]}<\/script>\n<!-- \/ Yoast SEO Premium plugin. -->","yoast_head_json":{"title":"Accreditation - Havac\u0131l\u0131k Y\u00f6netimi","robots":{"index":"index","follow":"follow","max-snippet":"max-snippet:-1","max-image-preview":"max-image-preview:large","max-video-preview":"max-video-preview:-1"},"canonical":"http:\/\/ticaret.edu.tr\/havacilik-yonetimi\/en\/accreditation\/","og_locale":"tr_TR","og_type":"article","og_title":"Accreditation","og_description":"Certain practical components of selected courses in the Aviation Management Department curriculum have been organized by the Directorate General of Civil Aviation (SHGM), the national aviation authority in T\u00fcrkiye. In addition, the department\u2019s accreditation is conducted by SHGM. Our primary objective in authorizing departmental courses is to ensure, first and foremost, that our students receive [&hellip;]","og_url":"http:\/\/ticaret.edu.tr\/havacilik-yonetimi\/en\/accreditation\/","og_site_name":"Havac\u0131l\u0131k Y\u00f6netimi","article_publisher":"https:\/\/www.facebook.com\/ticaretedutr","article_modified_time":"2026-01-21T07:12:58+00:00","og_image":[{"width":1250,"height":833,"url":"http:\/\/ticaret.edu.tr\/havacilik-yonetimi\/wp-content\/uploads\/sites\/10\/2021\/11\/web_logo-01.jpg","type":"image\/jpeg"}],"twitter_card":"summary_large_image","twitter_site":"@ticaretedutr","twitter_misc":{"Tahmini okuma s\u00fcresi":"1 dakika"},"schema":{"@context":"https:\/\/schema.org","@graph":[{"@type":"WebPage","@id":"http:\/\/ticaret.edu.tr\/havacilik-yonetimi\/en\/accreditation\/","url":"http:\/\/ticaret.edu.tr\/havacilik-yonetimi\/en\/accreditation\/","name":"Accreditation - Havac\u0131l\u0131k Y\u00f6netimi","isPartOf":{"@id":"https:\/\/ticaret.edu.tr\/havacilik-yonetimi\/en\/#website"},"datePublished":"2025-01-26T14:36:19+00:00","dateModified":"2026-01-21T07:12:58+00:00","breadcrumb":{"@id":"http:\/\/ticaret.edu.tr\/havacilik-yonetimi\/en\/accreditation\/#breadcrumb"},"inLanguage":"tr","potentialAction":[{"@type":"ReadAction","target":["http:\/\/ticaret.edu.tr\/havacilik-yonetimi\/en\/accreditation\/"]}]},{"@type":"BreadcrumbList","@id":"http:\/\/ticaret.edu.tr\/havacilik-yonetimi\/en\/accreditation\/#breadcrumb","itemListElement":[{"@type":"ListItem","position":1,"name":"Ana sayfa","item":"https:\/\/ticaret.edu.tr\/havacilik-yonetimi\/"},{"@type":"ListItem","position":2,"name":"Accreditation"}]},{"@type":"WebSite","@id":"https:\/\/ticaret.edu.tr\/havacilik-yonetimi\/en\/#website","url":"https:\/\/ticaret.edu.tr\/havacilik-yonetimi\/en\/","name":"Havac\u0131l\u0131k Y\u00f6netimi","description":"","potentialAction":[{"@type":"SearchAction","target":{"@type":"EntryPoint","urlTemplate":"https:\/\/ticaret.edu.tr\/havacilik-yonetimi\/en\/?s={search_term_string}"},"query-input":"required name=search_term_string"}],"inLanguage":"tr"}]}},"lang":"en","translations":{"en":1349,"tr":1347},"pll_sync_post":[],"_links":{"self":[{"href":"http:\/\/ticaret.edu.tr\/havacilik-yonetimi\/wp-json\/wp\/v2\/pages\/1349"}],"collection":[{"href":"http:\/\/ticaret.edu.tr\/havacilik-yonetimi\/wp-json\/wp\/v2\/pages"}],"about":[{"href":"http:\/\/ticaret.edu.tr\/havacilik-yonetimi\/wp-json\/wp\/v2\/types\/page"}],"author":[{"embeddable":true,"href":"http:\/\/ticaret.edu.tr\/havacilik-yonetimi\/wp-json\/wp\/v2\/users\/139"}],"replies":[{"embeddable":true,"href":"http:\/\/ticaret.edu.tr\/havacilik-yonetimi\/wp-json\/wp\/v2\/comments?post=1349"}],"version-history":[{"count":2,"href":"http:\/\/ticaret.edu.tr\/havacilik-yonetimi\/wp-json\/wp\/v2\/pages\/1349\/revisions"}],"predecessor-version":[{"id":1958,"href":"http:\/\/ticaret.edu.tr\/havacilik-yonetimi\/wp-json\/wp\/v2\/pages\/1349\/revisions\/1958"}],"wp:attachment":[{"href":"http:\/\/ticaret.edu.tr\/havacilik-yonetimi\/wp-json\/wp\/v2\/media?parent=1349"}],"curies":[{"name":"wp","href":"https:\/\/api.w.org\/{rel}","templated":true}]}}