{"id":1351,"date":"2025-01-26T17:36:36","date_gmt":"2025-01-26T14:36:36","guid":{"rendered":"https:\/\/ticaret.edu.tr\/havacilik-yonetimi\/?page_id=1351"},"modified":"2025-04-17T12:33:17","modified_gmt":"2025-04-17T09:33:17","slug":"bolum-kalite-guvence-politikasi","status":"publish","type":"page","link":"http:\/\/ticaret.edu.tr\/havacilik-yonetimi\/bolum-kalite-guvence-politikasi\/","title":{"rendered":"B\u00f6l\u00fcm Kalite G\u00fcvence Politikas\u0131"},"content":{"rendered":"<div>\n<p>Kalite G\u00fcvencesi Sistemi; y\u00fcksek\u00f6\u011fretim kurumlar\u0131n\u0131n e\u011fitim-\u00f6\u011fretim, ara\u015ft\u0131rma ve toplumsal katk\u0131 faaliyetleri ile idari hizmetlerinin i\u00e7 ve d\u0131\u015f kalite g\u00fcvencesi ve akreditasyon s\u00fcre\u00e7lerini planlama ve uygulama esaslar\u0131n\u0131n t\u00fcm\u00fcn\u00fc kapsar.<\/p>\n<\/div>\n<div>\n<p>Kalite g\u00fcvencesi bir \u00fcr\u00fcn veya hizmetin kalite konusunda belirtilmi\u015f gerekleri yerine getirmesinde yeterli g\u00fcveni sa\u011flamak i\u00e7in uygulanan planl\u0131 ve sistematik etkinlikler b\u00fct\u00fcn\u00fcd\u00fcr. Kalite gereksinimlerini nas\u0131l kar\u015f\u0131layaca\u011f\u0131 konusunda \u00f6ng\u00f6r\u00fcl\u00fc (proaktif) yakla\u015f\u0131m kullan\u0131larak, beklenen kalite gereksinimlerinin kar\u015f\u0131lanmas\u0131n\u0131 g\u00fcvence alt\u0131na almay\u0131 ama\u00e7lar. Bu ama\u00e7la planlar yap\u0131l\u0131r, uygulan\u0131r, kontrol edilir ve \u00f6nlem al\u0131n\u0131r (PUK\u00d6). Kalite g\u00fcvencesi, mevcut kalite problemini tespit etmekten \u00e7ok hata olu\u015fumunu engelleyecek sistemleri kurarak hatay\u0131 olu\u015fmadan engellemeye \u00e7al\u0131\u015f\u0131r. PUK\u00d6 d\u00f6ng\u00fcs\u00fc sistemdeki s\u00fcre\u00e7lerin d\u00fczg\u00fcn ve s\u00fcrd\u00fcr\u00fclebilir \u015fekilde \u00e7al\u0131\u015fmas\u0131n\u0131 sa\u011flamaktad\u0131r.<\/p>\n<\/div>\n<div>\u0130stanbul Ticaret \u00dcniversitesi Kalite Komisyonu, 23 Temmuz 2015 tarihli ve 29423 say\u0131l\u0131 Resm\u00ee Gazete\u2019de yay\u0131mlanan \u201cY\u00fcksek\u00f6\u011fretim Kalite G\u00fcvencesi Y\u00f6netmeli\u011fi\u201dnin 7 inci maddesinde belirtildi\u011fi \u015fekilde olu\u015fturulmu\u015ftur ve g\u00f6revleri Y\u00f6netmeli\u011fin 8 inci maddesinde belirtilmi\u015ftir.<\/div>\n","protected":false},"excerpt":{"rendered":"<p>Kalite G\u00fcvencesi Sistemi; y\u00fcksek\u00f6\u011fretim kurumlar\u0131n\u0131n e\u011fitim-\u00f6\u011fretim, ara\u015ft\u0131rma ve toplumsal katk\u0131 faaliyetleri ile idari hizmetlerinin i\u00e7 ve d\u0131\u015f kalite g\u00fcvencesi ve akreditasyon s\u00fcre\u00e7lerini planlama ve uygulama esaslar\u0131n\u0131n t\u00fcm\u00fcn\u00fc kapsar. Kalite g\u00fcvencesi bir \u00fcr\u00fcn veya hizmetin kalite konusunda belirtilmi\u015f gerekleri yerine getirmesinde yeterli g\u00fcveni sa\u011flamak i\u00e7in uygulanan planl\u0131 ve sistematik etkinlikler b\u00fct\u00fcn\u00fcd\u00fcr. Kalite gereksinimlerini nas\u0131l kar\u015f\u0131layaca\u011f\u0131 konusunda [&hellip;]<\/p>\n","protected":false},"author":139,"featured_media":0,"parent":0,"menu_order":0,"comment_status":"closed","ping_status":"closed","template":"genel_sayfa.php","meta":{"footnotes":""},"yoast_head":"<!-- This site is optimized with the Yoast SEO Premium plugin v22.1 (Yoast SEO v22.1) - https:\/\/yoast.com\/wordpress\/plugins\/seo\/ -->\n<title>B\u00f6l\u00fcm Kalite G\u00fcvence Politikas\u0131 - Havac\u0131l\u0131k Y\u00f6netimi<\/title>\n<meta name=\"robots\" content=\"index, follow, max-snippet:-1, max-image-preview:large, max-video-preview:-1\" \/>\n<link rel=\"canonical\" href=\"http:\/\/ticaret.edu.tr\/havacilik-yonetimi\/bolum-kalite-guvence-politikasi\/\" \/>\n<meta property=\"og:locale\" content=\"tr_TR\" \/>\n<meta property=\"og:type\" content=\"article\" \/>\n<meta property=\"og:title\" content=\"B\u00f6l\u00fcm Kalite G\u00fcvence Politikas\u0131\" \/>\n<meta property=\"og:description\" content=\"Kalite G\u00fcvencesi Sistemi; y\u00fcksek\u00f6\u011fretim kurumlar\u0131n\u0131n e\u011fitim-\u00f6\u011fretim, ara\u015ft\u0131rma ve toplumsal katk\u0131 faaliyetleri ile idari hizmetlerinin i\u00e7 ve d\u0131\u015f kalite g\u00fcvencesi ve akreditasyon s\u00fcre\u00e7lerini planlama ve uygulama esaslar\u0131n\u0131n t\u00fcm\u00fcn\u00fc kapsar. Kalite g\u00fcvencesi bir \u00fcr\u00fcn veya hizmetin kalite konusunda belirtilmi\u015f gerekleri yerine getirmesinde yeterli g\u00fcveni sa\u011flamak i\u00e7in uygulanan planl\u0131 ve sistematik etkinlikler b\u00fct\u00fcn\u00fcd\u00fcr. Kalite gereksinimlerini nas\u0131l kar\u015f\u0131layaca\u011f\u0131 konusunda [&hellip;]\" \/>\n<meta property=\"og:url\" content=\"http:\/\/ticaret.edu.tr\/havacilik-yonetimi\/bolum-kalite-guvence-politikasi\/\" \/>\n<meta property=\"og:site_name\" content=\"Havac\u0131l\u0131k Y\u00f6netimi\" \/>\n<meta property=\"article:publisher\" content=\"https:\/\/www.facebook.com\/ticaretedutr\" \/>\n<meta property=\"article:modified_time\" content=\"2025-04-17T09:33:17+00:00\" \/>\n<meta property=\"og:image\" content=\"http:\/\/ticaret.edu.tr\/havacilik-yonetimi\/wp-content\/uploads\/sites\/10\/2021\/11\/web_logo-01.jpg\" \/>\n\t<meta property=\"og:image:width\" content=\"1250\" \/>\n\t<meta property=\"og:image:height\" content=\"833\" \/>\n\t<meta property=\"og:image:type\" content=\"image\/jpeg\" \/>\n<meta name=\"twitter:card\" content=\"summary_large_image\" \/>\n<meta name=\"twitter:site\" content=\"@ticaretedutr\" \/>\n<script type=\"application\/ld+json\" class=\"yoast-schema-graph\">{\"@context\":\"https:\/\/schema.org\",\"@graph\":[{\"@type\":\"WebPage\",\"@id\":\"http:\/\/ticaret.edu.tr\/havacilik-yonetimi\/bolum-kalite-guvence-politikasi\/\",\"url\":\"http:\/\/ticaret.edu.tr\/havacilik-yonetimi\/bolum-kalite-guvence-politikasi\/\",\"name\":\"B\u00f6l\u00fcm Kalite G\u00fcvence Politikas\u0131 - Havac\u0131l\u0131k Y\u00f6netimi\",\"isPartOf\":{\"@id\":\"https:\/\/ticaret.edu.tr\/havacilik-yonetimi\/en\/#website\"},\"datePublished\":\"2025-01-26T14:36:36+00:00\",\"dateModified\":\"2025-04-17T09:33:17+00:00\",\"breadcrumb\":{\"@id\":\"http:\/\/ticaret.edu.tr\/havacilik-yonetimi\/bolum-kalite-guvence-politikasi\/#breadcrumb\"},\"inLanguage\":\"tr\",\"potentialAction\":[{\"@type\":\"ReadAction\",\"target\":[\"http:\/\/ticaret.edu.tr\/havacilik-yonetimi\/bolum-kalite-guvence-politikasi\/\"]}]},{\"@type\":\"BreadcrumbList\",\"@id\":\"http:\/\/ticaret.edu.tr\/havacilik-yonetimi\/bolum-kalite-guvence-politikasi\/#breadcrumb\",\"itemListElement\":[{\"@type\":\"ListItem\",\"position\":1,\"name\":\"Ana sayfa\",\"item\":\"https:\/\/ticaret.edu.tr\/havacilik-yonetimi\/\"},{\"@type\":\"ListItem\",\"position\":2,\"name\":\"B\u00f6l\u00fcm Kalite G\u00fcvence Politikas\u0131\"}]},{\"@type\":\"WebSite\",\"@id\":\"https:\/\/ticaret.edu.tr\/havacilik-yonetimi\/en\/#website\",\"url\":\"https:\/\/ticaret.edu.tr\/havacilik-yonetimi\/en\/\",\"name\":\"Havac\u0131l\u0131k Y\u00f6netimi\",\"description\":\"\",\"potentialAction\":[{\"@type\":\"SearchAction\",\"target\":{\"@type\":\"EntryPoint\",\"urlTemplate\":\"https:\/\/ticaret.edu.tr\/havacilik-yonetimi\/en\/?s={search_term_string}\"},\"query-input\":\"required name=search_term_string\"}],\"inLanguage\":\"tr\"}]}<\/script>\n<!-- \/ Yoast SEO Premium plugin. -->","yoast_head_json":{"title":"B\u00f6l\u00fcm Kalite G\u00fcvence Politikas\u0131 - Havac\u0131l\u0131k Y\u00f6netimi","robots":{"index":"index","follow":"follow","max-snippet":"max-snippet:-1","max-image-preview":"max-image-preview:large","max-video-preview":"max-video-preview:-1"},"canonical":"http:\/\/ticaret.edu.tr\/havacilik-yonetimi\/bolum-kalite-guvence-politikasi\/","og_locale":"tr_TR","og_type":"article","og_title":"B\u00f6l\u00fcm Kalite G\u00fcvence Politikas\u0131","og_description":"Kalite G\u00fcvencesi Sistemi; y\u00fcksek\u00f6\u011fretim kurumlar\u0131n\u0131n e\u011fitim-\u00f6\u011fretim, ara\u015ft\u0131rma ve toplumsal katk\u0131 faaliyetleri ile idari hizmetlerinin i\u00e7 ve d\u0131\u015f kalite g\u00fcvencesi ve akreditasyon s\u00fcre\u00e7lerini planlama ve uygulama esaslar\u0131n\u0131n t\u00fcm\u00fcn\u00fc kapsar. Kalite g\u00fcvencesi bir \u00fcr\u00fcn veya hizmetin kalite konusunda belirtilmi\u015f gerekleri yerine getirmesinde yeterli g\u00fcveni sa\u011flamak i\u00e7in uygulanan planl\u0131 ve sistematik etkinlikler b\u00fct\u00fcn\u00fcd\u00fcr. Kalite gereksinimlerini nas\u0131l kar\u015f\u0131layaca\u011f\u0131 konusunda [&hellip;]","og_url":"http:\/\/ticaret.edu.tr\/havacilik-yonetimi\/bolum-kalite-guvence-politikasi\/","og_site_name":"Havac\u0131l\u0131k Y\u00f6netimi","article_publisher":"https:\/\/www.facebook.com\/ticaretedutr","article_modified_time":"2025-04-17T09:33:17+00:00","og_image":[{"width":1250,"height":833,"url":"http:\/\/ticaret.edu.tr\/havacilik-yonetimi\/wp-content\/uploads\/sites\/10\/2021\/11\/web_logo-01.jpg","type":"image\/jpeg"}],"twitter_card":"summary_large_image","twitter_site":"@ticaretedutr","schema":{"@context":"https:\/\/schema.org","@graph":[{"@type":"WebPage","@id":"http:\/\/ticaret.edu.tr\/havacilik-yonetimi\/bolum-kalite-guvence-politikasi\/","url":"http:\/\/ticaret.edu.tr\/havacilik-yonetimi\/bolum-kalite-guvence-politikasi\/","name":"B\u00f6l\u00fcm Kalite G\u00fcvence Politikas\u0131 - Havac\u0131l\u0131k Y\u00f6netimi","isPartOf":{"@id":"https:\/\/ticaret.edu.tr\/havacilik-yonetimi\/en\/#website"},"datePublished":"2025-01-26T14:36:36+00:00","dateModified":"2025-04-17T09:33:17+00:00","breadcrumb":{"@id":"http:\/\/ticaret.edu.tr\/havacilik-yonetimi\/bolum-kalite-guvence-politikasi\/#breadcrumb"},"inLanguage":"tr","potentialAction":[{"@type":"ReadAction","target":["http:\/\/ticaret.edu.tr\/havacilik-yonetimi\/bolum-kalite-guvence-politikasi\/"]}]},{"@type":"BreadcrumbList","@id":"http:\/\/ticaret.edu.tr\/havacilik-yonetimi\/bolum-kalite-guvence-politikasi\/#breadcrumb","itemListElement":[{"@type":"ListItem","position":1,"name":"Ana sayfa","item":"https:\/\/ticaret.edu.tr\/havacilik-yonetimi\/"},{"@type":"ListItem","position":2,"name":"B\u00f6l\u00fcm Kalite G\u00fcvence Politikas\u0131"}]},{"@type":"WebSite","@id":"https:\/\/ticaret.edu.tr\/havacilik-yonetimi\/en\/#website","url":"https:\/\/ticaret.edu.tr\/havacilik-yonetimi\/en\/","name":"Havac\u0131l\u0131k Y\u00f6netimi","description":"","potentialAction":[{"@type":"SearchAction","target":{"@type":"EntryPoint","urlTemplate":"https:\/\/ticaret.edu.tr\/havacilik-yonetimi\/en\/?s={search_term_string}"},"query-input":"required name=search_term_string"}],"inLanguage":"tr"}]}},"lang":"tr","translations":{"en":1353,"tr":1351},"pll_sync_post":[],"_links":{"self":[{"href":"http:\/\/ticaret.edu.tr\/havacilik-yonetimi\/wp-json\/wp\/v2\/pages\/1351"}],"collection":[{"href":"http:\/\/ticaret.edu.tr\/havacilik-yonetimi\/wp-json\/wp\/v2\/pages"}],"about":[{"href":"http:\/\/ticaret.edu.tr\/havacilik-yonetimi\/wp-json\/wp\/v2\/types\/page"}],"author":[{"embeddable":true,"href":"http:\/\/ticaret.edu.tr\/havacilik-yonetimi\/wp-json\/wp\/v2\/users\/139"}],"replies":[{"embeddable":true,"href":"http:\/\/ticaret.edu.tr\/havacilik-yonetimi\/wp-json\/wp\/v2\/comments?post=1351"}],"version-history":[{"count":2,"href":"http:\/\/ticaret.edu.tr\/havacilik-yonetimi\/wp-json\/wp\/v2\/pages\/1351\/revisions"}],"predecessor-version":[{"id":1642,"href":"http:\/\/ticaret.edu.tr\/havacilik-yonetimi\/wp-json\/wp\/v2\/pages\/1351\/revisions\/1642"}],"wp:attachment":[{"href":"http:\/\/ticaret.edu.tr\/havacilik-yonetimi\/wp-json\/wp\/v2\/media?parent=1351"}],"curies":[{"name":"wp","href":"https:\/\/api.w.org\/{rel}","templated":true}]}}