{"id":1353,"date":"2025-01-26T17:36:51","date_gmt":"2025-01-26T14:36:51","guid":{"rendered":"https:\/\/ticaret.edu.tr\/havacilik-yonetimi\/?page_id=1353"},"modified":"2026-01-21T10:14:42","modified_gmt":"2026-01-21T07:14:42","slug":"departments-quality-assurance-policy","status":"publish","type":"page","link":"http:\/\/ticaret.edu.tr\/havacilik-yonetimi\/en\/departments-quality-assurance-policy\/","title":{"rendered":"Department&#8217;s Quality Assurance Policy"},"content":{"rendered":"<p data-start=\"0\" data-end=\"344\">The Quality Assurance System encompasses the entire set of principles for planning and implementing the internal and external quality assurance and accreditation processes of higher education institutions with respect to their education and training, research, and societal contribution activities, as well as their administrative services.<\/p>\n<p data-start=\"346\" data-end=\"1060\">Quality assurance is the whole of planned and systematic activities implemented to provide sufficient confidence that a product or service fulfills the specified quality requirements. By adopting a forward-looking (proactive) approach to how quality requirements will be met, it aims to ensure that the expected quality requirements are satisfied. For this purpose, plans are made, implemented, checked, and corrective measures are taken (PDCA). Rather than merely identifying existing quality problems, quality assurance seeks to prevent errors before they occur by establishing systems that avert error formation. The PDCA cycle ensures that the processes within the system operate properly and sustainably.<\/p>\n<p data-start=\"1062\" data-end=\"1363\" data-is-last-node=\"\" data-is-only-node=\"\">The Istanbul Commerce University Quality Commission was established in accordance with Article 7 of the \u201cRegulation on Higher Education Quality Assurance,\u201d published in the Official Gazette dated 23 July 2015 and numbered 29423, and its duties are specified in Article 8 of the Regulation.<\/p>\n","protected":false},"excerpt":{"rendered":"<p>The Quality Assurance System encompasses the entire set of principles for planning and implementing the internal and external quality assurance and accreditation processes of higher education institutions with respect to their education and training, research, and societal contribution activities, as well as their administrative services. Quality assurance is the whole of planned and systematic activities [&hellip;]<\/p>\n","protected":false},"author":139,"featured_media":0,"parent":0,"menu_order":0,"comment_status":"closed","ping_status":"closed","template":"genel_sayfa.php","meta":{"footnotes":""},"yoast_head":"<!-- This site is optimized with the Yoast SEO Premium plugin v22.1 (Yoast SEO v22.1) - https:\/\/yoast.com\/wordpress\/plugins\/seo\/ -->\n<title>Department&#039;s Quality Assurance Policy - Havac\u0131l\u0131k Y\u00f6netimi<\/title>\n<meta name=\"robots\" content=\"index, follow, max-snippet:-1, max-image-preview:large, max-video-preview:-1\" \/>\n<link rel=\"canonical\" href=\"https:\/\/ticaret.edu.tr\/havacilik-yonetimi\/en\/departments-quality-assurance-policy\/\" \/>\n<meta property=\"og:locale\" content=\"tr_TR\" \/>\n<meta property=\"og:type\" content=\"article\" \/>\n<meta property=\"og:title\" content=\"Department&#039;s Quality Assurance Policy\" \/>\n<meta property=\"og:description\" content=\"The Quality Assurance System encompasses the entire set of principles for planning and implementing the internal and external quality assurance and accreditation processes of higher education institutions with respect to their education and training, research, and societal contribution activities, as well as their administrative services. Quality assurance is the whole of planned and systematic activities [&hellip;]\" \/>\n<meta property=\"og:url\" content=\"https:\/\/ticaret.edu.tr\/havacilik-yonetimi\/en\/departments-quality-assurance-policy\/\" \/>\n<meta property=\"og:site_name\" content=\"Havac\u0131l\u0131k Y\u00f6netimi\" \/>\n<meta property=\"article:publisher\" content=\"https:\/\/www.facebook.com\/ticaretedutr\" \/>\n<meta property=\"article:modified_time\" content=\"2026-01-21T07:14:42+00:00\" \/>\n<meta property=\"og:image\" content=\"http:\/\/ticaret.edu.tr\/havacilik-yonetimi\/wp-content\/uploads\/sites\/10\/2021\/11\/web_logo-01.jpg\" \/>\n\t<meta property=\"og:image:width\" content=\"1250\" \/>\n\t<meta property=\"og:image:height\" content=\"833\" \/>\n\t<meta property=\"og:image:type\" content=\"image\/jpeg\" \/>\n<meta name=\"twitter:card\" content=\"summary_large_image\" \/>\n<meta name=\"twitter:site\" content=\"@ticaretedutr\" \/>\n<meta name=\"twitter:label1\" content=\"Tahmini okuma s\u00fcresi\" \/>\n\t<meta name=\"twitter:data1\" content=\"2 dakika\" \/>\n<script type=\"application\/ld+json\" class=\"yoast-schema-graph\">{\"@context\":\"https:\/\/schema.org\",\"@graph\":[{\"@type\":\"WebPage\",\"@id\":\"https:\/\/ticaret.edu.tr\/havacilik-yonetimi\/en\/departments-quality-assurance-policy\/\",\"url\":\"https:\/\/ticaret.edu.tr\/havacilik-yonetimi\/en\/departments-quality-assurance-policy\/\",\"name\":\"Department's Quality Assurance Policy - Havac\u0131l\u0131k Y\u00f6netimi\",\"isPartOf\":{\"@id\":\"https:\/\/ticaret.edu.tr\/havacilik-yonetimi\/#website\"},\"datePublished\":\"2025-01-26T14:36:51+00:00\",\"dateModified\":\"2026-01-21T07:14:42+00:00\",\"breadcrumb\":{\"@id\":\"https:\/\/ticaret.edu.tr\/havacilik-yonetimi\/en\/departments-quality-assurance-policy\/#breadcrumb\"},\"inLanguage\":\"tr\",\"potentialAction\":[{\"@type\":\"ReadAction\",\"target\":[\"https:\/\/ticaret.edu.tr\/havacilik-yonetimi\/en\/departments-quality-assurance-policy\/\"]}]},{\"@type\":\"BreadcrumbList\",\"@id\":\"https:\/\/ticaret.edu.tr\/havacilik-yonetimi\/en\/departments-quality-assurance-policy\/#breadcrumb\",\"itemListElement\":[{\"@type\":\"ListItem\",\"position\":1,\"name\":\"Ana sayfa\",\"item\":\"https:\/\/ticaret.edu.tr\/havacilik-yonetimi\/\"},{\"@type\":\"ListItem\",\"position\":2,\"name\":\"Department&#8217;s Quality Assurance Policy\"}]},{\"@type\":\"WebSite\",\"@id\":\"https:\/\/ticaret.edu.tr\/havacilik-yonetimi\/#website\",\"url\":\"https:\/\/ticaret.edu.tr\/havacilik-yonetimi\/\",\"name\":\"Havac\u0131l\u0131k Y\u00f6netimi\",\"description\":\"\",\"potentialAction\":[{\"@type\":\"SearchAction\",\"target\":{\"@type\":\"EntryPoint\",\"urlTemplate\":\"https:\/\/ticaret.edu.tr\/havacilik-yonetimi\/?s={search_term_string}\"},\"query-input\":\"required name=search_term_string\"}],\"inLanguage\":\"tr\"}]}<\/script>\n<!-- \/ Yoast SEO Premium plugin. -->","yoast_head_json":{"title":"Department's Quality Assurance Policy - Havac\u0131l\u0131k Y\u00f6netimi","robots":{"index":"index","follow":"follow","max-snippet":"max-snippet:-1","max-image-preview":"max-image-preview:large","max-video-preview":"max-video-preview:-1"},"canonical":"https:\/\/ticaret.edu.tr\/havacilik-yonetimi\/en\/departments-quality-assurance-policy\/","og_locale":"tr_TR","og_type":"article","og_title":"Department's Quality Assurance Policy","og_description":"The Quality Assurance System encompasses the entire set of principles for planning and implementing the internal and external quality assurance and accreditation processes of higher education institutions with respect to their education and training, research, and societal contribution activities, as well as their administrative services. Quality assurance is the whole of planned and systematic activities [&hellip;]","og_url":"https:\/\/ticaret.edu.tr\/havacilik-yonetimi\/en\/departments-quality-assurance-policy\/","og_site_name":"Havac\u0131l\u0131k Y\u00f6netimi","article_publisher":"https:\/\/www.facebook.com\/ticaretedutr","article_modified_time":"2026-01-21T07:14:42+00:00","og_image":[{"width":1250,"height":833,"url":"http:\/\/ticaret.edu.tr\/havacilik-yonetimi\/wp-content\/uploads\/sites\/10\/2021\/11\/web_logo-01.jpg","type":"image\/jpeg"}],"twitter_card":"summary_large_image","twitter_site":"@ticaretedutr","twitter_misc":{"Tahmini okuma s\u00fcresi":"2 dakika"},"schema":{"@context":"https:\/\/schema.org","@graph":[{"@type":"WebPage","@id":"https:\/\/ticaret.edu.tr\/havacilik-yonetimi\/en\/departments-quality-assurance-policy\/","url":"https:\/\/ticaret.edu.tr\/havacilik-yonetimi\/en\/departments-quality-assurance-policy\/","name":"Department's Quality Assurance Policy - Havac\u0131l\u0131k Y\u00f6netimi","isPartOf":{"@id":"https:\/\/ticaret.edu.tr\/havacilik-yonetimi\/#website"},"datePublished":"2025-01-26T14:36:51+00:00","dateModified":"2026-01-21T07:14:42+00:00","breadcrumb":{"@id":"https:\/\/ticaret.edu.tr\/havacilik-yonetimi\/en\/departments-quality-assurance-policy\/#breadcrumb"},"inLanguage":"tr","potentialAction":[{"@type":"ReadAction","target":["https:\/\/ticaret.edu.tr\/havacilik-yonetimi\/en\/departments-quality-assurance-policy\/"]}]},{"@type":"BreadcrumbList","@id":"https:\/\/ticaret.edu.tr\/havacilik-yonetimi\/en\/departments-quality-assurance-policy\/#breadcrumb","itemListElement":[{"@type":"ListItem","position":1,"name":"Ana sayfa","item":"https:\/\/ticaret.edu.tr\/havacilik-yonetimi\/"},{"@type":"ListItem","position":2,"name":"Department&#8217;s Quality Assurance Policy"}]},{"@type":"WebSite","@id":"https:\/\/ticaret.edu.tr\/havacilik-yonetimi\/#website","url":"https:\/\/ticaret.edu.tr\/havacilik-yonetimi\/","name":"Havac\u0131l\u0131k Y\u00f6netimi","description":"","potentialAction":[{"@type":"SearchAction","target":{"@type":"EntryPoint","urlTemplate":"https:\/\/ticaret.edu.tr\/havacilik-yonetimi\/?s={search_term_string}"},"query-input":"required name=search_term_string"}],"inLanguage":"tr"}]}},"lang":"en","translations":{"en":1353,"tr":1351},"pll_sync_post":[],"_links":{"self":[{"href":"http:\/\/ticaret.edu.tr\/havacilik-yonetimi\/wp-json\/wp\/v2\/pages\/1353"}],"collection":[{"href":"http:\/\/ticaret.edu.tr\/havacilik-yonetimi\/wp-json\/wp\/v2\/pages"}],"about":[{"href":"http:\/\/ticaret.edu.tr\/havacilik-yonetimi\/wp-json\/wp\/v2\/types\/page"}],"author":[{"embeddable":true,"href":"http:\/\/ticaret.edu.tr\/havacilik-yonetimi\/wp-json\/wp\/v2\/users\/139"}],"replies":[{"embeddable":true,"href":"http:\/\/ticaret.edu.tr\/havacilik-yonetimi\/wp-json\/wp\/v2\/comments?post=1353"}],"version-history":[{"count":4,"href":"http:\/\/ticaret.edu.tr\/havacilik-yonetimi\/wp-json\/wp\/v2\/pages\/1353\/revisions"}],"predecessor-version":[{"id":1959,"href":"http:\/\/ticaret.edu.tr\/havacilik-yonetimi\/wp-json\/wp\/v2\/pages\/1353\/revisions\/1959"}],"wp:attachment":[{"href":"http:\/\/ticaret.edu.tr\/havacilik-yonetimi\/wp-json\/wp\/v2\/media?parent=1353"}],"curies":[{"name":"wp","href":"https:\/\/api.w.org\/{rel}","templated":true}]}}